{"id":39431,"date":"2025-05-09T14:43:06","date_gmt":"2025-05-09T07:43:06","guid":{"rendered":"https:\/\/havamall.com\/?post_type=product&#038;p=39431"},"modified":"2026-03-20T09:07:45","modified_gmt":"2026-03-20T02:07:45","slug":"bot-nem-loving-thuan-chay-vi-rau-cu-nam-300g-loving-vegan-seasoning","status":"publish","type":"product","link":"https:\/\/havamall.com\/en\/shop\/bot-nem-loving-thuan-chay-vi-rau-cu-nam-300g-loving-vegan-seasoning\/","title":{"rendered":"B\u1ed9t N\u00eam Loving Thu\u1ea7n Chay V\u1ecb Rau C\u1ee7 &amp; N\u1ea5m 300G &#8211; Loving Vegan Seasoning"},"content":{"rendered":"<p data-sourcepos=\"11:1-11:606\"><strong>Loving Vegan Food<\/strong> l\u00e0 th\u01b0\u01a1ng hi\u1ec7u ti\u00ean phong trong l\u0129nh v\u1ef1c th\u1ef1c ph\u1ea9m thu\u1ea7n chay t\u1ea1i Vi\u1ec7t Nam, \u0111\u01b0\u1ee3c s\u00e1ng l\u1eadp b\u1edfi ngh\u1ec7 s\u0129 H\u1ed3 Qu\u1ef3nh H\u01b0\u01a1ng. V\u1edbi t\u00e2m huy\u1ebft v\u00e0 tri\u1ebft l\u00fd <strong>&#8220;Xanh &#8211; S\u1ea1ch &#8211; Thu\u1ea7n Chay&#8221;<\/strong>, Loving Vegan Food cam k\u1ebft mang \u0111\u1ebfn cho ng\u01b0\u1eddi ti\u00eau d\u00f9ng nh\u1eefng s\u1ea3n ph\u1ea9m 100% t\u1eeb th\u1ef1c v\u1eadt, kh\u00f4ng ch\u1ec9 ngon mi\u1ec7ng, ti\u1ec7n l\u1ee3i m\u00e0 c\u00f2n an to\u00e0n cho s\u1ee9c kh\u1ecfe v\u00e0 th\u00e2n thi\u1ec7n v\u1edbi m\u00f4i tr\u01b0\u1eddng. B\u1eb1ng vi\u1ec7c ch\u1ecdn l\u1ecdc nguy\u00ean li\u1ec7u k\u1ef9 l\u01b0\u1ee1ng v\u00e0 \u00e1p d\u1ee5ng quy tr\u00ecnh s\u1ea3n xu\u1ea5t hi\u1ec7n \u0111\u1ea1i, Loving Vegan Food \u0111ang d\u1ea7n kh\u1eb3ng \u0111\u1ecbnh v\u1ecb th\u1ebf v\u00e0 tr\u1edf th\u00e0nh l\u1ef1a ch\u1ecdn tin c\u1eady c\u1ee7a c\u1ed9ng \u0111\u1ed3ng \u0103n chay c\u0169ng nh\u01b0 nh\u1eefng ng\u01b0\u1eddi quan t\u00e2m \u0111\u1ebfn ch\u1ebf \u0111\u1ed9 \u0103n l\u00e0nh m\u1ea1nh.<\/p>\n<p data-sourcepos=\"11:1-11:496\"><img fetchpriority=\"high\" decoding=\"async\" class=\"aligncenter\" src=\"https:\/\/havamall.com\/wp-content\/uploads\/2025\/05\/logo-loving-tron.png\" width=\"725\" height=\"725\" \/><\/p>\n<p data-sourcepos=\"15:1-15:420\">B\u1ed9t N\u00eam Loving l\u00e0 m\u1ed9t trong nh\u1eefng s\u1ea3n ph\u1ea9m ch\u1ee7 ch\u1ed1t c\u1ee7a Loving Vegan Food. \u0110\u00e2y l\u00e0 lo\u1ea1i gia v\u1ecb n\u00eam n\u1ebfm d\u1ea1ng b\u1ed9t, \u0111\u01b0\u1ee3c \u0111\u1eb7c ch\u1ebf \u0111\u1ec3 mang l\u1ea1i v\u1ecb ng\u1ecdt t\u1ef1 nhi\u00ean, \u0111\u1eadm \u0111\u00e0 t\u1eeb c\u00e1c ngu\u1ed3n nguy\u00ean li\u1ec7u th\u1ef1c v\u1eadt nh\u01b0 <strong>rau c\u1ee7 v\u00e0 n\u1ea5m<\/strong>. S\u1ea3n ph\u1ea9m n\u00e0y l\u00e0 s\u1ef1 thay th\u1ebf ho\u00e0n h\u1ea3o cho c\u00e1c lo\u1ea1i h\u1ea1t n\u00eam th\u00f4ng th\u01b0\u1eddng tr\u00ean th\u1ecb tr\u01b0\u1eddng, \u0111\u1eb7c bi\u1ec7t d\u00e0nh cho ng\u01b0\u1eddi \u0103n chay, \u0103n thu\u1ea7n chay ho\u1eb7c nh\u1eefng gia \u0111\u00ecnh mu\u1ed1n s\u1eed d\u1ee5ng gia v\u1ecb c\u00f3 ngu\u1ed3n g\u1ed1c t\u1ef1 nhi\u00ean h\u01a1n.<\/p>\n<p data-sourcepos=\"15:1-15:420\"><img decoding=\"async\" class=\"aligncenter\" src=\"https:\/\/havamall.com\/wp-content\/uploads\/2025\/05\/bot-nem-loving-vegan-food.webp\" alt=\"B\u1ed9t n\u00eam thu\u1ea7n chay Loving lu\u00f4n l\u00e0 'best seller' v\u00ec sao? - Loving Vegan Food - Th\u1ef1c ph\u1ea9m xanh s\u1ea1ch thu\u1ea7n chay\" width=\"834\" height=\"469\" \/><\/p>\n<h3 data-sourcepos=\"17:1-17:19\">\u01afu \u0111i\u1ec3m n\u1ed5i b\u1eadt<\/h3>\n<ul data-sourcepos=\"21:1-26:0\">\n<li data-sourcepos=\"21:1-21:134\"><strong>Thu\u1ea7n chay 100%:<\/strong> S\u1ea3n ph\u1ea9m cam k\u1ebft kh\u00f4ng ch\u1ee9a b\u1ea5t k\u1ef3 th\u00e0nh ph\u1ea7n n\u00e0o t\u1eeb \u0111\u1ed9ng v\u1eadt, an to\u00e0n tuy\u1ec7t \u0111\u1ed1i cho ng\u01b0\u1eddi \u0103n chay, thu\u1ea7n chay.<\/li>\n<li data-sourcepos=\"22:1-22:192\"><strong>V\u1ecb ng\u1ecdt t\u1ef1 nhi\u00ean:<\/strong> V\u1ecb ng\u1ecdt ch\u1ee7 y\u1ebfu \u0111\u1ebfn t\u1eeb chi\u1ebft xu\u1ea5t n\u1ea5m men, b\u1ed9t n\u1ea5m, \u0111\u01b0\u1eddng m\u00eda v\u00e0 c\u00e1c lo\u1ea1i rau c\u1ee7, mang l\u1ea1i h\u01b0\u01a1ng v\u1ecb h\u00e0i h\u00f2a, thanh nh\u1eb9 v\u00e0 kh\u00f4ng g\u1eaft nh\u01b0 b\u1ed9t ng\u1ecdt (m\u00ec ch\u00ednh) c\u00f4ng nghi\u1ec7p.<\/li>\n<li data-sourcepos=\"23:1-23:232\"><strong>Kh\u00f4ng s\u1eed d\u1ee5ng b\u1ed9t ng\u1ecdt (MSG) c\u00f4ng nghi\u1ec7p v\u00e0 ph\u1ee5 gia \u0111\u1ed9c h\u1ea1i:<\/strong> \u0110\u00fang v\u1edbi ti\u00eau ch\u00ed &#8220;S\u1ea1ch&#8221; c\u1ee7a th\u01b0\u01a1ng hi\u1ec7u, s\u1ea3n ph\u1ea9m h\u1ea1n ch\u1ebf t\u1ed1i \u0111a c\u00e1c ch\u1ea5t \u0111i\u1ec1u v\u1ecb t\u1ed5ng h\u1ee3p, ch\u1ea5t b\u1ea3o qu\u1ea3n hay h\u01b0\u01a1ng li\u1ec7u nh\u00e2n t\u1ea1o, an to\u00e0n h\u01a1n cho s\u1ee9c kh\u1ecfe l\u00e2u d\u00e0i.<\/li>\n<\/ul>\n<p><img decoding=\"async\" class=\"aligncenter\" src=\"https:\/\/scontent.fsgn19-1.fna.fbcdn.net\/v\/t39.30808-6\/488231229_979311787739738_1763253618397347880_n.jpg?_nc_cat=101&amp;ccb=1-7&amp;_nc_sid=833d8c&amp;_nc_ohc=mdXUvkYYPm0Q7kNvwHnkG1A&amp;_nc_oc=Adk4kokKY77zPYL2fpyjghH2q5sQaE8mfRID6bx3bcTmcFblPArYzxeIC5FeFAi8IP4QcBI0FTJ3Fwz9JcDhqnIp&amp;_nc_zt=23&amp;_nc_ht=scontent.fsgn19-1.fna&amp;_nc_gid=pSRt4TakbjxKqiS4PPDDRw&amp;oh=00_AfJw1fZpzDHIHEnkfw04GJQzKPYgJNZyLR53uhvCxJYj5Q&amp;oe=68237531\" alt=\"Kh\u00f4ng c\u00f3 m\u00f4 t\u1ea3 \u1ea3nh.\" width=\"835\" height=\"1253\" \/><\/p>\n<ul data-sourcepos=\"21:1-26:0\">\n<li data-sourcepos=\"24:1-24:177\"><strong>Gi\u00e0u dinh d\u01b0\u1ee1ng t\u1eeb th\u1ef1c v\u1eadt:<\/strong> Chi\u1ebft xu\u1ea5t n\u1ea5m men v\u00e0 c\u00e1c th\u00e0nh ph\u1ea7n th\u1ef1c v\u1eadt kh\u00e1c cung c\u1ea5p m\u1ed9t l\u01b0\u1ee3ng \u0111\u00e1ng k\u1ec3 \u0111\u1ea1m, axit amin, vitamin nh\u00f3m B v\u00e0 kho\u00e1ng ch\u1ea5t c\u00f3 l\u1ee3i cho c\u01a1 th\u1ec3.<\/li>\n<li data-sourcepos=\"25:1-26:0\"><strong>\u0110a d\u1ee5ng trong ch\u1ebf bi\u1ebfn:<\/strong> C\u00f3 th\u1ec3 d\u00f9ng \u0111\u1ec3 n\u00eam n\u1ebfm, t\u1ea9m \u01b0\u1edbp nhi\u1ec1u m\u00f3n \u0103n kh\u00e1c nhau.<\/li>\n<\/ul>\n<p><img loading=\"lazy\" decoding=\"async\" class=\"aligncenter\" src=\"https:\/\/scontent.fsgn19-1.fna.fbcdn.net\/v\/t39.30808-6\/488547281_979309677739949_1410844764590202572_n.jpg?_nc_cat=101&amp;ccb=1-7&amp;_nc_sid=127cfc&amp;_nc_ohc=3ry4DQiXffgQ7kNvwGmHfzx&amp;_nc_oc=AdlQ2drloPiY2tScje-avKhFsG2TNPDmoGK7pD0DzMGUUc3iJAvUTcrB6mZ4LybvVbkffU3TSxkjVwClJm-NX1Z-&amp;_nc_zt=23&amp;_nc_ht=scontent.fsgn19-1.fna&amp;_nc_gid=edUNtJ55aLMk2j3kA5hmvQ&amp;oh=00_AfIfyhmYYdh4qZ8y4FDaaQiqevjp8sPOuT9K1-YH4z0PxQ&amp;oe=682396EC\" alt=\"Kh\u00f4ng c\u00f3 m\u00f4 t\u1ea3 \u1ea3nh.\" width=\"845\" height=\"845\" \/><\/p>\n<h3 data-sourcepos=\"27:1-27:16\">C\u00e1c \u1ee9ng d\u1ee5ng<\/h3>\n<ul data-sourcepos=\"31:1-35:0\">\n<li data-sourcepos=\"31:1-31:77\"><strong>N\u00eam n\u1ebfm m\u00f3n canh, s\u00fap, l\u1ea9u:<\/strong> Gi\u00fap n\u01b0\u1edbc d\u00f9ng ng\u1ecdt thanh, \u0111\u1eadm \u0111\u00e0 t\u1ef1 nhi\u00ean.<\/li>\n<li data-sourcepos=\"32:1-32:76\"><strong>T\u1ea9m \u01b0\u1edbp c\u00e1c m\u00f3n x\u00e0o, kho, rim:<\/strong> T\u0103ng h\u01b0\u01a1ng v\u1ecb cho c\u00e1c m\u00f3n \u0103n chay, m\u1eb7n.<\/li>\n<li data-sourcepos=\"32:1-32:76\"><strong>Pha ch\u1ebf n\u01b0\u1edbc ch\u1ea5m:<\/strong> Th\u00eam v\u00e0o n\u01b0\u1edbc m\u1eafm chay ho\u1eb7c n\u01b0\u1edbc t\u01b0\u01a1ng \u0111\u1ec3 t\u1ea1o n\u00ean b\u00e1t n\u01b0\u1edbc ch\u1ea5m tr\u00f2n v\u1ecb h\u01a1n.<\/li>\n<\/ul>\n<p><img loading=\"lazy\" decoding=\"async\" class=\"aligncenter\" src=\"https:\/\/havamall.com\/wp-content\/uploads\/2025\/05\/canh-uc-ga-cu-sen.jpg\" alt=\"Nh\u1eefng m\u00f3n \u0103n ngon v\u00e0 \u0111\u01a1n gi\u1ea3n l\u00e0m t\u1eeb \u1ee9c g\u00e0 \u2013 T\u00e8obokki Store\" width=\"856\" height=\"856\" \/><\/p>\n<h3 data-sourcepos=\"36:1-36:17\">C\u00e1ch b\u1ea3o qu\u1ea3n<\/h3>\n<ul data-sourcepos=\"40:1-45:0\">\n<li data-sourcepos=\"40:1-40:72\">B\u1ea3o qu\u1ea3n s\u1ea3n ph\u1ea9m \u1edf n\u01a1i kh\u00f4 r\u00e1o, tho\u00e1ng m\u00e1t, tr\u00e1nh \u00e1nh n\u1eafng tr\u1ef1c ti\u1ebfp.<\/li>\n<li data-sourcepos=\"41:1-41:69\">Tr\u00e1nh \u0111\u1ec3 s\u1ea3n ph\u1ea9m \u1edf nh\u1eefng n\u01a1i \u1ea9m \u01b0\u1edbt ho\u1eb7c g\u1ea7n c\u00e1c ch\u1ea5t c\u00f3 m\u00f9i m\u1ea1nh.<\/li>\n<li data-sourcepos=\"42:1-42:60\">Sau khi m\u1edf t\u00fai\/h\u0169, n\u00ean \u0111\u1eady k\u00edn ho\u1eb7c k\u1eb9p ch\u1eb7t mi\u1ec7ng bao b\u00ec.<\/li>\n<li data-sourcepos=\"44:1-45:0\">S\u1eed d\u1ee5ng s\u1ea3n ph\u1ea9m trong th\u1eddi h\u1ea1n s\u1eed d\u1ee5ng in tr\u00ean bao b\u00ec (th\u01b0\u1eddng l\u00e0 12 th\u00e1ng).<\/li>\n<\/ul>\n<p data-sourcepos=\"46:1-46:243\">B\u1ed9t N\u00eam Loving Thu\u1ea7n Chay V\u1ecb ng\u1ecdt t\u1eeb rau c\u1ee7 &amp; n\u1ea5m kh\u00f4ng ch\u1ec9 l\u00e0 m\u1ed9t lo\u1ea1i gia v\u1ecb, m\u00e0 c\u00f2n l\u00e0 bi\u1ec3u t\u01b0\u1ee3ng cho l\u1ed1i s\u1ed1ng xanh, s\u1ea1ch v\u00e0 l\u00e0nh m\u1ea1nh. H\u00e3y th\u00eam s\u1ea3n ph\u1ea9m n\u00e0y v\u00e0o c\u0103n b\u1ebfp c\u1ee7a b\u1ea1n \u0111\u1ec3 m\u1ed7i b\u1eefa \u0103n kh\u00f4ng ch\u1ec9 ngon m\u00e0 c\u00f2n dinh d\u01b0\u1ee1ng v\u00e0 an to\u00e0n. S\u1ea3n ph\u1ea9m \u0111ang \u0111\u01b0\u1ee3c b\u00e1n t\u1ea1i Havamall !<\/p>","protected":false},"excerpt":{"rendered":"<p>Loving Vegan Food l\u00e0 th\u01b0\u01a1ng hi\u1ec7u ti\u00ean phong trong l\u0129nh v\u1ef1c th\u1ef1c ph\u1ea9m thu\u1ea7n chay t\u1ea1i Vi\u1ec7t Nam, \u0111\u01b0\u1ee3c s\u00e1ng<\/p>","protected":false},"featured_media":39432,"comment_status":"open","ping_status":"closed","template":"","meta":[],"product_brand":[],"product_cat":[496],"product_tag":[],"class_list":{"0":"post-39431","1":"product","2":"type-product","3":"status-publish","4":"has-post-thumbnail","6":"product_cat-thuc-pham-thuan-chay","7":"pa_brand-loving-vegan-food","9":"first","10":"outofstock","11":"sale","12":"shipping-taxable","13":"purchasable","14":"product-type-simple"},"_links":{"self":[{"href":"https:\/\/havamall.com\/en\/wp-json\/wp\/v2\/product\/39431","targetHints":{"allow":["GET"]}}],"collection":[{"href":"https:\/\/havamall.com\/en\/wp-json\/wp\/v2\/product"}],"about":[{"href":"https:\/\/havamall.com\/en\/wp-json\/wp\/v2\/types\/product"}],"replies":[{"embeddable":true,"href":"https:\/\/havamall.com\/en\/wp-json\/wp\/v2\/comments?post=39431"}],"version-history":[{"count":0,"href":"https:\/\/havamall.com\/en\/wp-json\/wp\/v2\/product\/39431\/revisions"}],"wp:featuredmedia":[{"embeddable":true,"href":"https:\/\/havamall.com\/en\/wp-json\/wp\/v2\/media\/39432"}],"wp:attachment":[{"href":"https:\/\/havamall.com\/en\/wp-json\/wp\/v2\/media?parent=39431"}],"wp:term":[{"taxonomy":"product_brand","embeddable":true,"href":"https:\/\/havamall.com\/en\/wp-json\/wp\/v2\/product_brand?post=39431"},{"taxonomy":"product_cat","embeddable":true,"href":"https:\/\/havamall.com\/en\/wp-json\/wp\/v2\/product_cat?post=39431"},{"taxonomy":"product_tag","embeddable":true,"href":"https:\/\/havamall.com\/en\/wp-json\/wp\/v2\/product_tag?post=39431"}],"curies":[{"name":"wp","href":"https:\/\/api.w.org\/{rel}","templated":true}]}}