{"id":39443,"date":"2025-05-09T15:25:25","date_gmt":"2025-05-09T08:25:25","guid":{"rendered":"https:\/\/havamall.com\/?post_type=product&#038;p=39443"},"modified":"2025-05-09T15:29:51","modified_gmt":"2025-05-09T08:29:51","slug":"hat-nem-nam-thien-quoc-bao-thuan-chay-450g-mushroom-granules","status":"publish","type":"product","link":"https:\/\/havamall.com\/en\/shop\/hat-nem-nam-thien-quoc-bao-thuan-chay-450g-mushroom-granules\/","title":{"rendered":"H\u1ea1t N\u00eam N\u1ea5m Thi\u00ean Qu\u1ed1c B\u1ea3o Thu\u1ea7n Chay 450G &#8211; Mushroom Granules"},"content":{"rendered":"<p style=\"text-align: justify\" data-sourcepos=\"11:1-11:524\"><strong>Thi\u00ean Qu\u1ed1c B\u1ea3o<\/strong>\u00a0l\u00e0 m\u1ed9t th\u01b0\u01a1ng hi\u1ec7u uy t\u00edn n\u1eb1m trong h\u1ec7 sinh th\u00e1i c\u1ee7a\u00a0<strong>Loving Vegan Food<\/strong>, doanh nghi\u1ec7p th\u1ef1c ph\u1ea9m thu\u1ea7n chay h\u00e0ng \u0111\u1ea7u t\u1ea1i Vi\u1ec7t Nam. K\u1ebf th\u1eeba tri\u1ebft l\u00fd\u00a0<strong>\u201cXanh \u2013 S\u1ea1ch \u2013 Thu\u1ea7n Chay\u201d<\/strong>\u00a0t\u1eeb c\u00f4ng ty m\u1eb9, Thi\u00ean Qu\u1ed1c B\u1ea3o chuy\u00ean t\u00e2m nghi\u00ean c\u1ee9u v\u00e0 ph\u00e1t tri\u1ec3n c\u00e1c d\u00f2ng s\u1ea3n ph\u1ea9m gia v\u1ecb v\u00e0 th\u1ef1c ph\u1ea9m ti\u1ec7n l\u1ee3i c\u00f3 ngu\u1ed3n g\u1ed1c 100% t\u1eeb th\u1ef1c v\u1eadt. Th\u01b0\u01a1ng hi\u1ec7u h\u01b0\u1edbng \u0111\u1ebfn vi\u1ec7c cung c\u1ea5p nh\u1eefng gi\u1ea3i ph\u00e1p n\u00eam n\u1ebfm an to\u00e0n, dinh d\u01b0\u1ee1ng v\u00e0 ti\u1ec7n l\u1ee3i cho ng\u01b0\u1eddi ti\u00eau d\u00f9ng, \u0111\u1eb7c bi\u1ec7t l\u00e0 c\u1ed9ng \u0111\u1ed3ng \u0103n chay v\u00e0 nh\u1eefng ng\u01b0\u1eddi quan t\u00e2m \u0111\u1ebfn s\u1ee9c kh\u1ecfe.<\/p>\n<h3 data-sourcepos=\"13:1-13:57\"><img fetchpriority=\"high\" decoding=\"async\" class=\"aligncenter\" src=\"https:\/\/scontent.fsgn19-1.fna.fbcdn.net\/v\/t39.30808-6\/487931322_980093134328270_3658430612679117832_n.jpg?_nc_cat=110&amp;ccb=1-7&amp;_nc_sid=127cfc&amp;_nc_ohc=VCtxCvVPkg8Q7kNvwFJX-ce&amp;_nc_oc=Adn_8TSpwPYoLZIicmy3grRTGjrTEN4i7xy4Ppsq_xlW1RbprSIz5Am-yWXttJnM4V0aV3lyPQQZAQXvkSmNgN4e&amp;_nc_zt=23&amp;_nc_ht=scontent.fsgn19-1.fna&amp;_nc_gid=kygHe04w6Mn9l4UgJcOuTg&amp;oh=00_AfIg5G20bxyKEmEOs5v9fUHqhbQinVT2eyAkAHp2FmHpew&amp;oe=68238F50\" alt=\"Kh\u00f4ng c\u00f3 m\u00f4 t\u1ea3 \u1ea3nh.\" width=\"920\" height=\"920\" \/><\/h3>\n<p style=\"text-align: justify\" data-sourcepos=\"7:1-7:296\">Gia v\u1ecb l\u00e0 linh h\u1ed3n c\u1ee7a m\u1ed7i m\u00f3n \u0103n, v\u00e0 vi\u1ec7c l\u1ef1a ch\u1ecdn gia v\u1ecb ph\u00f9 h\u1ee3p kh\u00f4ng ch\u1ec9 quy\u1ebft \u0111\u1ecbnh h\u01b0\u01a1ng v\u1ecb m\u00e0 c\u00f2n \u1ea3nh h\u01b0\u1edfng \u0111\u1ebfn s\u1ee9c kh\u1ecfe. \u0110\u1ed1i v\u1edbi nh\u1eefng ng\u01b0\u1eddi y\u00eau th\u00edch \u1ea9m th\u1ef1c thu\u1ea7n chay ho\u1eb7c \u0111\u01a1n gi\u1ea3n l\u00e0 t\u00ecm ki\u1ebfm ngu\u1ed3n gia v\u1ecb t\u1ef1 nhi\u00ean, <strong>H\u1ea1t N\u00eam N\u1ea5m Thi\u00ean Qu\u1ed1c B\u1ea3o Thu\u1ea7n Chay<\/strong> l\u00e0 s\u1ea3n ph\u1ea9m h\u1ea1t n\u00eam d\u1ea1ng h\u1ea1t, \u0111\u01b0\u1ee3c l\u00e0m t\u1eeb c\u00e1c nguy\u00ean li\u1ec7u th\u1ef1c v\u1eadt \u0111\u01b0\u1ee3c ch\u1ecdn l\u1ecdc k\u1ef9 l\u01b0\u1ee1ng, mang \u0111\u1eadm h\u01b0\u01a1ng v\u1ecb ng\u1ecdt thanh t\u1ef1 nhi\u00ean t\u1eeb n\u1ea5m. \u0110\u00e2y l\u00e0 lo\u1ea1i gia v\u1ecb thu\u1ea7n chay l\u00fd t\u01b0\u1edfng, \u0111\u01b0\u1ee3c t\u1ea1o ra \u0111\u1ec3 thay th\u1ebf c\u00e1c lo\u1ea1i h\u1ea1t n\u00eam th\u00f4ng th\u01b0\u1eddng tr\u00ean th\u1ecb tr\u01b0\u1eddng, ph\u00f9 h\u1ee3p cho c\u1ea3 m\u00f3n chay v\u00e0 m\u00f3n m\u1eb7n, gi\u00fap m\u00f3n \u0103n th\u00eam ph\u1ea7n \u0111\u1eadm \u0111\u00e0 v\u00e0 h\u1ea5p d\u1eabn v\u1edbi v\u1ecb ng\u1ecdt &#8220;ng\u1ecdt t\u1eeb t\u00e2m&#8221;.<\/p>\n<h3 data-sourcepos=\"17:1-17:19\">\u0110\u1eb6C \u0110I\u1ec2M N\u1ed4I B\u1eacT<\/h3>\n<ul data-sourcepos=\"21:1-27:0\">\n<li style=\"text-align: justify\" data-sourcepos=\"21:1-21:162\"><strong>Thu\u1ea7n chay 100%:<\/strong> S\u1ea3n ph\u1ea9m cam k\u1ebft kh\u00f4ng s\u1eed d\u1ee5ng b\u1ea5t k\u1ef3 th\u00e0nh ph\u1ea7n n\u00e0o c\u00f3 ngu\u1ed3n g\u1ed1c t\u1eeb \u0111\u1ed9ng v\u1eadt, \u0111\u1ea3m b\u1ea3o s\u1ef1 an t\u00e2m tuy\u1ec7t \u0111\u1ed1i cho ng\u01b0\u1eddi \u0103n chay v\u00e0 thu\u1ea7n chay.<\/li>\n<li style=\"text-align: justify\" data-sourcepos=\"22:1-22:223\"><strong>V\u1ecb n\u1ea5m t\u1ef1 nhi\u00ean, ng\u1ecdt thanh:<\/strong> H\u01b0\u01a1ng v\u1ecb ch\u1ee7 \u0111\u1ea1o \u0111\u1ebfn t\u1eeb n\u1ea5m (nh\u01b0 n\u1ea5m h\u01b0\u01a1ng) v\u00e0 c\u00e1c th\u00e0nh ph\u1ea7n th\u1ef1c v\u1eadt kh\u00e1c, t\u1ea1o n\u00ean v\u1ecb ng\u1ecdt umami \u0111\u1eb7c tr\u01b0ng, t\u1ef1 nhi\u00ean, kh\u00f4ng g\u00e2y c\u1ea3m gi\u00e1c g\u1eaft hay kh\u00f3 ch\u1ecbu nh\u01b0 m\u1ed9t s\u1ed1 lo\u1ea1i gia v\u1ecb t\u1ed5ng h\u1ee3p.<\/li>\n<\/ul>\n<p><img decoding=\"async\" class=\"aligncenter\" src=\"https:\/\/scontent.fsgn19-1.fna.fbcdn.net\/v\/t39.30808-6\/488224248_979311707739746_2034165183731096398_n.jpg?_nc_cat=110&amp;ccb=1-7&amp;_nc_sid=833d8c&amp;_nc_ohc=_w9bE-R7vesQ7kNvwFCN5jR&amp;_nc_oc=AdlXjcjWBjwVCag3lb0sZIr-mgAozZlIUPjmGw1j2l0vvqa6w7x8JGfYRBsClE7XHaBa14AwP-U7aAs8ajZokhuL&amp;_nc_zt=23&amp;_nc_ht=scontent.fsgn19-1.fna&amp;_nc_gid=BXOpQDKlzhTCuBHoe2d5fw&amp;oh=00_AfLGCvjMbYEjcV8lxpdmW5Av88UdDGU_qUGn0vYb5vGcJg&amp;oe=682372C7\" alt=\"Kh\u00f4ng c\u00f3 m\u00f4 t\u1ea3 \u1ea3nh.\" width=\"942\" height=\"942\" \/><\/p>\n<ul data-sourcepos=\"21:1-27:0\">\n<li style=\"text-align: justify\" data-sourcepos=\"23:1-23:181\"><strong>&#8220;Ngon tinh khi\u1ebft, Ng\u1ecdt t\u1eeb t\u00e2m&#8221;:<\/strong> \u0110\u00e2y kh\u00f4ng ch\u1ec9 l\u00e0 slogan m\u00e0 c\u00f2n l\u00e0 l\u1eddi cam k\u1ebft v\u1ec1 ch\u1ea5t l\u01b0\u1ee3ng v\u00e0 s\u1ef1 tinh khi\u1ebft c\u1ee7a s\u1ea3n ph\u1ea9m, mang \u0111\u1ebfn v\u1ecb ng\u1ecdt t\u1ef1 nhi\u00ean t\u1eeb ngu\u1ed3n nguy\u00ean li\u1ec7u s\u1ea1ch.<\/li>\n<li style=\"text-align: justify\" data-sourcepos=\"24:1-24:164\"><strong>Kh\u00f4ng b\u1ed9t ng\u1ecdt (MSG) c\u00f4ng nghi\u1ec7p:<\/strong> S\u1ea3n ph\u1ea9m tu\u00e2n th\u1ee7 nghi\u00eam ng\u1eb7t ti\u00eau ch\u00ed &#8220;S\u1ea1ch&#8221;, h\u1ea1n ch\u1ebf t\u1ed1i \u0111a vi\u1ec7c s\u1eed d\u1ee5ng c\u00e1c ch\u1ea5t \u0111i\u1ec1u v\u1ecb t\u1ed5ng h\u1ee3p kh\u00f4ng t\u1ed1t cho s\u1ee9c kh\u1ecfe.<\/li>\n<li style=\"text-align: justify\" data-sourcepos=\"25:1-25:121\"><strong>D\u1ea1ng h\u1ea1t d\u1ec5 tan:<\/strong> K\u1ebft c\u1ea5u d\u1ea1ng h\u1ea1t gi\u00fap gia v\u1ecb tan nhanh v\u00e0 \u0111\u1ec1u trong qu\u00e1 tr\u00ecnh n\u1ea5u n\u01b0\u1edbng, ng\u1ea5m s\u00e2u v\u00e0o nguy\u00ean li\u1ec7u.<\/li>\n<li style=\"text-align: justify\" data-sourcepos=\"26:1-27:0\"><strong>B\u1ed5 sung dinh d\u01b0\u1ee1ng:<\/strong> Cung c\u1ea5p m\u1ed9t s\u1ed1 d\u01b0\u1ee1ng ch\u1ea5t t\u1eeb n\u1ea5m v\u00e0 th\u1ef1c v\u1eadt, g\u00f3p ph\u1ea7n l\u00e0m cho b\u1eefa \u0103n dinh d\u01b0\u1ee1ng h\u01a1n.<\/li>\n<\/ul>\n<p><img decoding=\"async\" class=\"aligncenter\" src=\"https:\/\/havamall.com\/wp-content\/uploads\/2025\/05\/e01e8d884227dc4392ed2cfb40931862.jpg\" alt=\"H\u1ea1t N\u00eam 3 Mi\u1ec1n Th\u1ecbt V\u00e0 X\u01b0\u01a1ng 2kg | Shopee Vi\u1ec7t Nam\" width=\"965\" height=\"965\" \/><\/p>\n<h3 data-sourcepos=\"28:1-28:16\">C\u00e1c \u1ee9ng d\u1ee5ng<\/h3>\n<ul data-sourcepos=\"32:1-36:0\">\n<li data-sourcepos=\"32:1-32:124\"><strong>N\u00eam n\u1ebfm c\u00e1c m\u00f3n n\u01b0\u1edbc:<\/strong> Ho\u00e0n h\u1ea3o cho c\u00e1c m\u00f3n canh, s\u00fap, l\u1ea9u, t\u1ea1o v\u1ecb ng\u1ecdt thanh v\u00e0 h\u01b0\u01a1ng th\u01a1m n\u1ea5m t\u1ef1 nhi\u00ean cho n\u01b0\u1edbc d\u00f9ng.<\/li>\n<li data-sourcepos=\"33:1-33:136\"><strong>T\u1ea9m \u01b0\u1edbp v\u00e0 ch\u1ebf bi\u1ebfn:<\/strong> S\u1eed d\u1ee5ng \u0111\u1ec3 \u01b0\u1edbp c\u00e1c lo\u1ea1i rau c\u1ee7, n\u1ea5m, \u0111\u1eadu h\u0169 ho\u1eb7c c\u00e1c lo\u1ea1i \u0111\u1ea1m th\u1ef1c v\u1eadt kh\u00e1c tr\u01b0\u1edbc khi x\u00e0o, kho, n\u01b0\u1edbng, chi\u00ean.<\/li>\n<li data-sourcepos=\"33:1-33:136\"><strong>D\u00f9ng trong c\u00e1c m\u00f3n x\u00e0o, kho, rim:<\/strong> Gi\u00fap m\u00f3n \u0103n th\u00eam \u0111\u1eadm \u0111\u00e0, d\u1eady m\u00f9i v\u00e0 c\u00f3 v\u1ecb ng\u1ecdt t\u1ef1 nhi\u00ean.<\/li>\n<li data-sourcepos=\"33:1-33:136\"><strong>L\u00e0m gia v\u1ecb cho n\u01b0\u1edbc ch\u1ea5m:<\/strong> C\u00f3 th\u1ec3 th\u00eam v\u00e0o n\u01b0\u1edbc m\u1eafm chay, n\u01b0\u1edbc t\u01b0\u01a1ng ho\u1eb7c c\u00e1c lo\u1ea1i n\u01b0\u1edbc ch\u1ea5m kh\u00e1c \u0111\u1ec3 t\u0103ng h\u01b0\u01a1ng v\u1ecb umami.<\/li>\n<\/ul>\n<p><img loading=\"lazy\" decoding=\"async\" class=\"aligncenter\" src=\"https:\/\/scontent.fsgn19-1.fna.fbcdn.net\/v\/t39.30808-6\/487409734_978811367789780_5620321211176748900_n.jpg?_nc_cat=110&amp;ccb=1-7&amp;_nc_sid=127cfc&amp;_nc_ohc=IRCbwH6LjcQQ7kNvwHLKRMP&amp;_nc_oc=AdlOgp8qhboelkJamXdWfaMsxDIlLWBwy9G-ckdqr7tXTZDRtGAqnPJDP5yu7Ys235czGIy2jr6cn1A7Rf1c-Dqu&amp;_nc_zt=23&amp;_nc_ht=scontent.fsgn19-1.fna&amp;_nc_gid=x-SIMOz7L0XVaqz-SOKD8A&amp;oh=00_AfLuzXZg_42sj3YBlT8I_m0Owz9iVEBibW-KF9Rl5DDWJw&amp;oe=68237DC3\" alt=\"Kh\u00f4ng c\u00f3 m\u00f4 t\u1ea3 \u1ea3nh.\" width=\"977\" height=\"977\" \/><\/p>\n<h3 data-sourcepos=\"37:1-37:17\">C\u00e1ch b\u1ea3o qu\u1ea3n<\/h3>\n<ul data-sourcepos=\"41:1-46:0\">\n<li data-sourcepos=\"41:1-41:46\">B\u1ea3o qu\u1ea3n s\u1ea3n ph\u1ea9m \u1edf n\u01a1i kh\u00f4 r\u00e1o, tho\u00e1ng m\u00e1t.<\/li>\n<li data-sourcepos=\"42:1-42:92\">Tr\u00e1nh \u0111\u1ec3 s\u1ea3n ph\u1ea9m ti\u1ebfp x\u00fac tr\u1ef1c ti\u1ebfp v\u1edbi \u00e1nh n\u1eafng m\u1eb7t tr\u1eddi ho\u1eb7c nh\u1eefng n\u01a1i c\u00f3 nhi\u1ec7t \u0111\u1ed9 cao.<\/li>\n<li data-sourcepos=\"43:1-43:92\">\u0110\u1eady k\u00edn n\u1eafp h\u0169 ho\u1eb7c k\u1eb9p ch\u1eb7t mi\u1ec7ng t\u00fai ngay sau m\u1ed7i l\u1ea7n s\u1eed d\u1ee5ng \u0111\u1ec3 tr\u00e1nh b\u1ecb \u1ea9m v\u00e0 v\u00f3n c\u1ee5c.<\/li>\n<li data-sourcepos=\"44:1-44:94\">Tr\u00e1nh \u0111\u1ec3 s\u1ea3n ph\u1ea9m g\u1ea7n c\u00e1c h\u00f3a ch\u1ea5t ho\u1eb7c nh\u1eefng n\u01a1i c\u00f3 m\u00f9i m\u1ea1nh c\u00f3 th\u1ec3 \u1ea3nh h\u01b0\u1edfng \u0111\u1ebfn h\u01b0\u01a1ng v\u1ecb.<\/li>\n<li data-sourcepos=\"45:1-46:0\">S\u1eed d\u1ee5ng s\u1ea3n ph\u1ea9m tr\u01b0\u1edbc h\u1ea1n s\u1eed d\u1ee5ng \u0111\u01b0\u1ee3c in tr\u00ean bao b\u00ec (th\u01b0\u1eddng l\u00e0 12 th\u00e1ng).<\/li>\n<\/ul>\n<p style=\"text-align: justify\" data-sourcepos=\"47:1-47:341\">H\u1ea1t N\u00eam N\u1ea5m Thi\u00ean Qu\u1ed1c B\u1ea3o Thu\u1ea7n Chay kh\u00f4ng ch\u1ec9 l\u00e0 m\u1ed9t lo\u1ea1i gia v\u1ecb n\u00eam n\u1ebfm th\u00f4ng th\u01b0\u1eddng, m\u00e0 c\u00f2n l\u00e0 bi\u1ec3u t\u01b0\u1ee3ng cho s\u1ef1 l\u1ef1a ch\u1ecdn th\u00f4ng minh, l\u00e0nh m\u1ea1nh v\u00e0 h\u01b0\u1edbng \u0111\u1ebfn nh\u1eefng gi\u00e1 tr\u1ecb t\u1ed1t \u0111\u1eb9p t\u1eeb thi\u00ean nhi\u00ean. H\u00e3y \u0111\u1ec3 h\u1ea1t n\u00eam n\u1ea5m n\u00e0y tr\u1edf th\u00e0nh ng\u01b0\u1eddi b\u1ea1n \u0111\u1ed3ng h\u00e0nh trong c\u0103n b\u1ebfp c\u1ee7a b\u1ea1n, gi\u00fap b\u1ea1n t\u1ea1o ra nh\u1eefng m\u00f3n \u0103n ngon v\u00e0 tr\u00e0n \u0111\u1ea7y n\u0103ng l\u01b0\u1ee3ng t\u00edch c\u1ef1c. S\u1ea3n ph\u1ea9m \u0111ang \u0111\u01b0\u1ee3c b\u00e1n t\u1ea1i Havamall !<\/p>","protected":false},"excerpt":{"rendered":"<p>Thi\u00ean Qu\u1ed1c B\u1ea3o\u00a0l\u00e0 m\u1ed9t th\u01b0\u01a1ng hi\u1ec7u uy t\u00edn n\u1eb1m trong h\u1ec7 sinh th\u00e1i c\u1ee7a\u00a0Loving Vegan Food, doanh nghi\u1ec7p th\u1ef1c ph\u1ea9m<\/p>","protected":false},"featured_media":39444,"comment_status":"open","ping_status":"closed","template":"","meta":[],"product_brand":[],"product_cat":[496],"product_tag":[],"class_list":{"0":"post-39443","1":"product","2":"type-product","3":"status-publish","4":"has-post-thumbnail","6":"product_cat-thuc-pham-thuan-chay","7":"pa_brand-loving-vegan-food","9":"first","10":"instock","11":"sale","12":"shipping-taxable","13":"purchasable","14":"product-type-simple"},"_links":{"self":[{"href":"https:\/\/havamall.com\/en\/wp-json\/wp\/v2\/product\/39443","targetHints":{"allow":["GET"]}}],"collection":[{"href":"https:\/\/havamall.com\/en\/wp-json\/wp\/v2\/product"}],"about":[{"href":"https:\/\/havamall.com\/en\/wp-json\/wp\/v2\/types\/product"}],"replies":[{"embeddable":true,"href":"https:\/\/havamall.com\/en\/wp-json\/wp\/v2\/comments?post=39443"}],"version-history":[{"count":0,"href":"https:\/\/havamall.com\/en\/wp-json\/wp\/v2\/product\/39443\/revisions"}],"wp:featuredmedia":[{"embeddable":true,"href":"https:\/\/havamall.com\/en\/wp-json\/wp\/v2\/media\/39444"}],"wp:attachment":[{"href":"https:\/\/havamall.com\/en\/wp-json\/wp\/v2\/media?parent=39443"}],"wp:term":[{"taxonomy":"product_brand","embeddable":true,"href":"https:\/\/havamall.com\/en\/wp-json\/wp\/v2\/product_brand?post=39443"},{"taxonomy":"product_cat","embeddable":true,"href":"https:\/\/havamall.com\/en\/wp-json\/wp\/v2\/product_cat?post=39443"},{"taxonomy":"product_tag","embeddable":true,"href":"https:\/\/havamall.com\/en\/wp-json\/wp\/v2\/product_tag?post=39443"}],"curies":[{"name":"wp","href":"https:\/\/api.w.org\/{rel}","templated":true}]}}