{"id":39491,"date":"2025-05-10T10:34:56","date_gmt":"2025-05-10T03:34:56","guid":{"rendered":"https:\/\/havamall.com\/?post_type=product&#038;p=39491"},"modified":"2026-03-20T09:02:50","modified_gmt":"2026-03-20T02:02:50","slug":"nuoc-tuong-loving-vegan-food-chai-thuy-tinh-300ml-loving-vegan-soy-sauce","status":"publish","type":"product","link":"https:\/\/havamall.com\/en\/shop\/nuoc-tuong-loving-vegan-food-chai-thuy-tinh-300ml-loving-vegan-soy-sauce\/","title":{"rendered":"N\u01b0\u1edbc T\u01b0\u01a1ng Loving Vegan Food Chai Th\u1ee7y Tinh 200ml &#8211; Loving Vegan  Soy Sauce"},"content":{"rendered":"<p style=\"text-align: justify\" data-sourcepos=\"16:1-16:478\">Trong h\u00e0nh tr\u00ecnh kh\u00e1m ph\u00e1 v\u00e0 g\u1eafn b\u00f3 v\u1edbi \u1ea9m th\u1ef1c thu\u1ea7n chay, vi\u1ec7c t\u00ecm ki\u1ebfm nh\u1eefng lo\u1ea1i gia v\u1ecb ch\u1ea5t l\u01b0\u1ee3ng, mang \u0111\u1ebfn h\u01b0\u01a1ng v\u1ecb tr\u1ecdn v\u1eb9n cho m\u00f3n \u0103n lu\u00f4n l\u00e0 \u01b0u ti\u00ean h\u00e0ng \u0111\u1ea7u. N\u01b0\u1edbc t\u01b0\u01a1ng &#8211; m\u1ed9t lo\u1ea1i gia v\u1ecb quen thu\u1ed9c trong c\u0103n b\u1ebfp Vi\u1ec7t, khi k\u1ebft h\u1ee3p c\u00f9ng tinh th\u1ea7n thu\u1ea7n chay, \u0111\u00e3 t\u1ea1o n\u00ean nh\u1eefng l\u1ef1a ch\u1ecdn tuy\u1ec7t v\u1eddi cho ng\u01b0\u1eddi ti\u00eau d\u00f9ng hi\u1ec7n \u0111\u1ea1i. N\u1ebfu b\u1ea1n \u0111ang t\u00ecm ki\u1ebfm m\u1ed9t lo\u1ea1i n\u01b0\u1edbc t\u01b0\u01a1ng \u0111\u1eadm \u0111\u00e0, chu\u1ea9n v\u1ecb v\u00e0 ho\u00e0n to\u00e0n t\u1eeb th\u1ef1c v\u1eadt, th\u00ec <strong>N\u01af\u1edaC T\u01af\u01a0NG Loving Vegan Food<\/strong> ch\u00ednh l\u00e0 \u1ee9ng vi\u00ean s\u00e1ng gi\u00e1.<\/p>\n<p style=\"text-align: justify\" data-sourcepos=\"13:1-13:526\"><strong>Loving Vegan Food<\/strong>\u00a0l\u00e0 m\u1ed9t th\u01b0\u01a1ng hi\u1ec7u th\u1ef1c ph\u1ea9m thu\u1ea7n chay h\u00e0ng \u0111\u1ea7u t\u1ea1i Vi\u1ec7t Nam, \u0111\u01b0\u1ee3c s\u00e1ng l\u1eadp b\u1edfi ngh\u1ec7 s\u0129 H\u1ed3 Qu\u1ef3nh H\u01b0\u01a1ng. V\u1edbi t\u00e2m huy\u1ebft mang \u0111\u1ebfn nh\u1eefng s\u1ea3n ph\u1ea9m an to\u00e0n, l\u00e0nh t\u00ednh v\u00e0 dinh d\u01b0\u1ee1ng t\u1eeb 100% th\u1ef1c v\u1eadt, Loving Vegan Food \u0111\u00e3 x\u00e2y d\u1ef1ng \u0111\u01b0\u1ee3c ni\u1ec1m tin v\u1eefng ch\u1eafc v\u1edbi ng\u01b0\u1eddi ti\u00eau d\u00f9ng th\u00f4ng qua tri\u1ebft l\u00fd\u00a0<strong>\u201cXanh \u2013 S\u1ea1ch \u2013 Thu\u1ea7n Chay\u201d<\/strong>. Th\u01b0\u01a1ng hi\u1ec7u n\u00e0y kh\u00f4ng ng\u1eebng nghi\u00ean c\u1ee9u v\u00e0 ph\u00e1t tri\u1ec3n c\u00e1c d\u00f2ng s\u1ea3n ph\u1ea9m \u0111a d\u1ea1ng, \u0111\u00e1p \u1ee9ng nhu c\u1ea7u c\u1ee7a ng\u01b0\u1eddi \u0103n chay, thu\u1ea7n chay v\u00e0 c\u1ea3 nh\u1eefng ng\u01b0\u1eddi quan t\u00e2m \u0111\u1ebfn s\u1ee9c kh\u1ecfe, l\u1ed1i s\u1ed1ng b\u1ec1n v\u1eefng.<\/p>\n<h3 data-sourcepos=\"15:1-15:56\"><img fetchpriority=\"high\" decoding=\"async\" class=\"aligncenter\" src=\"https:\/\/havamall.com\/wp-content\/uploads\/2025\/05\/logo-loving-tron.png\" width=\"725\" height=\"725\" \/><\/h3>\n<p data-sourcepos=\"24:1-24:282\"><strong>N\u01af\u1edaC T\u01af\u01a0NG Loving Vegan Food<\/strong> l\u00e0 m\u1ed9t trong nh\u1eefng s\u1ea3n ph\u1ea9m ch\u1ee7 l\u1ef1c c\u1ee7a th\u01b0\u01a1ng hi\u1ec7u, \u0111\u01b0\u1ee3c nhi\u1ec1u ng\u01b0\u1eddi ti\u00eau d\u00f9ng tin t\u01b0\u1edfng l\u1ef1a ch\u1ecdn. V\u1edbi dung t\u00edch 300ml ti\u1ec7n l\u1ee3i, chai n\u01b0\u1edbc t\u01b0\u01a1ng n\u00e0y kh\u00f4ng ch\u1ec9 l\u00e0 gia v\u1ecb m\u00e0 c\u00f2n l\u00e0 b\u00ed quy\u1ebft \u0111\u1ec3 t\u1ea1o n\u00ean nh\u1eefng m\u00f3n \u0103n thu\u1ea7n chay \u0111\u1eadm \u0111\u00e0 h\u01b0\u01a1ng v\u1ecb truy\u1ec1n th\u1ed1ng.<\/p>\n<p data-sourcepos=\"24:1-24:282\"><img decoding=\"async\" class=\"aligncenter\" src=\"https:\/\/havamall.com\/wp-content\/uploads\/2025\/05\/vn-11134207-7r98o-lsgcpwnn26kk70.jpg\" alt=\"N\u01b0\u1edbc T\u01b0\u01a1ng Loving Thu\u1ea7n Chay Chai 200ml | Shopee Vi\u1ec7t Nam\" \/><\/p>\n<p><span style=\"font-size: 18pt\"><strong>\u0110\u1eb6C \u0110I\u1ec2M N\u1ed4I B\u1eacT<\/strong><\/span><\/p>\n<ul>\n<li data-sourcepos=\"30:1-30:168\"><strong>Thu\u1ea7n Chay 100%:<\/strong> \u0110\u1ea3m b\u1ea3o kh\u00f4ng ch\u1ee9a b\u1ea5t k\u1ef3 th\u00e0nh ph\u1ea7n n\u00e0o c\u00f3 ngu\u1ed3n g\u1ed1c t\u1eeb \u0111\u1ed9ng v\u1eadt, ph\u00f9 h\u1ee3p v\u1edbi ng\u01b0\u1eddi \u0103n chay v\u00e0 c\u1ea3 ng\u01b0\u1eddi \u0103n m\u1eb7n mu\u1ed1n b\u1ed5 sung dinh d\u01b0\u1ee1ng th\u1ef1c v\u1eadt.<\/li>\n<li data-sourcepos=\"31:1-31:158\"><strong>C\u1ed1t T\u01b0\u01a1ng \u0110\u1eadm \u0110\u00e0:<\/strong> S\u1ea3n ph\u1ea9m \u0111\u01b0\u1ee3c ch\u1eaft l\u1ecdc tinh t\u00fay t\u1eeb &#8220;c\u1ed1t t\u01b0\u01a1ng&#8221;, mang \u0111\u1ebfn h\u01b0\u01a1ng v\u1ecb \u0111\u1eadm \u0111\u00e0 \u0111\u1eb7c tr\u01b0ng v\u00e0 h\u1eadu v\u1ecb ng\u1ecdt thanh t\u1ef1 nhi\u00ean c\u1ee7a \u0111\u1eadu n\u00e0nh l\u00ean men.<\/li>\n<li data-sourcepos=\"32:1-32:165\"><strong>H\u01b0\u01a1ng V\u1ecb Truy\u1ec1n Th\u1ed1ng:<\/strong> V\u1edbi c\u00f4ng th\u1ee9c \u0111\u1ed9c \u0111\u00e1o, N\u01af\u1edaC T\u01af\u01a0NG Loving Vegan Food t\u00e1i hi\u1ec7n ch\u00e2n th\u1ef1c h\u01b0\u01a1ng v\u1ecb n\u01b0\u1edbc t\u01b0\u01a1ng truy\u1ec1n th\u1ed1ng Vi\u1ec7t Nam, quen thu\u1ed9c v\u00e0 g\u1ea7n g\u0169i.<\/li>\n<li data-sourcepos=\"33:1-34:0\"><strong>Th\u01b0\u01a1ng Hi\u1ec7u Uy T\u00edn &#8220;H\u00c0NG \u0110\u1ea6U VI\u1ec6T NAM&#8221;:<\/strong> \u0110\u01b0\u1ee3c s\u1ea3n xu\u1ea5t b\u1edfi th\u01b0\u01a1ng hi\u1ec7u Loving Vegan Food &#8211; m\u1ed9t trong nh\u1eefng c\u00e1i t\u00ean h\u00e0ng \u0111\u1ea7u trong ng\u00e0nh th\u1ef1c ph\u1ea9m thu\u1ea7n chay t\u1ea1i Vi\u1ec7t Nam, \u0111\u1ea3m b\u1ea3o v\u1ec1 ngu\u1ed3n g\u1ed1c v\u00e0 ch\u1ea5t l\u01b0\u1ee3ng.<\/li>\n<\/ul>\n<p><img decoding=\"async\" class=\"aligncenter\" src=\"https:\/\/havamall.com\/wp-content\/uploads\/2025\/05\/noom-nuoc-tuong-len-men-tu-nhien-6.jpg\" alt=\"N\u01b0\u1edbc T\u01b0\u01a1ng L\u00ean Men T\u1ef1 Nhi\u00ean - Th\u1ef1c Ph\u1ea9m Noom\" width=\"912\" height=\"912\" \/><\/p>\n<p data-sourcepos=\"30:1-30:96\"><span style=\"font-size: 18pt\"><strong>H\u01af\u1edaNG D\u1eaaN S\u1eec D\u1ee4NG<\/strong><\/span><\/p>\n<ul>\n<li data-sourcepos=\"39:1-39:111\"><strong>N\u00eam n\u1ebfm m\u00f3n \u0103n:<\/strong> D\u00f9ng \u0111\u1ec3 t\u1ea9m \u01b0\u1edbp, kho, x\u00e0o, n\u1ea5u c\u00e1c m\u00f3n chay m\u1eb7n \u0111\u1ec1u ngon, gi\u00fap t\u0103ng th\u00eam h\u01b0\u01a1ng v\u1ecb \u0111\u1eadm \u0111\u00e0.<\/li>\n<li data-sourcepos=\"40:1-40:162\"><strong>Pha ch\u1ebf n\u01b0\u1edbc ch\u1ea5m:<\/strong> C\u00f3 th\u1ec3 pha lo\u00e3ng ho\u1eb7c k\u1ebft h\u1ee3p v\u1edbi c\u00e1c nguy\u00ean li\u1ec7u kh\u00e1c nh\u01b0 t\u1ecfi, \u1edbt, chanh, \u0111\u01b0\u1eddng \u0111\u1ec3 t\u1ea1o th\u00e0nh c\u00e1c lo\u1ea1i n\u01b0\u1edbc ch\u1ea5m ph\u00f9 h\u1ee3p v\u1edbi t\u1eebng m\u00f3n \u0103n.<\/li>\n<li data-sourcepos=\"41:1-42:0\"><strong>\u01af\u1edbp th\u1ef1c ph\u1ea9m:<\/strong> S\u1eed d\u1ee5ng \u0111\u1ec3 \u01b0\u1edbp \u0111\u1eadu h\u0169, n\u1ea5m, rau c\u1ee7 tr\u01b0\u1edbc khi ch\u1ebf bi\u1ebfn gi\u00fap gia v\u1ecb th\u1ea5m \u0111\u1ec1u v\u00e0 \u0111\u1eadm \u0111\u00e0 h\u01a1n.<\/li>\n<\/ul>\n<p><img decoding=\"async\" class=\"aligncenter\" src=\"https:\/\/havamall.com\/wp-content\/uploads\/2025\/05\/dau-non-miso.jpg\" alt=\"C\u00f4ng th\u1ee9c l\u00e0m \u0111\u1eadu h\u0169 non s\u1ed1t n\u01b0\u1edbc t\u01b0\u01a1ng c\u1ef1c ngon v\u00e0 d\u1ec5 l\u00e0m\" width=\"926\" height=\"617\" \/><\/p>\n<h3 data-sourcepos=\"38:1-38:17\"><span style=\"font-size: 18pt\">C\u00c1CH B\u1ea2O QU\u1ea2N<\/span><\/h3>\n<ul data-sourcepos=\"44:1-49:0\">\n<li data-sourcepos=\"47:1-47:61\">B\u1ea3o qu\u1ea3n n\u01a1i kh\u00f4 r\u00e1o, tho\u00e1ng m\u00e1t, tr\u00e1nh \u00e1nh n\u1eafng tr\u1ef1c ti\u1ebfp.<\/li>\n<li data-sourcepos=\"48:1-48:30\">\u0110\u1eady k\u00edn n\u1eafp sau khi s\u1eed d\u1ee5ng.<\/li>\n<li data-sourcepos=\"49:1-50:0\">N\u00ean b\u1ea3o qu\u1ea3n trong ng\u0103n m\u00e1t t\u1ee7 l\u1ea1nh sau khi m\u1edf n\u1eafp \u0111\u1ec3 k\u00e9o d\u00e0i th\u1eddi gian s\u1eed d\u1ee5ng v\u00e0 gi\u1eef tr\u1ecdn h\u01b0\u01a1ng v\u1ecb.<\/li>\n<\/ul>\n<p data-sourcepos=\"50:1-50:249\">V\u1edbi h\u01b0\u01a1ng v\u1ecb \u0111\u1eadm \u0111\u00e0 chu\u1ea9n &#8220;c\u1ed1t t\u01b0\u01a1ng&#8221;, th\u00e0nh ph\u1ea7n thu\u1ea7n chay v\u00e0 \u0111\u1ebfn t\u1eeb th\u01b0\u01a1ng hi\u1ec7u &#8220;H\u00c0NG \u0110\u1ea6U VI\u1ec6T NAM&#8221;, <strong>N\u01af\u1edaC T\u01af\u01a0NG Loving Vegan Food<\/strong> l\u00e0 l\u1ef1a ch\u1ecdn l\u00fd t\u01b0\u1edfng cho m\u1ecdi gia \u0111\u00ecnh, \u0111\u1eb7c bi\u1ec7t l\u00e0 nh\u1eefng ai y\u00eau th\u00edch \u1ea9m th\u1ef1c chay v\u00e0 t\u00ecm ki\u1ebfm gia v\u1ecb ch\u1ea5t l\u01b0\u1ee3ng. S\u1ea3n ph\u1ea9m nay \u0111\u00e3 c\u00f3 m\u1eb7t t\u1ea1i <strong>Havamall<\/strong> !<\/p>","protected":false},"excerpt":{"rendered":"<p>Trong h\u00e0nh tr\u00ecnh kh\u00e1m ph\u00e1 v\u00e0 g\u1eafn b\u00f3 v\u1edbi \u1ea9m th\u1ef1c thu\u1ea7n chay, vi\u1ec7c t\u00ecm ki\u1ebfm nh\u1eefng lo\u1ea1i gia v\u1ecb<\/p>","protected":false},"featured_media":39492,"comment_status":"open","ping_status":"closed","template":"","meta":[],"product_brand":[],"product_cat":[496],"product_tag":[],"class_list":{"0":"post-39491","1":"product","2":"type-product","3":"status-publish","4":"has-post-thumbnail","6":"product_cat-thuc-pham-thuan-chay","7":"pa_brand-loving-vegan-food","9":"first","10":"outofstock","11":"sale","12":"shipping-taxable","13":"purchasable","14":"product-type-simple"},"_links":{"self":[{"href":"https:\/\/havamall.com\/en\/wp-json\/wp\/v2\/product\/39491","targetHints":{"allow":["GET"]}}],"collection":[{"href":"https:\/\/havamall.com\/en\/wp-json\/wp\/v2\/product"}],"about":[{"href":"https:\/\/havamall.com\/en\/wp-json\/wp\/v2\/types\/product"}],"replies":[{"embeddable":true,"href":"https:\/\/havamall.com\/en\/wp-json\/wp\/v2\/comments?post=39491"}],"version-history":[{"count":0,"href":"https:\/\/havamall.com\/en\/wp-json\/wp\/v2\/product\/39491\/revisions"}],"wp:featuredmedia":[{"embeddable":true,"href":"https:\/\/havamall.com\/en\/wp-json\/wp\/v2\/media\/39492"}],"wp:attachment":[{"href":"https:\/\/havamall.com\/en\/wp-json\/wp\/v2\/media?parent=39491"}],"wp:term":[{"taxonomy":"product_brand","embeddable":true,"href":"https:\/\/havamall.com\/en\/wp-json\/wp\/v2\/product_brand?post=39491"},{"taxonomy":"product_cat","embeddable":true,"href":"https:\/\/havamall.com\/en\/wp-json\/wp\/v2\/product_cat?post=39491"},{"taxonomy":"product_tag","embeddable":true,"href":"https:\/\/havamall.com\/en\/wp-json\/wp\/v2\/product_tag?post=39491"}],"curies":[{"name":"wp","href":"https:\/\/api.w.org\/{rel}","templated":true}]}}