{"id":39637,"date":"2025-05-16T10:33:25","date_gmt":"2025-05-16T03:33:25","guid":{"rendered":"https:\/\/havamall.com\/?post_type=product&#038;p=39637"},"modified":"2025-05-16T10:33:28","modified_gmt":"2025-05-16T03:33:28","slug":"mi-y-tagliatelle-trung-so-129-barilla-450g-barilla-tagliatelle-alluovo-n-129","status":"publish","type":"product","link":"https:\/\/havamall.com\/en\/shop\/mi-y-tagliatelle-trung-so-129-barilla-450g-barilla-tagliatelle-alluovo-n-129\/","title":{"rendered":"M\u00ec \u00dd Tagliatelle Tr\u1ee9ng S\u1ed1 129 Barilla 450g \u2013 Barilla Tagliatelle all&#8217;Uovo n.129"},"content":{"rendered":"<h2><strong>TH\u00d4NG TIN CHUNG<\/strong><\/h2>\n<table style=\"width: 44.622%;height: 228px\">\n<tbody>\n<tr>\n<td>Th\u01b0\u01a1ng hi\u1ec7u<\/td>\n<td>Barilla<\/td>\n<\/tr>\n<tr>\n<td>Xu\u1ea5t x\u1ee9<\/td>\n<td>\u00dd<\/td>\n<\/tr>\n<tr>\n<td>Th\u00e0nh ph\u1ea7n<\/td>\n<td>B\u1ed9t l\u00faa m\u00ec c\u1ee9ng Semola, Tr\u1ee9ng g\u00e0 t\u01b0\u01a1i th\u1ea3 v\u01b0\u1eddn<\/td>\n<\/tr>\n<tr>\n<td>H\u1ea1n s\u1eed d\u1ee5ng<\/td>\n<td>Xem tr\u1ef1c ti\u1ebfp tr\u00ean bao b\u00ec<\/td>\n<\/tr>\n<tr>\n<td>B\u1ea3o qu\u1ea3n<\/td>\n<td>\u0110\u1ec3 n\u01a1i kh\u00f4 r\u00e1o, tho\u00e1ng m\u00e1t, tr\u00e1nh \u00e1nh n\u1eafng tr\u1ef1c ti\u1ebfp<\/td>\n<\/tr>\n<tr>\n<td>Kh\u1ed1i l\u01b0\u1ee3ng t\u1ecbnh<\/td>\n<td>450g<\/td>\n<\/tr>\n<tr>\n<td>Th\u1eddi gian n\u1ea5u<\/td>\n<td>8 ph\u00fat<\/td>\n<\/tr>\n<\/tbody>\n<\/table>\n<p data-sourcepos=\"21:1-21:490\">V\u1edbi l\u1ecbch s\u1eed h\u00ecnh th\u00e0nh t\u1eeb n\u0103m 1877 t\u1ea1i Parma, \u00dd, Barilla l\u00e0 m\u1ed9t trong nh\u1eefng th\u01b0\u01a1ng hi\u1ec7u th\u1ef1c ph\u1ea9m \u00dd h\u00e0ng \u0111\u1ea7u th\u1ebf gi\u1edbi, n\u1ed5i ti\u1ebfng v\u1edbi c\u00e1c s\u1ea3n ph\u1ea9m m\u00ec \u1ed1ng v\u00e0 n\u01b0\u1edbc s\u1ed1t ch\u1ea5t l\u01b0\u1ee3ng cao. B\u1eb1ng s\u1ef1 \u0111am m\u00ea v\u00e0 kinh nghi\u1ec7m qua nhi\u1ec1u th\u1ebf h\u1ec7, Barilla lu\u00f4n mang \u0111\u1ebfn nh\u1eefng s\u1ea3n ph\u1ea9m gi\u1eef tr\u1ecdn h\u01b0\u01a1ng v\u1ecb truy\u1ec1n th\u1ed1ng v\u00e0 s\u1ef1 t\u01b0\u01a1i ngon c\u1ee7a nguy\u00ean li\u1ec7u t\u1ed1t nh\u1ea5t. B\u1ed9 s\u01b0u t\u1eadp Collezione l\u00e0 minh ch\u1ee9ng cho s\u1ef1 tinh t\u1ebf v\u00e0 \u0111a d\u1ea1ng c\u1ee7a Barilla, mang \u0111\u1ebfn nh\u1eefng h\u00ecnh d\u00e1ng m\u00ec \u0111\u1eb7c bi\u1ec7t cho nh\u1eefng kho\u1ea3nh kh\u1eafc \u1ea9m th\u1ef1c \u0111\u1eb7c bi\u1ec7t.<\/p>\n<p data-sourcepos=\"21:1-21:490\"><img fetchpriority=\"high\" decoding=\"async\" class=\"aligncenter\" src=\"https:\/\/instagram.fsgn19-1.fna.fbcdn.net\/v\/t39.30808-6\/485765267_1057570093071465_5123189517829616852_n.jpg?stp=dst-jpg_e35_tt6&amp;efg=eyJ2ZW5jb2RlX3RhZyI6IkZFRUQuaW1hZ2VfdXJsZ2VuLjE0NDB4MTQ0MC5zZHIuZjMwODA4LmRlZmF1bHRfaW1hZ2UifQ&amp;_nc_ht=instagram.fsgn19-1.fna.fbcdn.net&amp;_nc_cat=109&amp;_nc_oc=Q6cZ2QGxsOah_XaqfJ-nH-AgaZ9pXgnR0fM6hCnuUFOK6lTbCHwHd5ZZiR5p8PSrMu3Lg-UX4vybD_v5JChFGvoadOjh&amp;_nc_ohc=V8-aX47AsZcQ7kNvwF6q-dY&amp;_nc_gid=EAT8eG_YvtZW1KyqmuDOYQ&amp;edm=APs17CUAAAAA&amp;ccb=7-5&amp;ig_cache_key=MzU3MjQ5MTY0OTYyMDY2NDQyNw%3D%3D.3-ccb7-5&amp;oh=00_AfKyPRnkQJap4aPFe4mh_5_xQT2XXBNUhLNZ2mVGz0aTOw&amp;oe=682C77DF&amp;_nc_sid=10d13b\" width=\"863\" height=\"863\" \/><\/p>\n<p data-sourcepos=\"25:1-25:453\">Tagliatelle l\u00e0 m\u1ed9t lo\u1ea1i m\u00ec \u00dd c\u1ed5 \u0111i\u1ec3n c\u00f3 ngu\u1ed3n g\u1ed1c t\u1eeb v\u00f9ng Emilia-Romagna n\u1ed5i ti\u1ebfng c\u1ee7a \u00dd. \u0110\u1eb7c tr\u01b0ng c\u1ee7a Tagliatelle l\u00e0 nh\u1eefng s\u1ee3i m\u00ec d\u1eb9t, r\u1ed9ng kho\u1ea3ng 5-10 mm, th\u01b0\u1eddng \u0111\u01b0\u1ee3c l\u00e0m t\u1eeb b\u1ed9t m\u00ec v\u00e0 tr\u1ee9ng. H\u00ecnh d\u00e1ng d\u1eb9t c\u00f9ng k\u1ebft c\u1ea5u x\u1ed1p nh\u1eb9 gi\u00fap m\u00ec Tagliatelle gi\u1eef s\u1ed1t c\u1ef1c k\u1ef3 t\u1ed1t, bi\u1ebfn m\u1ed7i s\u1ee3i m\u00ec th\u00e0nh m\u1ed9t &#8220;d\u1ea3i l\u1ee5a&#8221; ng\u1eadp tr\u00e0n h\u01b0\u01a1ng v\u1ecb. Tagliatelle th\u01b0\u1eddng \u0111\u01b0\u1ee3c d\u00f9ng k\u00e8m v\u1edbi c\u00e1c lo\u1ea1i s\u1ed1t \u0111\u1eadm \u0111\u00e0 nh\u01b0 s\u1ed1t Bolognese truy\u1ec1n th\u1ed1ng, s\u1ed1t kem hay c\u00e1c lo\u1ea1i s\u1ed1t n\u1ea5m phong ph\u00fa.<\/p>\n<p data-sourcepos=\"25:1-25:453\"><img decoding=\"async\" class=\"aligncenter\" src=\"https:\/\/www.buonaitalia.us\/wp-content\/uploads\/2023\/10\/Handmade-Tagliatelle-scaled.jpg\" alt=\"Artisan Handmade Tagliatelle - Buona Italia\" width=\"867\" height=\"867\" \/><\/p>\n<p data-sourcepos=\"29:1-29:551\">M\u00ec \u00dd Tagliatelle Tr\u1ee9ng S\u1ed1 129 trong b\u1ed9 s\u01b0u t\u1eadp Collezione c\u1ee7a Barilla \u0111\u01b0\u1ee3c l\u00e0m t\u1eeb b\u1ed9t l\u00faa m\u00ec Semola ch\u1ea5t l\u01b0\u1ee3ng cao k\u1ebft h\u1ee3p v\u1edbi <strong>tr\u1ee9ng g\u00e0 t\u01b0\u01a1i th\u1ea3 v\u01b0\u1eddn<\/strong>. Vi\u1ec7c s\u1eed d\u1ee5ng tr\u1ee9ng g\u00e0 th\u1ea3 v\u01b0\u1eddn kh\u00f4ng ch\u1ec9 mang l\u1ea1i m\u00e0u v\u00e0ng t\u1ef1 nhi\u00ean \u0111\u1eb9p m\u1eaft cho s\u1ee3i m\u00ec m\u00e0 c\u00f2n g\u00f3p ph\u1ea7n t\u1ea1o n\u00ean h\u01b0\u01a1ng v\u1ecb \u0111\u1eadm \u0111\u00e0 v\u00e0 k\u1ebft c\u1ea5u m\u1ec1m m\u01b0\u1ee3t \u0111\u1eb7c tr\u01b0ng. V\u1edbi b\u1ec1 m\u1eb7t h\u01a1i nh\u00e1m v\u00e0 x\u1ed1p \u0111\u1eb7c tr\u01b0ng, Tagliatelle Barilla Collezione n.129 d\u1ec5 d\u00e0ng b\u00e1m ch\u1eb7t c\u00e1c lo\u1ea1i s\u1ed1t, \u0111\u1ea3m b\u1ea3o m\u1ed7i mi\u1ebfng \u0103n \u0111\u1ec1u tr\u1ecdn v\u1eb9n h\u01b0\u01a1ng v\u1ecb. Ch\u1ec9 v\u1edbi 8 ph\u00fat n\u1ea5u, b\u1ea1n \u0111\u00e3 c\u00f3 ngay nh\u1eefng s\u1ee3i m\u00ec ho\u00e0n h\u1ea3o \u0111\u1ec3 s\u00e1ng t\u1ea1o v\u00f4 v\u00e0n m\u00f3n \u0103n ngon.<\/p>\n<p data-sourcepos=\"29:1-29:551\"><img decoding=\"async\" class=\"aligncenter\" src=\"https:\/\/havamall.com\/wp-content\/uploads\/2025\/05\/Collezione_Tagliatelle_Egg_Arabic_EN.jpg\" width=\"868\" height=\"856\" \/><\/p>\n<p data-sourcepos=\"31:1-31:56\"><span style=\"font-size: 14pt\"><strong>H\u01b0\u1edbng D\u1eabn Ch\u1ebf Bi\u1ebfn M\u00f3n Ngon C\u00f9ng Tagliatelle Barilla<\/strong><\/span><\/p>\n<ol data-sourcepos=\"35:1-41:0\">\n<li data-sourcepos=\"35:1-35:116\">\u0110un s\u00f4i l\u01b0\u1ee3ng n\u01b0\u1edbc \u0111\u1ee7 l\u1edbn (kho\u1ea3ng 1 l\u00edt n\u01b0\u1edbc cho m\u1ed7i 100g m\u00ec). Th\u00eam mu\u1ed1i (kho\u1ea3ng 10g mu\u1ed1i cho m\u1ed7i l\u00edt n\u01b0\u1edbc s\u00f4i).<\/li>\n<li data-sourcepos=\"36:1-36:80\">T\u1eeb t\u1eeb cho m\u00ec v\u00e0o n\u01b0\u1edbc \u0111ang s\u00f4i, khu\u1ea5y nh\u1eb9 \u0111\u1ec3 c\u00e1c s\u1ee3i m\u00ec kh\u00f4ng d\u00ednh v\u00e0o nhau.<\/li>\n<li data-sourcepos=\"37:1-37:94\">Lu\u1ed9c m\u00ec trong <strong>8 ph\u00fat<\/strong>. \u0110\u1ec3 ki\u1ec3m tra \u0111\u1ed9 ch\u00edn &#8220;al dente&#8221; ho\u00e0n h\u1ea3o, h\u00e3y n\u1ebfm th\u1eed m\u1ed9t s\u1ee3i m\u00ec.<\/li>\n<li data-sourcepos=\"38:1-38:57\">V\u1edbt m\u00ec ra, \u0111\u1ec3 r\u00e1o n\u01b0\u1edbc (kh\u00f4ng x\u1ea3 l\u1ea1i b\u1eb1ng n\u01b0\u1edbc l\u1ea1nh).<\/li>\n<li data-sourcepos=\"39:1-39:117\">Tr\u1ed9n m\u00ec ngay l\u1eadp t\u1ee9c v\u1edbi lo\u1ea1i s\u1ed1t y\u00eau th\u00edch c\u1ee7a b\u1ea1n (s\u1ed1t Bolognese, s\u1ed1t kem Carbonara, s\u1ed1t Pesto hay s\u1ed1t n\u1ea5m&#8230;).<\/li>\n<li data-sourcepos=\"40:1-41:0\">Th\u01b0\u1edfng th\u1ee9c khi c\u00f2n n\u00f3ng!<\/li>\n<\/ol>\n<p><img loading=\"lazy\" decoding=\"async\" class=\"aligncenter\" src=\"https:\/\/havamall.com\/wp-content\/uploads\/2025\/05\/Bolognese.jpg\" alt=\"Pasta Bolognese Recipe\" width=\"874\" height=\"688\" \/><\/p>\n<p data-sourcepos=\"42:1-42:13\"><span style=\"font-size: 14pt\"><strong>B\u1ea3o qu\u1ea3n:<\/strong><\/span><\/p>\n<p data-sourcepos=\"44:1-44:87\">\u0110\u1ec3 \u0111\u1ea3m b\u1ea3o ch\u1ea5t l\u01b0\u1ee3ng t\u1ed1t nh\u1ea5t, b\u1ea3o qu\u1ea3n m\u00ec \u1edf n\u01a1i kh\u00f4 r\u00e1o, tho\u00e1ng m\u00e1t, tr\u00e1nh c\u00f4n tr\u00f9ng.<\/p>\n<p data-sourcepos=\"46:1-46:200\">S\u1ea3n ph\u1ea9m M\u00ec \u00dd Tagliatelle Tr\u1ee9ng S\u1ed1 129 Barilla Collezione 450g hi\u1ec7n \u0111\u00e3 c\u00f3 m\u1eb7t t\u1ea1i c\u00e1c c\u1eeda h\u00e0ng th\u1ef1c ph\u1ea9m nh\u1eadp kh\u1ea9u v\u00e0 si\u00eau th\u1ecb uy t\u00edn. H\u00e3y mua ngay h\u00f4m nay \u0111\u1ec3 tr\u1ea3i nghi\u1ec7m h\u01b0\u01a1ng v\u1ecb \u00dd \u0111\u00edch th\u1ef1c t\u1ea1i nh\u00e0! S\u1ea3n ph\u1ea9m hi\u1ec7n \u0111\u00e3 c\u00f3 m\u1eb7t t\u1ea1i Havamall.<\/p>","protected":false},"excerpt":{"rendered":"<p>TH\u00d4NG TIN CHUNG Th\u01b0\u01a1ng hi\u1ec7u Barilla Xu\u1ea5t x\u1ee9 \u00dd Th\u00e0nh ph\u1ea7n B\u1ed9t l\u00faa m\u00ec c\u1ee9ng Semola, Tr\u1ee9ng g\u00e0 t\u01b0\u01a1i th\u1ea3<\/p>","protected":false},"featured_media":39638,"comment_status":"open","ping_status":"closed","template":"","meta":[],"product_brand":[],"product_cat":[724,707],"product_tag":[],"class_list":{"0":"post-39637","1":"product","2":"type-product","3":"status-publish","4":"has-post-thumbnail","6":"product_cat-nhap-khau-y","7":"product_cat-nui-mi-y-pasta","9":"first","10":"instock","11":"sale","12":"shipping-taxable","13":"purchasable","14":"product-type-simple"},"_links":{"self":[{"href":"https:\/\/havamall.com\/en\/wp-json\/wp\/v2\/product\/39637","targetHints":{"allow":["GET"]}}],"collection":[{"href":"https:\/\/havamall.com\/en\/wp-json\/wp\/v2\/product"}],"about":[{"href":"https:\/\/havamall.com\/en\/wp-json\/wp\/v2\/types\/product"}],"replies":[{"embeddable":true,"href":"https:\/\/havamall.com\/en\/wp-json\/wp\/v2\/comments?post=39637"}],"version-history":[{"count":0,"href":"https:\/\/havamall.com\/en\/wp-json\/wp\/v2\/product\/39637\/revisions"}],"wp:featuredmedia":[{"embeddable":true,"href":"https:\/\/havamall.com\/en\/wp-json\/wp\/v2\/media\/39638"}],"wp:attachment":[{"href":"https:\/\/havamall.com\/en\/wp-json\/wp\/v2\/media?parent=39637"}],"wp:term":[{"taxonomy":"product_brand","embeddable":true,"href":"https:\/\/havamall.com\/en\/wp-json\/wp\/v2\/product_brand?post=39637"},{"taxonomy":"product_cat","embeddable":true,"href":"https:\/\/havamall.com\/en\/wp-json\/wp\/v2\/product_cat?post=39637"},{"taxonomy":"product_tag","embeddable":true,"href":"https:\/\/havamall.com\/en\/wp-json\/wp\/v2\/product_tag?post=39637"}],"curies":[{"name":"wp","href":"https:\/\/api.w.org\/{rel}","templated":true}]}}