{"id":39642,"date":"2025-05-16T11:44:49","date_gmt":"2025-05-16T04:44:49","guid":{"rendered":"https:\/\/havamall.com\/?post_type=product&#038;p=39642"},"modified":"2025-05-18T16:52:30","modified_gmt":"2025-05-18T09:52:30","slug":"tuong-ot-gochujang-taeyangcho-cj-haechandle-500g-cj-haechandle-gochujang-hot-pepper-paste-taeyangcho","status":"publish","type":"product","link":"https:\/\/havamall.com\/en\/shop\/tuong-ot-gochujang-taeyangcho-cj-haechandle-500g-cj-haechandle-gochujang-hot-pepper-paste-taeyangcho\/","title":{"rendered":"T\u01b0\u01a1ng \u1edat Gochujang Taeyangcho CJ Haechandle 1kg \u2013 CJ Haechandle Gochujang Hot Pepper Paste Taeyangcho"},"content":{"rendered":"<h2><strong>TH\u00d4NG TIN CHUNG<\/strong><\/h2>\n<table style=\"width: 48.6719%;height: 197px\">\n<tbody>\n<tr style=\"height: 26px\">\n<td style=\"height: 26px\">Th\u01b0\u01a1ng hi\u1ec7u<\/td>\n<td style=\"height: 26px\">CJ Haechandle (thu\u1ed9c t\u1eadp \u0111o\u00e0n CJ CheilJedang)<\/td>\n<\/tr>\n<tr style=\"height: 26px\">\n<td style=\"height: 26px\">Xu\u1ea5t x\u1ee9<\/td>\n<td style=\"height: 26px\">\u00dd<\/td>\n<\/tr>\n<tr style=\"height: 26px\">\n<td style=\"height: 26px\">Th\u00e0nh ph\u1ea7n<\/td>\n<td style=\"height: 26px\">B\u1ed9t \u1edbt Taeyangcho (\u1edbt ph\u01a1i n\u1eafng) 10.1%, g\u1ea1o n\u1ebfp, b\u1ed9t \u0111\u1eadu n\u00e0nh l\u00ean men (meju), m\u1ea1ch nha, mu\u1ed1i, v.v.<\/td>\n<\/tr>\n<tr style=\"height: 26px\">\n<td style=\"height: 26px\">H\u1ea1n s\u1eed d\u1ee5ng<\/td>\n<td style=\"height: 26px\">Xem tr\u1ef1c ti\u1ebfp tr\u00ean bao b\u00ec<\/td>\n<\/tr>\n<tr style=\"height: 26px\">\n<td style=\"height: 26px\">B\u1ea3o qu\u1ea3n<\/td>\n<td style=\"height: 26px\">\u0110\u1ec3 n\u01a1i kh\u00f4 r\u00e1o, tho\u00e1ng m\u00e1t. <strong>B\u1ea3o qu\u1ea3n l\u1ea1nh sau khi m\u1edf n\u1eafp.<\/strong><\/td>\n<\/tr>\n<tr style=\"height: 26px\">\n<td style=\"height: 26px\">Kh\u1ed1i l\u01b0\u1ee3ng t\u1ecbnh<\/td>\n<td style=\"height: 26px\">1kg<\/td>\n<\/tr>\n<\/tbody>\n<\/table>\n<p data-sourcepos=\"40:1-40:414\"><strong>CJ CheilJedang<\/strong> l\u00e0 t\u1eadp \u0111o\u00e0n th\u1ef1c ph\u1ea9m h\u00e0ng \u0111\u1ea7u c\u1ee7a H\u00e0n Qu\u1ed1c, v\u1edbi l\u1ecbch s\u1eed l\u00e2u \u0111\u1eddi v\u00e0 uy t\u00edn v\u01b0\u1ee3t tr\u1ed9i. <strong>Haechandle<\/strong> l\u00e0 th\u01b0\u01a1ng hi\u1ec7u con chuy\u00ean v\u1ec1 c\u00e1c lo\u1ea1i gia v\u1ecb v\u00e0 t\u01b0\u01a1ng truy\u1ec1n th\u1ed1ng c\u1ee7a H\u00e0n Qu\u1ed1c, \u0111\u01b0\u1ee3c y\u00eau th\u00edch nh\u1edd ch\u1ea5t l\u01b0\u1ee3ng \u1ed5n \u0111\u1ecbnh v\u00e0 h\u01b0\u01a1ng v\u1ecb \u0111\u00edch th\u1ef1c. V\u1edbi kinh nghi\u1ec7m v\u00e0 c\u00f4ng ngh\u1ec7 hi\u1ec7n \u0111\u1ea1i, CJ Haechandle lu\u00f4n mang \u0111\u1ebfn nh\u1eefng s\u1ea3n ph\u1ea9m t\u01b0\u01a1ng\/s\u1ed1t \u0111\u1eadm \u0111\u00e0, chu\u1ea9n v\u1ecb, g\u00f3p ph\u1ea7n t\u1ea1o n\u00ean linh h\u1ed3n cho c\u00e1c m\u00f3n \u0103n H\u00e0n Qu\u1ed1c.<\/p>\n<p data-sourcepos=\"40:1-40:414\"><img fetchpriority=\"high\" decoding=\"async\" class=\"aligncenter\" src=\"https:\/\/havamall.com\/wp-content\/uploads\/2025\/05\/CJ-CheilJedang.jpg\" alt=\"CJ CheilJedang | Haisue\" width=\"874\" height=\"330\" \/><\/p>\n<p data-sourcepos=\"42:1-42:45\"><strong>Gochujang \u2013 Linh H\u1ed3n C\u1ee7a \u1ea8m Th\u1ef1c H\u00e0n Qu\u1ed1c<\/strong><\/p>\n<p data-sourcepos=\"44:1-44:430\"><strong>Gochujang<\/strong> l\u00e0 m\u1ed9t lo\u1ea1i t\u01b0\u01a1ng \u1edbt l\u00ean men truy\u1ec1n th\u1ed1ng, l\u00e0 m\u1ed9t trong nh\u1eefng gia v\u1ecb thi\u1ebft y\u1ebfu v\u00e0 \u0111\u1eb7c tr\u01b0ng nh\u1ea5t c\u1ee7a \u1ea9m th\u1ef1c H\u00e0n Qu\u1ed1c. Gochujang \u0111\u01b0\u1ee3c l\u00e0m t\u1eeb b\u1ed9t \u1edbt, g\u1ea1o n\u1ebfp, b\u1ed9t \u0111\u1eadu n\u00e0nh l\u00ean men (meju), m\u1ea1ch nha v\u00e0 mu\u1ed1i, tr\u1ea3i qua qu\u00e1 tr\u00ecnh l\u00ean men t\u1ef1 nhi\u00ean \u0111\u1ec3 t\u1ea1o n\u00ean h\u01b0\u01a1ng v\u1ecb cay, ng\u1ecdt, m\u1eb7n, v\u00e0 Umami ph\u1ee9c t\u1ea1p. Gochujang kh\u00f4ng ch\u1ec9 t\u1ea1o m\u00e0u \u0111\u1ecf \u0111\u1eb9p m\u1eaft m\u00e0 c\u00f2n mang \u0111\u1ebfn chi\u1ec1u s\u00e2u h\u01b0\u01a1ng v\u1ecb \u0111\u1eb7c tr\u01b0ng m\u00e0 kh\u00f4ng lo\u1ea1i t\u01b0\u01a1ng \u1edbt n\u00e0o kh\u00e1c c\u00f3 \u0111\u01b0\u1ee3c.<\/p>\n<p data-sourcepos=\"44:1-44:430\"><img decoding=\"async\" class=\"aligncenter\" src=\"https:\/\/havamall.com\/wp-content\/uploads\/2025\/05\/what-is-Gochujang-7538c88a00fb47718e2eaf22b35d27cc.jpg\" alt=\"What Is Gochujang?\" width=\"876\" height=\"584\" \/><\/p>\n<p data-sourcepos=\"46:1-46:66\"><strong>T\u01b0\u01a1ng \u1edbt Gochujang Taeyangcho CJ Haechandle \u2013 S\u1ef1 L\u1ef1a Ch\u1ecdn S\u1ed1 1<\/strong><\/p>\n<p data-sourcepos=\"48:1-48:635\"><strong>T\u01b0\u01a1ng \u1edbt Gochujang Taeyangcho<\/strong> c\u1ee7a CJ Haechandle n\u1ed5i b\u1eadt v\u1edbi ch\u1ea5t l\u01b0\u1ee3ng v\u01b0\u1ee3t tr\u1ed9i. &#8220;<strong>Taeyangcho<\/strong>&#8221; \u0111\u1ec1 c\u1eadp \u0111\u1ebfn vi\u1ec7c s\u1eed d\u1ee5ng \u1edbt \u0111\u01b0\u1ee3c ph\u01a1i kh\u00f4 d\u01b0\u1edbi \u00e1nh n\u1eafng m\u1eb7t tr\u1eddi, ph\u01b0\u01a1ng ph\u00e1p truy\u1ec1n th\u1ed1ng gi\u00fap \u1edbt c\u00f3 m\u00e0u \u0111\u1ecf t\u1ef1 nhi\u00ean v\u00e0 h\u01b0\u01a1ng v\u1ecb \u0111\u1eadm \u0111\u00e0 h\u01a1n. S\u1ea3n ph\u1ea9m n\u00e0y l\u00e0 t\u01b0\u01a1ng \u1edbt Gochujang b\u00e1n ch\u1ea1y s\u1ed1 1 t\u1ea1i H\u00e0n Qu\u1ed1c, minh ch\u1ee9ng cho s\u1ef1 tin t\u01b0\u1edfng c\u1ee7a ng\u01b0\u1eddi ti\u00eau d\u00f9ng v\u1ec1 ch\u1ea5t l\u01b0\u1ee3ng v\u00e0 h\u01b0\u01a1ng v\u1ecb. \u0110\u1eb7c bi\u1ec7t, s\u1ea3n ph\u1ea9m c\u00f2n \u0111\u1ea1t c\u00e1c ch\u1ee9ng nh\u1eadn <strong>Vegan<\/strong> v\u00e0 <strong>Halal<\/strong>, ph\u00f9 h\u1ee3p v\u1edbi nhi\u1ec1u \u0111\u1ed1i t\u01b0\u1ee3ng s\u1eed d\u1ee5ng. V\u1edbi k\u1ebft c\u1ea5u s\u00e1nh m\u1ecbn v\u00e0 h\u01b0\u01a1ng v\u1ecb c\u00e2n b\u1eb1ng gi\u1eefa v\u1ecb cay \u0111\u1eb7c tr\u01b0ng, v\u1ecb ng\u1ecdt d\u1ecbu v\u00e0 v\u1ecb Umami s\u00e2u s\u1eafc, \u0111\u00e2y ch\u00ednh l\u00e0 &#8220;ch\u00eca kh\u00f3a&#8221; \u0111\u1ec3 t\u1ea1o n\u00ean c\u00e1c m\u00f3n \u0103n H\u00e0n chu\u1ea9n v\u1ecb.<\/p>\n<p data-sourcepos=\"48:1-48:635\"><img decoding=\"async\" class=\"aligncenter\" src=\"https:\/\/havamall.com\/wp-content\/uploads\/2025\/05\/CJ_Haechandle_Gochujang_Mild_Hot.jpg\" alt=\"CJ Haechandle Gochujang\" width=\"877\" height=\"877\" \/><\/p>\n<p data-sourcepos=\"50:1-50:53\"><strong>S\u1eed D\u1ee5ng T\u01b0\u01a1ng \u1edbt Gochujang CJ Haechandle Th\u1ebf N\u00e0o?<\/strong><\/p>\n<ul data-sourcepos=\"54:1-58:0\">\n<li data-sourcepos=\"54:1-54:78\"><strong>Tr\u1ed9n c\u01a1m:<\/strong> L\u00e0 th\u00e0nh ph\u1ea7n kh\u00f4ng th\u1ec3 thi\u1ebfu trong s\u1ed1t tr\u1ed9n c\u01a1m <strong>Bibimbap<\/strong>.<\/li>\n<li data-sourcepos=\"55:1-55:114\"><strong>N\u1ea5u s\u00fap\/canh:<\/strong> Th\u00eam v\u00e0o c\u00e1c m\u00f3n s\u00fap, canh nh\u01b0 Kimchi jjigae (Canh Kimchi), Sundubu jjigae (Canh \u0111\u1eadu ph\u1ee5 non).<\/li>\n<li data-sourcepos=\"56:1-56:148\"><strong>X\u00e0o\/N\u01b0\u1edbng:<\/strong> D\u00f9ng \u0111\u1ec3 \u01b0\u1edbp th\u1ecbt (th\u1ecbt heo n\u01b0\u1edbng Gochujang &#8211; Jeyuk Bokkeum, th\u1ecbt g\u00e0 cay &#8211; Dakgalbi) ho\u1eb7c x\u00e0o c\u00e1c m\u00f3n nh\u01b0 Tteokbokki (B\u00e1nh g\u1ea1o cay).<\/li>\n<li data-sourcepos=\"57:1-58:0\"><strong>L\u00e0m s\u1ed1t ch\u1ea5m\/tr\u1ed9n:<\/strong> Pha ch\u1ebf c\u00e1c lo\u1ea1i s\u1ed1t ch\u1ea5m th\u1ecbt n\u01b0\u1edbng, rau c\u1ee7 ho\u1eb7c l\u00e0m s\u1ed1t tr\u1ed9n m\u00ec l\u1ea1nh.<\/li>\n<\/ul>\n<p><img loading=\"lazy\" decoding=\"async\" class=\"aligncenter wp-image-39644\" src=\"https:\/\/havamall.com\/wp-content\/uploads\/2025\/05\/Blank-4-Grids-Collage.png\" alt=\"\" width=\"874\" height=\"874\" srcset=\"https:\/\/havamall.com\/wp-content\/uploads\/2025\/05\/Blank-4-Grids-Collage.png 2000w, https:\/\/havamall.com\/wp-content\/uploads\/2025\/05\/Blank-4-Grids-Collage-300x300.png 300w, https:\/\/havamall.com\/wp-content\/uploads\/2025\/05\/Blank-4-Grids-Collage-1024x1024.png 1024w, https:\/\/havamall.com\/wp-content\/uploads\/2025\/05\/Blank-4-Grids-Collage-150x150.png 150w, https:\/\/havamall.com\/wp-content\/uploads\/2025\/05\/Blank-4-Grids-Collage-768x768.png 768w, https:\/\/havamall.com\/wp-content\/uploads\/2025\/05\/Blank-4-Grids-Collage-12x12.png 12w, https:\/\/havamall.com\/wp-content\/uploads\/2025\/05\/Blank-4-Grids-Collage-600x600.png 600w, https:\/\/havamall.com\/wp-content\/uploads\/2025\/05\/Blank-4-Grids-Collage-1200x1200.png 1200w\" sizes=\"(max-width: 874px) 100vw, 874px\" \/><\/p>\n<p data-sourcepos=\"59:1-59:13\"><strong>B\u1ea3o qu\u1ea3n:<\/strong><\/p>\n<p data-sourcepos=\"61:1-61:200\">Tr\u01b0\u1edbc khi m\u1edf n\u1eafp, b\u1ea3o qu\u1ea3n t\u01b0\u01a1ng \u1edbt \u1edf n\u01a1i kh\u00f4 r\u00e1o, tho\u00e1ng m\u00e1t, tr\u00e1nh \u00e1nh n\u1eafng tr\u1ef1c ti\u1ebfp. <strong>Sau khi m\u1edf n\u1eafp, c\u1ea7n \u0111\u1eady k\u00edn v\u00e0 b\u1ea3o qu\u1ea3n trong ng\u0103n m\u00e1t t\u1ee7 l\u1ea1nh<\/strong> \u0111\u1ec3 gi\u1eef \u0111\u01b0\u1ee3c ch\u1ea5t l\u01b0\u1ee3ng v\u00e0 h\u01b0\u01a1ng v\u1ecb t\u1ed1t nh\u1ea5t.<\/p>\n<p data-sourcepos=\"63:1-63:239\"><strong>T\u01b0\u01a1ng \u1edbt Gochujang Taeyangcho CJ Haechandle 1kg<\/strong> hi\u1ec7n \u0111\u00e3 c\u00f3 m\u1eb7t t\u1ea1i c\u00e1c c\u1eeda h\u00e0ng chuy\u00ean \u0111\u1ed3 H\u00e0n Qu\u1ed1c, si\u00eau th\u1ecb v\u00e0 c\u00e1c s\u00e0n th\u01b0\u01a1ng m\u1ea1i \u0111i\u1ec7n t\u1eed. S\u1ea3n ph\u1ea9m hi\u1ec7n \u0111\u00e3 c\u00f3 m\u1eb7t t\u1ea1i Havamall!<\/p>","protected":false},"excerpt":{"rendered":"<p>TH\u00d4NG TIN CHUNG Th\u01b0\u01a1ng hi\u1ec7u CJ Haechandle (thu\u1ed9c t\u1eadp \u0111o\u00e0n CJ CheilJedang) Xu\u1ea5t x\u1ee9 \u00dd Th\u00e0nh ph\u1ea7n B\u1ed9t \u1edbt Taeyangcho<\/p>","protected":false},"featured_media":39649,"comment_status":"open","ping_status":"closed","template":"","meta":[],"product_brand":[],"product_cat":[154,726],"product_tag":[],"class_list":{"0":"post-39642","1":"product","2":"type-product","3":"status-publish","4":"has-post-thumbnail","6":"product_cat-gia-vi","7":"product_cat-nhap-khau-han-quoc","9":"first","10":"instock","11":"sale","12":"shipping-taxable","13":"purchasable","14":"product-type-simple"},"_links":{"self":[{"href":"https:\/\/havamall.com\/en\/wp-json\/wp\/v2\/product\/39642","targetHints":{"allow":["GET"]}}],"collection":[{"href":"https:\/\/havamall.com\/en\/wp-json\/wp\/v2\/product"}],"about":[{"href":"https:\/\/havamall.com\/en\/wp-json\/wp\/v2\/types\/product"}],"replies":[{"embeddable":true,"href":"https:\/\/havamall.com\/en\/wp-json\/wp\/v2\/comments?post=39642"}],"version-history":[{"count":0,"href":"https:\/\/havamall.com\/en\/wp-json\/wp\/v2\/product\/39642\/revisions"}],"wp:featuredmedia":[{"embeddable":true,"href":"https:\/\/havamall.com\/en\/wp-json\/wp\/v2\/media\/39649"}],"wp:attachment":[{"href":"https:\/\/havamall.com\/en\/wp-json\/wp\/v2\/media?parent=39642"}],"wp:term":[{"taxonomy":"product_brand","embeddable":true,"href":"https:\/\/havamall.com\/en\/wp-json\/wp\/v2\/product_brand?post=39642"},{"taxonomy":"product_cat","embeddable":true,"href":"https:\/\/havamall.com\/en\/wp-json\/wp\/v2\/product_cat?post=39642"},{"taxonomy":"product_tag","embeddable":true,"href":"https:\/\/havamall.com\/en\/wp-json\/wp\/v2\/product_tag?post=39642"}],"curies":[{"name":"wp","href":"https:\/\/api.w.org\/{rel}","templated":true}]}}