{"id":39689,"date":"2025-05-16T17:15:17","date_gmt":"2025-05-16T10:15:17","guid":{"rendered":"https:\/\/havamall.com\/?post_type=product&#038;p=39689"},"modified":"2025-05-16T17:15:19","modified_gmt":"2025-05-16T10:15:19","slug":"pho-mai-gouda-lat-tu-nhien-emborg-150g-emborg-gouda-8-natural-slices","status":"publish","type":"product","link":"https:\/\/havamall.com\/en\/shop\/pho-mai-gouda-lat-tu-nhien-emborg-150g-emborg-gouda-8-natural-slices\/","title":{"rendered":"Ph\u00f4 Mai Gouda L\u00e1t T\u1ef1 Nhi\u00ean Emborg 150g \u2013 Emborg Gouda 8 Natural Slices"},"content":{"rendered":"<h2><strong>TH\u00d4NG TIN CHUNG<\/strong><\/h2>\n<table>\n<tbody>\n<tr>\n<td>Th\u01b0\u01a1ng hi\u1ec7u<\/td>\n<td>Emborg<\/td>\n<\/tr>\n<tr>\n<td>Xu\u1ea5t x\u1ee9<\/td>\n<td>\u0110an M\u1ea1ch<\/td>\n<\/tr>\n<tr>\n<td>Th\u00e0nh ph\u1ea7n<\/td>\n<td>Xem tr\u1ef1c ti\u1ebfp tr\u00ean bao b\u00ec<\/td>\n<\/tr>\n<tr>\n<td>H\u1ea1n s\u1eed d\u1ee5ng<\/td>\n<td>Xem tr\u1ef1c ti\u1ebfp tr\u00ean bao b\u00ec<\/td>\n<\/tr>\n<tr>\n<td>B\u1ea3o qu\u1ea3n<\/td>\n<td>B\u1ea3o qu\u1ea3n l\u1ea1nh \u1edf nhi\u1ec7t \u0111\u1ed9 2\u00b0C \u2013 8\u00b0C.<\/td>\n<\/tr>\n<tr>\n<td>Kh\u1ed1i l\u01b0\u1ee3ng t\u1ecbnh<\/td>\n<td>150g (8 l\u00e1t)<\/td>\n<\/tr>\n<\/tbody>\n<\/table>\n<p data-sourcepos=\"26:1-26:372\">V\u1edbi l\u1ecbch s\u1eed t\u1eeb n\u0103m 1947, <strong>Emborg<\/strong> l\u00e0 th\u01b0\u01a1ng hi\u1ec7u th\u1ef1c ph\u1ea9m qu\u1ed1c t\u1ebf uy t\u00edn \u0111\u1ebfn t\u1eeb \u0110an M\u1ea1ch, chuy\u00ean cung c\u1ea5p c\u00e1c s\u1ea3n ph\u1ea9m b\u01a1 s\u1eefa v\u00e0 th\u1ef1c ph\u1ea9m \u0111\u00f4ng l\u1ea1nh ch\u1ea5t l\u01b0\u1ee3ng cao. Emborg lu\u00f4n cam k\u1ebft mang \u0111\u1ebfn nh\u1eefng s\u1ea3n ph\u1ea9m \u0111\u01b0\u1ee3c s\u1ea3n xu\u1ea5t theo ti\u00eau chu\u1ea9n nghi\u00eam ng\u1eb7t c\u1ee7a Ch\u00e2u \u00c2u, \u0111\u1ea3m b\u1ea3o h\u01b0\u01a1ng v\u1ecb th\u01a1m ngon t\u1ef1 nhi\u00ean v\u00e0 an to\u00e0n cho s\u1ee9c kh\u1ecfe, \u0111\u01b0\u1ee3c h\u00e0ng tri\u1ec7u gia \u0111\u00ecnh tr\u00ean th\u1ebf gi\u1edbi tin d\u00f9ng.<\/p>\n<p data-sourcepos=\"26:1-26:372\"><img fetchpriority=\"high\" decoding=\"async\" class=\"aligncenter\" src=\"https:\/\/uhrenholt.com\/Admin\/Public\/getImage.ashx?Image=\/Files\/Images\/NYUHRENHOLT2022\/1600x700(topbanner)\/1600x700px_Topbanner_Emborg_Brand_packshots2_.jpg&amp;width=1600\" alt=\"Emborg - Our B2C Brand\" width=\"800\" height=\"350\" \/><\/p>\n<p data-sourcepos=\"28:1-28:379\"><strong>Ph\u00f4 mai Gouda<\/strong> l\u00e0 m\u1ed9t lo\u1ea1i ph\u00f4 mai n\u1ed5i ti\u1ebfng c\u00f3 ngu\u1ed3n g\u1ed1c t\u1eeb H\u00e0 Lan, \u0111\u01b0\u1ee3c y\u00eau th\u00edch tr\u00ean to\u00e0n c\u1ea7u nh\u1edd <em><strong>h\u01b0\u01a1ng v\u1ecb th\u01a1m ngon d\u1ec5 ch\u1ecbu<\/strong><\/em> v\u00e0 <strong><em>k\u1ebft c\u1ea5u m\u1ecbn m\u00e0ng<\/em> <\/strong>\u0111\u1eb7c tr\u01b0ng. Khi c\u00f2n non, Gouda c\u00f3 v\u1ecb b\u00e9o ng\u1eady, d\u1ecbu nh\u1eb9 v\u00e0 h\u01a1i ng\u1ecdt; khi \u1ee7 l\u00e2u h\u01a1n, v\u1ecb s\u1ebd \u0111\u1eadm \u0111\u00e0 v\u00e0 ph\u1ee9c t\u1ea1p h\u01a1n. Ph\u00f4 mai Gouda r\u1ea5t \u0111a n\u0103ng trong \u1ea9m th\u1ef1c, t\u1eeb \u0103n tr\u1ef1c ti\u1ebfp, k\u1eb9p sandwich, l\u00e0m m\u00f3n n\u01b0\u1edbng cho \u0111\u1ebfn k\u1ebft h\u1ee3p trong s\u00fap v\u00e0 s\u1ed1t.<\/p>\n<p data-sourcepos=\"28:1-28:379\"><img decoding=\"async\" class=\"aligncenter  wp-image-39708\" src=\"https:\/\/havamall.com\/wp-content\/uploads\/2025\/05\/gouda-cheese-7-scaled.jpg\" alt=\"\" width=\"801\" height=\"534\" srcset=\"https:\/\/havamall.com\/wp-content\/uploads\/2025\/05\/gouda-cheese-7-scaled.jpg 2560w, https:\/\/havamall.com\/wp-content\/uploads\/2025\/05\/gouda-cheese-7-300x200.jpg 300w, https:\/\/havamall.com\/wp-content\/uploads\/2025\/05\/gouda-cheese-7-1024x683.jpg 1024w, https:\/\/havamall.com\/wp-content\/uploads\/2025\/05\/gouda-cheese-7-768x512.jpg 768w, https:\/\/havamall.com\/wp-content\/uploads\/2025\/05\/gouda-cheese-7-18x12.jpg 18w, https:\/\/havamall.com\/wp-content\/uploads\/2025\/05\/gouda-cheese-7-600x400.jpg 600w, https:\/\/havamall.com\/wp-content\/uploads\/2025\/05\/gouda-cheese-7-1200x800.jpg 1200w, https:\/\/havamall.com\/wp-content\/uploads\/2025\/05\/gouda-cheese-7-150x100.jpg 150w\" sizes=\"(max-width: 801px) 100vw, 801px\" \/><\/p>\n<p data-sourcepos=\"30:1-30:625\"><strong>Ph\u00f4 Mai Gouda L\u00e1t T\u1ef1 Nhi\u00ean Emborg 150g<\/strong> mang \u0111\u1ebfn cho b\u1ea1n nh\u1eefng l\u00e1t ph\u00f4 mai Gouda chu\u1ea9n v\u1ecb v\u1edbi s\u1ef1 ti\u1ec7n l\u1ee3i tuy\u1ec7t v\u1eddi. S\u1ea3n ph\u1ea9m \u0111\u01b0\u1ee3c l\u00e0m t\u1eeb ph\u00f4 mai Gouda t\u1ef1 nhi\u00ean cao c\u1ea5p c\u1ee7a Emborg, n\u1ed5i b\u1eadt v\u1edbi k\u1ebft c\u1ea5u m\u1ec1m m\u01b0\u1ee3t tan ch\u1ea3y v\u00e0 h\u01b0\u01a1ng v\u1ecb b\u00e9o ng\u1eady, d\u1ecbu nh\u1eb9 \u0111\u1eb7c tr\u01b0ng, r\u1ea5t &#8220;chi\u1ec1u l\u00f2ng&#8221; v\u1ecb gi\u00e1c. T\u1eebng l\u00e1t ph\u00f4 mai \u0111\u01b0\u1ee3c c\u1eaft s\u1eb5n v\u1edbi \u0111\u1ed9 d\u00e0y ho\u00e0n h\u1ea3o, d\u1ec5 d\u00e0ng s\u1eed d\u1ee5ng ngay cho b\u1eefa s\u00e1ng, b\u1eefa nh\u1eb9 ho\u1eb7c ch\u1ebf bi\u1ebfn m\u00f3n \u0103n. \u0110\u00e2y l\u00e0 l\u1ef1a ch\u1ecdn tuy\u1ec7t v\u1eddi \u0111\u1ec3 k\u1eb9p v\u00e0o sandwich \u0103n s\u00e1ng, l\u00e0m m\u00f3n \u0103n v\u1eb7t b\u1ed5 d\u01b0\u1ee1ng hay th\u00eam v\u00e0o c\u00e1c m\u00f3n n\u01b0\u1edbng \u0111\u1ec3 t\u0103ng \u0111\u1ed9 th\u01a1m b\u00e9o. G\u00f3i 150g g\u1ed3m 8 l\u00e1t ti\u1ec7n d\u1ee5ng, gi\u00fap b\u1ea1n d\u1ec5 d\u00e0ng th\u01b0\u1edfng th\u1ee9c ph\u00f4 mai Gouda t\u1ef1 nhi\u00ean b\u1ea5t c\u1ee9 l\u00fac n\u00e0o.<\/p>\n<p data-sourcepos=\"30:1-30:625\"><img decoding=\"async\" class=\"aligncenter\" src=\"https:\/\/havamall.com\/wp-content\/uploads\/2025\/05\/904a51f64f96880380861d1409010a30.jpg\" alt=\"PH\u00d4 MAI L\u00c1T Con B\u00f2 C\u01b0\u1eddi [Australia] LA VACHE QUI RIT Cheese Slices (hty \u2013 hdl) - Ph\u00f4 mai &amp; b\u1ed9t ph\u00f4 mai | Bachhoa.Extra.vn\" width=\"800\" height=\"800\" \/><\/p>\n<p data-sourcepos=\"32:1-32:31\"><strong>H\u01b0\u1edbng D\u1eabn S\u1eed D\u1ee5ng Ph\u1ed5 Bi\u1ebfn:<\/strong><\/p>\n<ul data-sourcepos=\"33:1-37:0\">\n<li data-sourcepos=\"33:1-33:63\">K\u1eb9p v\u00e0o b\u00e1nh m\u00ec sandwich, burger, ho\u1eb7c c\u00e1c lo\u1ea1i b\u00e1nh m\u00ec kh\u00e1c.<\/li>\n<li data-sourcepos=\"34:1-34:75\">\u0102n tr\u1ef1c ti\u1ebfp nh\u01b0 m\u1ed9t m\u00f3n \u0103n v\u1eb7t ho\u1eb7c k\u1ebft h\u1ee3p v\u1edbi tr\u00e1i c\u00e2y, b\u00e1nh quy gi\u00f2n.<\/li>\n<li data-sourcepos=\"35:1-35:71\">S\u1eed d\u1ee5ng trong c\u00e1c m\u00f3n n\u01b0\u1edbng nh\u01b0 pizza, m\u00ec \u1ed1ng \u0111\u00fat l\u00f2, ho\u1eb7c casserole.<\/li>\n<li data-sourcepos=\"36:1-37:0\">Th\u00eam v\u00e0o s\u00fap kem, s\u1ed1t ph\u00f4 mai ho\u1eb7c c\u00e1c m\u00f3n n\u00f3ng kh\u00e1c \u0111\u1ec3 t\u1ea1o \u0111\u1ed9 b\u00e9o ng\u1eady.<\/li>\n<\/ul>\n<p><img loading=\"lazy\" decoding=\"async\" class=\"aligncenter  wp-image-39718\" src=\"https:\/\/havamall.com\/wp-content\/uploads\/2025\/05\/Blank-4-Grids-Collage-2.png\" alt=\"\" width=\"800\" height=\"800\" srcset=\"https:\/\/havamall.com\/wp-content\/uploads\/2025\/05\/Blank-4-Grids-Collage-2.png 2000w, https:\/\/havamall.com\/wp-content\/uploads\/2025\/05\/Blank-4-Grids-Collage-2-300x300.png 300w, https:\/\/havamall.com\/wp-content\/uploads\/2025\/05\/Blank-4-Grids-Collage-2-1024x1024.png 1024w, https:\/\/havamall.com\/wp-content\/uploads\/2025\/05\/Blank-4-Grids-Collage-2-150x150.png 150w, https:\/\/havamall.com\/wp-content\/uploads\/2025\/05\/Blank-4-Grids-Collage-2-768x768.png 768w, https:\/\/havamall.com\/wp-content\/uploads\/2025\/05\/Blank-4-Grids-Collage-2-12x12.png 12w, https:\/\/havamall.com\/wp-content\/uploads\/2025\/05\/Blank-4-Grids-Collage-2-600x600.png 600w, https:\/\/havamall.com\/wp-content\/uploads\/2025\/05\/Blank-4-Grids-Collage-2-1200x1200.png 1200w\" sizes=\"(max-width: 800px) 100vw, 800px\" \/><\/p>\n<p data-sourcepos=\"38:1-39:207\"><strong>B\u1ea3o qu\u1ea3n:<\/strong> Lu\u00f4n b\u1ea3o qu\u1ea3n s\u1ea3n ph\u1ea9m trong ng\u0103n m\u00e1t t\u1ee7 l\u1ea1nh \u1edf nhi\u1ec7t \u0111\u1ed9 t\u1eeb 2\u00b0C \u0111\u1ebfn 8\u00b0C. Sau khi m\u1edf bao b\u00ec, c\u1ea7n b\u1ecdc k\u00edn ph\u1ea7n c\u00f2n l\u1ea1i v\u00e0 b\u1ea3o qu\u1ea3n l\u1ea1nh, s\u1eed d\u1ee5ng h\u1ebft trong th\u1eddi gian s\u1edbm nh\u1ea5t \u0111\u1ec3 gi\u1eef tr\u1ecdn h\u01b0\u01a1ng v\u1ecb v\u00e0 ch\u1ea5t l\u01b0\u1ee3ng.<\/p>\n<p data-sourcepos=\"41:1-41:200\">S\u1ea3n ph\u1ea9m Ph\u00f4 Mai Gouda L\u00e1t T\u1ef1 Nhi\u00ean Emborg 150g hi\u1ec7n \u0111\u00e3 c\u00f3 m\u1eb7t t\u1ea1i Havamall. Mua ngay h\u00f4m nay \u0111\u1ec3 d\u1ec5 d\u00e0ng th\u00eam h\u01b0\u01a1ng v\u1ecb b\u00e9o ng\u1eady, h\u1ea5p d\u1eabn c\u1ee7a ph\u00f4 mai Gouda t\u1ef1 nhi\u00ean Emborg v\u00e0o c\u00e1c b\u1eefa \u0103n c\u1ee7a b\u1ea1n!<\/p>\n","protected":false},"excerpt":{"rendered":"<p>TH\u00d4NG TIN CHUNG Th\u01b0\u01a1ng hi\u1ec7u Emborg Xu\u1ea5t x\u1ee9 \u0110an M\u1ea1ch Th\u00e0nh ph\u1ea7n Xem tr\u1ef1c ti\u1ebfp tr\u00ean bao b\u00ec H\u1ea1n s\u1eed<\/p>","protected":false},"featured_media":39696,"comment_status":"open","ping_status":"closed","template":"","meta":[],"product_brand":[],"product_cat":[708,728,275],"product_tag":[],"class_list":{"0":"post-39689","1":"product","2":"type-product","3":"status-publish","4":"has-post-thumbnail","6":"product_cat-bo-sua-pho-mai","7":"product_cat-nhap-khau-duc","8":"product_cat-thuc-pham-dong-lanh","9":"pa_brand-emborg","11":"first","12":"instock","13":"sale","14":"shipping-taxable","15":"purchasable","16":"product-type-simple"},"_links":{"self":[{"href":"https:\/\/havamall.com\/en\/wp-json\/wp\/v2\/product\/39689","targetHints":{"allow":["GET"]}}],"collection":[{"href":"https:\/\/havamall.com\/en\/wp-json\/wp\/v2\/product"}],"about":[{"href":"https:\/\/havamall.com\/en\/wp-json\/wp\/v2\/types\/product"}],"replies":[{"embeddable":true,"href":"https:\/\/havamall.com\/en\/wp-json\/wp\/v2\/comments?post=39689"}],"version-history":[{"count":0,"href":"https:\/\/havamall.com\/en\/wp-json\/wp\/v2\/product\/39689\/revisions"}],"wp:featuredmedia":[{"embeddable":true,"href":"https:\/\/havamall.com\/en\/wp-json\/wp\/v2\/media\/39696"}],"wp:attachment":[{"href":"https:\/\/havamall.com\/en\/wp-json\/wp\/v2\/media?parent=39689"}],"wp:term":[{"taxonomy":"product_brand","embeddable":true,"href":"https:\/\/havamall.com\/en\/wp-json\/wp\/v2\/product_brand?post=39689"},{"taxonomy":"product_cat","embeddable":true,"href":"https:\/\/havamall.com\/en\/wp-json\/wp\/v2\/product_cat?post=39689"},{"taxonomy":"product_tag","embeddable":true,"href":"https:\/\/havamall.com\/en\/wp-json\/wp\/v2\/product_tag?post=39689"}],"curies":[{"name":"wp","href":"https:\/\/api.w.org\/{rel}","templated":true}]}}