{"id":39762,"date":"2025-05-18T11:08:32","date_gmt":"2025-05-18T04:08:32","guid":{"rendered":"https:\/\/havamall.com\/?post_type=product&#038;p=39762"},"modified":"2025-05-18T16:54:40","modified_gmt":"2025-05-18T09:54:40","slug":"nu-bach-hoa-ponti-ngam-dam-ruou-vang-95g-ponti-capers-in-wine-vinegar","status":"publish","type":"product","link":"https:\/\/havamall.com\/en\/shop\/nu-bach-hoa-ponti-ngam-dam-ruou-vang-95g-ponti-capers-in-wine-vinegar\/","title":{"rendered":"N\u1ee5 B\u1ea1ch Hoa Ponti Ng\u00e2m Gi\u1ea5m R\u01b0\u1ee3u Vang 95g \u2013 Ponti Capers in Wine Vinegar"},"content":{"rendered":"<h2><strong>TH\u00d4NG TIN CHUNG<\/strong><\/h2>\n<table style=\"width: 75.1658%;height: 261px\">\n<tbody>\n<tr>\n<td>Th\u01b0\u01a1ng hi\u1ec7u<\/td>\n<td>Ponti<\/td>\n<\/tr>\n<tr>\n<td>Xu\u1ea5t x\u1ee9<\/td>\n<td>\u00dd<\/td>\n<\/tr>\n<tr>\n<td>Th\u00e0nh ph\u1ea7n<\/td>\n<td>\u00a0N\u1ee5 b\u1ea1ch hoa (Capers), gi\u1ea5m r\u01b0\u1ee3u vang (Wine Vinegar), N\u01b0\u1edbc, Mu\u1ed1i.<\/td>\n<\/tr>\n<tr>\n<td>H\u1ea1n s\u1eed d\u1ee5ng<\/td>\n<td>Xem tr\u00ean bao b\u00ec s\u1ea3n ph\u1ea9m<\/td>\n<\/tr>\n<tr>\n<td>B\u1ea3o qu\u1ea3n<\/td>\n<td>B\u1ea3o qu\u1ea3n n\u01a1i kh\u00f4 r\u00e1o, tho\u00e1ng m\u00e1t, tr\u00e1nh \u00e1nh n\u1eafng tr\u1ef1c ti\u1ebfp. Sau khi m\u1edf n\u1eafp, b\u1ea3o qu\u1ea3n trong ng\u0103n m\u00e1t t\u1ee7 l\u1ea1nh v\u00e0 \u0111\u1ea3m b\u1ea3o n\u1ee5 b\u1ea1ch hoa lu\u00f4n ng\u1eadp trong n\u01b0\u1edbc d\u1ea5m \u0111\u1ec3 gi\u1eef ch\u1ea5t l\u01b0\u1ee3ng.<\/td>\n<\/tr>\n<tr>\n<td>\u00a0Kh\u1ed1i l\u01b0\u1ee3ng<\/td>\n<td>T\u1ed5ng kh\u1ed1i l\u01b0\u1ee3ng t\u1ecbnh 95g, Kh\u1ed1i l\u01b0\u1ee3ng r\u00e1o n\u01b0\u1edbc 55g.<\/td>\n<\/tr>\n<\/tbody>\n<\/table>\n<p data-sourcepos=\"26:1-27:395\">T\u1eeb n\u0103m 1867, <strong>Ponti<\/strong> \u0111\u00e3 l\u00e0 m\u1ed9t trong nh\u1eefng t\u00ean tu\u1ed5i h\u00e0ng \u0111\u1ea7u c\u1ee7a \u00dd trong l\u0129nh v\u1ef1c s\u1ea3n xu\u1ea5t d\u1ea5m v\u00e0 c\u00e1c s\u1ea3n ph\u1ea9m rau c\u1ee7 ng\u00e2m tr\u1ee9 danh. V\u1edbi b\u1ec1 d\u00e0y l\u1ecbch s\u1eed h\u01a1n 150 n\u0103m, Ponti lu\u00f4n t\u1ef1 h\u00e0o mang \u0111\u1ebfn nh\u1eefng s\u1ea3n ph\u1ea9m ch\u1ea5t l\u01b0\u1ee3ng cao, ch\u1eaft l\u1ecdc tinh hoa c\u1ee7a \u1ea9m th\u1ef1c \u00dd truy\u1ec1n th\u1ed1ng. Xu\u1ea5t x\u1ee9 t\u1eeb Piedmont, mi\u1ec1n B\u1eafc n\u01b0\u1edbc \u00dd, Ponti kh\u00f4ng ng\u1eebng \u0111\u1ed5i m\u1edbi nh\u01b0ng v\u1eabn gi\u1eef v\u1eefng cam k\u1ebft v\u1ec1 s\u1ef1 t\u1ef1 nhi\u00ean v\u00e0 h\u01b0\u01a1ng v\u1ecb \u0111\u00edch th\u1ef1c.<\/p>\n<p data-sourcepos=\"26:1-27:395\"><img fetchpriority=\"high\" decoding=\"async\" class=\"aligncenter\" src=\"https:\/\/havamall.com\/wp-content\/uploads\/2025\/05\/Logo-ponti.png\" alt=\"Ponti (azienda) - Wikipedia\" width=\"850\" height=\"586\" \/><\/p>\n<p><strong>N\u1ee5 b\u1ea1ch hoa (Capers)<\/strong> th\u1ef1c ch\u1ea5t l\u00e0 nh\u1eefng n\u1ee5 hoa ch\u01b0a n\u1edf c\u1ee7a c\u00e2y caper, m\u1ed9t lo\u1ea1i c\u00e2y b\u1ee5i nh\u1ecf m\u1ecdc ph\u1ed5 bi\u1ebfn \u1edf v\u00f9ng \u0110\u1ecba Trung H\u1ea3i. Sau khi thu ho\u1ea1ch, n\u1ee5 b\u1ea1ch hoa th\u01b0\u1eddng \u0111\u01b0\u1ee3c ph\u01a1i kh\u00f4 nh\u1eb9 v\u00e0 ng\u00e2m trong mu\u1ed1i, n\u01b0\u1edbc mu\u1ed1i, d\u1ea5m ho\u1eb7c d\u1ea7u. Ch\u00fang n\u1ed5i ti\u1ebfng v\u1edbi h\u01b0\u01a1ng v\u1ecb \u0111\u1eb7c tr\u01b0ng: m\u1eb7n, chua, cay nh\u1eb9 v\u00e0 h\u01a1i h\u0103ng, t\u1ea1o n\u00ean m\u1ed9t \u0111i\u1ec3m nh\u1ea5n h\u01b0\u01a1ng v\u1ecb \u0111\u1ed9c \u0111\u00e1o cho c\u00e1c m\u00f3n \u0103n.<\/p>\n<p><img decoding=\"async\" class=\"aligncenter\" src=\"https:\/\/havamall.com\/wp-content\/uploads\/2025\/05\/Caper_Bush_145584202.SHUT.jpg\" alt=\"Caper Bush Potted Plants - 2 Pack \u2013 Easy To Grow Bulbs\" width=\"850\" height=\"851\" \/><\/p>\n<p>S\u1ea3n ph\u1ea9m <strong>N\u1ee5 B\u1ea1ch Hoa Ponti Ng\u00e2m Gi\u1ea5m R\u01b0\u1ee3u Vang<\/strong> mang \u0111\u1ebfn nh\u1eefng n\u1ee5 b\u1ea1ch hoa ch\u1ea5t l\u01b0\u1ee3ng cao.\u00a0<strong>Ponti<\/strong> ch\u1ec9 l\u1ef1a ch\u1ecdn nh\u1eefng n\u1ee5 b\u1ea1ch hoa \u0111\u1ea1t chu\u1ea9n t\u1eeb c\u00e1c ngu\u1ed3n cung c\u1ea5p uy t\u00edn, \u0111\u1ea3m b\u1ea3o k\u00edch th\u01b0\u1edbc \u0111\u1ed3ng \u0111\u1ec1u v\u00e0 \u0111\u1ed9 t\u01b0\u01a1i ngon t\u1ed1i \u01b0u. C\u00e1c n\u1ee5 b\u1ea1ch hoa n\u00e0y sau \u0111\u00f3 \u0111\u01b0\u1ee3c ng\u00e2m trong lo\u1ea1i d\u1ea5m r\u01b0\u1ee3u vang danh ti\u1ebfng c\u1ee7a Ponti \u2013 b\u00ed quy\u1ebft \u0111\u01b0\u1ee3c \u0111\u00fac k\u1ebft qua h\u01a1n m\u1ed9t th\u1ebf k\u1ef7. Ch\u00ednh lo\u1ea1i d\u1ea5m \u0111\u1eb7c tr\u01b0ng n\u00e0y \u0111\u00e3 ng\u1ea5m s\u00e2u, mang l\u1ea1i cho n\u1ee5 b\u1ea1ch hoa Ponti h\u01b0\u01a1ng v\u1ecb chua thanh, s\u1ed1ng \u0111\u1ed9ng v\u00e0 \u0111\u1ed9 gi\u00f2n s\u1ea7n s\u1eadt h\u1ea5p d\u1eabn, kh\u00e1c bi\u1ec7t so v\u1edbi lo\u1ea1i ng\u00e2m mu\u1ed1i th\u00f4ng th\u01b0\u1eddng. T\u1eebng n\u1ee5 b\u1ea1ch hoa nh\u1ecf b\u00e9 l\u00e0 s\u1ef1 c\u00f4 \u0111\u1ecdng c\u1ee7a h\u01b0\u01a1ng v\u1ecb \u0110\u1ecba Trung H\u1ea3i tinh t\u00fay, s\u1eb5n s\u00e0ng b\u00f9ng n\u1ed5, l\u00e0m b\u1eebng s\u00e1ng m\u1ecdi m\u00f3n \u0103n.<\/p>\n<p><img decoding=\"async\" class=\"aligncenter wp-image-39763\" src=\"https:\/\/havamall.com\/wp-content\/uploads\/2025\/05\/xx.png\" alt=\"\" width=\"850\" height=\"850\" srcset=\"https:\/\/havamall.com\/wp-content\/uploads\/2025\/05\/xx.png 800w, https:\/\/havamall.com\/wp-content\/uploads\/2025\/05\/xx-300x300.png 300w, https:\/\/havamall.com\/wp-content\/uploads\/2025\/05\/xx-150x150.png 150w, https:\/\/havamall.com\/wp-content\/uploads\/2025\/05\/xx-768x768.png 768w, https:\/\/havamall.com\/wp-content\/uploads\/2025\/05\/xx-12x12.png 12w, https:\/\/havamall.com\/wp-content\/uploads\/2025\/05\/xx-600x600.png 600w\" sizes=\"(max-width: 850px) 100vw, 850px\" \/><\/p>\n<p data-sourcepos=\"38:1-39:97\"><span style=\"font-size: 14pt\"><strong>N\u1ee5 B\u1ea1ch Hoa Ponti ng\u00e2m gi\u1ea5m r\u01b0\u1ee3u vang l\u00e0 &#8220;v\u0169 kh\u00ed b\u00ed m\u1eadt&#8221; gi\u00fap t\u0103ng th\u00eam h\u01b0\u01a1ng v\u1ecb cho v\u00f4 s\u1ed1 m\u00f3n \u0103n:<\/strong><\/span><\/p>\n<ul data-sourcepos=\"40:1-47:0\">\n<li data-sourcepos=\"40:1-40:76\">Th\u00eam v\u00e0o c\u00e1c lo\u1ea1i s\u1ed1t cho pasta (nh\u1ea5t l\u00e0 c\u00e1c s\u1ed1t c\u00f3 c\u00e0 chua ho\u1eb7c h\u1ea3i s\u1ea3n).<\/li>\n<li data-sourcepos=\"41:1-41:36\">R\u1eafc l\u00ean pizza, c\u00e1c m\u00f3n salad tr\u1ed9n.<\/li>\n<li data-sourcepos=\"42:1-42:58\">K\u1ebft h\u1ee3p tuy\u1ec7t v\u1eddi v\u1edbi c\u00e1c m\u00f3n c\u00e1 n\u01b0\u1edbng, \u00e1p ch\u1ea3o ho\u1eb7c g\u00e0.<\/li>\n<li data-sourcepos=\"43:1-43:67\">S\u1eed d\u1ee5ng trong c\u00e1c lo\u1ea1i n\u01b0\u1edbc s\u1ed1t salad (dressing) ho\u1eb7c mayonnaise.<\/li>\n<li data-sourcepos=\"44:1-44:73\">\u0102n k\u00e8m v\u1edbi c\u00e1 h\u1ed3i x\u00f4ng kh\u00f3i, ph\u00f4 mai ho\u1eb7c th\u1ecbt ngu\u1ed9i trong \u0111\u0129a khai v\u1ecb.<\/li>\n<li data-sourcepos=\"45:1-45:47\">Th\u00eam v\u00e0o c\u00e1c m\u00f3n h\u1ea7m ho\u1eb7c m\u00f3n ng\u00e2m chua kh\u00e1c.<\/li>\n<\/ul>\n<p><img loading=\"lazy\" decoding=\"async\" class=\"aligncenter wp-image-39764\" src=\"https:\/\/havamall.com\/wp-content\/uploads\/2025\/05\/Blank-4-Grids-Collage-1.jpg\" alt=\"\" width=\"850\" height=\"850\" srcset=\"https:\/\/havamall.com\/wp-content\/uploads\/2025\/05\/Blank-4-Grids-Collage-1.jpg 2000w, https:\/\/havamall.com\/wp-content\/uploads\/2025\/05\/Blank-4-Grids-Collage-1-300x300.jpg 300w, https:\/\/havamall.com\/wp-content\/uploads\/2025\/05\/Blank-4-Grids-Collage-1-1024x1024.jpg 1024w, https:\/\/havamall.com\/wp-content\/uploads\/2025\/05\/Blank-4-Grids-Collage-1-150x150.jpg 150w, https:\/\/havamall.com\/wp-content\/uploads\/2025\/05\/Blank-4-Grids-Collage-1-768x768.jpg 768w, https:\/\/havamall.com\/wp-content\/uploads\/2025\/05\/Blank-4-Grids-Collage-1-12x12.jpg 12w, https:\/\/havamall.com\/wp-content\/uploads\/2025\/05\/Blank-4-Grids-Collage-1-600x600.jpg 600w, https:\/\/havamall.com\/wp-content\/uploads\/2025\/05\/Blank-4-Grids-Collage-1-1200x1200.jpg 1200w\" sizes=\"(max-width: 850px) 100vw, 850px\" \/><\/p>\n<p data-sourcepos=\"48:1-49:168\">S\u1ea3n ph\u1ea9m hi\u1ec7n \u0111\u00e3 c\u00f3 m\u1eb7t t\u1ea1i <strong>Havamall<\/strong>. H\u00e3y b\u1ed5 sung ngay N\u1ee5 B\u1ea1ch Hoa Ponti Ng\u00e2m Gi\u1ea5m R\u01b0\u1ee3u Vang v\u00e0o danh s\u00e1ch nguy\u00ean li\u1ec7u c\u1ee7a b\u1ea1n \u0111\u1ec3 kh\u00e1m ph\u00e1 nh\u1eefng h\u01b0\u01a1ng v\u1ecb m\u1edbi l\u1ea1 nh\u00e9!<\/p>","protected":false},"excerpt":{"rendered":"<p>TH\u00d4NG TIN CHUNG Th\u01b0\u01a1ng hi\u1ec7u Ponti Xu\u1ea5t x\u1ee9 \u00dd Th\u00e0nh ph\u1ea7n \u00a0N\u1ee5 b\u1ea1ch hoa (Capers), gi\u1ea5m r\u01b0\u1ee3u vang (Wine Vinegar),<\/p>","protected":false},"featured_media":39767,"comment_status":"open","ping_status":"closed","template":"","meta":[],"product_brand":[],"product_cat":[724,705,143],"product_tag":[],"class_list":{"0":"post-39762","1":"product","2":"type-product","3":"status-publish","4":"has-post-thumbnail","6":"product_cat-nhap-khau-y","7":"product_cat-sot-do-hop","8":"product_cat-thuc-pham-dong-hop","10":"first","11":"instock","12":"sale","13":"shipping-taxable","14":"purchasable","15":"product-type-simple"},"_links":{"self":[{"href":"https:\/\/havamall.com\/en\/wp-json\/wp\/v2\/product\/39762","targetHints":{"allow":["GET"]}}],"collection":[{"href":"https:\/\/havamall.com\/en\/wp-json\/wp\/v2\/product"}],"about":[{"href":"https:\/\/havamall.com\/en\/wp-json\/wp\/v2\/types\/product"}],"replies":[{"embeddable":true,"href":"https:\/\/havamall.com\/en\/wp-json\/wp\/v2\/comments?post=39762"}],"version-history":[{"count":0,"href":"https:\/\/havamall.com\/en\/wp-json\/wp\/v2\/product\/39762\/revisions"}],"wp:featuredmedia":[{"embeddable":true,"href":"https:\/\/havamall.com\/en\/wp-json\/wp\/v2\/media\/39767"}],"wp:attachment":[{"href":"https:\/\/havamall.com\/en\/wp-json\/wp\/v2\/media?parent=39762"}],"wp:term":[{"taxonomy":"product_brand","embeddable":true,"href":"https:\/\/havamall.com\/en\/wp-json\/wp\/v2\/product_brand?post=39762"},{"taxonomy":"product_cat","embeddable":true,"href":"https:\/\/havamall.com\/en\/wp-json\/wp\/v2\/product_cat?post=39762"},{"taxonomy":"product_tag","embeddable":true,"href":"https:\/\/havamall.com\/en\/wp-json\/wp\/v2\/product_tag?post=39762"}],"curies":[{"name":"wp","href":"https:\/\/api.w.org\/{rel}","templated":true}]}}