{"id":40014,"date":"2025-06-03T09:55:02","date_gmt":"2025-06-03T02:55:02","guid":{"rendered":"https:\/\/havamall.com\/?post_type=product&#038;p=40014"},"modified":"2025-06-03T09:55:06","modified_gmt":"2025-06-03T02:55:06","slug":"giam-balsamic-co-dac-modena-casa-rinaldi-500ml-casa-rinaldi-cream-with-balsamic-vinegar-of-modena-igp-500ml","status":"publish","type":"product","link":"https:\/\/havamall.com\/en\/shop\/giam-balsamic-co-dac-modena-casa-rinaldi-500ml-casa-rinaldi-cream-with-balsamic-vinegar-of-modena-igp-500ml\/","title":{"rendered":"Gi\u1ea5m Balsamic C\u00f4 \u0110\u1eb7c Modena Casa Rinaldi 500ml \u2013 Casa Rinaldi Cream with Balsamic Vinegar of Modena IGP 500ml"},"content":{"rendered":"<h3><strong>TH\u00d4NG TIN S\u1ea2N PH\u1ea8M<\/strong><\/h3>\n<table>\n<tbody>\n<tr>\n<td>Th\u01b0\u01a1ng hi\u1ec7u<\/td>\n<td>Casa Rinaldi<\/td>\n<\/tr>\n<tr>\n<td>Xu\u1ea5t X\u1ee9<\/td>\n<td>\u00dd<\/td>\n<\/tr>\n<tr>\n<td>Th\u00e0nh ph\u1ea7n<\/td>\n<td>\n<p data-start=\"1054\" data-end=\"1149\">N\u01b0\u1edbc \u00e9p nho c\u00f4 \u0111\u1eb7c, d\u1ea5m r\u01b0\u1ee3u Modena 20% (d\u1ea5m r\u01b0\u1ee3u, n\u01b0\u1edbc \u00e9p nho c\u00f4 \u0111\u1eb7c, ph\u1ea9m m\u00e0u (E150d)) , tinh b\u1ed9t b\u1eafp bi\u1ebfn t\u00ednh.<\/p>\n<\/td>\n<\/tr>\n<tr>\n<td>H\u1ea1n s\u1eed d\u1ee5ng<\/td>\n<td>Xem tr\u00ean bao b\u00ec<\/td>\n<\/tr>\n<tr>\n<td>B\u1ea3o qu\u1ea3n<\/td>\n<td>B\u1ea3o qu\u1ea3n n\u01a1i kh\u00f4 r\u00e1o, tho\u00e1ng m\u00e1t, tr\u00e1nh \u00e1nh n\u1eafng tr\u1ef1c ti\u1ebfp. B\u1ea3o qu\u1ea3n l\u1ea1nh sau khi m\u1edf n\u1eafp<\/td>\n<\/tr>\n<tr>\n<td>Kh\u1ed1i l\u01b0\u1ee3ng t\u1ecbnh<\/td>\n<td>500ml<\/td>\n<\/tr>\n<tr>\n<td>L\u01b0u \u00fd<\/td>\n<td>Gi\u1ea5m Balsamico c\u00f4 \u0111\u1eb7c c\u00f3 ch\u1ee9a sunfit.<\/td>\n<\/tr>\n<\/tbody>\n<\/table>\n<p data-start=\"386\" data-end=\"776\"><strong data-start=\"386\" data-end=\"402\">Casa Rinaldi<\/strong> l\u00e0 m\u1ed9t trong nh\u1eefng th\u01b0\u01a1ng hi\u1ec7u th\u1ef1c ph\u1ea9m \u00dd n\u1ed5i b\u1eadt v\u1edbi l\u1ecbch s\u1eed l\u00e2u \u0111\u1eddi, n\u1ed5i ti\u1ebfng to\u00e0n c\u1ea7u nh\u1edd s\u1ef1 cam k\u1ebft ch\u1ea5t l\u01b0\u1ee3ng v\u00e0 truy\u1ec1n th\u1ed1ng \u1ea9m th\u1ef1c \u0111\u1eadm \u0111\u00e0 b\u1ea3n s\u1eafc. Ra \u0111\u1eddi t\u1ea1i v\u00f9ng Modena \u2013 c\u00e1i n\u00f4i c\u1ee7a <strong>gi\u1ea5m Balsamic<\/strong> danh ti\u1ebfng, Casa Rinaldi t\u1ef1 h\u00e0o l\u00e0 \u0111\u1ea1i di\u1ec7n ti\u00eau bi\u1ec3u cho tinh hoa \u1ea9m th\u1ef1c \u00dd, mang \u0111\u1ebfn nh\u1eefng s\u1ea3n ph\u1ea9m tinh t\u1ebf \u0111\u01b0\u1ee3c s\u1ea3n xu\u1ea5t theo quy tr\u00ecnh nghi\u00eam ng\u1eb7t chu\u1ea9n ch\u00e2u \u00c2u.<\/p>\n<p data-start=\"386\" data-end=\"776\"><img fetchpriority=\"high\" decoding=\"async\" class=\"aligncenter\" src=\"https:\/\/havamall.com\/wp-content\/uploads\/2025\/06\/Botti-scaled.jpg\" alt=\"About us - Casa Rinaldi\" width=\"855\" height=\"568\" \/><\/p>\n<p data-start=\"821\" data-end=\"1123\"><strong data-start=\"821\" data-end=\"862\">Men gi\u1ea5m Balsamic Modena Casa Rinaldi<\/strong> l\u00e0 d\u00f2ng gi\u1ea5m kem cao c\u1ea5p \u0111\u01b0\u1ee3c l\u00e0m t\u1eeb gi\u1ea5m Balsamic IGP v\u00e0 n\u01b0\u1edbc nho c\u00f4 \u0111\u1eb7c. Kh\u00e1c v\u1edbi lo\u1ea1i gi\u1ea5m d\u1ea1ng l\u1ecfng th\u00f4ng th\u01b0\u1eddng, s\u1ea3n ph\u1ea9m n\u00e0y c\u00f3 k\u1ebft c\u1ea5u s\u00e1nh m\u1ecbn nh\u01b0 kem, gi\u00fap d\u1ec5 d\u00e0ng t\u1ea1o h\u00ecnh, trang tr\u00ed m\u00f3n \u0103n v\u00e0 gi\u1eef h\u01b0\u01a1ng v\u1ecb \u0111\u1eadm \u0111\u00e0 l\u00e2u h\u01a1n.<\/p>\n<p data-start=\"821\" data-end=\"1123\"><img decoding=\"async\" class=\"aligncenter  wp-image-40016\" src=\"https:\/\/havamall.com\/wp-content\/uploads\/2025\/06\/\u0411\u0430\u043b\u044c\u0437\u0430\u043c\u0438\u0447\u0435\u0441\u043a\u0438\u0439_\u043a\u0440\u0435\u043c.jpg\" alt=\"\" width=\"855\" height=\"855\" srcset=\"https:\/\/havamall.com\/wp-content\/uploads\/2025\/06\/\u0411\u0430\u043b\u044c\u0437\u0430\u043c\u0438\u0447\u0435\u0441\u043a\u0438\u0439_\u043a\u0440\u0435\u043c.jpg 2048w, https:\/\/havamall.com\/wp-content\/uploads\/2025\/06\/\u0411\u0430\u043b\u044c\u0437\u0430\u043c\u0438\u0447\u0435\u0441\u043a\u0438\u0439_\u043a\u0440\u0435\u043c-300x300.jpg 300w, https:\/\/havamall.com\/wp-content\/uploads\/2025\/06\/\u0411\u0430\u043b\u044c\u0437\u0430\u043c\u0438\u0447\u0435\u0441\u043a\u0438\u0439_\u043a\u0440\u0435\u043c-1024x1024.jpg 1024w, https:\/\/havamall.com\/wp-content\/uploads\/2025\/06\/\u0411\u0430\u043b\u044c\u0437\u0430\u043c\u0438\u0447\u0435\u0441\u043a\u0438\u0439_\u043a\u0440\u0435\u043c-150x150.jpg 150w, https:\/\/havamall.com\/wp-content\/uploads\/2025\/06\/\u0411\u0430\u043b\u044c\u0437\u0430\u043c\u0438\u0447\u0435\u0441\u043a\u0438\u0439_\u043a\u0440\u0435\u043c-768x768.jpg 768w, https:\/\/havamall.com\/wp-content\/uploads\/2025\/06\/\u0411\u0430\u043b\u044c\u0437\u0430\u043c\u0438\u0447\u0435\u0441\u043a\u0438\u0439_\u043a\u0440\u0435\u043c-12x12.jpg 12w, https:\/\/havamall.com\/wp-content\/uploads\/2025\/06\/\u0411\u0430\u043b\u044c\u0437\u0430\u043c\u0438\u0447\u0435\u0441\u043a\u0438\u0439_\u043a\u0440\u0435\u043c-600x600.jpg 600w, https:\/\/havamall.com\/wp-content\/uploads\/2025\/06\/\u0411\u0430\u043b\u044c\u0437\u0430\u043c\u0438\u0447\u0435\u0441\u043a\u0438\u0439_\u043a\u0440\u0435\u043c-1200x1200.jpg 1200w\" sizes=\"(max-width: 855px) 100vw, 855px\" \/><\/p>\n<p data-start=\"1157\" data-end=\"1507\">S\u1ea3n ph\u1ea9m \u0111\u01b0\u1ee3c s\u1ea3n xu\u1ea5t theo c\u00f4ng th\u1ee9c truy\u1ec1n th\u1ed1ng t\u1ea1i v\u00f9ng Modena \u2013 n\u01a1i gi\u1ea5m Balsamic ra \u0111\u1eddi. Qu\u00e1 tr\u00ecnh l\u00ean men t\u1ef1 nhi\u00ean t\u1eeb n\u01b0\u1edbc nho v\u00e0 gi\u1ea5m ch\u00edn \u0111\u01b0\u1ee3c th\u1ef1c hi\u1ec7n trong c\u00e1c th\u00f9ng g\u1ed7 s\u1ed3i trong th\u1eddi gian d\u00e0i, sau \u0111\u00f3 \u0111\u01b0\u1ee3c c\u00f4 \u0111\u1eb7c v\u00e0 tinh ch\u1ebf \u0111\u1ec3 cho ra d\u00f2ng kem gi\u1ea5m ho\u00e0n h\u1ea3o. T\u1ea5t c\u1ea3 quy tr\u00ecnh \u0111\u1ec1u tu\u00e2n th\u1ee7 ti\u00eau chu\u1ea9n nghi\u00eam ng\u1eb7t IGP c\u1ee7a Li\u00ean minh ch\u00e2u \u00c2u.<\/p>\n<p data-start=\"1531\" data-end=\"1840\">Kem gi\u1ea5m Balsamic Modena Casa Rinaldi mang \u0111\u1ebfn s\u1ef1 h\u00f2a quy\u1ec7n tinh t\u1ebf gi\u1eefa <strong data-start=\"1604\" data-end=\"1684\">v\u1ecb chua thanh nh\u1eb9 \u0111\u1eb7c tr\u01b0ng c\u1ee7a gi\u1ea5m Balsamic v\u00e0 v\u1ecb ng\u1ecdt d\u1ecbu t\u1ef1 nhi\u00ean t\u1eeb nho<\/strong>. H\u1eadu v\u1ecb \u0111\u1eadm \u0111\u00e0, s\u00e2u l\u1eafng, t\u1ea1o n\u00ean chi\u1ec1u s\u00e2u h\u01b0\u01a1ng v\u1ecb \u0111\u1ed9c \u0111\u00e1o \u2013 m\u1ed9t \u0111i\u1ec3m nh\u1ea5n ho\u00e0n h\u1ea3o cho c\u00e1c m\u00f3n \u0103n theo phong c\u00e1ch \u00c2u, \u0111\u1eb7c bi\u1ec7t l\u00e0 \u1ea9m th\u1ef1c \u0110\u1ecba Trung H\u1ea3i.<\/p>\n<p data-start=\"1531\" data-end=\"1840\"><img decoding=\"async\" class=\"aligncenter\" src=\"https:\/\/supremevinegar.com\/wp-content\/uploads\/2016\/10\/vinegar-cellar.jpg\" alt=\"Balsamic Vinegar's Manufacturing Process - Supreme Vinegar\" width=\"855\" height=\"645\" \/><\/p>\n<p data-start=\"1531\" data-end=\"1840\"><span style=\"font-size: 18pt\"><strong>H\u01af\u1edaNG D\u1eaaN S\u1eec D\u1ee4NG:<\/strong><\/span><\/p>\n<p data-start=\"1868\" data-end=\"1980\">S\u1ea3n ph\u1ea9m \u0111\u01b0\u1ee3c d\u00f9ng ph\u1ed5 bi\u1ebfn trong c\u00e1c nh\u00e0 h\u00e0ng cao c\u1ea5p v\u00e0 c\u0103n b\u1ebfp gia \u0111\u00ecnh y\u00eau th\u00edch phong c\u00e1ch \u1ea9m th\u1ef1c ch\u00e2u \u00c2u:<\/p>\n<p data-start=\"1982\" data-end=\"2260\">\u2013 R\u01b0\u1edbi tr\u1ef1c ti\u1ebfp l\u00ean <strong data-start=\"2003\" data-end=\"2044\">salad, m\u1ef3 \u00dd, th\u1ecbt n\u01b0\u1edbng, rau c\u1ee7 n\u01b0\u1edbng<\/strong><br data-start=\"2044\" data-end=\"2047\" \/>\u2013 D\u00f9ng l\u00e0m n\u01b0\u1edbc s\u1ed1t trang tr\u00ed cho m\u00f3n <strong data-start=\"2085\" data-end=\"2128\">tr\u00e1ng mi\u1ec7ng, pho m\u00e1t, kem l\u1ea1nh, d\u00e2u t\u00e2y<\/strong><br data-start=\"2128\" data-end=\"2131\" \/>\u2013 Pha ch\u1ebf c\u00f9ng <strong data-start=\"2146\" data-end=\"2159\">d\u1ea7u \u00f4 liu<\/strong> \u0111\u1ec3 t\u1ea1o s\u1ed1t tr\u1ed9n ho\u1eb7c ch\u1ea5m b\u00e1nh m\u00ec<br data-start=\"2193\" data-end=\"2196\" \/>\u2013 D\u00f9ng nh\u01b0 nguy\u00ean li\u1ec7u <strong data-start=\"2219\" data-end=\"2260\">t\u1ea1o \u0111i\u1ec3m nh\u1ea5n cho m\u00f3n fusion hi\u1ec7n \u0111\u1ea1i<\/strong><\/p>\n<p data-start=\"1982\" data-end=\"2260\"><img loading=\"lazy\" decoding=\"async\" class=\"aligncenter  wp-image-40017\" src=\"https:\/\/havamall.com\/wp-content\/uploads\/2025\/06\/Blank-4-Grids-Collage-3.png\" alt=\"\" width=\"855\" height=\"855\" srcset=\"https:\/\/havamall.com\/wp-content\/uploads\/2025\/06\/Blank-4-Grids-Collage-3.png 2000w, https:\/\/havamall.com\/wp-content\/uploads\/2025\/06\/Blank-4-Grids-Collage-3-300x300.png 300w, https:\/\/havamall.com\/wp-content\/uploads\/2025\/06\/Blank-4-Grids-Collage-3-1024x1024.png 1024w, https:\/\/havamall.com\/wp-content\/uploads\/2025\/06\/Blank-4-Grids-Collage-3-150x150.png 150w, https:\/\/havamall.com\/wp-content\/uploads\/2025\/06\/Blank-4-Grids-Collage-3-768x768.png 768w, https:\/\/havamall.com\/wp-content\/uploads\/2025\/06\/Blank-4-Grids-Collage-3-12x12.png 12w, https:\/\/havamall.com\/wp-content\/uploads\/2025\/06\/Blank-4-Grids-Collage-3-600x600.png 600w, https:\/\/havamall.com\/wp-content\/uploads\/2025\/06\/Blank-4-Grids-Collage-3-1200x1200.png 1200w\" sizes=\"(max-width: 855px) 100vw, 855px\" \/><\/p>\n<p data-start=\"2294\" data-end=\"2365\"><span style=\"font-size: 18pt\"><strong>C\u00d4NG D\u1ee4NG:<\/strong><\/span><\/p>\n<ul data-start=\"2367\" data-end=\"2590\">\n<li data-start=\"2367\" data-end=\"2424\">\n<p data-start=\"2369\" data-end=\"2424\"><strong data-start=\"2369\" data-end=\"2422\">H\u1ed7 tr\u1ee3 ti\u00eau h\u00f3a v\u00e0 c\u00e2n b\u1eb1ng h\u1ec7 vi sinh \u0111\u01b0\u1eddng ru\u1ed9t<\/strong><\/p>\n<\/li>\n<li data-start=\"2425\" data-end=\"2474\">\n<p data-start=\"2427\" data-end=\"2474\"><strong data-start=\"2427\" data-end=\"2454\">Gi\u00e0u ch\u1ea5t ch\u1ed1ng oxy h\u00f3a<\/strong>, t\u1ed1t cho tim m\u1ea1ch<\/p>\n<\/li>\n<li data-start=\"2475\" data-end=\"2533\">\n<p data-start=\"2477\" data-end=\"2533\"><strong data-start=\"2477\" data-end=\"2531\">Gi\u1ea3m l\u01b0\u1ee3ng \u0111\u01b0\u1eddng huy\u1ebft v\u00e0 h\u1ed7 tr\u1ee3 gi\u1ea3m c\u00e2n t\u1ef1 nhi\u00ean<\/strong><\/p>\n<\/li>\n<li data-start=\"2534\" data-end=\"2590\">\n<p data-start=\"2536\" data-end=\"2590\"><strong data-start=\"2536\" data-end=\"2590\">Gi\u1ea3m c\u0103ng th\u1eb3ng, t\u0103ng kh\u1ea3 n\u0103ng h\u1ea5p th\u1ee5 kho\u00e1ng ch\u1ea5t<\/strong><\/p>\n<\/li>\n<\/ul>\n<p data-start=\"2629\" data-end=\"2861\">H\u00e3y n\u00e2ng t\u1ea7m m\u00f3n \u0103n c\u1ee7a b\u1ea1n v\u1edbi <strong data-start=\"2661\" data-end=\"2708\">Men gi\u1ea5m Balsamic Modena Casa Rinaldi 500ml<\/strong> \u2013 l\u1ef1a ch\u1ecdn l\u00fd t\u01b0\u1edfng t\u1eeb th\u01b0\u01a1ng hi\u1ec7u danh ti\u1ebfng n\u01b0\u1edbc \u00dd. S\u1ea3n ph\u1ea9m hi\u1ec7n \u0111\u00e3 c\u00f3 m\u1eb7t t\u1ea1i <strong data-start=\"2791\" data-end=\"2803\">Havamall<\/strong>, cam k\u1ebft nh\u1eadp kh\u1ea9u ch\u00ednh ng\u1ea1ch, ch\u1ea5t l\u01b0\u1ee3ng chu\u1ea9n ch\u00e2u \u00c2u.<\/p>","protected":false},"excerpt":{"rendered":"<p>TH\u00d4NG TIN S\u1ea2N PH\u1ea8M Th\u01b0\u01a1ng hi\u1ec7u Casa Rinaldi Xu\u1ea5t X\u1ee9 \u00dd Th\u00e0nh ph\u1ea7n N\u01b0\u1edbc \u00e9p nho c\u00f4 \u0111\u1eb7c, d\u1ea5m r\u01b0\u1ee3u<\/p>","protected":false},"featured_media":40015,"comment_status":"open","ping_status":"closed","template":"","meta":[],"product_brand":[],"product_cat":[154,724],"product_tag":[],"class_list":{"0":"post-40014","1":"product","2":"type-product","3":"status-publish","4":"has-post-thumbnail","6":"product_cat-gia-vi","7":"product_cat-nhap-khau-y","8":"pa_brand-casa-rinaldi","10":"first","11":"instock","12":"sale","13":"shipping-taxable","14":"purchasable","15":"product-type-simple"},"_links":{"self":[{"href":"https:\/\/havamall.com\/en\/wp-json\/wp\/v2\/product\/40014","targetHints":{"allow":["GET"]}}],"collection":[{"href":"https:\/\/havamall.com\/en\/wp-json\/wp\/v2\/product"}],"about":[{"href":"https:\/\/havamall.com\/en\/wp-json\/wp\/v2\/types\/product"}],"replies":[{"embeddable":true,"href":"https:\/\/havamall.com\/en\/wp-json\/wp\/v2\/comments?post=40014"}],"version-history":[{"count":0,"href":"https:\/\/havamall.com\/en\/wp-json\/wp\/v2\/product\/40014\/revisions"}],"wp:featuredmedia":[{"embeddable":true,"href":"https:\/\/havamall.com\/en\/wp-json\/wp\/v2\/media\/40015"}],"wp:attachment":[{"href":"https:\/\/havamall.com\/en\/wp-json\/wp\/v2\/media?parent=40014"}],"wp:term":[{"taxonomy":"product_brand","embeddable":true,"href":"https:\/\/havamall.com\/en\/wp-json\/wp\/v2\/product_brand?post=40014"},{"taxonomy":"product_cat","embeddable":true,"href":"https:\/\/havamall.com\/en\/wp-json\/wp\/v2\/product_cat?post=40014"},{"taxonomy":"product_tag","embeddable":true,"href":"https:\/\/havamall.com\/en\/wp-json\/wp\/v2\/product_tag?post=40014"}],"curies":[{"name":"wp","href":"https:\/\/api.w.org\/{rel}","templated":true}]}}