{"id":40024,"date":"2025-06-04T15:27:44","date_gmt":"2025-06-04T08:27:44","guid":{"rendered":"https:\/\/havamall.com\/?post_type=product&#038;p=40024"},"modified":"2026-03-17T14:38:51","modified_gmt":"2026-03-17T07:38:51","slug":"la-kinh-gioi-say-kho-duc-atlas-garden-15g-atlas-garden-dried-oregano-leaves-15gr","status":"publish","type":"product","link":"https:\/\/havamall.com\/en\/shop\/la-kinh-gioi-say-kho-duc-atlas-garden-15g-atlas-garden-dried-oregano-leaves-15gr\/","title":{"rendered":"L\u00e1 Kinh Gi\u1edbi S\u1ea5y Kh\u00f4 \u0110\u1ee9c Atlas Garden 15g \u2013 Atlas Garden Dried Oregano Leaves 15gr"},"content":{"rendered":"<h3><span style=\"font-size: 18pt\"><strong>TH\u00d4NG TIN S\u1ea2N PH\u1ea8M<\/strong><\/span><\/h3>\n<table style=\"width: 74.2519%;height: 200px\">\n<tbody>\n<tr style=\"height: 24px\">\n<td style=\"height: 24px\">Th\u01b0\u01a1ng hi\u1ec7u<\/td>\n<td style=\"height: 24px\">Atlas Garden<\/td>\n<\/tr>\n<tr style=\"height: 24px\">\n<td style=\"height: 24px\">Xu\u1ea5t X\u1ee9<\/td>\n<td style=\"height: 24px\">\u0110\u1ee9c<\/td>\n<\/tr>\n<tr style=\"height: 56px\">\n<td style=\"height: 56px\">Th\u00e0nh ph\u1ea7n<\/td>\n<td style=\"height: 56px\">\n<p data-start=\"1054\" data-end=\"1149\">Xem tr\u00ean bao b\u00ec<\/p>\n<\/td>\n<\/tr>\n<tr style=\"height: 24px\">\n<td style=\"height: 24px\">H\u1ea1n s\u1eed d\u1ee5ng<\/td>\n<td style=\"height: 24px\">Xem tr\u00ean bao b\u00ec<\/td>\n<\/tr>\n<tr style=\"height: 24px\">\n<td style=\"height: 24px\">B\u1ea3o qu\u1ea3n<\/td>\n<td style=\"height: 24px\">N\u01a1i kh\u00f4 r\u00e1o, tho\u00e1ng m\u00e1t, tr\u00e1nh \u00e1nh n\u1eafng tr\u1ef1c ti\u1ebfp v\u00e0 nhi\u1ec7t \u0111\u1ed9 cao. \u0110\u00f3ng ch\u1eb7t n\u1eafp sau khi s\u1eed d\u1ee5ng.<\/td>\n<\/tr>\n<tr style=\"height: 24px\">\n<td style=\"height: 24px\">Kh\u1ed1i l\u01b0\u1ee3ng t\u1ecbnh<\/td>\n<td style=\"height: 24px\">15g<\/td>\n<\/tr>\n<\/tbody>\n<\/table>\n<p data-sourcepos=\"27:1-27:26\"><span style=\"font-size: 18pt\"><strong>GI\u1edaI THI\u1ec6U TH\u01af\u01a0NG HI\u1ec6U<\/strong><\/span><\/p>\n<p data-start=\"359\" data-end=\"741\"><strong data-start=\"359\" data-end=\"375\">Atlas Garden<\/strong> l\u00e0 th\u01b0\u01a1ng hi\u1ec7u chuy\u00ean cung c\u1ea5p c\u00e1c lo\u1ea1i gia v\u1ecb v\u00e0 th\u1ea3o m\u1ed9c t\u1ef1 nhi\u00ean, \u0111\u01b0\u1ee3c ch\u1ecdn l\u1ecdc k\u1ef9 l\u01b0\u1ee1ng t\u1eeb nhi\u1ec1u v\u00f9ng nguy\u00ean li\u1ec7u n\u1ed5i ti\u1ebfng tr\u00ean th\u1ebf gi\u1edbi. V\u1edbi s\u1ee9 m\u1ec7nh n\u00e2ng t\u1ea7m tr\u1ea3i nghi\u1ec7m \u1ea9m th\u1ef1c t\u1ea1i gia, Atlas Garden cam k\u1ebft mang \u0111\u1ebfn nh\u1eefng s\u1ea3n ph\u1ea9m ch\u1ea5t l\u01b0\u1ee3ng cao, kh\u00f4ng ch\u1ee9a ph\u1ee5 gia \u0111\u1ed9c h\u1ea1i, gi\u00fap ng\u01b0\u1eddi ti\u00eau d\u00f9ng t\u1ea1o n\u00ean nh\u1eefng m\u00f3n \u0103n v\u1eeba ngon mi\u1ec7ng, v\u1eeba an to\u00e0n cho s\u1ee9c kh\u1ecfe.<\/p>\n<p data-sourcepos=\"29:1-29:468\"><img fetchpriority=\"high\" decoding=\"async\" class=\"aligncenter\" src=\"https:\/\/havamall.com\/wp-content\/uploads\/2025\/06\/Banner-thang-5-03.jpg\" width=\"799\" height=\"799\" \/><\/p>\n<p data-sourcepos=\"29:1-29:468\"><span style=\"font-size: 18pt\"><strong>\u0110\u1eb6C \u0110I\u1ec2M S\u1ea2N PH\u1ea8M<\/strong><\/span><\/p>\n<p data-start=\"837\" data-end=\"1124\"><strong data-start=\"837\" data-end=\"872\">L\u00e1 oregano s\u1ea5y kh\u00f4 Atlas Garden<\/strong> \u0111\u01b0\u1ee3c l\u00e0m t\u1eeb nh\u1eefng l\u00e1 oregano t\u01b0\u01a1i, thu ho\u1ea1ch \u0111\u00fang th\u1eddi \u0111i\u1ec3m \u0111\u1ec3 \u0111\u1ea3m b\u1ea3o gi\u1eef \u0111\u01b0\u1ee3c l\u01b0\u1ee3ng tinh d\u1ea7u cao nh\u1ea5t. S\u1ea3n ph\u1ea9m mang \u0111\u1ebfn h\u01b0\u01a1ng th\u01a1m \u0111\u1eb7c tr\u01b0ng, r\u1ea5t \u0111\u01b0\u1ee3c \u01b0a chu\u1ed9ng trong c\u00e1c m\u00f3n \u0103n \u0110\u1ecba Trung H\u1ea3i, \u0111\u1eb7c bi\u1ec7t l\u00e0 <strong data-start=\"1081\" data-end=\"1124\">pizza, m\u00ec \u00dd, th\u1ecbt n\u01b0\u1edbng, salad, s\u00fap,&#8230;<\/strong><\/p>\n<ul data-start=\"1126\" data-end=\"1238\">\n<li data-start=\"1126\" data-end=\"1157\">\n<p data-start=\"1128\" data-end=\"1157\"><strong data-start=\"1128\" data-end=\"1157\">100% nguy\u00ean li\u1ec7u t\u1ef1 nhi\u00ean<\/strong><\/p>\n<\/li>\n<li data-start=\"1158\" data-end=\"1195\">\n<p data-start=\"1160\" data-end=\"1195\">Kh\u00f4ng ch\u1ea5t b\u1ea3o qu\u1ea3n, kh\u00f4ng ph\u1ea9m m\u00e0u<\/p>\n<\/li>\n<li data-start=\"1196\" data-end=\"1238\">\n<p data-start=\"1198\" data-end=\"1238\">Ti\u1ec7n l\u1ee3i, d\u1ec5 b\u1ea3o qu\u1ea3n, d\u00f9ng \u0111\u01b0\u1ee3c l\u00e2u d\u00e0i<\/p>\n<\/li>\n<\/ul>\n<p><img decoding=\"async\" class=\"aligncenter\" src=\"https:\/\/lifeatthetable.com\/wp-content\/uploads\/2023\/07\/oregano-scaled.jpg\" alt=\"Cooking with Oregano | Life At The Table\" width=\"800\" height=\"437\" \/><\/p>\n<p data-start=\"1277\" data-end=\"1557\"><strong>Oregano<\/strong> \u0111\u01b0\u1ee3c <strong data-start=\"1290\" data-end=\"1318\">s\u1ea5y kh\u00f4 t\u1ef1 nhi\u00ean t\u1ea1i \u0110\u1ee9c<\/strong>, d\u01b0\u1edbi \u0111i\u1ec1u ki\u1ec7n ki\u1ec3m so\u00e1t nghi\u00eam ng\u1eb7t \u0111\u1ec3 gi\u1eef nguy\u00ean <strong data-start=\"1371\" data-end=\"1423\">m\u00e0u s\u1eafc, m\u00f9i th\u01a1m v\u00e0 h\u00e0m l\u01b0\u1ee3ng tinh d\u1ea7u t\u1ef1 nhi\u00ean<\/strong>. Qu\u00e1 tr\u00ecnh \u0111\u00f3ng chai th\u1ee7y tinh kh\u00f4ng ch\u1ec9 gi\u00fap b\u1ea3o qu\u1ea3n t\u1ed1t m\u00e0 c\u00f2n th\u00e2n thi\u1ec7n v\u1edbi m\u00f4i tr\u01b0\u1eddng v\u00e0 t\u0103ng t\u00ednh th\u1ea9m m\u1ef9 cho c\u0103n b\u1ebfp c\u1ee7a b\u1ea1n.<\/p>\n<p data-start=\"1586\" data-end=\"1867\"><strong>L\u00e1 oregano<\/strong> c\u00f3 h\u01b0\u01a1ng th\u01a1m <strong data-start=\"1611\" data-end=\"1626\">\u1ea5m, cay nh\u1eb9<\/strong>, xen l\u1eabn v\u1ecb <strong data-start=\"1639\" data-end=\"1657\">n\u1ed3ng \u0111\u1eb7c tr\u01b0ng<\/strong> gi\u00fap c\u00e2n b\u1eb1ng h\u01b0\u01a1ng v\u1ecb trong c\u00e1c m\u00f3n \u0103n nhi\u1ec1u d\u1ea7u m\u1ee1 ho\u1eb7c c\u00f3 ph\u00f4 mai. Khi \u0111\u01b0\u1ee3c k\u1ebft h\u1ee3p v\u1edbi c\u00e1c nguy\u00ean li\u1ec7u kh\u00e1c, oregano gi\u00fap <strong data-start=\"1784\" data-end=\"1835\">l\u00e0m n\u1ed5i b\u1eadt v\u1ecb ng\u1ecdt t\u1ef1 nhi\u00ean c\u1ee7a th\u1ecbt v\u00e0 rau c\u1ee7<\/strong>, mang l\u1ea1i chi\u1ec1u s\u00e2u cho m\u00f3n \u0103n.<\/p>\n<p data-start=\"1586\" data-end=\"1867\"><img decoding=\"async\" class=\"aligncenter\" src=\"https:\/\/havamall.com\/wp-content\/uploads\/2025\/06\/How_to_harvest_and_store_oregano.png\" alt=\"How to harvest and store oregano \u2013 Sprigbox\" width=\"801\" height=\"401\" \/><\/p>\n<p data-start=\"1586\" data-end=\"1867\"><span style=\"font-size: 18pt\"><strong>C\u00d4NG D\u1ee4NG V\u00c0 L\u1ee2I \u00cdCH<\/strong><\/span><\/p>\n<ul>\n<li data-start=\"1900\" data-end=\"1970\">\n<p data-start=\"1902\" data-end=\"1970\">D\u00f9ng tr\u1ef1c ti\u1ebfp \u0111\u1ec3 r\u1eafc l\u00ean <strong data-start=\"1928\" data-end=\"1967\">pizza, m\u00ec \u00dd, khoai t\u00e2y chi\u00ean, salad<\/strong>&#8230;<\/p>\n<\/li>\n<li data-start=\"1971\" data-end=\"2040\">\n<p data-start=\"1973\" data-end=\"2040\">D\u00f9ng khi <strong data-start=\"1982\" data-end=\"2008\">\u01b0\u1edbp th\u1ecbt n\u01b0\u1edbng, c\u00e1, g\u00e0<\/strong>, \u0111\u1eb7c bi\u1ec7t trong c\u00e1c m\u00f3n ki\u1ec3u \u00c2u<\/p>\n<\/li>\n<li data-start=\"2041\" data-end=\"2104\">\n<p data-start=\"2043\" data-end=\"2104\">Cho v\u00e0o n\u01b0\u1edbc s\u1ed1t c\u00e0 chua, s\u00fap, s\u1ed1t spaghetti \u0111\u1ec3 t\u0103ng m\u00f9i th\u01a1m<\/p>\n<\/li>\n<\/ul>\n<p><img loading=\"lazy\" decoding=\"async\" class=\"aligncenter\" src=\"https:\/\/havamall.com\/wp-content\/uploads\/2025\/06\/Oregano_on_pizza.jpg\" width=\"800\" height=\"450\" \/><\/p>\n<p data-start=\"2273\" data-end=\"2553\"><strong>Oregano<\/strong> ch\u1ee9a nhi\u1ec1u ch\u1ea5t ch\u1ed1ng oxy h\u00f3a v\u00e0 tinh d\u1ea7u thi\u00ean nhi\u00ean (nh\u01b0 thymol, carvacrol) c\u00f3 t\u00e1c d\u1ee5ng <strong data-start=\"2371\" data-end=\"2425\">kh\u00e1ng khu\u1ea9n, h\u1ed7 tr\u1ee3 ti\u00eau h\u00f3a, t\u0103ng c\u01b0\u1eddng mi\u1ec5n d\u1ecbch<\/strong>. Vi\u1ec7c b\u1ed5 sung l\u00e1 oregano v\u00e0o th\u1ef1c \u0111\u01a1n h\u00e0ng ng\u00e0y kh\u00f4ng ch\u1ec9 gi\u00fap m\u00f3n \u0103n ngon h\u01a1n m\u00e0 c\u00f2n g\u00f3p ph\u1ea7n b\u1ea3o v\u1ec7 s\u1ee9c kh\u1ecfe cho c\u1ea3 gia \u0111\u00ecnh. S\u1ea3n ph\u1ea9m hi\u1ec7n \u0111\u00e3 c\u00f3 m\u1eb7t t\u1ea1i\u00a0<strong data-start=\"2791\" data-end=\"2803\">Havamall<\/strong>, cam k\u1ebft nh\u1eadp kh\u1ea9u ch\u00ednh ng\u1ea1ch, ch\u1ea5t l\u01b0\u1ee3ng chu\u1ea9n ch\u00e2u \u00c2u.<\/p>","protected":false},"excerpt":{"rendered":"<p>TH\u00d4NG TIN S\u1ea2N PH\u1ea8M Th\u01b0\u01a1ng hi\u1ec7u Atlas Garden Xu\u1ea5t X\u1ee9 \u0110\u1ee9c Th\u00e0nh ph\u1ea7n Xem tr\u00ean bao b\u00ec H\u1ea1n s\u1eed d\u1ee5ng<\/p>","protected":false},"featured_media":45124,"comment_status":"open","ping_status":"closed","template":"","meta":[],"product_brand":[],"product_cat":[154,595,728],"product_tag":[],"class_list":{"0":"post-40024","1":"product","2":"type-product","3":"status-publish","4":"has-post-thumbnail","6":"product_cat-gia-vi","7":"product_cat-gia-vi-va-che-bien","8":"product_cat-nhap-khau-duc","9":"pa_brand-atlas-garden","11":"first","12":"instock","13":"sale","14":"shipping-taxable","15":"purchasable","16":"product-type-simple"},"_links":{"self":[{"href":"https:\/\/havamall.com\/en\/wp-json\/wp\/v2\/product\/40024","targetHints":{"allow":["GET"]}}],"collection":[{"href":"https:\/\/havamall.com\/en\/wp-json\/wp\/v2\/product"}],"about":[{"href":"https:\/\/havamall.com\/en\/wp-json\/wp\/v2\/types\/product"}],"replies":[{"embeddable":true,"href":"https:\/\/havamall.com\/en\/wp-json\/wp\/v2\/comments?post=40024"}],"version-history":[{"count":0,"href":"https:\/\/havamall.com\/en\/wp-json\/wp\/v2\/product\/40024\/revisions"}],"wp:featuredmedia":[{"embeddable":true,"href":"https:\/\/havamall.com\/en\/wp-json\/wp\/v2\/media\/45124"}],"wp:attachment":[{"href":"https:\/\/havamall.com\/en\/wp-json\/wp\/v2\/media?parent=40024"}],"wp:term":[{"taxonomy":"product_brand","embeddable":true,"href":"https:\/\/havamall.com\/en\/wp-json\/wp\/v2\/product_brand?post=40024"},{"taxonomy":"product_cat","embeddable":true,"href":"https:\/\/havamall.com\/en\/wp-json\/wp\/v2\/product_cat?post=40024"},{"taxonomy":"product_tag","embeddable":true,"href":"https:\/\/havamall.com\/en\/wp-json\/wp\/v2\/product_tag?post=40024"}],"curies":[{"name":"wp","href":"https:\/\/api.w.org\/{rel}","templated":true}]}}