{"id":40031,"date":"2025-06-04T15:41:21","date_gmt":"2025-06-04T08:41:21","guid":{"rendered":"https:\/\/havamall.com\/?post_type=product&#038;p=40031"},"modified":"2026-03-17T14:41:41","modified_gmt":"2026-03-17T07:41:41","slug":"la-hung-que-atlas-garden-23g-atlas-garden-basil-leaves-23gr","status":"publish","type":"product","link":"https:\/\/havamall.com\/en\/shop\/la-hung-que-atlas-garden-23g-atlas-garden-basil-leaves-23gr\/","title":{"rendered":"L\u00e1 H\u00fang Qu\u1ebf Atlas Garden 23g &#8211; Atlas Garden Basil Leaves 23gr"},"content":{"rendered":"<h3><span style=\"font-size: 18pt\"><strong>TH\u00d4NG TIN S\u1ea2N PH\u1ea8M<\/strong><\/span><\/h3>\n<table>\n<tbody>\n<tr>\n<td>Th\u01b0\u01a1ng hi\u1ec7u<\/td>\n<td>Atlas Garden<\/td>\n<\/tr>\n<tr>\n<td>Xu\u1ea5t X\u1ee9<\/td>\n<td>\u0110\u1ee9c<\/td>\n<\/tr>\n<tr>\n<td>Th\u00e0nh ph\u1ea7n<\/td>\n<td>\n<p data-start=\"1054\" data-end=\"1149\">100% L\u00e1 h\u00fang qu\u1ebf s\u1ea5y kh\u00f4 t\u1ef1 nhi\u00ean<\/p>\n<\/td>\n<\/tr>\n<tr>\n<td>H\u1ea1n s\u1eed d\u1ee5ng<\/td>\n<td>Xem tr\u00ean bao b\u00ec<\/td>\n<\/tr>\n<tr>\n<td>B\u1ea3o qu\u1ea3n<\/td>\n<td>N\u01a1i kh\u00f4 r\u00e1o, tho\u00e1ng m\u00e1t, tr\u00e1nh \u00e1nh n\u1eafng tr\u1ef1c ti\u1ebfp v\u00e0 nhi\u1ec7t \u0111\u1ed9 cao. \u0110\u00f3ng ch\u1eb7t n\u1eafp sau khi s\u1eed d\u1ee5ng.<\/td>\n<\/tr>\n<tr>\n<td>Kh\u1ed1i l\u01b0\u1ee3ng t\u1ecbnh<\/td>\n<td>23g<\/td>\n<\/tr>\n<\/tbody>\n<\/table>\n<p data-sourcepos=\"20:1-21:378\"><span style=\"font-size: 18pt\"><strong>GI\u1edaI THI\u1ec6U TH\u01af\u01a0NG HI\u1ec6U<\/strong><\/span><\/p>\n<p style=\"text-align: justify\" data-sourcepos=\"20:1-21:378\">Atlas Garden l\u00e0 th\u01b0\u01a1ng hi\u1ec7u chuy\u00ean cung c\u1ea5p c\u00e1c lo\u1ea1i gia v\u1ecb v\u00e0 th\u1ea3o m\u1ed9c t\u1ef1 nhi\u00ean, \u0111\u01b0\u1ee3c ch\u1ecdn l\u1ecdc k\u1ef9 l\u01b0\u1ee1ng t\u1eeb nhi\u1ec1u v\u00f9ng nguy\u00ean li\u1ec7u n\u1ed5i ti\u1ebfng tr\u00ean th\u1ebf gi\u1edbi. V\u1edbi s\u1ee9 m\u1ec7nh n\u00e2ng t\u1ea7m tr\u1ea3i nghi\u1ec7m \u1ea9m th\u1ef1c t\u1ea1i gia, Atlas Garden cam k\u1ebft mang \u0111\u1ebfn nh\u1eefng s\u1ea3n ph\u1ea9m ch\u1ea5t l\u01b0\u1ee3ng cao, kh\u00f4ng ch\u1ee9a ph\u1ee5 gia \u0111\u1ed9c h\u1ea1i, gi\u00fap ng\u01b0\u1eddi ti\u00eau d\u00f9ng t\u1ea1o n\u00ean nh\u1eefng m\u00f3n \u0103n v\u1eeba ngon mi\u1ec7ng, v\u1eeba an to\u00e0n cho s\u1ee9c kh\u1ecfe.<\/p>\n<p data-sourcepos=\"20:1-21:378\"><img fetchpriority=\"high\" decoding=\"async\" class=\"aligncenter wp-image-40268\" src=\"https:\/\/havamall.com\/wp-content\/uploads\/2025\/06\/493942044_1258217259644571_7163962914813370668_n-1.jpg\" alt=\"\" width=\"801\" height=\"475\" srcset=\"https:\/\/havamall.com\/wp-content\/uploads\/2025\/06\/493942044_1258217259644571_7163962914813370668_n-1.jpg 2000w, https:\/\/havamall.com\/wp-content\/uploads\/2025\/06\/493942044_1258217259644571_7163962914813370668_n-1-300x178.jpg 300w, https:\/\/havamall.com\/wp-content\/uploads\/2025\/06\/493942044_1258217259644571_7163962914813370668_n-1-1024x607.jpg 1024w, https:\/\/havamall.com\/wp-content\/uploads\/2025\/06\/493942044_1258217259644571_7163962914813370668_n-1-768x455.jpg 768w, https:\/\/havamall.com\/wp-content\/uploads\/2025\/06\/493942044_1258217259644571_7163962914813370668_n-1-18x12.jpg 18w, https:\/\/havamall.com\/wp-content\/uploads\/2025\/06\/493942044_1258217259644571_7163962914813370668_n-1-600x356.jpg 600w, https:\/\/havamall.com\/wp-content\/uploads\/2025\/06\/493942044_1258217259644571_7163962914813370668_n-1-1200x712.jpg 1200w, https:\/\/havamall.com\/wp-content\/uploads\/2025\/06\/493942044_1258217259644571_7163962914813370668_n-1-150x89.jpg 150w\" sizes=\"(max-width: 801px) 100vw, 801px\" \/><\/p>\n<p data-sourcepos=\"23:1-24:406\"><span style=\"font-size: 18pt\"><strong>\u0110\u1eb6C \u0110I\u1ec2M S\u1ea2N PH\u1ea8M<\/strong><\/span><\/p>\n<p data-start=\"558\" data-end=\"747\"><strong data-start=\"558\" data-end=\"594\">L\u00e1 h\u00fang qu\u1ebf s\u1ea5y kh\u00f4 Atlas Garden<\/strong> \u0111\u01b0\u1ee3c ch\u1ecdn l\u1ecdc t\u1eeb nh\u1eefng c\u00e2y h\u00fang qu\u1ebf t\u01b0\u01a1i ngon nh\u1ea5t, sau \u0111\u00f3 s\u1ea5y kh\u00f4 nh\u1eb9 nh\u00e0ng \u0111\u1ec3 gi\u1eef tr\u1ecdn v\u1eb9n <strong data-start=\"688\" data-end=\"746\">h\u01b0\u01a1ng th\u01a1m thanh m\u00e1t, v\u1ecb ng\u1ecdt d\u1ecbu v\u00e0 tinh d\u1ea7u t\u1ef1 nhi\u00ean<\/strong>.<\/p>\n<ul data-start=\"749\" data-end=\"920\">\n<li data-start=\"749\" data-end=\"811\">\n<p data-start=\"751\" data-end=\"811\">100% h\u00fang qu\u1ebf nguy\u00ean ch\u1ea5t, kh\u00f4ng ch\u1ea5t t\u1ea1o m\u00e0u hay b\u1ea3o qu\u1ea3n<\/p>\n<\/li>\n<li data-start=\"812\" data-end=\"852\">\n<p data-start=\"814\" data-end=\"852\">L\u00e1 nh\u1ecf, t\u01a1i, d\u1ec5 s\u1eed d\u1ee5ng, d\u1ec5 b\u1ea3o qu\u1ea3n<\/p>\n<\/li>\n<li data-start=\"853\" data-end=\"920\">\n<p data-start=\"855\" data-end=\"920\">\u0110\u00f3ng chai th\u1ee7y tinh ti\u1ec7n l\u1ee3i, sang tr\u1ecdng v\u00e0 th\u00e2n thi\u1ec7n m\u00f4i tr\u01b0\u1eddng<\/p>\n<\/li>\n<\/ul>\n<p><img decoding=\"async\" class=\"aligncenter\" src=\"https:\/\/havamall.com\/wp-content\/uploads\/2025\/06\/how-to-dry-basil-8.jpg\" alt=\"How to Dry Basil - Oven or Dehydrator\" width=\"801\" height=\"1068\" \/><\/p>\n<p data-start=\"958\" data-end=\"1242\">H\u00fang qu\u1ebf \u0111\u01b0\u1ee3c thu h\u00e1i \u1edf th\u1eddi \u0111i\u1ec3m tinh d\u1ea7u \u0111\u1ea1t \u0111\u1ec9nh, sau \u0111\u00f3 tr\u1ea3i qua <strong data-start=\"1027\" data-end=\"1067\">quy tr\u00ecnh s\u1ea5y l\u1ea1nh ti\u00ean ti\u1ebfn t\u1ea1i \u0110\u1ee9c<\/strong> \u0111\u1ec3 gi\u1eef l\u1ea1i t\u1ed1i \u0111a h\u01b0\u01a1ng th\u01a1m t\u1ef1 nhi\u00ean. S\u1ea3n ph\u1ea9m \u0111\u01b0\u1ee3c <strong data-start=\"1121\" data-end=\"1161\">\u0111\u00f3ng g\u00f3i trong m\u00f4i tr\u01b0\u1eddng ti\u1ec7t tr\u00f9ng<\/strong>, kh\u00f4ng s\u1eed d\u1ee5ng b\u1ea5t k\u1ef3 ch\u1ea5t ph\u1ee5 gia n\u00e0o, \u0111\u1ea3m b\u1ea3o an to\u00e0n cho s\u1ee9c kh\u1ecfe ng\u01b0\u1eddi d\u00f9ng.<\/p>\n<p data-start=\"1270\" data-end=\"1487\">H\u00fang qu\u1ebf kh\u00f4 mang h\u01b0\u01a1ng th\u01a1m \u0111\u1eb7c tr\u01b0ng <strong data-start=\"1309\" data-end=\"1369\">ng\u1ecdt nh\u1eb9, thanh m\u00e1t, tho\u1ea3ng ch\u00fat cay v\u00e0 cay the \u1edf h\u1eadu v\u1ecb<\/strong>. M\u00f9i h\u00fang qu\u1ebf gi\u00fap c\u00e2n b\u1eb1ng v\u1ecb b\u00e9o trong c\u00e1c m\u00f3n c\u00f3 d\u1ea7u m\u1ee1, \u0111\u1ed3ng th\u1eddi l\u00e0m n\u1ed5i b\u1eadt s\u1ef1 t\u01b0\u01a1i m\u1edbi v\u00e0 t\u1ef1 nhi\u00ean c\u1ee7a m\u00f3n \u0103n.<\/p>\n<p data-start=\"1270\" data-end=\"1487\"><img decoding=\"async\" class=\"aligncenter\" src=\"https:\/\/havamall.com\/wp-content\/uploads\/2025\/06\/how-to-dry-basil-dehydrator-oven-feature.webp\" alt=\"Preserving Basil: How to Dry Basil in a Dehydrator or Oven ~ Homestead and Chill\" width=\"800\" height=\"600\" \/><\/p>\n<p data-sourcepos=\"28:1-28:24\"><span style=\"font-size: 18pt\"><strong>C\u00d4NG D\u1ee4NG V\u00c0 L\u1ee2I \u00cdCH<\/strong><\/span><\/p>\n<ul style=\"list-style-type: disc\" data-sourcepos=\"29:1-33:0\">\n<li data-start=\"1519\" data-end=\"1588\">\n<p data-start=\"1521\" data-end=\"1588\">R\u1eafc tr\u1ef1c ti\u1ebfp l\u00ean <strong data-start=\"1539\" data-end=\"1586\">pizza, m\u00ec \u00dd, salad, tr\u1ee9ng chi\u00ean, tr\u1ee9ng lu\u1ed9c<\/strong><\/p>\n<\/li>\n<li data-start=\"1589\" data-end=\"1659\">\n<p data-start=\"1591\" data-end=\"1659\">D\u00f9ng khi <strong data-start=\"1600\" data-end=\"1657\">n\u1ea5u n\u01b0\u1edbc s\u1ed1t c\u00e0 chua, s\u00fap, th\u1ecbt h\u1ea7m ho\u1eb7c canh ki\u1ec3u \u00c2u<\/strong><\/p>\n<\/li>\n<li data-start=\"1660\" data-end=\"1724\">\n<p data-start=\"1662\" data-end=\"1724\">K\u1ebft h\u1ee3p v\u1edbi <strong data-start=\"1674\" data-end=\"1703\">t\u1ecfi, d\u1ea7u \u00f4-liu v\u00e0 c\u00e0 chua<\/strong> \u0111\u1ec3 l\u00e0m s\u1ed1t pesto kh\u00f4<\/p>\n<\/li>\n<\/ul>\n<p><img loading=\"lazy\" decoding=\"async\" class=\"aligncenter\" src=\"https:\/\/ortensiablutraveladventures.com\/wp-content\/uploads\/2021\/06\/aurelien-lemasson-theobald-x00CzBt4Dfk-unsplash-1.jpg\" alt=\"Margherita Pizza with Fresh Basil - Ortensia Blu\" width=\"800\" height=\"534\" \/><\/p>\n<p data-start=\"1868\" data-end=\"2130\"><strong>L\u00e1 h\u00fang qu\u1ebf<\/strong> ch\u1ee9a nhi\u1ec1u <strong data-start=\"1891\" data-end=\"1940\">ch\u1ea5t ch\u1ed1ng oxy h\u00f3a (nh\u01b0 flavonoid v\u00e0 eugenol)<\/strong>, c\u00f3 t\u00e1c d\u1ee5ng <strong data-start=\"1954\" data-end=\"2010\">kh\u00e1ng vi\u00eam, l\u00e0m d\u1ecbu h\u1ec7 ti\u00eau h\u00f3a, h\u1ed7 tr\u1ee3 h\u1ec7 mi\u1ec5n d\u1ecbch<\/strong> v\u00e0 gi\u00fap th\u01b0 gi\u00e3n tinh th\u1ea7n. Vi\u1ec7c s\u1eed d\u1ee5ng th\u01b0\u1eddng xuy\u00ean trong ch\u1ebf bi\u1ebfn m\u00f3n \u0103n gi\u00fap b\u1eefa \u0103n th\u00eam b\u1ed5 d\u01b0\u1ee1ng v\u00e0 l\u00e0nh m\u1ea1nh h\u01a1n. S\u1ea3n ph\u1ea9m hi\u1ec7n \u0111\u00e3 c\u00f3 m\u1eb7t t\u1ea1i <strong data-start=\"2791\" data-end=\"2803\">Havamall<\/strong>, cam k\u1ebft nh\u1eadp kh\u1ea9u ch\u00ednh ng\u1ea1ch, ch\u1ea5t l\u01b0\u1ee3ng chu\u1ea9n ch\u00e2u \u00c2u.<\/p>","protected":false},"excerpt":{"rendered":"<p>TH\u00d4NG TIN S\u1ea2N PH\u1ea8M Th\u01b0\u01a1ng hi\u1ec7u Atlas Garden Xu\u1ea5t X\u1ee9 \u0110\u1ee9c Th\u00e0nh ph\u1ea7n 100% L\u00e1 h\u00fang qu\u1ebf s\u1ea5y kh\u00f4 t\u1ef1<\/p>","protected":false},"featured_media":45126,"comment_status":"open","ping_status":"closed","template":"","meta":[],"product_brand":[],"product_cat":[154,595,728],"product_tag":[],"class_list":{"0":"post-40031","1":"product","2":"type-product","3":"status-publish","4":"has-post-thumbnail","6":"product_cat-gia-vi","7":"product_cat-gia-vi-va-che-bien","8":"product_cat-nhap-khau-duc","9":"pa_brand-atlas-garden","11":"first","12":"instock","13":"sale","14":"shipping-taxable","15":"purchasable","16":"product-type-simple"},"_links":{"self":[{"href":"https:\/\/havamall.com\/en\/wp-json\/wp\/v2\/product\/40031","targetHints":{"allow":["GET"]}}],"collection":[{"href":"https:\/\/havamall.com\/en\/wp-json\/wp\/v2\/product"}],"about":[{"href":"https:\/\/havamall.com\/en\/wp-json\/wp\/v2\/types\/product"}],"replies":[{"embeddable":true,"href":"https:\/\/havamall.com\/en\/wp-json\/wp\/v2\/comments?post=40031"}],"version-history":[{"count":0,"href":"https:\/\/havamall.com\/en\/wp-json\/wp\/v2\/product\/40031\/revisions"}],"wp:featuredmedia":[{"embeddable":true,"href":"https:\/\/havamall.com\/en\/wp-json\/wp\/v2\/media\/45126"}],"wp:attachment":[{"href":"https:\/\/havamall.com\/en\/wp-json\/wp\/v2\/media?parent=40031"}],"wp:term":[{"taxonomy":"product_brand","embeddable":true,"href":"https:\/\/havamall.com\/en\/wp-json\/wp\/v2\/product_brand?post=40031"},{"taxonomy":"product_cat","embeddable":true,"href":"https:\/\/havamall.com\/en\/wp-json\/wp\/v2\/product_cat?post=40031"},{"taxonomy":"product_tag","embeddable":true,"href":"https:\/\/havamall.com\/en\/wp-json\/wp\/v2\/product_tag?post=40031"}],"curies":[{"name":"wp","href":"https:\/\/api.w.org\/{rel}","templated":true}]}}