{"id":40038,"date":"2025-06-04T16:04:53","date_gmt":"2025-06-04T09:04:53","guid":{"rendered":"https:\/\/havamall.com\/?post_type=product&#038;p=40038"},"modified":"2026-03-17T15:05:25","modified_gmt":"2026-03-17T08:05:25","slug":"bot-ot-cua-ga-hun-khoi-atlas-garden-64g-atlas-garden-smoked-paprika-64gr","status":"publish","type":"product","link":"https:\/\/havamall.com\/en\/shop\/bot-ot-cua-ga-hun-khoi-atlas-garden-64g-atlas-garden-smoked-paprika-64gr\/","title":{"rendered":"B\u1ed9t \u1edat C\u1ef1a G\u00e0 Hun Kh\u00f3i Atlas Garden 64g &#8211; Atlas Garden Smoked Paprika 64gr"},"content":{"rendered":"<h3><strong>TH\u00d4NG TIN S\u1ea2N PH\u1ea8M<\/strong><\/h3>\n<table>\n<tbody>\n<tr>\n<td>Th\u01b0\u01a1ng hi\u1ec7u<\/td>\n<td>Atlas Garden<\/td>\n<\/tr>\n<tr>\n<td>Xu\u1ea5t X\u1ee9<\/td>\n<td>\u0110\u1ee9c<\/td>\n<\/tr>\n<tr>\n<td>Th\u00e0nh ph\u1ea7n<\/td>\n<td>\n<p data-start=\"1054\" data-end=\"1149\">100% B\u1ed9t Paprika hun kh\u00f3i t\u1ef1 nhi\u00ean<\/p>\n<\/td>\n<\/tr>\n<tr>\n<td>H\u1ea1n s\u1eed d\u1ee5ng<\/td>\n<td>Xem tr\u00ean bao b\u00ec<\/td>\n<\/tr>\n<tr>\n<td>B\u1ea3o qu\u1ea3n<\/td>\n<td>N\u01a1i kh\u00f4 r\u00e1o, tho\u00e1ng m\u00e1t, tr\u00e1nh \u00e1nh n\u1eafng tr\u1ef1c ti\u1ebfp v\u00e0 nhi\u1ec7t \u0111\u1ed9 cao. \u0110\u00f3ng ch\u1eb7t n\u1eafp sau khi s\u1eed d\u1ee5ng.<\/td>\n<\/tr>\n<tr>\n<td>Kh\u1ed1i l\u01b0\u1ee3ng t\u1ecbnh<\/td>\n<td>64g<\/td>\n<\/tr>\n<\/tbody>\n<\/table>\n<h3><strong>GI\u1edaI THI\u1ec6U TH\u01af\u01a0NG HI\u1ec6U<\/strong><\/h3>\n<p data-start=\"281\" data-end=\"650\"><strong data-start=\"281\" data-end=\"297\">Atlas Garden<\/strong>\u00a0l\u00e0 th\u01b0\u01a1ng hi\u1ec7u gia v\u1ecb v\u00e0 th\u1ea3o m\u1ed9c nh\u1eadp kh\u1ea9u uy t\u00edn, chuy\u00ean cung c\u1ea5p nh\u1eefng nguy\u00ean li\u1ec7u t\u1ef1 nhi\u00ean, nguy\u00ean ch\u1ea5t v\u00e0 \u0111\u01b0\u1ee3c ch\u1ecdn l\u1ecdc k\u1ef9 l\u01b0\u1ee1ng t\u1eeb c\u00e1c v\u00f9ng tr\u1ed3ng n\u1ed5i ti\u1ebfng tr\u00ean th\u1ebf gi\u1edbi. V\u1edbi s\u1ee9 m\u1ec7nh mang \u0111\u1ebfn\u00a0<strong data-start=\"496\" data-end=\"544\">\u201cH\u01b0\u01a1ng v\u1ecb to\u00e0n c\u1ea7u, c\u1ea3m h\u1ee9ng n\u1ea5u \u0103n t\u1ea1i gia\u201d<\/strong>, Atlas Garden gi\u00fap ng\u01b0\u1eddi n\u1ed9i tr\u1ee3 hi\u1ec7n \u0111\u1ea1i s\u00e1ng t\u1ea1o n\u00ean nh\u1eefng m\u00f3n \u0103n v\u1eeba ngon mi\u1ec7ng, v\u1eeba t\u1ed1t cho s\u1ee9c kh\u1ecfe.<\/p>\n<p data-start=\"281\" data-end=\"650\"><img fetchpriority=\"high\" decoding=\"async\" class=\"aligncenter size-full wp-image-40230\" src=\"https:\/\/havamall.com\/wp-content\/uploads\/2025\/06\/Atlas-Logo-2.png\" alt=\"\" width=\"800\" height=\"420\" srcset=\"https:\/\/havamall.com\/wp-content\/uploads\/2025\/06\/Atlas-Logo-2.png 800w, https:\/\/havamall.com\/wp-content\/uploads\/2025\/06\/Atlas-Logo-2-300x158.png 300w, https:\/\/havamall.com\/wp-content\/uploads\/2025\/06\/Atlas-Logo-2-768x403.png 768w, https:\/\/havamall.com\/wp-content\/uploads\/2025\/06\/Atlas-Logo-2-18x9.png 18w, https:\/\/havamall.com\/wp-content\/uploads\/2025\/06\/Atlas-Logo-2-600x315.png 600w, https:\/\/havamall.com\/wp-content\/uploads\/2025\/06\/Atlas-Logo-2-150x79.png 150w\" sizes=\"(max-width: 800px) 100vw, 800px\" \/><\/p>\n<h3><strong>\u0110\u1eb6C \u0110I\u1ec2M S\u1ea2N PH\u1ea8M<\/strong><\/h3>\n<p data-start=\"699\" data-end=\"1005\"><strong data-start=\"699\" data-end=\"738\">B\u1ed9t \u1edbt c\u1ef1a g\u00e0 hun kh\u00f3i Atlas Garden<\/strong>\u00a0(Smoked Paprika) l\u00e0 lo\u1ea1i gia v\u1ecb n\u1ed5i ti\u1ebfng trong n\u1ec1n \u1ea9m th\u1ef1c \u0110\u1ecba Trung H\u1ea3i, \u0111\u1eb7c bi\u1ec7t l\u00e0 T\u00e2y Ban Nha. \u0110\u01b0\u1ee3c l\u00e0m t\u1eeb nh\u1eefng qu\u1ea3 \u1edbt c\u1ef1a g\u00e0 \u0111\u1ecf m\u1ecdng, ph\u01a1i kh\u00f4 t\u1ef1 nhi\u00ean v\u00e0 hun kh\u00f3i b\u1eb1ng g\u1ed7 s\u1ed3i, s\u1ea3n ph\u1ea9m mang \u0111\u1ebfn\u00a0<strong data-start=\"941\" data-end=\"1004\">m\u1ed9t h\u01b0\u01a1ng th\u01a1m \u0111\u1eadm \u0111\u00e0, quy\u1ebfn r\u0169 v\u00e0 v\u1ecb cay nh\u1eb9 \u0111\u1ea7y chi\u1ec1u s\u00e2u<\/strong>.<\/p>\n<ul data-start=\"1007\" data-end=\"1201\">\n<li data-start=\"1007\" data-end=\"1052\">\n<p data-start=\"1009\" data-end=\"1052\">\u1edat \u0111\u01b0\u1ee3c xay m\u1ecbn, m\u00e0u s\u1eafc \u0111\u1ecf t\u01b0\u01a1i t\u1ef1 nhi\u00ean<\/p>\n<\/li>\n<li data-start=\"1053\" data-end=\"1112\">\n<p data-start=\"1055\" data-end=\"1112\">V\u1ecb cay nh\u1eb9, kh\u00f4ng n\u1ed3ng g\u1eaft, ph\u00f9 h\u1ee3p v\u1edbi kh\u1ea9u v\u1ecb \u0111a d\u1ea1ng<\/p>\n<\/li>\n<li data-start=\"1113\" data-end=\"1201\">\n<p data-start=\"1115\" data-end=\"1201\">H\u01b0\u01a1ng kh\u00f3i \u0111\u1eb7c tr\u01b0ng gi\u00fap l\u00e0m d\u1eady m\u00f9i cho m\u00f3n \u0103n m\u00e0 kh\u00f4ng c\u1ea7n th\u00eam nhi\u1ec1u gia v\u1ecb kh\u00e1c<\/p>\n<\/li>\n<\/ul>\n<p><img decoding=\"async\" class=\"aligncenter\" src=\"https:\/\/havamall.com\/wp-content\/uploads\/2025\/06\/l-intro-1618517788.jpg\" alt=\"Smoked paprika \u2013 Nomad Wholefoods\" width=\"800\" height=\"448\" \/><\/p>\n<p data-start=\"1239\" data-end=\"1543\">\u1edat \u0111\u01b0\u1ee3c thu ho\u1ea1ch khi ch\u00edn \u0111\u1ecf, sau \u0111\u00f3\u00a0<strong data-start=\"1277\" data-end=\"1318\">ph\u01a1i kh\u00f4 b\u1eb1ng g\u1ed7 s\u1ed3i trong nhi\u1ec1u ng\u00e0y<\/strong>, t\u1ea1o n\u00ean\u00a0<strong data-start=\"1328\" data-end=\"1364\">m\u00f9i kh\u00f3i t\u1ef1 nhi\u00ean kh\u00f4ng h\u00f3a ch\u1ea5t<\/strong>. Sau khi hun kh\u00f3i, \u1edbt \u0111\u01b0\u1ee3c\u00a0<strong data-start=\"1392\" data-end=\"1423\">xay m\u1ecbn v\u00e0 \u0111\u00f3ng g\u00f3i t\u1ea1i \u0110\u1ee9c<\/strong>, tu\u00e2n th\u1ee7 c\u00e1c ti\u00eau chu\u1ea9n nghi\u00eam ng\u1eb7t v\u1ec1 v\u1ec7 sinh an to\u00e0n th\u1ef1c ph\u1ea9m, kh\u00f4ng ch\u1ee9a ph\u1ea9m m\u00e0u, ch\u1ea5t b\u1ea3o qu\u1ea3n hay ch\u1ea5t t\u1ea1o m\u00f9i.<\/p>\n<p data-start=\"1571\" data-end=\"1808\">B\u1ed9t \u1edbt hun kh\u00f3i mang h\u01b0\u01a1ng th\u01a1m\u00a0<strong data-start=\"1603\" data-end=\"1622\">\u1ea5m \u00e1p, kh\u00f3i nh\u1eb9<\/strong>, h\u1eadu v\u1ecb\u00a0<strong data-start=\"1631\" data-end=\"1651\">ng\u1ecdt cay d\u1ecbu nh\u1eb9<\/strong>, kh\u00f4ng g\u1eaft nh\u01b0 \u1edbt t\u01b0\u01a1i. Ch\u00ednh s\u1ef1 c\u00e2n b\u1eb1ng gi\u1eefa v\u1ecb cay, m\u00f9i th\u01a1m v\u00e0 m\u00e0u s\u1eafc \u0111\u00e3 khi\u1ebfn\u00a0<strong data-start=\"1736\" data-end=\"1807\">Smoked Paprika tr\u1edf th\u00e0nh lo\u1ea1i gia v\u1ecb &#8220;\u0111inh&#8221; trong nhi\u1ec1u m\u00f3n \u00c2u \u2013 M\u1ef9<\/strong>.<\/p>\n<p data-start=\"1571\" data-end=\"1808\"><img decoding=\"async\" class=\"aligncenter\" src=\"https:\/\/havamall.com\/wp-content\/uploads\/2025\/06\/912EmwQLqUL.jpg\" alt=\"Authentic Spanish Sweet Smoked Paprika Powder, Sweet &amp; Smoky Seasoning, Premium Oak-Smoked Paprika, Perfect for Paella, Patatas Bravas &amp; Spanish Dishes, 1000g : Amazon.co.uk: Grocery\" width=\"801\" height=\"801\" \/><\/p>\n<h3><strong>C\u00d4NG D\u1ee4NG V\u00c0 L\u1ee2I \u00cdCH<\/strong><\/h3>\n<ul data-start=\"1840\" data-end=\"2162\">\n<li data-start=\"1840\" data-end=\"1922\">\n<p data-start=\"1842\" data-end=\"1922\"><strong data-start=\"1842\" data-end=\"1872\">\u01af\u1edbp th\u1ecbt, c\u00e1, g\u00e0 n\u01b0\u1edbng BBQ<\/strong>, gi\u00fap th\u1ecbt c\u00f3 m\u00e0u \u0111\u1eb9p v\u00e0 m\u00f9i kh\u00f3i th\u01a1m t\u1ef1 nhi\u00ean<\/p>\n<\/li>\n<li data-start=\"1923\" data-end=\"1989\">\n<p data-start=\"1925\" data-end=\"1989\">D\u00f9ng trong\u00a0<strong data-start=\"1936\" data-end=\"1987\">c\u00e1c m\u00f3n s\u1ed1t, soup, stew, pasta, khoai t\u00e2y n\u01b0\u1edbng<\/strong><\/p>\n<\/li>\n<li data-start=\"1990\" data-end=\"2050\">\n<p data-start=\"1992\" data-end=\"2050\">R\u1eafc l\u00ean\u00a0<strong data-start=\"2000\" data-end=\"2048\">tr\u1ee9ng chi\u00ean, c\u01a1m chi\u00ean, salad, b\u00e1nh m\u00ec n\u01b0\u1edbng<\/strong><\/p>\n<\/li>\n<li data-start=\"2051\" data-end=\"2162\">\n<p data-start=\"2053\" data-end=\"2162\">L\u00e0 nguy\u00ean li\u1ec7u ch\u00ednh trong nhi\u1ec1u m\u00f3n n\u1ed5i ti\u1ebfng nh\u01b0\u00a0<strong data-start=\"2104\" data-end=\"2162\">paella, g\u00e0 n\u01b0\u1edbng ki\u1ec3u T\u00e2y Ban Nha, chorizo, jambalaya\u2026<\/strong><\/p>\n<\/li>\n<\/ul>\n<p data-start=\"2164\" data-end=\"2270\"><em>M\u1eb9o nh\u1ecf:\u00a0D\u00f9ng Smoked Paprika \u1edf cu\u1ed1i b\u01b0\u1edbc n\u1ea5u ho\u1eb7c sau khi t\u1eaft b\u1ebfp \u0111\u1ec3 gi\u1eef tr\u1ecdn m\u00f9i th\u01a1m kh\u00f3i quy\u1ebfn r\u0169.<\/em><\/p>\n<p data-start=\"2164\" data-end=\"2270\"><img loading=\"lazy\" decoding=\"async\" class=\"aligncenter\" src=\"https:\/\/havamall.com\/wp-content\/uploads\/2025\/06\/merlin_163287228_b349aad3-7d02-4918-8ec1-dc000603e8c5-superJumbo.jpg\" alt=\"Sheet-Pan Paprika Chicken With Tomatoes and Parmesan\" width=\"799\" height=\"532\" \/><\/p>\n<p data-start=\"2308\" data-end=\"2572\">\u1edat c\u1ef1a g\u00e0 ch\u1ee9a\u00a0<strong data-start=\"2323\" data-end=\"2336\">capsaicin<\/strong>\u00a0\u2013 ho\u1ea1t ch\u1ea5t gi\u00fap\u00a0<strong data-start=\"2354\" data-end=\"2416\">k\u00edch th\u00edch ti\u00eau h\u00f3a, t\u0103ng c\u01b0\u1eddng tu\u1ea7n ho\u00e0n v\u00e0 trao \u0111\u1ed5i ch\u1ea5t<\/strong>. B\u1ed9t \u1edbt hun kh\u00f3i c\u1ee7a Atlas Garden ho\u00e0n to\u00e0n\u00a0<strong data-start=\"2461\" data-end=\"2496\">kh\u00f4ng ch\u1ee9a ph\u1ea9m m\u00e0u hay ph\u1ee5 gia<\/strong>, gi\u00fap b\u1ea1n t\u1eadn h\u01b0\u1edfng h\u01b0\u01a1ng v\u1ecb th\u01a1m ngon m\u00e0 v\u1eabn \u0111\u1ea3m b\u1ea3o an to\u00e0n cho s\u1ee9c kh\u1ecfe. S\u1ea3n ph\u1ea9m hi\u1ec7n \u0111\u00e3 c\u00f3 m\u1eb7t t\u1ea1i\u00a0<strong data-start=\"2791\" data-end=\"2803\">Havamall<\/strong>, cam k\u1ebft nh\u1eadp kh\u1ea9u ch\u00ednh ng\u1ea1ch, ch\u1ea5t l\u01b0\u1ee3ng chu\u1ea9n ch\u00e2u \u00c2u.<\/p>","protected":false},"excerpt":{"rendered":"<p>TH\u00d4NG TIN S\u1ea2N PH\u1ea8M Th\u01b0\u01a1ng hi\u1ec7u Atlas Garden Xu\u1ea5t X\u1ee9 \u0110\u1ee9c Th\u00e0nh ph\u1ea7n 100% B\u1ed9t Paprika hun kh\u00f3i t\u1ef1 nhi\u00ean<\/p>","protected":false},"featured_media":45129,"comment_status":"open","ping_status":"closed","template":"","meta":[],"product_brand":[],"product_cat":[154,595,728],"product_tag":[],"class_list":{"0":"post-40038","1":"product","2":"type-product","3":"status-publish","4":"has-post-thumbnail","6":"product_cat-gia-vi","7":"product_cat-gia-vi-va-che-bien","8":"product_cat-nhap-khau-duc","9":"pa_brand-atlas-garden","11":"first","12":"instock","13":"sale","14":"shipping-taxable","15":"purchasable","16":"product-type-simple"},"_links":{"self":[{"href":"https:\/\/havamall.com\/en\/wp-json\/wp\/v2\/product\/40038","targetHints":{"allow":["GET"]}}],"collection":[{"href":"https:\/\/havamall.com\/en\/wp-json\/wp\/v2\/product"}],"about":[{"href":"https:\/\/havamall.com\/en\/wp-json\/wp\/v2\/types\/product"}],"replies":[{"embeddable":true,"href":"https:\/\/havamall.com\/en\/wp-json\/wp\/v2\/comments?post=40038"}],"version-history":[{"count":0,"href":"https:\/\/havamall.com\/en\/wp-json\/wp\/v2\/product\/40038\/revisions"}],"wp:featuredmedia":[{"embeddable":true,"href":"https:\/\/havamall.com\/en\/wp-json\/wp\/v2\/media\/45129"}],"wp:attachment":[{"href":"https:\/\/havamall.com\/en\/wp-json\/wp\/v2\/media?parent=40038"}],"wp:term":[{"taxonomy":"product_brand","embeddable":true,"href":"https:\/\/havamall.com\/en\/wp-json\/wp\/v2\/product_brand?post=40038"},{"taxonomy":"product_cat","embeddable":true,"href":"https:\/\/havamall.com\/en\/wp-json\/wp\/v2\/product_cat?post=40038"},{"taxonomy":"product_tag","embeddable":true,"href":"https:\/\/havamall.com\/en\/wp-json\/wp\/v2\/product_tag?post=40038"}],"curies":[{"name":"wp","href":"https:\/\/api.w.org\/{rel}","templated":true}]}}