{"id":40047,"date":"2025-06-04T16:34:26","date_gmt":"2025-06-04T09:34:26","guid":{"rendered":"https:\/\/havamall.com\/?post_type=product&#038;p=40047"},"modified":"2026-03-17T14:45:25","modified_gmt":"2026-03-17T07:45:25","slug":"la-huong-thao-atlas-garden-33g-atlas-garden-rosemary-leaves-33gr","status":"publish","type":"product","link":"https:\/\/havamall.com\/en\/shop\/la-huong-thao-atlas-garden-33g-atlas-garden-rosemary-leaves-33gr\/","title":{"rendered":"L\u00e1 H\u01b0\u01a1ng Th\u1ea3o Atlas Garden 33g &#8211; Atlas Garden Rosemary Leaves 33gr"},"content":{"rendered":"<h3><strong>TH\u00d4NG TIN S\u1ea2N PH\u1ea8M<\/strong><\/h3>\n<table>\n<tbody>\n<tr>\n<td>Th\u01b0\u01a1ng hi\u1ec7u<\/td>\n<td>Atlas Garden<\/td>\n<\/tr>\n<tr>\n<td>Xu\u1ea5t X\u1ee9<\/td>\n<td>\u0110\u1ee9c<\/td>\n<\/tr>\n<tr>\n<td>Th\u00e0nh ph\u1ea7n<\/td>\n<td>\n<p data-start=\"1054\" data-end=\"1149\">100% L\u00e1 h\u01b0\u01a1ng th\u1ea3o s\u1ea5y kh\u00f4 t\u1ef1 nhi\u00ean<\/p>\n<\/td>\n<\/tr>\n<tr>\n<td>H\u1ea1n s\u1eed d\u1ee5ng<\/td>\n<td>Xem tr\u00ean bao b\u00ec<\/td>\n<\/tr>\n<tr>\n<td>B\u1ea3o qu\u1ea3n<\/td>\n<td>N\u01a1i kh\u00f4 r\u00e1o, tho\u00e1ng m\u00e1t, tr\u00e1nh \u00e1nh n\u1eafng tr\u1ef1c ti\u1ebfp v\u00e0 nhi\u1ec7t \u0111\u1ed9 cao. \u0110\u00f3ng ch\u1eb7t n\u1eafp sau khi s\u1eed d\u1ee5ng.<\/td>\n<\/tr>\n<tr>\n<td>Kh\u1ed1i l\u01b0\u1ee3ng t\u1ecbnh<\/td>\n<td>33g<\/td>\n<\/tr>\n<\/tbody>\n<\/table>\n<h3><strong>GI\u1edaI THI\u1ec6U TH\u01af\u01a0NG HI\u1ec6U<\/strong><\/h3>\n<p data-start=\"281\" data-end=\"650\"><strong data-start=\"281\" data-end=\"297\">Atlas Garden<\/strong>\u00a0l\u00e0 th\u01b0\u01a1ng hi\u1ec7u gia v\u1ecb v\u00e0 th\u1ea3o m\u1ed9c nh\u1eadp kh\u1ea9u uy t\u00edn, chuy\u00ean cung c\u1ea5p nh\u1eefng nguy\u00ean li\u1ec7u t\u1ef1 nhi\u00ean, nguy\u00ean ch\u1ea5t v\u00e0 \u0111\u01b0\u1ee3c ch\u1ecdn l\u1ecdc k\u1ef9 l\u01b0\u1ee1ng t\u1eeb c\u00e1c v\u00f9ng tr\u1ed3ng n\u1ed5i ti\u1ebfng tr\u00ean th\u1ebf gi\u1edbi. V\u1edbi s\u1ee9 m\u1ec7nh mang \u0111\u1ebfn\u00a0<strong data-start=\"496\" data-end=\"544\">\u201cH\u01b0\u01a1ng v\u1ecb to\u00e0n c\u1ea7u, c\u1ea3m h\u1ee9ng n\u1ea5u \u0103n t\u1ea1i gia\u201d<\/strong>, Atlas Garden gi\u00fap ng\u01b0\u1eddi n\u1ed9i tr\u1ee3 hi\u1ec7n \u0111\u1ea1i s\u00e1ng t\u1ea1o n\u00ean nh\u1eefng m\u00f3n \u0103n v\u1eeba ngon mi\u1ec7ng, v\u1eeba t\u1ed1t cho s\u1ee9c kh\u1ecfe.<\/p>\n<p data-start=\"281\" data-end=\"650\"><img fetchpriority=\"high\" decoding=\"async\" class=\"aligncenter size-full wp-image-40230\" src=\"https:\/\/havamall.com\/wp-content\/uploads\/2025\/06\/Atlas-Logo-2.png\" alt=\"\" width=\"800\" height=\"420\" srcset=\"https:\/\/havamall.com\/wp-content\/uploads\/2025\/06\/Atlas-Logo-2.png 800w, https:\/\/havamall.com\/wp-content\/uploads\/2025\/06\/Atlas-Logo-2-300x158.png 300w, https:\/\/havamall.com\/wp-content\/uploads\/2025\/06\/Atlas-Logo-2-768x403.png 768w, https:\/\/havamall.com\/wp-content\/uploads\/2025\/06\/Atlas-Logo-2-18x9.png 18w, https:\/\/havamall.com\/wp-content\/uploads\/2025\/06\/Atlas-Logo-2-600x315.png 600w, https:\/\/havamall.com\/wp-content\/uploads\/2025\/06\/Atlas-Logo-2-150x79.png 150w\" sizes=\"(max-width: 800px) 100vw, 800px\" \/><\/p>\n<h3><strong>\u0110\u1eb6C \u0110I\u1ec2M S\u1ea2N PH\u1ea8M<\/strong><\/h3>\n<p data-start=\"609\" data-end=\"884\"><strong data-start=\"609\" data-end=\"639\">L\u00e1 h\u01b0\u01a1ng th\u1ea3o Atlas Garden<\/strong>\u00a0\u0111\u01b0\u1ee3c s\u1ea5y kh\u00f4 nh\u1eb9 nh\u00e0ng \u0111\u1ec3 gi\u1eef tr\u1ecdn h\u01b0\u01a1ng th\u01a1m\u00a0<strong data-start=\"686\" data-end=\"746\">g\u1ed7 th\u00f4ng t\u1ef1 nhi\u00ean, thoang tho\u1ea3ng m\u00f9i b\u1ea1c h\u00e0 v\u00e0 cam chanh<\/strong>, r\u1ea5t \u0111\u1eb7c tr\u01b0ng c\u1ee7a c\u00e2y <strong>rosemary<\/strong>. S\u1ea3n ph\u1ea9m ph\u00f9 h\u1ee3p v\u1edbi c\u00e1c m\u00f3n n\u01b0\u1edbng, h\u1ea7m, s\u1ed1t, \u0111\u1eb7c bi\u1ec7t l\u00e0 c\u00e1c m\u00f3n \u0103n theo phong c\u00e1ch \u00c2u \u2013 \u0110\u1ecba Trung H\u1ea3i.<\/p>\n<ul data-start=\"886\" data-end=\"1125\">\n<li data-start=\"886\" data-end=\"967\">\n<p data-start=\"888\" data-end=\"967\">100% l\u00e1 h\u01b0\u01a1ng th\u1ea3o kh\u00f4,\u00a0<strong data-start=\"912\" data-end=\"965\">kh\u00f4ng ch\u1ea5t t\u1ea1o m\u00f9i, kh\u00f4ng ph\u1ea9m m\u00e0u, kh\u00f4ng ph\u1ee5 gia<\/strong><\/p>\n<\/li>\n<li data-start=\"968\" data-end=\"1054\">\n<p data-start=\"970\" data-end=\"1054\">H\u01b0\u01a1ng th\u01a1m m\u1ea1nh, gi\u1eef nguy\u00ean c\u1ea5u tr\u00fac l\u00e1 gi\u00fap d\u1ec5 nh\u1eadn bi\u1ebft v\u00e0 \u0111\u1ecbnh l\u01b0\u1ee3ng khi n\u1ea5u \u0103n<\/p>\n<\/li>\n<li data-start=\"1055\" data-end=\"1125\">\n<p data-start=\"1057\" data-end=\"1125\">\u0110\u01b0\u1ee3c \u0111\u00f3ng chai th\u1ee7y tinh k\u00edn kh\u00ed, b\u1ea3o qu\u1ea3n t\u1ed1t v\u00e0 s\u1eed d\u1ee5ng thu\u1eadn ti\u1ec7n<\/p>\n<\/li>\n<\/ul>\n<p><img decoding=\"async\" class=\"aligncenter\" src=\"https:\/\/havamall.com\/wp-content\/uploads\/2025\/06\/312ae90c9823f98d286be9228eac306e6f80ec20_1024x1024.jpg\" alt=\"Terra-Dried Rosemary\" width=\"800\" height=\"800\" \/><\/p>\n<p data-start=\"1163\" data-end=\"1432\"><strong>L\u00e1 h\u01b0\u01a1ng th\u1ea3o<\/strong> \u0111\u01b0\u1ee3c\u00a0<strong data-start=\"1182\" data-end=\"1225\">thu h\u00e1i v\u00e0o th\u1eddi \u0111i\u1ec3m tinh d\u1ea7u \u0111\u1ea1t \u0111\u1ec9nh<\/strong>, sau \u0111\u00f3 s\u1ea5y kh\u00f4 \u1edf nhi\u1ec7t \u0111\u1ed9 th\u1ea5p \u0111\u1ec3\u00a0<strong data-start=\"1261\" data-end=\"1311\">gi\u1eef t\u1ed1i \u0111a l\u01b0\u1ee3ng tinh d\u1ea7u v\u00e0 h\u01b0\u01a1ng v\u1ecb t\u1ef1 nhi\u00ean<\/strong>. Qu\u00e1 tr\u00ecnh s\u1ea3n xu\u1ea5t v\u00e0 \u0111\u00f3ng g\u00f3i t\u1ea1i \u0110\u1ee9c \u0111\u1ea3m b\u1ea3o v\u1ec7 sinh nghi\u00eam ng\u1eb7t, kh\u00f4ng s\u1eed d\u1ee5ng b\u1ea5t k\u1ef3 ch\u1ea5t h\u00f3a h\u1ecdc hay b\u1ea3o qu\u1ea3n n\u00e0o.<\/p>\n<p data-start=\"1460\" data-end=\"1666\"><strong>H\u01b0\u01a1ng th\u1ea3o<\/strong> c\u00f3 m\u00f9i th\u01a1m\u00a0<strong data-start=\"1483\" data-end=\"1517\">\u1ea5m, th\u1ea3o m\u1ed9c, h\u01a1i cay v\u00e0 thanh<\/strong>, mang \u0111\u1eb7c tr\u01b0ng c\u1ee7a c\u00e1c m\u00f3n \u0103n ch\u00e2u \u00c2u. V\u1ecb c\u1ee7a n\u00f3 gi\u00fap\u00a0<strong data-start=\"1573\" data-end=\"1620\">l\u00e0m d\u1ecbu v\u1ecb b\u00e9o c\u1ee7a th\u1ecbt \u0111\u1ecf v\u00e0 c\u00e1c m\u00f3n n\u01b0\u1edbng<\/strong>, \u0111\u1ed3ng th\u1eddi t\u1ea1o chi\u1ec1u s\u00e2u cho n\u01b0\u1edbc s\u1ed1t v\u00e0 s\u00fap.<\/p>\n<p data-start=\"1460\" data-end=\"1666\"><img decoding=\"async\" class=\"aligncenter\" src=\"https:\/\/spiceography.com\/wp-content\/uploads\/2021\/11\/dried-rosemary-vs-fresh.jpg\" alt=\"Dried Rosemary Vs. Fresh: SPICEography Showdown\" width=\"800\" height=\"533\" \/><\/p>\n<h3><strong>C\u00d4NG D\u1ee4NG V\u00c0 L\u1ee2I \u00cdCH<\/strong><\/h3>\n<ul data-start=\"1698\" data-end=\"1983\">\n<li data-start=\"1698\" data-end=\"1783\">\n<p data-start=\"1700\" data-end=\"1783\"><strong data-start=\"1700\" data-end=\"1730\">\u01af\u1edbp th\u1ecbt b\u00f2, g\u00e0, c\u1eebu n\u01b0\u1edbng<\/strong>, \u0111\u1eb7c bi\u1ec7t hi\u1ec7u qu\u1ea3 khi k\u1ebft h\u1ee3p v\u1edbi t\u1ecfi v\u00e0 ti\u00eau \u0111en<\/p>\n<\/li>\n<li data-start=\"1784\" data-end=\"1847\">\n<p data-start=\"1786\" data-end=\"1847\">D\u00f9ng cho\u00a0<strong data-start=\"1795\" data-end=\"1845\">s\u00fap, m\u00f3n h\u1ea7m (stew), n\u01b0\u1edbc s\u1ed1t, khoai t\u00e2y n\u01b0\u1edbng<\/strong><\/p>\n<\/li>\n<li data-start=\"1848\" data-end=\"1909\">\n<p data-start=\"1850\" data-end=\"1909\">R\u1eafc l\u00ean\u00a0<strong data-start=\"1858\" data-end=\"1907\">pizza, m\u00ec \u00dd, b\u00e1nh m\u00ec ho\u1eb7c salad \u0110\u1ecba Trung H\u1ea3i<\/strong><\/p>\n<\/li>\n<li data-start=\"1910\" data-end=\"1983\">\n<p data-start=\"1912\" data-end=\"1983\">C\u00f3 th\u1ec3\u00a0<strong data-start=\"1919\" data-end=\"1941\">pha tr\u00e0 h\u01b0\u01a1ng th\u1ea3o<\/strong>\u00a0\u0111\u1ec3 th\u01b0 gi\u00e3n tinh th\u1ea7n v\u00e0 thanh l\u1ecdc c\u01a1 th\u1ec3<\/p>\n<\/li>\n<\/ul>\n<p><img loading=\"lazy\" decoding=\"async\" class=\"aligncenter\" src=\"https:\/\/assets.epicurious.com\/photos\/54abfe5019925f464b3a4f9a\/4:3\/w_2595,h_1946,c_limit\/51241910_rosemary-grilled-chicken_1x1.jpg\" alt=\"Garlic-and-Rosemary Grilled Chicken with Scallions\" width=\"800\" height=\"600\" \/><\/p>\n<p data-start=\"1985\" data-end=\"2098\"><em>M\u1eb9o d\u00f9ng:\u00a0Nghi\u1ec1n nh\u1eb9 l\u00e1 h\u01b0\u01a1ng th\u1ea3o kh\u00f4 trong tay tr\u01b0\u1edbc khi s\u1eed d\u1ee5ng \u0111\u1ec3 gi\u1ea3i ph\u00f3ng h\u01b0\u01a1ng th\u01a1m tinh d\u1ea7u t\u1ed1i \u01b0u.<\/em><\/p>\n<p data-start=\"2136\" data-end=\"2407\">L\u00e1 h\u01b0\u01a1ng th\u1ea3o ch\u1ee9a nhi\u1ec1u h\u1ee3p ch\u1ea5t ch\u1ed1ng oxy h\u00f3a nh\u01b0 <strong data-start=\"2188\" data-end=\"2219\">axit rosmarinic v\u00e0 carnosic<\/strong>, c\u00f3 kh\u1ea3 n\u0103ng h\u1ed7 tr\u1ee3 <strong data-start=\"2240\" data-end=\"2323\">ch\u1ed1ng vi\u00eam, c\u1ea3i thi\u1ec7n ti\u00eau h\u00f3a, t\u0103ng c\u01b0\u1eddng tr\u00ed nh\u1edb v\u00e0 gi\u1ea3m c\u0103ng th\u1eb3ng th\u1ea7n kinh<\/strong>. Tr\u00e0 h\u01b0\u01a1ng th\u1ea3o c\u00f2n gi\u00fap <strong data-start=\"2349\" data-end=\"2395\">thanh l\u1ecdc gan v\u00e0 l\u00e0m d\u1ecbu c\u1ea3m gi\u00e1c \u0111\u1ea7y b\u1ee5ng<\/strong> sau b\u1eefa \u0103n.\u00a0S\u1ea3n ph\u1ea9m hi\u1ec7n \u0111\u00e3 c\u00f3 m\u1eb7t t\u1ea1i\u00a0<strong data-start=\"2791\" data-end=\"2803\">Havamall<\/strong>, cam k\u1ebft nh\u1eadp kh\u1ea9u ch\u00ednh ng\u1ea1ch, ch\u1ea5t l\u01b0\u1ee3ng chu\u1ea9n ch\u00e2u \u00c2u.<\/p>","protected":false},"excerpt":{"rendered":"<p>TH\u00d4NG TIN S\u1ea2N PH\u1ea8M Th\u01b0\u01a1ng hi\u1ec7u Atlas Garden Xu\u1ea5t X\u1ee9 \u0110\u1ee9c Th\u00e0nh ph\u1ea7n 100% L\u00e1 h\u01b0\u01a1ng th\u1ea3o s\u1ea5y kh\u00f4 t\u1ef1<\/p>","protected":false},"featured_media":45127,"comment_status":"open","ping_status":"closed","template":"","meta":[],"product_brand":[],"product_cat":[154,595,728],"product_tag":[],"class_list":{"0":"post-40047","1":"product","2":"type-product","3":"status-publish","4":"has-post-thumbnail","6":"product_cat-gia-vi","7":"product_cat-gia-vi-va-che-bien","8":"product_cat-nhap-khau-duc","9":"pa_brand-atlas-garden","11":"first","12":"instock","13":"sale","14":"shipping-taxable","15":"purchasable","16":"product-type-simple"},"_links":{"self":[{"href":"https:\/\/havamall.com\/en\/wp-json\/wp\/v2\/product\/40047","targetHints":{"allow":["GET"]}}],"collection":[{"href":"https:\/\/havamall.com\/en\/wp-json\/wp\/v2\/product"}],"about":[{"href":"https:\/\/havamall.com\/en\/wp-json\/wp\/v2\/types\/product"}],"replies":[{"embeddable":true,"href":"https:\/\/havamall.com\/en\/wp-json\/wp\/v2\/comments?post=40047"}],"version-history":[{"count":0,"href":"https:\/\/havamall.com\/en\/wp-json\/wp\/v2\/product\/40047\/revisions"}],"wp:featuredmedia":[{"embeddable":true,"href":"https:\/\/havamall.com\/en\/wp-json\/wp\/v2\/media\/45127"}],"wp:attachment":[{"href":"https:\/\/havamall.com\/en\/wp-json\/wp\/v2\/media?parent=40047"}],"wp:term":[{"taxonomy":"product_brand","embeddable":true,"href":"https:\/\/havamall.com\/en\/wp-json\/wp\/v2\/product_brand?post=40047"},{"taxonomy":"product_cat","embeddable":true,"href":"https:\/\/havamall.com\/en\/wp-json\/wp\/v2\/product_cat?post=40047"},{"taxonomy":"product_tag","embeddable":true,"href":"https:\/\/havamall.com\/en\/wp-json\/wp\/v2\/product_tag?post=40047"}],"curies":[{"name":"wp","href":"https:\/\/api.w.org\/{rel}","templated":true}]}}