{"id":40061,"date":"2025-06-04T17:09:59","date_gmt":"2025-06-04T10:09:59","guid":{"rendered":"https:\/\/havamall.com\/?post_type=product&#038;p=40061"},"modified":"2026-03-17T15:36:53","modified_gmt":"2026-03-17T08:36:53","slug":"bot-ot-paprika-atlas-garden-64g-atlas-garden-paprika-spice-64gr","status":"publish","type":"product","link":"https:\/\/havamall.com\/en\/shop\/bot-ot-paprika-atlas-garden-64g-atlas-garden-paprika-spice-64gr\/","title":{"rendered":"B\u1ed9t \u1edat Paprika Atlas Garden 64g &#8211; Atlas Garden Paprika Spice 64gr"},"content":{"rendered":"<h3><strong>TH\u00d4NG TIN S\u1ea2N PH\u1ea8M<\/strong><\/h3>\n<table>\n<tbody>\n<tr>\n<td>Th\u01b0\u01a1ng hi\u1ec7u<\/td>\n<td>Atlas Garden<\/td>\n<\/tr>\n<tr>\n<td>Xu\u1ea5t X\u1ee9<\/td>\n<td>\u0110\u1ee9c<\/td>\n<\/tr>\n<tr>\n<td>Th\u00e0nh ph\u1ea7n<\/td>\n<td>\n<p data-start=\"1054\" data-end=\"1149\">100% tr\u00e1i \u1edbt ng\u1ecdt s\u1ea5y kh\u00f4<\/p>\n<\/td>\n<\/tr>\n<tr>\n<td>H\u1ea1n s\u1eed d\u1ee5ng<\/td>\n<td>Xem tr\u00ean bao b\u00ec<\/td>\n<\/tr>\n<tr>\n<td>B\u1ea3o qu\u1ea3n<\/td>\n<td>N\u01a1i kh\u00f4 r\u00e1o, tho\u00e1ng m\u00e1t, tr\u00e1nh \u00e1nh n\u1eafng tr\u1ef1c ti\u1ebfp v\u00e0 nhi\u1ec7t \u0111\u1ed9 cao. \u0110\u00f3ng ch\u1eb7t n\u1eafp sau khi s\u1eed d\u1ee5ng.<\/td>\n<\/tr>\n<tr>\n<td>Kh\u1ed1i l\u01b0\u1ee3ng t\u1ecbnh<\/td>\n<td>64g<\/td>\n<\/tr>\n<\/tbody>\n<\/table>\n<h3><strong>GI\u1edaI THI\u1ec6U TH\u01af\u01a0NG HI\u1ec6U<\/strong><\/h3>\n<p data-start=\"194\" data-end=\"492\"><strong data-start=\"194\" data-end=\"210\">Atlas Garden<\/strong>\u00a0l\u00e0 th\u01b0\u01a1ng hi\u1ec7u gia v\u1ecb nh\u1eadp kh\u1ea9u cao c\u1ea5p, n\u1ed5i b\u1eadt v\u1edbi cam k\u1ebft \u201c<strong data-start=\"273\" data-end=\"309\">Nguy\u00ean b\u1ea3n \u2013 T\u1ef1 nhi\u00ean \u2013 S\u00e1ng t\u1ea1o<\/strong>\u201d. M\u1ed7i s\u1ea3n ph\u1ea9m \u0111\u1ec1u \u0111\u01b0\u1ee3c ch\u1ecdn l\u1ecdc k\u1ef9 l\u01b0\u1ee1ng t\u1eeb c\u00e1c v\u00f9ng nguy\u00ean li\u1ec7u h\u00e0ng \u0111\u1ea7u th\u1ebf gi\u1edbi, mang \u0111\u1ebfn tr\u1ea3i nghi\u1ec7m \u1ea9m th\u1ef1c \u0111\u1eadm ch\u1ea5t qu\u1ed1c t\u1ebf nh\u01b0ng v\u1eabn ti\u1ec7n d\u1ee5ng v\u00e0 th\u00e2n thi\u1ec7n v\u1edbi c\u0103n b\u1ebfp Vi\u1ec7t.<img fetchpriority=\"high\" decoding=\"async\" class=\"aligncenter size-full wp-image-40230\" src=\"https:\/\/havamall.com\/wp-content\/uploads\/2025\/06\/Atlas-Logo-2.png\" alt=\"\" width=\"800\" height=\"420\" srcset=\"https:\/\/havamall.com\/wp-content\/uploads\/2025\/06\/Atlas-Logo-2.png 800w, https:\/\/havamall.com\/wp-content\/uploads\/2025\/06\/Atlas-Logo-2-300x158.png 300w, https:\/\/havamall.com\/wp-content\/uploads\/2025\/06\/Atlas-Logo-2-768x403.png 768w, https:\/\/havamall.com\/wp-content\/uploads\/2025\/06\/Atlas-Logo-2-18x9.png 18w, https:\/\/havamall.com\/wp-content\/uploads\/2025\/06\/Atlas-Logo-2-600x315.png 600w, https:\/\/havamall.com\/wp-content\/uploads\/2025\/06\/Atlas-Logo-2-150x79.png 150w\" sizes=\"(max-width: 800px) 100vw, 800px\" \/><\/p>\n<h3><strong>\u0110\u1eb6C \u0110I\u1ec2M S\u1ea2N PH\u1ea8M<\/strong><\/h3>\n<p data-start=\"541\" data-end=\"760\"><strong data-start=\"541\" data-end=\"569\">B\u1ed9t Paprika Atlas Garden<\/strong>\u00a0l\u00e0 b\u1ed9t \u1edbt \u0111\u1ecf \u0111\u01b0\u1ee3c xay m\u1ecbn t\u1eeb nh\u1eefng tr\u00e1i \u1edbt ng\u1ecdt s\u1ea5y kh\u00f4, mang m\u00e0u s\u1eafc \u0111\u1ecf cam r\u1ef1c r\u1ee1 v\u00e0 h\u01b0\u01a1ng v\u1ecb\u00a0<strong data-start=\"666\" data-end=\"700\">ng\u1ecdt d\u1ecbu, nh\u1eb9 nh\u00e0ng, kh\u00f4ng cay<\/strong>, r\u1ea5t \u0111\u01b0\u1ee3c \u01b0a chu\u1ed9ng trong \u1ea9m th\u1ef1c ch\u00e2u \u00c2u v\u00e0 \u0110\u1ecba Trung H\u1ea3i.<\/p>\n<ul data-start=\"762\" data-end=\"1029\">\n<li data-start=\"762\" data-end=\"834\">\n<p data-start=\"764\" data-end=\"834\"><strong data-start=\"764\" data-end=\"789\">100% \u1edbt ng\u1ecdt t\u1ef1 nhi\u00ean<\/strong>, kh\u00f4ng pha tr\u1ed9n ph\u1ea9m m\u00e0u hay ch\u1ea5t b\u1ea3o qu\u1ea3n<\/p>\n<\/li>\n<li data-start=\"835\" data-end=\"894\">\n<p data-start=\"837\" data-end=\"894\">M\u00e0u \u0111\u1ecf t\u1ef1 nhi\u00ean \u0111\u1eb9p m\u1eaft, l\u00fd t\u01b0\u1edfng \u0111\u1ec3 t\u1ea1o m\u00e0u cho m\u00f3n \u0103n<\/p>\n<\/li>\n<li data-start=\"895\" data-end=\"970\">\n<p data-start=\"897\" data-end=\"970\">V\u1ecb d\u1ecbu nh\u1eb9, kh\u00f4ng cay, ph\u00f9 h\u1ee3p v\u1edbi c\u1ea3 tr\u1ebb em v\u00e0 ng\u01b0\u1eddi kh\u00f4ng \u0103n \u0111\u01b0\u1ee3c cay<\/p>\n<\/li>\n<li data-start=\"971\" data-end=\"1029\">\n<p data-start=\"973\" data-end=\"1029\">D\u1ec5 h\u00f2a tan, ti\u1ec7n l\u1ee3i trong n\u1ea5u n\u01b0\u1edbng v\u00e0 trang tr\u00ed m\u00f3n \u0103n<\/p>\n<\/li>\n<\/ul>\n<p><img decoding=\"async\" class=\"aligncenter\" src=\"https:\/\/havamall.com\/wp-content\/uploads\/2025\/06\/PSC-Paprika-March218873-1080x675.jpg\" alt=\"The Vibrant World of Paprika | Pacific Spice Company\" width=\"800\" height=\"500\" \/><\/p>\n<p data-start=\"1067\" data-end=\"1259\">\u1edat \u0111\u01b0\u1ee3c\u00a0<strong data-start=\"1075\" data-end=\"1113\">thu ho\u1ea1ch khi \u0111\u1ea1t \u0111\u1ed9 ch\u00edn ho\u00e0n h\u1ea3o<\/strong>, s\u1ea5y kh\u00f4 t\u1ef1 nhi\u00ean v\u00e0 xay m\u1ecbn theo quy chu\u1ea9n c\u1ee7a \u0110\u1ee9c. Qu\u00e1 tr\u00ecnh s\u1ea3n xu\u1ea5t\u00a0<strong data-start=\"1186\" data-end=\"1228\">kh\u00f4ng s\u1eed d\u1ee5ng ph\u1ee5 gia hay ch\u1ea5t t\u1ea1o m\u00e0u<\/strong>, \u0111\u1ea3m b\u1ea3o an to\u00e0n cho s\u1ee9c kh\u1ecfe.<\/p>\n<p data-start=\"1287\" data-end=\"1474\">Paprika c\u00f3 v\u1ecb\u00a0<strong data-start=\"1301\" data-end=\"1333\">ng\u1ecdt thanh, m\u00f9i th\u01a1m d\u1ecbu nh\u1eb9<\/strong>, t\u1ea1o chi\u1ec1u s\u00e2u h\u01b0\u01a1ng v\u1ecb cho m\u00f3n \u0103n m\u00e0 kh\u00f4ng \u00e1t c\u00e1c nguy\u00ean li\u1ec7u kh\u00e1c. S\u1ea3n ph\u1ea9m kh\u00f4ng cay, r\u1ea5t linh ho\u1ea1t khi k\u1ebft h\u1ee3p v\u1edbi c\u00e1c lo\u1ea1i gia v\u1ecb kh\u00e1c.<\/p>\n<p data-start=\"1287\" data-end=\"1474\"><img decoding=\"async\" class=\"aligncenter\" src=\"https:\/\/havamall.com\/wp-content\/uploads\/2025\/06\/Paprika.jpg\" alt=\"A Guide To Paprika - Taste, Uses &amp; Substitutes - Tilda Rice UK\" width=\"801\" height=\"434\" \/><\/p>\n<h3><strong>C\u00d4NG D\u1ee4NG V\u00c0 L\u1ee2I \u00cdCH<\/strong><\/h3>\n<ul data-start=\"1506\" data-end=\"1789\">\n<li data-start=\"1506\" data-end=\"1568\">\n<p data-start=\"1508\" data-end=\"1568\">D\u00f9ng trong c\u00e1c m\u00f3n\u00a0<strong data-start=\"1527\" data-end=\"1566\">x\u00e0o, n\u01b0\u1edbng, s\u00fap, n\u01b0\u1edbc s\u1ed1t, th\u1ecbt \u01b0\u1edbp<\/strong><\/p>\n<\/li>\n<li data-start=\"1569\" data-end=\"1646\">\n<p data-start=\"1571\" data-end=\"1646\">T\u1ea1o m\u00e0u \u0111\u1ecf \u0111\u1eb9p m\u1eaft cho\u00a0<strong data-start=\"1594\" data-end=\"1644\">tr\u1ee9ng chi\u00ean, khoai t\u00e2y n\u01b0\u1edbng, salad, c\u01a1m chi\u00ean<\/strong><\/p>\n<\/li>\n<li data-start=\"1647\" data-end=\"1714\">\n<p data-start=\"1649\" data-end=\"1714\">R\u1eafc l\u00ean m\u00f3n \u0103n \u0111\u00e3 n\u1ea5u ch\u00edn nh\u01b0\u00a0<strong data-start=\"1680\" data-end=\"1712\">hummus, m\u00ec \u00dd, pizza, s\u00fap kem<\/strong><\/p>\n<\/li>\n<li data-start=\"1715\" data-end=\"1789\">\n<p data-start=\"1717\" data-end=\"1789\">Ph\u1ed1i h\u1ee3p t\u1ed1t v\u1edbi c\u00e1c lo\u1ea1i gia v\u1ecb nh\u01b0\u00a0<strong data-start=\"1754\" data-end=\"1789\">t\u1ecfi, h\u00e0nh, ti\u00eau, oregano, thyme<\/strong><\/p>\n<\/li>\n<\/ul>\n<p data-start=\"1791\" data-end=\"1903\"><em>M\u1eb9o d\u00f9ng: R\u00e1n nh\u1eb9 paprika v\u1edbi d\u1ea7u trong v\u00e0i gi\u00e2y \u0111\u1ec3 tinh d\u1ea7u \u1edbt b\u1ed1c h\u01b0\u01a1ng v\u00e0 gi\u00fap m\u00f3n \u0103n d\u1eady m\u00f9i \u0111\u1eb7c tr\u01b0ng.<\/em><\/p>\n<p data-start=\"1791\" data-end=\"1903\"><img loading=\"lazy\" decoding=\"async\" class=\"aligncenter\" src=\"https:\/\/scontent.fsgn19-1.fna.fbcdn.net\/v\/t39.30808-6\/484934285_1217307583735539_6487619517803653597_n.jpg?_nc_cat=105&amp;ccb=1-7&amp;_nc_sid=127cfc&amp;_nc_ohc=W-LcQYDeRkcQ7kNvwE0WxVv&amp;_nc_oc=Adnv0_K0tM4AlwnDzLIJwQLKBaZrCSy-vkc9afMfsfKsKG0LMy96uhL7h3A4JJvo1M2eC74I8sxvtK-KeAgDwgav&amp;_nc_zt=23&amp;_nc_ht=scontent.fsgn19-1.fna&amp;_nc_gid=oNG7i-3wmdPs8DRkARS5LA&amp;oh=00_AfLsCNfNBlBZWxzSiODDz9PK5QhsjVkPy2hTI5V01VeqkA&amp;oe=684594A9\" width=\"800\" height=\"800\" \/><\/p>\n<p data-start=\"1941\" data-end=\"2196\"><strong>Paprika<\/strong> ch\u1ee9a nhi\u1ec1u\u00a0<strong data-start=\"1960\" data-end=\"2011\">ch\u1ea5t ch\u1ed1ng oxy h\u00f3a nh\u01b0 vitamin A, C, carotenoid<\/strong>, gi\u00fap\u00a0<strong data-start=\"2018\" data-end=\"2109\">t\u0103ng c\u01b0\u1eddng h\u1ec7 mi\u1ec5n d\u1ecbch, h\u1ed7 tr\u1ee3 th\u1ecb l\u1ef1c, c\u1ea3i thi\u1ec7n tu\u1ea7n ho\u00e0n m\u00e1u v\u00e0 ch\u1ed1ng vi\u00eam t\u1ef1 nhi\u00ean<\/strong>. Ngo\u00e0i ra, \u0111\u00e2y l\u00e0 lo\u1ea1i gia v\u1ecb kh\u00f4ng cay, n\u00ean\u00a0<strong data-start=\"2155\" data-end=\"2195\">ph\u00f9 h\u1ee3p v\u1edbi ng\u01b0\u1eddi c\u00f3 d\u1ea1 d\u00e0y nh\u1ea1y c\u1ea3m<\/strong>. S\u1ea3n ph\u1ea9m hi\u1ec7n \u0111\u00e3 c\u00f3 m\u1eb7t t\u1ea1i\u00a0<strong data-start=\"2791\" data-end=\"2803\">Havamall<\/strong>, cam k\u1ebft nh\u1eadp kh\u1ea9u ch\u00ednh ng\u1ea1ch, ch\u1ea5t l\u01b0\u1ee3ng chu\u1ea9n ch\u00e2u \u00c2u.<\/p>","protected":false},"excerpt":{"rendered":"<p>TH\u00d4NG TIN S\u1ea2N PH\u1ea8M Th\u01b0\u01a1ng hi\u1ec7u Atlas Garden Xu\u1ea5t X\u1ee9 \u0110\u1ee9c Th\u00e0nh ph\u1ea7n 100% tr\u00e1i \u1edbt ng\u1ecdt s\u1ea5y kh\u00f4 H\u1ea1n<\/p>","protected":false},"featured_media":45147,"comment_status":"open","ping_status":"closed","template":"","meta":[],"product_brand":[],"product_cat":[154,595,728],"product_tag":[],"class_list":{"0":"post-40061","1":"product","2":"type-product","3":"status-publish","4":"has-post-thumbnail","6":"product_cat-gia-vi","7":"product_cat-gia-vi-va-che-bien","8":"product_cat-nhap-khau-duc","9":"pa_brand-atlas-garden","11":"first","12":"instock","13":"sale","14":"shipping-taxable","15":"purchasable","16":"product-type-simple"},"_links":{"self":[{"href":"https:\/\/havamall.com\/en\/wp-json\/wp\/v2\/product\/40061","targetHints":{"allow":["GET"]}}],"collection":[{"href":"https:\/\/havamall.com\/en\/wp-json\/wp\/v2\/product"}],"about":[{"href":"https:\/\/havamall.com\/en\/wp-json\/wp\/v2\/types\/product"}],"replies":[{"embeddable":true,"href":"https:\/\/havamall.com\/en\/wp-json\/wp\/v2\/comments?post=40061"}],"version-history":[{"count":0,"href":"https:\/\/havamall.com\/en\/wp-json\/wp\/v2\/product\/40061\/revisions"}],"wp:featuredmedia":[{"embeddable":true,"href":"https:\/\/havamall.com\/en\/wp-json\/wp\/v2\/media\/45147"}],"wp:attachment":[{"href":"https:\/\/havamall.com\/en\/wp-json\/wp\/v2\/media?parent=40061"}],"wp:term":[{"taxonomy":"product_brand","embeddable":true,"href":"https:\/\/havamall.com\/en\/wp-json\/wp\/v2\/product_brand?post=40061"},{"taxonomy":"product_cat","embeddable":true,"href":"https:\/\/havamall.com\/en\/wp-json\/wp\/v2\/product_cat?post=40061"},{"taxonomy":"product_tag","embeddable":true,"href":"https:\/\/havamall.com\/en\/wp-json\/wp\/v2\/product_tag?post=40061"}],"curies":[{"name":"wp","href":"https:\/\/api.w.org\/{rel}","templated":true}]}}