{"id":40065,"date":"2025-06-04T17:18:49","date_gmt":"2025-06-04T10:18:49","guid":{"rendered":"https:\/\/havamall.com\/?post_type=product&#038;p=40065"},"modified":"2026-03-17T15:08:00","modified_gmt":"2026-03-17T08:08:00","slug":"bot-hanh-tay-atlas-garden-59g-atlas-garden-onion-powder-59gr","status":"publish","type":"product","link":"https:\/\/havamall.com\/en\/shop\/bot-hanh-tay-atlas-garden-59g-atlas-garden-onion-powder-59gr\/","title":{"rendered":"B\u1ed9t H\u00e0nh T\u00e2y Atlas Garden 59g &#8211; Atlas Garden Onion Powder 59gr"},"content":{"rendered":"<h3><strong>TH\u00d4NG TIN S\u1ea2N PH\u1ea8M<\/strong><\/h3>\n<table>\n<tbody>\n<tr>\n<td>Th\u01b0\u01a1ng hi\u1ec7u<\/td>\n<td>Atlas Garden<\/td>\n<\/tr>\n<tr>\n<td>Xu\u1ea5t X\u1ee9<\/td>\n<td>\u0110\u1ee9c<\/td>\n<\/tr>\n<tr>\n<td>Th\u00e0nh ph\u1ea7n<\/td>\n<td>\n<p data-start=\"1054\" data-end=\"1149\">100% B\u1ed9t h\u00e0nh t\u00e2y s\u1ea5y kh\u00f4 t\u1ef1 nhi\u00ean<\/p>\n<\/td>\n<\/tr>\n<tr>\n<td>H\u1ea1n s\u1eed d\u1ee5ng<\/td>\n<td>Xem tr\u00ean bao b\u00ec<\/td>\n<\/tr>\n<tr>\n<td>B\u1ea3o qu\u1ea3n<\/td>\n<td>N\u01a1i kh\u00f4 r\u00e1o, tho\u00e1ng m\u00e1t, tr\u00e1nh \u00e1nh n\u1eafng tr\u1ef1c ti\u1ebfp v\u00e0 nhi\u1ec7t \u0111\u1ed9 cao. \u0110\u00f3ng ch\u1eb7t n\u1eafp sau khi s\u1eed d\u1ee5ng.<\/td>\n<\/tr>\n<tr>\n<td>Kh\u1ed1i l\u01b0\u1ee3ng t\u1ecbnh<\/td>\n<td>64g<\/td>\n<\/tr>\n<\/tbody>\n<\/table>\n<h3><strong>GI\u1edaI THI\u1ec6U TH\u01af\u01a0NG HI\u1ec6U<\/strong><\/h3>\n<p data-start=\"191\" data-end=\"520\"><strong data-start=\"191\" data-end=\"207\">Atlas Garden<\/strong>\u00a0l\u00e0 th\u01b0\u01a1ng hi\u1ec7u gia v\u1ecb nh\u1eadp kh\u1ea9u t\u1eeb \u0110\u1ee9c, n\u1ed5i b\u1eadt v\u1edbi ph\u01b0\u01a1ng ch\u00e2m\u00a0<strong data-start=\"272\" data-end=\"310\">\u201cT\u1ef1 nhi\u00ean \u2013 Tinh khi\u1ebft \u2013 Ti\u1ec7n l\u1ee3i\u201d<\/strong>. Ch\u00fang t\u00f4i ch\u1ecdn l\u1ecdc nguy\u00ean li\u1ec7u t\u1eeb c\u00e1c v\u00f9ng n\u00f4ng nghi\u1ec7p h\u00e0ng \u0111\u1ea7u th\u1ebf gi\u1edbi, x\u1eed l\u00fd b\u1eb1ng c\u00f4ng ngh\u1ec7 hi\u1ec7n \u0111\u1ea1i v\u00e0 \u0111\u00f3ng g\u00f3i chu\u1ea9n ch\u00e2u \u00c2u, mang l\u1ea1i\u00a0<strong data-start=\"452\" data-end=\"498\">gi\u1ea3i ph\u00e1p gia v\u1ecb an to\u00e0n v\u00e0 ch\u1ea5t l\u01b0\u1ee3ng cao<\/strong>\u00a0cho c\u0103n b\u1ebfp hi\u1ec7n \u0111\u1ea1i.<\/p>\n<p data-start=\"191\" data-end=\"520\"><img fetchpriority=\"high\" decoding=\"async\" class=\"aligncenter wp-image-40297\" src=\"https:\/\/havamall.com\/wp-content\/uploads\/2025\/06\/493942044_1258217259644571_7163962914813370668_n-2.jpg\" alt=\"\" width=\"801\" height=\"475\" srcset=\"https:\/\/havamall.com\/wp-content\/uploads\/2025\/06\/493942044_1258217259644571_7163962914813370668_n-2.jpg 2000w, https:\/\/havamall.com\/wp-content\/uploads\/2025\/06\/493942044_1258217259644571_7163962914813370668_n-2-300x178.jpg 300w, https:\/\/havamall.com\/wp-content\/uploads\/2025\/06\/493942044_1258217259644571_7163962914813370668_n-2-1024x607.jpg 1024w, https:\/\/havamall.com\/wp-content\/uploads\/2025\/06\/493942044_1258217259644571_7163962914813370668_n-2-768x455.jpg 768w, https:\/\/havamall.com\/wp-content\/uploads\/2025\/06\/493942044_1258217259644571_7163962914813370668_n-2-18x12.jpg 18w, https:\/\/havamall.com\/wp-content\/uploads\/2025\/06\/493942044_1258217259644571_7163962914813370668_n-2-600x356.jpg 600w, https:\/\/havamall.com\/wp-content\/uploads\/2025\/06\/493942044_1258217259644571_7163962914813370668_n-2-1200x712.jpg 1200w, https:\/\/havamall.com\/wp-content\/uploads\/2025\/06\/493942044_1258217259644571_7163962914813370668_n-2-150x89.jpg 150w\" sizes=\"(max-width: 801px) 100vw, 801px\" \/><\/p>\n<h3><strong>\u0110\u1eb6C \u0110I\u1ec2M S\u1ea2N PH\u1ea8M<\/strong><\/h3>\n<p data-start=\"569\" data-end=\"838\"><strong data-start=\"569\" data-end=\"598\">B\u1ed9t H\u00e0nh T\u00e2y Atlas Garden<\/strong>\u00a0l\u00e0 d\u1ea1ng h\u00e0nh t\u00e2y kh\u00f4 nghi\u1ec1n m\u1ecbn, gi\u1eef tr\u1ecdn h\u01b0\u01a1ng th\u01a1m v\u00e0 v\u1ecb ng\u1ecdt \u0111\u1eb7c tr\u01b0ng c\u1ee7a h\u00e0nh t\u01b0\u01a1i. L\u00e0 lo\u1ea1i gia v\u1ecb quen thu\u1ed9c nh\u01b0ng c\u1ef1c k\u1ef3 ti\u1ec7n d\u1ee5ng, s\u1ea3n ph\u1ea9m gi\u00fap b\u1ea1n\u00a0<strong data-start=\"756\" data-end=\"786\">ti\u1ebft ki\u1ec7m th\u1eddi gian s\u01a1 ch\u1ebf<\/strong>\u00a0m\u00e0 v\u1eabn \u0111\u1ea3m b\u1ea3o h\u01b0\u01a1ng v\u1ecb t\u1ef1 nhi\u00ean trong t\u1eebng m\u00f3n \u0103n.<\/p>\n<ul data-start=\"840\" data-end=\"1095\">\n<li data-start=\"840\" data-end=\"909\">\n<p data-start=\"842\" data-end=\"909\">100%\u00a0<strong data-start=\"847\" data-end=\"871\">h\u00e0nh t\u00e2y nguy\u00ean ch\u1ea5t<\/strong>, kh\u00f4ng ch\u1ea5t ph\u1ee5 gia, kh\u00f4ng ph\u1ea9m m\u00e0u<\/p>\n<\/li>\n<li data-start=\"910\" data-end=\"969\">\n<p data-start=\"912\" data-end=\"969\">D\u1ea1ng b\u1ed9t m\u1ecbn, tan \u0111\u1ec1u, d\u1ec5 s\u1eed d\u1ee5ng trong nhi\u1ec1u c\u00f4ng th\u1ee9c<\/p>\n<\/li>\n<li data-start=\"970\" data-end=\"1042\">\n<p data-start=\"972\" data-end=\"1042\">M\u00f9i th\u01a1m n\u1ed3ng nh\u1eb9, v\u1ecb ng\u1ecdt t\u1ef1 nhi\u00ean, thay th\u1ebf ho\u00e0n h\u1ea3o cho h\u00e0nh t\u01b0\u01a1i<\/p>\n<\/li>\n<li data-start=\"1043\" data-end=\"1095\">\n<p data-start=\"1045\" data-end=\"1095\">Kh\u00f4ng c\u1ea7n b\u00e0o, x\u1eaft hay phi \u2013 ch\u1ec9 c\u1ea7n r\u1eafc tr\u1ef1c ti\u1ebfp<\/p>\n<\/li>\n<\/ul>\n<p><img decoding=\"async\" class=\"aligncenter\" src=\"https:\/\/havamall.com\/wp-content\/uploads\/2025\/06\/Onion-Powder-Onion-powder-spilling-from-a-jar.jpg\" alt=\"How to Make Onion Powder - Alphafoodie\" width=\"801\" height=\"1202\" \/><\/p>\n<p data-start=\"1133\" data-end=\"1380\">H\u00e0nh t\u00e2y \u0111\u01b0\u1ee3c\u00a0<strong data-start=\"1147\" data-end=\"1174\">s\u1ea5y kh\u00f4 \u1edf nhi\u1ec7t \u0111\u1ed9 th\u1ea5p<\/strong>\u00a0\u0111\u1ec3 gi\u1eef l\u1ea1i t\u1ed1i \u0111a tinh d\u1ea7u v\u00e0 h\u01b0\u01a1ng v\u1ecb, sau \u0111\u00f3\u00a0<strong data-start=\"1222\" data-end=\"1254\">xay m\u1ecbn v\u00e0 \u0111\u00f3ng chai t\u1ea1i \u0110\u1ee9c<\/strong>\u00a0d\u01b0\u1edbi \u0111i\u1ec1u ki\u1ec7n nghi\u00eam ng\u1eb7t v\u1ec1 v\u1ec7 sinh v\u00e0 ch\u1ea5t l\u01b0\u1ee3ng. S\u1ea3n ph\u1ea9m ho\u00e0n to\u00e0n\u00a0<strong data-start=\"1327\" data-end=\"1379\">kh\u00f4ng s\u1eed d\u1ee5ng ch\u1ea5t b\u1ea3o qu\u1ea3n hay t\u1ea1o m\u00e0u nh\u00e2n t\u1ea1o<\/strong>. Mang v\u1ecb\u00a0<strong data-start=\"1416\" data-end=\"1463\">ng\u1ecdt d\u1ecbu v\u00e0 th\u01a1m nh\u1eb9 \u0111\u1eb7c tr\u01b0ng c\u1ee7a h\u00e0nh t\u00e2y<\/strong>, b\u1ed9t h\u00e0nh gi\u00fap t\u0103ng \u0111\u1ed9 \u0111\u1eadm \u0111\u00e0, l\u00e0m n\u1ec1n v\u1ecb ng\u1ecdt t\u1ef1 nhi\u00ean cho m\u00f3n \u0103n m\u00e0 kh\u00f4ng l\u1ea5n \u00e1t nguy\u00ean li\u1ec7u ch\u00ednh.<\/p>\n<p data-start=\"1133\" data-end=\"1380\"><img decoding=\"async\" class=\"aligncenter\" src=\"https:\/\/havamall.com\/wp-content\/uploads\/2025\/06\/d5514b49e794e1f27aa05f6ba0ef6925f2dade4f8085d83ae208d203bd621a1a_0c310582-5234-49e9-aa38-be76cea97990.jpg\" width=\"800\" height=\"800\" \/><\/p>\n<h3><strong>C\u00d4NG D\u1ee4NG V\u00c0 L\u1ee2I \u00cdCH<\/strong><\/h3>\n<ul data-start=\"1597\" data-end=\"1855\">\n<li data-start=\"1597\" data-end=\"1663\">\n<p data-start=\"1599\" data-end=\"1663\">L\u00e0m n\u1ec1n h\u01b0\u01a1ng cho c\u00e1c m\u00f3n\u00a0<strong data-start=\"1625\" data-end=\"1661\">x\u00e0o, n\u01b0\u1edbng, chi\u00ean, kho, h\u1ea7m, s\u1ed1t<\/strong><\/p>\n<\/li>\n<li data-start=\"1664\" data-end=\"1729\">\n<p data-start=\"1666\" data-end=\"1729\">D\u00f9ng \u0111\u1ec3\u00a0<strong data-start=\"1674\" data-end=\"1694\">\u01b0\u1edbp th\u1ecbt, c\u00e1, g\u00e0<\/strong>, ho\u1eb7c r\u1eafc v\u00e0o\u00a0<strong data-start=\"1709\" data-end=\"1727\">s\u00fap, salad, m\u00ec<\/strong><\/p>\n<\/li>\n<li data-start=\"1730\" data-end=\"1795\">\n<p data-start=\"1732\" data-end=\"1795\">T\u1ea1o h\u01b0\u01a1ng v\u1ecb cho\u00a0<strong data-start=\"1749\" data-end=\"1793\">b\u1ed9t t\u1ea9m chi\u00ean, gia v\u1ecb tr\u1ed9n s\u1eb5n, b\u00e1nh m\u1eb7n<\/strong><\/p>\n<\/li>\n<li data-start=\"1796\" data-end=\"1855\">\n<p data-start=\"1798\" data-end=\"1855\">Ph\u1ed1i h\u1ee3p t\u1ed1t v\u1edbi\u00a0<strong data-start=\"1815\" data-end=\"1855\">t\u1ecfi b\u1ed9t, ti\u00eau, paprika, th\u1ea3o m\u1ed9c kh\u00f4<\/strong><\/p>\n<\/li>\n<\/ul>\n<p data-start=\"1857\" data-end=\"1991\"><em data-start=\"1860\" data-end=\"1870\">M\u1eb9o nh\u1ecf:<\/em>\u00a0D\u00f9ng b\u1ed9t h\u00e0nh t\u00e2y khi \u01b0\u1edbp n\u01b0\u1edbng gi\u00fap\u00a0<strong data-start=\"1908\" data-end=\"1941\">gi\u1eef th\u1ecbt m\u1ec1m v\u00e0 d\u1eady h\u01b0\u01a1ng h\u01a1n<\/strong>, kh\u00f4ng b\u1ecb ch\u00e1y nh\u01b0 h\u00e0nh t\u01b0\u01a1i khi n\u1ea5u \u1edf nhi\u1ec7t cao.<\/p>\n<p data-start=\"1857\" data-end=\"1991\"><img loading=\"lazy\" decoding=\"async\" class=\"aligncenter\" src=\"https:\/\/havamall.com\/wp-content\/uploads\/2026\/03\/Easy-Beef-Stir-Fry_A.jpg\" alt=\"Easy Beef Stir Fry\" width=\"801\" height=\"534\" \/><\/p>\n<p data-start=\"2029\" data-end=\"2272\"><strong>B\u1ed9t h\u00e0nh t\u00e2y<\/strong> gi\u1eef l\u1ea1i nhi\u1ec1u\u00a0<strong data-start=\"2056\" data-end=\"2106\">flavonoid, h\u1ee3p ch\u1ea5t l\u01b0u hu\u1ef3nh v\u00e0 vitamin B6, C<\/strong>\u00a0c\u00f3 trong h\u00e0nh t\u01b0\u01a1i, gi\u00fap\u00a0<strong data-start=\"2132\" data-end=\"2203\">h\u1ed7 tr\u1ee3 mi\u1ec5n d\u1ecbch, \u0111i\u1ec1u h\u00f2a huy\u1ebft \u00e1p, ch\u1ed1ng vi\u00eam v\u00e0 t\u1ed1t cho tim m\u1ea1ch<\/strong>. Ngo\u00e0i ra, h\u00e0nh c\u00f2n gi\u00fap\u00a0<strong data-start=\"2229\" data-end=\"2271\">c\u1ea3i thi\u1ec7n ti\u00eau h\u00f3a v\u00e0 gi\u1ea3m cholesterol<\/strong>. S\u1ea3n ph\u1ea9m hi\u1ec7n \u0111\u00e3 c\u00f3 m\u1eb7t t\u1ea1i <strong data-start=\"2791\" data-end=\"2803\">Havamall<\/strong>, cam k\u1ebft nh\u1eadp kh\u1ea9u ch\u00ednh ng\u1ea1ch, ch\u1ea5t l\u01b0\u1ee3ng chu\u1ea9n ch\u00e2u \u00c2u.<\/p>","protected":false},"excerpt":{"rendered":"<p>TH\u00d4NG TIN S\u1ea2N PH\u1ea8M Th\u01b0\u01a1ng hi\u1ec7u Atlas Garden Xu\u1ea5t X\u1ee9 \u0110\u1ee9c Th\u00e0nh ph\u1ea7n 100% B\u1ed9t h\u00e0nh t\u00e2y s\u1ea5y kh\u00f4 t\u1ef1<\/p>","protected":false},"featured_media":45131,"comment_status":"open","ping_status":"closed","template":"","meta":[],"product_brand":[],"product_cat":[154,595,728],"product_tag":[],"class_list":{"0":"post-40065","1":"product","2":"type-product","3":"status-publish","4":"has-post-thumbnail","6":"product_cat-gia-vi","7":"product_cat-gia-vi-va-che-bien","8":"product_cat-nhap-khau-duc","9":"pa_brand-atlas-garden","11":"first","12":"instock","13":"sale","14":"shipping-taxable","15":"purchasable","16":"product-type-simple"},"_links":{"self":[{"href":"https:\/\/havamall.com\/en\/wp-json\/wp\/v2\/product\/40065","targetHints":{"allow":["GET"]}}],"collection":[{"href":"https:\/\/havamall.com\/en\/wp-json\/wp\/v2\/product"}],"about":[{"href":"https:\/\/havamall.com\/en\/wp-json\/wp\/v2\/types\/product"}],"replies":[{"embeddable":true,"href":"https:\/\/havamall.com\/en\/wp-json\/wp\/v2\/comments?post=40065"}],"version-history":[{"count":0,"href":"https:\/\/havamall.com\/en\/wp-json\/wp\/v2\/product\/40065\/revisions"}],"wp:featuredmedia":[{"embeddable":true,"href":"https:\/\/havamall.com\/en\/wp-json\/wp\/v2\/media\/45131"}],"wp:attachment":[{"href":"https:\/\/havamall.com\/en\/wp-json\/wp\/v2\/media?parent=40065"}],"wp:term":[{"taxonomy":"product_brand","embeddable":true,"href":"https:\/\/havamall.com\/en\/wp-json\/wp\/v2\/product_brand?post=40065"},{"taxonomy":"product_cat","embeddable":true,"href":"https:\/\/havamall.com\/en\/wp-json\/wp\/v2\/product_cat?post=40065"},{"taxonomy":"product_tag","embeddable":true,"href":"https:\/\/havamall.com\/en\/wp-json\/wp\/v2\/product_tag?post=40065"}],"curies":[{"name":"wp","href":"https:\/\/api.w.org\/{rel}","templated":true}]}}