{"id":40079,"date":"2025-06-05T10:00:25","date_gmt":"2025-06-05T03:00:25","guid":{"rendered":"https:\/\/havamall.com\/?post_type=product&#038;p=40079"},"modified":"2026-03-17T15:31:08","modified_gmt":"2026-03-17T08:31:08","slug":"bot-cajun-atlas-garden-55g-atlas-garden-cajun-powder-55gr","status":"publish","type":"product","link":"https:\/\/havamall.com\/en\/shop\/bot-cajun-atlas-garden-55g-atlas-garden-cajun-powder-55gr\/","title":{"rendered":"B\u1ed9t Cajun Atlas Garden 55g &#8211; Atlas Garden Cajun Powder 55gr"},"content":{"rendered":"<h3><strong>TH\u00d4NG TIN S\u1ea2N PH\u1ea8M<\/strong><\/h3>\n<table style=\"width: 100%\">\n<tbody>\n<tr>\n<td style=\"width: 17.341%\">Th\u01b0\u01a1ng hi\u1ec7u<\/td>\n<td style=\"width: 81.1175%\">Atlas Garden<\/td>\n<\/tr>\n<tr>\n<td style=\"width: 17.341%\">Xu\u1ea5t X\u1ee9<\/td>\n<td style=\"width: 81.1175%\">\u0110\u1ee9c<\/td>\n<\/tr>\n<tr>\n<td style=\"width: 17.341%\">Th\u00e0nh ph\u1ea7n<\/td>\n<td style=\"width: 81.1175%\">\n<p data-start=\"1054\" data-end=\"1149\">H\u1ed7n h\u1ee3p gia v\u1ecb Cajun (<strong data-start=\"860\" data-end=\"912\">\u1edbt b\u1ed9t, ti\u00eau \u0111en, b\u1ed9t h\u00e0nh, t\u1ecfi, oregano, thyme\u2026<\/strong>)<\/p>\n<\/td>\n<\/tr>\n<tr>\n<td style=\"width: 17.341%\">H\u1ea1n s\u1eed d\u1ee5ng<\/td>\n<td style=\"width: 81.1175%\">Xem tr\u00ean bao b\u00ec<\/td>\n<\/tr>\n<tr>\n<td style=\"width: 17.341%\">B\u1ea3o qu\u1ea3n<\/td>\n<td style=\"width: 81.1175%\">N\u01a1i kh\u00f4 r\u00e1o, tho\u00e1ng m\u00e1t, tr\u00e1nh \u00e1nh n\u1eafng tr\u1ef1c ti\u1ebfp v\u00e0 nhi\u1ec7t \u0111\u1ed9 cao. \u0110\u00f3ng ch\u1eb7t n\u1eafp sau khi s\u1eed d\u1ee5ng.<\/td>\n<\/tr>\n<tr>\n<td style=\"width: 17.341%\">Kh\u1ed1i l\u01b0\u1ee3ng t\u1ecbnh<\/td>\n<td style=\"width: 81.1175%\">55g<\/td>\n<\/tr>\n<\/tbody>\n<\/table>\n<h3><strong>GI\u1edaI THI\u1ec6U TH\u01af\u01a0NG HI\u1ec6U<\/strong><\/h3>\n<p data-start=\"186\" data-end=\"521\"><strong data-start=\"186\" data-end=\"202\">Atlas Garden<\/strong>\u00a0l\u00e0 th\u01b0\u01a1ng hi\u1ec7u gia v\u1ecb nh\u1eadp kh\u1ea9u t\u1eeb \u0110\u1ee9c, n\u1ed5i b\u1eadt v\u1edbi b\u1ed9 s\u01b0u t\u1eadp gia v\u1ecb \u0111\u1eb7c tr\u01b0ng t\u1eeb kh\u1eafp c\u00e1c n\u1ec1n \u1ea9m th\u1ef1c tr\u00ean th\u1ebf gi\u1edbi. V\u1edbi ti\u00eau ch\u00ed\u00a0<strong data-start=\"335\" data-end=\"380\">\u201cCh\u1ea5t l\u01b0\u1ee3ng chu\u1ea9n \u00c2u \u2013 H\u01b0\u01a1ng v\u1ecb to\u00e0n c\u1ea7u\u201d<\/strong>, Atlas Garden mang \u0111\u1ebfn gi\u1ea3i ph\u00e1p gia v\u1ecb ti\u1ec7n d\u1ee5ng, nguy\u00ean ch\u1ea5t v\u00e0 an to\u00e0n cho m\u1ecdi gian b\u1ebfp hi\u1ec7n \u0111\u1ea1i, t\u1eeb gia \u0111\u00ecnh \u0111\u1ebfn nh\u00e0 h\u00e0ng chuy\u00ean nghi\u1ec7p.<\/p>\n<p data-start=\"186\" data-end=\"521\"><img fetchpriority=\"high\" decoding=\"async\" class=\"aligncenter wp-image-40311\" src=\"https:\/\/havamall.com\/wp-content\/uploads\/2025\/06\/493942044_1258217259644571_7163962914813370668_n-4.jpg\" alt=\"\" width=\"801\" height=\"475\" srcset=\"https:\/\/havamall.com\/wp-content\/uploads\/2025\/06\/493942044_1258217259644571_7163962914813370668_n-4.jpg 2000w, https:\/\/havamall.com\/wp-content\/uploads\/2025\/06\/493942044_1258217259644571_7163962914813370668_n-4-300x178.jpg 300w, https:\/\/havamall.com\/wp-content\/uploads\/2025\/06\/493942044_1258217259644571_7163962914813370668_n-4-1024x607.jpg 1024w, https:\/\/havamall.com\/wp-content\/uploads\/2025\/06\/493942044_1258217259644571_7163962914813370668_n-4-768x455.jpg 768w, https:\/\/havamall.com\/wp-content\/uploads\/2025\/06\/493942044_1258217259644571_7163962914813370668_n-4-18x12.jpg 18w, https:\/\/havamall.com\/wp-content\/uploads\/2025\/06\/493942044_1258217259644571_7163962914813370668_n-4-600x356.jpg 600w, https:\/\/havamall.com\/wp-content\/uploads\/2025\/06\/493942044_1258217259644571_7163962914813370668_n-4-1200x712.jpg 1200w, https:\/\/havamall.com\/wp-content\/uploads\/2025\/06\/493942044_1258217259644571_7163962914813370668_n-4-150x89.jpg 150w\" sizes=\"(max-width: 801px) 100vw, 801px\" \/><\/p>\n<h3><strong>\u0110\u1eb6C \u0110I\u1ec2M S\u1ea2N PH\u1ea8M<\/strong><\/h3>\n<p data-start=\"570\" data-end=\"746\"><strong data-start=\"570\" data-end=\"596\">B\u1ed9t Cajun Atlas Garden<\/strong>\u00a0l\u00e0 h\u1ed7n h\u1ee3p gia v\u1ecb cay n\u1ed3ng, \u0111\u1eadm \u0111\u00e0 theo phong c\u00e1ch \u0111\u1eb7c tr\u01b0ng c\u1ee7a v\u00f9ng Louisiana (M\u1ef9), n\u1ed5i ti\u1ebfng trong c\u00e1c m\u00f3n n\u01b0\u1edbng, chi\u00ean v\u00e0 \u1ea9m th\u1ef1c Cajun \u2013 Creole.<\/p>\n<ul data-start=\"748\" data-end=\"1048\">\n<li data-start=\"748\" data-end=\"841\">\n<p data-start=\"750\" data-end=\"841\">C\u00f4ng th\u1ee9c ph\u1ed1i tr\u1ed9n\u00a0<strong data-start=\"770\" data-end=\"785\">chu\u1ea9n v\u1ecb M\u1ef9<\/strong>, c\u00e2n b\u1eb1ng gi\u1eefa v\u1ecb cay, m\u1eb7n, th\u01a1m v\u00e0 m\u1ed9t ch\u00fat ng\u1ecdt h\u1eadu<\/p>\n<\/li>\n<li data-start=\"842\" data-end=\"914\">\n<p data-start=\"844\" data-end=\"914\">Th\u00e0nh ph\u1ea7n g\u1ed3m:\u00a0<strong data-start=\"860\" data-end=\"912\">\u1edbt b\u1ed9t, ti\u00eau \u0111en, b\u1ed9t h\u00e0nh, t\u1ecfi, oregano, thyme\u2026<\/strong><\/p>\n<\/li>\n<li data-start=\"915\" data-end=\"968\">\n<p data-start=\"917\" data-end=\"968\">Kh\u00f4ng ch\u1ee9a ch\u1ea5t b\u1ea3o qu\u1ea3n, kh\u00f4ng ph\u1ea9m m\u00e0u t\u1ed5ng h\u1ee3p<\/p>\n<\/li>\n<li data-start=\"969\" data-end=\"1048\">\n<p data-start=\"971\" data-end=\"1048\">V\u1ecb m\u1ea1nh m\u1ebd,\u00a0<strong data-start=\"983\" data-end=\"1005\">k\u00edch th\u00edch v\u1ecb gi\u00e1c<\/strong>, th\u00edch h\u1ee3p cho c\u1ea3 m\u00f3n m\u1eb7n l\u1eabn m\u00f3n \u0103n nhanh<\/p>\n<\/li>\n<\/ul>\n<p><img decoding=\"async\" class=\"aligncenter wp-image-40312\" src=\"https:\/\/havamall.com\/wp-content\/uploads\/2025\/06\/Cajun-Rub-Ingredients.jpg\" alt=\"\" width=\"801\" height=\"532\" srcset=\"https:\/\/havamall.com\/wp-content\/uploads\/2025\/06\/Cajun-Rub-Ingredients.jpg 1807w, https:\/\/havamall.com\/wp-content\/uploads\/2025\/06\/Cajun-Rub-Ingredients-300x199.jpg 300w, https:\/\/havamall.com\/wp-content\/uploads\/2025\/06\/Cajun-Rub-Ingredients-1024x680.jpg 1024w, https:\/\/havamall.com\/wp-content\/uploads\/2025\/06\/Cajun-Rub-Ingredients-768x510.jpg 768w, https:\/\/havamall.com\/wp-content\/uploads\/2025\/06\/Cajun-Rub-Ingredients-18x12.jpg 18w, https:\/\/havamall.com\/wp-content\/uploads\/2025\/06\/Cajun-Rub-Ingredients-600x398.jpg 600w, https:\/\/havamall.com\/wp-content\/uploads\/2025\/06\/Cajun-Rub-Ingredients-1200x797.jpg 1200w, https:\/\/havamall.com\/wp-content\/uploads\/2025\/06\/Cajun-Rub-Ingredients-150x100.jpg 150w\" sizes=\"(max-width: 801px) 100vw, 801px\" \/><\/p>\n<p data-start=\"1086\" data-end=\"1344\">C\u00e1c nguy\u00ean li\u1ec7u \u0111\u01b0\u1ee3c ch\u1ecdn l\u1ecdc t\u1eeb nhi\u1ec1u ngu\u1ed3n th\u1ea3o m\u1ed9c v\u00e0 gia v\u1ecb cao c\u1ea5p,\u00a0<strong data-start=\"1159\" data-end=\"1210\">xay m\u1ecbn v\u00e0 ph\u1ed1i tr\u1ed9n theo c\u00f4ng th\u1ee9c chu\u1ea9n Cajun<\/strong>. T\u1ea5t c\u1ea3 quy tr\u00ecnh \u0111\u01b0\u1ee3c th\u1ef1c hi\u1ec7n t\u1ea1i \u0110\u1ee9c v\u1edbi ti\u00eau chu\u1ea9n nghi\u00eam ng\u1eb7t, \u0111\u1ea3m b\u1ea3o\u00a0<strong data-start=\"1288\" data-end=\"1327\">ch\u1ea5t l\u01b0\u1ee3ng, \u0111\u1ed9 t\u01b0\u01a1i v\u00e0 s\u1ef1 \u0111\u1ed3ng nh\u1ea5t<\/strong>\u00a0c\u1ee7a t\u1eebng h\u0169 b\u1ed9t.<\/p>\n<p data-start=\"1372\" data-end=\"1582\">V\u1ecb\u00a0<strong data-start=\"1375\" data-end=\"1404\">cay nh\u1eb9 \u2013 m\u1eb7n \u2013 th\u01a1m n\u1ed3ng<\/strong>, h\u00f2a quy\u1ec7n gi\u1eefa b\u1ed9t \u1edbt hun kh\u00f3i, ti\u00eau, t\u1ecfi, h\u00e0nh kh\u00f4 v\u00e0 th\u1ea3o m\u1ed9c kh\u00f4. B\u1ed9t Cajun mang l\u1ea1i chi\u1ec1u s\u00e2u h\u01b0\u01a1ng v\u1ecb \u0111\u1ea7y n\u0103ng l\u01b0\u1ee3ng, g\u1ee3i nh\u1edb \u0111\u1ebfn c\u00e1c m\u00f3n n\u01b0\u1edbng \u0111\u01b0\u1eddng ph\u1ed1 mi\u1ec1n Nam n\u01b0\u1edbc M\u1ef9.<\/p>\n<p data-start=\"1372\" data-end=\"1582\"><img decoding=\"async\" class=\"aligncenter\" src=\"https:\/\/www.nospoonnecessary.com\/wp-content\/uploads\/2022\/01\/Homemade-Cajun-Spices-scaled.jpg\" alt=\"Homemade Cajun Spices: Cajun Seasoning for Gumbo &amp; Beyond\" width=\"801\" height=\"534\" \/><\/p>\n<h3><strong>C\u00d4NG D\u1ee4NG V\u00c0 L\u1ee2I \u00cdCH<\/strong><\/h3>\n<ul data-start=\"1614\" data-end=\"1884\">\n<li data-start=\"1614\" data-end=\"1687\">\n<p data-start=\"1616\" data-end=\"1687\">D\u00f9ng \u0111\u1ec3\u00a0<strong data-start=\"1624\" data-end=\"1658\">\u01b0\u1edbp th\u1ecbt, g\u00e0, t\u00f4m, c\u00e1, h\u1ea3i s\u1ea3n<\/strong>\u00a0tr\u01b0\u1edbc khi n\u01b0\u1edbng ho\u1eb7c chi\u00ean<\/p>\n<\/li>\n<li data-start=\"1688\" data-end=\"1769\">\n<p data-start=\"1690\" data-end=\"1769\">N\u00eam v\u00e0o\u00a0<strong data-start=\"1698\" data-end=\"1749\">khoai t\u00e2y chi\u00ean, popcorn, tr\u1ee9ng chi\u00ean, sandwich<\/strong>\u00a0\u0111\u1ec3 t\u0103ng v\u1ecb \u0111\u1eadm \u0111\u00e0<\/p>\n<\/li>\n<li data-start=\"1770\" data-end=\"1829\">\n<p data-start=\"1772\" data-end=\"1829\">L\u00e0m s\u1ed1t Cajun cho m\u00f3n\u00a0<strong data-start=\"1794\" data-end=\"1827\">pasta, burger, salad dressing<\/strong><\/p>\n<\/li>\n<li data-start=\"1830\" data-end=\"1884\">\n<p data-start=\"1832\" data-end=\"1884\">K\u1ebft h\u1ee3p t\u1ed1t v\u1edbi\u00a0<strong data-start=\"1848\" data-end=\"1884\">b\u01a1, mayonnaise, s\u1ed1t kem, m\u1eadt ong<\/strong><\/p>\n<\/li>\n<\/ul>\n<p data-start=\"2164\" data-end=\"2270\"><em>M\u1eb9o nh\u1ecf: Tr\u1ed9n b\u1ed9t Cajun v\u1edbi m\u1ed9t \u00edt d\u1ea7u \u00f4 liu v\u00e0 m\u1eadt ong \u2013 b\u1ea1n \u0111\u00e3 c\u00f3 h\u1ed7n h\u1ee3p \u01b0\u1edbp g\u00e0 n\u01b0\u1edbng si\u00eau ngon!<\/em><\/p>\n<p data-start=\"2164\" data-end=\"2270\"><img loading=\"lazy\" decoding=\"async\" class=\"aligncenter\" src=\"https:\/\/havamall.com\/wp-content\/uploads\/2025\/06\/73EE5438_3EB1_4F75_86FC_CF423C704AC7_db0f174a-cad2-4c3e-91f8-c30d513f895c.jpg\" alt=\"Cajun Food Trail in Beaumont, TX | Restaurants &amp; Dishes\" width=\"800\" height=\"830\" \/><\/p>\n<p data-start=\"2032\" data-end=\"2301\">V\u1edbi th\u00e0nh ph\u1ea7n t\u1ef1 nhi\u00ean t\u1eeb c\u00e1c lo\u1ea1i gia v\u1ecb v\u00e0 th\u1ea3o m\u1ed9c, b\u1ed9t Cajun gi\u00fap <strong data-start=\"2103\" data-end=\"2150\">k\u00edch th\u00edch ti\u00eau h\u00f3a, th\u00fac \u0111\u1ea9y trao \u0111\u1ed5i ch\u1ea5t<\/strong>, v\u00e0 c\u00f3 \u0111\u1eb7c t\u00ednh <strong data-start=\"2167\" data-end=\"2211\">kh\u00e1ng vi\u00eam nh\u1edd v\u00e0o t\u1ecfi, h\u00e0nh v\u00e0 ti\u00eau \u0111en<\/strong>. \u1edat cay c\u00f2n gi\u00fap <strong data-start=\"2229\" data-end=\"2252\">t\u0103ng ti\u1ebft endorphin<\/strong>, t\u1ea1o c\u1ea3m gi\u00e1c h\u01b0ng ph\u1ea5n, gi\u1ea3m stress sau b\u1eefa \u0103n. S\u1ea3n ph\u1ea9m hi\u1ec7n \u0111\u00e3 c\u00f3 m\u1eb7t t\u1ea1i <strong data-start=\"2791\" data-end=\"2803\">Havamall<\/strong>, cam k\u1ebft nh\u1eadp kh\u1ea9u ch\u00ednh ng\u1ea1ch, ch\u1ea5t l\u01b0\u1ee3ng chu\u1ea9n ch\u00e2u \u00c2u.<\/p>","protected":false},"excerpt":{"rendered":"<p>TH\u00d4NG TIN S\u1ea2N PH\u1ea8M Th\u01b0\u01a1ng hi\u1ec7u Atlas Garden Xu\u1ea5t X\u1ee9 \u0110\u1ee9c Th\u00e0nh ph\u1ea7n H\u1ed7n h\u1ee3p gia v\u1ecb Cajun (\u1edbt b\u1ed9t,<\/p>","protected":false},"featured_media":45144,"comment_status":"open","ping_status":"closed","template":"","meta":[],"product_brand":[],"product_cat":[154,595,728],"product_tag":[],"class_list":{"0":"post-40079","1":"product","2":"type-product","3":"status-publish","4":"has-post-thumbnail","6":"product_cat-gia-vi","7":"product_cat-gia-vi-va-che-bien","8":"product_cat-nhap-khau-duc","9":"pa_brand-atlas-garden","11":"first","12":"instock","13":"sale","14":"shipping-taxable","15":"purchasable","16":"product-type-simple"},"_links":{"self":[{"href":"https:\/\/havamall.com\/en\/wp-json\/wp\/v2\/product\/40079","targetHints":{"allow":["GET"]}}],"collection":[{"href":"https:\/\/havamall.com\/en\/wp-json\/wp\/v2\/product"}],"about":[{"href":"https:\/\/havamall.com\/en\/wp-json\/wp\/v2\/types\/product"}],"replies":[{"embeddable":true,"href":"https:\/\/havamall.com\/en\/wp-json\/wp\/v2\/comments?post=40079"}],"version-history":[{"count":0,"href":"https:\/\/havamall.com\/en\/wp-json\/wp\/v2\/product\/40079\/revisions"}],"wp:featuredmedia":[{"embeddable":true,"href":"https:\/\/havamall.com\/en\/wp-json\/wp\/v2\/media\/45144"}],"wp:attachment":[{"href":"https:\/\/havamall.com\/en\/wp-json\/wp\/v2\/media?parent=40079"}],"wp:term":[{"taxonomy":"product_brand","embeddable":true,"href":"https:\/\/havamall.com\/en\/wp-json\/wp\/v2\/product_brand?post=40079"},{"taxonomy":"product_cat","embeddable":true,"href":"https:\/\/havamall.com\/en\/wp-json\/wp\/v2\/product_cat?post=40079"},{"taxonomy":"product_tag","embeddable":true,"href":"https:\/\/havamall.com\/en\/wp-json\/wp\/v2\/product_tag?post=40079"}],"curies":[{"name":"wp","href":"https:\/\/api.w.org\/{rel}","templated":true}]}}