{"id":40082,"date":"2025-06-05T10:09:51","date_gmt":"2025-06-05T03:09:51","guid":{"rendered":"https:\/\/havamall.com\/?post_type=product&#038;p=40082"},"modified":"2026-03-17T15:33:05","modified_gmt":"2026-03-17T08:33:05","slug":"la-nguyet-que-atlas-garden-6g-atlas-garden-bay-leaves-6gr","status":"publish","type":"product","link":"https:\/\/havamall.com\/en\/shop\/la-nguyet-que-atlas-garden-6g-atlas-garden-bay-leaves-6gr\/","title":{"rendered":"L\u00e1 Nguy\u1ec7t Qu\u1ebf Atlas Garden 6g &#8211; Atlas Garden Bay Leaves 6gr"},"content":{"rendered":"<h3><strong>TH\u00d4NG TIN S\u1ea2N PH\u1ea8M<\/strong><\/h3>\n<table>\n<tbody>\n<tr>\n<td>Th\u01b0\u01a1ng hi\u1ec7u<\/td>\n<td>Atlas Garden<\/td>\n<\/tr>\n<tr>\n<td>Xu\u1ea5t X\u1ee9<\/td>\n<td>\u0110\u1ee9c<\/td>\n<\/tr>\n<tr>\n<td>Th\u00e0nh ph\u1ea7n<\/td>\n<td>\n<p data-start=\"1054\" data-end=\"1149\">100% L\u00e1 nguy\u1ec7t qu\u1ebf s\u1ea5y kh\u00f4 t\u1ef1 nhi\u00ean<\/p>\n<\/td>\n<\/tr>\n<tr>\n<td>H\u1ea1n s\u1eed d\u1ee5ng<\/td>\n<td>Xem tr\u00ean bao b\u00ec<\/td>\n<\/tr>\n<tr>\n<td>B\u1ea3o qu\u1ea3n<\/td>\n<td>N\u01a1i kh\u00f4 r\u00e1o, tho\u00e1ng m\u00e1t, tr\u00e1nh \u00e1nh n\u1eafng tr\u1ef1c ti\u1ebfp v\u00e0 nhi\u1ec7t \u0111\u1ed9 cao. \u0110\u00f3ng ch\u1eb7t n\u1eafp sau khi s\u1eed d\u1ee5ng.<\/td>\n<\/tr>\n<tr>\n<td>Kh\u1ed1i l\u01b0\u1ee3ng t\u1ecbnh<\/td>\n<td>6g<\/td>\n<\/tr>\n<\/tbody>\n<\/table>\n<h3><strong>GI\u1edaI THI\u1ec6U TH\u01af\u01a0NG HI\u1ec6U<\/strong><\/h3>\n<p data-start=\"181\" data-end=\"533\"><strong data-start=\"181\" data-end=\"197\">Atlas Garden<\/strong>\u00a0\u2013 th\u01b0\u01a1ng hi\u1ec7u gia v\u1ecb cao c\u1ea5p nh\u1eadp kh\u1ea9u t\u1eeb \u0110\u1ee9c, chuy\u00ean cung c\u1ea5p c\u00e1c lo\u1ea1i th\u1ea3o m\u1ed9c v\u00e0 gia v\u1ecb nguy\u00ean b\u1ea3n t\u1eeb nhi\u1ec1u n\u1ec1n \u1ea9m th\u1ef1c tr\u00ean th\u1ebf gi\u1edbi. M\u1ed7i s\u1ea3n ph\u1ea9m \u0111\u1ec1u \u0111\u01b0\u1ee3c ch\u1ecdn l\u1ecdc v\u00e0 ch\u1ebf bi\u1ebfn theo ti\u00eau chu\u1ea9n ch\u1ea5t l\u01b0\u1ee3ng nghi\u00eam ng\u1eb7t, nh\u1eb1m\u00a0<strong data-start=\"424\" data-end=\"482\">gi\u1eef tr\u1ecdn h\u01b0\u01a1ng v\u1ecb t\u1ef1 nhi\u00ean v\u00e0 tinh t\u00fay \u1ea9m th\u1ef1c b\u1ea3n \u0111\u1ecba<\/strong>, ph\u1ee5c v\u1ee5 nhu c\u1ea7u n\u1ea5u \u0103n chuy\u00ean nghi\u1ec7p v\u00e0 gia \u0111\u00ecnh.<\/p>\n<p data-start=\"181\" data-end=\"533\"><img fetchpriority=\"high\" decoding=\"async\" class=\"aligncenter wp-image-40268\" src=\"https:\/\/havamall.com\/wp-content\/uploads\/2025\/06\/493942044_1258217259644571_7163962914813370668_n-1.jpg\" alt=\"\" width=\"801\" height=\"475\" srcset=\"https:\/\/havamall.com\/wp-content\/uploads\/2025\/06\/493942044_1258217259644571_7163962914813370668_n-1.jpg 2000w, https:\/\/havamall.com\/wp-content\/uploads\/2025\/06\/493942044_1258217259644571_7163962914813370668_n-1-300x178.jpg 300w, https:\/\/havamall.com\/wp-content\/uploads\/2025\/06\/493942044_1258217259644571_7163962914813370668_n-1-1024x607.jpg 1024w, https:\/\/havamall.com\/wp-content\/uploads\/2025\/06\/493942044_1258217259644571_7163962914813370668_n-1-768x455.jpg 768w, https:\/\/havamall.com\/wp-content\/uploads\/2025\/06\/493942044_1258217259644571_7163962914813370668_n-1-18x12.jpg 18w, https:\/\/havamall.com\/wp-content\/uploads\/2025\/06\/493942044_1258217259644571_7163962914813370668_n-1-600x356.jpg 600w, https:\/\/havamall.com\/wp-content\/uploads\/2025\/06\/493942044_1258217259644571_7163962914813370668_n-1-1200x712.jpg 1200w, https:\/\/havamall.com\/wp-content\/uploads\/2025\/06\/493942044_1258217259644571_7163962914813370668_n-1-150x89.jpg 150w\" sizes=\"(max-width: 801px) 100vw, 801px\" \/><\/p>\n<h3><strong>\u0110\u1eb6C \u0110I\u1ec2M S\u1ea2N PH\u1ea8M<\/strong><\/h3>\n<p data-start=\"582\" data-end=\"739\"><strong data-start=\"582\" data-end=\"625\">L\u00e1 Nguy\u1ec7t Qu\u1ebf (Bay Leaves) Atlas Garden<\/strong>\u00a0l\u00e0 lo\u1ea1i l\u00e1 kh\u00f4 nguy\u00ean b\u1ea3n, c\u00f3 m\u00f9i th\u01a1m \u1ea5m \u00e1p, nh\u1eb9 nh\u00e0ng, gi\u00fap l\u00e0m d\u1eady m\u00f9i m\u00f3n \u0103n v\u00e0 kh\u1eed m\u00f9i nguy\u00ean li\u1ec7u hi\u1ec7u qu\u1ea3.<\/p>\n<ul data-start=\"741\" data-end=\"983\">\n<li data-start=\"741\" data-end=\"797\">\n<p data-start=\"743\" data-end=\"797\">L\u00e1 nguy\u00ean v\u1eb9n,\u00a0<strong data-start=\"758\" data-end=\"795\">kh\u00f4ng v\u1ee5n n\u00e1t, kh\u00f4ng l\u1eabn t\u1ea1p ch\u1ea5t<\/strong><\/p>\n<\/li>\n<li data-start=\"798\" data-end=\"859\">\n<p data-start=\"800\" data-end=\"859\">\u0110\u01b0\u1ee3c s\u1ea5y kh\u00f4 t\u1ef1 nhi\u00ean, gi\u1eef nguy\u00ean tinh d\u1ea7u th\u01a1m \u0111\u1eb7c tr\u01b0ng<\/p>\n<\/li>\n<li data-start=\"860\" data-end=\"918\">\n<p data-start=\"862\" data-end=\"918\">C\u00f3 h\u01b0\u01a1ng th\u01a1m\u00a0<strong data-start=\"876\" data-end=\"916\">thanh, h\u01a1i cay nh\u1eb9, pha m\u00f9i nh\u1ef1a c\u00e2y<\/strong><\/p>\n<\/li>\n<li data-start=\"919\" data-end=\"983\">\n<p data-start=\"921\" data-end=\"983\">D\u00f9ng ph\u1ed5 bi\u1ebfn trong c\u00e1c m\u00f3n\u00a0<strong data-start=\"949\" data-end=\"983\">h\u1ea7m, ninh, kho, s\u00fap, n\u01b0\u1edbc d\u00f9ng<\/strong><\/p>\n<\/li>\n<\/ul>\n<p><img decoding=\"async\" class=\"aligncenter\" src=\"https:\/\/havamall.com\/wp-content\/uploads\/2025\/06\/bay-leaf-whole-477176.jpg\" alt=\"Bay Leaf - Whole\" width=\"801\" height=\"534\" \/><\/p>\n<p data-start=\"1021\" data-end=\"1247\">L\u00e1 nguy\u1ec7t qu\u1ebf \u0111\u01b0\u1ee3c\u00a0<strong data-start=\"1040\" data-end=\"1084\">thu h\u00e1i \u0111\u00fang th\u1eddi \u0111i\u1ec3m tinh d\u1ea7u cao nh\u1ea5t<\/strong>, sau \u0111\u00f3\u00a0<strong data-start=\"1093\" data-end=\"1149\">l\u00e0m s\u1ea1ch, ph\u01a1i\/s\u1ea5y l\u1ea1nh t\u1ef1 nhi\u00ean v\u00e0 \u0111\u00f3ng g\u00f3i t\u1ea1i \u0110\u1ee9c<\/strong>\u00a0theo quy tr\u00ecnh kh\u00e9p k\u00edn. Kh\u00f4ng s\u1eed d\u1ee5ng h\u00f3a ch\u1ea5t b\u1ea3o qu\u1ea3n, kh\u00f4ng x\u1eed l\u00fd nhi\u1ec7t \u0111\u1ed9 cao l\u00e0m m\u1ea5t h\u01b0\u01a1ng.<\/p>\n<p data-start=\"1275\" data-end=\"1497\">H\u01b0\u01a1ng th\u01a1m c\u1ee7a l\u00e1 nguy\u1ec7t qu\u1ebf mang \u0111\u1eb7c tr\u01b0ng\u00a0<strong data-start=\"1319\" data-end=\"1375\">m\u00f9i g\u1ed7 nh\u1eb9, h\u1eadu cay, tho\u1ea3ng m\u00f9i b\u1ea1c h\u00e0 v\u00e0 nh\u1ef1a th\u00f4ng<\/strong>. Khi \u0111\u01b0\u1ee3c \u0111un l\u00e2u trong m\u00f3n \u0103n, tinh d\u1ea7u trong l\u00e1 ti\u1ebft ra t\u1eeb t\u1eeb, l\u00e0m\u00a0<strong data-start=\"1445\" data-end=\"1496\">t\u0103ng \u0111\u1ed9 s\u00e2u v\u00e0 thanh cho n\u01b0\u1edbc d\u00f9ng, m\u00f3n kho\/h\u1ea7m<\/strong>.<\/p>\n<p data-start=\"1275\" data-end=\"1497\"><img decoding=\"async\" class=\"aligncenter\" src=\"https:\/\/havamall.com\/wp-content\/uploads\/2025\/06\/bayleaf-small_1024x1024.jpg\" alt=\"Terra-Bay Leaf Dried\" width=\"800\" height=\"800\" \/><\/p>\n<h3><strong>C\u00d4NG D\u1ee4NG V\u00c0 L\u1ee2I \u00cdCH<\/strong><\/h3>\n<ul data-start=\"1529\" data-end=\"1809\">\n<li data-start=\"1529\" data-end=\"1616\">\n<p data-start=\"1531\" data-end=\"1616\">D\u00f9ng cho c\u00e1c m\u00f3n\u00a0<strong data-start=\"1548\" data-end=\"1614\">h\u1ea7m (th\u1ecbt b\u00f2, th\u1ecbt g\u00e0, \u0111\u1eadu), kho, n\u1ea5u ph\u1edf, n\u1ea5u canh x\u01b0\u01a1ng, s\u00fap<\/strong><\/p>\n<\/li>\n<li data-start=\"1617\" data-end=\"1675\">\n<p data-start=\"1619\" data-end=\"1675\">Th\u00eam v\u00e0o n\u1ed3i\u00a0<strong data-start=\"1632\" data-end=\"1673\">n\u01b0\u1edbc lu\u1ed9c m\u00ec, n\u01b0\u1edbc d\u00f9ng ho\u1eb7c n\u01b0\u1edbc s\u1ed1t<\/strong><\/p>\n<\/li>\n<li data-start=\"1676\" data-end=\"1745\">\n<p data-start=\"1678\" data-end=\"1745\">Th\u01b0\u1eddng\u00a0<strong data-start=\"1685\" data-end=\"1743\">b\u1ecf nguy\u00ean l\u00e1 v\u00e0o khi n\u1ea5u v\u00e0 v\u1edbt ra sau khi m\u00f3n \u0103n ch\u00edn<\/strong><\/p>\n<\/li>\n<li data-start=\"1746\" data-end=\"1809\">\n<p data-start=\"1748\" data-end=\"1809\">C\u00f3 th\u1ec3 d\u00f9ng l\u00e0m\u00a0<strong data-start=\"1764\" data-end=\"1809\">gia v\u1ecb \u01b0\u1edbp th\u1ecbt ho\u1eb7c l\u00e0m t\u00fai th\u01a1m kh\u1eed m\u00f9i<\/strong><\/p>\n<\/li>\n<\/ul>\n<p data-start=\"2164\" data-end=\"2270\"><em data-start=\"1814\" data-end=\"1822\">L\u01b0u \u00fd:<\/em> Kh\u00f4ng \u0103n tr\u1ef1c ti\u1ebfp l\u00e1 nguy\u1ec7t qu\u1ebf \u2013 d\u00f9ng \u0111\u1ec3 t\u1ea1o h\u01b0\u01a1ng trong qu\u00e1 tr\u00ecnh n\u1ea5u.<\/p>\n<p data-start=\"2164\" data-end=\"2270\"><img loading=\"lazy\" decoding=\"async\" class=\"aligncenter\" src=\"https:\/\/havamall.com\/wp-content\/uploads\/2025\/06\/hasselback-potatoes-with-bay-leaves-9965-1.jpg\" alt=\"Hasselback potatoes with bay leaves\" width=\"801\" height=\"534\" \/><\/p>\n<p data-start=\"1934\" data-end=\"2207\"><strong>L\u00e1 nguy\u1ec7t qu\u1ebf<\/strong> ch\u1ee9a tinh d\u1ea7u nh\u01b0 <strong data-start=\"1966\" data-end=\"1998\">eucalyptol, cineol, linalool<\/strong> c\u00f3 t\u00ednh <strong data-start=\"2007\" data-end=\"2053\">kh\u00e1ng khu\u1ea9n, kh\u00e1ng vi\u00eam v\u00e0 h\u1ed7 tr\u1ee3 ti\u00eau h\u00f3a<\/strong>. Ngo\u00e0i ra, lo\u1ea1i l\u00e1 n\u00e0y c\u00f2n gi\u00fap <strong data-start=\"2086\" data-end=\"2145\">gi\u1ea3m \u0111\u1ea7y h\u01a1i, t\u0103ng c\u01b0\u1eddng mi\u1ec5n d\u1ecbch, h\u1ed7 tr\u1ee3 th\u1ea3i \u0111\u1ed9c gan<\/strong> v\u00e0 c\u00f3 th\u1ec3 d\u00f9ng \u0111\u1ec3 <strong data-start=\"2164\" data-end=\"2186\">x\u00f4ng gi\u1ea3m c\u1ea3m l\u1ea1nh<\/strong> nh\u1edd \u0111\u1eb7c t\u00ednh l\u00e0m \u1ea5m. S\u1ea3n ph\u1ea9m hi\u1ec7n \u0111\u00e3 c\u00f3 m\u1eb7t t\u1ea1i <strong data-start=\"2791\" data-end=\"2803\">Havamall<\/strong>, cam k\u1ebft nh\u1eadp kh\u1ea9u ch\u00ednh ng\u1ea1ch, ch\u1ea5t l\u01b0\u1ee3ng chu\u1ea9n ch\u00e2u \u00c2u.<\/p>","protected":false},"excerpt":{"rendered":"<p>TH\u00d4NG TIN S\u1ea2N PH\u1ea8M Th\u01b0\u01a1ng hi\u1ec7u Atlas Garden Xu\u1ea5t X\u1ee9 \u0110\u1ee9c Th\u00e0nh ph\u1ea7n 100% L\u00e1 nguy\u1ec7t qu\u1ebf s\u1ea5y kh\u00f4 t\u1ef1<\/p>","protected":false},"featured_media":45145,"comment_status":"open","ping_status":"closed","template":"","meta":[],"product_brand":[],"product_cat":[154,595,728],"product_tag":[],"class_list":{"0":"post-40082","1":"product","2":"type-product","3":"status-publish","4":"has-post-thumbnail","6":"product_cat-gia-vi","7":"product_cat-gia-vi-va-che-bien","8":"product_cat-nhap-khau-duc","9":"pa_brand-atlas-garden","11":"first","12":"instock","13":"sale","14":"shipping-taxable","15":"purchasable","16":"product-type-simple"},"_links":{"self":[{"href":"https:\/\/havamall.com\/en\/wp-json\/wp\/v2\/product\/40082","targetHints":{"allow":["GET"]}}],"collection":[{"href":"https:\/\/havamall.com\/en\/wp-json\/wp\/v2\/product"}],"about":[{"href":"https:\/\/havamall.com\/en\/wp-json\/wp\/v2\/types\/product"}],"replies":[{"embeddable":true,"href":"https:\/\/havamall.com\/en\/wp-json\/wp\/v2\/comments?post=40082"}],"version-history":[{"count":0,"href":"https:\/\/havamall.com\/en\/wp-json\/wp\/v2\/product\/40082\/revisions"}],"wp:featuredmedia":[{"embeddable":true,"href":"https:\/\/havamall.com\/en\/wp-json\/wp\/v2\/media\/45145"}],"wp:attachment":[{"href":"https:\/\/havamall.com\/en\/wp-json\/wp\/v2\/media?parent=40082"}],"wp:term":[{"taxonomy":"product_brand","embeddable":true,"href":"https:\/\/havamall.com\/en\/wp-json\/wp\/v2\/product_brand?post=40082"},{"taxonomy":"product_cat","embeddable":true,"href":"https:\/\/havamall.com\/en\/wp-json\/wp\/v2\/product_cat?post=40082"},{"taxonomy":"product_tag","embeddable":true,"href":"https:\/\/havamall.com\/en\/wp-json\/wp\/v2\/product_tag?post=40082"}],"curies":[{"name":"wp","href":"https:\/\/api.w.org\/{rel}","templated":true}]}}