{"id":40086,"date":"2025-06-04T15:01:36","date_gmt":"2025-06-04T08:01:36","guid":{"rendered":"https:\/\/havamall.com\/?post_type=product&#038;p=40086"},"modified":"2026-03-17T15:40:21","modified_gmt":"2026-03-17T08:40:21","slug":"bot-paprika-ngot-atlas-garden-64g-atlas-garden-sweet-paprika-64gr","status":"publish","type":"product","link":"https:\/\/havamall.com\/en\/shop\/bot-paprika-ngot-atlas-garden-64g-atlas-garden-sweet-paprika-64gr\/","title":{"rendered":"B\u1ed9t Paprika Ng\u1ecdt Atlas Garden 64g &#8211; Atlas Garden Sweet Paprika 64gr"},"content":{"rendered":"<h3><strong>TH\u00d4NG TIN S\u1ea2N PH\u1ea8M<\/strong><\/h3>\n<table>\n<tbody>\n<tr>\n<td>Th\u01b0\u01a1ng hi\u1ec7u<\/td>\n<td>Atlas Garden<\/td>\n<\/tr>\n<tr>\n<td>Xu\u1ea5t X\u1ee9<\/td>\n<td>\u0110\u1ee9c<\/td>\n<\/tr>\n<tr>\n<td>Th\u00e0nh ph\u1ea7n<\/td>\n<td>\n<p data-start=\"1054\" data-end=\"1149\">100% <strong data-start=\"803\" data-end=\"842\">\u1edbt chu\u00f4ng \u0111\u1ecf ng\u1ecdt s\u1ea5y v\u00e0 nghi\u1ec1n m\u1ecbn<\/strong>, kh\u00f4ng tr\u1ed9n t\u1ea1p<\/p>\n<\/td>\n<\/tr>\n<tr>\n<td>H\u1ea1n s\u1eed d\u1ee5ng<\/td>\n<td>Xem tr\u00ean bao b\u00ec<\/td>\n<\/tr>\n<tr>\n<td>B\u1ea3o qu\u1ea3n<\/td>\n<td>N\u01a1i kh\u00f4 r\u00e1o, tho\u00e1ng m\u00e1t, tr\u00e1nh \u00e1nh n\u1eafng tr\u1ef1c ti\u1ebfp v\u00e0 nhi\u1ec7t \u0111\u1ed9 cao. \u0110\u00f3ng ch\u1eb7t n\u1eafp sau khi s\u1eed d\u1ee5ng.<\/td>\n<\/tr>\n<tr>\n<td>Kh\u1ed1i l\u01b0\u1ee3ng t\u1ecbnh<\/td>\n<td>64g<\/td>\n<\/tr>\n<\/tbody>\n<\/table>\n<h3><strong>GI\u1edaI THI\u1ec6U TH\u01af\u01a0NG HI\u1ec6U<\/strong><\/h3>\n<p data-start=\"189\" data-end=\"533\"><strong data-start=\"189\" data-end=\"205\">Atlas Garden<\/strong> l\u00e0 th\u01b0\u01a1ng hi\u1ec7u gia v\u1ecb nh\u1eadp kh\u1ea9u t\u1eeb \u0110\u1ee9c, chuy\u00ean cung c\u1ea5p c\u00e1c lo\u1ea1i gia v\u1ecb v\u00e0 th\u1ea3o m\u1ed9c nguy\u00ean ch\u1ea5t, chu\u1ea9n ch\u1ea5t l\u01b0\u1ee3ng ch\u00e2u \u00c2u. V\u1edbi t\u00f4n ch\u1ec9 <strong data-start=\"341\" data-end=\"393\">\u201cGia v\u1ecb s\u1ea1ch \u2013 H\u01b0\u01a1ng v\u1ecb chu\u1ea9n \u2013 \u1ea8m th\u1ef1c tinh t\u1ebf\u201d<\/strong>, Atlas Garden \u0111\u1ed3ng h\u00e0nh c\u00f9ng ng\u01b0\u1eddi ti\u00eau d\u00f9ng trong h\u00e0nh tr\u00ecnh n\u00e2ng t\u1ea7m b\u1eefa \u0103n m\u1ed7i ng\u00e0y v\u1edbi nh\u1eefng nguy\u00ean li\u1ec7u t\u1ef1 nhi\u00ean, an to\u00e0n v\u00e0 ti\u1ec7n l\u1ee3i.<\/p>\n<p data-start=\"189\" data-end=\"533\"><img fetchpriority=\"high\" decoding=\"async\" class=\"aligncenter size-full wp-image-40230\" src=\"https:\/\/havamall.com\/wp-content\/uploads\/2025\/06\/Atlas-Logo-2.png\" alt=\"\" width=\"800\" height=\"420\" srcset=\"https:\/\/havamall.com\/wp-content\/uploads\/2025\/06\/Atlas-Logo-2.png 800w, https:\/\/havamall.com\/wp-content\/uploads\/2025\/06\/Atlas-Logo-2-300x158.png 300w, https:\/\/havamall.com\/wp-content\/uploads\/2025\/06\/Atlas-Logo-2-768x403.png 768w, https:\/\/havamall.com\/wp-content\/uploads\/2025\/06\/Atlas-Logo-2-18x9.png 18w, https:\/\/havamall.com\/wp-content\/uploads\/2025\/06\/Atlas-Logo-2-600x315.png 600w, https:\/\/havamall.com\/wp-content\/uploads\/2025\/06\/Atlas-Logo-2-150x79.png 150w\" sizes=\"(max-width: 800px) 100vw, 800px\" \/><\/p>\n<h3><strong>\u0110\u1eb6C \u0110I\u1ec2M S\u1ea2N PH\u1ea8M<\/strong><\/h3>\n<p data-start=\"582\" data-end=\"794\"><strong data-start=\"582\" data-end=\"615\">B\u1ed9t Paprika Ng\u1ecdt Atlas Garden<\/strong>\u00a0\u0111\u01b0\u1ee3c l\u00e0m t\u1eeb \u1edbt chu\u00f4ng \u0111\u1ecf s\u1ea5y kh\u00f4 v\u00e0 nghi\u1ec1n m\u1ecbn, c\u00f3 m\u00e0u s\u1eafc \u0111\u1ecf r\u1ef1c b\u1eaft m\u1eaft, m\u00f9i th\u01a1m d\u1ecbu v\u00e0 v\u1ecb ng\u1ecdt nh\u1eb9. L\u00e0 m\u1ed9t trong nh\u1eefng lo\u1ea1i gia v\u1ecb \u0111\u1eb7c tr\u01b0ng trong \u1ea9m th\u1ef1c ch\u00e2u \u00c2u v\u00e0 ch\u00e2u M\u1ef9.<\/p>\n<ul data-start=\"796\" data-end=\"1037\">\n<li data-start=\"796\" data-end=\"860\">\n<p data-start=\"798\" data-end=\"860\">100%\u00a0<strong data-start=\"803\" data-end=\"842\">\u1edbt chu\u00f4ng \u0111\u1ecf ng\u1ecdt s\u1ea5y v\u00e0 nghi\u1ec1n m\u1ecbn<\/strong>, kh\u00f4ng tr\u1ed9n t\u1ea1p<\/p>\n<\/li>\n<li data-start=\"861\" data-end=\"919\">\n<p data-start=\"863\" data-end=\"919\"><strong data-start=\"863\" data-end=\"876\">Kh\u00f4ng cay<\/strong>, ph\u00f9 h\u1ee3p cho c\u1ea3 tr\u1ebb nh\u1ecf v\u00e0 ng\u01b0\u1eddi \u0103n nh\u1ea1t<\/p>\n<\/li>\n<li data-start=\"920\" data-end=\"984\">\n<p data-start=\"922\" data-end=\"984\">T\u1ea1o m\u00e0u\u00a0<strong data-start=\"930\" data-end=\"949\">\u0111\u1ecf cam t\u1ef1 nhi\u00ean<\/strong>\u00a0v\u00e0 h\u01b0\u01a1ng th\u01a1m d\u1ecbu nh\u1eb9 cho m\u00f3n \u0103n<\/p>\n<\/li>\n<li data-start=\"985\" data-end=\"1037\">\n<p data-start=\"987\" data-end=\"1037\">\u0110\u00f3ng l\u1ecd ti\u1ec7n l\u1ee3i, d\u1ec5 b\u1ea3o qu\u1ea3n v\u00e0 s\u1eed d\u1ee5ng h\u1eb1ng ng\u00e0y<\/p>\n<\/li>\n<\/ul>\n<p><img decoding=\"async\" class=\"aligncenter\" src=\"https:\/\/havamall.com\/wp-content\/uploads\/2025\/06\/WhatIsPaprika.png\" alt=\"What Are the Best Substitutes for Paprika? \u2013 santokuknives\" width=\"801\" height=\"356\" \/><\/p>\n<p data-start=\"1075\" data-end=\"1288\"><strong>\u1edat chu\u00f4ng<\/strong> \u0111\u01b0\u1ee3c\u00a0<strong data-start=\"1090\" data-end=\"1115\">thu ho\u1ea1ch khi ch\u00edn \u0111\u1ecf<\/strong>, sau \u0111\u00f3 tr\u1ea3i qua quy tr\u00ecnh\u00a0<strong data-start=\"1143\" data-end=\"1181\">s\u1ea5y kh\u00f4 ch\u1eadm v\u00e0 nghi\u1ec1n m\u1ecbn t\u1ea1i \u0110\u1ee9c<\/strong>, gi\u00fap gi\u1eef nguy\u00ean h\u01b0\u01a1ng v\u1ecb v\u00e0 m\u00e0u s\u1eafc t\u1ef1 nhi\u00ean. Kh\u00f4ng d\u00f9ng ch\u1ea5t b\u1ea3o qu\u1ea3n, ph\u1ea9m m\u00e0u hay ph\u1ee5 gia c\u00f4ng nghi\u1ec7p.<\/p>\n<p data-start=\"1316\" data-end=\"1546\"><strong>Paprika ng\u1ecdt<\/strong> c\u00f3\u00a0<strong data-start=\"1332\" data-end=\"1372\">m\u00f9i th\u01a1m d\u1ecbu, v\u1ecb ng\u1ecdt nh\u1eb9, kh\u00f4ng cay<\/strong>, t\u1ea1o c\u1ea3m gi\u00e1c tr\u00f2n v\u1ecb khi n\u00eam v\u00e0o m\u00f3n \u0103n. Khi ch\u1ebf bi\u1ebfn c\u00f9ng d\u1ea7u ho\u1eb7c ch\u1ea5t b\u00e9o, paprika c\u00e0ng d\u1eady m\u00f9i r\u00f5 h\u01a1n, mang l\u1ea1i chi\u1ec1u s\u00e2u cho m\u00f3n \u0103n m\u00e0 kh\u00f4ng l\u00e0m l\u1ea5n \u00e1t h\u01b0\u01a1ng v\u1ecb ch\u00ednh.<\/p>\n<p data-start=\"1316\" data-end=\"1546\"><img decoding=\"async\" class=\"aligncenter\" src=\"https:\/\/havamall.com\/wp-content\/uploads\/2025\/06\/driedbellpepper.jpg\" alt=\"Organic Sun- Dried Red Bell peppers \u2013 GreenDNA\u00ae India\" width=\"800\" height=\"600\" \/><\/p>\n<h3><strong>C\u00d4NG D\u1ee4NG V\u00c0 L\u1ee2I \u00cdCH<\/strong><\/h3>\n<ul>\n<li data-start=\"1578\" data-end=\"1636\">\n<p data-start=\"1580\" data-end=\"1636\">D\u00f9ng \u0111\u1ec3 <strong data-start=\"1588\" data-end=\"1617\">\u01b0\u1edbp th\u1ecbt, g\u00e0, c\u00e1, h\u1ea3i s\u1ea3n<\/strong> n\u01b0\u1edbng ho\u1eb7c chi\u00ean<\/p>\n<\/li>\n<li data-start=\"1637\" data-end=\"1713\">\n<p data-start=\"1639\" data-end=\"1713\">Th\u00eam v\u00e0o <strong data-start=\"1648\" data-end=\"1711\">s\u1ed1t, canh, s\u00fap, m\u00f3n h\u1ea7m, c\u01a1m chi\u00ean, m\u00ec \u1ed1ng, khoai t\u00e2y n\u01b0\u1edbng<\/strong><\/p>\n<\/li>\n<li data-start=\"1714\" data-end=\"1785\">\n<p data-start=\"1716\" data-end=\"1785\">D\u00f9ng nh\u01b0 <strong data-start=\"1725\" data-end=\"1743\">gia v\u1ecb t\u1ea1o m\u00e0u<\/strong> cho tr\u1ee9ng chi\u00ean, b\u00e1nh m\u1eb7n, n\u01b0\u1edbc s\u1ed1t BBQ<\/p>\n<\/li>\n<li data-start=\"1786\" data-end=\"1864\">\n<p data-start=\"1788\" data-end=\"1864\">L\u00e0 th\u00e0nh ph\u1ea7n ch\u00ednh trong h\u1ed7n h\u1ee3p gia v\u1ecb <strong data-start=\"1829\" data-end=\"1864\">Hungary, Mexico, Cajun, BBQ rub<\/strong><\/p>\n<\/li>\n<\/ul>\n<p data-start=\"2164\" data-end=\"2270\"><em>M\u1eb9o nh\u1ecf: <\/em>Rang s\u01a1 b\u1ed9t paprika v\u1edbi d\u1ea7u ho\u1eb7c b\u01a1 s\u1ebd gi\u00fap h\u01b0\u01a1ng th\u01a1m lan t\u1ecfa r\u00f5 r\u1ec7t h\u01a1n!<\/p>\n<p data-start=\"2164\" data-end=\"2270\"><img loading=\"lazy\" decoding=\"async\" class=\"aligncenter\" src=\"https:\/\/havamall.com\/wp-content\/uploads\/2025\/06\/19EAT-one-pan-paprika-chicken-qbtf-superJumbo.jpg\" alt=\"One-Pan Paprika Chicken With Lentils, Squash and Daqa\" width=\"800\" height=\"533\" \/><\/p>\n<p data-start=\"1992\" data-end=\"2234\">Paprika ch\u1ee9a nhi\u1ec1u <strong data-start=\"2011\" data-end=\"2061\">ch\u1ea5t ch\u1ed1ng oxy h\u00f3a (nh\u01b0 vitamin C, carotenoid)<\/strong>, h\u1ed7 tr\u1ee3 <strong data-start=\"2070\" data-end=\"2135\">t\u0103ng c\u01b0\u1eddng h\u1ec7 mi\u1ec5n d\u1ecbch, l\u00e0m s\u00e1ng da, c\u1ea3i thi\u1ec7n tu\u1ea7n ho\u00e0n m\u00e1u<\/strong> v\u00e0 g\u00f3p ph\u1ea7n ch\u1ed1ng vi\u00eam. V\u00ec kh\u00f4ng cay, paprika ng\u1ecdt c\u0169ng ph\u00f9 h\u1ee3p v\u1edbi ng\u01b0\u1eddi c\u00f3 h\u1ec7 ti\u00eau h\u00f3a nh\u1ea1y c\u1ea3m. S\u1ea3n ph\u1ea9m hi\u1ec7n \u0111\u00e3 c\u00f3 m\u1eb7t t\u1ea1i <strong data-start=\"2791\" data-end=\"2803\">Havamall<\/strong>, cam k\u1ebft nh\u1eadp kh\u1ea9u ch\u00ednh ng\u1ea1ch, ch\u1ea5t l\u01b0\u1ee3ng chu\u1ea9n ch\u00e2u \u00c2u.<\/p>","protected":false},"excerpt":{"rendered":"<p>TH\u00d4NG TIN S\u1ea2N PH\u1ea8M Th\u01b0\u01a1ng hi\u1ec7u Atlas Garden Xu\u1ea5t X\u1ee9 \u0110\u1ee9c Th\u00e0nh ph\u1ea7n 100% \u1edbt chu\u00f4ng \u0111\u1ecf ng\u1ecdt s\u1ea5y v\u00e0<\/p>","protected":false},"featured_media":45149,"comment_status":"open","ping_status":"closed","template":"","meta":[],"product_brand":[],"product_cat":[154,595,728],"product_tag":[],"class_list":{"0":"post-40086","1":"product","2":"type-product","3":"status-publish","4":"has-post-thumbnail","6":"product_cat-gia-vi","7":"product_cat-gia-vi-va-che-bien","8":"product_cat-nhap-khau-duc","9":"pa_brand-atlas-garden","11":"first","12":"instock","13":"sale","14":"shipping-taxable","15":"purchasable","16":"product-type-simple"},"_links":{"self":[{"href":"https:\/\/havamall.com\/en\/wp-json\/wp\/v2\/product\/40086","targetHints":{"allow":["GET"]}}],"collection":[{"href":"https:\/\/havamall.com\/en\/wp-json\/wp\/v2\/product"}],"about":[{"href":"https:\/\/havamall.com\/en\/wp-json\/wp\/v2\/types\/product"}],"replies":[{"embeddable":true,"href":"https:\/\/havamall.com\/en\/wp-json\/wp\/v2\/comments?post=40086"}],"version-history":[{"count":0,"href":"https:\/\/havamall.com\/en\/wp-json\/wp\/v2\/product\/40086\/revisions"}],"wp:featuredmedia":[{"embeddable":true,"href":"https:\/\/havamall.com\/en\/wp-json\/wp\/v2\/media\/45149"}],"wp:attachment":[{"href":"https:\/\/havamall.com\/en\/wp-json\/wp\/v2\/media?parent=40086"}],"wp:term":[{"taxonomy":"product_brand","embeddable":true,"href":"https:\/\/havamall.com\/en\/wp-json\/wp\/v2\/product_brand?post=40086"},{"taxonomy":"product_cat","embeddable":true,"href":"https:\/\/havamall.com\/en\/wp-json\/wp\/v2\/product_cat?post=40086"},{"taxonomy":"product_tag","embeddable":true,"href":"https:\/\/havamall.com\/en\/wp-json\/wp\/v2\/product_tag?post=40086"}],"curies":[{"name":"wp","href":"https:\/\/api.w.org\/{rel}","templated":true}]}}