{"id":40094,"date":"2025-06-04T09:31:32","date_gmt":"2025-06-04T02:31:32","guid":{"rendered":"https:\/\/havamall.com\/?post_type=product&#038;p=40094"},"modified":"2026-03-18T15:44:35","modified_gmt":"2026-03-18T08:44:35","slug":"hat-tieu-hong-atlas-garden-35g-atlas-garden-pink-peppercorn-35gr","status":"publish","type":"product","link":"https:\/\/havamall.com\/en\/shop\/hat-tieu-hong-atlas-garden-35g-atlas-garden-pink-peppercorn-35gr\/","title":{"rendered":"H\u1ea1t Ti\u00eau H\u1ed3ng Atlas Garden 35g &#8211; Atlas Garden Pink Peppercorn 35gr"},"content":{"rendered":"<h3><strong>TH\u00d4NG TIN S\u1ea2N PH\u1ea8M<\/strong><\/h3>\n<table>\n<tbody>\n<tr>\n<td>Th\u01b0\u01a1ng hi\u1ec7u<\/td>\n<td>Atlas Garden<\/td>\n<\/tr>\n<tr>\n<td>Xu\u1ea5t X\u1ee9<\/td>\n<td>\u0110\u1ee9c<\/td>\n<\/tr>\n<tr>\n<td>Th\u00e0nh ph\u1ea7n<\/td>\n<td>\n<p data-start=\"1054\" data-end=\"1149\">100% \u00a0H\u1ea1t ti\u00eau h\u1ed3ng s\u1ea5y kh\u00f4 t\u1ef1 nhi\u00ean<\/p>\n<\/td>\n<\/tr>\n<tr>\n<td>H\u1ea1n s\u1eed d\u1ee5ng<\/td>\n<td>Xem tr\u00ean bao b\u00ec<\/td>\n<\/tr>\n<tr>\n<td>B\u1ea3o qu\u1ea3n<\/td>\n<td>N\u01a1i kh\u00f4 r\u00e1o, tho\u00e1ng m\u00e1t, tr\u00e1nh \u00e1nh n\u1eafng tr\u1ef1c ti\u1ebfp v\u00e0 nhi\u1ec7t \u0111\u1ed9 cao. \u0110\u00f3ng ch\u1eb7t n\u1eafp sau khi s\u1eed d\u1ee5ng.<\/td>\n<\/tr>\n<tr>\n<td>Kh\u1ed1i l\u01b0\u1ee3ng t\u1ecbnh<\/td>\n<td>35g<\/td>\n<\/tr>\n<\/tbody>\n<\/table>\n<h3><strong>GI\u1edaI THI\u1ec6U TH\u01af\u01a0NG HI\u1ec6U<\/strong><\/h3>\n<p data-start=\"188\" data-end=\"552\"><strong data-start=\"188\" data-end=\"204\">Atlas Garden<\/strong>\u00a0l\u00e0 th\u01b0\u01a1ng hi\u1ec7u gia v\u1ecb cao c\u1ea5p nh\u1eadp kh\u1ea9u t\u1eeb \u0110\u1ee9c, chuy\u00ean cung c\u1ea5p c\u00e1c lo\u1ea1i gia v\u1ecb v\u00e0 th\u1ea3o m\u1ed9c nguy\u00ean b\u1ea3n, t\u1ef1 nhi\u00ean, \u0111\u01b0\u1ee3c ch\u1ecdn l\u1ecdc t\u1eeb c\u00e1c v\u00f9ng tr\u1ed3ng n\u1ed5i ti\u1ebfng tr\u00ean th\u1ebf gi\u1edbi. V\u1edbi quy tr\u00ecnh ki\u1ec3m so\u00e1t nghi\u00eam ng\u1eb7t t\u1eeb kh\u00e2u thu ho\u1ea1ch \u0111\u1ebfn \u0111\u00f3ng g\u00f3i, Atlas Garden mang \u0111\u1ebfn cho ng\u01b0\u1eddi ti\u00eau d\u00f9ng s\u1ef1 an t\u00e2m v\u1ec1 ch\u1ea5t l\u01b0\u1ee3ng v\u00e0\u00a0<strong data-start=\"513\" data-end=\"551\">h\u01b0\u01a1ng v\u1ecb chu\u1ea9n m\u1ef1c cho t\u1eebng m\u00f3n \u0103n<\/strong>.<\/p>\n<p data-start=\"188\" data-end=\"552\"><img decoding=\"async\" class=\"aligncenter\" src=\"https:\/\/havamall.com\/wp-content\/uploads\/2025\/06\/Atlas-Logo.png\" \/><\/p>\n<h3><strong>\u0110\u1eb6C \u0110I\u1ec2M S\u1ea2N PH\u1ea8M<\/strong><\/h3>\n<p data-start=\"601\" data-end=\"763\"><strong data-start=\"601\" data-end=\"649\">H\u1ea1t Ti\u00eau H\u1ed3ng (Pink Peppercorn) Atlas Garden<\/strong>\u00a0l\u00e0 lo\u1ea1i gia v\u1ecb \u0111\u1ed9c \u0111\u00e1o, kh\u00f4ng thu\u1ed9c h\u1ecd h\u1ed3 ti\u00eau th\u00f4ng th\u01b0\u1eddng nh\u01b0ng l\u1ea1i c\u00f3 m\u00f9i th\u01a1m v\u00e0 v\u1ecb cay nh\u1eb9 v\u00f4 c\u00f9ng h\u1ea5p d\u1eabn.<\/p>\n<ul data-start=\"765\" data-end=\"1019\">\n<li data-start=\"765\" data-end=\"817\">\n<p data-start=\"767\" data-end=\"817\">H\u1ea1t nguy\u00ean v\u1eb9n,\u00a0<strong data-start=\"783\" data-end=\"815\">m\u00e0u h\u1ed3ng \u0111\u1ecf t\u1ef1 nhi\u00ean b\u1eaft m\u1eaft<\/strong><\/p>\n<\/li>\n<li data-start=\"818\" data-end=\"876\">\n<p data-start=\"820\" data-end=\"876\">V\u1ecb\u00a0<strong data-start=\"823\" data-end=\"874\">cay nh\u1eb9, ng\u1ecdt d\u1ecbu, tho\u1ea3ng m\u00f9i th\u00f4ng v\u00e0 tr\u00e1i c\u00e2y<\/strong><\/p>\n<\/li>\n<li data-start=\"877\" data-end=\"951\">\n<p data-start=\"879\" data-end=\"951\">D\u00f9ng \u0111\u01b0\u1ee3c cho\u00a0<strong data-start=\"893\" data-end=\"919\">c\u1ea3 m\u00f3n m\u1eb7n v\u00e0 m\u00f3n ng\u1ecdt<\/strong>, \u0111\u1eb7c bi\u1ec7t ph\u00f9 h\u1ee3p v\u1edbi m\u00f3n T\u00e2y<\/p>\n<\/li>\n<li data-start=\"952\" data-end=\"1019\">\n<p data-start=\"954\" data-end=\"1019\">L\u00e0 l\u1ef1a ch\u1ecdn y\u00eau th\u00edch trong\u00a0<strong data-start=\"982\" data-end=\"1019\">\u1ea9m th\u1ef1c cao c\u1ea5p v\u00e0 b\u00e0y tr\u00ed m\u00f3n \u0103n<\/strong><\/p>\n<\/li>\n<\/ul>\n<p><img fetchpriority=\"high\" decoding=\"async\" class=\"aligncenter\" src=\"https:\/\/havamall.com\/wp-content\/uploads\/2025\/06\/pink-peppercorns-01.jpg\" width=\"800\" height=\"1066\" \/><\/p>\n<p data-start=\"1057\" data-end=\"1327\">Ti\u00eau h\u1ed3ng \u0111\u01b0\u1ee3c thu ho\u1ea1ch t\u1eeb c\u00e2y\u00a0<strong data-start=\"1089\" data-end=\"1136\">Schinus molle ho\u1eb7c Schinus terebinthifolius<\/strong>, sau \u0111\u00f3\u00a0<strong data-start=\"1145\" data-end=\"1160\">s\u1ea5y kh\u00f4 nh\u1eb9<\/strong>\u00a0\u0111\u1ec3 gi\u1eef nguy\u00ean m\u00e0u s\u1eafc t\u1ef1 nhi\u00ean v\u00e0 tinh d\u1ea7u th\u01a1m. S\u1ea3n ph\u1ea9m \u0111\u01b0\u1ee3c \u0111\u00f3ng g\u00f3i t\u1ea1i \u0110\u1ee9c theo ti\u00eau chu\u1ea9n ch\u00e2u \u00c2u, kh\u00f4ng x\u1eed l\u00fd h\u00f3a h\u1ecdc,\u00a0<strong data-start=\"1287\" data-end=\"1326\">kh\u00f4ng ch\u1ea5t b\u1ea3o qu\u1ea3n, kh\u00f4ng ph\u1ea9m m\u00e0u<\/strong>.<\/p>\n<p data-start=\"1355\" data-end=\"1636\">Kh\u00e1c v\u1edbi c\u00e1c lo\u1ea1i ti\u00eau truy\u1ec1n th\u1ed1ng,\u00a0<strong data-start=\"1392\" data-end=\"1453\">ti\u00eau h\u1ed3ng c\u00f3 v\u1ecb cay r\u1ea5t nh\u1eb9, h\u1eadu ng\u1ecdt, m\u00f9i th\u01a1m thanh tao<\/strong>, \u0111\u00f4i khi c\u00f2n ph\u1ea3ng ph\u1ea5t h\u01b0\u01a1ng hoa qu\u1ea3 v\u00e0 nh\u1ef1a c\u00e2y. \u0110\u00e2y l\u00e0 lo\u1ea1i gia v\u1ecb\u00a0<strong data-start=\"1524\" data-end=\"1567\">tinh t\u1ebf, \u00edt x\u00e2m l\u1ea5n v\u1ecb ch\u00ednh c\u1ee7a m\u00f3n \u0103n<\/strong>, r\u1ea5t \u0111\u01b0\u1ee3c \u01b0a chu\u1ed9ng trong c\u00e1c m\u00f3n \u0103n cao c\u1ea5p ho\u1eb7c ch\u1ebf bi\u1ebfn s\u00e1ng t\u1ea1o.<\/p>\n<p data-start=\"1355\" data-end=\"1636\"><img decoding=\"async\" class=\"aligncenter\" src=\"https:\/\/havamall.com\/wp-content\/uploads\/2025\/06\/GettyImages-1262359066_54_990x660.jpg\" alt=\"What's the difference between black, white, pink &amp; green peppercorns?\" width=\"801\" height=\"534\" \/><\/p>\n<h3><strong>C\u00d4NG D\u1ee4NG V\u00c0 L\u1ee2I \u00cdCH<\/strong><\/h3>\n<ul data-start=\"1668\" data-end=\"1961\">\n<li data-start=\"1668\" data-end=\"1752\">\n<p data-start=\"1670\" data-end=\"1752\"><strong data-start=\"1670\" data-end=\"1689\">D\u00f9ng nguy\u00ean h\u1ea1t<\/strong>\u00a0\u0111\u1ec3 r\u1eafc trang tr\u00ed m\u00f3n \u0103n: steak, c\u00e1 h\u1ed3i n\u01b0\u1edbng, salad, ph\u00f4 mai<\/p>\n<\/li>\n<li data-start=\"1753\" data-end=\"1819\">\n<p data-start=\"1755\" data-end=\"1819\"><strong data-start=\"1755\" data-end=\"1769\">Nghi\u1ec1n th\u00f4<\/strong>\u00a0\u0111\u1ec3 \u01b0\u1edbp th\u1ecbt, l\u00e0m s\u1ed1t, n\u00eam canh, s\u00fap ho\u1eb7c m\u00ec \u1ed1ng<\/p>\n<\/li>\n<li data-start=\"1820\" data-end=\"1885\">\n<p data-start=\"1822\" data-end=\"1885\">K\u1ebft h\u1ee3p t\u1ed1t v\u1edbi\u00a0<strong data-start=\"1838\" data-end=\"1883\">c\u00e1c lo\u1ea1i ph\u00f4 mai, tr\u1ee9ng, m\u00f3n chay, m\u00f3n \u00c2u<\/strong><\/p>\n<\/li>\n<\/ul>\n<p data-start=\"2164\" data-end=\"2270\"><em data-start=\"1966\" data-end=\"1974\">G\u1ee3i \u00fd:<\/em>\u00a0D\u00f9ng ti\u00eau h\u1ed3ng r\u1eafc l\u00ean gan ng\u1ed7ng \u00e1p ch\u1ea3o ho\u1eb7c c\u00e1 h\u1ed3i sashimi \u0111\u1ec3 t\u0103ng ph\u1ea7n tinh t\u1ebf v\u00e0 h\u01b0\u01a1ng v\u1ecb \u0111\u1ed9c \u0111\u00e1o cho m\u00f3n \u0103n.<\/p>\n<p data-start=\"2164\" data-end=\"2270\"><img decoding=\"async\" class=\"aligncenter\" src=\"https:\/\/havamall.com\/wp-content\/uploads\/2025\/06\/Pink-Peppercorn-Beef-Roulade-Close-up-scaled.jpg\" width=\"801\" height=\"534\" \/><\/p>\n<p data-start=\"1992\" data-end=\"2234\"><strong>Ti\u00eau h\u1ed3ng<\/strong> ch\u1ee9a <strong data-start=\"2141\" data-end=\"2176\">h\u1ee3p ch\u1ea5t ch\u1ed1ng oxy h\u00f3a t\u1ef1 nhi\u00ean<\/strong> v\u00e0 c\u00f3 t\u00ednh kh\u00e1ng vi\u00eam, gi\u00fap h\u1ed7 tr\u1ee3 ti\u00eau h\u00f3a v\u00e0 t\u0103ng c\u01b0\u1eddng mi\u1ec5n d\u1ecbch. Nh\u1eb9 nh\u00e0ng h\u01a1n so v\u1edbi ti\u00eau \u0111en, ti\u00eau h\u1ed3ng ph\u00f9 h\u1ee3p cho c\u1ea3 ng\u01b0\u1eddi l\u1edbn tu\u1ed5i v\u00e0 ng\u01b0\u1eddi \u0103n nh\u1ea1t, \u0111\u1ed3ng th\u1eddi <strong data-start=\"2345\" data-end=\"2405\">t\u1ea1o c\u1ea3m gi\u00e1c ngon mi\u1ec7ng v\u00e0 k\u00edch th\u00edch kh\u1ee9u gi\u00e1c hi\u1ec7u qu\u1ea3<\/strong>. S\u1ea3n ph\u1ea9m hi\u1ec7n \u0111\u00e3 c\u00f3 m\u1eb7t t\u1ea1i <strong data-start=\"2791\" data-end=\"2803\">Havamall<\/strong>, cam k\u1ebft nh\u1eadp kh\u1ea9u ch\u00ednh ng\u1ea1ch, ch\u1ea5t l\u01b0\u1ee3ng chu\u1ea9n ch\u00e2u \u00c2u.<\/p>","protected":false},"excerpt":{"rendered":"<p>TH\u00d4NG TIN S\u1ea2N PH\u1ea8M Th\u01b0\u01a1ng hi\u1ec7u Atlas Garden Xu\u1ea5t X\u1ee9 \u0110\u1ee9c Th\u00e0nh ph\u1ea7n 100% \u00a0H\u1ea1t ti\u00eau h\u1ed3ng s\u1ea5y kh\u00f4 t\u1ef1<\/p>","protected":false},"featured_media":45244,"comment_status":"open","ping_status":"closed","template":"","meta":[],"product_brand":[],"product_cat":[154,595,728],"product_tag":[],"class_list":{"0":"post-40094","1":"product","2":"type-product","3":"status-publish","4":"has-post-thumbnail","6":"product_cat-gia-vi","7":"product_cat-gia-vi-va-che-bien","8":"product_cat-nhap-khau-duc","9":"pa_brand-atlas-garden","11":"first","12":"instock","13":"sale","14":"shipping-taxable","15":"purchasable","16":"product-type-simple"},"_links":{"self":[{"href":"https:\/\/havamall.com\/en\/wp-json\/wp\/v2\/product\/40094","targetHints":{"allow":["GET"]}}],"collection":[{"href":"https:\/\/havamall.com\/en\/wp-json\/wp\/v2\/product"}],"about":[{"href":"https:\/\/havamall.com\/en\/wp-json\/wp\/v2\/types\/product"}],"replies":[{"embeddable":true,"href":"https:\/\/havamall.com\/en\/wp-json\/wp\/v2\/comments?post=40094"}],"version-history":[{"count":0,"href":"https:\/\/havamall.com\/en\/wp-json\/wp\/v2\/product\/40094\/revisions"}],"wp:featuredmedia":[{"embeddable":true,"href":"https:\/\/havamall.com\/en\/wp-json\/wp\/v2\/media\/45244"}],"wp:attachment":[{"href":"https:\/\/havamall.com\/en\/wp-json\/wp\/v2\/media?parent=40094"}],"wp:term":[{"taxonomy":"product_brand","embeddable":true,"href":"https:\/\/havamall.com\/en\/wp-json\/wp\/v2\/product_brand?post=40094"},{"taxonomy":"product_cat","embeddable":true,"href":"https:\/\/havamall.com\/en\/wp-json\/wp\/v2\/product_cat?post=40094"},{"taxonomy":"product_tag","embeddable":true,"href":"https:\/\/havamall.com\/en\/wp-json\/wp\/v2\/product_tag?post=40094"}],"curies":[{"name":"wp","href":"https:\/\/api.w.org\/{rel}","templated":true}]}}