{"id":40121,"date":"2025-06-04T11:38:35","date_gmt":"2025-06-04T04:38:35","guid":{"rendered":"https:\/\/havamall.com\/?post_type=product&#038;p=40121"},"modified":"2026-03-18T15:10:11","modified_gmt":"2026-03-18T08:10:11","slug":"bot-gung-atlas-garden-58g-atlas-garden-ginger-ground-58gr","status":"publish","type":"product","link":"https:\/\/havamall.com\/en\/shop\/bot-gung-atlas-garden-58g-atlas-garden-ginger-ground-58gr\/","title":{"rendered":"B\u1ed9t G\u1eebng Atlas Garden 58g &#8211; Atlas Garden Ginger Ground 58gr"},"content":{"rendered":"<h3><strong>TH\u00d4NG TIN S\u1ea2N PH\u1ea8M<\/strong><\/h3>\n<table>\n<tbody>\n<tr>\n<td>Th\u01b0\u01a1ng hi\u1ec7u<\/td>\n<td>Atlas Garden<\/td>\n<\/tr>\n<tr>\n<td>Xu\u1ea5t X\u1ee9<\/td>\n<td>\u0110\u1ee9c<\/td>\n<\/tr>\n<tr>\n<td>Th\u00e0nh ph\u1ea7n<\/td>\n<td>\n<p data-start=\"1054\" data-end=\"1149\">\u00a0100% B\u1ed9t g\u1eebng t\u1ef1 nhi\u00ean<\/p>\n<\/td>\n<\/tr>\n<tr>\n<td>H\u1ea1n s\u1eed d\u1ee5ng<\/td>\n<td>Xem tr\u00ean bao b\u00ec<\/td>\n<\/tr>\n<tr>\n<td>B\u1ea3o qu\u1ea3n<\/td>\n<td>N\u01a1i kh\u00f4 r\u00e1o, tho\u00e1ng m\u00e1t, tr\u00e1nh \u00e1nh n\u1eafng tr\u1ef1c ti\u1ebfp v\u00e0 nhi\u1ec7t \u0111\u1ed9 cao. \u0110\u00f3ng ch\u1eb7t n\u1eafp sau khi s\u1eed d\u1ee5ng.<\/td>\n<\/tr>\n<tr>\n<td>Kh\u1ed1i l\u01b0\u1ee3ng t\u1ecbnh<\/td>\n<td>58g<\/td>\n<\/tr>\n<\/tbody>\n<\/table>\n<h3><strong>GI\u1edaI THI\u1ec6U TH\u01af\u01a0NG HI\u1ec6U<\/strong><\/h3>\n<p data-start=\"189\" data-end=\"533\"><strong data-start=\"189\" data-end=\"205\">Atlas Garden<\/strong>\u00a0l\u00e0 th\u01b0\u01a1ng hi\u1ec7u gia v\u1ecb nh\u1eadp kh\u1ea9u t\u1eeb \u0110\u1ee9c, chuy\u00ean cung c\u1ea5p c\u00e1c lo\u1ea1i gia v\u1ecb v\u00e0 th\u1ea3o m\u1ed9c nguy\u00ean ch\u1ea5t, chu\u1ea9n ch\u1ea5t l\u01b0\u1ee3ng ch\u00e2u \u00c2u. V\u1edbi t\u00f4n ch\u1ec9\u00a0<strong data-start=\"341\" data-end=\"393\">\u201cGia v\u1ecb s\u1ea1ch \u2013 H\u01b0\u01a1ng v\u1ecb chu\u1ea9n \u2013 \u1ea8m th\u1ef1c tinh t\u1ebf\u201d<\/strong>, Atlas Garden \u0111\u1ed3ng h\u00e0nh c\u00f9ng ng\u01b0\u1eddi ti\u00eau d\u00f9ng trong h\u00e0nh tr\u00ecnh n\u00e2ng t\u1ea7m b\u1eefa \u0103n m\u1ed7i ng\u00e0y v\u1edbi nh\u1eefng nguy\u00ean li\u1ec7u t\u1ef1 nhi\u00ean, an to\u00e0n v\u00e0 ti\u1ec7n l\u1ee3i.<\/p>\n<p data-start=\"189\" data-end=\"533\"><img fetchpriority=\"high\" decoding=\"async\" class=\"aligncenter size-full wp-image-40221\" src=\"https:\/\/havamall.com\/wp-content\/uploads\/2025\/06\/Atlas-Logo-1.png\" alt=\"\" width=\"800\" height=\"420\" srcset=\"https:\/\/havamall.com\/wp-content\/uploads\/2025\/06\/Atlas-Logo-1.png 800w, https:\/\/havamall.com\/wp-content\/uploads\/2025\/06\/Atlas-Logo-1-300x158.png 300w, https:\/\/havamall.com\/wp-content\/uploads\/2025\/06\/Atlas-Logo-1-768x403.png 768w, https:\/\/havamall.com\/wp-content\/uploads\/2025\/06\/Atlas-Logo-1-18x9.png 18w, https:\/\/havamall.com\/wp-content\/uploads\/2025\/06\/Atlas-Logo-1-600x315.png 600w, https:\/\/havamall.com\/wp-content\/uploads\/2025\/06\/Atlas-Logo-1-150x79.png 150w\" sizes=\"(max-width: 800px) 100vw, 800px\" \/><\/p>\n<h3><strong>\u0110\u1eb6C \u0110I\u1ec2M S\u1ea2N PH\u1ea8M<\/strong><\/h3>\n<p data-start=\"583\" data-end=\"769\"><strong>B\u1ed9t G\u1eebng Atlas Garden \u0111\u01b0\u1ee3c l\u00e0m t\u1eeb 100% g\u1eebng t\u01b0\u01a1i s\u1ea5y kh\u00f4<\/strong> v\u00e0 nghi\u1ec1n m\u1ecbn, mang h\u01b0\u01a1ng th\u01a1m n\u1ed3ng \u1ea5m v\u00e0 v\u1ecb cay \u0111\u1eb7c tr\u01b0ng, l\u00e0 nguy\u00ean li\u1ec7u kh\u00f4ng th\u1ec3 thi\u1ebfu trong c\u1ea3 \u1ea9m th\u1ef1c v\u00e0 y h\u1ecdc c\u1ed5 truy\u1ec1n.<\/p>\n<ul data-start=\"770\" data-end=\"993\">\n<li data-start=\"770\" data-end=\"836\">\n<p data-start=\"772\" data-end=\"836\"><strong>100% g\u1eebng nguy\u00ean ch\u1ea5t<\/strong>, kh\u00f4ng ch\u1ea5t t\u1ea1o m\u00e0u, kh\u00f4ng ch\u1ea5t b\u1ea3o qu\u1ea3n<\/p>\n<\/li>\n<li data-start=\"837\" data-end=\"899\">\n<p data-start=\"839\" data-end=\"899\"><strong>D\u1ea1ng b\u1ed9t m\u1ecbn,<\/strong> ti\u1ec7n l\u1ee3i cho m\u1ecdi c\u00f4ng th\u1ee9c n\u1ea5u \u0103n v\u00e0 pha ch\u1ebf<\/p>\n<\/li>\n<li data-start=\"900\" data-end=\"943\">\n<p data-start=\"902\" data-end=\"943\"><strong>H\u01b0\u01a1ng th\u01a1m \u0111\u1eadm, v\u1ecb cay \u1ea5m lan t\u1ecfa nhanh<\/strong><\/p>\n<\/li>\n<li data-start=\"944\" data-end=\"993\">\n<p data-start=\"946\" data-end=\"993\">Ph\u00f9 h\u1ee3p v\u1edbi c\u1ea3 m\u00f3n m\u1eb7n, m\u00f3n ng\u1ecdt v\u00e0 th\u1ee9c u\u1ed1ng<\/p>\n<\/li>\n<\/ul>\n<p><img decoding=\"async\" class=\"aligncenter\" src=\"https:\/\/havamall.com\/wp-content\/uploads\/2025\/06\/l-intro-1669945928.jpg\" alt=\"What To Consider Before Substituting Fresh Ginger With Powdered\" width=\"803\" height=\"452\" \/><\/p>\n<p data-start=\"1025\" data-end=\"1277\">G\u1eebng \u0111\u01b0\u1ee3c thu ho\u1ea1ch khi \u0111\u1ea1t \u0111\u1ed9 ch\u00edn t\u1ed1i \u01b0u, sau \u0111\u00f3 tr\u1ea3i qua qu\u00e1 tr\u00ecnh s\u1ea5y kh\u00f4 \u1edf nhi\u1ec7t \u0111\u1ed9 ki\u1ec3m so\u00e1t v\u00e0 nghi\u1ec1n m\u1ecbn t\u1ea1i \u0110\u1ee9c. Nh\u1edd quy tr\u00ecnh ch\u1ebf bi\u1ebfn hi\u1ec7n \u0111\u1ea1i, s\u1ea3n ph\u1ea9m gi\u1eef \u0111\u01b0\u1ee3c tr\u1ecdn v\u1eb9n h\u01b0\u01a1ng v\u1ecb, tinh d\u1ea7u v\u00e0 ho\u1ea1t ch\u1ea5t sinh h\u1ecdc t\u1ef1 nhi\u00ean c\u00f3 l\u1ee3i cho s\u1ee9c kh\u1ecfe.<\/p>\n<p data-start=\"1299\" data-end=\"1505\">G\u1eebng xay c\u00f3 m\u00f9i th\u01a1m cay n\u1ed3ng, v\u1ecb \u1ea5m, h\u1eadu ng\u1ecdt nh\u1eb9 \u2013 \u0111\u1eb7c tr\u01b0ng cho c\u00e1c m\u00f3n \u0103n \u00c1 \u2013 \u00c2u, \u0111\u1eb7c bi\u1ec7t l\u00e0 m\u00f3n chi\u00ean, n\u01b0\u1edbng, s\u00fap, c\u00e0 ri ho\u1eb7c b\u00e1nh n\u01b0\u1edbng. B\u1ed9t g\u1eebng d\u1ec5 h\u00f2a tan, th\u1ea5m nhanh v\u00e0o m\u00f3n \u0103n m\u00e0 kh\u00f4ng \u0111\u1ec3 l\u1ea1i x\u01a1.<\/p>\n<p data-start=\"1299\" data-end=\"1505\"><img decoding=\"async\" class=\"aligncenter\" src=\"https:\/\/havamall.com\/wp-content\/uploads\/2025\/06\/dried_ginger_steps_1024x1024.png\" alt=\"Dehydrate ginger root and make ginger powder\" width=\"801\" height=\"801\" \/><\/p>\n<h3><strong>C\u00d4NG D\u1ee4NG V\u00c0 L\u1ee2I \u00cdCH<\/strong><\/h3>\n<ul data-start=\"1531\" data-end=\"1946\">\n<li data-start=\"1531\" data-end=\"1594\">\n<p data-start=\"1533\" data-end=\"1594\">\u01af\u1edbp th\u1ecbt, c\u00e1, g\u00e0, h\u1ea3i s\u1ea3n \u0111\u1ec3 kh\u1eed m\u00f9i tanh v\u00e0 t\u0103ng v\u1ecb cay \u1ea5m<\/p>\n<\/li>\n<li data-start=\"1595\" data-end=\"1656\">\n<p data-start=\"1597\" data-end=\"1656\">Th\u00eam v\u00e0o m\u00f3n kho, m\u00f3n x\u00e0o, c\u00e0 ri, s\u00fap, n\u01b0\u1edbc s\u1ed1t ho\u1eb7c canh<\/p>\n<\/li>\n<li data-start=\"1657\" data-end=\"1714\">\n<p data-start=\"1659\" data-end=\"1714\">D\u00f9ng trong l\u00e0m b\u00e1nh quy, b\u00e1nh g\u1eebng, kem, k\u1eb9o ho\u1eb7c m\u1ee9t<\/p>\n<\/li>\n<li data-start=\"1715\" data-end=\"1946\">\n<p data-start=\"1717\" data-end=\"1946\">Pha tr\u00e0 g\u1eebng, n\u01b0\u1edbc chanh g\u1eebng m\u1eadt ong, ho\u1eb7c k\u1ebft h\u1ee3p v\u1edbi qu\u1ebf \u0111\u1ec3 l\u00e0m n\u01b0\u1edbc u\u1ed1ng detox<\/p>\n<\/li>\n<\/ul>\n<p><img loading=\"lazy\" decoding=\"async\" class=\"aligncenter\" src=\"https:\/\/dutchspices.nl\/static\/uploads-cms2\/Recept-dutch-spices-Asian_inspired_ginger_lime_chicken_dish.jpg\" alt=\"Asian-inspired ginger-lime chicken dish\" width=\"801\" height=\"534\" \/><\/p>\n<p data-start=\"2164\" data-end=\"2270\"><strong data-start=\"1802\" data-end=\"1814\">M\u1eb9o nh\u1ecf:<\/strong> D\u00f9ng b\u1ed9t g\u1eebng trong m\u00f3n ng\u1ecdt n\u00ean gi\u1ea3m li\u1ec1u l\u01b0\u1ee3ng v\u00ec h\u01b0\u01a1ng r\u1ea5t \u0111\u1eadm v\u00e0 cay r\u00f5, ch\u1ec9 c\u1ea7n \u00bd th\u00eca c\u00e0 ph\u00ea l\u00e0 \u0111\u1ee7 cho 1 m\u00f3n b\u00e1nh trung b\u00ecnh.<\/p>\n<p data-start=\"1978\" data-end=\"2051\">G\u1eebng ch\u1ee9a nhi\u1ec1u ho\u1ea1t ch\u1ea5t sinh h\u1ecdc nh\u01b0 gingerol v\u00e0 shogaol c\u00f3 t\u00e1c d\u1ee5ng: Kh\u00e1ng vi\u00eam, h\u1ed7 tr\u1ee3 ti\u00eau h\u00f3a, l\u00e0m \u1ea5m b\u1ee5ng, Gi\u1ea3m bu\u1ed3n n\u00f4n, \u0111\u1eb7c bi\u1ec7t hi\u1ec7u qu\u1ea3 cho ph\u1ee5 n\u1eef mang thai ho\u1eb7c say xe, T\u0103ng tu\u1ea7n ho\u00e0n m\u00e1u, gi\u1ea3m \u0111au nh\u1ee9c c\u01a1 th\u1ec3 v\u00e0 t\u0103ng s\u1ee9c \u0111\u1ec1 kh\u00e1ng, L\u00e0 nguy\u00ean li\u1ec7u truy\u1ec1n th\u1ed1ng gi\u00fap h\u1ed7 tr\u1ee3 \u0111i\u1ec1u h\u00f2a huy\u1ebft \u00e1p v\u00e0 gi\u1ea3m cholesterol t\u1ef1 nhi\u00ean.<\/p>\n<p data-start=\"2330\" data-end=\"2492\"><strong data-start=\"2330\" data-end=\"2492\">B\u1ed9t G\u1eebng Atlas Garden 58g hi\u1ec7n c\u00f3 m\u1eb7t t\u1ea1i Havamall \u2013 s\u1ea3n ph\u1ea9m nh\u1eadp kh\u1ea9u ch\u00ednh ng\u1ea1ch t\u1eeb \u0110\u1ee9c, gi\u1ea3i ph\u00e1p l\u00fd t\u01b0\u1edfng cho c\u0103n b\u1ebfp hi\u1ec7n \u0111\u1ea1i, ti\u1ec7n l\u1ee3i v\u00e0 y\u00eau s\u1ee9c kh\u1ecfe.<\/strong><\/p>","protected":false},"excerpt":{"rendered":"<p>TH\u00d4NG TIN S\u1ea2N PH\u1ea8M Th\u01b0\u01a1ng hi\u1ec7u Atlas Garden Xu\u1ea5t X\u1ee9 \u0110\u1ee9c Th\u00e0nh ph\u1ea7n \u00a0100% B\u1ed9t g\u1eebng t\u1ef1 nhi\u00ean H\u1ea1n s\u1eed<\/p>","protected":false},"featured_media":45242,"comment_status":"open","ping_status":"closed","template":"","meta":[],"product_brand":[],"product_cat":[154,595,728],"product_tag":[],"class_list":{"0":"post-40121","1":"product","2":"type-product","3":"status-publish","4":"has-post-thumbnail","6":"product_cat-gia-vi","7":"product_cat-gia-vi-va-che-bien","8":"product_cat-nhap-khau-duc","9":"pa_brand-atlas-garden","11":"first","12":"instock","13":"sale","14":"shipping-taxable","15":"purchasable","16":"product-type-simple"},"_links":{"self":[{"href":"https:\/\/havamall.com\/en\/wp-json\/wp\/v2\/product\/40121","targetHints":{"allow":["GET"]}}],"collection":[{"href":"https:\/\/havamall.com\/en\/wp-json\/wp\/v2\/product"}],"about":[{"href":"https:\/\/havamall.com\/en\/wp-json\/wp\/v2\/types\/product"}],"replies":[{"embeddable":true,"href":"https:\/\/havamall.com\/en\/wp-json\/wp\/v2\/comments?post=40121"}],"version-history":[{"count":0,"href":"https:\/\/havamall.com\/en\/wp-json\/wp\/v2\/product\/40121\/revisions"}],"wp:featuredmedia":[{"embeddable":true,"href":"https:\/\/havamall.com\/en\/wp-json\/wp\/v2\/media\/45242"}],"wp:attachment":[{"href":"https:\/\/havamall.com\/en\/wp-json\/wp\/v2\/media?parent=40121"}],"wp:term":[{"taxonomy":"product_brand","embeddable":true,"href":"https:\/\/havamall.com\/en\/wp-json\/wp\/v2\/product_brand?post=40121"},{"taxonomy":"product_cat","embeddable":true,"href":"https:\/\/havamall.com\/en\/wp-json\/wp\/v2\/product_cat?post=40121"},{"taxonomy":"product_tag","embeddable":true,"href":"https:\/\/havamall.com\/en\/wp-json\/wp\/v2\/product_tag?post=40121"}],"curies":[{"name":"wp","href":"https:\/\/api.w.org\/{rel}","templated":true}]}}