{"id":40128,"date":"2025-06-04T11:13:37","date_gmt":"2025-06-04T04:13:37","guid":{"rendered":"https:\/\/havamall.com\/?post_type=product&#038;p=40128"},"modified":"2026-03-18T13:47:48","modified_gmt":"2026-03-18T06:47:48","slug":"bot-ngo-ri-atlas-garden-62g-atlas-garden-coriander-ground-62gr","status":"publish","type":"product","link":"https:\/\/havamall.com\/en\/shop\/bot-ngo-ri-atlas-garden-62g-atlas-garden-coriander-ground-62gr\/","title":{"rendered":"B\u1ed9t Ng\u00f2 R\u00ed Atlas Garden 62g &#8211; Atlas Garden Coriander Ground 62gr"},"content":{"rendered":"<h3><strong>TH\u00d4NG TIN S\u1ea2N PH\u1ea8M<\/strong><\/h3>\n<table>\n<tbody>\n<tr>\n<td>Th\u01b0\u01a1ng hi\u1ec7u<\/td>\n<td>Atlas Garden<\/td>\n<\/tr>\n<tr>\n<td>Xu\u1ea5t X\u1ee9<\/td>\n<td>\u0110\u1ee9c<\/td>\n<\/tr>\n<tr>\n<td>Th\u00e0nh ph\u1ea7n<\/td>\n<td>\n<p data-start=\"1054\" data-end=\"1149\"><strong data-start=\"932\" data-end=\"963\">100% h\u1ea1t ng\u00f2 r\u00ed nguy\u00ean ch\u1ea5t<\/strong>, kh\u00f4ng pha tr\u1ed9n, kh\u00f4ng ph\u1ee5 gia<\/p>\n<\/td>\n<\/tr>\n<tr>\n<td>H\u1ea1n s\u1eed d\u1ee5ng<\/td>\n<td>Xem tr\u00ean bao b\u00ec<\/td>\n<\/tr>\n<tr>\n<td>B\u1ea3o qu\u1ea3n<\/td>\n<td>N\u01a1i kh\u00f4 r\u00e1o, tho\u00e1ng m\u00e1t, tr\u00e1nh \u00e1nh n\u1eafng tr\u1ef1c ti\u1ebfp v\u00e0 nhi\u1ec7t \u0111\u1ed9 cao. \u0110\u00f3ng ch\u1eb7t n\u1eafp sau khi s\u1eed d\u1ee5ng.<\/td>\n<\/tr>\n<tr>\n<td>Kh\u1ed1i l\u01b0\u1ee3ng t\u1ecbnh<\/td>\n<td>62g<\/td>\n<\/tr>\n<\/tbody>\n<\/table>\n<h3><strong>GI\u1edaI THI\u1ec6U TH\u01af\u01a0NG HI\u1ec6U<\/strong><\/h3>\n<p data-start=\"279\" data-end=\"624\"><strong data-start=\"279\" data-end=\"295\">Atlas Garden<\/strong> l\u00e0 th\u01b0\u01a1ng hi\u1ec7u gia v\u1ecb nh\u1eadp kh\u1ea9u t\u1eeb \u0110\u1ee9c, chuy\u00ean cung c\u1ea5p c\u00e1c lo\u1ea1i gia v\u1ecb v\u00e0 th\u1ea3o m\u1ed9c nguy\u00ean ch\u1ea5t, \u0111\u1ea1t ti\u00eau chu\u1ea9n ch\u1ea5t l\u01b0\u1ee3ng ch\u00e2u \u00c2u. V\u1edbi t\u00f4n ch\u1ec9 <strong data-start=\"440\" data-end=\"492\">\u201cGia v\u1ecb s\u1ea1ch \u2013 H\u01b0\u01a1ng v\u1ecb chu\u1ea9n \u2013 \u1ea8m th\u1ef1c tinh t\u1ebf\u201d<\/strong>, Atlas Garden mang \u0111\u1ebfn nh\u1eefng nguy\u00ean li\u1ec7u an to\u00e0n, ti\u1ec7n l\u1ee3i v\u00e0 gi\u00e0u b\u1ea3n s\u1eafc, gi\u00fap ng\u01b0\u1eddi ti\u00eau d\u00f9ng n\u00e2ng t\u1ea7m h\u01b0\u01a1ng v\u1ecb m\u00f3n \u0103n m\u1ed7i ng\u00e0y.<\/p>\n<p data-start=\"279\" data-end=\"624\"><img decoding=\"async\" class=\"aligncenter\" src=\"https:\/\/havamall.com\/wp-content\/uploads\/2025\/06\/Atlas-Logo.png\" \/><\/p>\n<h3><strong>\u0110\u1eb6C \u0110I\u1ec2M S\u1ea2N PH\u1ea8M<\/strong><\/h3>\n<p data-start=\"671\" data-end=\"928\"><strong data-start=\"671\" data-end=\"698\">B\u1ed9t Ng\u00f2 R\u00ed Atlas Garden<\/strong> \u0111\u01b0\u1ee3c l\u00e0m t\u1eeb 100% h\u1ea1t ng\u00f2 r\u00ed (h\u1ea1t m\u00f9i) ch\u1ecdn l\u1ecdc, s\u1ea5y kh\u00f4 v\u00e0 xay m\u1ecbn t\u1ea1i \u0110\u1ee9c, gi\u1eef tr\u1ecdn h\u01b0\u01a1ng th\u01a1m n\u1ed3ng n\u00e0n, tho\u1ea3ng ch\u00fat chanh nh\u1eb9 \u0111\u1eb7c tr\u01b0ng. \u0110\u00e2y l\u00e0 lo\u1ea1i gia v\u1ecb kh\u00f4ng th\u1ec3 thi\u1ebfu trong nhi\u1ec1u n\u1ec1n \u1ea9m th\u1ef1c ch\u00e2u \u00c1, \u1ea4n \u0110\u1ed9 v\u00e0 \u0110\u1ecba Trung H\u1ea3i.<\/p>\n<ul data-start=\"930\" data-end=\"1247\">\n<li data-start=\"930\" data-end=\"996\">\n<p data-start=\"932\" data-end=\"996\"><strong data-start=\"932\" data-end=\"963\">100% h\u1ea1t ng\u00f2 r\u00ed nguy\u00ean ch\u1ea5t<\/strong>, kh\u00f4ng pha tr\u1ed9n, kh\u00f4ng ph\u1ee5 gia<\/p>\n<\/li>\n<li data-start=\"997\" data-end=\"1053\">\n<p data-start=\"999\" data-end=\"1053\"><strong data-start=\"999\" data-end=\"1024\">H\u01b0\u01a1ng th\u01a1m \u1ea5m, v\u1ecb d\u1ecbu<\/strong>, c\u00f3 h\u1eadu chanh nh\u1eb9 t\u1ef1 nhi\u00ean<\/p>\n<\/li>\n<li data-start=\"1054\" data-end=\"1120\">\n<p data-start=\"1056\" data-end=\"1120\">T\u0103ng h\u01b0\u01a1ng v\u1ecb cho m\u00f3n \u0103n m\u00e0 kh\u00f4ng l\u00e0m l\u1ea5n \u00e1t nguy\u00ean li\u1ec7u ch\u00ednh<\/p>\n<\/li>\n<li data-start=\"1121\" data-end=\"1192\">\n<p data-start=\"1123\" data-end=\"1192\"><strong data-start=\"1123\" data-end=\"1139\">D\u1ea1ng b\u1ed9t m\u1ecbn<\/strong>, ti\u1ec7n l\u1ee3i khi \u01b0\u1edbp, n\u00eam ho\u1eb7c pha ch\u1ebf h\u1ed7n h\u1ee3p gia v\u1ecb<\/p>\n<\/li>\n<li data-start=\"1193\" data-end=\"1247\">\n<p data-start=\"1195\" data-end=\"1247\"><strong data-start=\"1195\" data-end=\"1210\">\u0110\u00f3ng l\u1ecd k\u00edn<\/strong>, d\u1ec5 b\u1ea3o qu\u1ea3n v\u00e0 s\u1eed d\u1ee5ng th\u01b0\u1eddng xuy\u00ean<\/p>\n<\/li>\n<\/ul>\n<p><img fetchpriority=\"high\" decoding=\"async\" class=\"aligncenter\" src=\"https:\/\/havamall.com\/wp-content\/uploads\/2025\/06\/Simply-Recipes-Guide-Coriander-LEAD-1-7213de1a3cca4d79894a8756231c5867.jpg\" alt=\"What is Coriander?\" width=\"800\" height=\"1200\" \/><\/p>\n<p data-start=\"1283\" data-end=\"1555\">H\u1ea1t ng\u00f2 r\u00ed \u0111\u01b0\u1ee3c thu ho\u1ea1ch khi \u0111\u1ea1t \u0111\u1ed9 ch\u00edn t\u1ed1i \u01b0u, sau \u0111\u00f3 <strong data-start=\"1340\" data-end=\"1378\">s\u1ea5y kh\u00f4 ch\u1eadm v\u00e0 nghi\u1ec1n m\u1ecbn t\u1ea1i \u0110\u1ee9c<\/strong>, gi\u00fap b\u1ea3o to\u00e0n tinh d\u1ea7u t\u1ef1 nhi\u00ean v\u00e0 h\u01b0\u01a1ng v\u1ecb \u0111\u1eb7c tr\u01b0ng. <strong data-start=\"1435\" data-end=\"1504\">Kh\u00f4ng s\u1eed d\u1ee5ng ch\u1ea5t b\u1ea3o qu\u1ea3n, ch\u1ea5t t\u1ea1o m\u00e0u hay h\u01b0\u01a1ng li\u1ec7u nh\u00e2n t\u1ea1o<\/strong>, \u0111\u1ea3m b\u1ea3o an to\u00e0n v\u00e0 nguy\u00ean ch\u1ea5t \u0111\u1ebfn t\u1eebng th\u00eca b\u1ed9t.<\/p>\n<p data-start=\"1581\" data-end=\"1787\">B\u1ed9t ng\u00f2 r\u00ed c\u00f3 h\u01b0\u01a1ng th\u01a1m nh\u1eb9, \u1ea5m \u00e1p, xen ch\u00fat the m\u00e1t nh\u01b0 v\u1ecf cam chanh, t\u1ea1o chi\u1ec1u s\u00e2u tinh t\u1ebf cho m\u00f3n \u0103n. Khi k\u1ebft h\u1ee3p v\u1edbi c\u00e1c lo\u1ea1i gia v\u1ecb kh\u00e1c ho\u1eb7c ch\u1ebf bi\u1ebfn c\u00f9ng d\u1ea7u n\u00f3ng, h\u01b0\u01a1ng th\u01a1m s\u1ebd b\u00f9ng n\u1ed5 m\u1ea1nh m\u1ebd h\u01a1n.<\/p>\n<p data-start=\"1581\" data-end=\"1787\"><img decoding=\"async\" class=\"aligncenter\" src=\"https:\/\/havamall.com\/wp-content\/uploads\/2025\/06\/edible-gardening-101-harvesting-coriander-seeds-2-corriander-seeds-leaves-powder-1024x683.jpg\" alt=\"Edible Gardening 101: Harvesting Coriander Seeds\" width=\"801\" height=\"534\" \/><\/p>\n<h3><strong>C\u00d4NG D\u1ee4NG V\u00c0 L\u1ee2I \u00cdCH<\/strong><\/h3>\n<ul data-start=\"1817\" data-end=\"2066\">\n<li data-start=\"1817\" data-end=\"1858\">\n<p data-start=\"1819\" data-end=\"1858\">D\u00f9ng \u0111\u1ec3\u00a0<strong data-start=\"1827\" data-end=\"1856\">\u01b0\u1edbp th\u1ecbt, c\u00e1, g\u00e0, h\u1ea3i s\u1ea3n<\/strong><\/p>\n<\/li>\n<li data-start=\"1859\" data-end=\"1920\">\n<p data-start=\"1861\" data-end=\"1920\">N\u00eam v\u00e0o c\u00e1c m\u00f3n\u00a0<strong data-start=\"1877\" data-end=\"1918\">c\u00e0 ri, s\u1ed1t, canh, s\u00fap, b\u00fan, ph\u1edf, ch\u00e1o<\/strong><\/p>\n<\/li>\n<li data-start=\"1921\" data-end=\"2002\">\n<p data-start=\"1923\" data-end=\"2002\">K\u1ebft h\u1ee3p trong c\u00e1c h\u1ed7n h\u1ee3p gia v\u1ecb nh\u01b0\u00a0<strong data-start=\"1960\" data-end=\"2000\">garam masala, b\u1ed9t c\u00e0 ri, b\u1ed9t BBQ rub<\/strong><\/p>\n<\/li>\n<li data-start=\"2003\" data-end=\"2066\">\n<p data-start=\"2005\" data-end=\"2066\">D\u00f9ng l\u00e0m gia v\u1ecb r\u1eafc cu\u1ed1i ho\u1eb7c tr\u1ed9n s\u1ed1t ch\u1ea5m, salad, m\u00f3n n\u01b0\u1edbng<\/p>\n<\/li>\n<\/ul>\n<p data-start=\"2164\" data-end=\"2270\">\u00a0<strong data-start=\"2071\" data-end=\"2083\">M\u1eb9o nh\u1ecf:<\/strong> Rang s\u01a1 b\u1ed9t ng\u00f2 r\u00ed v\u1edbi d\u1ea7u n\u00f3ng tr\u01b0\u1edbc khi n\u00eam s\u1ebd gi\u00fap tinh d\u1ea7u b\u1ed1c h\u01b0\u01a1ng m\u1ea1nh h\u01a1n, l\u00e0m m\u00f3n \u0103n d\u1eady m\u00f9i r\u00f5 r\u1ec7t.<\/p>\n<p data-start=\"2164\" data-end=\"2270\"><img decoding=\"async\" class=\"aligncenter\" src=\"https:\/\/havamall.com\/wp-content\/uploads\/2025\/06\/Coriander_Red_Lentil_Soup_and_Breadsticks.jpg\" alt=\"Coriander Red Lentil Soup with Herbed Garlic Breadsticks Recipe - The Reluctant Trading Experiment\" width=\"800\" height=\"546\" \/><\/p>\n<h3 data-start=\"2200\" data-end=\"2228\"><span style=\"font-size: 18pt\"><strong data-start=\"2204\" data-end=\"2226\">C\u00f4ng d\u1ee5ng s\u1ee9c kh\u1ecfe<\/strong><\/span><\/h3>\n<p data-start=\"2229\" data-end=\"2317\">B\u1ed9t ng\u00f2 r\u00ed ch\u1ee9a nhi\u1ec1u <strong data-start=\"2251\" data-end=\"2273\">ch\u1ea5t ch\u1ed1ng oxy h\u00f3a<\/strong>, tinh d\u1ea7u thi\u00ean nhi\u00ean c\u00f3 kh\u1ea3 n\u0103ng h\u1ed7 tr\u1ee3:<\/p>\n<ul data-start=\"2318\" data-end=\"2490\">\n<li data-start=\"2318\" data-end=\"2371\">\n<p data-start=\"2320\" data-end=\"2371\"><strong data-start=\"2320\" data-end=\"2342\">C\u1ea3i thi\u1ec7n ti\u00eau h\u00f3a<\/strong>, gi\u1ea3m \u0111\u1ea7y b\u1ee5ng, ch\u01b0\u1edbng h\u01a1i<\/p>\n<\/li>\n<li data-start=\"2372\" data-end=\"2412\">\n<p data-start=\"2374\" data-end=\"2412\"><strong data-start=\"2374\" data-end=\"2392\">Ch\u1ed1ng vi\u00eam nh\u1eb9<\/strong>, thanh l\u1ecdc c\u01a1 th\u1ec3<\/p>\n<\/li>\n<li data-start=\"2413\" data-end=\"2490\">\n<p data-start=\"2415\" data-end=\"2490\">C\u00f3 th\u1ec3 h\u1ed7 tr\u1ee3 <strong data-start=\"2429\" data-end=\"2453\">\u0111i\u1ec1u h\u00f2a \u0111\u01b0\u1eddng huy\u1ebft<\/strong> v\u00e0 t\u1ed1t cho tim m\u1ea1ch n\u1ebfu d\u00f9ng \u0111\u1ec1u \u0111\u1eb7n<\/p>\n<\/li>\n<\/ul>\n<p data-start=\"2492\" data-end=\"2620\">V\u00ec l\u00e0 gia v\u1ecb <strong data-start=\"2505\" data-end=\"2526\">t\u1ef1 nhi\u00ean, d\u1ecbu nh\u1eb9<\/strong>, s\u1ea3n ph\u1ea9m ph\u00f9 h\u1ee3p v\u1edbi nhi\u1ec1u \u0111\u1ed1i t\u01b0\u1ee3ng, k\u1ec3 c\u1ea3 ng\u01b0\u1eddi \u0103n nh\u1ea1t ho\u1eb7c nh\u1ea1y c\u1ea3m v\u1edbi gia v\u1ecb cay n\u00f3ng.<\/p>\n<p data-start=\"2492\" data-end=\"2620\"><img loading=\"lazy\" decoding=\"async\" class=\"aligncenter\" src=\"https:\/\/havamall.com\/wp-content\/uploads\/2025\/06\/20160428_114217.jpg\" alt=\"Annapurna: Kothambir Vadi \/ Maharashtrian Coriander Fritters\" width=\"800\" height=\"600\" \/><\/p>\n<p data-start=\"2655\" data-end=\"2887\"><strong data-start=\"2655\" data-end=\"2686\">B\u1ed9t Ng\u00f2 R\u00ed Atlas Garden 62g<\/strong>\u00a0hi\u1ec7n \u0111\u00e3 c\u00f3 m\u1eb7t t\u1ea1i\u00a0<strong data-start=\"2706\" data-end=\"2718\">Havamall<\/strong>, cam k\u1ebft nh\u1eadp kh\u1ea9u ch\u00ednh ng\u1ea1ch, ch\u1ea5t l\u01b0\u1ee3ng chu\u1ea9n ch\u00e2u \u00c2u. H\u00e3y b\u1ed5 sung ngay gia v\u1ecb thi\u1ebft y\u1ebfu n\u00e0y v\u00e0o c\u0103n b\u1ebfp c\u1ee7a b\u1ea1n \u0111\u1ec3 m\u00f3n \u0103n th\u00eam tr\u1ecdn v\u1ecb v\u00e0 t\u1ed1t cho s\u1ee9c kh\u1ecfe m\u1ed7i ng\u00e0y!<\/p>","protected":false},"excerpt":{"rendered":"<p>TH\u00d4NG TIN S\u1ea2N PH\u1ea8M Th\u01b0\u01a1ng hi\u1ec7u Atlas Garden Xu\u1ea5t X\u1ee9 \u0110\u1ee9c Th\u00e0nh ph\u1ea7n 100% h\u1ea1t ng\u00f2 r\u00ed nguy\u00ean ch\u1ea5t, kh\u00f4ng<\/p>","protected":false},"featured_media":45194,"comment_status":"open","ping_status":"closed","template":"","meta":[],"product_brand":[],"product_cat":[154,595,728],"product_tag":[],"class_list":{"0":"post-40128","1":"product","2":"type-product","3":"status-publish","4":"has-post-thumbnail","6":"product_cat-gia-vi","7":"product_cat-gia-vi-va-che-bien","8":"product_cat-nhap-khau-duc","9":"pa_brand-atlas-garden","11":"first","12":"instock","13":"sale","14":"shipping-taxable","15":"purchasable","16":"product-type-simple"},"_links":{"self":[{"href":"https:\/\/havamall.com\/en\/wp-json\/wp\/v2\/product\/40128","targetHints":{"allow":["GET"]}}],"collection":[{"href":"https:\/\/havamall.com\/en\/wp-json\/wp\/v2\/product"}],"about":[{"href":"https:\/\/havamall.com\/en\/wp-json\/wp\/v2\/types\/product"}],"replies":[{"embeddable":true,"href":"https:\/\/havamall.com\/en\/wp-json\/wp\/v2\/comments?post=40128"}],"version-history":[{"count":0,"href":"https:\/\/havamall.com\/en\/wp-json\/wp\/v2\/product\/40128\/revisions"}],"wp:featuredmedia":[{"embeddable":true,"href":"https:\/\/havamall.com\/en\/wp-json\/wp\/v2\/media\/45194"}],"wp:attachment":[{"href":"https:\/\/havamall.com\/en\/wp-json\/wp\/v2\/media?parent=40128"}],"wp:term":[{"taxonomy":"product_brand","embeddable":true,"href":"https:\/\/havamall.com\/en\/wp-json\/wp\/v2\/product_brand?post=40128"},{"taxonomy":"product_cat","embeddable":true,"href":"https:\/\/havamall.com\/en\/wp-json\/wp\/v2\/product_cat?post=40128"},{"taxonomy":"product_tag","embeddable":true,"href":"https:\/\/havamall.com\/en\/wp-json\/wp\/v2\/product_tag?post=40128"}],"curies":[{"name":"wp","href":"https:\/\/api.w.org\/{rel}","templated":true}]}}