{"id":40132,"date":"2025-06-04T10:57:59","date_gmt":"2025-06-04T03:57:59","guid":{"rendered":"https:\/\/havamall.com\/?post_type=product&#038;p=40132"},"modified":"2026-03-18T15:00:51","modified_gmt":"2026-03-18T08:00:51","slug":"hat-thi-la-nguyen-hat-atlas-garden-55g-atlas-garden-cumin-seed-55gr","status":"publish","type":"product","link":"https:\/\/havamall.com\/en\/shop\/hat-thi-la-nguyen-hat-atlas-garden-55g-atlas-garden-cumin-seed-55gr\/","title":{"rendered":"H\u1ea1t Th\u00ec L\u00e0 Nguy\u00ean H\u1ea1t Atlas Garden 55g &#8211; Atlas Garden Cumin Seed 55gr"},"content":{"rendered":"<h3><strong>TH\u00d4NG TIN S\u1ea2N PH\u1ea8M<\/strong><\/h3>\n<table>\n<tbody>\n<tr>\n<td>Th\u01b0\u01a1ng hi\u1ec7u<\/td>\n<td>Atlas Garden<\/td>\n<\/tr>\n<tr>\n<td>Xu\u1ea5t X\u1ee9<\/td>\n<td>\u0110\u1ee9c<\/td>\n<\/tr>\n<tr>\n<td>Th\u00e0nh ph\u1ea7n<\/td>\n<td>\n<p data-start=\"1054\" data-end=\"1149\">100% H\u1ea1t th\u00ec l\u00e0 (Cumin) nguy\u00ean h\u1ea1t s\u1ea5y kh\u00f4 t\u1ef1 nhi\u00ean<\/p>\n<\/td>\n<\/tr>\n<tr>\n<td>H\u1ea1n s\u1eed d\u1ee5ng<\/td>\n<td>Xem tr\u00ean bao b\u00ec<\/td>\n<\/tr>\n<tr>\n<td>B\u1ea3o qu\u1ea3n<\/td>\n<td>N\u01a1i kh\u00f4 r\u00e1o, tho\u00e1ng m\u00e1t, tr\u00e1nh \u00e1nh n\u1eafng tr\u1ef1c ti\u1ebfp v\u00e0 nhi\u1ec7t \u0111\u1ed9 cao. \u0110\u00f3ng ch\u1eb7t n\u1eafp sau khi s\u1eed d\u1ee5ng.<\/td>\n<\/tr>\n<tr>\n<td>Kh\u1ed1i l\u01b0\u1ee3ng t\u1ecbnh<\/td>\n<td>64g<\/td>\n<\/tr>\n<\/tbody>\n<\/table>\n<h3><strong>GI\u1edaI THI\u1ec6U TH\u01af\u01a0NG HI\u1ec6U<\/strong><\/h3>\n<p data-start=\"255\" data-end=\"593\"><strong data-start=\"255\" data-end=\"271\">Atlas Garden<\/strong> l\u00e0 th\u01b0\u01a1ng hi\u1ec7u gia v\u1ecb nh\u1eadp kh\u1ea9u t\u1eeb \u0110\u1ee9c, chuy\u00ean cung c\u1ea5p c\u00e1c lo\u1ea1i gia v\u1ecb v\u00e0 th\u1ea3o m\u1ed9c nguy\u00ean ch\u1ea5t, \u0111\u1ea1t ti\u00eau chu\u1ea9n ch\u1ea5t l\u01b0\u1ee3ng ch\u00e2u \u00c2u. V\u1edbi tri\u1ebft l\u00fd <strong data-start=\"417\" data-end=\"469\">\u201cGia v\u1ecb s\u1ea1ch \u2013 H\u01b0\u01a1ng v\u1ecb chu\u1ea9n \u2013 \u1ea8m th\u1ef1c tinh t\u1ebf\u201d<\/strong>, Atlas Garden kh\u00f4ng ng\u1eebng mang \u0111\u1ebfn nh\u1eefng l\u1ef1a ch\u1ecdn gia v\u1ecb thu\u1ea7n t\u00fay, t\u1ef1 nhi\u00ean, gi\u00fap m\u1ed7i b\u1eefa \u0103n tr\u1edf n\u00ean tr\u1ecdn v\u1eb9n v\u00e0 chu\u1ea9n v\u1ecb.<\/p>\n<p data-start=\"255\" data-end=\"593\"><img decoding=\"async\" class=\"aligncenter\" src=\"https:\/\/havamall.com\/wp-content\/uploads\/2025\/06\/Atlas-Logo.png\" \/><\/p>\n<h3><strong>\u0110\u1eb6C \u0110I\u1ec2M S\u1ea2N PH\u1ea8M<\/strong><\/h3>\n<p data-start=\"640\" data-end=\"913\"><strong data-start=\"640\" data-end=\"678\">H\u1ea1t Th\u00ec L\u00e0 Nguy\u00ean H\u1ea1t Atlas Garden<\/strong>\u00a0\u0111\u01b0\u1ee3c tuy\u1ec3n ch\u1ecdn t\u1eeb nh\u1eefng h\u1ea1t th\u00ec l\u00e0 ch\u1ea5t l\u01b0\u1ee3ng cao, thu ho\u1ea1ch \u0111\u00fang th\u1eddi \u0111i\u1ec3m, ph\u01a1i kh\u00f4 t\u1ef1 nhi\u00ean v\u00e0 \u0111\u00f3ng g\u00f3i nguy\u00ean v\u1eb9n t\u1ea1i \u0110\u1ee9c. S\u1ea3n ph\u1ea9m c\u00f3 h\u01b0\u01a1ng th\u01a1m \u1ea5m n\u1ed3ng, cay nh\u1eb9, mang s\u1eafc th\u00e1i \u0111\u1eb7c tr\u01b0ng c\u1ee7a \u1ea9m th\u1ef1c Trung \u0110\u00f4ng, B\u1eafc Phi v\u00e0 Nam \u00c1.<\/p>\n<ul data-start=\"915\" data-end=\"1234\">\n<li data-start=\"915\" data-end=\"981\">\n<p data-start=\"917\" data-end=\"981\"><strong data-start=\"917\" data-end=\"948\">100% h\u1ea1t th\u00ec l\u00e0 nguy\u00ean ch\u1ea5t<\/strong>, kh\u00f4ng pha tr\u1ed9n, kh\u00f4ng ph\u1ee5 gia<\/p>\n<\/li>\n<li data-start=\"982\" data-end=\"1043\">\n<p data-start=\"984\" data-end=\"1043\">H\u01b0\u01a1ng th\u01a1m \u0111\u1eb7c tr\u01b0ng,\u00a0<strong data-start=\"1006\" data-end=\"1041\">\u1ea5m, h\u01a1i cay, tho\u1ea3ng ch\u00fat v\u1ecb \u0111\u1ea5t<\/strong><\/p>\n<\/li>\n<li data-start=\"1044\" data-end=\"1094\">\n<p data-start=\"1046\" data-end=\"1094\">T\u0103ng h\u01b0\u01a1ng v\u1ecb \u0111\u1eadm \u0111\u00e0, t\u1ea1o chi\u1ec1u s\u00e2u cho m\u00f3n \u0103n<\/p>\n<\/li>\n<li data-start=\"1095\" data-end=\"1182\">\n<p data-start=\"1097\" data-end=\"1182\"><strong data-start=\"1097\" data-end=\"1111\">Nguy\u00ean h\u1ea1t<\/strong>, gi\u1eef nguy\u00ean tinh d\u1ea7u, th\u00edch h\u1ee3p d\u00f9ng rang, gi\u00e3 ho\u1eb7c xay theo nhu c\u1ea7u<\/p>\n<\/li>\n<li data-start=\"1183\" data-end=\"1234\">\n<p data-start=\"1185\" data-end=\"1234\"><strong data-start=\"1185\" data-end=\"1205\">\u0110\u00f3ng l\u1ecd ti\u1ec7n l\u1ee3i<\/strong>, d\u1ec5 b\u1ea3o qu\u1ea3n v\u00e0 d\u00f9ng l\u00e2u d\u00e0i<\/p>\n<\/li>\n<\/ul>\n<p><img fetchpriority=\"high\" decoding=\"async\" class=\"aligncenter\" src=\"https:\/\/havamall.com\/wp-content\/uploads\/2025\/06\/Storing-Cumin-scaled.webp\" alt=\"A Complete Guide to Buying &amp; Storing Cumin - Kerala Spices Wholesale\" width=\"800\" height=\"1200\" \/><\/p>\n<p data-start=\"1270\" data-end=\"1524\">H\u1ea1t th\u00ec l\u00e0 \u0111\u01b0\u1ee3c\u00a0<strong data-start=\"1286\" data-end=\"1324\">thu ho\u1ea1ch t\u1eeb v\u00f9ng nguy\u00ean li\u1ec7u s\u1ea1ch<\/strong>, ph\u01a1i s\u1ea5y t\u1ef1 nhi\u00ean v\u00e0\u00a0<strong data-start=\"1347\" data-end=\"1372\">\u0111\u00f3ng g\u00f3i ngay t\u1ea1i \u0110\u1ee9c<\/strong>\u00a0\u0111\u1ec3 \u0111\u1ea3m b\u1ea3o \u0111\u1ed9 t\u01b0\u01a1i v\u00e0 h\u00e0m l\u01b0\u1ee3ng tinh d\u1ea7u. S\u1ea3n ph\u1ea9m\u00a0<strong data-start=\"1424\" data-end=\"1486\">kh\u00f4ng ch\u1ee9a ch\u1ea5t b\u1ea3o qu\u1ea3n, ph\u1ea9m m\u00e0u hay h\u01b0\u01a1ng li\u1ec7u nh\u00e2n t\u1ea1o<\/strong>, cam k\u1ebft 100% nguy\u00ean ch\u1ea5t v\u00e0 an to\u00e0n.<\/p>\n<p data-start=\"1550\" data-end=\"1780\">H\u1ea1t th\u00ec l\u00e0 c\u00f3 h\u01b0\u01a1ng th\u01a1m\u00a0<strong data-start=\"1575\" data-end=\"1595\">\u1ea5m n\u1ed3ng, cay nh\u1eb9<\/strong>, h\u01a1i m\u1ed9c, \u0111\u1eb7c tr\u01b0ng c\u1ee7a c\u00e1c m\u00f3n c\u00e0 ri, b\u00e1nh m\u00ec d\u1eb9t v\u00e0 c\u00e1c m\u00f3n n\u01b0\u1edbng ch\u00e2u \u00c1 \u2013 \u0110\u1ecba Trung H\u1ea3i. Khi rang s\u01a1 ho\u1eb7c nghi\u1ec1n nh\u1eb9, h\u01b0\u01a1ng th\u01a1m s\u1ebd lan t\u1ecfa m\u1ea1nh m\u1ebd, g\u00f3p ph\u1ea7n c\u00e2n b\u1eb1ng m\u00f9i v\u1ecb m\u00f3n \u0103n.<\/p>\n<p data-start=\"1550\" data-end=\"1780\"><img decoding=\"async\" class=\"aligncenter\" src=\"https:\/\/www.allotment-garden.org\/wp-content\/uploads\/2024\/01\/Cumin-Seeds-scaled.jpg\" alt=\"Growing Cumin - How to Grow Cumin - Allotment &amp; Gardens\" width=\"801\" height=\"534\" \/><\/p>\n<h3><strong>C\u00d4NG D\u1ee4NG V\u00c0 L\u1ee2I \u00cdCH<\/strong><\/h3>\n<ul data-start=\"1810\" data-end=\"2124\">\n<li data-start=\"1810\" data-end=\"1888\">\n<p data-start=\"1812\" data-end=\"1888\"><strong data-start=\"1812\" data-end=\"1823\">Rang s\u01a1<\/strong>\u00a0r\u1ed3i gi\u00e3 d\u1eadp \u0111\u1ec3 n\u00eam v\u00e0o m\u00f3n\u00a0<strong data-start=\"1851\" data-end=\"1886\">c\u00e0 ri, s\u1ed1t, canh, s\u00fap, b\u00fan, ph\u1edf<\/strong><\/p>\n<\/li>\n<li data-start=\"1889\" data-end=\"1960\">\n<p data-start=\"1891\" data-end=\"1960\">D\u00f9ng nguy\u00ean h\u1ea1t trong m\u00f3n\u00a0<strong data-start=\"1917\" data-end=\"1958\">b\u00e1nh m\u00ec, b\u00e1nh quy, m\u00f3n h\u1ea5p, m\u00f3n n\u01b0\u1edbng<\/strong><\/p>\n<\/li>\n<li data-start=\"1961\" data-end=\"2050\">\n<p data-start=\"1963\" data-end=\"2050\">L\u00e0 gia v\u1ecb quan tr\u1ecdng trong c\u00e1c\u00a0<strong data-start=\"1994\" data-end=\"2048\">h\u1ed7n h\u1ee3p garam masala, ras el hanout, h\u1ed7n h\u1ee3p c\u00e0 ri<\/strong><\/p>\n<\/li>\n<li data-start=\"2051\" data-end=\"2124\">\n<p data-start=\"2053\" data-end=\"2124\">Th\u00eam v\u00e0o d\u1ea7u n\u00f3ng \u0111\u1ec3 &#8220;n\u1ed5 h\u1ea1t&#8221;, gi\u00fap\u00a0<strong data-start=\"2089\" data-end=\"2105\">d\u1eady m\u00f9i m\u1ea1nh<\/strong>\u00a0khi b\u1eaft \u0111\u1ea7u n\u1ea5u \u0103n<\/p>\n<\/li>\n<\/ul>\n<p data-start=\"2126\" data-end=\"2270\"><strong data-start=\"2129\" data-end=\"2141\">M\u1eb9o nh\u1ecf:<\/strong>\u00a0Rang h\u1ea1t th\u00ec l\u00e0 kh\u00f4 cho \u0111\u1ebfn khi th\u01a1m nh\u1eb9, sau \u0111\u00f3 gi\u00e3 d\u1eadp v\u00e0 cho v\u00e0o m\u00f3n \u0103n s\u1ebd l\u00e0m t\u0103ng m\u00f9i v\u1ecb m\u1ed9t c\u00e1ch tinh t\u1ebf v\u00e0 chuy\u00ean nghi\u1ec7p.<\/p>\n<p data-start=\"2126\" data-end=\"2270\"><img decoding=\"async\" class=\"aligncenter\" src=\"https:\/\/static1.squarespace.com\/static\/612d4825ee7c3b7ba3e215b7\/612dd348b9b7172b22f7e59d\/62204b2bff3aa6652a99d331\/1646283951896\/shutterstock_1066380632.png?format=1500w\" alt=\"Middle Eastern Cuisine: A Culinary Wonder Worth Exploring\" width=\"801\" height=\"534\" \/><\/p>\n<p data-start=\"2306\" data-end=\"2417\">H\u1ea1t th\u00ec l\u00e0 gi\u00e0u\u00a0<strong data-start=\"2322\" data-end=\"2377\">ch\u1ea5t ch\u1ed1ng oxy h\u00f3a, ch\u1ea5t x\u01a1 v\u00e0 tinh d\u1ea7u thi\u00ean nhi\u00ean<\/strong>, \u0111\u01b0\u1ee3c bi\u1ebft \u0111\u1ebfn v\u1edbi nh\u1eefng l\u1ee3i \u00edch nh\u01b0: <strong data-start=\"2420\" data-end=\"2443\">K\u00edch th\u00edch ti\u00eau h\u00f3a<\/strong>, gi\u1ea3m \u0111\u1ea7y b\u1ee5ng, kh\u00f3 ti\u00eau, <strong data-start=\"2473\" data-end=\"2490\">Gi\u1ea3m vi\u00eam nh\u1eb9<\/strong>, h\u1ed7 tr\u1ee3 \u0111\u01b0\u1eddng h\u00f4 h\u1ea5p, C\u00f3 th\u1ec3 h\u1ed7 tr\u1ee3\u00a0<strong data-start=\"2530\" data-end=\"2576\">c\u00e2n b\u1eb1ng \u0111\u01b0\u1eddng huy\u1ebft, gi\u1ea3m cholesterol nh\u1eb9.<\/strong><\/p>\n<p data-start=\"2711\" data-end=\"2949\"><strong data-start=\"2711\" data-end=\"2753\">H\u1ea1t Th\u00ec L\u00e0 Nguy\u00ean H\u1ea1t Atlas Garden 55g<\/strong>\u00a0\u0111\u00e3 c\u00f3 m\u1eb7t t\u1ea1i\u00a0<strong data-start=\"2768\" data-end=\"2780\">Havamall<\/strong>, nh\u1eadp kh\u1ea9u ch\u00ednh ng\u1ea1ch t\u1eeb \u0110\u1ee9c, mang \u0111\u1ebfn ch\u1ea5t l\u01b0\u1ee3ng chu\u1ea9n ch\u00e2u \u00c2u. M\u1ed9t l\u1ef1a ch\u1ecdn x\u1ee9ng \u0111\u00e1ng \u0111\u1ec3 b\u1ea1n n\u00e2ng t\u1ea7m gia v\u1ecb cho c\u0103n b\u1ebfp c\u1ee7a m\u00ecnh \u2013 h\u00e3y th\u1eed v\u00e0 c\u1ea3m nh\u1eadn s\u1ef1 kh\u00e1c bi\u1ec7t!<\/p>","protected":false},"excerpt":{"rendered":"<p>TH\u00d4NG TIN S\u1ea2N PH\u1ea8M Th\u01b0\u01a1ng hi\u1ec7u Atlas Garden Xu\u1ea5t X\u1ee9 \u0110\u1ee9c Th\u00e0nh ph\u1ea7n 100% H\u1ea1t th\u00ec l\u00e0 (Cumin) nguy\u00ean h\u1ea1t<\/p>","protected":false},"featured_media":45238,"comment_status":"open","ping_status":"closed","template":"","meta":[],"product_brand":[],"product_cat":[154,595,728],"product_tag":[],"class_list":{"0":"post-40132","1":"product","2":"type-product","3":"status-publish","4":"has-post-thumbnail","6":"product_cat-gia-vi","7":"product_cat-gia-vi-va-che-bien","8":"product_cat-nhap-khau-duc","9":"pa_brand-atlas-garden","11":"first","12":"instock","13":"sale","14":"shipping-taxable","15":"purchasable","16":"product-type-simple"},"_links":{"self":[{"href":"https:\/\/havamall.com\/en\/wp-json\/wp\/v2\/product\/40132","targetHints":{"allow":["GET"]}}],"collection":[{"href":"https:\/\/havamall.com\/en\/wp-json\/wp\/v2\/product"}],"about":[{"href":"https:\/\/havamall.com\/en\/wp-json\/wp\/v2\/types\/product"}],"replies":[{"embeddable":true,"href":"https:\/\/havamall.com\/en\/wp-json\/wp\/v2\/comments?post=40132"}],"version-history":[{"count":0,"href":"https:\/\/havamall.com\/en\/wp-json\/wp\/v2\/product\/40132\/revisions"}],"wp:featuredmedia":[{"embeddable":true,"href":"https:\/\/havamall.com\/en\/wp-json\/wp\/v2\/media\/45238"}],"wp:attachment":[{"href":"https:\/\/havamall.com\/en\/wp-json\/wp\/v2\/media?parent=40132"}],"wp:term":[{"taxonomy":"product_brand","embeddable":true,"href":"https:\/\/havamall.com\/en\/wp-json\/wp\/v2\/product_brand?post=40132"},{"taxonomy":"product_cat","embeddable":true,"href":"https:\/\/havamall.com\/en\/wp-json\/wp\/v2\/product_cat?post=40132"},{"taxonomy":"product_tag","embeddable":true,"href":"https:\/\/havamall.com\/en\/wp-json\/wp\/v2\/product_tag?post=40132"}],"curies":[{"name":"wp","href":"https:\/\/api.w.org\/{rel}","templated":true}]}}