{"id":40139,"date":"2025-06-04T10:47:53","date_gmt":"2025-06-04T03:47:53","guid":{"rendered":"https:\/\/havamall.com\/?post_type=product&#038;p=40139"},"modified":"2026-03-17T14:11:03","modified_gmt":"2026-03-17T07:11:03","slug":"bot-thi-la-ai-cap-atlas-garden-45g-atlas-garden-caraway-ground-45gr","status":"publish","type":"product","link":"https:\/\/havamall.com\/en\/shop\/bot-thi-la-ai-cap-atlas-garden-45g-atlas-garden-caraway-ground-45gr\/","title":{"rendered":"B\u1ed9t Th\u00ec L\u00e0 Ai C\u1eadp Atlas Garden 45g &#8211; Atlas Garden Caraway Ground 45gr"},"content":{"rendered":"<h3><strong>TH\u00d4NG TIN S\u1ea2N PH\u1ea8M<\/strong><\/h3>\n<table style=\"width: 64.8864%\">\n<tbody>\n<tr>\n<td style=\"width: 15.4589%\">Th\u01b0\u01a1ng hi\u1ec7u<\/td>\n<td style=\"width: 89.7269%\">Atlas Garden<\/td>\n<\/tr>\n<tr>\n<td style=\"width: 15.4589%\">Xu\u1ea5t X\u1ee9<\/td>\n<td style=\"width: 89.7269%\">\u0110\u1ee9c<\/td>\n<\/tr>\n<tr>\n<td style=\"width: 15.4589%\">Th\u00e0nh ph\u1ea7n<\/td>\n<td style=\"width: 89.7269%\">\n<p data-start=\"1054\" data-end=\"1149\">100% caraway nguy\u00ean ch\u1ea5t<\/p>\n<\/td>\n<\/tr>\n<tr>\n<td style=\"width: 15.4589%\">H\u1ea1n s\u1eed d\u1ee5ng<\/td>\n<td style=\"width: 89.7269%\">Xem tr\u00ean bao b\u00ec<\/td>\n<\/tr>\n<tr>\n<td style=\"width: 15.4589%\">B\u1ea3o qu\u1ea3n<\/td>\n<td style=\"width: 89.7269%\">N\u01a1i kh\u00f4 r\u00e1o, tho\u00e1ng m\u00e1t, tr\u00e1nh \u00e1nh n\u1eafng tr\u1ef1c ti\u1ebfp v\u00e0 nhi\u1ec7t \u0111\u1ed9 cao. \u0110\u00f3ng ch\u1eb7t n\u1eafp sau khi s\u1eed d\u1ee5ng.<\/td>\n<\/tr>\n<tr>\n<td style=\"width: 15.4589%\">Kh\u1ed1i l\u01b0\u1ee3ng t\u1ecbnh<\/td>\n<td style=\"width: 89.7269%\">45g<\/td>\n<\/tr>\n<\/tbody>\n<\/table>\n<h3><strong>GI\u1edaI THI\u1ec6U TH\u01af\u01a0NG HI\u1ec6U<\/strong><\/h3>\n<p data-start=\"285\" data-end=\"636\"><strong data-start=\"285\" data-end=\"301\">Atlas Garden<\/strong>\u00a0l\u00e0 th\u01b0\u01a1ng hi\u1ec7u gia v\u1ecb nh\u1eadp kh\u1ea9u t\u1eeb \u0110\u1ee9c, chuy\u00ean ph\u00e2n ph\u1ed1i c\u00e1c lo\u1ea1i gia v\u1ecb v\u00e0 th\u1ea3o m\u1ed9c nguy\u00ean ch\u1ea5t, \u0111\u01b0\u1ee3c s\u1ea3n xu\u1ea5t theo ti\u00eau chu\u1ea9n ch\u1ea5t l\u01b0\u1ee3ng ch\u00e2u \u00c2u. V\u1edbi ph\u01b0\u01a1ng ch\u00e2m\u00a0<strong data-start=\"466\" data-end=\"518\">\u201cGia v\u1ecb s\u1ea1ch \u2013 H\u01b0\u01a1ng v\u1ecb chu\u1ea9n \u2013 \u1ea8m th\u1ef1c tinh t\u1ebf\u201d<\/strong>, Atlas Garden \u0111\u1ed3ng h\u00e0nh c\u00f9ng ng\u01b0\u1eddi n\u1ed9i tr\u1ee3 hi\u1ec7n \u0111\u1ea1i trong h\u00e0nh tr\u00ecnh t\u1ea1o n\u00ean nh\u1eefng m\u00f3n \u0103n \u0111\u1eadm v\u1ecb v\u00e0 t\u1ed1t cho s\u1ee9c kh\u1ecfe.<\/p>\n<p data-start=\"285\" data-end=\"636\"><img fetchpriority=\"high\" decoding=\"async\" class=\"aligncenter\" src=\"https:\/\/scontent.fsgn19-1.fna.fbcdn.net\/v\/t39.30808-6\/495681171_1269157195217244_4007311986350791251_n.jpg?_nc_cat=102&amp;ccb=1-7&amp;_nc_sid=127cfc&amp;_nc_ohc=eSaEfnyaRQIQ7kNvwF91R0F&amp;_nc_oc=AdkXWBEs1yOnqC1e39qeb35wJp7Q0FGwUF_JEPZcCWGEo2_hq56MNxdQlzaSGMu-6O8xfiGb9AQMj1YfhIh0ZpV2&amp;_nc_zt=23&amp;_nc_ht=scontent.fsgn19-1.fna&amp;_nc_gid=ebPfQUrFBNd5g00xs6texg&amp;oh=00_AfLvnXt26l5778fnqrOyENqhCERbrn2cwLqesgvljVYDCg&amp;oe=684583B3\" width=\"801\" height=\"801\" \/><\/p>\n<h3><strong>\u0110\u1eb6C \u0110I\u1ec2M S\u1ea2N PH\u1ea8M<\/strong><\/h3>\n<p data-start=\"683\" data-end=\"961\"><strong data-start=\"683\" data-end=\"717\">B\u1ed9t Th\u00ec L\u00e0 Ai C\u1eadp Atlas Garden<\/strong>\u00a0\u0111\u01b0\u1ee3c ch\u1ebf bi\u1ebfn t\u1eeb 100% h\u1ea1t caraway (th\u00ec l\u00e0 Ai C\u1eadp) nghi\u1ec1n m\u1ecbn, gi\u1eef nguy\u00ean m\u00f9i th\u01a1m \u0111\u1eb7c tr\u01b0ng v\u00e0 tinh d\u1ea7u t\u1ef1 nhi\u00ean. \u0110\u00e2y l\u00e0 lo\u1ea1i gia v\u1ecb ph\u1ed5 bi\u1ebfn trong \u1ea9m th\u1ef1c ch\u00e2u \u00c2u, B\u1eafc Phi v\u00e0 Trung \u0110\u00f4ng \u2013 n\u1ed5i b\u1eadt v\u1edbi h\u01b0\u01a1ng v\u1ecb \u1ea5m, cay nh\u1eb9 v\u00e0 h\u1eadu v\u1ecb ng\u1ecdt thanh.<\/p>\n<ul data-start=\"963\" data-end=\"1237\">\n<li data-start=\"963\" data-end=\"1026\">\n<p data-start=\"965\" data-end=\"1026\"><strong data-start=\"965\" data-end=\"993\">100% caraway nguy\u00ean ch\u1ea5t<\/strong>, kh\u00f4ng pha tr\u1ed9n, kh\u00f4ng ph\u1ee5 gia<\/p>\n<\/li>\n<li data-start=\"1027\" data-end=\"1094\">\n<p data-start=\"1029\" data-end=\"1094\">H\u01b0\u01a1ng th\u01a1m \u0111\u1eb7c tr\u01b0ng,\u00a0<strong data-start=\"1051\" data-end=\"1071\">\u1ea5m n\u1ed3ng, h\u01a1i cay<\/strong>, c\u00f3 ch\u00fat v\u1ecb cam th\u1ea3o<\/p>\n<\/li>\n<li data-start=\"1095\" data-end=\"1167\">\n<p data-start=\"1097\" data-end=\"1167\">D\u1ea1ng b\u1ed9t m\u1ecbn,\u00a0<strong data-start=\"1111\" data-end=\"1165\">ti\u1ec7n d\u1ee5ng \u0111\u1ec3 \u01b0\u1edbp, n\u00eam ho\u1eb7c pha tr\u1ed9n h\u1ed7n h\u1ee3p gia v\u1ecb<\/strong><\/p>\n<\/li>\n<li data-start=\"1168\" data-end=\"1237\">\n<p data-start=\"1170\" data-end=\"1237\"><strong data-start=\"1170\" data-end=\"1203\">\u0110\u00f3ng l\u1ecd nh\u1ef1a an to\u00e0n, n\u1eafp k\u00edn<\/strong>, d\u1ec5 b\u1ea3o qu\u1ea3n v\u00e0 s\u1eed d\u1ee5ng l\u00e2u d\u00e0i<\/p>\n<\/li>\n<\/ul>\n<p><img decoding=\"async\" class=\"aligncenter\" src=\"https:\/\/havamall.com\/wp-content\/uploads\/2025\/06\/what-is-cumin-995638-32cb50b00ca645ed8bbcd8474ec5488d.jpg\" alt=\"What Is Cumin and How to Cook With It?\" width=\"801\" height=\"534\" \/><\/p>\n<p data-start=\"1273\" data-end=\"1558\">H\u1ea1t th\u00ec l\u00e0 Ai C\u1eadp \u0111\u01b0\u1ee3c\u00a0<strong data-start=\"1296\" data-end=\"1348\">tr\u1ed3ng v\u00e0 thu ho\u1ea1ch t\u1ea1i c\u00e1c v\u00f9ng n\u00f4ng nghi\u1ec7p s\u1ea1ch<\/strong>, sau \u0111\u00f3 \u0111\u01b0\u1ee3c\u00a0<strong data-start=\"1362\" data-end=\"1395\">s\u1ea5y kh\u00f4 v\u00e0 nghi\u1ec1n m\u1ecbn t\u1ea1i \u0110\u1ee9c<\/strong>\u00a0b\u1eb1ng c\u00f4ng ngh\u1ec7 hi\u1ec7n \u0111\u1ea1i, gi\u00fap b\u1ea3o to\u00e0n to\u00e0n b\u1ed9 tinh d\u1ea7u t\u1ef1 nhi\u00ean v\u00e0 h\u01b0\u01a1ng th\u01a1m \u0111\u1eb7c tr\u01b0ng. S\u1ea3n ph\u1ea9m\u00a0<strong data-start=\"1495\" data-end=\"1557\">kh\u00f4ng ch\u1ee9a ch\u1ea5t b\u1ea3o qu\u1ea3n, ph\u1ea9m m\u00e0u hay h\u01b0\u01a1ng li\u1ec7u nh\u00e2n t\u1ea1o<\/strong>.<\/p>\n<p data-start=\"1584\" data-end=\"1798\">Caraway c\u00f3 h\u01b0\u01a1ng th\u01a1m\u00a0<strong data-start=\"1606\" data-end=\"1661\">\u1ea5m, cay nh\u1eb9, c\u00f3 h\u1eadu v\u1ecb ng\u1ecdt v\u00e0 the nh\u1eb9 nh\u01b0 cam th\u1ea3o<\/strong>, r\u1ea5t \u0111\u1eb7c tr\u01b0ng. Khi n\u1ea5u ch\u00edn ho\u1eb7c k\u1ebft h\u1ee3p v\u1edbi ch\u1ea5t b\u00e9o, b\u1ed9t caraway t\u1ecfa h\u01b0\u01a1ng m\u1ea1nh m\u1ebd, gi\u00fap\u00a0<strong data-start=\"1754\" data-end=\"1797\">t\u1ea1o chi\u1ec1u s\u00e2u v\u00e0 \u0111\u1ed9 ph\u1ee9c h\u1ee3p cho m\u00f3n \u0103n<\/strong>.<\/p>\n<p data-start=\"1584\" data-end=\"1798\"><img decoding=\"async\" class=\"aligncenter\" src=\"https:\/\/havamall.com\/wp-content\/uploads\/2020\/07\/cumin-powder.jpg\" alt=\"B\u1ed9t Th\u00ec L\u00e0 B\u1ecbch 10g - Cumin Powder 10g - HavaMall - Si\u00eau Th\u1ecb H\u00e0ng Nh\u1eadp Kh\u1ea9u Uy T\u00edn\" width=\"800\" height=\"800\" \/><\/p>\n<h3><strong>C\u00d4NG D\u1ee4NG V\u00c0 L\u1ee2I \u00cdCH<\/strong><\/h3>\n<ul data-start=\"1828\" data-end=\"2124\">\n<li data-start=\"1828\" data-end=\"1881\">\n<p data-start=\"1830\" data-end=\"1881\">D\u00f9ng \u0111\u1ec3\u00a0<strong data-start=\"1838\" data-end=\"1879\">\u01b0\u1edbp th\u1ecbt, c\u00e1, rau c\u1ee7, n\u01b0\u1edbng ho\u1eb7c quay<\/strong><\/p>\n<\/li>\n<li data-start=\"1882\" data-end=\"1963\">\n<p data-start=\"1884\" data-end=\"1963\">N\u00eam v\u00e0o c\u00e1c m\u00f3n\u00a0<strong data-start=\"1900\" data-end=\"1961\">s\u00fap, m\u00f3n h\u1ea7m, khoai t\u00e2y nghi\u1ec1n, b\u00e1nh m\u00ec \u0111en, b\u1eafp c\u1ea3i mu\u1ed1i<\/strong><\/p>\n<\/li>\n<li data-start=\"1964\" data-end=\"2045\">\n<p data-start=\"1966\" data-end=\"2045\">Ph\u1ed1i h\u1ee3p trong c\u00e1c h\u1ed7n h\u1ee3p gia v\u1ecb nh\u01b0\u00a0<strong data-start=\"2004\" data-end=\"2043\">za\u2019atar, ras el hanout, curry blend<\/strong><\/p>\n<\/li>\n<li data-start=\"2046\" data-end=\"2124\">\n<p data-start=\"2048\" data-end=\"2124\">D\u00f9ng trong ch\u1ebf bi\u1ebfn m\u00f3n chay, n\u01b0\u1edbc s\u1ed1t, m\u00f3n \u0103n \u0110\u1ecba Trung H\u1ea3i ho\u1eb7c Trung \u0110\u00f4ng<\/p>\n<\/li>\n<\/ul>\n<p><strong data-start=\"2129\" data-end=\"2141\">M\u1eb9o nh\u1ecf:<\/strong>\u00a0Rang nh\u1eb9 b\u1ed9t caraway v\u1edbi d\u1ea7u tr\u01b0\u1edbc khi n\u00eam s\u1ebd l\u00e0m tinh d\u1ea7u khu\u1ebfch t\u00e1n t\u1ed1t h\u01a1n, gi\u00fap m\u00f3n \u0103n th\u01a1m \u0111\u1eadm \u0111\u00e0 h\u01a1n nhi\u1ec1u!<\/p>\n<p><img loading=\"lazy\" decoding=\"async\" class=\"aligncenter\" src=\"https:\/\/havamall.com\/wp-content\/uploads\/2025\/06\/007_FOOD-faith-0613.jpg\" alt=\"Serve this Tunisian-spiced chickpea stew with caraway challah\" width=\"800\" height=\"450\" \/><\/p>\n<h4 data-start=\"2155\" data-end=\"2184\"><span style=\"font-size: 18pt\"><strong data-start=\"2160\" data-end=\"2182\">C\u00f4ng d\u1ee5ng s\u1ee9c kh\u1ecfe<\/strong><\/span><\/h4>\n<ul data-start=\"2381\" data-end=\"2655\">\n<li data-start=\"2381\" data-end=\"2449\">\n<p data-start=\"2383\" data-end=\"2449\"><strong data-start=\"2383\" data-end=\"2402\">H\u1ed7 tr\u1ee3 ti\u00eau h\u00f3a<\/strong>, gi\u1ea3m \u0111\u1ea7y h\u01a1i, c\u1ea3i thi\u1ec7n t\u00ecnh tr\u1ea1ng kh\u00f3 ti\u00eau<\/p>\n<\/li>\n<li data-start=\"2450\" data-end=\"2508\">\n<p data-start=\"2452\" data-end=\"2508\">C\u00f3 th\u1ec3 gi\u00fap\u00a0<strong data-start=\"2464\" data-end=\"2506\">gi\u1ea3m vi\u00eam, h\u1ed7 tr\u1ee3 \u0111i\u1ec1u h\u00f2a \u0111\u01b0\u1eddng huy\u1ebft<\/strong><\/p>\n<\/li>\n<li data-start=\"2509\" data-end=\"2587\">\n<p data-start=\"2511\" data-end=\"2587\">Ch\u1ee9a ch\u1ea5t ch\u1ed1ng oxy h\u00f3a, gi\u00fap\u00a0<strong data-start=\"2541\" data-end=\"2585\">thanh l\u1ecdc c\u01a1 th\u1ec3 v\u00e0 t\u0103ng c\u01b0\u1eddng mi\u1ec5n d\u1ecbch<\/strong><\/p>\n<\/li>\n<li data-start=\"2588\" data-end=\"2655\">\n<p data-start=\"2590\" data-end=\"2655\">Ph\u00f9 h\u1ee3p v\u1edbi ng\u01b0\u1eddi \u0103n chay, eat clean ho\u1eb7c c\u1ea7n ch\u1ebf \u0111\u1ed9 \u0103n l\u00e0nh m\u1ea1nh<\/p>\n<\/li>\n<\/ul>\n<p><img loading=\"lazy\" decoding=\"async\" class=\"aligncenter wp-image-40210\" src=\"https:\/\/havamall.com\/wp-content\/uploads\/2025\/06\/Cumin-Square-Blog-post-1-scaled-1.jpg\" alt=\"\" width=\"800\" height=\"800\" srcset=\"https:\/\/havamall.com\/wp-content\/uploads\/2025\/06\/Cumin-Square-Blog-post-1-scaled-1.jpg 2560w, https:\/\/havamall.com\/wp-content\/uploads\/2025\/06\/Cumin-Square-Blog-post-1-scaled-1-300x300.jpg 300w, https:\/\/havamall.com\/wp-content\/uploads\/2025\/06\/Cumin-Square-Blog-post-1-scaled-1-1024x1024.jpg 1024w, https:\/\/havamall.com\/wp-content\/uploads\/2025\/06\/Cumin-Square-Blog-post-1-scaled-1-150x150.jpg 150w, https:\/\/havamall.com\/wp-content\/uploads\/2025\/06\/Cumin-Square-Blog-post-1-scaled-1-768x768.jpg 768w, https:\/\/havamall.com\/wp-content\/uploads\/2025\/06\/Cumin-Square-Blog-post-1-scaled-1-12x12.jpg 12w, https:\/\/havamall.com\/wp-content\/uploads\/2025\/06\/Cumin-Square-Blog-post-1-scaled-1-600x600.jpg 600w, https:\/\/havamall.com\/wp-content\/uploads\/2025\/06\/Cumin-Square-Blog-post-1-scaled-1-1200x1200.jpg 1200w\" sizes=\"(max-width: 800px) 100vw, 800px\" \/><\/p>\n<p data-start=\"2690\" data-end=\"2934\"><strong data-start=\"2690\" data-end=\"2728\">B\u1ed9t Th\u00ec L\u00e0 Ai C\u1eadp Atlas Garden 45g<\/strong>\u00a0hi\u1ec7n \u0111\u00e3 c\u00f3 m\u1eb7t t\u1ea1i\u00a0<strong data-start=\"2748\" data-end=\"2760\">Havamall<\/strong>, nh\u1eadp kh\u1ea9u tr\u1ef1c ti\u1ebfp t\u1eeb \u0110\u1ee9c, chu\u1ea9n ch\u1ea5t l\u01b0\u1ee3ng ch\u00e2u \u00c2u. L\u1ef1a ch\u1ecdn ho\u00e0n h\u1ea3o cho nh\u1eefng ai y\u00eau th\u00edch \u1ea9m th\u1ef1c \u0111\u1eb7c s\u1eafc v\u00e0 mong mu\u1ed1n gia t\u0103ng chi\u1ec1u s\u00e2u h\u01b0\u01a1ng v\u1ecb cho m\u00f3n \u0103n m\u1ed7i ng\u00e0y!<\/p>","protected":false},"excerpt":{"rendered":"<p>TH\u00d4NG TIN S\u1ea2N PH\u1ea8M Th\u01b0\u01a1ng hi\u1ec7u Atlas Garden Xu\u1ea5t X\u1ee9 \u0110\u1ee9c Th\u00e0nh ph\u1ea7n 100% caraway nguy\u00ean ch\u1ea5t H\u1ea1n s\u1eed d\u1ee5ng<\/p>","protected":false},"featured_media":45118,"comment_status":"open","ping_status":"closed","template":"","meta":[],"product_brand":[],"product_cat":[681,154,595,728],"product_tag":[],"class_list":{"0":"post-40139","1":"product","2":"type-product","3":"status-publish","4":"has-post-thumbnail","6":"product_cat-chua-phan-loai","7":"product_cat-gia-vi","8":"product_cat-gia-vi-va-che-bien","9":"product_cat-nhap-khau-duc","10":"pa_brand-atlas-garden","12":"first","13":"instock","14":"sale","15":"shipping-taxable","16":"purchasable","17":"product-type-simple"},"_links":{"self":[{"href":"https:\/\/havamall.com\/en\/wp-json\/wp\/v2\/product\/40139","targetHints":{"allow":["GET"]}}],"collection":[{"href":"https:\/\/havamall.com\/en\/wp-json\/wp\/v2\/product"}],"about":[{"href":"https:\/\/havamall.com\/en\/wp-json\/wp\/v2\/types\/product"}],"replies":[{"embeddable":true,"href":"https:\/\/havamall.com\/en\/wp-json\/wp\/v2\/comments?post=40139"}],"version-history":[{"count":0,"href":"https:\/\/havamall.com\/en\/wp-json\/wp\/v2\/product\/40139\/revisions"}],"wp:featuredmedia":[{"embeddable":true,"href":"https:\/\/havamall.com\/en\/wp-json\/wp\/v2\/media\/45118"}],"wp:attachment":[{"href":"https:\/\/havamall.com\/en\/wp-json\/wp\/v2\/media?parent=40139"}],"wp:term":[{"taxonomy":"product_brand","embeddable":true,"href":"https:\/\/havamall.com\/en\/wp-json\/wp\/v2\/product_brand?post=40139"},{"taxonomy":"product_cat","embeddable":true,"href":"https:\/\/havamall.com\/en\/wp-json\/wp\/v2\/product_cat?post=40139"},{"taxonomy":"product_tag","embeddable":true,"href":"https:\/\/havamall.com\/en\/wp-json\/wp\/v2\/product_tag?post=40139"}],"curies":[{"name":"wp","href":"https:\/\/api.w.org\/{rel}","templated":true}]}}