{"id":40141,"date":"2025-06-04T10:32:23","date_gmt":"2025-06-04T03:32:23","guid":{"rendered":"https:\/\/havamall.com\/?post_type=product&#038;p=40141"},"modified":"2026-03-18T14:56:32","modified_gmt":"2026-03-18T07:56:32","slug":"bot-dinh-huong-atlas-garden-64g-atlas-garden-clove-ground-64gr","status":"publish","type":"product","link":"https:\/\/havamall.com\/en\/shop\/bot-dinh-huong-atlas-garden-64g-atlas-garden-clove-ground-64gr\/","title":{"rendered":"B\u1ed9t \u0110inh H\u01b0\u01a1ng Atlas Garden 64g &#8211; Atlas Garden Clove Ground 64gr"},"content":{"rendered":"<h3><strong>TH\u00d4NG TIN S\u1ea2N PH\u1ea8M<\/strong><\/h3>\n<table>\n<tbody>\n<tr>\n<td>Th\u01b0\u01a1ng hi\u1ec7u<\/td>\n<td>Atlas Garden<\/td>\n<\/tr>\n<tr>\n<td>Xu\u1ea5t X\u1ee9<\/td>\n<td>\u0110\u1ee9c<\/td>\n<\/tr>\n<tr>\n<td>Th\u00e0nh ph\u1ea7n<\/td>\n<td>\n<p data-start=\"1054\" data-end=\"1149\"><strong data-start=\"986\" data-end=\"1020\">100% n\u1ee5 \u0111inh h\u01b0\u01a1ng nguy\u00ean ch\u1ea5t<\/strong>, kh\u00f4ng pha tr\u1ed9n, kh\u00f4ng ph\u1ee5 gia<\/p>\n<\/td>\n<\/tr>\n<tr>\n<td>H\u1ea1n s\u1eed d\u1ee5ng<\/td>\n<td>Xem tr\u00ean bao b\u00ec<\/td>\n<\/tr>\n<tr>\n<td>B\u1ea3o qu\u1ea3n<\/td>\n<td>N\u01a1i kh\u00f4 r\u00e1o, tho\u00e1ng m\u00e1t, tr\u00e1nh \u00e1nh n\u1eafng tr\u1ef1c ti\u1ebfp v\u00e0 nhi\u1ec7t \u0111\u1ed9 cao. \u0110\u00f3ng ch\u1eb7t n\u1eafp sau khi s\u1eed d\u1ee5ng.<\/td>\n<\/tr>\n<tr>\n<td>Kh\u1ed1i l\u01b0\u1ee3ng t\u1ecbnh<\/td>\n<td>64g<\/td>\n<\/tr>\n<\/tbody>\n<\/table>\n<h3><strong>GI\u1edaI THI\u1ec6U TH\u01af\u01a0NG HI\u1ec6U<\/strong><\/h3>\n<p data-start=\"287\" data-end=\"664\"><strong data-start=\"287\" data-end=\"303\">Atlas Garden<\/strong>\u00a0l\u00e0 th\u01b0\u01a1ng hi\u1ec7u gia v\u1ecb nh\u1eadp kh\u1ea9u t\u1eeb \u0110\u1ee9c, n\u1ed5i b\u1eadt v\u1edbi danh m\u1ee5c s\u1ea3n ph\u1ea9m th\u1ea3o m\u1ed9c v\u00e0 gia v\u1ecb nguy\u00ean ch\u1ea5t, s\u1ea3n xu\u1ea5t \u0111\u1ea1t chu\u1ea9n ch\u00e2u \u00c2u. V\u1edbi t\u00f4n ch\u1ec9\u00a0<strong data-start=\"446\" data-end=\"498\">\u201cGia v\u1ecb s\u1ea1ch \u2013 H\u01b0\u01a1ng v\u1ecb chu\u1ea9n \u2013 \u1ea8m th\u1ef1c tinh t\u1ebf\u201d<\/strong>, Atlas Garden gi\u00fap ng\u01b0\u1eddi ti\u00eau d\u00f9ng hi\u1ec7n \u0111\u1ea1i ti\u1ebfp c\u1eadn c\u00e1c nguy\u00ean li\u1ec7u t\u1ef1 nhi\u00ean, an to\u00e0n v\u00e0 ch\u1ea5t l\u01b0\u1ee3ng cao \u2013 g\u00f3p ph\u1ea7n l\u00e0m phong ph\u00fa th\u00eam tr\u1ea3i nghi\u1ec7m \u1ea9m th\u1ef1c h\u1eb1ng ng\u00e0y.<\/p>\n<p data-start=\"287\" data-end=\"664\"><img decoding=\"async\" class=\"aligncenter\" src=\"https:\/\/havamall.com\/wp-content\/uploads\/2025\/06\/Atlas-Logo.png\" \/><\/p>\n<h3><strong>\u0110\u1eb6C \u0110I\u1ec2M S\u1ea2N PH\u1ea8M<\/strong><\/h3>\n<p data-start=\"711\" data-end=\"982\"><strong data-start=\"711\" data-end=\"742\">B\u1ed9t \u0110inh H\u01b0\u01a1ng Atlas Garden<\/strong>\u00a0\u0111\u01b0\u1ee3c l\u00e0m t\u1eeb 100% n\u1ee5 hoa \u0111inh h\u01b0\u01a1ng kh\u00f4 nghi\u1ec1n m\u1ecbn, c\u00f3\u00a0<strong data-start=\"797\" data-end=\"825\">h\u01b0\u01a1ng th\u01a1m n\u1ed3ng, ng\u1ecdt \u1ea5m<\/strong>, mang \u0111\u1eb7c t\u00ednh kh\u00e1ng khu\u1ea9n t\u1ef1 nhi\u00ean v\u00e0 v\u1ecb cay nh\u1eb9 \u0111\u1eb7c tr\u01b0ng. L\u00e0 lo\u1ea1i gia v\u1ecb kh\u00f4ng th\u1ec3 thi\u1ebfu trong \u1ea9m th\u1ef1c truy\u1ec1n th\u1ed1ng \u1ea4n \u0110\u1ed9, Trung \u0110\u00f4ng, ch\u00e2u \u00c2u v\u00e0 \u0110\u00f4ng \u00c1.<\/p>\n<ul data-start=\"984\" data-end=\"1256\">\n<li data-start=\"984\" data-end=\"1053\">\n<p data-start=\"986\" data-end=\"1053\"><strong data-start=\"986\" data-end=\"1020\">100% n\u1ee5 \u0111inh h\u01b0\u01a1ng nguy\u00ean ch\u1ea5t<\/strong>, kh\u00f4ng pha tr\u1ed9n, kh\u00f4ng ph\u1ee5 gia<\/p>\n<\/li>\n<li data-start=\"1054\" data-end=\"1109\">\n<p data-start=\"1056\" data-end=\"1109\"><strong data-start=\"1056\" data-end=\"1093\">H\u01b0\u01a1ng th\u01a1m m\u1ea1nh, ng\u1ecdt \u1ea5m, cay nh\u1eb9<\/strong>, d\u1ec5 nh\u1eadn bi\u1ebft<\/p>\n<\/li>\n<li data-start=\"1110\" data-end=\"1181\">\n<p data-start=\"1112\" data-end=\"1181\">D\u1ea1ng b\u1ed9t m\u1ecbn,\u00a0<strong data-start=\"1126\" data-end=\"1179\">ti\u1ec7n l\u1ee3i khi n\u00eam, \u01b0\u1edbp ho\u1eb7c pha ch\u1ebf h\u1ed7n h\u1ee3p gia v\u1ecb<\/strong><\/p>\n<\/li>\n<li data-start=\"1182\" data-end=\"1256\">\n<p data-start=\"1184\" data-end=\"1256\"><strong data-start=\"1184\" data-end=\"1216\">\u0110\u00f3ng l\u1ecd k\u00edn \u0111\u00e1o, d\u1ec5 b\u1ea3o qu\u1ea3n<\/strong>, ph\u00f9 h\u1ee3p s\u1eed d\u1ee5ng th\u01b0\u1eddng xuy\u00ean trong b\u1ebfp<\/p>\n<\/li>\n<\/ul>\n<p><img fetchpriority=\"high\" decoding=\"async\" class=\"aligncenter\" src=\"https:\/\/havamall.com\/wp-content\/uploads\/2025\/06\/16606250c425fac5c8f5703f79ce91b56f78f15e53cd9a728e3d5416d87e66fc.jpg\" alt=\"Cloves (Ground) \u2013 The Spice Lab\" width=\"800\" height=\"800\" \/><\/p>\n<p data-start=\"1292\" data-end=\"1606\">N\u1ee5 \u0111inh h\u01b0\u01a1ng \u0111\u01b0\u1ee3c thu ho\u1ea1ch \u0111\u00fang \u0111\u1ed9 ch\u00edn,\u00a0<strong data-start=\"1335\" data-end=\"1378\">ph\u01a1i kh\u00f4 t\u1ef1 nhi\u00ean v\u00e0 nghi\u1ec1n m\u1ecbn t\u1ea1i \u0110\u1ee9c<\/strong>, gi\u00fap l\u01b0u gi\u1eef h\u00e0m l\u01b0\u1ee3ng tinh d\u1ea7u cao, \u0111\u1eb7c bi\u1ec7t l\u00e0\u00a0<strong data-start=\"1429\" data-end=\"1495\">eugenol \u2013 ho\u1ea1t ch\u1ea5t t\u1ea1o m\u00f9i v\u00e0 mang t\u00ednh kh\u00e1ng khu\u1ea9n \u0111\u1eb7c tr\u01b0ng<\/strong>. S\u1ea3n ph\u1ea9m\u00a0<strong data-start=\"1506\" data-end=\"1572\">kh\u00f4ng s\u1eed d\u1ee5ng ch\u1ea5t b\u1ea3o qu\u1ea3n, ph\u1ea9m m\u00e0u ho\u1eb7c h\u01b0\u01a1ng li\u1ec7u t\u1ed5ng h\u1ee3p<\/strong>, \u0111\u1ea3m b\u1ea3o \u0111\u1ed9 tinh khi\u1ebft tuy\u1ec7t \u0111\u1ed1i.<\/p>\n<p data-start=\"1632\" data-end=\"1839\">\u0110inh h\u01b0\u01a1ng c\u00f3 m\u00f9i\u00a0<strong data-start=\"1650\" data-end=\"1681\">th\u01a1m n\u1ed3ng, cay \u1ea5m, ng\u1ecdt nh\u1eb9<\/strong>, r\u1ea5t m\u1ea1nh v\u00e0 d\u1ec5 nh\u1eadn bi\u1ebft. M\u1ed9t l\u01b0\u1ee3ng nh\u1ecf c\u0169ng c\u00f3 th\u1ec3 l\u00e0m d\u1eady m\u00f9i m\u00f3n \u0103n, \u0111\u1eb7c bi\u1ec7t hi\u1ec7u qu\u1ea3 khi k\u1ebft h\u1ee3p v\u1edbi\u00a0<strong data-start=\"1789\" data-end=\"1838\">c\u00e1c nguy\u00ean li\u1ec7u b\u00e9o ho\u1eb7c n\u1ea5u l\u00e2u tr\u00ean l\u1eeda nh\u1ecf<\/strong>.<\/p>\n<p data-start=\"1632\" data-end=\"1839\"><img decoding=\"async\" class=\"aligncenter\" src=\"https:\/\/havamall.com\/wp-content\/uploads\/2026\/03\/handful-of-cloves-picked-right-off-a-tree.jpg\" alt=\"Cloves: History, Uses, and Health Benefits of This Powerful Spice\" width=\"800\" height=\"608\" \/><\/p>\n<h3><strong>C\u00d4NG D\u1ee4NG V\u00c0 L\u1ee2I \u00cdCH<\/strong><\/h3>\n<ul data-start=\"1869\" data-end=\"2206\">\n<li data-start=\"1869\" data-end=\"1950\">\n<p data-start=\"1871\" data-end=\"1950\">D\u00f9ng trong c\u00e1c m\u00f3n\u00a0<strong data-start=\"1890\" data-end=\"1948\">kho, h\u1ea7m, s\u00fap, c\u00e0 ri, s\u1ed1t n\u00e2u, n\u01b0\u1edbc d\u00f9ng, tr\u00e0 th\u1ea3o m\u1ed9c<\/strong><\/p>\n<\/li>\n<li data-start=\"1951\" data-end=\"2042\">\n<p data-start=\"1953\" data-end=\"2042\">K\u1ebft h\u1ee3p trong c\u00e1c\u00a0<strong data-start=\"1971\" data-end=\"2040\">h\u1ed7n h\u1ee3p gia v\u1ecb nh\u01b0 garam masala, pumpkin spice, mulled wine spice<\/strong><\/p>\n<\/li>\n<li data-start=\"2043\" data-end=\"2130\">\n<p data-start=\"2045\" data-end=\"2130\">Th\u00eam v\u00e0o m\u00f3n\u00a0<strong data-start=\"2058\" data-end=\"2128\">b\u00e1nh n\u01b0\u1edbng, b\u00e1nh quy, s\u1ed1t BBQ, n\u01b0\u1edbc s\u1ed1t marinara ho\u1eb7c c\u00e1c m\u00f3n chay<\/strong><\/p>\n<\/li>\n<li data-start=\"2131\" data-end=\"2206\">\n<p data-start=\"2133\" data-end=\"2206\">D\u00f9ng pha\u00a0<strong data-start=\"2142\" data-end=\"2206\">n\u01b0\u1edbc s\u00fac mi\u1ec7ng, n\u01b0\u1edbc ng\u00e2m ch\u00e2n, tr\u00e0 detox ho\u1eb7c x\u00f4ng tinh d\u1ea7u<\/strong><\/p>\n<\/li>\n<\/ul>\n<p><strong data-start=\"2211\" data-end=\"2223\">M\u1eb9o nh\u1ecf:<\/strong>\u00a0Do c\u00f3 h\u01b0\u01a1ng r\u1ea5t m\u1ea1nh, ch\u1ec9 n\u00ean d\u00f9ng l\u01b0\u1ee3ng nh\u1ecf \u0111\u1ec3 tr\u00e1nh \u00e1t m\u00f9i nguy\u00ean li\u1ec7u kh\u00e1c. C\u00f3 th\u1ec3 rang s\u01a1 v\u1edbi d\u1ea7u ho\u1eb7c b\u01a1 \u0111\u1ec3 gi\u1ea3m \u0111\u1ed9 g\u1eaft v\u00e0 l\u00e0m d\u1ecbu m\u00f9i h\u01b0\u01a1ng.<\/p>\n<p><img decoding=\"async\" class=\"aligncenter\" src=\"https:\/\/havamall.com\/wp-content\/uploads\/2026\/03\/japanese-curry-blend-971251.png\" alt=\"Japanese Curry Blend | Japanese Curry Powder \u2013 Gew\u00fcrzhaus\" width=\"800\" height=\"800\" \/><\/p>\n<h4 data-start=\"2155\" data-end=\"2184\"><span style=\"font-size: 18pt\"><strong data-start=\"2160\" data-end=\"2182\">C\u00f4ng d\u1ee5ng s\u1ee9c kh\u1ecfe<\/strong><\/span><\/h4>\n<p data-start=\"2406\" data-end=\"2522\">B\u1ed9t \u0111inh h\u01b0\u01a1ng n\u1ed5i b\u1eadt v\u1edbi h\u00e0m l\u01b0\u1ee3ng\u00a0<strong data-start=\"2443\" data-end=\"2484\">eugenol v\u00e0 c\u00e1c ch\u1ea5t ch\u1ed1ng oxy h\u00f3a cao<\/strong>, mang l\u1ea1i nhi\u1ec1u l\u1ee3i \u00edch cho s\u1ee9c kh\u1ecfe:<\/p>\n<ul data-start=\"2524\" data-end=\"2740\">\n<li data-start=\"2524\" data-end=\"2564\">\n<p data-start=\"2526\" data-end=\"2564\"><strong data-start=\"2526\" data-end=\"2562\">Kh\u00e1ng khu\u1ea9n, ch\u1ed1ng vi\u00eam t\u1ef1 nhi\u00ean<\/strong><\/p>\n<\/li>\n<li data-start=\"2565\" data-end=\"2618\">\n<p data-start=\"2567\" data-end=\"2618\">H\u1ed7 tr\u1ee3\u00a0<strong data-start=\"2574\" data-end=\"2616\">gi\u1ea3m \u0111au r\u0103ng, vi\u00eam h\u1ecdng, c\u1ea3m l\u1ea1nh nh\u1eb9<\/strong><\/p>\n<\/li>\n<li data-start=\"2619\" data-end=\"2679\">\n<p data-start=\"2621\" data-end=\"2679\">C\u00f3 th\u1ec3 gi\u00fap\u00a0<strong data-start=\"2633\" data-end=\"2677\">h\u1ed7 tr\u1ee3 ti\u00eau h\u00f3a, gi\u1ea3m \u0111\u1ea7y b\u1ee5ng, kh\u00f3 ti\u00eau<\/strong><\/p>\n<\/li>\n<li data-start=\"2680\" data-end=\"2740\">\n<p data-start=\"2682\" data-end=\"2740\">D\u00f9ng x\u00f4ng ho\u1eb7c pha tr\u00e0 gi\u00fap\u00a0<strong data-start=\"2710\" data-end=\"2740\">gi\u1ea3m stress, l\u00e0m \u1ea5m c\u01a1 th\u1ec3<\/strong><\/p>\n<\/li>\n<\/ul>\n<p><img loading=\"lazy\" decoding=\"async\" class=\"aligncenter\" src=\"https:\/\/havamall.com\/wp-content\/uploads\/2025\/06\/ST_blog_clove_24_LP.jpg\" alt=\"How to Make Clove Tea at Home for Beginners \u2013 Seven Teas\" width=\"801\" height=\"451\" \/><\/p>\n<p data-start=\"2865\" data-end=\"3109\"><strong data-start=\"2865\" data-end=\"2900\">B\u1ed9t \u0110inh H\u01b0\u01a1ng Atlas Garden 64g<\/strong>\u00a0hi\u1ec7n \u0111\u00e3 c\u00f3 m\u1eb7t t\u1ea1i\u00a0<strong data-start=\"2920\" data-end=\"2932\">Havamall<\/strong>, nh\u1eadp kh\u1ea9u ch\u00ednh ng\u1ea1ch t\u1eeb \u0110\u1ee9c, \u0111\u1ea1t chu\u1ea9n ch\u1ea5t l\u01b0\u1ee3ng ch\u00e2u \u00c2u. Th\u00eam ngay lo\u1ea1i gia v\u1ecb qu\u00fd n\u00e0y v\u00e0o c\u0103n b\u1ebfp c\u1ee7a b\u1ea1n \u2013 \u0111\u1ec3 m\u1ed7i m\u00f3n \u0103n kh\u00f4ng ch\u1ec9 th\u01a1m ngon m\u00e0 c\u00f2n gi\u00e0u gi\u00e1 tr\u1ecb s\u1ee9c kh\u1ecfe!<\/p>","protected":false},"excerpt":{"rendered":"<p>TH\u00d4NG TIN S\u1ea2N PH\u1ea8M Th\u01b0\u01a1ng hi\u1ec7u Atlas Garden Xu\u1ea5t X\u1ee9 \u0110\u1ee9c Th\u00e0nh ph\u1ea7n 100% n\u1ee5 \u0111inh h\u01b0\u01a1ng nguy\u00ean ch\u1ea5t, kh\u00f4ng<\/p>","protected":false},"featured_media":45234,"comment_status":"open","ping_status":"closed","template":"","meta":[],"product_brand":[],"product_cat":[154,595,728],"product_tag":[],"class_list":{"0":"post-40141","1":"product","2":"type-product","3":"status-publish","4":"has-post-thumbnail","6":"product_cat-gia-vi","7":"product_cat-gia-vi-va-che-bien","8":"product_cat-nhap-khau-duc","9":"pa_brand-atlas-garden","11":"first","12":"instock","13":"sale","14":"shipping-taxable","15":"purchasable","16":"product-type-simple"},"_links":{"self":[{"href":"https:\/\/havamall.com\/en\/wp-json\/wp\/v2\/product\/40141","targetHints":{"allow":["GET"]}}],"collection":[{"href":"https:\/\/havamall.com\/en\/wp-json\/wp\/v2\/product"}],"about":[{"href":"https:\/\/havamall.com\/en\/wp-json\/wp\/v2\/types\/product"}],"replies":[{"embeddable":true,"href":"https:\/\/havamall.com\/en\/wp-json\/wp\/v2\/comments?post=40141"}],"version-history":[{"count":0,"href":"https:\/\/havamall.com\/en\/wp-json\/wp\/v2\/product\/40141\/revisions"}],"wp:featuredmedia":[{"embeddable":true,"href":"https:\/\/havamall.com\/en\/wp-json\/wp\/v2\/media\/45234"}],"wp:attachment":[{"href":"https:\/\/havamall.com\/en\/wp-json\/wp\/v2\/media?parent=40141"}],"wp:term":[{"taxonomy":"product_brand","embeddable":true,"href":"https:\/\/havamall.com\/en\/wp-json\/wp\/v2\/product_brand?post=40141"},{"taxonomy":"product_cat","embeddable":true,"href":"https:\/\/havamall.com\/en\/wp-json\/wp\/v2\/product_cat?post=40141"},{"taxonomy":"product_tag","embeddable":true,"href":"https:\/\/havamall.com\/en\/wp-json\/wp\/v2\/product_tag?post=40141"}],"curies":[{"name":"wp","href":"https:\/\/api.w.org\/{rel}","templated":true}]}}