{"id":40147,"date":"2025-06-04T10:09:01","date_gmt":"2025-06-04T03:09:01","guid":{"rendered":"https:\/\/havamall.com\/?post_type=product&#038;p=40147"},"modified":"2026-03-18T14:47:06","modified_gmt":"2026-03-18T07:47:06","slug":"hat-mu-tat-atlas-garden-90g-atlas-garden-mustard-seed-90gr","status":"publish","type":"product","link":"https:\/\/havamall.com\/en\/shop\/hat-mu-tat-atlas-garden-90g-atlas-garden-mustard-seed-90gr\/","title":{"rendered":"H\u1ea1t M\u00f9 T\u1ea1t Atlas Garden 90g &#8211; Atlas Garden Mustard Seed 90gr"},"content":{"rendered":"<h3><strong>TH\u00d4NG TIN S\u1ea2N PH\u1ea8M<\/strong><\/h3>\n<table>\n<tbody>\n<tr>\n<td>Th\u01b0\u01a1ng hi\u1ec7u<\/td>\n<td>Atlas Garden<\/td>\n<\/tr>\n<tr>\n<td>Xu\u1ea5t X\u1ee9<\/td>\n<td>\u0110\u1ee9c<\/td>\n<\/tr>\n<tr>\n<td>Th\u00e0nh ph\u1ea7n<\/td>\n<td>\n<p data-start=\"1054\" data-end=\"1149\">100% H\u1ea1t m\u00f9 t\u1ea1t s\u1ea5y kh\u00f4 t\u1ef1 nhi\u00ean<\/p>\n<\/td>\n<\/tr>\n<tr>\n<td>H\u1ea1n s\u1eed d\u1ee5ng<\/td>\n<td>Xem tr\u00ean bao b\u00ec<\/td>\n<\/tr>\n<tr>\n<td>B\u1ea3o qu\u1ea3n<\/td>\n<td>N\u01a1i kh\u00f4 r\u00e1o, tho\u00e1ng m\u00e1t, tr\u00e1nh \u00e1nh n\u1eafng tr\u1ef1c ti\u1ebfp v\u00e0 nhi\u1ec7t \u0111\u1ed9 cao. \u0110\u00f3ng ch\u1eb7t n\u1eafp sau khi s\u1eed d\u1ee5ng.<\/td>\n<\/tr>\n<tr>\n<td>Kh\u1ed1i l\u01b0\u1ee3ng t\u1ecbnh<\/td>\n<td>90g<\/td>\n<\/tr>\n<\/tbody>\n<\/table>\n<h3><strong>GI\u1edaI THI\u1ec6U TH\u01af\u01a0NG HI\u1ec6U<\/strong><\/h3>\n<p data-start=\"276\" data-end=\"623\"><strong data-start=\"276\" data-end=\"292\">Atlas Garden<\/strong>\u00a0l\u00e0 th\u01b0\u01a1ng hi\u1ec7u gia v\u1ecb nh\u1eadp kh\u1ea9u t\u1eeb \u0110\u1ee9c, chuy\u00ean cung c\u1ea5p c\u00e1c lo\u1ea1i gia v\u1ecb v\u00e0 th\u1ea3o m\u1ed9c nguy\u00ean ch\u1ea5t, \u0111\u01b0\u1ee3c s\u1ea3n xu\u1ea5t theo ti\u00eau chu\u1ea9n kh\u1eaft khe c\u1ee7a ch\u00e2u \u00c2u. V\u1edbi s\u1ee9 m\u1ec7nh\u00a0<strong data-start=\"454\" data-end=\"506\">\u201cGia v\u1ecb s\u1ea1ch \u2013 H\u01b0\u01a1ng v\u1ecb chu\u1ea9n \u2013 \u1ea8m th\u1ef1c tinh t\u1ebf\u201d<\/strong>, Atlas Garden \u0111\u1ed3ng h\u00e0nh c\u00f9ng b\u1ea1n trong h\u00e0nh tr\u00ecnh t\u1ea1o n\u00ean nh\u1eefng m\u00f3n \u0103n chu\u1ea9n v\u1ecb, an to\u00e0n v\u00e0 gi\u00e0u gi\u00e1 tr\u1ecb dinh d\u01b0\u1ee1ng.<\/p>\n<p data-start=\"276\" data-end=\"623\"><img fetchpriority=\"high\" decoding=\"async\" class=\"aligncenter size-full wp-image-39319\" src=\"https:\/\/havamall.com\/wp-content\/uploads\/2025\/06\/Atlas-Logo.png\" alt=\"\" width=\"800\" height=\"420\" \/><\/p>\n<h3><strong>\u0110\u1eb6C \u0110I\u1ec2M S\u1ea2N PH\u1ea8M<\/strong><\/h3>\n<p data-start=\"670\" data-end=\"955\"><strong data-start=\"670\" data-end=\"697\">H\u1ea1t M\u00f9 T\u1ea1t Atlas Garden<\/strong>\u00a0\u0111\u01b0\u1ee3c ch\u1ecdn l\u1ecdc t\u1eeb nh\u1eefng h\u1ea1t m\u00f9 t\u1ea1t v\u00e0ng ch\u1ea5t l\u01b0\u1ee3ng cao, c\u00f3 m\u00e0u v\u00e0ng n\u00e2u s\u00e1ng \u0111\u1eb7c tr\u01b0ng,\u00a0<strong data-start=\"785\" data-end=\"816\">gi\u00f2n nh\u1eb9, th\u01a1m cay t\u1ef1 nhi\u00ean<\/strong>\u00a0v\u00e0\u00a0<strong data-start=\"820\" data-end=\"837\">gi\u00e0u tinh d\u1ea7u<\/strong>. \u0110\u00e2y l\u00e0 nguy\u00ean li\u1ec7u ph\u1ed5 bi\u1ebfn trong \u1ea9m th\u1ef1c ph\u01b0\u01a1ng T\u00e2y, \u0111\u1eb7c bi\u1ec7t trong c\u00e1c m\u00f3n n\u01b0\u1edbng, s\u1ed1t, d\u01b0a mu\u1ed1i v\u00e0 h\u1ed7n h\u1ee3p gia v\u1ecb.<\/p>\n<ul data-start=\"957\" data-end=\"1249\">\n<li data-start=\"957\" data-end=\"1027\">\n<p data-start=\"959\" data-end=\"1027\"><strong data-start=\"959\" data-end=\"995\">100% h\u1ea1t m\u00f9 t\u1ea1t v\u00e0ng nguy\u00ean ch\u1ea5t<\/strong>, kh\u00f4ng pha t\u1ea1p, kh\u00f4ng ph\u1ee5 gia<\/p>\n<\/li>\n<li data-start=\"1028\" data-end=\"1094\">\n<p data-start=\"1030\" data-end=\"1094\"><strong data-start=\"1030\" data-end=\"1092\">H\u1ea1t kh\u00f4, tr\u00f2n, th\u01a1m nh\u1eb9, cay n\u1ed3ng khi nghi\u1ec1n ho\u1eb7c n\u1ea5u ch\u00edn<\/strong><\/p>\n<\/li>\n<li data-start=\"1095\" data-end=\"1170\">\n<p data-start=\"1097\" data-end=\"1170\">C\u00f3 th\u1ec3 d\u00f9ng\u00a0<strong data-start=\"1109\" data-end=\"1168\">nguy\u00ean h\u1ea1t, nghi\u1ec1n th\u00f4 ho\u1eb7c ng\u00e2m \u0111\u1ec3 t\u1ea1o s\u1ed1t m\u00f9 t\u1ea1t t\u01b0\u01a1i<\/strong><\/p>\n<\/li>\n<li data-start=\"1171\" data-end=\"1249\">\n<p data-start=\"1173\" data-end=\"1249\"><strong data-start=\"1173\" data-end=\"1207\">\u0110\u00f3ng l\u1ecd k\u00edn \u0111\u00e1o, ti\u1ec7n b\u1ea3o qu\u1ea3n<\/strong>, d\u00f9ng \u0111\u01b0\u1ee3c l\u00e2u, th\u00edch h\u1ee3p cho m\u1ecdi c\u0103n b\u1ebfp<\/p>\n<\/li>\n<\/ul>\n<p><img decoding=\"async\" class=\"aligncenter\" src=\"https:\/\/havamall.com\/wp-content\/uploads\/2025\/06\/61e20acd543691623964a9135def95b814ac586d91e5cf60b35bf19d6271d8f5.jpg\" alt=\"Yellow Mustard Seeds Whole \u2013 The Spice Lab\" width=\"800\" height=\"800\" \/><\/p>\n<p data-start=\"1285\" data-end=\"1534\">H\u1ea1t m\u00f9 t\u1ea1t \u0111\u01b0\u1ee3c thu ho\u1ea1ch t\u1eeb v\u00f9ng nguy\u00ean li\u1ec7u s\u1ea1ch,\u00a0<strong data-start=\"1337\" data-end=\"1369\">s\u00e0ng l\u1ecdc v\u00e0 l\u00e0m kh\u00f4 t\u1ef1 nhi\u00ean<\/strong>, sau \u0111\u00f3\u00a0<strong data-start=\"1378\" data-end=\"1398\">\u0111\u00f3ng g\u00f3i t\u1ea1i \u0110\u1ee9c<\/strong>\u00a0b\u1eb1ng quy tr\u00ecnh \u0111\u1ea1t chu\u1ea9n ch\u00e2u \u00c2u. S\u1ea3n ph\u1ea9m\u00a0<strong data-start=\"1442\" data-end=\"1491\">kh\u00f4ng d\u00f9ng ch\u1ea5t b\u1ea3o qu\u1ea3n, kh\u00f4ng x\u1eed l\u00fd h\u00f3a h\u1ecdc<\/strong>, gi\u1eef nguy\u00ean m\u00f9i th\u01a1m v\u00e0 \u0111\u1ed9 cay nguy\u00ean b\u1ea3n.<\/p>\n<p data-start=\"1560\" data-end=\"1750\">H\u1ea1t m\u00f9 t\u1ea1t c\u00f3 h\u01b0\u01a1ng th\u01a1m nh\u1eb9 khi c\u00f2n nguy\u00ean, nh\u01b0ng khi\u00a0<strong data-start=\"1615\" data-end=\"1645\">nghi\u1ec1n, n\u1ea5u ho\u1eb7c ng\u00e2m n\u01b0\u1edbc<\/strong>, tinh d\u1ea7u \u0111\u01b0\u1ee3c gi\u1ea3i ph\u00f3ng v\u00e0 t\u1ea1o ra\u00a0<strong data-start=\"1682\" data-end=\"1707\">v\u1ecb cay n\u1ed3ng \u0111\u1eb7c tr\u01b0ng<\/strong>, mang \u0111\u1ebfn chi\u1ec1u s\u00e2u v\u00e0 c\u00e1 t\u00ednh cho m\u00f3n \u0103n.<\/p>\n<p data-start=\"1560\" data-end=\"1750\"><img decoding=\"async\" class=\"aligncenter wp-image-40196\" src=\"https:\/\/havamall.com\/wp-content\/uploads\/2025\/06\/Mustard-seeds.jpg\" alt=\"\" width=\"800\" height=\"1000\" srcset=\"https:\/\/havamall.com\/wp-content\/uploads\/2025\/06\/Mustard-seeds.jpg 1200w, https:\/\/havamall.com\/wp-content\/uploads\/2025\/06\/Mustard-seeds-240x300.jpg 240w, https:\/\/havamall.com\/wp-content\/uploads\/2025\/06\/Mustard-seeds-819x1024.jpg 819w, https:\/\/havamall.com\/wp-content\/uploads\/2025\/06\/Mustard-seeds-768x960.jpg 768w, https:\/\/havamall.com\/wp-content\/uploads\/2025\/06\/Mustard-seeds-10x12.jpg 10w, https:\/\/havamall.com\/wp-content\/uploads\/2025\/06\/Mustard-seeds-600x750.jpg 600w, https:\/\/havamall.com\/wp-content\/uploads\/2025\/06\/Mustard-seeds-150x188.jpg 150w\" sizes=\"(max-width: 800px) 100vw, 800px\" \/><\/p>\n<h3><strong>C\u00d4NG D\u1ee4NG V\u00c0 L\u1ee2I \u00cdCH<\/strong><\/h3>\n<ul data-start=\"1780\" data-end=\"2083\">\n<li data-start=\"1780\" data-end=\"1852\">\n<p data-start=\"1782\" data-end=\"1852\">D\u00f9ng \u0111\u1ec3\u00a0<strong data-start=\"1790\" data-end=\"1850\">\u01b0\u1edbp th\u1ecbt, c\u00e1, gia c\u1ea7m ho\u1eb7c h\u1ea3i s\u1ea3n tr\u01b0\u1edbc khi n\u01b0\u1edbng\/chi\u00ean<\/strong><\/p>\n<\/li>\n<li data-start=\"1853\" data-end=\"1924\">\n<p data-start=\"1855\" data-end=\"1924\">Th\u00eam v\u00e0o m\u00f3n\u00a0<strong data-start=\"1868\" data-end=\"1922\">d\u01b0a mu\u1ed1i, salad, s\u00fap, m\u00f3n h\u1ea7m ho\u1eb7c n\u01b0\u1edbc s\u1ed1t m\u00f9 t\u1ea1t<\/strong><\/p>\n<\/li>\n<li data-start=\"1925\" data-end=\"2004\">\n<p data-start=\"1927\" data-end=\"2004\">L\u00e0 th\u00e0nh ph\u1ea7n c\u01a1 b\u1ea3n trong\u00a0<strong data-start=\"1954\" data-end=\"2002\">n\u01b0\u1edbc s\u1ed1t Dijon, s\u1ed1t v\u00e0ng, s\u1ed1t m\u00f9 t\u1ea1t m\u1eadt ong<\/strong><\/p>\n<\/li>\n<li data-start=\"2005\" data-end=\"2083\">\n<p data-start=\"2007\" data-end=\"2083\">C\u00f3 th\u1ec3\u00a0<strong data-start=\"2014\" data-end=\"2083\">ng\u00e2m v\u1edbi gi\u1ea5m, r\u01b0\u1ee3u vang, ho\u1eb7c nghi\u1ec1n \u0111\u1ec3 l\u00e0m m\u00f9 t\u1ea1t t\u01b0\u01a1i homemade<\/strong><\/p>\n<\/li>\n<\/ul>\n<p><strong data-start=\"2088\" data-end=\"2100\">M\u1eb9o nh\u1ecf:<\/strong>\u00a0N\u01b0\u1edbng s\u01a1 h\u1ea1t m\u00f9 t\u1ea1t tr\u00ean ch\u1ea3o kh\u00f4 cho \u0111\u1ebfn khi n\u1ed5 nh\u1eb9 \u0111\u1ec3 t\u0103ng h\u01b0\u01a1ng th\u01a1m v\u00e0 l\u00e0m d\u1ecbu v\u1ecb cay g\u1eaft.<\/p>\n<p><img loading=\"lazy\" decoding=\"async\" class=\"aligncenter\" src=\"https:\/\/havamall.com\/wp-content\/uploads\/2025\/06\/simple-mustard-recipe-1327475-hero-01-5c40f8f6c9e77c00013cad0d.jpg\" alt=\"Simple Mustard Recipe With Variations\" width=\"800\" height=\"534\" \/><\/p>\n<h4 data-start=\"2155\" data-end=\"2184\"><span style=\"font-size: 18pt\"><strong data-start=\"2160\" data-end=\"2182\">C\u00f4ng d\u1ee5ng s\u1ee9c kh\u1ecfe<\/strong><\/span><\/h4>\n<p data-start=\"2231\" data-end=\"2314\">H\u1ea1t m\u00f9 t\u1ea1t kh\u00f4ng ch\u1ec9 l\u00e0 gia v\u1ecb m\u00e0 c\u00f2n l\u00e0 m\u1ed9t lo\u1ea1i\u00a0<strong data-start=\"2281\" data-end=\"2313\">th\u1ea3o m\u1ed9c c\u00f3 l\u1ee3i cho s\u1ee9c kh\u1ecfe<\/strong>:<\/p>\n<ul data-start=\"2316\" data-end=\"2601\">\n<li data-start=\"2316\" data-end=\"2384\">\n<p data-start=\"2318\" data-end=\"2384\"><strong data-start=\"2318\" data-end=\"2337\">H\u1ed7 tr\u1ee3 ti\u00eau h\u00f3a<\/strong>, k\u00edch th\u00edch enzyme ti\u00eau h\u00f3a v\u00e0 trao \u0111\u1ed5i ch\u1ea5t<\/p>\n<\/li>\n<li data-start=\"2385\" data-end=\"2456\">\n<p data-start=\"2387\" data-end=\"2456\">C\u00f3 th\u1ec3 gi\u00fap\u00a0<strong data-start=\"2399\" data-end=\"2454\">l\u00e0m \u1ea5m c\u01a1 th\u1ec3, gi\u1ea3m \u0111au nh\u1eb9 v\u00e0 kh\u00e1ng khu\u1ea9n t\u1ef1 nhi\u00ean<\/strong><\/p>\n<\/li>\n<li data-start=\"2457\" data-end=\"2526\">\n<p data-start=\"2459\" data-end=\"2526\">Ch\u1ee9a nhi\u1ec1u\u00a0<strong data-start=\"2470\" data-end=\"2492\">selen v\u00e0 magnesium<\/strong>, t\u1ed1t cho tu\u1ea7n ho\u00e0n v\u00e0 mi\u1ec5n d\u1ecbch<\/p>\n<\/li>\n<li data-start=\"2527\" data-end=\"2601\">\n<p data-start=\"2529\" data-end=\"2601\">Ph\u00f9 h\u1ee3p cho ng\u01b0\u1eddi theo\u00a0<strong data-start=\"2552\" data-end=\"2601\">ch\u1ebf \u0111\u1ed9 \u0103n low-carb, th\u1ef1c d\u01b0\u1ee1ng ho\u1eb7c eat clean<\/strong><\/p>\n<\/li>\n<\/ul>\n<p><img loading=\"lazy\" decoding=\"async\" class=\"aligncenter\" src=\"https:\/\/havamall.com\/wp-content\/uploads\/2025\/06\/k2FPhoto2FSeries2F2020-07-South-Indian-Chritra-Agrawal2FCooking20lesson20-20Tempering20spices2FShot_8_-_Finished_Tempering.jpg\" alt=\"How to Temper Spices: An Easy Step-by-Step Guide | The Kitchn\" width=\"801\" height=\"534\" \/><\/p>\n<p data-start=\"2636\" data-end=\"2887\"><strong data-start=\"2636\" data-end=\"2667\">H\u1ea1t M\u00f9 T\u1ea1t Atlas Garden 90g<\/strong>\u00a0hi\u1ec7n \u0111\u00e3 c\u00f3 m\u1eb7t t\u1ea1i\u00a0<strong data-start=\"2687\" data-end=\"2699\">Havamall<\/strong>, nh\u1eadp kh\u1ea9u ch\u00ednh ng\u1ea1ch t\u1eeb \u0110\u1ee9c, \u0111\u1ea1t chu\u1ea9n ch\u1ea5t l\u01b0\u1ee3ng ch\u00e2u \u00c2u. L\u1ef1a ch\u1ecdn ho\u00e0n h\u1ea3o \u0111\u1ec3 th\u00eam chi\u1ec1u s\u00e2u v\u00e0 c\u00e1 t\u00ednh cho m\u00f3n \u0103n c\u1ee7a b\u1ea1n \u2013 t\u1eeb salad \u0111\u1ebfn m\u00f3n n\u01b0\u1edbng, t\u1eeb d\u01b0a mu\u1ed1i \u0111\u1ebfn s\u1ed1t m\u00f9 t\u1ea1t t\u1ef1 l\u00e0m!<\/p>","protected":false},"excerpt":{"rendered":"<p>TH\u00d4NG TIN S\u1ea2N PH\u1ea8M Th\u01b0\u01a1ng hi\u1ec7u Atlas Garden Xu\u1ea5t X\u1ee9 \u0110\u1ee9c Th\u00e0nh ph\u1ea7n 100% H\u1ea1t m\u00f9 t\u1ea1t s\u1ea5y kh\u00f4 t\u1ef1<\/p>","protected":false},"featured_media":45230,"comment_status":"open","ping_status":"closed","template":"","meta":[],"product_brand":[],"product_cat":[154,595,728],"product_tag":[],"class_list":{"0":"post-40147","1":"product","2":"type-product","3":"status-publish","4":"has-post-thumbnail","6":"product_cat-gia-vi","7":"product_cat-gia-vi-va-che-bien","8":"product_cat-nhap-khau-duc","9":"pa_brand-atlas-garden","11":"first","12":"instock","13":"sale","14":"shipping-taxable","15":"purchasable","16":"product-type-simple"},"_links":{"self":[{"href":"https:\/\/havamall.com\/en\/wp-json\/wp\/v2\/product\/40147","targetHints":{"allow":["GET"]}}],"collection":[{"href":"https:\/\/havamall.com\/en\/wp-json\/wp\/v2\/product"}],"about":[{"href":"https:\/\/havamall.com\/en\/wp-json\/wp\/v2\/types\/product"}],"replies":[{"embeddable":true,"href":"https:\/\/havamall.com\/en\/wp-json\/wp\/v2\/comments?post=40147"}],"version-history":[{"count":0,"href":"https:\/\/havamall.com\/en\/wp-json\/wp\/v2\/product\/40147\/revisions"}],"wp:featuredmedia":[{"embeddable":true,"href":"https:\/\/havamall.com\/en\/wp-json\/wp\/v2\/media\/45230"}],"wp:attachment":[{"href":"https:\/\/havamall.com\/en\/wp-json\/wp\/v2\/media?parent=40147"}],"wp:term":[{"taxonomy":"product_brand","embeddable":true,"href":"https:\/\/havamall.com\/en\/wp-json\/wp\/v2\/product_brand?post=40147"},{"taxonomy":"product_cat","embeddable":true,"href":"https:\/\/havamall.com\/en\/wp-json\/wp\/v2\/product_cat?post=40147"},{"taxonomy":"product_tag","embeddable":true,"href":"https:\/\/havamall.com\/en\/wp-json\/wp\/v2\/product_tag?post=40147"}],"curies":[{"name":"wp","href":"https:\/\/api.w.org\/{rel}","templated":true}]}}