{"id":40154,"date":"2025-06-04T09:56:59","date_gmt":"2025-06-04T02:56:59","guid":{"rendered":"https:\/\/havamall.com\/?post_type=product&#038;p=40154"},"modified":"2026-03-17T15:44:43","modified_gmt":"2026-03-17T08:44:43","slug":"bot-que-atlas-garden-55g-atlas-garden-cinnamon-ground-55gr","status":"publish","type":"product","link":"https:\/\/havamall.com\/en\/shop\/bot-que-atlas-garden-55g-atlas-garden-cinnamon-ground-55gr\/","title":{"rendered":"B\u1ed9t Qu\u1ebf Atlas Garden 55g &#8211; Atlas Garden Cinnamon Ground 55gr"},"content":{"rendered":"<h3><strong>TH\u00d4NG TIN S\u1ea2N PH\u1ea8M<\/strong><\/h3>\n<table>\n<tbody>\n<tr>\n<td>Th\u01b0\u01a1ng hi\u1ec7u<\/td>\n<td>Atlas Garden<\/td>\n<\/tr>\n<tr>\n<td>Xu\u1ea5t X\u1ee9<\/td>\n<td>\u0110\u1ee9c<\/td>\n<\/tr>\n<tr>\n<td>Th\u00e0nh ph\u1ea7n<\/td>\n<td>\n<p data-start=\"1054\" data-end=\"1149\"><strong data-start=\"986\" data-end=\"1020\">100% n\u1ee5 \u0111inh h\u01b0\u01a1ng nguy\u00ean ch\u1ea5t<\/strong>, kh\u00f4ng pha tr\u1ed9n, kh\u00f4ng ph\u1ee5 gia<\/p>\n<\/td>\n<\/tr>\n<tr>\n<td>H\u1ea1n s\u1eed d\u1ee5ng<\/td>\n<td>Xem tr\u00ean bao b\u00ec<\/td>\n<\/tr>\n<tr>\n<td>B\u1ea3o qu\u1ea3n<\/td>\n<td>N\u01a1i kh\u00f4 r\u00e1o, tho\u00e1ng m\u00e1t, tr\u00e1nh \u00e1nh n\u1eafng tr\u1ef1c ti\u1ebfp v\u00e0 nhi\u1ec7t \u0111\u1ed9 cao. \u0110\u00f3ng ch\u1eb7t n\u1eafp sau khi s\u1eed d\u1ee5ng.<\/td>\n<\/tr>\n<tr>\n<td>Kh\u1ed1i l\u01b0\u1ee3ng t\u1ecbnh<\/td>\n<td>64g<\/td>\n<\/tr>\n<\/tbody>\n<\/table>\n<h3><strong>GI\u1edaI THI\u1ec6U TH\u01af\u01a0NG HI\u1ec6U<\/strong><\/h3>\n<p data-start=\"274\" data-end=\"614\"><strong data-start=\"274\" data-end=\"290\">Atlas Garden<\/strong>\u00a0l\u00e0 th\u01b0\u01a1ng hi\u1ec7u gia v\u1ecb nh\u1eadp kh\u1ea9u t\u1eeb \u0110\u1ee9c, chuy\u00ean ph\u00e2n ph\u1ed1i c\u00e1c lo\u1ea1i th\u1ea3o m\u1ed9c v\u00e0 gia v\u1ecb nguy\u00ean ch\u1ea5t, \u0111\u1ea1t chu\u1ea9n ch\u00e2u \u00c2u nghi\u00eam ng\u1eb7t. V\u1edbi s\u1ee9 m\u1ec7nh\u00a0<strong data-start=\"432\" data-end=\"484\">\u201cGia v\u1ecb s\u1ea1ch \u2013 H\u01b0\u01a1ng v\u1ecb chu\u1ea9n \u2013 \u1ea8m th\u1ef1c tinh t\u1ebf\u201d<\/strong>, Atlas Garden mang \u0111\u1ebfn s\u1ef1 an t\u00e2m v\u00e0 c\u1ea3m h\u1ee9ng cho m\u1ecdi c\u0103n b\u1ebfp hi\u1ec7n \u0111\u1ea1i, n\u01a1i ch\u1ea5t l\u01b0\u1ee3ng v\u00e0 h\u01b0\u01a1ng v\u1ecb t\u1ef1 nhi\u00ean \u0111\u01b0\u1ee3c \u0111\u1eb7t l\u00ean h\u00e0ng \u0111\u1ea7u.<\/p>\n<p data-start=\"274\" data-end=\"614\"><img fetchpriority=\"high\" decoding=\"async\" class=\"aligncenter\" src=\"https:\/\/scontent.fsgn19-1.fna.fbcdn.net\/v\/t39.30808-6\/495681171_1269157195217244_4007311986350791251_n.jpg?_nc_cat=102&amp;ccb=1-7&amp;_nc_sid=127cfc&amp;_nc_ohc=eSaEfnyaRQIQ7kNvwF91R0F&amp;_nc_oc=AdkXWBEs1yOnqC1e39qeb35wJp7Q0FGwUF_JEPZcCWGEo2_hq56MNxdQlzaSGMu-6O8xfiGb9AQMj1YfhIh0ZpV2&amp;_nc_zt=23&amp;_nc_ht=scontent.fsgn19-1.fna&amp;_nc_gid=ebPfQUrFBNd5g00xs6texg&amp;oh=00_AfLvnXt26l5778fnqrOyENqhCERbrn2cwLqesgvljVYDCg&amp;oe=684583B3\" width=\"800\" height=\"800\" \/><\/p>\n<h3><strong>\u0110\u1eb6C \u0110I\u1ec2M S\u1ea2N PH\u1ea8M<\/strong><\/h3>\n<p data-start=\"661\" data-end=\"911\"><strong data-start=\"661\" data-end=\"685\">B\u1ed9t Qu\u1ebf Atlas Garden<\/strong>\u00a0\u0111\u01b0\u1ee3c l\u00e0m t\u1eeb 100% v\u1ecf qu\u1ebf ch\u1ea5t l\u01b0\u1ee3ng cao, s\u1ea5y kh\u00f4 v\u00e0 nghi\u1ec1n m\u1ecbn, c\u00f3\u00a0<strong data-start=\"752\" data-end=\"796\">h\u01b0\u01a1ng th\u01a1m ng\u1ecdt \u1ea5m, v\u1ecb cay nh\u1eb9 \u0111\u1eb7c tr\u01b0ng<\/strong>. \u0110\u00e2y l\u00e0 gia v\u1ecb c\u1ed5 \u0111i\u1ec3n \u0111\u01b0\u1ee3c s\u1eed d\u1ee5ng r\u1ed9ng r\u00e3i trong c\u1ea3 m\u00f3n m\u1eb7n l\u1eabn m\u00f3n ng\u1ecdt, t\u1eeb \u1ea9m th\u1ef1c ph\u01b0\u01a1ng \u0110\u00f4ng \u0111\u1ebfn ph\u01b0\u01a1ng T\u00e2y.<\/p>\n<ul data-start=\"913\" data-end=\"1207\">\n<li data-start=\"913\" data-end=\"991\">\n<p data-start=\"915\" data-end=\"991\"><strong data-start=\"915\" data-end=\"942\">100% v\u1ecf qu\u1ebf nguy\u00ean ch\u1ea5t<\/strong>, kh\u00f4ng pha tr\u1ed9n, kh\u00f4ng ph\u1ea9m m\u00e0u hay h\u01b0\u01a1ng li\u1ec7u<\/p>\n<\/li>\n<li data-start=\"992\" data-end=\"1062\">\n<p data-start=\"994\" data-end=\"1062\"><strong data-start=\"994\" data-end=\"1023\">M\u00e0u n\u00e2u c\u00e1nh gi\u00e1n \u0111\u1eb9p m\u1eaft<\/strong>, m\u00f9i th\u01a1m n\u1ed3ng t\u1ef1 nhi\u00ean, h\u1eadu ng\u1ecdt \u1ea5m<\/p>\n<\/li>\n<li data-start=\"1063\" data-end=\"1139\">\n<p data-start=\"1065\" data-end=\"1139\">D\u1ea1ng\u00a0<strong data-start=\"1070\" data-end=\"1102\">b\u1ed9t m\u1ecbn d\u1ec5 d\u00f9ng, d\u1ec5 b\u1ea3o qu\u1ea3n<\/strong>, ti\u1ec7n l\u1ee3i cho m\u1ecdi c\u00f4ng th\u1ee9c n\u1ea5u \u0103n<\/p>\n<\/li>\n<li data-start=\"1140\" data-end=\"1207\">\n<p data-start=\"1142\" data-end=\"1207\">S\u1ea3n xu\u1ea5t v\u00e0 \u0111\u00f3ng g\u00f3i t\u1ea1i \u0110\u1ee9c theo quy tr\u00ecnh\u00a0<strong data-start=\"1186\" data-end=\"1207\">chu\u1ea9n h\u00f3a ch\u00e2u \u00c2u<\/strong><\/p>\n<\/li>\n<\/ul>\n<p><img decoding=\"async\" class=\"aligncenter\" src=\"https:\/\/havamall.com\/wp-content\/uploads\/2025\/06\/GettyImages-1064978608-bf1aca84a8e641bf8a6d64dd715fa8d9.jpg\" alt=\"Cinnamon: 7 Benefits, Uses, Side Effects, and More\" width=\"801\" height=\"534\" \/><\/p>\n<p data-start=\"1243\" data-end=\"1514\">V\u1ecf qu\u1ebf \u0111\u01b0\u1ee3c thu ho\u1ea1ch \u0111\u00fang tu\u1ed5i,\u00a0<strong data-start=\"1276\" data-end=\"1343\">ph\u01a1i s\u1ea5y t\u1ef1 nhi\u00ean v\u00e0 nghi\u1ec1n m\u1ecbn b\u1eb1ng c\u00f4ng ngh\u1ec7 hi\u1ec7n \u0111\u1ea1i t\u1ea1i \u0110\u1ee9c<\/strong>, gi\u00fap gi\u1eef l\u1ea1i t\u1ed1i \u0111a l\u01b0\u1ee3ng tinh d\u1ea7u v\u00e0 h\u01b0\u01a1ng th\u01a1m \u0111\u1eb7c tr\u01b0ng. Kh\u00f4ng s\u1eed d\u1ee5ng b\u1ea5t k\u1ef3\u00a0<strong data-start=\"1426\" data-end=\"1476\">ch\u1ea5t b\u1ea3o qu\u1ea3n, ph\u1ee5 gia hay h\u01b0\u01a1ng li\u1ec7u nh\u00e2n t\u1ea1o<\/strong>\u00a0n\u00e0o \u2013 \u0111\u1ea3m b\u1ea3o an to\u00e0n v\u00e0 thu\u1ea7n khi\u1ebft.<\/p>\n<p data-start=\"1540\" data-end=\"1752\">Qu\u1ebf c\u00f3\u00a0<strong data-start=\"1547\" data-end=\"1587\">m\u00f9i th\u01a1m ng\u1ecdt d\u1ecbu, cay nh\u1eb9 v\u00e0 h\u1eadu \u1ea5m<\/strong>, t\u1ea1o c\u1ea3m gi\u00e1c d\u1ec5 ch\u1ecbu, \u1ea5m \u00e1p. Khi \u0111un n\u00f3ng c\u00f9ng ch\u1ea5t b\u00e9o ho\u1eb7c \u0111\u01b0\u1eddng, h\u01b0\u01a1ng qu\u1ebf s\u1ebd lan t\u1ecfa m\u1ea1nh h\u01a1n, mang l\u1ea1i chi\u1ec1u s\u00e2u cho m\u00f3n \u0103n m\u00e0 kh\u00f4ng l\u1ea5n \u00e1t nguy\u00ean li\u1ec7u ch\u00ednh.<\/p>\n<p data-start=\"1540\" data-end=\"1752\"><img decoding=\"async\" class=\"aligncenter\" src=\"https:\/\/havamall.com\/wp-content\/uploads\/2025\/06\/Cinnamomum20verum20spices.jpg.webp\" alt=\"Cinnamon | Kew\" width=\"800\" height=\"449\" \/><\/p>\n<h3><strong>C\u00d4NG D\u1ee4NG V\u00c0 L\u1ee2I \u00cdCH<\/strong><\/h3>\n<ul>\n<li data-start=\"1782\" data-end=\"1869\">\n<p data-start=\"1784\" data-end=\"1869\">D\u00f9ng trong m\u00f3n <strong data-start=\"1799\" data-end=\"1867\">ch\u00e8, tr\u00e0 s\u1eefa, b\u00e1nh n\u01b0\u1edbng, ng\u0169 c\u1ed1c, granola, m\u1ee9t, s\u1ed1t tr\u00e1ng mi\u1ec7ng<\/strong><\/p>\n<\/li>\n<li data-start=\"1870\" data-end=\"1947\">\n<p data-start=\"1872\" data-end=\"1947\">Th\u00eam v\u00e0o m\u00f3n <strong data-start=\"1885\" data-end=\"1945\">c\u00e0 ri, s\u00fap, b\u00f2 kho, s\u1ed1t BBQ, n\u01b0\u1edbc d\u00f9ng ho\u1eb7c m\u00f3n th\u1ecbt h\u1ea7m<\/strong><\/p>\n<\/li>\n<li data-start=\"1948\" data-end=\"2026\">\n<p data-start=\"1950\" data-end=\"2026\">Pha v\u1edbi <strong data-start=\"1958\" data-end=\"1991\">tr\u00e0 g\u1eebng, m\u1eadt ong ho\u1eb7c s\u1eefa \u1ea5m<\/strong> \u0111\u1ec3 l\u00e0m th\u1ee9c u\u1ed1ng h\u1ed7 tr\u1ee3 s\u1ee9c kh\u1ecfe<\/p>\n<\/li>\n<li data-start=\"2027\" data-end=\"2113\">\n<p data-start=\"2029\" data-end=\"2113\">C\u00f3 th\u1ec3 d\u00f9ng \u0111\u1ec3 <strong data-start=\"2044\" data-end=\"2113\">\u01b0\u1edbp th\u1ecbt n\u01b0\u1edbng, l\u00e0m gia v\u1ecb kh\u00f4 ho\u1eb7c t\u1ea1o m\u00f9i cho n\u01b0\u1edbc s\u1ed1t tr\u00e1i c\u00e2y<\/strong><\/p>\n<\/li>\n<\/ul>\n<p><strong data-start=\"2118\" data-end=\"2130\">M\u1eb9o nh\u1ecf:<\/strong> Rang s\u01a1 b\u1ed9t qu\u1ebf tr\u00ean ch\u1ea3o kh\u00f4ng d\u1ea7u tr\u01b0\u1edbc khi n\u00eam \u0111\u1ec3 d\u1eady h\u01b0\u01a1ng t\u1ed1i \u0111a!<\/p>\n<p><img loading=\"lazy\" decoding=\"async\" class=\"aligncenter wp-image-40190\" src=\"https:\/\/havamall.com\/wp-content\/uploads\/2025\/06\/Blank-4-Grids-Collage-4.png\" alt=\"\" width=\"800\" height=\"800\" srcset=\"https:\/\/havamall.com\/wp-content\/uploads\/2025\/06\/Blank-4-Grids-Collage-4.png 2000w, https:\/\/havamall.com\/wp-content\/uploads\/2025\/06\/Blank-4-Grids-Collage-4-300x300.png 300w, https:\/\/havamall.com\/wp-content\/uploads\/2025\/06\/Blank-4-Grids-Collage-4-1024x1024.png 1024w, https:\/\/havamall.com\/wp-content\/uploads\/2025\/06\/Blank-4-Grids-Collage-4-150x150.png 150w, https:\/\/havamall.com\/wp-content\/uploads\/2025\/06\/Blank-4-Grids-Collage-4-768x768.png 768w, https:\/\/havamall.com\/wp-content\/uploads\/2025\/06\/Blank-4-Grids-Collage-4-12x12.png 12w, https:\/\/havamall.com\/wp-content\/uploads\/2025\/06\/Blank-4-Grids-Collage-4-600x600.png 600w, https:\/\/havamall.com\/wp-content\/uploads\/2025\/06\/Blank-4-Grids-Collage-4-1200x1200.png 1200w\" sizes=\"(max-width: 800px) 100vw, 800px\" \/><\/p>\n<h4 data-start=\"2155\" data-end=\"2184\"><span style=\"font-size: 18pt\"><strong data-start=\"2160\" data-end=\"2182\">C\u00f4ng d\u1ee5ng s\u1ee9c kh\u1ecfe<\/strong><\/span><\/h4>\n<p data-start=\"2237\" data-end=\"2347\">B\u1ed9t qu\u1ebf ch\u1ee9a nhi\u1ec1u\u00a0<strong data-start=\"2256\" data-end=\"2317\">ch\u1ea5t ch\u1ed1ng oxy h\u00f3a, polyphenol v\u00e0 tinh d\u1ea7u cinnamaldehyde<\/strong>\u00a0mang l\u1ea1i c\u00e1c l\u1ee3i \u00edch n\u1ed5i b\u1eadt:<\/p>\n<ul data-start=\"2349\" data-end=\"2588\">\n<li data-start=\"2349\" data-end=\"2406\">\n<p data-start=\"2351\" data-end=\"2406\"><strong data-start=\"2351\" data-end=\"2404\">H\u1ed7 tr\u1ee3 c\u00e2n b\u1eb1ng \u0111\u01b0\u1eddng huy\u1ebft, gi\u1ea3m cholesterol x\u1ea5u<\/strong><\/p>\n<\/li>\n<li data-start=\"2407\" data-end=\"2457\">\n<p data-start=\"2409\" data-end=\"2457\"><strong data-start=\"2409\" data-end=\"2455\">Kh\u00e1ng khu\u1ea9n, ch\u1ed1ng vi\u00eam v\u00e0 h\u1ed7 tr\u1ee3 ti\u00eau h\u00f3a<\/strong><\/p>\n<\/li>\n<li data-start=\"2458\" data-end=\"2522\">\n<p data-start=\"2460\" data-end=\"2522\">L\u00e0m \u1ea5m c\u01a1 th\u1ec3,\u00a0<strong data-start=\"2475\" data-end=\"2520\">gi\u00fap th\u01b0 gi\u00e3n v\u00e0 t\u0103ng c\u01b0\u1eddng tu\u1ea7n ho\u00e0n m\u00e1u<\/strong><\/p>\n<\/li>\n<li data-start=\"2523\" data-end=\"2588\">\n<p data-start=\"2525\" data-end=\"2588\">C\u00f3 th\u1ec3 h\u1ed7 tr\u1ee3\u00a0<strong data-start=\"2539\" data-end=\"2588\">ki\u1ec3m so\u00e1t c\u1ea3m gi\u00e1c th\u00e8m \u0103n v\u00e0 gi\u1ea3m stress nh\u1eb9<\/strong><\/p>\n<\/li>\n<\/ul>\n<p><img loading=\"lazy\" decoding=\"async\" class=\"aligncenter\" src=\"https:\/\/havamall.com\/wp-content\/uploads\/2025\/06\/52688-CinnamonToast-mfs-4X3-3562-63d21a88a17849838f730a2700c95edc.jpg\" alt=\"Cinnamon Toast\" width=\"800\" height=\"600\" \/><\/p>\n<p data-start=\"2623\" data-end=\"2872\"><strong data-start=\"2623\" data-end=\"2651\">B\u1ed9t Qu\u1ebf Atlas Garden 55g<\/strong>\u00a0hi\u1ec7n \u0111\u00e3 c\u00f3 m\u1eb7t t\u1ea1i\u00a0<strong data-start=\"2671\" data-end=\"2683\">Havamall<\/strong>, cam k\u1ebft nh\u1eadp kh\u1ea9u ch\u00ednh ng\u1ea1ch t\u1eeb \u0110\u1ee9c, kh\u00f4ng pha t\u1ea1p, kh\u00f4ng h\u00f3a ch\u1ea5t. H\u00e3y b\u1ed5 sung lo\u1ea1i gia v\u1ecb kinh \u0111i\u1ec3n n\u00e0y v\u00e0o c\u0103n b\u1ebfp c\u1ee7a b\u1ea1n \u2013 \u0111\u1ec3 m\u1ed7i m\u00f3n \u0103n kh\u00f4ng ch\u1ec9 th\u01a1m ngon m\u00e0 c\u00f2n t\u1ed1t cho s\u1ee9c kh\u1ecfe!<\/p>","protected":false},"excerpt":{"rendered":"<p>TH\u00d4NG TIN S\u1ea2N PH\u1ea8M Th\u01b0\u01a1ng hi\u1ec7u Atlas Garden Xu\u1ea5t X\u1ee9 \u0110\u1ee9c Th\u00e0nh ph\u1ea7n 100% n\u1ee5 \u0111inh h\u01b0\u01a1ng nguy\u00ean ch\u1ea5t, kh\u00f4ng<\/p>","protected":false},"featured_media":45154,"comment_status":"open","ping_status":"closed","template":"","meta":[],"product_brand":[],"product_cat":[154,595,728],"product_tag":[],"class_list":{"0":"post-40154","1":"product","2":"type-product","3":"status-publish","4":"has-post-thumbnail","6":"product_cat-gia-vi","7":"product_cat-gia-vi-va-che-bien","8":"product_cat-nhap-khau-duc","9":"pa_brand-atlas-garden","11":"first","12":"instock","13":"sale","14":"shipping-taxable","15":"purchasable","16":"product-type-simple"},"_links":{"self":[{"href":"https:\/\/havamall.com\/en\/wp-json\/wp\/v2\/product\/40154","targetHints":{"allow":["GET"]}}],"collection":[{"href":"https:\/\/havamall.com\/en\/wp-json\/wp\/v2\/product"}],"about":[{"href":"https:\/\/havamall.com\/en\/wp-json\/wp\/v2\/types\/product"}],"replies":[{"embeddable":true,"href":"https:\/\/havamall.com\/en\/wp-json\/wp\/v2\/comments?post=40154"}],"version-history":[{"count":0,"href":"https:\/\/havamall.com\/en\/wp-json\/wp\/v2\/product\/40154\/revisions"}],"wp:featuredmedia":[{"embeddable":true,"href":"https:\/\/havamall.com\/en\/wp-json\/wp\/v2\/media\/45154"}],"wp:attachment":[{"href":"https:\/\/havamall.com\/en\/wp-json\/wp\/v2\/media?parent=40154"}],"wp:term":[{"taxonomy":"product_brand","embeddable":true,"href":"https:\/\/havamall.com\/en\/wp-json\/wp\/v2\/product_brand?post=40154"},{"taxonomy":"product_cat","embeddable":true,"href":"https:\/\/havamall.com\/en\/wp-json\/wp\/v2\/product_cat?post=40154"},{"taxonomy":"product_tag","embeddable":true,"href":"https:\/\/havamall.com\/en\/wp-json\/wp\/v2\/product_tag?post=40154"}],"curies":[{"name":"wp","href":"https:\/\/api.w.org\/{rel}","templated":true}]}}