{"id":40418,"date":"2025-06-13T14:44:49","date_gmt":"2025-06-13T07:44:49","guid":{"rendered":"https:\/\/havamall.com\/?post_type=product&#038;p=40418"},"modified":"2026-03-22T13:06:38","modified_gmt":"2026-03-22T06:06:38","slug":"khan-giay-sumire-2-lop-sieu-mem-min-nhap-khau-nhat-ban-bich-150-to","status":"publish","type":"product","link":"https:\/\/havamall.com\/en\/shop\/khan-giay-sumire-2-lop-sieu-mem-min-nhap-khau-nhat-ban-bich-150-to\/","title":{"rendered":"Kh\u0103n Gi\u1ea5y SUMIRE 2 L\u1edbp Si\u00eau M\u1ec1m M\u1ecbn Nh\u1eadp Kh\u1ea9u Nh\u1eadt B\u1ea3n B\u1ecbch 150 T\u1edd"},"content":{"rendered":"<h2 class=\"product-detail__specs-title\"><strong>TH\u00d4NG TIN CHUNG<\/strong><\/h2>\n<div id=\"js-product-detail__specs\" class=\"product-detail__specs\">\n<div class=\"row\">\n<div class=\"col-sm-12\">\n<div class=\"product-specs__table\">\n<table style=\"width: 58.8381%; height: 144px;\">\n<tbody>\n<tr style=\"height: 24px;\">\n<td class=\"specs-table__property\" style=\"width: 21.8477%; height: 24px;\">Th\u01b0\u01a1ng hi\u1ec7u<\/td>\n<td class=\"specs-table__value\" style=\"width: 77.0287%; height: 24px;\">Sumire<\/td>\n<\/tr>\n<tr style=\"height: 24px;\">\n<td class=\"specs-table__property\" style=\"width: 21.8477%; height: 24px;\">Xu\u1ea5t x\u1ee9<\/td>\n<td class=\"specs-table__value\" style=\"width: 77.0287%; height: 24px;\">Vi\u1ec7t Nam<\/td>\n<\/tr>\n<tr style=\"height: 24px;\">\n<td class=\"specs-table__property\" style=\"width: 21.8477%; height: 24px;\">H\u1ea1n s\u1eed d\u1ee5ng<\/td>\n<td class=\"specs-table__value\" style=\"width: 77.0287%; height: 24px;\">3 n\u0103m k\u1ec3 t\u1eeb ng\u00e0y s\u1ea3n xu\u1ea5t<\/td>\n<\/tr>\n<tr style=\"height: 24px;\">\n<td class=\"specs-table__property\" style=\"width: 21.8477%; height: 24px;\">Th\u00e0nh ph\u1ea7n<\/td>\n<td class=\"specs-table__value\" style=\"width: 77.0287%; height: 24px;\">100% b\u1ed9t gi\u1ea5y nguy\u00ean ch\u1ea5t, kh\u00f4ng h\u00f3a ch\u1ea5t t\u1ea9y tr\u1eafng \u0111\u1ed9c h\u1ea1i<\/td>\n<\/tr>\n<tr style=\"height: 24px;\">\n<td class=\"specs-table__property\" style=\"width: 21.8477%; height: 24px;\">Quy c\u00e1ch<\/td>\n<td class=\"specs-table__value\" style=\"width: 77.0287%; height: 24px;\">G\u00f3i gi\u1ea5y m\u1ec1m d\u1ea1ng r\u00fat trung t\u00e2m &#8211; 150 t\u1edd<\/td>\n<\/tr>\n<tr style=\"height: 24px;\">\n<td style=\"width: 21.8477%; height: 24px;\">K\u00edch th\u01b0\u1edbc t\u1edd gi\u1ea5y<\/td>\n<td style=\"width: 77.0287%; height: 24px;\">200 mm x 227 mm<\/td>\n<\/tr>\n<\/tbody>\n<\/table>\n<h3 data-start=\"766\" data-end=\"805\">GI\u1edaI THI\u1ec6U V\u1ec0 TH\u01af\u01a0NG HI\u1ec6U SUMIRE<\/h3>\n<p data-start=\"807\" data-end=\"1106\"><strong data-start=\"807\" data-end=\"817\">Sumire<\/strong> \u2013 ngh\u0129a l\u00e0 \u201choa violet\u201d trong ti\u1ebfng Nh\u1eadt \u2013 l\u00e0 bi\u1ec3u t\u01b0\u1ee3ng c\u1ee7a s\u1ef1 tinh t\u1ebf, nh\u1eb9 nh\u00e0ng v\u00e0 thu\u1ea7n khi\u1ebft. L\u1ea5y c\u1ea3m h\u1ee9ng t\u1eeb phong c\u00e1ch s\u1ed1ng t\u1ed1i gi\u1ea3n, chu\u1ed9ng s\u1ef1 m\u1ec1m m\u1ea1i v\u00e0 ch\u1ea5t l\u01b0\u1ee3ng cao c\u1ee7a ng\u01b0\u1eddi Nh\u1eadt, <strong data-start=\"1011\" data-end=\"1027\">Sumire Paper<\/strong> ra \u0111\u1eddi v\u1edbi cam k\u1ebft mang \u0111\u1ebfn <strong data-start=\"1056\" data-end=\"1105\">tr\u1ea3i nghi\u1ec7m v\u1ec7 sinh nh\u1eb9 nh\u00e0ng nh\u1ea5t cho l\u00e0n da<\/strong>.<\/p>\n<p data-start=\"1186\" data-end=\"1511\"><strong>Sumire<\/strong> l\u00e0 s\u1ea3n ph\u1ea9m c\u1ee7a<strong> NITTOKU Vietnam<\/strong> \u2013 c\u00f4ng ty s\u1ea3n xu\u1ea5t gi\u1ea5y uy t\u00edn, \u0111\u01b0\u1ee3c h\u1ed7 tr\u1ee3 thi\u1ebft k\u1ebf bao b\u00ec b\u1edfi FOIS ICT PRO, m\u1ed9t \u0111\u01a1n v\u1ecb n\u1ed5i b\u1eadt trong l\u0129nh v\u1ef1c thi\u1ebft k\u1ebf c\u00f4ng nghi\u1ec7p. M\u1ed7i chi ti\u1ebft t\u1eeb ch\u1ea5t gi\u1ea5y, c\u00e1ch r\u00fat kh\u0103n cho \u0111\u1ebfn h\u1ecda ti\u1ebft tr\u00ean bao b\u00ec \u0111\u1ec1u \u0111\u01b0\u1ee3c t\u00ednh to\u00e1n \u0111\u1ec3 mang l\u1ea1i c\u1ea3m gi\u00e1c d\u1ec5 ch\u1ecbu v\u00e0 th\u00e2n thi\u1ec7n nh\u1ea5t v\u1edbi ng\u01b0\u1eddi d\u00f9ng, c\u0169ng nh\u01b0 kh\u00f4ng \u0111\u01a1n thu\u1ea7n l\u00e0 m\u1ed9t s\u1ea3n ph\u1ea9m gi\u1ea5y \u2013 \u0111\u00f3 l\u00e0 m\u1ed9t th\u00f4ng \u0111i\u1ec7p v\u1ec1 s\u1ef1 quan t\u00e2m \u0111\u1ebfn nh\u1eefng \u0111i\u1ec1u nh\u1ecf nh\u1ea5t trong cu\u1ed9c s\u1ed1ng. Khi m\u1ed9t s\u1ea3n ph\u1ea9m t\u01b0\u1edfng nh\u01b0 gi\u1ea3n d\u1ecb nh\u01b0 kh\u0103n gi\u1ea5y c\u0169ng \u0111\u01b0\u1ee3c ch\u0103m ch\u00fat t\u1ec9 m\u1ec9, th\u00ec vi\u1ec7c ch\u1ecdn n\u00f3 l\u00e0 c\u00e1ch b\u1ea1n t\u1ef1 ch\u0103m s\u00f3c b\u1ea3n th\u00e2n m\u1ed7i ng\u00e0y.<\/p>\n<p data-start=\"1186\" data-end=\"1511\"><img fetchpriority=\"high\" decoding=\"async\" class=\"aligncenter size-full wp-image-40421\" src=\"https:\/\/havamall.com\/wp-content\/uploads\/2025\/06\/kg.png\" alt=\"\" width=\"800\" height=\"800\" srcset=\"https:\/\/havamall.com\/wp-content\/uploads\/2025\/06\/kg.png 800w, https:\/\/havamall.com\/wp-content\/uploads\/2025\/06\/kg-300x300.png 300w, https:\/\/havamall.com\/wp-content\/uploads\/2025\/06\/kg-150x150.png 150w, https:\/\/havamall.com\/wp-content\/uploads\/2025\/06\/kg-768x768.png 768w, https:\/\/havamall.com\/wp-content\/uploads\/2025\/06\/kg-12x12.png 12w, https:\/\/havamall.com\/wp-content\/uploads\/2025\/06\/kg-600x600.png 600w\" sizes=\"(max-width: 800px) 100vw, 800px\" \/><\/p>\n<h3 data-start=\"1304\" data-end=\"1326\">\u0110\u1eb6C \u0110I\u1ec2M N\u1ed4I B\u1eacT<\/h3>\n<p data-start=\"2019\" data-end=\"2303\"><em><strong data-start=\"2019\" data-end=\"2063\">M\u1ec1m m\u1ea1i nh\u01b0 l\u1ee5a \u2013 d\u1ecbu nh\u1eb9 v\u1edbi m\u1ecdi l\u00e0n da<\/strong><\/em><br data-start=\"2063\" data-end=\"2066\" \/>Gi\u1ea5y Sumire \u0111\u01b0\u1ee3c l\u00e0m t\u1eeb 100% b\u1ed9t gi\u1ea5y nguy\u00ean ch\u1ea5t, kh\u00f4ng pha t\u1ea1p, kh\u00f4ng h\u00f3a ch\u1ea5t l\u00e0m tr\u1eafng. B\u1ec1 m\u1eb7t gi\u1ea5y m\u1ecbn, kh\u00f4ng s\u1ea7n, kh\u00f4ng g\u00e2y r\u00e1t \u2013 k\u1ec3 c\u1ea3 khi lau tr\u00ean nh\u1eefng v\u00f9ng da nh\u1ea1y c\u1ea3m nh\u01b0 m\u1eb7t, c\u1ed5, v\u00f9ng da quanh m\u1eaft ho\u1eb7c l\u00e0n da c\u1ee7a tr\u1ebb s\u01a1 sinh.<\/p>\n<p data-start=\"2305\" data-end=\"2701\"><em><strong data-start=\"2305\" data-end=\"2368\">Kh\u1ea3 n\u0103ng th\u1ea5m h\u00fat t\u1ed1i \u01b0u \u2013 kh\u00f4ng r\u00e1ch, kh\u00f4ng \u0111\u1ec3 l\u1ea1i x\u01a1 gi\u1ea5y<\/strong><\/em><br data-start=\"2368\" data-end=\"2371\" \/>\u0110\u00e2y l\u00e0 \u0111i\u1ec3m m\u00e0 nhi\u1ec1u ng\u01b0\u1eddi th\u01b0\u1eddng b\u1ecf qua khi ch\u1ecdn kh\u0103n gi\u1ea5y. Sumire c\u00f3 c\u1ea5u tr\u00fac gi\u1ea5y b\u1ec1n ch\u1eafc, gi\u1eef \u0111\u01b0\u1ee3c \u0111\u1ed9 dai v\u1eeba ph\u1ea3i, th\u1ea5m h\u00fat t\u1ed1t k\u1ec3 c\u1ea3 khi g\u1eb7p n\u01b0\u1edbc m\u00e0 kh\u00f4ng b\u1ecb r\u00e1ch n\u00e1t nh\u01b0 nhi\u1ec1u s\u1ea3n ph\u1ea9m r\u1ebb ti\u1ec1n kh\u00e1c. B\u1ea1n c\u00f3 th\u1ec3 d\u00f9ng kh\u0103n \u0111\u1ec3 th\u1ea5m d\u1ea7u, lau m\u1ed3 h\u00f4i, lau n\u01b0\u1edbc m\u1eaft, th\u1eadm ch\u00ed t\u1ea9y trang nh\u1eb9 \u2013 m\u00e0 kh\u00f4ng s\u1ee3 v\u1ee5n gi\u1ea5y d\u00ednh l\u1ea1i tr\u00ean da.<\/p>\n<p data-start=\"2703\" data-end=\"3029\"><em><strong data-start=\"2703\" data-end=\"2742\">Thi\u1ebft k\u1ebf bao b\u00ec th\u00f4ng minh, \u0111\u1eb9p m\u1eaft<\/strong><\/em><br data-start=\"2742\" data-end=\"2745\" \/>Bao b\u00ec d\u1ea1ng g\u00f3i n\u1eb1m ngang, v\u1edbi khe r\u00fat \u1edf gi\u1eefa gi\u00fap l\u1ea5y t\u1eebng t\u1edd gi\u1ea5y d\u1ec5 d\u00e0ng m\u00e0 kh\u00f4ng b\u1ecb d\u00ednh. G\u00f3i gi\u1ea5y m\u1ec1m, kh\u00f4ng chi\u1ebfm nhi\u1ec1u di\u1ec7n t\u00edch, ph\u00f9 h\u1ee3p \u0111\u1eb7t \u1edf b\u00e0n l\u00e0m vi\u1ec7c, trong xe \u00f4 t\u00f4, ho\u1eb7c mang \u0111i du l\u1ecbch. Hoa v\u0103n in tr\u00ean bao b\u00ec mang s\u1eafc t\u00edm nh\u1eb9 nh\u00e0ng, t\u1ea1o c\u1ea3m gi\u00e1c thanh l\u1ecbch, trang nh\u00e3.<\/p>\n<p data-start=\"3031\" data-end=\"3347\"><em><strong data-start=\"3031\" data-end=\"3079\">An to\u00e0n tuy\u1ec7t \u0111\u1ed1i cho s\u1ee9c kh\u1ecfe v\u00e0 m\u00f4i tr\u01b0\u1eddng<\/strong><\/em><br data-start=\"3079\" data-end=\"3082\" \/>Kh\u00f4ng m\u00f9i, kh\u00f4ng h\u00f3a ch\u1ea5t t\u1ea1o tr\u1eafng, kh\u00f4ng ch\u1ea5t t\u1ea9y c\u00f4ng nghi\u1ec7p. Sumire ph\u00f9 h\u1ee3p v\u1edbi m\u1ecdi \u0111\u1ed1i t\u01b0\u1ee3ng s\u1eed d\u1ee5ng, t\u1eeb tr\u1ebb nh\u1ecf, ph\u1ee5 n\u1eef mang thai cho \u0111\u1ebfn ng\u01b0\u1eddi l\u1edbn tu\u1ed5i. \u0110\u00e2y l\u00e0 l\u1ef1a ch\u1ecdn l\u00fd t\u01b0\u1edfng cho nh\u1eefng ai \u01b0u ti\u00ean s\u1ea3n ph\u1ea9m c\u00f3 ti\u00eau chu\u1ea9n cao v\u00e0 an to\u00e0n cho s\u1ee9c kh\u1ecfe l\u00e2u d\u00e0i.<\/p>\n<p data-start=\"3031\" data-end=\"3347\"><img decoding=\"async\" class=\"aligncenter size-full wp-image-40420\" src=\"https:\/\/havamall.com\/wp-content\/uploads\/2025\/06\/khan-giayyy.png\" alt=\"\" width=\"800\" height=\"800\" srcset=\"https:\/\/havamall.com\/wp-content\/uploads\/2025\/06\/khan-giayyy.png 800w, https:\/\/havamall.com\/wp-content\/uploads\/2025\/06\/khan-giayyy-300x300.png 300w, https:\/\/havamall.com\/wp-content\/uploads\/2025\/06\/khan-giayyy-150x150.png 150w, https:\/\/havamall.com\/wp-content\/uploads\/2025\/06\/khan-giayyy-768x768.png 768w, https:\/\/havamall.com\/wp-content\/uploads\/2025\/06\/khan-giayyy-12x12.png 12w, https:\/\/havamall.com\/wp-content\/uploads\/2025\/06\/khan-giayyy-600x600.png 600w\" sizes=\"(max-width: 800px) 100vw, 800px\" \/><\/p>\n<h3 data-start=\"2070\" data-end=\"2126\">V\u00cc SAO N\u00caN CH\u1eccN SUMIRE THAY V\u00cc GI\u1ea4Y TH\u00d4NG TH\u01af\u1edcNG?<\/h3>\n<div class=\"_tableContainer_16hzy_1\">\n<div class=\"_tableWrapper_16hzy_14 group flex w-fit flex-col-reverse\">\n<table class=\"w-fit min-w-(--thread-content-width)\" style=\"width: 48.2943%;\" data-start=\"2128\" data-end=\"2896\">\n<thead data-start=\"2128\" data-end=\"2235\">\n<tr data-start=\"2128\" data-end=\"2235\">\n<th style=\"width: 23.3487%;\" data-start=\"2128\" data-end=\"2155\" data-col-size=\"sm\"><strong data-start=\"2130\" data-end=\"2142\">Ti\u00eau ch\u00ed<\/strong><\/th>\n<th style=\"width: 31.7972%;\" data-start=\"2155\" data-end=\"2192\" data-col-size=\"sm\"><strong data-start=\"2157\" data-end=\"2177\">Kh\u0103n gi\u1ea5y th\u01b0\u1eddng<\/strong><\/th>\n<th style=\"width: 43.318%;\" data-start=\"2192\" data-end=\"2235\" data-col-size=\"sm\"><strong data-start=\"2194\" data-end=\"2214\">Kh\u0103n gi\u1ea5y Sumire<\/strong><\/th>\n<\/tr>\n<\/thead>\n<tbody data-start=\"2346\" data-end=\"2896\">\n<tr data-start=\"2346\" data-end=\"2455\">\n<td style=\"width: 23.3487%;\" data-start=\"2346\" data-end=\"2373\" data-col-size=\"sm\">\u0110\u1ed9 m\u1ec1m m\u1ea1i<\/td>\n<td style=\"width: 31.7972%;\" data-start=\"2373\" data-end=\"2411\" data-col-size=\"sm\">C\u1ee9ng, d\u1ec5 g\u00e2y r\u00e1t khi lau m\u1eb7t<\/td>\n<td style=\"width: 43.318%;\" data-start=\"2411\" data-end=\"2455\" data-col-size=\"sm\">Si\u00eau m\u1ec1m, m\u1ecbn, d\u1ecbu nh\u1eb9 v\u1edbi m\u1ecdi lo\u1ea1i da<\/td>\n<\/tr>\n<tr data-start=\"2456\" data-end=\"2565\">\n<td style=\"width: 23.3487%;\" data-start=\"2456\" data-end=\"2483\" data-col-size=\"sm\">Th\u1ea5m h\u00fat khi \u01b0\u1edbt<\/td>\n<td style=\"width: 31.7972%;\" data-start=\"2483\" data-end=\"2521\" data-col-size=\"sm\">D\u1ec5 r\u00e1ch, \u0111\u1ec3 l\u1ea1i v\u1ee5n gi\u1ea5y<\/td>\n<td style=\"width: 43.318%;\" data-start=\"2521\" data-end=\"2565\" data-col-size=\"sm\">B\u1ec1n, th\u1ea5m nhanh, kh\u00f4ng \u0111\u1ec3 l\u1ea1i x\u01a1<\/td>\n<\/tr>\n<tr data-start=\"2566\" data-end=\"2675\">\n<td style=\"width: 23.3487%;\" data-start=\"2566\" data-end=\"2593\" data-col-size=\"sm\">Thi\u1ebft k\u1ebf bao b\u00ec<\/td>\n<td style=\"width: 31.7972%;\" data-start=\"2593\" data-end=\"2631\" data-col-size=\"sm\">\u0110\u01a1n gi\u1ea3n, d\u1ec5 nh\u00e0u, d\u1ec5 b\u1ee5i<\/td>\n<td style=\"width: 43.318%;\" data-start=\"2631\" data-end=\"2675\" data-col-size=\"sm\">G\u00f3i \u0111\u1eb9p, s\u1ea1ch, ti\u1ec7n d\u1ee5ng, sang tr\u1ecdng<\/td>\n<\/tr>\n<tr data-start=\"2676\" data-end=\"2785\">\n<td style=\"width: 23.3487%;\" data-start=\"2676\" data-end=\"2703\" data-col-size=\"sm\">\u0110\u1ed9 an to\u00e0n<\/td>\n<td style=\"width: 31.7972%;\" data-start=\"2703\" data-end=\"2741\" data-col-size=\"sm\">C\u00f3 th\u1ec3 c\u00f3 h\u00f3a ch\u1ea5t t\u1ea9y<\/td>\n<td style=\"width: 43.318%;\" data-start=\"2741\" data-end=\"2785\" data-col-size=\"sm\">100% b\u1ed9t gi\u1ea5y nguy\u00ean ch\u1ea5t, kh\u00f4ng m\u00f9i<\/td>\n<\/tr>\n<tr data-start=\"2786\" data-end=\"2896\">\n<td style=\"width: 23.3487%;\" data-start=\"2786\" data-end=\"2813\" data-col-size=\"sm\">Tr\u1ea3i nghi\u1ec7m s\u1eed d\u1ee5ng<\/td>\n<td style=\"width: 31.7972%;\" data-start=\"2813\" data-end=\"2851\" data-col-size=\"sm\">D\u00f9ng t\u1ea1m<\/td>\n<td style=\"width: 43.318%;\" data-start=\"2851\" data-end=\"2896\" data-col-size=\"sm\">D\u00f9ng th\u00edch \u2013 mu\u1ed1n d\u00f9ng m\u00e3i<\/td>\n<\/tr>\n<\/tbody>\n<\/table>\n<p data-start=\"3969\" data-end=\"4118\"><img decoding=\"async\" class=\"aligncenter size-full wp-image-40423\" src=\"https:\/\/havamall.com\/wp-content\/uploads\/2025\/06\/kgg.png\" alt=\"\" width=\"800\" height=\"800\" srcset=\"https:\/\/havamall.com\/wp-content\/uploads\/2025\/06\/kgg.png 800w, https:\/\/havamall.com\/wp-content\/uploads\/2025\/06\/kgg-300x300.png 300w, https:\/\/havamall.com\/wp-content\/uploads\/2025\/06\/kgg-150x150.png 150w, https:\/\/havamall.com\/wp-content\/uploads\/2025\/06\/kgg-768x768.png 768w, https:\/\/havamall.com\/wp-content\/uploads\/2025\/06\/kgg-12x12.png 12w, https:\/\/havamall.com\/wp-content\/uploads\/2025\/06\/kgg-600x600.png 600w\" sizes=\"(max-width: 800px) 100vw, 800px\" \/><\/p>\n<p data-start=\"3969\" data-end=\"4118\"><strong>Kh\u0103n gi\u1ea5y Sumire Super Soft &amp; Smooth<\/strong> hi\u1ec7n \u0111\u00e3 c\u00f3 m\u1eb7t tr\u00ean <strong data-start=\"4026\" data-end=\"4041\">Havamall.com<\/strong>\u2013 n\u1ec1n t\u1ea3ng mua s\u1eafm uy t\u00edn, giao h\u00e0ng nhanh v\u00e0 \u0111\u1ea3m b\u1ea3o ch\u1ea5t l\u01b0\u1ee3ng ch\u00ednh h\u00e3ng. H\u00e3y \u0111\u1ec3 m\u1ed7i l\u1ea7n lau tay, lau m\u1eb7t hay ch\u0103m s\u00f3c da \u0111\u1ec1u tr\u1edf th\u00e0nh kho\u1ea3nh kh\u1eafc nh\u1eb9 nh\u00e0ng, d\u1ec5 ch\u1ecbu \u2013 v\u1edbi chi\u1ebfc kh\u0103n gi\u1ea5y m\u1ec1m nh\u01b0 s\u01b0\u01a1ng, m\u1ecbn nh\u01b0 l\u1ee5a t\u1eeb Sumire.<\/p>\n<\/div>\n<\/div>\n<\/div>\n<\/div>\n<\/div>\n<\/div>","protected":false},"excerpt":{"rendered":"<p>TH\u00d4NG TIN CHUNG Th\u01b0\u01a1ng hi\u1ec7u Sumire Xu\u1ea5t x\u1ee9 Vi\u1ec7t Nam H\u1ea1n s\u1eed d\u1ee5ng 3 n\u0103m k\u1ec3 t\u1eeb ng\u00e0y s\u1ea3n xu\u1ea5t<\/p>","protected":false},"featured_media":40419,"comment_status":"open","ping_status":"closed","template":"","meta":[],"product_brand":[],"product_cat":[130,35,722],"product_tag":[],"class_list":{"0":"post-40418","1":"product","2":"type-product","3":"status-publish","4":"has-post-thumbnail","6":"product_cat-khuyen-mai","7":"product_cat-nha-cua-doi-song","8":"product_cat-nhap-khau-nhat-ban","10":"first","11":"instock","12":"sale","13":"shipping-taxable","14":"purchasable","15":"product-type-simple"},"_links":{"self":[{"href":"https:\/\/havamall.com\/en\/wp-json\/wp\/v2\/product\/40418","targetHints":{"allow":["GET"]}}],"collection":[{"href":"https:\/\/havamall.com\/en\/wp-json\/wp\/v2\/product"}],"about":[{"href":"https:\/\/havamall.com\/en\/wp-json\/wp\/v2\/types\/product"}],"replies":[{"embeddable":true,"href":"https:\/\/havamall.com\/en\/wp-json\/wp\/v2\/comments?post=40418"}],"version-history":[{"count":0,"href":"https:\/\/havamall.com\/en\/wp-json\/wp\/v2\/product\/40418\/revisions"}],"wp:featuredmedia":[{"embeddable":true,"href":"https:\/\/havamall.com\/en\/wp-json\/wp\/v2\/media\/40419"}],"wp:attachment":[{"href":"https:\/\/havamall.com\/en\/wp-json\/wp\/v2\/media?parent=40418"}],"wp:term":[{"taxonomy":"product_brand","embeddable":true,"href":"https:\/\/havamall.com\/en\/wp-json\/wp\/v2\/product_brand?post=40418"},{"taxonomy":"product_cat","embeddable":true,"href":"https:\/\/havamall.com\/en\/wp-json\/wp\/v2\/product_cat?post=40418"},{"taxonomy":"product_tag","embeddable":true,"href":"https:\/\/havamall.com\/en\/wp-json\/wp\/v2\/product_tag?post=40418"}],"curies":[{"name":"wp","href":"https:\/\/api.w.org\/{rel}","templated":true}]}}