{"id":40849,"date":"2025-06-26T11:29:49","date_gmt":"2025-06-26T04:29:49","guid":{"rendered":"https:\/\/havamall.com\/?post_type=product&#038;p=40849"},"modified":"2025-11-14T15:50:16","modified_gmt":"2025-11-14T08:50:16","slug":"kem-whipping-sua-beo-avonmore-1l-avonmore-performance-whipping-cream","status":"publish","type":"product","link":"https:\/\/havamall.com\/en\/shop\/kem-whipping-sua-beo-avonmore-1l-avonmore-performance-whipping-cream\/","title":{"rendered":"Kem Whipping S\u1eefa B\u00e9o Avonmore 1L \u2013 Avonmore Performance Whipping Cream"},"content":{"rendered":"<h3 data-start=\"332\" data-end=\"354\">TH\u00d4NG TIN S\u1ea2N PH\u1ea8M<\/h3>\n<div class=\"_tableContainer_16hzy_1\">\n<div class=\"_tableWrapper_16hzy_14 group flex w-fit flex-col-reverse\">\n<table class=\"w-fit min-w-(--thread-content-width)\" style=\"width: 62.2161%\" data-start=\"356\" data-end=\"976\">\n<thead data-start=\"356\" data-end=\"423\">\n<tr data-start=\"356\" data-end=\"423\">\n<th style=\"width: 17.717%\" data-start=\"356\" data-end=\"380\" data-col-size=\"sm\"><strong data-start=\"358\" data-end=\"373\">Th\u01b0\u01a1ng hi\u1ec7u<\/strong><\/th>\n<th style=\"width: 81.4507%\" data-start=\"380\" data-end=\"423\" data-col-size=\"md\">Avonmore (Ireland)<\/th>\n<\/tr>\n<\/thead>\n<tbody data-start=\"492\" data-end=\"976\">\n<tr data-start=\"492\" data-end=\"559\">\n<td style=\"width: 17.717%\" data-start=\"492\" data-end=\"516\" data-col-size=\"sm\"><strong data-start=\"494\" data-end=\"505\">Xu\u1ea5t x\u1ee9<\/strong><\/td>\n<td style=\"width: 81.4507%\" data-col-size=\"md\" data-start=\"516\" data-end=\"559\">Ireland (Nh\u1eadp kh\u1ea9u ch\u00e2u \u00c2u)<\/td>\n<\/tr>\n<tr data-start=\"560\" data-end=\"640\">\n<td style=\"width: 17.717%\" data-start=\"560\" data-end=\"584\" data-col-size=\"sm\"><strong data-start=\"562\" data-end=\"576\">Th\u00e0nh ph\u1ea7n<\/strong><\/td>\n<td style=\"width: 81.4507%\" data-col-size=\"md\" data-start=\"584\" data-end=\"640\">Kem s\u1eefa t\u00e1ch t\u1eeb s\u1eefa b\u00f2 t\u01b0\u01a1i, ch\u1ee9a 35.5% ch\u1ea5t b\u00e9o s\u1eefa<\/td>\n<\/tr>\n<tr data-start=\"641\" data-end=\"708\">\n<td style=\"width: 17.717%\" data-start=\"641\" data-end=\"665\" data-col-size=\"sm\"><strong data-start=\"643\" data-end=\"658\">H\u1ea1n s\u1eed d\u1ee5ng<\/strong><\/td>\n<td style=\"width: 81.4507%\" data-col-size=\"md\" data-start=\"665\" data-end=\"708\">9 th\u00e1ng k\u1ec3 t\u1eeb ng\u00e0y s\u1ea3n xu\u1ea5t<\/td>\n<\/tr>\n<tr data-start=\"709\" data-end=\"828\">\n<td style=\"width: 17.717%\" data-start=\"709\" data-end=\"733\" data-col-size=\"sm\"><strong data-start=\"711\" data-end=\"728\">C\u00e1ch b\u1ea3o qu\u1ea3n<\/strong><\/td>\n<td style=\"width: 81.4507%\" data-col-size=\"md\" data-start=\"733\" data-end=\"828\">B\u1ea3o qu\u1ea3n n\u01a1i tho\u00e1ng m\u00e1t, tr\u00e1nh \u00e1nh n\u1eafng. Sau khi m\u1edf, gi\u1eef l\u1ea1nh d\u01b0\u1edbi 4\u00b0C v\u00e0 d\u00f9ng trong 3 ng\u00e0y<\/td>\n<\/tr>\n<tr data-start=\"829\" data-end=\"900\">\n<td style=\"width: 17.717%\" data-start=\"829\" data-end=\"853\" data-col-size=\"sm\"><strong data-start=\"831\" data-end=\"852\">Quy c\u00e1ch \u0111\u00f3ng g\u00f3i<\/strong><\/td>\n<td style=\"width: 81.4507%\" data-col-size=\"md\" data-start=\"853\" data-end=\"900\">H\u1ed9p gi\u1ea5y ti\u1ec7t tr\u00f9ng 1L, c\u00f3 n\u1eafp v\u1eb7n ti\u1ec7n l\u1ee3i<\/td>\n<\/tr>\n<tr data-start=\"901\" data-end=\"976\">\n<td style=\"width: 17.717%\" data-start=\"901\" data-end=\"925\" data-col-size=\"sm\"><strong data-start=\"903\" data-end=\"917\">Khuy\u1ebfn c\u00e1o<\/strong><\/td>\n<td style=\"width: 81.4507%\" data-col-size=\"md\" data-start=\"925\" data-end=\"976\">Kh\u00f4ng d\u00f9ng cho ng\u01b0\u1eddi d\u1ecb \u1ee9ng s\u1eefa b\u00f2 ho\u1eb7c lactose<\/td>\n<\/tr>\n<\/tbody>\n<\/table>\n<p data-start=\"1056\" data-end=\"1410\">Trong th\u1ebf gi\u1edbi l\u00e0m b\u00e1nh v\u00e0 pha ch\u1ebf hi\u1ec7n \u0111\u1ea1i, m\u1ed9t s\u1ea3n ph\u1ea9m kem whipping kh\u00f4ng ch\u1ec9 c\u1ea7n ngon m\u00e0 c\u00f2n ph\u1ea3i\u00a0<strong data-start=\"1158\" data-end=\"1187\">\u0111\u1ea3m b\u1ea3o hi\u1ec7u su\u1ea5t \u1ed5n \u0111\u1ecbnh<\/strong>, d\u1ec5 \u0111\u00e1nh b\u00f4ng, gi\u1eef phom l\u00e2u v\u00e0 th\u00edch \u1ee9ng v\u1edbi nhi\u1ec1u c\u00f4ng th\u1ee9c kh\u00e1c nhau. \u0110\u00f3 ch\u00ednh l\u00e0 l\u00fd do\u00a0<strong data-start=\"1278\" data-end=\"1311\">Kem Whipping S\u1eefa B\u00e9o Avonmore<\/strong>\u00a0tr\u1edf th\u00e0nh l\u1ef1a ch\u1ecdn tin c\u1eady c\u1ee7a \u0111\u1ea7u b\u1ebfp, th\u1ee3 l\u00e0m b\u00e1nh v\u00e0 barista t\u1ea1i h\u01a1n 80 qu\u1ed1c gia tr\u00ean th\u1ebf gi\u1edbi.<\/p>\n<p data-start=\"1056\" data-end=\"1410\"><img fetchpriority=\"high\" decoding=\"async\" class=\"aligncenter wp-image-40852\" src=\"https:\/\/havamall.com\/wp-content\/uploads\/2025\/06\/483754248_961915709416095_3566302739389341589_n.jpg\" alt=\"\" width=\"851\" height=\"851\" srcset=\"https:\/\/havamall.com\/wp-content\/uploads\/2025\/06\/483754248_961915709416095_3566302739389341589_n.jpg 1080w, https:\/\/havamall.com\/wp-content\/uploads\/2025\/06\/483754248_961915709416095_3566302739389341589_n-300x300.jpg 300w, https:\/\/havamall.com\/wp-content\/uploads\/2025\/06\/483754248_961915709416095_3566302739389341589_n-1024x1024.jpg 1024w, https:\/\/havamall.com\/wp-content\/uploads\/2025\/06\/483754248_961915709416095_3566302739389341589_n-150x150.jpg 150w, https:\/\/havamall.com\/wp-content\/uploads\/2025\/06\/483754248_961915709416095_3566302739389341589_n-768x768.jpg 768w, https:\/\/havamall.com\/wp-content\/uploads\/2025\/06\/483754248_961915709416095_3566302739389341589_n-12x12.jpg 12w, https:\/\/havamall.com\/wp-content\/uploads\/2025\/06\/483754248_961915709416095_3566302739389341589_n-600x600.jpg 600w\" sizes=\"(max-width: 851px) 100vw, 851px\" \/><\/p>\n<p data-start=\"1412\" data-end=\"1645\">\u0110\u01b0\u1ee3c s\u1ea3n xu\u1ea5t t\u1eeb s\u1eefa b\u00f2 t\u01b0\u01a1i ch\u00e2u \u00c2u, h\u00e0m l\u01b0\u1ee3ng b\u00e9o chu\u1ea9n 35.5%, Avonmore kh\u00f4ng ch\u1ec9 \u0111\u00e1p \u1ee9ng nhu c\u1ea7u v\u1ec1 k\u1ebft c\u1ea5u m\u00e0 c\u00f2n mang \u0111\u1ebfn v\u1ecb s\u1eefa th\u01a1m ngon t\u1ef1 nhi\u00ean \u2013 th\u1ee9 t\u1ea1o n\u00ean d\u1ea5u \u1ea5n ri\u00eang cho t\u1eebng chi\u1ebfc b\u00e1nh, t\u00e1ch c\u00e0 ph\u00ea hay m\u00f3n tr\u00e1ng mi\u1ec7ng. <strong data-start=\"1701\" data-end=\"1713\">Avonmore<\/strong> l\u00e0 th\u01b0\u01a1ng hi\u1ec7u s\u1eefa n\u1ed5i ti\u1ebfng \u0111\u1ebfn t\u1eeb Ireland, thu\u1ed9c t\u1eadp \u0111o\u00e0n Glanbia \u2013 m\u1ed9t trong nh\u1eefng t\u1eadp \u0111o\u00e0n dinh d\u01b0\u1ee1ng l\u1edbn nh\u1ea5t th\u1ebf gi\u1edbi. V\u1edbi l\u1ecbch s\u1eed h\u01a1n 50 n\u0103m trong ng\u00e0nh s\u1eefa, Avonmore s\u1edf h\u1eefu ngu\u1ed3n nguy\u00ean li\u1ec7u \u0111\u1ea7u v\u00e0o \u0111\u1ea1t ti\u00eau chu\u1ea9n ch\u00e2u \u00c2u, t\u1eeb nh\u1eefng n\u00f4ng tr\u1ea1i b\u00f2 s\u1eefa nu\u00f4i t\u1ef1 nhi\u00ean kh\u00f4ng hormone, kh\u00f4ng ch\u1ea5t t\u0103ng tr\u01b0\u1edfng. S\u1ea3n ph\u1ea9m Avonmore \u0111\u1eb7c bi\u1ec7t n\u1ed5i b\u1eadt t\u1ea1i th\u1ecb tr\u01b0\u1eddng chuy\u00ean nghi\u1ec7p nh\u1edd ch\u1ea5t l\u01b0\u1ee3ng \u1ed5n \u0111\u1ecbnh cao, \u0111\u1ea1t ch\u1ee9ng nh\u1eadn an to\u00e0n th\u1ef1c ph\u1ea9m qu\u1ed1c t\u1ebf v\u00e0 \u0111\u01b0\u1ee3c tin d\u00f9ng t\u1ea1i nhi\u1ec1u chu\u1ed7i nh\u00e0 h\u00e0ng, kh\u00e1ch s\u1ea1n 4\u20135 sao.<\/p>\n<p data-start=\"1412\" data-end=\"1645\"><img decoding=\"async\" class=\"aligncenter\" src=\"https:\/\/havamall.com\/wp-content\/uploads\/2025\/06\/Avonmore-E0B980E0B8ADE0B8A7E0B8ADE0B899E0B8A1E0B8ADE0B8A3E0B98C-1.webp\" alt=\"Avonmore - Jagota\" width=\"850\" height=\"549\" \/><\/p>\n<p data-start=\"2291\" data-end=\"2605\"><strong data-start=\"2291\" data-end=\"2316\">Kem Whipping Avonmore<\/strong>\u00a0\u0111\u01b0\u1ee3c x\u1eed l\u00fd b\u1eb1ng c\u00f4ng ngh\u1ec7 UHT (ti\u1ec7t tr\u00f9ng nhi\u1ec7t \u0111\u1ed9 cao) gi\u00fap b\u1ea3o qu\u1ea3n l\u00e2u \u1edf nhi\u1ec7t \u0111\u1ed9 ph\u00f2ng m\u00e0 v\u1eabn gi\u1eef nguy\u00ean h\u01b0\u01a1ng v\u1ecb v\u00e0 k\u1ebft c\u1ea5u. V\u1edbi\u00a0<strong data-start=\"2451\" data-end=\"2473\">35.5% ch\u1ea5t b\u00e9o s\u1eefa<\/strong>, s\u1ea3n ph\u1ea9m d\u1ec5 d\u00e0ng \u0111\u00e1nh b\u00f4ng nhanh ch\u00f3ng, t\u1ea1o kh\u1ed1i b\u1ecdt kem d\u1ebbo, m\u1ecbn, v\u00e0 \u0111\u1eb7c bi\u1ec7t\u00a0<strong data-start=\"2554\" data-end=\"2604\">gi\u1eef phom l\u00e2u ngay c\u1ea3 khi kh\u00f4ng d\u00f9ng stabilizer<\/strong>.<\/p>\n<p data-start=\"2607\" data-end=\"2950\">Ch\u1ea5t kem sau khi \u0111\u00e1nh m\u1ecbn, b\u00f3ng, kh\u00f4ng ch\u1ea3y n\u01b0\u1edbc nhanh, c\u00f3 th\u1ec3 d\u00f9ng tr\u1ef1c ti\u1ebfp \u0111\u1ec3 b\u1eaft b\u00f4ng trang tr\u00ed b\u00e1nh ho\u1eb7c l\u00e0m l\u1edbp ph\u1ee7 topping. V\u1ecb kem th\u01a1m ng\u1eady nh\u01b0ng kh\u00f4ng ng\u1ecdt s\u1eb5n, gi\u00fap d\u1ec5 d\u00e0ng \u0111i\u1ec1u ch\u1ec9nh theo kh\u1ea9u v\u1ecb v\u00e0 c\u00f4ng th\u1ee9c ri\u00eang. \u0110\u00e2y c\u0169ng l\u00e0 d\u00f2ng whipping l\u00fd t\u01b0\u1edfng \u0111\u1ec3 l\u00e0m mousse, panna cotta, s\u1ed1t kem ho\u1eb7c d\u00f9ng trong pha ch\u1ebf cold brew cream foam.<\/p>\n<p data-start=\"2607\" data-end=\"2950\"><img decoding=\"async\" class=\"aligncenter wp-image-40853\" src=\"https:\/\/havamall.com\/wp-content\/uploads\/2025\/06\/MarshmallowWhippedCream_HERO_093021_21487-scaled.webp\" alt=\"\" width=\"852\" height=\"568\" srcset=\"https:\/\/havamall.com\/wp-content\/uploads\/2025\/06\/MarshmallowWhippedCream_HERO_093021_21487-scaled.webp 2560w, https:\/\/havamall.com\/wp-content\/uploads\/2025\/06\/MarshmallowWhippedCream_HERO_093021_21487-300x200.webp 300w, https:\/\/havamall.com\/wp-content\/uploads\/2025\/06\/MarshmallowWhippedCream_HERO_093021_21487-1024x683.webp 1024w, https:\/\/havamall.com\/wp-content\/uploads\/2025\/06\/MarshmallowWhippedCream_HERO_093021_21487-768x512.webp 768w, https:\/\/havamall.com\/wp-content\/uploads\/2025\/06\/MarshmallowWhippedCream_HERO_093021_21487-18x12.webp 18w, https:\/\/havamall.com\/wp-content\/uploads\/2025\/06\/MarshmallowWhippedCream_HERO_093021_21487-600x400.webp 600w, https:\/\/havamall.com\/wp-content\/uploads\/2025\/06\/MarshmallowWhippedCream_HERO_093021_21487-1200x800.webp 1200w, https:\/\/havamall.com\/wp-content\/uploads\/2025\/06\/MarshmallowWhippedCream_HERO_093021_21487-150x100.webp 150w\" sizes=\"(max-width: 852px) 100vw, 852px\" \/><\/p>\n<h3 data-start=\"2957\" data-end=\"3005\">C\u00e1ch s\u1eed d\u1ee5ng \u2013 linh ho\u1ea1t t\u1eeb b\u00e1nh \u0111\u1ebfn \u0111\u1ed3 u\u1ed1ng<\/h3>\n<p data-start=\"3007\" data-end=\"3232\">Tr\u01b0\u1edbc khi s\u1eed d\u1ee5ng, n\u00ean\u00a0<strong data-start=\"3030\" data-end=\"3060\">l\u00e0m l\u1ea1nh s\u1ea3n ph\u1ea9m t\u1eeb 4\u20137\u00b0C<\/strong>, sau \u0111\u00f3 d\u00f9ng m\u00e1y \u0111\u00e1nh tr\u1ee9ng \u1edf t\u1ed1c \u0111\u1ed9 trung b\u00ecnh\u2013cao cho \u0111\u1ebfn khi \u0111\u1ea1t \u0111\u1ed9 b\u00f4ng mong mu\u1ed1n (soft peak ho\u1eb7c stiff peak). C\u00f3 th\u1ec3 \u0111\u00e1nh c\u00f9ng \u0111\u01b0\u1eddng, vani ho\u1eb7c gelatin t\u00f9y c\u00f4ng th\u1ee9c.<\/p>\n<ul>\n<li data-start=\"3234\" data-end=\"3404\">Kem \u0111\u00e1nh xong n\u00ean d\u00f9ng ngay ho\u1eb7c b\u1ea3o qu\u1ea3n l\u1ea1nh ng\u1eafn h\u1ea1n (d\u01b0\u1edbi 4\u00b0C). N\u1ebfu d\u00f9ng trong pha ch\u1ebf, c\u00f3 th\u1ec3 \u0111\u00e1nh s\u1eb5n \u0111\u1ec3 t\u1ea1o foam kem m\u1ecbn cho c\u00e0 ph\u00ea \u0111\u00e1, matcha latte ho\u1eb7c soda kem.<\/li>\n<li data-start=\"3406\" data-end=\"3554\">Kh\u00f4ng ch\u1ec9 d\u00f9ng trong b\u00e1nh kem hay b\u00e1nh mousse, s\u1ea3n ph\u1ea9m c\u00f2n c\u00f3 th\u1ec3 d\u00f9ng \u0111\u1ec3 l\u00e0m n\u01b0\u1edbc s\u1ed1t b\u00e9o cho pasta, s\u00fap, hay c\u00e1c m\u00f3n \u00c2u c\u1ea7n \u0111\u1ed9 b\u00e9o ng\u1eady t\u1ef1 nhi\u00ean.<\/li>\n<\/ul>\n<p><img loading=\"lazy\" decoding=\"async\" class=\"aligncenter wp-image-40854\" src=\"https:\/\/havamall.com\/wp-content\/uploads\/2025\/06\/83e809921fb5ec84913b4b6c8431cf992956a1ba.webp\" alt=\"\" width=\"850\" height=\"1062\" srcset=\"https:\/\/havamall.com\/wp-content\/uploads\/2025\/06\/83e809921fb5ec84913b4b6c8431cf992956a1ba.webp 2000w, https:\/\/havamall.com\/wp-content\/uploads\/2025\/06\/83e809921fb5ec84913b4b6c8431cf992956a1ba-240x300.webp 240w, https:\/\/havamall.com\/wp-content\/uploads\/2025\/06\/83e809921fb5ec84913b4b6c8431cf992956a1ba-819x1024.webp 819w, https:\/\/havamall.com\/wp-content\/uploads\/2025\/06\/83e809921fb5ec84913b4b6c8431cf992956a1ba-768x960.webp 768w, https:\/\/havamall.com\/wp-content\/uploads\/2025\/06\/83e809921fb5ec84913b4b6c8431cf992956a1ba-10x12.webp 10w, https:\/\/havamall.com\/wp-content\/uploads\/2025\/06\/83e809921fb5ec84913b4b6c8431cf992956a1ba-600x750.webp 600w, https:\/\/havamall.com\/wp-content\/uploads\/2025\/06\/83e809921fb5ec84913b4b6c8431cf992956a1ba-1200x1500.webp 1200w, https:\/\/havamall.com\/wp-content\/uploads\/2025\/06\/83e809921fb5ec84913b4b6c8431cf992956a1ba-150x188.webp 150w\" sizes=\"(max-width: 850px) 100vw, 850px\" \/><\/p>\n<p data-start=\"3872\" data-end=\"4018\"><strong data-start=\"3872\" data-end=\"4018\">S\u1ea3n ph\u1ea9m hi\u1ec7n \u0111\u00e3 c\u00f3 m\u1eb7t t\u1ea1i Havamall \u2013 m\u1eddi b\u1ea1n tr\u1ea3i nghi\u1ec7m v\u00e0 n\u00e2ng t\u1ea7m m\u00f3n tr\u00e1ng mi\u1ec7ng c\u0169ng nh\u01b0 \u0111\u1ed3 u\u1ed1ng c\u1ee7a m\u00ecnh v\u1edbi ch\u1ea5t l\u01b0\u1ee3ng chu\u1ea9n ch\u00e2u \u00c2u.<\/strong><\/p>\n<\/div>\n<\/div>","protected":false},"excerpt":{"rendered":"<p>TH\u00d4NG TIN S\u1ea2N PH\u1ea8M Th\u01b0\u01a1ng hi\u1ec7u Avonmore (Ireland) Xu\u1ea5t x\u1ee9 Ireland (Nh\u1eadp kh\u1ea9u ch\u00e2u \u00c2u) Th\u00e0nh ph\u1ea7n Kem s\u1eefa t\u00e1ch<\/p>","protected":false},"featured_media":40850,"comment_status":"open","ping_status":"closed","template":"","meta":[],"product_brand":[],"product_cat":[730,255,131,275],"product_tag":[],"class_list":{"0":"post-40849","1":"product","2":"type-product","3":"status-publish","4":"has-post-thumbnail","6":"product_cat-cac-nuoc-khac","7":"product_cat-nguyen-lieu-lam-banh","8":"product_cat-nguyen-lieu-lam-bep","9":"product_cat-thuc-pham-dong-lanh","11":"first","12":"outofstock","13":"sale","14":"shipping-taxable","15":"purchasable","16":"product-type-simple"},"_links":{"self":[{"href":"https:\/\/havamall.com\/en\/wp-json\/wp\/v2\/product\/40849","targetHints":{"allow":["GET"]}}],"collection":[{"href":"https:\/\/havamall.com\/en\/wp-json\/wp\/v2\/product"}],"about":[{"href":"https:\/\/havamall.com\/en\/wp-json\/wp\/v2\/types\/product"}],"replies":[{"embeddable":true,"href":"https:\/\/havamall.com\/en\/wp-json\/wp\/v2\/comments?post=40849"}],"version-history":[{"count":0,"href":"https:\/\/havamall.com\/en\/wp-json\/wp\/v2\/product\/40849\/revisions"}],"wp:featuredmedia":[{"embeddable":true,"href":"https:\/\/havamall.com\/en\/wp-json\/wp\/v2\/media\/40850"}],"wp:attachment":[{"href":"https:\/\/havamall.com\/en\/wp-json\/wp\/v2\/media?parent=40849"}],"wp:term":[{"taxonomy":"product_brand","embeddable":true,"href":"https:\/\/havamall.com\/en\/wp-json\/wp\/v2\/product_brand?post=40849"},{"taxonomy":"product_cat","embeddable":true,"href":"https:\/\/havamall.com\/en\/wp-json\/wp\/v2\/product_cat?post=40849"},{"taxonomy":"product_tag","embeddable":true,"href":"https:\/\/havamall.com\/en\/wp-json\/wp\/v2\/product_tag?post=40849"}],"curies":[{"name":"wp","href":"https:\/\/api.w.org\/{rel}","templated":true}]}}