{"id":40895,"date":"2025-07-02T11:22:55","date_gmt":"2025-07-02T04:22:55","guid":{"rendered":"https:\/\/havamall.com\/?post_type=product&#038;p=40895"},"modified":"2025-07-02T11:24:57","modified_gmt":"2025-07-02T04:24:57","slug":"mien-soi-lon-ottogi-400g-ottogi-wide-vermicelli-400g","status":"publish","type":"product","link":"https:\/\/havamall.com\/en\/shop\/mien-soi-lon-ottogi-400g-ottogi-wide-vermicelli-400g\/","title":{"rendered":"Mi\u1ebfn S\u1ee3i L\u1edbn Ottogi 400g \u2013 Ottogi Wide Vermicelli 400g"},"content":{"rendered":"<h3 data-start=\"340\" data-end=\"362\">TH\u00d4NG TIN S\u1ea2N PH\u1ea8M<\/h3>\n<div class=\"_tableContainer_80l1q_1\">\n<div class=\"_tableWrapper_80l1q_14 group flex w-fit flex-col-reverse\">\n<table class=\"w-fit min-w-(--thread-content-width)\" style=\"width: 49.4724%;height: 214px\" data-start=\"364\" data-end=\"1029\">\n<thead data-start=\"364\" data-end=\"436\">\n<tr data-start=\"364\" data-end=\"436\">\n<th style=\"text-align: left\" data-start=\"364\" data-end=\"389\" data-col-size=\"sm\"><strong data-start=\"366\" data-end=\"381\">Th\u01b0\u01a1ng hi\u1ec7u<\/strong><\/th>\n<th style=\"text-align: left\" data-start=\"389\" data-end=\"436\" data-col-size=\"md\">Ottogi<\/th>\n<\/tr>\n<\/thead>\n<tbody data-start=\"511\" data-end=\"1029\">\n<tr data-start=\"511\" data-end=\"584\">\n<td data-start=\"511\" data-end=\"536\" data-col-size=\"sm\"><strong data-start=\"513\" data-end=\"524\">Xu\u1ea5t x\u1ee9<\/strong><\/td>\n<td data-start=\"536\" data-end=\"584\" data-col-size=\"md\">H\u00e0n Qu\u1ed1c<\/td>\n<\/tr>\n<tr data-start=\"585\" data-end=\"657\">\n<td data-start=\"585\" data-end=\"610\" data-col-size=\"sm\"><strong data-start=\"587\" data-end=\"601\">Th\u00e0nh ph\u1ea7n<\/strong><\/td>\n<td data-start=\"610\" data-end=\"657\" data-col-size=\"md\">Tinh b\u1ed9t khoai lang 100%<\/td>\n<\/tr>\n<tr data-start=\"658\" data-end=\"730\">\n<td data-start=\"658\" data-end=\"683\" data-col-size=\"sm\"><strong data-start=\"660\" data-end=\"675\">H\u1ea1n s\u1eed d\u1ee5ng<\/strong><\/td>\n<td data-start=\"683\" data-end=\"730\" data-col-size=\"md\">24 th\u00e1ng k\u1ec3 t\u1eeb ng\u00e0y s\u1ea3n xu\u1ea5t<\/td>\n<\/tr>\n<tr data-start=\"731\" data-end=\"809\">\n<td data-start=\"731\" data-end=\"756\" data-col-size=\"sm\"><strong data-start=\"733\" data-end=\"745\">B\u1ea3o qu\u1ea3n<\/strong><\/td>\n<td data-start=\"756\" data-end=\"809\" data-col-size=\"md\">N\u01a1i kh\u00f4 r\u00e1o, tho\u00e1ng m\u00e1t, tr\u00e1nh \u00e1nh n\u1eafng tr\u1ef1c ti\u1ebfp<\/td>\n<\/tr>\n<tr data-start=\"810\" data-end=\"883\">\n<td data-start=\"810\" data-end=\"835\" data-col-size=\"sm\"><strong data-start=\"812\" data-end=\"831\">Kh\u1ed1i l\u01b0\u1ee3ng t\u1ecbnh<\/strong><\/td>\n<td data-start=\"835\" data-end=\"883\" data-col-size=\"md\">400g<\/td>\n<\/tr>\n<tr data-start=\"884\" data-end=\"956\">\n<td data-start=\"884\" data-end=\"909\" data-col-size=\"sm\"><strong data-start=\"886\" data-end=\"898\">\u0110\u00f3ng g\u00f3i<\/strong><\/td>\n<td data-start=\"909\" data-end=\"956\" data-col-size=\"md\">T\u00fai nh\u1ef1a d\u00e0y, in m\u00e0u s\u1eafc, c\u00f3 kh\u00f3a k\u00e9o<\/td>\n<\/tr>\n<tr data-start=\"957\" data-end=\"1029\">\n<td data-start=\"957\" data-end=\"982\" data-col-size=\"sm\"><strong data-start=\"959\" data-end=\"973\">Khuy\u1ebfn c\u00e1o<\/strong><\/td>\n<td data-start=\"982\" data-end=\"1029\" data-col-size=\"md\">Lu\u1ed9c ch\u00edn theo h\u01b0\u1edbng d\u1eabn, kh\u00f4ng \u0103n s\u1ed1ng<\/td>\n<\/tr>\n<\/tbody>\n<\/table>\n<p data-start=\"1111\" data-end=\"1485\">\u1ea8m th\u1ef1c H\u00e0n Qu\u1ed1c v\u1ed1n \u0111\u00e3 g\u1eafn li\u1ec1n v\u1edbi c\u00e1c lo\u1ea1i mi\u1ebfn khoai lang dai ngon, trong su\u1ed1t v\u00e0 \u0111\u1eb7c bi\u1ec7t d\u1ec5 ch\u1ebf bi\u1ebfn. Tuy nhi\u00ean, b\u00ean c\u1ea1nh lo\u1ea1i s\u1ee3i nh\u1ecf truy\u1ec1n th\u1ed1ng th\u00ec\u00a0<strong data-start=\"1269\" data-end=\"1293\">mi\u1ebfn s\u1ee3i l\u1edbn (\ub113\uc801 \ub2f9\uba74)<\/strong>\u00a0l\u1ea1i mang \u0111\u1ebfn tr\u1ea3i nghi\u1ec7m \u1ea9m th\u1ef1c kh\u00e1c bi\u1ec7t. S\u1ee3i mi\u1ebfn b\u1ea3n to h\u01a1n, m\u01b0\u1ee3t m\u00e0 h\u01a1n v\u00e0 khi n\u1ea5u ch\u00edn c\u00f3 \u0111\u1ed9 dai b\u00f9i kh\u00f3 c\u01b0\u1ee1ng \u2013 r\u1ea5t th\u00edch h\u1ee3p cho c\u00e1c m\u00f3n l\u1ea9u, mi\u1ebfn x\u00e0o ki\u1ec3u H\u00e0n ho\u1eb7c mi\u1ebfn cay tr\u1ed9n s\u1ed1t.<\/p>\n<p data-start=\"1487\" data-end=\"1750\"><strong data-start=\"1487\" data-end=\"1515\">Mi\u1ebfn S\u1ee3i L\u1edbn Ottogi 400g<\/strong>\u00a0l\u00e0 s\u1ea3n ph\u1ea9m \u0111\u01b0\u1ee3c nh\u1eadp kh\u1ea9u tr\u1ef1c ti\u1ebfp t\u1eeb H\u00e0n Qu\u1ed1c, s\u1ea3n xu\u1ea5t b\u1edfi th\u01b0\u01a1ng hi\u1ec7u n\u1ed5i ti\u1ebfng Ottogi. S\u1ee3i mi\u1ebfn c\u00f3 k\u00edch c\u1ee1 r\u1ed9ng \u0111\u1eb7c tr\u01b0ng, \u0111\u01b0\u1ee3c l\u00e0m ho\u00e0n to\u00e0n t\u1eeb tinh b\u1ed9t khoai lang nguy\u00ean ch\u1ea5t, gi\u00fap gi\u1eef \u0111\u1ed9 trong, \u0111\u1ed9 dai v\u00e0 \u0111\u1ed9 th\u1ea5m v\u1ecb tuy\u1ec7t v\u1eddi.<\/p>\n<p data-start=\"1487\" data-end=\"1750\"><img fetchpriority=\"high\" decoding=\"async\" class=\"aligncenter\" src=\"https:\/\/www.semie.cooking\/image\/contents\/recipe\/zk\/cp\/zhmdfgyg\/121602174xeyl.jpg\" width=\"850\" height=\"850\" \/><\/p>\n<p data-start=\"1815\" data-end=\"2069\"><strong data-start=\"1815\" data-end=\"1825\">Ottogi<\/strong>\u00a0l\u00e0 c\u00e1i t\u00ean qu\u00e1 quen thu\u1ed9c v\u1edbi ng\u01b0\u1eddi ti\u00eau d\u00f9ng Vi\u1ec7t Nam y\u00eau \u1ea9m th\u1ef1c H\u00e0n. \u0110\u01b0\u1ee3c th\u00e0nh l\u1eadp t\u1eeb n\u0103m 1969, Ottogi l\u00e0 m\u1ed9t trong nh\u1eefng t\u1eadp \u0111o\u00e0n th\u1ef1c ph\u1ea9m h\u00e0ng \u0111\u1ea7u x\u1ee9 s\u1edf kim chi, n\u1ed5i ti\u1ebfng v\u1edbi c\u00e1c s\u1ea3n ph\u1ea9m \u0103n li\u1ec1n, m\u00ec, n\u01b0\u1edbc s\u1ed1t, gia v\u1ecb v\u00e0 th\u1ef1c ph\u1ea9m kh\u00f4.<\/p>\n<p data-start=\"2071\" data-end=\"2327\">S\u1ea3n ph\u1ea9m c\u1ee7a Ottogi kh\u00f4ng ch\u1ec9 \u0111\u00e1p \u1ee9ng th\u1ecb hi\u1ebfu n\u1ed9i \u0111\u1ecba m\u00e0 c\u00f2n xu\u1ea5t kh\u1ea9u sang nhi\u1ec1u qu\u1ed1c gia tr\u00ean th\u1ebf gi\u1edbi.\u00a0<strong data-start=\"2178\" data-end=\"2206\">Mi\u1ebfn S\u1ee3i L\u1edbn Ottogi 400g<\/strong>\u00a0l\u00e0 s\u1ea3n ph\u1ea9m \u0111\u01b0\u1ee3c \u0111\u00e1nh gi\u00e1 cao nh\u1edd ch\u1ea5t l\u01b0\u1ee3ng nguy\u00ean li\u1ec7u, quy tr\u00ecnh s\u1ea3n xu\u1ea5t hi\u1ec7n \u0111\u1ea1i, \u0111\u00f3ng g\u00f3i ti\u1ec7n l\u1ee3i v\u00e0 d\u1ec5 b\u1ea3o qu\u1ea3n.<\/p>\n<p data-start=\"2071\" data-end=\"2327\"><img decoding=\"async\" class=\"aligncenter wp-image-40896\" src=\"https:\/\/havamall.com\/wp-content\/uploads\/2025\/07\/499686353_713232671091325_2992310732761988872_n.jpg\" alt=\"\" width=\"851\" height=\"851\" srcset=\"https:\/\/havamall.com\/wp-content\/uploads\/2025\/07\/499686353_713232671091325_2992310732761988872_n.jpg 1200w, https:\/\/havamall.com\/wp-content\/uploads\/2025\/07\/499686353_713232671091325_2992310732761988872_n-300x300.jpg 300w, https:\/\/havamall.com\/wp-content\/uploads\/2025\/07\/499686353_713232671091325_2992310732761988872_n-1024x1024.jpg 1024w, https:\/\/havamall.com\/wp-content\/uploads\/2025\/07\/499686353_713232671091325_2992310732761988872_n-150x150.jpg 150w, https:\/\/havamall.com\/wp-content\/uploads\/2025\/07\/499686353_713232671091325_2992310732761988872_n-768x768.jpg 768w, https:\/\/havamall.com\/wp-content\/uploads\/2025\/07\/499686353_713232671091325_2992310732761988872_n-12x12.jpg 12w, https:\/\/havamall.com\/wp-content\/uploads\/2025\/07\/499686353_713232671091325_2992310732761988872_n-600x600.jpg 600w\" sizes=\"(max-width: 851px) 100vw, 851px\" \/><\/p>\n<h3 data-start=\"2334\" data-end=\"2395\">\u0110\u1eb7c \u0111i\u1ec3m n\u1ed5i b\u1eadt: b\u1ea3n to \u2013 d\u00e0y d\u1eb7n \u2013 dai m\u1ec1m chu\u1ea9n v\u1ecb H\u00e0n<\/h3>\n<p data-start=\"2397\" data-end=\"2589\">Mi\u1ebfn Ottogi s\u1ee3i l\u1edbn c\u00f3 k\u00edch c\u1ee1 b\u1ea3n r\u1ed9ng t\u1eeb 7\u201310mm, d\u00e0y v\u1eeba \u0111\u1ee7 \u0111\u1ec3 gi\u1eef k\u1ebft c\u1ea5u b\u1ec1n ch\u1eafc ngay c\u1ea3 khi n\u1ea5u l\u00e2u. Sau khi lu\u1ed9c ch\u00edn, s\u1ee3i mi\u1ebfn chuy\u1ec3n sang m\u00e0u trong m\u01b0\u1ee3t, dai nh\u01b0ng kh\u00f4ng d\u00ednh hay n\u00e1t.<\/p>\n<p data-start=\"2591\" data-end=\"2872\">\u0110\u01b0\u1ee3c l\u00e0m t\u1eeb\u00a0<strong data-start=\"2603\" data-end=\"2631\">100% tinh b\u1ed9t khoai lang<\/strong>, s\u1ea3n ph\u1ea9m kh\u00f4ng ch\u1ee9a gluten, kh\u00f4ng ph\u1ea9m m\u00e0u, kh\u00f4ng ch\u1ea5t b\u1ea3o qu\u1ea3n. \u0110\u00e2y l\u00e0 lo\u1ea1i mi\u1ebfn l\u00fd t\u01b0\u1edfng cho nh\u1eefng ng\u01b0\u1eddi theo ch\u1ebf \u0111\u1ed9 \u0103n chay, \u0103n ki\u00eang ho\u1eb7c \u0111ang t\u00ecm ki\u1ebfm m\u1ed9t l\u1ef1a ch\u1ecdn nguy\u00ean li\u1ec7u l\u00e0nh m\u1ea1nh h\u01a1n so v\u1edbi m\u00ec ho\u1eb7c mi\u1ebfn truy\u1ec1n th\u1ed1ng t\u1eeb b\u1ed9t g\u1ea1o.<\/p>\n<p data-start=\"2874\" data-end=\"3034\">So v\u1edbi mi\u1ebfn s\u1ee3i nh\u1ecf, mi\u1ebfn b\u1ea3n l\u1edbn th\u1ea5m n\u01b0\u1edbc s\u1ed1t t\u1ed1t h\u01a1n, cho c\u1ea3m gi\u00e1c \u0103n \u0111\u1ea7y \u0111\u1eb7n, \u0111\u1eadm \u0111\u00e0 v\u00e0 \u0111\u1eb7c bi\u1ec7t th\u00edch h\u1ee3p khi d\u00f9ng v\u1edbi c\u00e1c lo\u1ea1i s\u1ed1t s\u00e1nh, cay ho\u1eb7c n\u1ea5u l\u1ea9u.<\/p>\n<p data-start=\"2874\" data-end=\"3034\"><img decoding=\"async\" class=\"aligncenter\" src=\"https:\/\/havamall.com\/wp-content\/uploads\/2025\/07\/mien-300g.jpg\" alt=\"Mi\u1ebfn d\u1eb9t Ottogi 300g\" width=\"850\" height=\"1278\" \/><\/p>\n<h3 data-start=\"3041\" data-end=\"3096\">C\u00e1ch d\u00f9ng \u2013 \u1ee9ng d\u1ee5ng \u0111a d\u1ea1ng trong b\u1eefa \u0103n h\u00e0ng ng\u00e0y<\/h3>\n<p data-start=\"3098\" data-end=\"3118\"><strong data-start=\"3098\" data-end=\"3117\">C\u00e1ch n\u1ea5u c\u01a1 b\u1ea3n<\/strong>:<\/p>\n<ul data-start=\"3119\" data-end=\"3288\">\n<li data-start=\"3119\" data-end=\"3193\">\n<p data-start=\"3121\" data-end=\"3193\">Lu\u1ed9c mi\u1ebfn trong n\u01b0\u1edbc s\u00f4i 8\u201310 ph\u00fat (c\u00f3 th\u1ec3 n\u00eam th\u00eam ch\u00fat mu\u1ed1i ho\u1eb7c gi\u1ea5m)<\/p>\n<\/li>\n<li data-start=\"3194\" data-end=\"3254\">\n<p data-start=\"3196\" data-end=\"3254\">X\u1ea3 l\u1ea1i n\u01b0\u1edbc l\u1ea1nh \u0111\u1ec3 gi\u1eef \u0111\u1ed9 dai v\u00e0 gi\u00fap s\u1ee3i kh\u00f4ng d\u00ednh nhau<\/p>\n<\/li>\n<li data-start=\"3255\" data-end=\"3288\">\n<p data-start=\"3257\" data-end=\"3288\">D\u00f9ng ngay \u0111\u1ec3 x\u00e0o, tr\u1ed9n ho\u1eb7c n\u1ea5u<\/p>\n<\/li>\n<\/ul>\n<p data-start=\"3290\" data-end=\"3316\"><strong data-start=\"3290\" data-end=\"3315\">G\u1ee3i \u00fd m\u00f3n \u0103n ph\u1ed5 bi\u1ebfn<\/strong>:<\/p>\n<ul data-start=\"3317\" data-end=\"3615\">\n<li data-start=\"3317\" data-end=\"3398\">\n<p data-start=\"3319\" data-end=\"3398\"><strong data-start=\"3319\" data-end=\"3345\">L\u1ea9u H\u00e0n Qu\u1ed1c (Jeongol)<\/strong>: Mi\u1ebfn s\u1ee3i l\u1edbn cho v\u00e0o sau c\u00f9ng, h\u00fat n\u01b0\u1edbc d\u00f9ng \u0111\u1eadm \u0111\u00e0<\/p>\n<\/li>\n<li data-start=\"3399\" data-end=\"3467\">\n<p data-start=\"3401\" data-end=\"3467\"><strong data-start=\"3401\" data-end=\"3432\">Mi\u1ebfn cay tr\u1ed9n s\u1ed1t Gochujang<\/strong>: \u0102n k\u00e8m rau, tr\u1ee9ng lu\u1ed9c v\u00e0 kim chi<\/p>\n<\/li>\n<li data-start=\"3468\" data-end=\"3550\">\n<p data-start=\"3470\" data-end=\"3550\"><strong data-start=\"3470\" data-end=\"3496\">Mi\u1ebfn x\u00e0o ki\u1ec3u Nh\u1eadt-H\u00e0n<\/strong>: S\u1ee3i mi\u1ebfn d\u1ebbo h\u00f2a quy\u1ec7n c\u00f9ng b\u00f2, n\u1ea5m, c\u00e0 r\u1ed1t, rau c\u1ea3i<\/p>\n<\/li>\n<li data-start=\"3551\" data-end=\"3615\">\n<p data-start=\"3553\" data-end=\"3615\"><strong data-start=\"3553\" data-end=\"3582\">Mi\u1ebfn cu\u1ed9n rong bi\u1ec3n chi\u00ean<\/strong>: Bi\u1ebfn t\u1ea5u h\u1ea5p d\u1eabn cho m\u00f3n \u0103n v\u1eb7t<\/p>\n<\/li>\n<\/ul>\n<p><img loading=\"lazy\" decoding=\"async\" class=\"wp-image-40897 aligncenter\" src=\"https:\/\/havamall.com\/wp-content\/uploads\/2025\/07\/Polish_Korean_Cuisine_and_Culture_Exchanges_Gradmothers_Recipes_05-scaled.jpg\" alt=\"\" width=\"851\" height=\"514\" srcset=\"https:\/\/havamall.com\/wp-content\/uploads\/2025\/07\/Polish_Korean_Cuisine_and_Culture_Exchanges_Gradmothers_Recipes_05-scaled.jpg 2560w, https:\/\/havamall.com\/wp-content\/uploads\/2025\/07\/Polish_Korean_Cuisine_and_Culture_Exchanges_Gradmothers_Recipes_05-300x181.jpg 300w, https:\/\/havamall.com\/wp-content\/uploads\/2025\/07\/Polish_Korean_Cuisine_and_Culture_Exchanges_Gradmothers_Recipes_05-1024x619.jpg 1024w, https:\/\/havamall.com\/wp-content\/uploads\/2025\/07\/Polish_Korean_Cuisine_and_Culture_Exchanges_Gradmothers_Recipes_05-768x464.jpg 768w, https:\/\/havamall.com\/wp-content\/uploads\/2025\/07\/Polish_Korean_Cuisine_and_Culture_Exchanges_Gradmothers_Recipes_05-18x12.jpg 18w, https:\/\/havamall.com\/wp-content\/uploads\/2025\/07\/Polish_Korean_Cuisine_and_Culture_Exchanges_Gradmothers_Recipes_05-600x363.jpg 600w, https:\/\/havamall.com\/wp-content\/uploads\/2025\/07\/Polish_Korean_Cuisine_and_Culture_Exchanges_Gradmothers_Recipes_05-1200x725.jpg 1200w, https:\/\/havamall.com\/wp-content\/uploads\/2025\/07\/Polish_Korean_Cuisine_and_Culture_Exchanges_Gradmothers_Recipes_05-150x91.jpg 150w\" sizes=\"(max-width: 851px) 100vw, 851px\" \/><\/p>\n<p data-start=\"3617\" data-end=\"3812\">S\u1ea3n ph\u1ea9m c\u00f3 th\u1ec3 d\u00f9ng cho nh\u00e0 h\u00e0ng, ti\u1ec7m \u0103n H\u00e0n Qu\u1ed1c ho\u1eb7c ch\u1ebf bi\u1ebfn t\u1ea1i nh\u00e0. \u0110\u1eb7c bi\u1ec7t ph\u00f9 h\u1ee3p v\u1edbi nh\u1eefng ai y\u00eau th\u00edch m\u00f3n \u0103n cay, \u0111\u1eadm v\u1ecb, c\u1ea7n nguy\u00ean li\u1ec7u s\u1ee3i to \u0111\u1ec3 gi\u1eef k\u1ebft c\u1ea5u v\u00e0 \u0111\u1ed9 b\u00e1m s\u1ed1t t\u1ed1t h\u01a1n.<\/p>\n<p data-start=\"3833\" data-end=\"4107\"><strong data-start=\"3833\" data-end=\"3861\">Mi\u1ebfn S\u1ee3i L\u1edbn Ottogi 400g<\/strong>\u00a0l\u00e0 l\u1ef1a ch\u1ecdn l\u00fd t\u01b0\u1edfng cho nh\u1eefng ai mu\u1ed1n \u0111\u1ed5i v\u1ecb trong gian b\u1ebfp v\u1edbi phong c\u00e1ch H\u00e0n Qu\u1ed1c. V\u1edbi k\u1ebft c\u1ea5u s\u1ee3i to, d\u1ebbo ngon, th\u1ea5m v\u1ecb v\u00e0 d\u1ec5 ch\u1ebf bi\u1ebfn, s\u1ea3n ph\u1ea9m gi\u00fap b\u1ea1n s\u00e1ng t\u1ea1o \u0111a d\u1ea1ng m\u00f3n \u0103n t\u1eeb l\u1ea9u, mi\u1ebfn x\u00e0o \u0111\u1ebfn mi\u1ebfn tr\u1ed9n cay m\u00e0 kh\u00f4ng t\u1ed1n nhi\u1ec1u c\u00f4ng s\u1ee9c.<\/p>\n<p data-start=\"4109\" data-end=\"4262\"><strong data-start=\"4109\" data-end=\"4262\">S\u1ea3n ph\u1ea9m hi\u1ec7n \u0111\u00e3 c\u00f3 m\u1eb7t t\u1ea1i Havamall \u2013 m\u1eddi b\u1ea1n kh\u00e1m ph\u00e1 v\u00e0 th\u01b0\u1edfng th\u1ee9c \u1ea9m th\u1ef1c H\u00e0n Qu\u1ed1c \u0111\u00fang chu\u1ea9n ngay t\u1ea1i nh\u00e0 v\u1edbi nguy\u00ean li\u1ec7u ch\u1ea5t l\u01b0\u1ee3ng nh\u1eadp kh\u1ea9u.<\/strong><\/p>\n<\/div>\n<\/div>","protected":false},"excerpt":{"rendered":"<p>TH\u00d4NG TIN S\u1ea2N PH\u1ea8M Th\u01b0\u01a1ng hi\u1ec7u Ottogi Xu\u1ea5t x\u1ee9 H\u00e0n Qu\u1ed1c Th\u00e0nh ph\u1ea7n Tinh b\u1ed9t khoai lang 100% H\u1ea1n s\u1eed<\/p>","protected":false},"featured_media":40898,"comment_status":"open","ping_status":"closed","template":"","meta":[],"product_brand":[],"product_cat":[726,707],"product_tag":[],"class_list":{"0":"post-40895","1":"product","2":"type-product","3":"status-publish","4":"has-post-thumbnail","6":"product_cat-nhap-khau-han-quoc","7":"product_cat-nui-mi-y-pasta","9":"first","10":"instock","11":"sale","12":"shipping-taxable","13":"purchasable","14":"product-type-simple"},"_links":{"self":[{"href":"https:\/\/havamall.com\/en\/wp-json\/wp\/v2\/product\/40895","targetHints":{"allow":["GET"]}}],"collection":[{"href":"https:\/\/havamall.com\/en\/wp-json\/wp\/v2\/product"}],"about":[{"href":"https:\/\/havamall.com\/en\/wp-json\/wp\/v2\/types\/product"}],"replies":[{"embeddable":true,"href":"https:\/\/havamall.com\/en\/wp-json\/wp\/v2\/comments?post=40895"}],"version-history":[{"count":0,"href":"https:\/\/havamall.com\/en\/wp-json\/wp\/v2\/product\/40895\/revisions"}],"wp:featuredmedia":[{"embeddable":true,"href":"https:\/\/havamall.com\/en\/wp-json\/wp\/v2\/media\/40898"}],"wp:attachment":[{"href":"https:\/\/havamall.com\/en\/wp-json\/wp\/v2\/media?parent=40895"}],"wp:term":[{"taxonomy":"product_brand","embeddable":true,"href":"https:\/\/havamall.com\/en\/wp-json\/wp\/v2\/product_brand?post=40895"},{"taxonomy":"product_cat","embeddable":true,"href":"https:\/\/havamall.com\/en\/wp-json\/wp\/v2\/product_cat?post=40895"},{"taxonomy":"product_tag","embeddable":true,"href":"https:\/\/havamall.com\/en\/wp-json\/wp\/v2\/product_tag?post=40895"}],"curies":[{"name":"wp","href":"https:\/\/api.w.org\/{rel}","templated":true}]}}