{"id":40997,"date":"2025-07-09T17:26:42","date_gmt":"2025-07-09T10:26:42","guid":{"rendered":"https:\/\/havamall.com\/?post_type=product&#038;p=40997"},"modified":"2025-07-09T17:26:43","modified_gmt":"2025-07-09T10:26:43","slug":"nuoc-khoang-co-ga-perrier-330ml-perrier-sparkling-natural-mineral-water","status":"publish","type":"product","link":"https:\/\/havamall.com\/en\/shop\/nuoc-khoang-co-ga-perrier-330ml-perrier-sparkling-natural-mineral-water\/","title":{"rendered":"N\u01b0\u1edbc Kho\u00e1ng C\u00f3 Ga Perrier 330ml \u2013 Perrier Sparkling Natural Mineral Water"},"content":{"rendered":"<h2 class=\"product-detail__specs-title\"><strong>TH\u00d4NG TIN CHUNG<\/strong><\/h2>\n<div id=\"js-product-detail__specs\" class=\"product-detail__specs\">\n<div class=\"row\">\n<div class=\"col-sm-12\">\n<div class=\"product-specs__table\">\n<table>\n<tbody>\n<tr>\n<td class=\"specs-table__property\">Th\u01b0\u01a1ng hi\u1ec7u<\/td>\n<td class=\"specs-table__value\">Perrier<\/td>\n<\/tr>\n<tr>\n<td class=\"specs-table__property\">Xu\u1ea5t x\u1ee9<\/td>\n<td class=\"specs-table__value\">Ph\u00e1p<\/td>\n<\/tr>\n<tr>\n<td class=\"specs-table__property\">H\u1ea1n s\u1eed d\u1ee5ng<\/td>\n<td class=\"specs-table__value\">Xem tr\u00ean bao b\u00ec<\/td>\n<\/tr>\n<tr>\n<td class=\"specs-table__property\">H\u01b0\u1edbng d\u1eabn b\u1ea3o qu\u1ea3n<\/td>\n<td class=\"specs-table__value\">N\u01a1i kh\u00f4 r\u00e1o, tho\u00e1ng m\u00e1t, tr\u00e1nh \u00e1nh n\u1eafng tr\u1ef1c ti\u1ebfp<\/td>\n<\/tr>\n<tr>\n<td class=\"specs-table__property\">Th\u00e0nh ph\u1ea7n nguy\u00ean li\u1ec7u<\/td>\n<td class=\"specs-table__value\">\n<div id=\"ingredients\" class=\"data item content resp-tab-content d-block\" role=\"tabpanel\" data-role=\"content\" aria-labelledby=\"tab-label-ingredients\" aria-hidden=\"true\">\n<div class=\"product attribute ingredients\">\n<div class=\"value\">Xem tr\u00ean bao b\u00ec<\/div>\n<\/div>\n<\/div>\n<\/td>\n<\/tr>\n<tr>\n<td class=\"specs-table__property\">Kh\u1ed1i l\u01b0\u1ee3ng<\/td>\n<td class=\"specs-table__value\">330ml<\/td>\n<\/tr>\n<\/tbody>\n<\/table>\n<p>Trong b\u1ed1i c\u1ea3nh ng\u00e0y c\u00e0ng nhi\u1ec1u ng\u01b0\u1eddi quan t\u00e2m \u0111\u1ebfn vi\u1ec7c u\u1ed1ng g\u00ec \u0111\u1ec3 v\u1eeba t\u1ed1t cho s\u1ee9c kh\u1ecfe, v\u1eeba th\u1ec3 hi\u1ec7n \u0111\u01b0\u1ee3c gu th\u01b0\u1edfng th\u1ee9c tinh t\u1ebf, n\u01b0\u1edbc kho\u00e1ng c\u00f3 ga d\u1ea7n tr\u1edf th\u00e0nh m\u1ed9t l\u1ef1a ch\u1ecdn ph\u1ed5 bi\u1ebfn trong t\u1ee7 l\u1ea1nh c\u1ee7a nhi\u1ec1u gia \u0111\u00ecnh hi\u1ec7n \u0111\u1ea1i. Kh\u00f4ng \u0111\u01a1n thu\u1ea7n l\u00e0 m\u1ed9t lo\u1ea1i n\u01b0\u1edbc gi\u1ea3i kh\u00e1t, n\u01b0\u1edbc kho\u00e1ng c\u00f3 ga c\u00f2n mang \u0111\u1ebfn tr\u1ea3i nghi\u1ec7m s\u1ea3ng kho\u00e1i, t\u01b0\u01a1i m\u1edbi, g\u00f3p ph\u1ea7n n\u00e2ng t\u1ea7m nh\u1eefng kho\u1ea3nh kh\u1eafc th\u01b0\u1eddng nh\u1eadt. V\u00e0 khi nh\u1eafc \u0111\u1ebfn d\u00f2ng s\u1ea3n ph\u1ea9m n\u00e0y, kh\u00f4ng th\u1ec3 kh\u00f4ng k\u1ec3 \u0111\u1ebfn <strong>Perrier<\/strong> \u2013 m\u1ed9t trong nh\u1eefng th\u01b0\u01a1ng hi\u1ec7u n\u01b0\u1edbc kho\u00e1ng c\u00f3 ga n\u1ed5i ti\u1ebfng v\u00e0 l\u00e2u \u0111\u1eddi nh\u1ea5t th\u1ebf gi\u1edbi, \u0111\u1ebfn t\u1eeb v\u00f9ng Verg\u00e8ze, mi\u1ec1n Nam n\u01b0\u1edbc Ph\u00e1p.<\/p>\n<p><img fetchpriority=\"high\" decoding=\"async\" class=\"aligncenter  wp-image-40999\" src=\"https:\/\/havamall.com\/wp-content\/uploads\/2025\/07\/EmilyS_Perrier_Mocktails_LA_BlackRabbitRose_005-scaled.avif\" alt=\"\" width=\"848\" height=\"566\" srcset=\"https:\/\/havamall.com\/wp-content\/uploads\/2025\/07\/EmilyS_Perrier_Mocktails_LA_BlackRabbitRose_005-scaled.avif 2560w, https:\/\/havamall.com\/wp-content\/uploads\/2025\/07\/EmilyS_Perrier_Mocktails_LA_BlackRabbitRose_005-300x200.avif 300w, https:\/\/havamall.com\/wp-content\/uploads\/2025\/07\/EmilyS_Perrier_Mocktails_LA_BlackRabbitRose_005-1024x683.avif 1024w, https:\/\/havamall.com\/wp-content\/uploads\/2025\/07\/EmilyS_Perrier_Mocktails_LA_BlackRabbitRose_005-768x512.avif 768w, https:\/\/havamall.com\/wp-content\/uploads\/2025\/07\/EmilyS_Perrier_Mocktails_LA_BlackRabbitRose_005-18x12.avif 18w, https:\/\/havamall.com\/wp-content\/uploads\/2025\/07\/EmilyS_Perrier_Mocktails_LA_BlackRabbitRose_005-600x400.avif 600w, https:\/\/havamall.com\/wp-content\/uploads\/2025\/07\/EmilyS_Perrier_Mocktails_LA_BlackRabbitRose_005-1200x800.avif 1200w, https:\/\/havamall.com\/wp-content\/uploads\/2025\/07\/EmilyS_Perrier_Mocktails_LA_BlackRabbitRose_005-150x100.avif 150w\" sizes=\"(max-width: 848px) 100vw, 848px\" \/><\/p>\n<p><strong>Perrier<\/strong> kh\u00f4ng ch\u1ec9 \u0111\u01a1n thu\u1ea7n l\u00e0 m\u1ed9t th\u01b0\u01a1ng hi\u1ec7u n\u01b0\u1edbc, m\u00e0 l\u00e0 bi\u1ec3u t\u01b0\u1ee3ng cho s\u1ef1 thanh l\u1ecbch, chu\u1ea9n m\u1ef1c v\u00e0 truy\u1ec1n th\u1ed1ng c\u1ee7a phong c\u00e1ch s\u1ed1ng ch\u00e2u \u00c2u. V\u1edbi l\u1ecbch s\u1eed h\u01a1n 150 n\u0103m, Perrier \u0111\u00e3 kh\u1eb3ng \u0111\u1ecbnh v\u1ecb th\u1ebf tr\u00ean th\u1ecb tr\u01b0\u1eddng to\u00e0n c\u1ea7u b\u1eb1ng ch\u1ea5t l\u01b0\u1ee3ng \u1ed5n \u0111\u1ecbnh, h\u01b0\u01a1ng v\u1ecb \u0111\u1eb7c tr\u01b0ng v\u00e0 thi\u1ebft k\u1ebf chai mang t\u00ednh bi\u1ec3u t\u01b0\u1ee3ng.\u00a0<strong data-start=\"1231\" data-end=\"1258\">Phi\u00ean b\u1ea3n Perrier 330ml<\/strong>\u00a0l\u00e0 l\u1ef1a ch\u1ecdn ho\u00e0n h\u1ea3o cho nh\u1eefng ai mu\u1ed1n mang theo s\u1ef1 s\u1ea3ng kho\u00e1i b\u00ean m\u00ecnh trong nh\u1eefng bu\u1ed5i h\u1ecdp, khi t\u1eadp luy\u1ec7n th\u1ec3 thao, hay \u0111\u01a1n gi\u1ea3n l\u00e0 m\u1ed9t ph\u00fat ngh\u1ec9 ng\u01a1i gi\u1eefa b\u1ed9n b\u1ec1 c\u00f4ng vi\u1ec7c.<\/p>\n<p><img decoding=\"async\" class=\"aligncenter\" src=\"https:\/\/havamall.com\/wp-content\/uploads\/2025\/07\/81HsCL02ifL.jpg\" alt=\"Perrier Carbonated Water Sparkling Water 330ml Pack Of 4 | Desertcart INDIA\" width=\"851\" height=\"1192\" \/><\/p>\n<p>\u0110i\u1ec1u l\u00e0m n\u00ean s\u1ef1 kh\u00e1c bi\u1ec7t c\u1ee7a Perrier so v\u1edbi nh\u1eefng lo\u1ea1i n\u01b0\u1edbc kho\u00e1ng th\u00f4ng th\u01b0\u1eddng n\u1eb1m \u1edf ch\u00ednh ngu\u1ed3n n\u01b0\u1edbc v\u00e0 c\u00e1ch khai th\u00e1c. N\u01b0\u1edbc kho\u00e1ng Perrier \u0111\u01b0\u1ee3c l\u1ea5y t\u1eeb m\u1ea1ch n\u01b0\u1edbc ng\u1ea7m s\u00e2u d\u01b0\u1edbi l\u00f2ng \u0111\u1ea5t, ho\u00e0n to\u00e0n t\u1ef1 nhi\u00ean, kh\u00f4ng qua x\u1eed l\u00fd h\u00f3a h\u1ecdc, k\u1ebft h\u1ee3p c\u00f9ng l\u01b0\u1ee3ng kh\u00ed gas c\u00f3 ngu\u1ed3n g\u1ed1c thi\u00ean nhi\u00ean t\u1ea1o n\u00ean nh\u1eefng b\u1ecdt kh\u00ed tinh t\u1ebf, nh\u1eb9 nh\u00e0ng nh\u01b0ng r\u00f5 n\u00e9t khi ch\u1ea1m v\u00e0o \u0111\u1ea7u l\u01b0\u1ee1i.<\/p>\n<p><img decoding=\"async\" class=\"aligncenter  wp-image-41000\" src=\"https:\/\/havamall.com\/wp-content\/uploads\/2025\/07\/EmilyS_Perrier_Mocktails_LA_TheIVY_006-scaled.jpg\" alt=\"\" width=\"850\" height=\"567\" srcset=\"https:\/\/havamall.com\/wp-content\/uploads\/2025\/07\/EmilyS_Perrier_Mocktails_LA_TheIVY_006-scaled.jpg 2560w, https:\/\/havamall.com\/wp-content\/uploads\/2025\/07\/EmilyS_Perrier_Mocktails_LA_TheIVY_006-300x200.jpg 300w, https:\/\/havamall.com\/wp-content\/uploads\/2025\/07\/EmilyS_Perrier_Mocktails_LA_TheIVY_006-1024x683.jpg 1024w, https:\/\/havamall.com\/wp-content\/uploads\/2025\/07\/EmilyS_Perrier_Mocktails_LA_TheIVY_006-768x512.jpg 768w, https:\/\/havamall.com\/wp-content\/uploads\/2025\/07\/EmilyS_Perrier_Mocktails_LA_TheIVY_006-18x12.jpg 18w, https:\/\/havamall.com\/wp-content\/uploads\/2025\/07\/EmilyS_Perrier_Mocktails_LA_TheIVY_006-600x400.jpg 600w, https:\/\/havamall.com\/wp-content\/uploads\/2025\/07\/EmilyS_Perrier_Mocktails_LA_TheIVY_006-1200x800.jpg 1200w, https:\/\/havamall.com\/wp-content\/uploads\/2025\/07\/EmilyS_Perrier_Mocktails_LA_TheIVY_006-150x100.jpg 150w\" sizes=\"(max-width: 850px) 100vw, 850px\" \/><\/p>\n<p>Perrier ho\u00e0n to\u00e0n kh\u00f4ng ch\u1ee9a \u0111\u01b0\u1eddng, kh\u00f4ng calo, kh\u00f4ng ch\u1ea5t t\u1ea1o ng\u1ecdt hay b\u1ea5t k\u1ef3 ph\u1ee5 gia n\u00e0o, v\u00ec th\u1ebf \u0111\u00e2y l\u00e0 l\u1ef1a ch\u1ecdn l\u00fd t\u01b0\u1edfng cho nh\u1eefng ai \u0111ang theo \u0111u\u1ed5i l\u1ed1i s\u1ed1ng l\u00e0nh m\u1ea1nh, gi\u1ea3m ti\u00eau th\u1ee5 n\u01b0\u1edbc ng\u1ecdt c\u00f3 \u0111\u01b0\u1eddng hay \u0111\u01a1n gi\u1ea3n l\u00e0 mu\u1ed1n t\u00ecm m\u1ed9t th\u1ee9c u\u1ed1ng thay th\u1ebf c\u00f3 l\u1ee3i h\u01a1n cho s\u1ee9c kh\u1ecfe. Ngo\u00e0i ra, Perrier c\u00f2n r\u1ea5t ph\u00f9 h\u1ee3p \u0111\u1ec3 pha ch\u1ebf c\u00e1c lo\u1ea1i cocktail, mocktail ho\u1eb7c k\u1ebft h\u1ee3p c\u00f9ng tr\u00e1i c\u00e2y t\u01b0\u01a1i t\u1ea1o th\u00e0nh nh\u1eefng th\u1ee9c u\u1ed1ng detox h\u1ea5p d\u1eabn, mang \u0111\u1ebfn c\u1ea3m gi\u00e1c v\u1eeba nh\u1eb9 nh\u00e0ng v\u1eeba tinh t\u1ebf cho c\u00e1c bu\u1ed5i g\u1eb7p g\u1ee1 b\u1ea1n b\u00e8 hay c\u00e1c d\u1ecbp \u0111\u1eb7c bi\u1ec7t.<\/p>\n<p><img loading=\"lazy\" decoding=\"async\" class=\"aligncenter  wp-image-41001\" src=\"https:\/\/havamall.com\/wp-content\/uploads\/2025\/07\/471840875_10163082859912780_6805941728186612279_n.jpg\" alt=\"\" width=\"850\" height=\"1063\" srcset=\"https:\/\/havamall.com\/wp-content\/uploads\/2025\/07\/471840875_10163082859912780_6805941728186612279_n.jpg 1200w, https:\/\/havamall.com\/wp-content\/uploads\/2025\/07\/471840875_10163082859912780_6805941728186612279_n-240x300.jpg 240w, https:\/\/havamall.com\/wp-content\/uploads\/2025\/07\/471840875_10163082859912780_6805941728186612279_n-819x1024.jpg 819w, https:\/\/havamall.com\/wp-content\/uploads\/2025\/07\/471840875_10163082859912780_6805941728186612279_n-768x960.jpg 768w, https:\/\/havamall.com\/wp-content\/uploads\/2025\/07\/471840875_10163082859912780_6805941728186612279_n-10x12.jpg 10w, https:\/\/havamall.com\/wp-content\/uploads\/2025\/07\/471840875_10163082859912780_6805941728186612279_n-600x750.jpg 600w, https:\/\/havamall.com\/wp-content\/uploads\/2025\/07\/471840875_10163082859912780_6805941728186612279_n-150x188.jpg 150w\" sizes=\"(max-width: 850px) 100vw, 850px\" \/><\/p>\n<p>Kh\u00f4ng c\u1ea7n h\u01b0\u01a1ng v\u1ecb ph\u1ee9c t\u1ea1p hay m\u00e0u s\u1eafc s\u1eb7c s\u1ee1, Perrier v\u1eabn c\u00f3 th\u1ec3 chi\u1ebfm tr\u1ecdn s\u1ef1 y\u00eau m\u1ebfn c\u1ee7a ng\u01b0\u1eddi ti\u00eau d\u00f9ng to\u00e0n c\u1ea7u b\u1eb1ng ch\u00ednh s\u1ef1 tinh khi\u1ebft, \u0111\u01a1n gi\u1ea3n v\u00e0 \u0111\u1eb3ng c\u1ea5p. M\u1ed7i ng\u1ee5m n\u01b0\u1edbc kho\u00e1ng c\u00f3 ga Perrier l\u00e0 m\u1ed9t l\u1ea7n c\u1ea3m nh\u1eadn \u0111\u01b0\u1ee3c s\u1ef1 tinh t\u1ebf \u0111\u1ebfn t\u1eeb thi\u00ean nhi\u00ean, \u0111\u01b0\u1ee3c ch\u1eaft l\u1ecdc qua th\u1eddi gian v\u00e0 mang \u0111\u1ebfn c\u1ea3m gi\u00e1c s\u1ea3ng kho\u00e1i th\u1ef1c s\u1ef1. D\u00f9 b\u1ea1n d\u00f9ng \u0111\u1ec3 gi\u1ea3i kh\u00e1t, ti\u1ebfp kh\u00e1ch, d\u00f9ng trong b\u1eefa \u0103n hay s\u00e1ng t\u1ea1o th\u1ee9c u\u1ed1ng ri\u00eang bi\u1ec7t, Perrier lu\u00f4n \u0111\u00e1p \u1ee9ng t\u1ed1t nhu c\u1ea7u c\u1ee7a nh\u1eefng ng\u01b0\u1eddi y\u00eau th\u00edch ch\u1ea5t l\u01b0\u1ee3ng v\u00e0 \u0111\u1ec1 cao s\u1ef1 kh\u00e1c bi\u1ec7t.<\/p>\n<p><img loading=\"lazy\" decoding=\"async\" class=\"aligncenter\" src=\"https:\/\/havamall.com\/wp-content\/uploads\/2025\/07\/nuoc-khoang-thien-nhien-perrier.jpg\" alt=\"T\u00ecm hi\u1ec3u v\u1ec1 n\u01b0\u1edbc kho\u00e1ng thi\u00ean nhi\u00ean Perrier c\u1ee7a Ph\u00e1p \u2022 \u0110\u1ea1i l\u00fd \u0111\u1ed5i n\u01b0\u1edbc b\u00ecnh  V\u0129nh H\u1ea3o Lavie Ion Life Bidrico \u2022 \u0110\u1ea1i l\u00fd giao n\u01b0\u1edbc u\u1ed1ng Th\u1ee7 \u0110\u1ee9c\" width=\"850\" height=\"537\" \/><\/p>\n<p>Th\u01b0\u1edfng th\u1ee9c ngay khi s\u1ea3n ph\u1ea9m \u0111\u00e3 c\u00f3 m\u1eb7t t\u1ea1i Havamall.<\/p>\n<\/div>\n<\/div>\n<\/div>\n<\/div>","protected":false},"excerpt":{"rendered":"<p>TH\u00d4NG TIN CHUNG Th\u01b0\u01a1ng hi\u1ec7u Perrier Xu\u1ea5t x\u1ee9 Ph\u00e1p H\u1ea1n s\u1eed d\u1ee5ng Xem tr\u00ean bao b\u00ec H\u01b0\u1edbng d\u1eabn b\u1ea3o qu\u1ea3n<\/p>","protected":false},"featured_media":40998,"comment_status":"open","ping_status":"closed","template":"","meta":[],"product_brand":[],"product_cat":[723,699],"product_tag":[],"class_list":{"0":"post-40997","1":"product","2":"type-product","3":"status-publish","4":"has-post-thumbnail","6":"product_cat-nhap-khau-phap","7":"product_cat-thuc-uong-co-con","9":"first","10":"instock","11":"sale","12":"shipping-taxable","13":"purchasable","14":"product-type-simple"},"_links":{"self":[{"href":"https:\/\/havamall.com\/en\/wp-json\/wp\/v2\/product\/40997","targetHints":{"allow":["GET"]}}],"collection":[{"href":"https:\/\/havamall.com\/en\/wp-json\/wp\/v2\/product"}],"about":[{"href":"https:\/\/havamall.com\/en\/wp-json\/wp\/v2\/types\/product"}],"replies":[{"embeddable":true,"href":"https:\/\/havamall.com\/en\/wp-json\/wp\/v2\/comments?post=40997"}],"version-history":[{"count":0,"href":"https:\/\/havamall.com\/en\/wp-json\/wp\/v2\/product\/40997\/revisions"}],"wp:featuredmedia":[{"embeddable":true,"href":"https:\/\/havamall.com\/en\/wp-json\/wp\/v2\/media\/40998"}],"wp:attachment":[{"href":"https:\/\/havamall.com\/en\/wp-json\/wp\/v2\/media?parent=40997"}],"wp:term":[{"taxonomy":"product_brand","embeddable":true,"href":"https:\/\/havamall.com\/en\/wp-json\/wp\/v2\/product_brand?post=40997"},{"taxonomy":"product_cat","embeddable":true,"href":"https:\/\/havamall.com\/en\/wp-json\/wp\/v2\/product_cat?post=40997"},{"taxonomy":"product_tag","embeddable":true,"href":"https:\/\/havamall.com\/en\/wp-json\/wp\/v2\/product_tag?post=40997"}],"curies":[{"name":"wp","href":"https:\/\/api.w.org\/{rel}","templated":true}]}}