{"id":41007,"date":"2025-07-10T10:13:48","date_gmt":"2025-07-10T03:13:48","guid":{"rendered":"https:\/\/havamall.com\/?post_type=product&#038;p=41007"},"modified":"2025-10-22T11:49:34","modified_gmt":"2025-10-22T04:49:34","slug":"ngu-coc-granola-vi-socola-chuoi-yava-125g-granola-bites-chocolate-banana","status":"publish","type":"product","link":"https:\/\/havamall.com\/en\/shop\/ngu-coc-granola-vi-socola-chuoi-yava-125g-granola-bites-chocolate-banana\/","title":{"rendered":"Ng\u0169 C\u1ed1c Granola V\u1ecb Socola Chu\u1ed1i Yava 125g \u2013 Granola Bites Chocolate Banana"},"content":{"rendered":"<h2 class=\"product-detail__specs-title\"><strong>TH\u00d4NG TIN CHUNG<\/strong><\/h2>\n<div id=\"js-product-detail__specs\" class=\"product-detail__specs\">\n<div class=\"row\">\n<div class=\"col-sm-12\">\n<div class=\"product-specs__table\">\n<table>\n<tbody>\n<tr>\n<td class=\"specs-table__property\">Th\u01b0\u01a1ng hi\u1ec7u<\/td>\n<td class=\"specs-table__value\">Yava<\/td>\n<\/tr>\n<tr>\n<td class=\"specs-table__property\">Xu\u1ea5t x\u1ee9<\/td>\n<td class=\"specs-table__value\">Indonesia<\/td>\n<\/tr>\n<tr>\n<td class=\"specs-table__property\">H\u1ea1n s\u1eed d\u1ee5ng<\/td>\n<td class=\"specs-table__value\">Xem tr\u00ean bao b\u00ec<\/td>\n<\/tr>\n<tr>\n<td class=\"specs-table__property\">H\u01b0\u1edbng d\u1eabn b\u1ea3o qu\u1ea3n<\/td>\n<td class=\"specs-table__value\">N\u01a1i kh\u00f4 r\u00e1o, tho\u00e1ng m\u00e1t, tr\u00e1nh \u00e1nh n\u1eafng tr\u1ef1c ti\u1ebfp<\/td>\n<\/tr>\n<tr>\n<td class=\"specs-table__property\">Th\u00e0nh ph\u1ea7n nguy\u00ean li\u1ec7u<\/td>\n<td class=\"specs-table__value\">\n<div id=\"ingredients\" class=\"data item content resp-tab-content d-block\" role=\"tabpanel\" data-role=\"content\" aria-labelledby=\"tab-label-ingredients\" aria-hidden=\"true\">\n<div class=\"product attribute ingredients\">\n<div class=\"value\">Xem tr\u00ean bao b\u00ec<\/div>\n<\/div>\n<\/div>\n<\/td>\n<\/tr>\n<tr>\n<td class=\"specs-table__property\">Kh\u1ed1i l\u01b0\u1ee3ng<\/td>\n<td class=\"specs-table__value\">125g<\/td>\n<\/tr>\n<\/tbody>\n<\/table>\n<p>Vi\u1ec7c duy tr\u00ec m\u1ed9t ch\u1ebf \u0111\u1ed9 \u0103n u\u1ed1ng l\u00e0nh m\u1ea1nh nh\u01b0ng v\u1eabn ti\u1ec7n l\u1ee3i v\u00e0 \u0111\u1ee7 n\u0103ng l\u01b0\u1ee3ng \u0111\u00e3 tr\u1edf th\u00e0nh \u01b0u ti\u00ean h\u00e0ng \u0111\u1ea7u, kh\u00f4ng \u00edt ng\u01b0\u1eddi trong ch\u00fang ta t\u1eebng loay hoay v\u1edbi c\u00e2u h\u1ecfi n\u00ean \u0103n g\u00ec v\u00e0o bu\u1ed5i s\u00e1ng \u0111\u1ec3 v\u1eeba nhanh g\u1ecdn, v\u1eeba kh\u00f4ng g\u00e2y c\u1ea3m gi\u00e1c n\u1eb7ng n\u1ec1 nh\u01b0ng v\u1eabn \u0111\u1ea3m b\u1ea3o dinh d\u01b0\u1ee1ng cho m\u1ed9t ng\u00e0y d\u00e0i. C\u0169ng c\u00f3 nh\u1eefng l\u00fac, ta c\u1ea7n m\u1ed9t m\u00f3n \u0103n nh\u1eb9 v\u00e0o bu\u1ed5i chi\u1ec1u \u0111\u1ec3 v\u01b0\u1ee3t qua c\u01a1n \u0111\u00f3i m\u00e0 kh\u00f4ng khi\u1ebfn c\u01a1 th\u1ec3 b\u1ecb qu\u00e1 t\u1ea3i v\u1edbi \u0111\u01b0\u1eddng, d\u1ea7u hay tinh b\u1ed9t x\u1ea5u, v\u00e0 \u0111\u00f3 l\u00e0 c\u00e1ch m\u00e0 <strong data-start=\"871\" data-end=\"903\">Granola V\u1ecb Socola Chu\u1ed1i Yava<\/strong>\u00a0tr\u1edf th\u00e0nh m\u1ed9t l\u1ef1a ch\u1ecdn x\u1ee9ng \u0111\u00e1ng \u0111\u1ec3 hi\u1ec7n di\u1ec7n trong t\u1ee7 b\u1ebfp c\u1ee7a b\u1ea1n.<\/p>\n<p><img fetchpriority=\"high\" decoding=\"async\" class=\"aligncenter wp-image-41009\" src=\"https:\/\/havamall.com\/wp-content\/uploads\/2025\/07\/yava-chocolate-banana-125-gr-655483ba70a66.jpg\" alt=\"\" width=\"850\" height=\"850\" srcset=\"https:\/\/havamall.com\/wp-content\/uploads\/2025\/07\/yava-chocolate-banana-125-gr-655483ba70a66.jpg 1500w, https:\/\/havamall.com\/wp-content\/uploads\/2025\/07\/yava-chocolate-banana-125-gr-655483ba70a66-300x300.jpg 300w, https:\/\/havamall.com\/wp-content\/uploads\/2025\/07\/yava-chocolate-banana-125-gr-655483ba70a66-1024x1024.jpg 1024w, https:\/\/havamall.com\/wp-content\/uploads\/2025\/07\/yava-chocolate-banana-125-gr-655483ba70a66-150x150.jpg 150w, https:\/\/havamall.com\/wp-content\/uploads\/2025\/07\/yava-chocolate-banana-125-gr-655483ba70a66-768x768.jpg 768w, https:\/\/havamall.com\/wp-content\/uploads\/2025\/07\/yava-chocolate-banana-125-gr-655483ba70a66-12x12.jpg 12w, https:\/\/havamall.com\/wp-content\/uploads\/2025\/07\/yava-chocolate-banana-125-gr-655483ba70a66-600x600.jpg 600w, https:\/\/havamall.com\/wp-content\/uploads\/2025\/07\/yava-chocolate-banana-125-gr-655483ba70a66-1200x1200.jpg 1200w\" sizes=\"(max-width: 850px) 100vw, 850px\" \/><\/p>\n<p><strong>YAVA<\/strong> l\u00e0 th\u01b0\u01a1ng hi\u1ec7u \u0111\u1ebfn t\u1eeb Bali, Indonesia, n\u1ed5i ti\u1ebfng v\u1edbi cam k\u1ebft s\u1eed d\u1ee5ng<em><strong> 100% nguy\u00ean li\u1ec7u c\u00f3 ngu\u1ed3n g\u1ed1c t\u1ef1 nhi\u00ean, kh\u00f4ng ch\u1ea5t b\u1ea3o qu\u1ea3n, kh\u00f4ng h\u01b0\u01a1ng li\u1ec7u t\u1ed5ng h\u1ee3p<\/strong><\/em> v\u00e0 ho\u00e0n to\u00e0n thu\u1ea7n chay. <strong>Granola v\u1ecb Socola Chu\u1ed1i c\u1ee7a YAVA<\/strong> l\u00e0 m\u1ed9t ph\u1ea7n trong b\u1ed9 s\u01b0u t\u1eadp \u201c<strong>granola bites<\/strong>\u201d \u2013 t\u1ee9c <strong>d\u1ea1ng vi\u00ean nh\u1ecf g\u1ecdn<\/strong> \u0111\u01b0\u1ee3c \u00e9p ch\u1eb7t t\u1eeb c\u00e1c th\u00e0nh ph\u1ea7n nguy\u00ean b\u1ea3n nh\u01b0 y<em><strong>\u1ebfn m\u1ea1ch, h\u1ea1t, ng\u0169 c\u1ed1c, tr\u00e1i c\u00e2y s\u1ea5y v\u00e0 gia v\u1ecb t\u1ef1 nhi\u00ean<\/strong><\/em>\u2013 mang \u0111\u1ebfn s\u1ef1 thu\u1eadn ti\u1ec7n v\u01b0\u1ee3t tr\u1ed9i m\u00e0 v\u1eabn \u0111\u1ea3m b\u1ea3o h\u01b0\u01a1ng v\u1ecb h\u00e0i h\u00f2a, k\u1ebft c\u1ea5u gi\u00f2n tan h\u1ea5p d\u1eabn v\u00e0 gi\u00e1 tr\u1ecb dinh d\u01b0\u1ee1ng \u0111\u1ea7y \u0111\u1ee7 cho m\u1ed9t b\u1eefa \u0103n nhanh.<\/p>\n<p><img decoding=\"async\" class=\"aligncenter wp-image-41010\" src=\"https:\/\/havamall.com\/wp-content\/uploads\/2025\/07\/125g-Tropical-Fruits-Transition_0001_Bites_ChocolateBanana-2_Permanent.webp\" alt=\"\" width=\"850\" height=\"850\" srcset=\"https:\/\/havamall.com\/wp-content\/uploads\/2025\/07\/125g-Tropical-Fruits-Transition_0001_Bites_ChocolateBanana-2_Permanent.webp 1200w, https:\/\/havamall.com\/wp-content\/uploads\/2025\/07\/125g-Tropical-Fruits-Transition_0001_Bites_ChocolateBanana-2_Permanent-300x300.webp 300w, https:\/\/havamall.com\/wp-content\/uploads\/2025\/07\/125g-Tropical-Fruits-Transition_0001_Bites_ChocolateBanana-2_Permanent-1024x1024.webp 1024w, https:\/\/havamall.com\/wp-content\/uploads\/2025\/07\/125g-Tropical-Fruits-Transition_0001_Bites_ChocolateBanana-2_Permanent-150x150.webp 150w, https:\/\/havamall.com\/wp-content\/uploads\/2025\/07\/125g-Tropical-Fruits-Transition_0001_Bites_ChocolateBanana-2_Permanent-768x768.webp 768w, https:\/\/havamall.com\/wp-content\/uploads\/2025\/07\/125g-Tropical-Fruits-Transition_0001_Bites_ChocolateBanana-2_Permanent-12x12.webp 12w, https:\/\/havamall.com\/wp-content\/uploads\/2025\/07\/125g-Tropical-Fruits-Transition_0001_Bites_ChocolateBanana-2_Permanent-600x600.webp 600w\" sizes=\"(max-width: 850px) 100vw, 850px\" \/><\/p>\n<p>Trong m\u1ed7i g\u00f3i 125g l\u00e0 s\u1ef1 k\u1ebft h\u1ee3p c\u1ee7a <em><strong>y\u1ebfn m\u1ea1ch nguy\u00ean c\u00e1m chi\u1ebfm g\u1ea7n 30%<\/strong><\/em>, <em><strong>\u0111\u01b0\u1eddng Lontar<\/strong><\/em> \u2013 lo\u1ea1i \u0111\u01b0\u1eddng truy\u1ec1n th\u1ed1ng \u0111\u1eb7c s\u1ea3n t\u1eeb hoa th\u1ed1t n\u1ed1t Indonesia mang h\u01b0\u01a1ng ng\u1ecdt d\u1ecbu nh\u1eb9 t\u1ef1 nhi\u00ean, <em><strong>h\u1ea1t \u0111i\u1ec1u<\/strong><\/em> gi\u00e0u ch\u1ea5t b\u00e9o t\u1ed1t, <em><strong>g\u1ea1o l\u1ee9t \u0111\u1ecf<\/strong><\/em> gi\u00fap cung c\u1ea5p ch\u1ea5t x\u01a1 v\u00e0 carbohydrate ph\u1ee9c h\u1ee3p, <em><strong>chu\u1ed1i ch\u00edn Santan s\u1ea5y <\/strong><\/em>mang v\u1ecb ng\u1ecdt t\u1ef1 nhi\u00ean v\u00e0 \u0111\u1ed9 d\u1ebbo quy\u1ebfn r\u0169, <strong><em>d\u1ea7u d\u1eeba nguy\u00ean ch\u1ea5t<\/em><\/strong>, <strong><em>\u0111\u1eadu xanh, k\u00ea, b\u1ed9t cacao Sulawesi, mu\u1ed1i bi\u1ec3n<\/em><\/strong>, m\u1ed9t l\u01b0\u1ee3ng nh\u1ecf socola nguy\u00ean ch\u1ea5t c\u00f9ng h\u01b0\u01a1ng vani t\u1ef1 nhi\u00ean \u0111\u1ec3 t\u1ea1o chi\u1ec1u s\u00e2u h\u01b0\u01a1ng v\u1ecb. Kh\u00f4ng ch\u1ee9a b\u1ea5t k\u1ef3 th\u00e0nh ph\u1ea7n nh\u00e2n t\u1ea1o n\u00e0o, c\u00f4ng th\u1ee9c n\u00e0y kh\u00f4ng nh\u1eefng \u0111\u1ea3m b\u1ea3o th\u00e2n thi\u1ec7n v\u1edbi ng\u01b0\u1eddi theo l\u1ed1i s\u1ed1ng thu\u1ea7n chay m\u00e0 c\u00f2n ph\u00f9 h\u1ee3p v\u1edbi ng\u01b0\u1eddi \u0103n ki\u00eang, eat clean, ng\u01b0\u1eddi t\u1eadp th\u1ec3 d\u1ee5c ho\u1eb7c b\u1ea5t k\u1ef3 ai \u0111ang mu\u1ed1n gi\u1ea3m l\u01b0\u1ee3ng \u0111\u01b0\u1eddng tinh luy\u1ec7n v\u00e0 d\u1ea7u chi\u00ean c\u00f4ng nghi\u1ec7p kh\u1ecfi kh\u1ea9u ph\u1ea7n \u0103n h\u00e0ng ng\u00e0y.<\/p>\n<p><img decoding=\"async\" class=\"aligncenter\" src=\"https:\/\/havamall.com\/wp-content\/uploads\/2025\/07\/vn-11134207-7r98o-ly0oisyyopnf4e.jpg\" alt=\"Ng\u0169 c\u1ed1c tr\u00e1i c\u00e2y nhi\u1ec7t \u0111\u1edbi Yava 125g | Shopee Vi\u1ec7t Nam\" width=\"850\" height=\"850\" \/><\/p>\n<\/div>\n<div class=\"product-specs__table\">\n<p data-start=\"2445\" data-end=\"3045\"><em><strong>D\u01b0\u1edbi d\u1ea1ng vi\u00ean nh\u1ecf gi\u00f2n r\u1ee5m <\/strong><\/em>d\u1ec5 d\u00f9ng, c\u00f3 th\u1ec3 \u0103n tr\u1ef1c ti\u1ebfp nh\u01b0 snack, k\u1ebft h\u1ee3p v\u1edbi s\u1eefa chua kh\u00f4ng \u0111\u01b0\u1eddng, tr\u00e1i c\u00e2y t\u01b0\u01a1i, s\u1eefa h\u1ea1t ho\u1eb7c smoothie bowl \u0111\u1ec3 bi\u1ebfn h\u00f3a th\u00e0nh b\u1eefa s\u00e1ng nhanh g\u1ecdn, gi\u00e0u n\u0103ng l\u01b0\u1ee3ng m\u00e0 kh\u00f4ng c\u1ea7n chu\u1ea9n b\u1ecb c\u1ea7u k\u1ef3. B\u00ean c\u1ea1nh \u0111\u00f3, v\u00ec kh\u00f4ng ch\u1ee9a lactose v\u00e0 kh\u00f4ng c\u00f3 \u0111\u01b0\u1eddng tinh luy\u1ec7n, s\u1ea3n ph\u1ea9m c\u0169ng d\u1ec5 ti\u00eau h\u00f3a v\u00e0 kh\u00f4ng g\u00e2y c\u1ea3m gi\u00e1c n\u1eb7ng b\u1ee5ng.<\/p>\n<p data-start=\"2445\" data-end=\"3045\"><img loading=\"lazy\" decoding=\"async\" class=\"aligncenter wp-image-41011\" src=\"https:\/\/havamall.com\/wp-content\/uploads\/2025\/07\/chunky-monkey-chocolate-granola-22.webp\" alt=\"\" width=\"850\" height=\"1276\" srcset=\"https:\/\/havamall.com\/wp-content\/uploads\/2025\/07\/chunky-monkey-chocolate-granola-22.webp 1365w, https:\/\/havamall.com\/wp-content\/uploads\/2025\/07\/chunky-monkey-chocolate-granola-22-200x300.webp 200w, https:\/\/havamall.com\/wp-content\/uploads\/2025\/07\/chunky-monkey-chocolate-granola-22-683x1024.webp 683w, https:\/\/havamall.com\/wp-content\/uploads\/2025\/07\/chunky-monkey-chocolate-granola-22-768x1152.webp 768w, https:\/\/havamall.com\/wp-content\/uploads\/2025\/07\/chunky-monkey-chocolate-granola-22-8x12.webp 8w, https:\/\/havamall.com\/wp-content\/uploads\/2025\/07\/chunky-monkey-chocolate-granola-22-600x900.webp 600w, https:\/\/havamall.com\/wp-content\/uploads\/2025\/07\/chunky-monkey-chocolate-granola-22-1200x1800.webp 1200w, https:\/\/havamall.com\/wp-content\/uploads\/2025\/07\/chunky-monkey-chocolate-granola-22-150x225.webp 150w\" sizes=\"(max-width: 850px) 100vw, 850px\" \/><\/p>\n<p data-start=\"3496\" data-end=\"4080\">Th\u1ecb tr\u01b0\u1eddng ng\u0169 c\u1ed1c hi\u1ec7n nay c\u00f3 v\u00f4 v\u00e0n l\u1ef1a ch\u1ecdn nh\u01b0ng kh\u00f4ng ph\u1ea3i s\u1ea3n ph\u1ea9m n\u00e0o c\u0169ng \u0111\u1ea3m b\u1ea3o \u0111\u01b0\u1ee3c c\u1ea3 ba y\u1ebfu t\u1ed1: ngon mi\u1ec7ng, l\u00e0nh m\u1ea1nh v\u00e0 trung th\u1ef1c.<strong> Granola Bites V\u1ecb Socola Chu\u1ed1i c\u1ee7a YAVA<\/strong> kh\u00f4ng ch\u1ec9 l\u00e0m t\u1ed1t c\u1ea3 ba \u0111i\u1ec1u \u0111\u00f3 m\u00e0 c\u00f2n \u0111em \u0111\u1ebfn m\u1ed9t c\u1ea3m gi\u00e1c t\u1eadn h\u01b0\u1edfng r\u00f5 r\u1ec7t \u2013 kh\u00f4ng ch\u1ec9 l\u00e0 m\u00f3n \u0103n m\u00e0 c\u00f2n l\u00e0 m\u1ed9t ph\u1ea7n c\u1ee7a phong c\u00e1ch s\u1ed1ng t\u00edch c\u1ef1c, hi\u1ec7n \u0111\u1ea1i v\u00e0 \u0111\u1ea7y t\u1ec9nh th\u1ee9c. S\u1ea3n ph\u1ea9m n\u00e0y hi\u1ec7n \u0111\u00e3 c\u00f3 m\u1eb7t t\u1ea1i Havamall.<\/p>\n<\/div>\n<\/div>\n<\/div>\n<\/div>","protected":false},"excerpt":{"rendered":"<p>TH\u00d4NG TIN CHUNG Th\u01b0\u01a1ng hi\u1ec7u Yava Xu\u1ea5t x\u1ee9 Indonesia H\u1ea1n s\u1eed d\u1ee5ng Xem tr\u00ean bao b\u00ec H\u01b0\u1edbng d\u1eabn b\u1ea3o qu\u1ea3n<\/p>","protected":false},"featured_media":41008,"comment_status":"open","ping_status":"closed","template":"","meta":[],"product_brand":[],"product_cat":[730,36,496],"product_tag":[],"class_list":{"0":"post-41007","1":"product","2":"type-product","3":"status-publish","4":"has-post-thumbnail","6":"product_cat-cac-nuoc-khac","7":"product_cat-thuc-pham-tieu-dung","8":"product_cat-thuc-pham-thuan-chay","10":"first","11":"instock","12":"sale","13":"shipping-taxable","14":"purchasable","15":"product-type-simple"},"_links":{"self":[{"href":"https:\/\/havamall.com\/en\/wp-json\/wp\/v2\/product\/41007","targetHints":{"allow":["GET"]}}],"collection":[{"href":"https:\/\/havamall.com\/en\/wp-json\/wp\/v2\/product"}],"about":[{"href":"https:\/\/havamall.com\/en\/wp-json\/wp\/v2\/types\/product"}],"replies":[{"embeddable":true,"href":"https:\/\/havamall.com\/en\/wp-json\/wp\/v2\/comments?post=41007"}],"version-history":[{"count":0,"href":"https:\/\/havamall.com\/en\/wp-json\/wp\/v2\/product\/41007\/revisions"}],"wp:featuredmedia":[{"embeddable":true,"href":"https:\/\/havamall.com\/en\/wp-json\/wp\/v2\/media\/41008"}],"wp:attachment":[{"href":"https:\/\/havamall.com\/en\/wp-json\/wp\/v2\/media?parent=41007"}],"wp:term":[{"taxonomy":"product_brand","embeddable":true,"href":"https:\/\/havamall.com\/en\/wp-json\/wp\/v2\/product_brand?post=41007"},{"taxonomy":"product_cat","embeddable":true,"href":"https:\/\/havamall.com\/en\/wp-json\/wp\/v2\/product_cat?post=41007"},{"taxonomy":"product_tag","embeddable":true,"href":"https:\/\/havamall.com\/en\/wp-json\/wp\/v2\/product_tag?post=41007"}],"curies":[{"name":"wp","href":"https:\/\/api.w.org\/{rel}","templated":true}]}}