{"id":41014,"date":"2025-07-10T10:56:14","date_gmt":"2025-07-10T03:56:14","guid":{"rendered":"https:\/\/havamall.com\/?post_type=product&#038;p=41014"},"modified":"2025-07-10T10:56:14","modified_gmt":"2025-07-10T03:56:14","slug":"ngu-coc-granola-vi-socola-vani-yava-125g-granola-bites-chocolate-vanilla","status":"publish","type":"product","link":"https:\/\/havamall.com\/en\/shop\/ngu-coc-granola-vi-socola-vani-yava-125g-granola-bites-chocolate-vanilla\/","title":{"rendered":"Ng\u0169 C\u1ed1c Granola V\u1ecb Socola Vani Yava 125g \u2013 Granola Bites Chocolate Vanilla"},"content":{"rendered":"<h2 class=\"product-detail__specs-title\"><strong>TH\u00d4NG TIN CHUNG<\/strong><\/h2>\n<div id=\"js-product-detail__specs\" class=\"product-detail__specs\">\n<div class=\"row\">\n<div class=\"col-sm-12\">\n<div class=\"product-specs__table\">\n<table>\n<tbody>\n<tr>\n<td class=\"specs-table__property\">Th\u01b0\u01a1ng hi\u1ec7u<\/td>\n<td class=\"specs-table__value\">Yava<\/td>\n<\/tr>\n<tr>\n<td class=\"specs-table__property\">Xu\u1ea5t x\u1ee9<\/td>\n<td class=\"specs-table__value\">Indonesia<\/td>\n<\/tr>\n<tr>\n<td class=\"specs-table__property\">H\u1ea1n s\u1eed d\u1ee5ng<\/td>\n<td class=\"specs-table__value\">Xem tr\u00ean bao b\u00ec<\/td>\n<\/tr>\n<tr>\n<td class=\"specs-table__property\">H\u01b0\u1edbng d\u1eabn b\u1ea3o qu\u1ea3n<\/td>\n<td class=\"specs-table__value\">N\u01a1i kh\u00f4 r\u00e1o, tho\u00e1ng m\u00e1t, tr\u00e1nh \u00e1nh n\u1eafng tr\u1ef1c ti\u1ebfp<\/td>\n<\/tr>\n<tr>\n<td class=\"specs-table__property\">Th\u00e0nh ph\u1ea7n nguy\u00ean li\u1ec7u<\/td>\n<td class=\"specs-table__value\">\n<div id=\"ingredients\" class=\"data item content resp-tab-content d-block\" role=\"tabpanel\" data-role=\"content\" aria-labelledby=\"tab-label-ingredients\" aria-hidden=\"true\">\n<div class=\"product attribute ingredients\">\n<div class=\"value\">Xem tr\u00ean bao b\u00ec<\/div>\n<\/div>\n<\/div>\n<\/td>\n<\/tr>\n<tr>\n<td class=\"specs-table__property\">Kh\u1ed1i l\u01b0\u1ee3ng<\/td>\n<td class=\"specs-table__value\">125g<\/td>\n<\/tr>\n<\/tbody>\n<\/table>\n<p data-start=\"149\" data-end=\"186\"><span class=\"relative -mx-px my-[-0.2rem] rounded px-px py-[0.2rem] transition-colors duration-100 ease-in-out\">Trong th\u1eddi \u0111\u1ea1i m\u00e0 ng\u01b0\u1eddi ti\u00eau d\u00f9ng \u0111ang ng\u00e0y c\u00e0ng quan t\u00e2m \u0111\u1ebfn s\u1ee9c kh\u1ecfe v\u00e0 s\u1ef1 ti\u1ec7n l\u1ee3i trong c\u00e1c b\u1eefa \u0103n h\u00e0ng ng\u00e0y, l\u1ef1a ch\u1ecdn m\u1ed9t s\u1ea3n ph\u1ea9m snack v\u1eeba ngon, v\u1eeba l\u00e0nh m\u1ea1nh, l\u1ea1i d\u1ec5 d\u00e0ng mang theo b\u00ean ng\u01b0\u1eddi tr\u1edf th\u00e0nh ti\u00eau ch\u00ed h\u00e0ng \u0111\u1ea7u. V\u1edbi nh\u1eefng ai y\u00eau th\u00edch h\u01b0\u01a1ng v\u1ecb socola nh\u1eb9 nh\u00e0ng k\u1ebft h\u1ee3p c\u00f9ng s\u1ef1 tinh t\u1ebf c\u1ee7a vani v\u00e0 gi\u00e1 tr\u1ecb dinh d\u01b0\u1ee1ng t\u1eeb ng\u0169 c\u1ed1c nguy\u00ean c\u00e1m,\u00a0<strong data-start=\"355\" data-end=\"407\">Granola Bites Chocolate Vanilla c\u1ee7a YAVA (125\u202fg)<\/strong>\u00a0l\u00e0 m\u1ed9t l\u1ef1a ch\u1ecdn ho\u00e0n h\u1ea3o \u0111\u1ec3 b\u1ed5 sung v\u00e0o th\u1ef1c \u0111\u01a1n h\u00e0ng ng\u00e0y, t\u1eeb b\u1eefa s\u00e1ng nhanh g\u1ecdn \u0111\u1ebfn snack ph\u1ee5 gi\u1eefa gi\u1edd l\u00e0m vi\u1ec7c hay khi \u0111i ch\u01a1i, d\u00e3 ngo\u1ea1i.<\/span><\/p>\n<p data-start=\"149\" data-end=\"186\"><img fetchpriority=\"high\" decoding=\"async\" class=\"aligncenter\" src=\"https:\/\/havamall.com\/wp-content\/uploads\/2025\/07\/tw-11134208-7qul8-ljr0xmom4g5if0.jpg\" width=\"850\" height=\"567\" \/><\/p>\n<p data-start=\"149\" data-end=\"186\"><strong>YAVA<\/strong> l\u00e0 th\u01b0\u01a1ng hi\u1ec7u granola t\u1eeb Bali, Indonesia cam k\u1ebft s\u1eed d\u1ee5ng nguy\u00ean li\u1ec7u t\u1ef1 nhi\u00ean, kh\u00f4ng ch\u1ea5t b\u1ea3o qu\u1ea3n hay h\u01b0\u01a1ng li\u1ec7u t\u1ed5ng h\u1ee3p, h\u01b0\u1edbng \u0111\u1ebfn ng\u01b0\u1eddi \u0103n chay, thu\u1ea7n chay v\u00e0 y\u00eau th\u00edch ch\u1ebf \u0111\u1ed9 eat\u2011clean. D\u00f2ng s\u1ea3n ph\u1ea9m Granola Bites Chocolate Vanilla \u0111\u01b0\u1ee3c ch\u1ebf bi\u1ebfn d\u1ea1ng vi\u00ean nh\u1ecf, \u00e9p ch\u1eb7t t\u1eeb s\u1ef1 k\u1ebft h\u1ee3p gi\u1eefa y\u1ebfn m\u1ea1ch, g\u1ea1o l\u1ee9t, h\u1ea1t \u0111i\u1ec1u v\u00e0 cacao, mang \u0111\u1ebfn c\u1ea3 v\u1ecb ngon l\u1eabn k\u1ebft c\u1ea5u gi\u00f2n tan.<\/p>\n<p data-start=\"149\" data-end=\"186\"><img decoding=\"async\" class=\"aligncenter\" src=\"https:\/\/havamall.com\/wp-content\/uploads\/2025\/07\/id-11134207-7qukw-ljnr635a9lfz91.jpg\" alt=\"Qoo10 - Fun Shopping at Big Discounts\" width=\"849\" height=\"849\" \/><\/p>\n<p data-start=\"149\" data-end=\"186\">Trong m\u1ed7i g\u00f3i 125g l\u00e0 s\u1ef1 k\u1ebft h\u1ee3p c\u1ee7a\u00a0<em><strong>y\u1ebfn m\u1ea1ch nguy\u00ean c\u00e1m chi\u1ebfm 35,5%<\/strong><\/em>,\u00a0<em><strong>\u0111\u01b0\u1eddng Lontar<\/strong><\/em>\u00a0\u2013 lo\u1ea1i \u0111\u01b0\u1eddng truy\u1ec1n th\u1ed1ng \u0111\u1eb7c s\u1ea3n t\u1eeb hoa th\u1ed1t n\u1ed1t Indonesia mang h\u01b0\u01a1ng ng\u1ecdt d\u1ecbu nh\u1eb9 t\u1ef1 nhi\u00ean,\u00a0<em><strong>h\u1ea1t \u0111i\u1ec1u<\/strong><\/em>\u00a0gi\u00e0u ch\u1ea5t b\u00e9o t\u1ed1t,\u00a0<em><strong>g\u1ea1o l\u1ee9t \u0111\u1ecf<\/strong><\/em> gi\u00fap cung c\u1ea5p ch\u1ea5t x\u01a1 v\u00e0 carbohydrate ph\u1ee9c h\u1ee3p,\u00a0<strong><em>d\u1ea7u d\u1eeba nguy\u00ean ch\u1ea5t<\/em><\/strong>,\u00a0<strong><em>\u0111\u1eadu xanh, k\u00ea, b\u1ed9t cacao Sulawesi, mu\u1ed1i bi\u1ec3n<\/em><\/strong>, natri hydrogen carbonat c\u00f9ng h\u01b0\u01a1ng vani t\u1ef1 nhi\u00ean v\u00e0 vani paste 0,01%. C\u00f4ng th\u1ee9c kh\u00f4ng ch\u1ec9 gi\u00e0u ch\u1ea5t x\u01a1 t\u1eeb y\u1ebfn m\u1ea1ch v\u00e0 g\u1ea1o l\u1ee9t m\u00e0 c\u00f2n b\u1ed5 sung ch\u1ea5t b\u00e9o t\u1ed1t t\u1eeb h\u1ea1t \u0111i\u1ec1u, gi\u00fap t\u1ea1o c\u1ea3m gi\u00e1c no l\u00e2u v\u00e0 mang l\u1ea1i n\u0103ng l\u01b0\u1ee3ng b\u1ec1n b\u1ec9.<\/p>\n<p data-start=\"149\" data-end=\"186\"><img decoding=\"async\" class=\"aligncenter  wp-image-41016\" src=\"https:\/\/havamall.com\/wp-content\/uploads\/2025\/07\/17472d92-cb52-48b3-97a8-3d49c93258ff-scaled.jpg\" alt=\"\" width=\"848\" height=\"636\" srcset=\"https:\/\/havamall.com\/wp-content\/uploads\/2025\/07\/17472d92-cb52-48b3-97a8-3d49c93258ff-scaled.jpg 2560w, https:\/\/havamall.com\/wp-content\/uploads\/2025\/07\/17472d92-cb52-48b3-97a8-3d49c93258ff-300x225.jpg 300w, https:\/\/havamall.com\/wp-content\/uploads\/2025\/07\/17472d92-cb52-48b3-97a8-3d49c93258ff-1024x768.jpg 1024w, https:\/\/havamall.com\/wp-content\/uploads\/2025\/07\/17472d92-cb52-48b3-97a8-3d49c93258ff-768x576.jpg 768w, https:\/\/havamall.com\/wp-content\/uploads\/2025\/07\/17472d92-cb52-48b3-97a8-3d49c93258ff-16x12.jpg 16w, https:\/\/havamall.com\/wp-content\/uploads\/2025\/07\/17472d92-cb52-48b3-97a8-3d49c93258ff-600x450.jpg 600w, https:\/\/havamall.com\/wp-content\/uploads\/2025\/07\/17472d92-cb52-48b3-97a8-3d49c93258ff-1200x900.jpg 1200w, https:\/\/havamall.com\/wp-content\/uploads\/2025\/07\/17472d92-cb52-48b3-97a8-3d49c93258ff-150x113.jpg 150w\" sizes=\"(max-width: 848px) 100vw, 848px\" \/><\/p>\n<p data-start=\"2445\" data-end=\"3045\"><em><strong>D\u01b0\u1edbi d\u1ea1ng vi\u00ean nh\u1ecf gi\u00f2n r\u1ee5m\u00a0<\/strong><\/em>d\u1ec5 d\u00f9ng, c\u00f3 th\u1ec3 \u0103n tr\u1ef1c ti\u1ebfp nh\u01b0 snack, k\u1ebft h\u1ee3p v\u1edbi s\u1eefa chua kh\u00f4ng \u0111\u01b0\u1eddng, tr\u00e1i c\u00e2y t\u01b0\u01a1i, s\u1eefa h\u1ea1t ho\u1eb7c smoothie bowl \u0111\u1ec3 bi\u1ebfn h\u00f3a th\u00e0nh b\u1eefa s\u00e1ng nhanh g\u1ecdn, gi\u00e0u n\u0103ng l\u01b0\u1ee3ng m\u00e0 kh\u00f4ng c\u1ea7n chu\u1ea9n b\u1ecb c\u1ea7u k\u1ef3. <span class=\"relative -mx-px my-[-0.2rem] rounded px-px py-[0.2rem] transition-colors duration-100 ease-in-out\">YAVA c\u0169ng mang \u0111\u1ebfn cam k\u1ebft r\u00f5 r\u00e0ng r\u1eb1ng s\u1ea3n ph\u1ea9m n\u00e0y <strong data-start=\"53\" data-end=\"133\">kh\u00f4ng ch\u1ee9a ch\u1ea5t b\u1ea3o qu\u1ea3n, kh\u00f4ng ph\u1ea9m m\u00e0u nh\u00e2n t\u1ea1o ho\u1eb7c ch\u1ea5t \u0111i\u1ec1u v\u1ecb t\u1ed5ng h\u1ee3p<\/strong>, ho\u00e0n to\u00e0n an to\u00e0n v\u00e0 ph\u00f9 h\u1ee3p v\u1edbi ng\u01b0\u1eddi \u0103n thu\u1ea7n chay, ng\u01b0\u1eddi \u0103n chay linh ho\u1ea1t, ng\u01b0\u1eddi kh\u00f4ng dung n\u1ea1p lactose v\u00e0 b\u1ea5t k\u1ef3 ai quan t\u00e2m \u0111\u1ebfn ch\u1ebf \u0111\u1ed9 \u0103n s\u1ea1ch.<\/span><\/p>\n<p data-start=\"2445\" data-end=\"3045\"><img loading=\"lazy\" decoding=\"async\" class=\"aligncenter  wp-image-41017\" src=\"https:\/\/havamall.com\/wp-content\/uploads\/2025\/07\/481905819_18484878043025613_4735850986785948860_n.jpg\" alt=\"\" width=\"850\" height=\"1062\" srcset=\"https:\/\/havamall.com\/wp-content\/uploads\/2025\/07\/481905819_18484878043025613_4735850986785948860_n.jpg 1385w, https:\/\/havamall.com\/wp-content\/uploads\/2025\/07\/481905819_18484878043025613_4735850986785948860_n-240x300.jpg 240w, https:\/\/havamall.com\/wp-content\/uploads\/2025\/07\/481905819_18484878043025613_4735850986785948860_n-819x1024.jpg 819w, https:\/\/havamall.com\/wp-content\/uploads\/2025\/07\/481905819_18484878043025613_4735850986785948860_n-768x960.jpg 768w, https:\/\/havamall.com\/wp-content\/uploads\/2025\/07\/481905819_18484878043025613_4735850986785948860_n-10x12.jpg 10w, https:\/\/havamall.com\/wp-content\/uploads\/2025\/07\/481905819_18484878043025613_4735850986785948860_n-600x750.jpg 600w, https:\/\/havamall.com\/wp-content\/uploads\/2025\/07\/481905819_18484878043025613_4735850986785948860_n-1200x1500.jpg 1200w, https:\/\/havamall.com\/wp-content\/uploads\/2025\/07\/481905819_18484878043025613_4735850986785948860_n-150x187.jpg 150w\" sizes=\"(max-width: 850px) 100vw, 850px\" \/><\/p>\n<p data-start=\"2445\" data-end=\"3045\"><strong data-start=\"761\" data-end=\"807\">Granola Bites Chocolate Vanilla YAVA 125\u202fg<\/strong> l\u00e0 m\u1ed9t l\u1ef1a ch\u1ecdn snack th\u00f4ng minh cho l\u1ed1i s\u1ed1ng hi\u1ec7n \u0111\u1ea1i, n\u01a1i b\u1ea1n kh\u00f4ng c\u00f2n mu\u1ed1n \u0111\u00e1nh \u0111\u1ed5i gi\u1eefa ti\u1ec7n l\u1ee3i v\u00e0 s\u1ee9c kh\u1ecfe. S\u1ea3n ph\u1ea9m h\u1ed9i t\u1ee5 \u0111\u1ee7 c\u00e1c y\u1ebfu t\u1ed1: nguy\u00ean li\u1ec7u r\u00f5 ngu\u1ed3n g\u1ed1c, h\u01b0\u01a1ng v\u1ecb tinh t\u1ebf, k\u1ebft c\u1ea5u gi\u00f2n tan v\u00e0 bao b\u00ec ti\u1ec7n l\u1ee3i, nay \u0111\u00e3 c\u00f3 m\u1eb7t t\u1ea1i <strong>Havamall<\/strong> !<\/p>\n<\/div>\n<\/div>\n<\/div>\n<\/div>\n","protected":false},"excerpt":{"rendered":"<p>TH\u00d4NG TIN CHUNG Th\u01b0\u01a1ng hi\u1ec7u Yava Xu\u1ea5t x\u1ee9 Indonesia H\u1ea1n s\u1eed d\u1ee5ng Xem tr\u00ean bao b\u00ec H\u01b0\u1edbng d\u1eabn b\u1ea3o qu\u1ea3n<\/p>","protected":false},"featured_media":41015,"comment_status":"open","ping_status":"closed","template":"","meta":[],"product_brand":[],"product_cat":[730,496],"product_tag":[],"class_list":{"0":"post-41014","1":"product","2":"type-product","3":"status-publish","4":"has-post-thumbnail","6":"product_cat-cac-nuoc-khac","7":"product_cat-thuc-pham-thuan-chay","9":"first","10":"instock","11":"sale","12":"shipping-taxable","13":"purchasable","14":"product-type-simple"},"_links":{"self":[{"href":"https:\/\/havamall.com\/en\/wp-json\/wp\/v2\/product\/41014","targetHints":{"allow":["GET"]}}],"collection":[{"href":"https:\/\/havamall.com\/en\/wp-json\/wp\/v2\/product"}],"about":[{"href":"https:\/\/havamall.com\/en\/wp-json\/wp\/v2\/types\/product"}],"replies":[{"embeddable":true,"href":"https:\/\/havamall.com\/en\/wp-json\/wp\/v2\/comments?post=41014"}],"version-history":[{"count":0,"href":"https:\/\/havamall.com\/en\/wp-json\/wp\/v2\/product\/41014\/revisions"}],"wp:featuredmedia":[{"embeddable":true,"href":"https:\/\/havamall.com\/en\/wp-json\/wp\/v2\/media\/41015"}],"wp:attachment":[{"href":"https:\/\/havamall.com\/en\/wp-json\/wp\/v2\/media?parent=41014"}],"wp:term":[{"taxonomy":"product_brand","embeddable":true,"href":"https:\/\/havamall.com\/en\/wp-json\/wp\/v2\/product_brand?post=41014"},{"taxonomy":"product_cat","embeddable":true,"href":"https:\/\/havamall.com\/en\/wp-json\/wp\/v2\/product_cat?post=41014"},{"taxonomy":"product_tag","embeddable":true,"href":"https:\/\/havamall.com\/en\/wp-json\/wp\/v2\/product_tag?post=41014"}],"curies":[{"name":"wp","href":"https:\/\/api.w.org\/{rel}","templated":true}]}}