{"id":41343,"date":"2025-07-25T11:52:49","date_gmt":"2025-07-25T04:52:49","guid":{"rendered":"https:\/\/havamall.com\/?post_type=product&#038;p=41343"},"modified":"2025-07-25T11:52:54","modified_gmt":"2025-07-25T04:52:54","slug":"kem-so-co-la-mingo-gap-doi-huong-vi-hu-60g-double-chocolate-ice-cream-mingo","status":"publish","type":"product","link":"https:\/\/havamall.com\/en\/shop\/kem-so-co-la-mingo-gap-doi-huong-vi-hu-60g-double-chocolate-ice-cream-mingo\/","title":{"rendered":"Kem S\u00f4 C\u00f4 La Mingo G\u1ea5p \u0110\u00f4i H\u01b0\u01a1ng V\u1ecb H\u0169 60g \u2013 Double Chocolate Ice Cream Mingo"},"content":{"rendered":"<h3 data-start=\"165\" data-end=\"191\"><em><strong data-start=\"169\" data-end=\"191\">TH\u00d4NG TIN S\u1ea2N PH\u1ea8M<\/strong><\/em><\/h3>\n<table class=\"w-fit min-w-(--thread-content-width)\" style=\"width: 74.8756%;height: 184px\" data-start=\"412\" data-end=\"846\">\n<thead data-start=\"412\" data-end=\"467\">\n<tr data-start=\"412\" data-end=\"467\">\n<th style=\"text-align: left\" data-start=\"412\" data-end=\"431\" data-col-size=\"sm\">Th\u01b0\u01a1ng hi\u1ec7u<\/th>\n<th style=\"text-align: left\" data-start=\"431\" data-end=\"467\" data-col-size=\"md\">Mingo<\/th>\n<\/tr>\n<\/thead>\n<tbody data-start=\"524\" data-end=\"846\">\n<tr data-start=\"524\" data-end=\"579\">\n<td data-start=\"524\" data-end=\"543\" data-col-size=\"sm\">Xu\u1ea5t x\u1ee9<\/td>\n<td data-col-size=\"md\" data-start=\"543\" data-end=\"579\">Th\u00e1i Lan<\/td>\n<\/tr>\n<tr data-start=\"580\" data-end=\"678\">\n<td data-start=\"580\" data-end=\"599\" data-col-size=\"sm\">Th\u00e0nh ph\u1ea7n<\/td>\n<td data-col-size=\"md\" data-start=\"599\" data-end=\"678\">Kem s\u1eefa, b\u1ed9t cacao, s\u00f4 c\u00f4 la chip, \u0111\u01b0\u1eddng, ch\u1ea5t \u1ed5n \u0111\u1ecbnh, h\u01b0\u01a1ng li\u1ec7u t\u1ef1 nhi\u00ean<\/td>\n<\/tr>\n<tr data-start=\"679\" data-end=\"734\">\n<td data-start=\"679\" data-end=\"698\" data-col-size=\"sm\">H\u1ea1n s\u1eed d\u1ee5ng<\/td>\n<td data-col-size=\"md\" data-start=\"698\" data-end=\"734\">18 th\u00e1ng k\u1ec3 t\u1eeb NSX<\/td>\n<\/tr>\n<tr data-start=\"735\" data-end=\"790\">\n<td data-start=\"735\" data-end=\"754\" data-col-size=\"sm\">B\u1ea3o qu\u1ea3n<\/td>\n<td data-col-size=\"md\" data-start=\"754\" data-end=\"790\">\u1ede nhi\u1ec7t \u0111\u1ed9 -18\u00b0C ho\u1eb7c th\u1ea5p h\u01a1n<\/td>\n<\/tr>\n<tr data-start=\"791\" data-end=\"846\">\n<td data-start=\"791\" data-end=\"810\" data-col-size=\"sm\">Quy c\u00e1ch<\/td>\n<td data-col-size=\"md\" data-start=\"810\" data-end=\"846\">H\u1ed9p 60g<\/td>\n<\/tr>\n<\/tbody>\n<\/table>\n<p>Trong th\u1ebf gi\u1edbi c\u1ee7a nh\u1eefng t\u00edn \u0111\u1ed3 h\u1ea3o ng\u1ecdt, <em><strong>chocolate <\/strong><\/em>lu\u00f4n chi\u1ebfm m\u1ed9t v\u1ecb tr\u00ed \u0111\u1eb7c bi\u1ec7t \u2013 l\u00e0 bi\u1ec3u t\u01b0\u1ee3ng c\u1ee7a s\u1ef1 ng\u1ecdt ng\u00e0o, tinh t\u1ebf v\u00e0 c\u1ea3m x\u00fac s\u00e2u l\u1eafng. V\u00e0 khi k\u1ebft c\u1ea5u m\u1ec1m m\u1ecbn c\u1ee7a kem h\u00f2a quy\u1ec7n c\u00f9ng h\u01b0\u01a1ng v\u1ecb s\u00f4c\u00f4la \u0111\u1eadm \u0111\u1eb7c, t\u1ea5t c\u1ea3 nh\u01b0 \u0111\u01b0\u1ee3c \u0111\u01b0a v\u00e0o m\u1ed9t th\u1ebf gi\u1edbi ho\u00e0n to\u00e0n kh\u00e1c \u2013 n\u01a1i v\u1ecb gi\u00e1c \u0111\u01b0\u1ee3c chi\u1ec1u chu\u1ed9ng v\u00e0 c\u1ea3m x\u00fac \u0111\u01b0\u1ee3c n\u00e2ng niu.<\/p>\n<p><img fetchpriority=\"high\" decoding=\"async\" class=\"aligncenter\" src=\"https:\/\/havamall.com\/wp-content\/uploads\/2025\/07\/cach-lam-kem-chocolate-socola.jpg\" alt=\"C\u00e1ch L\u00e0m Kem Socola \u0110\u01a1n Gi\u1ea3n T\u1ea1i Nh\u00e0 Cu\u1ed1i Tu\u1ea7n\" width=\"802\" height=\"451\" \/><\/p>\n<p>Kh\u00f4ng gi\u1ed1ng v\u1edbi c\u00e1c lo\u1ea1i kem truy\u1ec1n th\u1ed1ng ch\u1ec9 d\u1eebng l\u1ea1i \u1edf m\u1ed9t t\u1ea7ng v\u1ecb, c\u00f4ng th\u1ee9c &#8220;<em><strong>double chocolate<\/strong><\/em>&#8221; c\u1ee7a <em><strong>Mingo<\/strong> <\/em>mang \u0111\u1ebfn hai s\u1eafc th\u00e1i s\u00f4 c\u00f4 la: l<em><strong>\u1edbp kem n\u1ec1n cacao m\u01b0\u1ee3t m\u00e0<\/strong><\/em> v\u00e0 <em><strong>l\u1edbp s\u00f4 c\u00f4 la chip \u0111\u01b0\u1ee3c r\u1ea3i \u0111\u1ec1u<\/strong><\/em>, t\u1ea1o n\u00ean s\u1ef1 ch\u00eanh l\u1ec7ch \u0111\u1ea7y h\u1ea5p d\u1eabn gi\u1eefa c\u00e1i m\u1ecbn \u2013 c\u00e1i gi\u00f2n, gi\u1eefa v\u1ecb ng\u1ecdt thanh \u2013 \u0111\u1eadm \u0111\u00e0. Ch\u00ednh s\u1ef1 t\u01b0\u01a1ng ph\u1ea3n \u1ea5y khi\u1ebfn m\u1ed7i l\u1ea7n th\u01b0\u1edfng th\u1ee9c \u0111\u1ec1u c\u00f3 chi\u1ec1u s\u00e2u, thay v\u00ec \u0111\u01a1n \u0111i\u1ec7u.<\/p>\n<p><img decoding=\"async\" class=\"aligncenter\" src=\"https:\/\/havamall.com\/wp-content\/uploads\/2025\/07\/15809309395e3b177bb85dc.jpg\" alt=\"Vegan Double Chocolate Chip Ice Cream Recipe | The Feedfeed\" width=\"800\" height=\"1000\" \/><\/p>\n<p data-start=\"1767\" data-end=\"2276\"><em><strong>Mingo<\/strong> <\/em>l\u00e0 th\u01b0\u01a1ng hi\u1ec7u kem n\u1ed5i ti\u1ebfng t\u1ea1i <em><strong>Th\u00e1i Lan<\/strong><\/em>, v\u1ed1n n\u1ed5i b\u1eadt nh\u1edd kh\u1ea3 n\u0103ng k\u1ebft h\u1ee3p h\u01b0\u01a1ng v\u1ecb \u0111\u1ecba ph\u01b0\u01a1ng v\u1edbi ti\u00eau chu\u1ea9n s\u1ea3n xu\u1ea5t hi\u1ec7n \u0111\u1ea1i. V\u1edbi d\u00f2ng kem s\u00f4 c\u00f4 la k\u00e9p n\u00e0y, Mingo gi\u1eef nguy\u00ean s\u1ef1 tinh gi\u1ea3n trong th\u00e0nh ph\u1ea7n, ch\u00fa tr\u1ecdng \u0111\u1ebfn h\u01b0\u01a1ng li\u1ec7u t\u1ef1 nhi\u00ean v\u00e0 nguy\u00ean li\u1ec7u s\u1eefa t\u01b0\u01a1i \u0111\u1ec3 \u0111\u1ea3m b\u1ea3o v\u1ecb ng\u1eady, b\u00e9o nh\u01b0ng kh\u00f4ng g\u1eaft. Kem \u0111\u01b0\u1ee3c \u0111\u00f3ng trong h\u1ed9p nh\u1ecf 60g \u2013 v\u1eeba \u0111\u1ee7 cho m\u1ed9t l\u1ea7n th\u01b0\u1edfng th\u1ee9c, tr\u00e1nh g\u00e2y ng\u00e1n v\u00e0 c\u1ef1c k\u1ef3 ph\u00f9 h\u1ee3p mang theo trong c\u00e1c bu\u1ed5i d\u00e3 ngo\u1ea1i, ti\u1ec7c sinh nh\u1eadt hay ch\u1ec9 \u0111\u01a1n gi\u1ea3n l\u00e0 b\u1eefa tr\u00e1ng mi\u1ec7ng cu\u1ed1i ng\u00e0y.<\/p>\n<p data-start=\"1767\" data-end=\"2276\"><img decoding=\"async\" class=\"aligncenter\" src=\"https:\/\/scontent.fsgn19-1.fna.fbcdn.net\/v\/t39.30808-6\/354471451_597347722465769_721551063934764879_n.png?_nc_cat=101&amp;ccb=1-7&amp;_nc_sid=6ee11a&amp;_nc_ohc=Emkzh6mAgX0Q7kNvwHoDFBw&amp;_nc_oc=Adkwozap7G8Q6GBU8HAWxov_Iz2BbS1731UdD-wB1wnaJz0kzRZtxS7Qo-vYrt_6Bo97dgo32LWawXhv7bs1Cf9Z&amp;_nc_zt=23&amp;_nc_ht=scontent.fsgn19-1.fna&amp;_nc_gid=N2e5Typ9qGBNdj8CNEmS2Q&amp;oh=00_AfSTEXeyWLC3OzLaE5zby-RxuchNrYCZgvwPTAkoy5ejsw&amp;oe=6888CD70\" alt=\"Kh\u00f4ng c\u00f3 m\u00f4 t\u1ea3 \u1ea3nh.\" width=\"800\" height=\"800\" \/><\/p>\n<p data-start=\"1718\" data-end=\"2083\">\u0110i\u1ec3m \u0111\u1eb7c bi\u1ec7t c\u1ee7a lo\u1ea1i kem n\u00e0y n\u1eb1m \u1edf s\u1ef1 c\u00e2n b\u1eb1ng ho\u00e0n h\u1ea3o \u2013<em><strong> kh\u00f4ng qu\u00e1 ng\u1ecdt, kh\u00f4ng qu\u00e1 \u0111\u1eafng, l\u1ea1i kh\u00f4ng g\u00e2y ng\u1ea5y.<\/strong> <\/em>V\u1ecb socola ch\u1ee7 \u0111\u1ea1o \u0111\u01b0\u1ee3c gia gi\u1ea3m kh\u00e9o l\u00e9o \u0111\u1ec3 ph\u00f9 h\u1ee3p v\u1edbi c\u1ea3 tr\u1ebb em l\u1eabn ng\u01b0\u1eddi tr\u01b0\u1edfng th\u00e0nh. Khi \u0111\u01b0a v\u00e0o mi\u1ec7ng, l\u1edbp kem m\u1ec1m l\u1eadp t\u1ee9c tan ra, \u0111\u1ec3 l\u1ea1i d\u01b0 v\u1ecb b\u00e9o nh\u1eb9 nh\u01b0ng thanh, trong khi nh\u1eefng h\u1ea1t socola nh\u1ecf v\u1eabn gi\u1eef \u0111\u01b0\u1ee3c \u0111\u1ed9 gi\u00f2n, t\u1ea1o n\u00ean s\u1ef1 t\u01b0\u01a1ng ph\u1ea3n th\u00fa v\u1ecb.<\/p>\n<p data-start=\"2085\" data-end=\"2401\">\u2013 V\u1edbi tr\u1ecdng l\u01b0\u1ee3ng ch\u1ec9 60g, m\u1ed7i h\u1ed9p kem l\u00e0 m\u1ed9t ph\u1ea7n v\u1eeba \u0111\u1ee7 cho nh\u1eefng kho\u1ea3nh kh\u1eafc th\u01b0 gi\u00e3n gi\u1eefa bu\u1ed5i tr\u01b0a oi \u1ea3, sau b\u1eefa \u0103n t\u1ed1i ho\u1eb7c \u0111\u01a1n gi\u1ea3n ch\u1ec9 \u0111\u1ec3 \u201cchi\u00eau \u0111\u00e3i\u201d b\u1ea3n th\u00e2n v\u00e0o cu\u1ed1i tu\u1ea7n.<br data-start=\"2266\" data-end=\"2269\" \/>\u2013 Bao b\u00ec \u0111\u01b0\u1ee3c thi\u1ebft k\u1ebf ch\u1eafc ch\u1eafn, c\u00f3 n\u1eafp \u0111\u1eady v\u00e0 l\u1edbp seal an to\u00e0n, thu\u1eadn ti\u1ec7n mang theo b\u00ean m\u00ecnh ho\u1eb7c b\u1ea3o qu\u1ea3n trong ng\u0103n \u0111\u00e1 t\u1ee7 l\u1ea1nh.<\/p>\n<p data-start=\"2085\" data-end=\"2401\"><img loading=\"lazy\" decoding=\"async\" class=\"aligncenter\" src=\"https:\/\/havamall.com\/wp-content\/uploads\/2025\/07\/Chocolate-Chocolate-Chip-Ice-Cream-8-1200x1800.jpg\" alt=\"Chocolate Chocolate Chip Ice Cream - Lara Clevenger\" width=\"801\" height=\"1202\" \/><\/p>\n<p data-start=\"2403\" data-end=\"2656\">M\u1ed9t \u0111i\u1ec3m c\u1ed9ng l\u1edbn l\u00e0 kem Mingo \u0111\u01b0\u1ee3c s\u1ea3n xu\u1ea5t theo quy tr\u00ecnh \u0111\u1ea1t chu\u1ea9n qu\u1ed1c t\u1ebf, gi\u1eef v\u1ec7 sinh nghi\u00eam ng\u1eb7t v\u00e0 kh\u00f4ng ch\u1ee9a ch\u1ea5t b\u1ea3o qu\u1ea3n \u0111\u1ed9c h\u1ea1i. Ch\u00ednh v\u00ec th\u1ebf, nhi\u1ec1u gia \u0111\u00ecnh c\u00f3 tr\u1ebb nh\u1ecf c\u0169ng \u01b0u \u00e1i l\u1ef1a ch\u1ecdn lo\u1ea1i kem n\u00e0y nh\u01b0 m\u00f3n qu\u00e0 v\u1eb7t l\u00e0nh t\u00ednh v\u00e0 ch\u1ea5t l\u01b0\u1ee3ng. Trong b\u1ed1i c\u1ea3nh th\u1ecb tr\u01b0\u1eddng kem tr\u00e0n ng\u1eadp l\u1ef1a ch\u1ecdn, Kem Chocolate \u0110\u1eadm \u0110\u00e0 Mingo v\u1eabn gi\u1eef \u0111\u01b0\u1ee3c s\u1ee9c h\u00fat ri\u00eang nh\u1edd h\u01b0\u01a1ng v\u1ecb tinh t\u1ebf, k\u1ebft c\u1ea5u h\u1ea5p d\u1eabn v\u00e0 k\u00edch th\u01b0\u1edbc ph\u00f9 h\u1ee3p. Kh\u00f4ng c\u1ea7n qu\u00e1 c\u1ea7u k\u1ef3, m\u1ed9t h\u1ed9p kem nh\u1ecf c\u0169ng \u0111\u1ee7 khi\u1ebfn ng\u01b0\u1eddi ta h\u00e0i l\u00f2ng sau m\u1ed9t ng\u00e0y d\u00e0i m\u1ec7t m\u1ecfi.<\/p>\n<p data-start=\"2403\" data-end=\"2656\"><img loading=\"lazy\" decoding=\"async\" class=\"aligncenter\" src=\"https:\/\/havamall.com\/wp-content\/uploads\/2025\/07\/chocolate_fudge_ice_cream.webp\" alt=\"Ninja Creami Chocolate Fudge Ice Cream Recipe | PEKIS Recipes\" width=\"800\" height=\"800\" \/><\/p>\n<p data-start=\"2920\" data-end=\"3200\">V\u1edbi v\u1ecb socola tr\u00f2n v\u1ecb, k\u1ebft c\u1ea5u m\u1ecbn m\u00e0ng v\u00e0 phong c\u00e1ch ph\u1ee5c v\u1ee5 ti\u1ec7n l\u1ee3i, \u0111\u00e2y l\u00e0 m\u00f3n tr\u00e1ng mi\u1ec7ng \u0111\u00e1ng \u0111\u1ec3 th\u1eed \u00edt nh\u1ea5t m\u1ed9t l\u1ea7n. \u0110\u1eb7c bi\u1ec7t, hi\u1ec7n Kem Chocolate \u0110\u1eadm \u0110\u00e0 Mingo 60g \u0111ang c\u00f3 m\u1eb7t t\u1ea1i <strong data-start=\"3106\" data-end=\"3118\">Havamall<\/strong> \u2013 n\u01a1i h\u1ed9i t\u1ee5 nh\u1eefng m\u00f3n \u0103n nh\u1eb9 \u0111\u01b0\u1ee3c ch\u1ecdn l\u1ecdc k\u1ef9 l\u01b0\u1ee1ng t\u1eeb nh\u1eefng th\u01b0\u01a1ng hi\u1ec7u uy t\u00edn.<\/p>","protected":false},"excerpt":{"rendered":"<p>TH\u00d4NG TIN S\u1ea2N PH\u1ea8M Th\u01b0\u01a1ng hi\u1ec7u Mingo Xu\u1ea5t x\u1ee9 Th\u00e1i Lan Th\u00e0nh ph\u1ea7n Kem s\u1eefa, b\u1ed9t cacao, s\u00f4 c\u00f4 la<\/p>","protected":false},"featured_media":41344,"comment_status":"open","ping_status":"closed","template":"","meta":[],"product_brand":[],"product_cat":[730,739],"product_tag":[],"class_list":{"0":"post-41343","1":"product","2":"type-product","3":"status-publish","4":"has-post-thumbnail","6":"product_cat-cac-nuoc-khac","7":"product_cat-kem-lanh","9":"first","10":"instock","11":"sale","12":"shipping-taxable","13":"purchasable","14":"product-type-simple"},"_links":{"self":[{"href":"https:\/\/havamall.com\/en\/wp-json\/wp\/v2\/product\/41343","targetHints":{"allow":["GET"]}}],"collection":[{"href":"https:\/\/havamall.com\/en\/wp-json\/wp\/v2\/product"}],"about":[{"href":"https:\/\/havamall.com\/en\/wp-json\/wp\/v2\/types\/product"}],"replies":[{"embeddable":true,"href":"https:\/\/havamall.com\/en\/wp-json\/wp\/v2\/comments?post=41343"}],"version-history":[{"count":0,"href":"https:\/\/havamall.com\/en\/wp-json\/wp\/v2\/product\/41343\/revisions"}],"wp:featuredmedia":[{"embeddable":true,"href":"https:\/\/havamall.com\/en\/wp-json\/wp\/v2\/media\/41344"}],"wp:attachment":[{"href":"https:\/\/havamall.com\/en\/wp-json\/wp\/v2\/media?parent=41343"}],"wp:term":[{"taxonomy":"product_brand","embeddable":true,"href":"https:\/\/havamall.com\/en\/wp-json\/wp\/v2\/product_brand?post=41343"},{"taxonomy":"product_cat","embeddable":true,"href":"https:\/\/havamall.com\/en\/wp-json\/wp\/v2\/product_cat?post=41343"},{"taxonomy":"product_tag","embeddable":true,"href":"https:\/\/havamall.com\/en\/wp-json\/wp\/v2\/product_tag?post=41343"}],"curies":[{"name":"wp","href":"https:\/\/api.w.org\/{rel}","templated":true}]}}