{"id":41358,"date":"2025-07-25T15:09:50","date_gmt":"2025-07-25T08:09:50","guid":{"rendered":"https:\/\/havamall.com\/?post_type=product&#038;p=41358"},"modified":"2025-07-25T15:19:39","modified_gmt":"2025-07-25T08:19:39","slug":"kem-mingo-vi-matcha-tra-xanh-60g-mingo-matcha-green-tea-ice-cream","status":"publish","type":"product","link":"https:\/\/havamall.com\/en\/shop\/kem-mingo-vi-matcha-tra-xanh-60g-mingo-matcha-green-tea-ice-cream\/","title":{"rendered":"Kem Mingo V\u1ecb Matcha Tr\u00e0 Xanh 60g \u2013 Mingo Matcha Green Tea Ice Cream"},"content":{"rendered":"<blockquote>\n<h3 data-start=\"2956\" data-end=\"2982\"><span style=\"font-size: 18pt\"><em><strong data-start=\"2960\" data-end=\"2982\">TH\u00d4NG TIN S\u1ea2N PH\u1ea8M<\/strong><\/em><\/span><\/h3>\n<\/blockquote>\n<div class=\"_tableContainer_80l1q_1\">\n<div class=\"_tableWrapper_80l1q_14 group flex w-fit flex-col-reverse\">\n<table class=\"w-fit min-w-(--thread-content-width)\" style=\"width: 69.2862%;height: 230px\" data-start=\"2984\" data-end=\"3467\">\n<thead data-start=\"2984\" data-end=\"3044\">\n<tr data-start=\"2984\" data-end=\"3044\">\n<th style=\"text-align: left;width: 17.3785%\" data-start=\"2984\" data-end=\"3006\" data-col-size=\"sm\"><strong data-start=\"2986\" data-end=\"3001\">Th\u01b0\u01a1ng hi\u1ec7u<\/strong><\/th>\n<th style=\"text-align: left;width: 81.296%\" data-start=\"3006\" data-end=\"3044\" data-col-size=\"md\">Mingo<\/th>\n<\/tr>\n<\/thead>\n<tbody data-start=\"3107\" data-end=\"3467\">\n<tr data-start=\"3107\" data-end=\"3167\">\n<td style=\"width: 17.3785%\" data-start=\"3107\" data-end=\"3129\" data-col-size=\"sm\"><strong data-start=\"3109\" data-end=\"3120\">Xu\u1ea5t x\u1ee9<\/strong><\/td>\n<td style=\"width: 81.296%\" data-start=\"3129\" data-end=\"3167\" data-col-size=\"md\">Th\u00e1i Lan<\/td>\n<\/tr>\n<tr data-start=\"3168\" data-end=\"3270\">\n<td style=\"width: 17.3785%\" data-start=\"3168\" data-end=\"3190\" data-col-size=\"sm\"><strong data-start=\"3170\" data-end=\"3184\">Th\u00e0nh ph\u1ea7n<\/strong><\/td>\n<td style=\"width: 81.296%\" data-start=\"3190\" data-end=\"3270\" data-col-size=\"md\">B\u1ed9t matcha, s\u1eefa, \u0111\u01b0\u1eddng, ch\u1ea5t b\u00e9o th\u1ef1c v\u1eadt, ch\u1ea5t \u1ed5n \u0111\u1ecbnh, h\u01b0\u01a1ng li\u1ec7u t\u1ef1 nhi\u00ean<\/td>\n<\/tr>\n<tr data-start=\"3271\" data-end=\"3331\">\n<td style=\"width: 17.3785%\" data-start=\"3271\" data-end=\"3293\" data-col-size=\"sm\"><strong data-start=\"3273\" data-end=\"3288\">H\u1ea1n s\u1eed d\u1ee5ng<\/strong><\/td>\n<td style=\"width: 81.296%\" data-start=\"3293\" data-end=\"3331\" data-col-size=\"md\">24 th\u00e1ng k\u1ec3 t\u1eeb ng\u00e0y s\u1ea3n xu\u1ea5t<\/td>\n<\/tr>\n<tr data-start=\"3332\" data-end=\"3404\">\n<td style=\"width: 17.3785%\" data-start=\"3332\" data-end=\"3354\" data-col-size=\"sm\"><strong data-start=\"3334\" data-end=\"3351\">C\u00e1ch b\u1ea3o qu\u1ea3n<\/strong><\/td>\n<td style=\"width: 81.296%\" data-start=\"3354\" data-end=\"3404\" data-col-size=\"md\">B\u1ea3o qu\u1ea3n \u1edf nhi\u1ec7t \u0111\u1ed9 -18\u00b0C ho\u1eb7c ng\u0103n \u0111\u00e1 t\u1ee7 l\u1ea1nh<\/td>\n<\/tr>\n<tr data-start=\"3405\" data-end=\"3467\">\n<td style=\"width: 17.3785%\" data-start=\"3405\" data-end=\"3428\" data-col-size=\"sm\"><strong data-start=\"3407\" data-end=\"3421\">Kh\u1ed1i l\u01b0\u1ee3ng<\/strong><\/td>\n<td style=\"width: 81.296%\" data-start=\"3428\" data-end=\"3467\" data-col-size=\"md\">60g<\/td>\n<\/tr>\n<\/tbody>\n<\/table>\n<p data-start=\"233\" data-end=\"750\">L\u00e0 th\u01b0\u01a1ng hi\u1ec7u kem quen thu\u1ed9c \u0111\u1ebfn t\u1eeb Th\u00e1i Lan, Mingo lu\u00f4n g\u00e2y \u1ea5n t\u01b0\u1ee3ng v\u1edbi s\u1ef1 k\u1ebft h\u1ee3p h\u00e0i h\u00f2a gi\u1eefa h\u01b0\u01a1ng v\u1ecb truy\u1ec1n th\u1ed1ng v\u00e0 phong c\u00e1ch hi\u1ec7n \u0111\u1ea1i trong t\u1eebng s\u1ea3n ph\u1ea9m. V\u1edbi s\u1ee9 m\u1ec7nh mang \u0111\u1ebfn ni\u1ec1m vui ng\u1ecdt ng\u00e0o m\u1ed7i ng\u00e0y, kem Mingo kh\u00f4ng ch\u1ec9 ch\u00fa tr\u1ecdng \u0111\u1ebfn ch\u1ea5t l\u01b0\u1ee3ng m\u00e0 c\u00f2n \u0111\u1eb7t c\u1ea3m x\u00fac v\u00e0 tr\u1ea3i nghi\u1ec7m th\u01b0\u1edfng th\u1ee9c l\u00ean h\u00e0ng \u0111\u1ea7u. Trong d\u00f2ng s\u1ea3n ph\u1ea9m kem que ti\u1ec7n l\u1ee3i,\u00a0<strong data-start=\"591\" data-end=\"624\">Kem Matcha Tr\u00e0 Xanh Mingo 60g<\/strong>\u00a0n\u1ed5i b\u1eadt v\u1edbi s\u1eafc xanh thanh m\u00e1t v\u00e0 h\u01b0\u01a1ng v\u1ecb \u0111\u1eadm \u0111\u00e0 t\u1eeb b\u1ed9t tr\u00e0 xanh cao c\u1ea5p, mang \u0111\u1eadm tinh th\u1ea7n Nh\u1eadt B\u1ea3n thanh t\u1ecbnh v\u00e0 tinh t\u1ebf.<\/p>\n<p data-start=\"233\" data-end=\"750\"><img fetchpriority=\"high\" decoding=\"async\" class=\"aligncenter\" src=\"https:\/\/scontent.fsgn19-1.fna.fbcdn.net\/v\/t39.30808-6\/354471451_597347722465769_721551063934764879_n.png?_nc_cat=101&amp;ccb=1-7&amp;_nc_sid=6ee11a&amp;_nc_ohc=Emkzh6mAgX0Q7kNvwHoDFBw&amp;_nc_oc=Adkwozap7G8Q6GBU8HAWxov_Iz2BbS1731UdD-wB1wnaJz0kzRZtxS7Qo-vYrt_6Bo97dgo32LWawXhv7bs1Cf9Z&amp;_nc_zt=23&amp;_nc_ht=scontent.fsgn19-1.fna&amp;_nc_gid=N2e5Typ9qGBNdj8CNEmS2Q&amp;oh=00_AfSTEXeyWLC3OzLaE5zby-RxuchNrYCZgvwPTAkoy5ejsw&amp;oe=6888CD70\" alt=\"Kh\u00f4ng c\u00f3 m\u00f4 t\u1ea3 \u1ea3nh.\" width=\"803\" height=\"803\" \/><\/p>\n<p data-start=\"752\" data-end=\"1220\">Kem \u0111\u01b0\u1ee3c s\u1ea3n xu\u1ea5t theo ti\u00eau chu\u1ea9n nghi\u00eam ng\u1eb7t v\u1edbi d\u00e2y chuy\u1ec1n hi\u1ec7n \u0111\u1ea1i, <strong><em>\u0111\u1ea3m b\u1ea3o gi\u1eef tr\u1ecdn h\u01b0\u01a1ng v\u1ecb \u0111\u1eb7c tr\u01b0ng c\u1ee7a matcha m\u00e0 kh\u00f4ng l\u00e0m m\u1ea5t \u0111i \u0111\u1ed9 m\u1ec1m m\u01b0\u1ee3t<\/em><\/strong> c\u1ea7n c\u00f3 c\u1ee7a kem l\u1ea1nh. Ngay t\u1eeb l\u1ea7n c\u1eafn \u0111\u1ea7u ti\u00ean, v\u1ecb matcha th\u01a1m d\u1ecbu v\u00e0 h\u01a1i \u0111\u1eafng nh\u1eb9 \u0111\u1eb7c tr\u01b0ng \u0111\u00e3 lan t\u1ecfa nhanh ch\u00f3ng, mang l\u1ea1i c\u1ea3m gi\u00e1c m\u00e1t l\u1ea1nh, s\u1ea3ng kho\u00e1i. D\u1ea7n d\u1ea7n, v\u1ecb ng\u1ecdt h\u1eadu \u0111\u01b0\u1ee3c c\u00e2n b\u1eb1ng kh\u00e9o l\u00e9o gi\u00fap kem kh\u00f4ng b\u1ecb g\u1eaft hay ng\u1ea5y \u2013 \u0111\u00e2y c\u0169ng l\u00e0 \u0111i\u1ec3m khi\u1ebfn nhi\u1ec1u ng\u01b0\u1eddi y\u00eau th\u00edch h\u01b0\u01a1ng matcha \u201cchu\u1ea9n gu\u201d kh\u00f3 l\u00f2ng b\u1ecf qua.<\/p>\n<p data-start=\"752\" data-end=\"1220\"><img decoding=\"async\" class=\"aligncenter\" src=\"https:\/\/havamall.com\/wp-content\/uploads\/2025\/07\/no-churn-matcha-ice-cream-7.jpg\" alt=\"Matcha Ice Cream\" width=\"800\" height=\"1200\" \/><\/p>\n<p data-start=\"1222\" data-end=\"1609\">B\u1ec1 m\u1eb7t que kem \u0111\u01b0\u1ee3c ph\u1ee7 l\u1edbp m\u00e0u xanh nh\u1ea1t nh\u1eb9 nh\u00e0ng, kh\u00f4ng qu\u00e1 s\u1eadm, g\u1ee3i nh\u1eafc \u0111\u1ebfn l\u00e1 tr\u00e0 t\u01b0\u01a1i xay nhuy\u1ec5n. K\u1ebft c\u1ea5u kem d\u1ebbo m\u1ecbn, kh\u00f4ng b\u1ecb \u0111\u00e1 d\u0103m hay b\u1edf v\u1ee5n, nh\u1edd v\u00e0o t\u1ef7 l\u1ec7 ch\u1ea5t b\u00e9o v\u00e0 n\u01b0\u1edbc c\u1ed1t s\u1eefa \u0111\u01b0\u1ee3c c\u00e2n ch\u1ec9nh h\u1ee3p l\u00fd. \u0110i\u1ec1u n\u00e0y khi\u1ebfn cho kem d\u1ec5 d\u00e0ng tan ch\u1ea3y v\u1eeba \u0111\u1ee7 n\u01a1i \u0111\u1ea7u l\u01b0\u1ee1i, \u0111\u1ec3 l\u1ea1i h\u1eadu v\u1ecb d\u1ecbu nh\u1eb9, d\u1ec5 ch\u1ecbu, kh\u00f4ng qu\u00e1 ng\u1ecdt nh\u01b0ng v\u1eabn \u0111\u1ee7 \u0111\u1ec3 l\u00e0m h\u00e0i l\u00f2ng kh\u1ea9u v\u1ecb y\u00eau th\u00edch v\u1ecb tr\u00e0 t\u1ef1 nhi\u00ean.<\/p>\n<p data-start=\"1611\" data-end=\"1932\">M\u1ed7i que kem 60g \u0111\u01b0\u1ee3c thi\u1ebft k\u1ebf nh\u1ecf g\u1ecdn, ph\u00f9 h\u1ee3p \u0111\u1ec3 mang theo b\u00ean m\u00ecnh ho\u1eb7c d\u00f9ng b\u1ea5t k\u1ef3 l\u00fac n\u00e0o trong ng\u00e0y. Nh\u1ea5t l\u00e0 v\u00e0o nh\u1eefng th\u1eddi \u0111i\u1ec3m c\u1ea7n \u201cgi\u1ea3i nhi\u1ec7t\u201d tinh th\u1ea7n, m\u1ed9t que\u00a0<strong data-start=\"1781\" data-end=\"1801\">Kem Matcha Mingo<\/strong>\u00a0s\u1ebd l\u00e0 l\u1ef1a ch\u1ecdn ho\u00e0n h\u1ea3o \u2013 v\u1eeba l\u00e0m d\u1ecbu m\u00e1t c\u01a1 th\u1ec3 v\u1eeba gi\u00fap t\u00e1i t\u1ea1o c\u1ea3m x\u00fac t\u00edch c\u1ef1c b\u1eb1ng h\u01b0\u01a1ng v\u1ecb quen thu\u1ed9c nh\u01b0ng kh\u00f4ng nh\u00e0m ch\u00e1n.<\/p>\n<p data-start=\"1611\" data-end=\"1932\"><img decoding=\"async\" class=\"aligncenter wp-image-41362\" src=\"https:\/\/havamall.com\/wp-content\/uploads\/2025\/07\/Matcha-Ice-Cream-22.jpg\" alt=\"\" width=\"802\" height=\"802\" srcset=\"https:\/\/havamall.com\/wp-content\/uploads\/2025\/07\/Matcha-Ice-Cream-22.jpg 900w, https:\/\/havamall.com\/wp-content\/uploads\/2025\/07\/Matcha-Ice-Cream-22-300x300.jpg 300w, https:\/\/havamall.com\/wp-content\/uploads\/2025\/07\/Matcha-Ice-Cream-22-150x150.jpg 150w, https:\/\/havamall.com\/wp-content\/uploads\/2025\/07\/Matcha-Ice-Cream-22-12x12.jpg 12w, https:\/\/havamall.com\/wp-content\/uploads\/2025\/07\/Matcha-Ice-Cream-22-600x600.jpg 600w\" sizes=\"(max-width: 802px) 100vw, 802px\" \/><\/p>\n<blockquote>\n<p data-start=\"1939\" data-end=\"1990\"><span style=\"font-size: 18pt\"><em><strong data-start=\"1939\" data-end=\"1990\">Bi\u1ebfn T\u1ea5u Matcha Ice Cream Theo Phong C\u00e1ch Ri\u00eang<\/strong><\/em><\/span><\/p>\n<\/blockquote>\n<p data-start=\"1992\" data-end=\"2506\">\u2013\u00a0<strong data-start=\"1994\" data-end=\"2018\">Ph\u1ee7 Th\u00eam \u0110\u1eadu \u0110\u1ecf Nh\u1eadt<\/strong>: M\u1ed9t ch\u00fat azuki ng\u1ecdt b\u00f9i s\u1ebd l\u00e0m t\u0103ng chi\u1ec1u s\u00e2u h\u01b0\u01a1ng v\u1ecb cho kem matcha, bi\u1ebfn n\u00f3 th\u00e0nh m\u00f3n tr\u00e1ng mi\u1ec7ng \u0111\u1eadm ch\u1ea5t wagashi.<br data-start=\"2138\" data-end=\"2141\" \/>\u2013\u00a0<strong data-start=\"2143\" data-end=\"2173\">Nh\u00fang V\u00e0o S\u1ed1t Tr\u00e0 Xanh \u0110\u1eadm<\/strong>: N\u1ebfu y\u00eau th\u00edch v\u1ecb \u0111\u1eafng c\u1ee7a matcha nguy\u00ean b\u1ea3n, c\u00f3 th\u1ec3 nh\u00fang que kem v\u00e0o s\u1ed1t \u0111\u1eb7c l\u00e0m t\u1eeb b\u1ed9t matcha v\u00e0 s\u1eefa \u0111\u1eb7c.<br data-start=\"2282\" data-end=\"2285\" \/>\u2013\u00a0<strong data-start=\"2287\" data-end=\"2312\">\u0102n K\u00e8m B\u00e1nh Mochi M\u1ec1m<\/strong>: K\u1ebft h\u1ee3p v\u1edbi mochi s\u1ebd t\u0103ng th\u00eam \u0111\u1ed9 d\u1ebbo, t\u1ea1o c\u1ea3m gi\u00e1c th\u00fa v\u1ecb khi th\u01b0\u1edfng th\u1ee9c.<br data-start=\"2389\" data-end=\"2392\" \/>\u2013\u00a0<strong data-start=\"2394\" data-end=\"2428\">R\u1eafc Th\u00eam B\u1ed9t G\u1ea1o Rang (Kinako)<\/strong>: L\u1edbp ph\u1ee7 nh\u1eb9 t\u1eeb b\u1ed9t g\u1ea1o rang s\u1ebd t\u1ea1o n\u00ean s\u1ef1 m\u1edbi l\u1ea1 v\u00e0 h\u00e0i h\u00f2a v\u1edbi v\u1ecb matcha.<\/p>\n<p data-start=\"1992\" data-end=\"2506\"><img loading=\"lazy\" decoding=\"async\" class=\"aligncenter wp-image-41363\" src=\"https:\/\/havamall.com\/wp-content\/uploads\/2025\/07\/Ujikintoki-Green-Tea-Shaved-Ice-9068-I.jpg\" alt=\"\" width=\"802\" height=\"573\" srcset=\"https:\/\/havamall.com\/wp-content\/uploads\/2025\/07\/Ujikintoki-Green-Tea-Shaved-Ice-9068-I.jpg 1022w, https:\/\/havamall.com\/wp-content\/uploads\/2025\/07\/Ujikintoki-Green-Tea-Shaved-Ice-9068-I-300x214.jpg 300w, https:\/\/havamall.com\/wp-content\/uploads\/2025\/07\/Ujikintoki-Green-Tea-Shaved-Ice-9068-I-18x12.jpg 18w, https:\/\/havamall.com\/wp-content\/uploads\/2025\/07\/Ujikintoki-Green-Tea-Shaved-Ice-9068-I-600x429.jpg 600w, https:\/\/havamall.com\/wp-content\/uploads\/2025\/07\/Ujikintoki-Green-Tea-Shaved-Ice-9068-I-150x107.jpg 150w\" sizes=\"(max-width: 802px) 100vw, 802px\" \/><\/p>\n<blockquote>\n<p data-start=\"2513\" data-end=\"2702\"><em><span style=\"font-size: 18pt\"><strong data-start=\"2513\" data-end=\"2546\">H\u01af\u1edaNG D\u1eaaN S\u1eec D\u1ee4NG V\u00c0 B\u1ea2O QU\u1ea2N<\/strong><\/span><\/em><\/p>\n<\/blockquote>\n<p data-start=\"2513\" data-end=\"2702\">\u2013 C\u00e1ch d\u00f9ng: D\u00f9ng tr\u1ef1c ti\u1ebfp sau khi l\u1ea5y ra kh\u1ecfi ng\u0103n \u0111\u00e1, kh\u00f4ng t\u00e1i \u0111\u00f4ng sau khi \u0111\u00e3 r\u00e3 \u0111\u00f4ng.<br data-start=\"2640\" data-end=\"2643\" \/>\u2013 B\u1ea3o qu\u1ea3n: Lu\u00f4n gi\u1eef \u1edf nhi\u1ec7t \u0111\u1ed9 -18\u00b0C ho\u1eb7c ng\u0103n \u0111\u00e1 t\u1ee7 l\u1ea1nh.<\/p>\n<p data-start=\"2704\" data-end=\"2949\">Hi\u1ec7n t\u1ea1i,\u00a0<strong data-start=\"2714\" data-end=\"2747\">Kem Matcha Tr\u00e0 Xanh Mingo 60g<\/strong>\u00a0\u0111\u00e3 c\u00f3 m\u1eb7t t\u1ea1i\u00a0<strong data-start=\"2762\" data-end=\"2774\">Havamall<\/strong>\u00a0\u2013 n\u01a1i cung c\u1ea5p h\u00e0ng ch\u00ednh h\u00e3ng, giao h\u00e0ng nhanh v\u00e0 gi\u00e1 c\u1ea3 h\u1ee3p l\u00fd. \u0110\u1eebng b\u1ecf l\u1ee1 c\u01a1 h\u1ed9i tr\u1ea3i nghi\u1ec7m h\u01b0\u01a1ng v\u1ecb tinh t\u1ebf c\u1ee7a tr\u00e0 xanh chu\u1ea9n Nh\u1eadt v\u1edbi m\u1ee9c gi\u00e1 d\u1ec5 ti\u1ebfp c\u1eadn ngay h\u00f4m nay!<\/p>\n<\/div>\n<\/div>","protected":false},"excerpt":{"rendered":"<p>TH\u00d4NG TIN S\u1ea2N PH\u1ea8M Th\u01b0\u01a1ng hi\u1ec7u Mingo Xu\u1ea5t x\u1ee9 Th\u00e1i Lan Th\u00e0nh ph\u1ea7n B\u1ed9t matcha, s\u1eefa, \u0111\u01b0\u1eddng, ch\u1ea5t b\u00e9o th\u1ef1c<\/p>","protected":false},"featured_media":41367,"comment_status":"open","ping_status":"closed","template":"","meta":[],"product_brand":[],"product_cat":[730,739],"product_tag":[],"class_list":{"0":"post-41358","1":"product","2":"type-product","3":"status-publish","4":"has-post-thumbnail","6":"product_cat-cac-nuoc-khac","7":"product_cat-kem-lanh","9":"first","10":"instock","11":"sale","12":"shipping-taxable","13":"purchasable","14":"product-type-simple"},"_links":{"self":[{"href":"https:\/\/havamall.com\/en\/wp-json\/wp\/v2\/product\/41358","targetHints":{"allow":["GET"]}}],"collection":[{"href":"https:\/\/havamall.com\/en\/wp-json\/wp\/v2\/product"}],"about":[{"href":"https:\/\/havamall.com\/en\/wp-json\/wp\/v2\/types\/product"}],"replies":[{"embeddable":true,"href":"https:\/\/havamall.com\/en\/wp-json\/wp\/v2\/comments?post=41358"}],"version-history":[{"count":0,"href":"https:\/\/havamall.com\/en\/wp-json\/wp\/v2\/product\/41358\/revisions"}],"wp:featuredmedia":[{"embeddable":true,"href":"https:\/\/havamall.com\/en\/wp-json\/wp\/v2\/media\/41367"}],"wp:attachment":[{"href":"https:\/\/havamall.com\/en\/wp-json\/wp\/v2\/media?parent=41358"}],"wp:term":[{"taxonomy":"product_brand","embeddable":true,"href":"https:\/\/havamall.com\/en\/wp-json\/wp\/v2\/product_brand?post=41358"},{"taxonomy":"product_cat","embeddable":true,"href":"https:\/\/havamall.com\/en\/wp-json\/wp\/v2\/product_cat?post=41358"},{"taxonomy":"product_tag","embeddable":true,"href":"https:\/\/havamall.com\/en\/wp-json\/wp\/v2\/product_tag?post=41358"}],"curies":[{"name":"wp","href":"https:\/\/api.w.org\/{rel}","templated":true}]}}