{"id":41480,"date":"2025-07-31T10:28:01","date_gmt":"2025-07-31T03:28:01","guid":{"rendered":"https:\/\/havamall.com\/?post_type=product&#038;p=41480"},"modified":"2025-07-31T10:28:04","modified_gmt":"2025-07-31T03:28:04","slug":"bot-ot-hon-hop-dam-vi-cay-nong-sb-300g-assorted-chili-pepper-sb-300g","status":"publish","type":"product","link":"https:\/\/havamall.com\/en\/shop\/bot-ot-hon-hop-dam-vi-cay-nong-sb-300g-assorted-chili-pepper-sb-300g\/","title":{"rendered":"B\u1ed9t \u1edat H\u1ed7n H\u1ee3p \u0110\u1eadm V\u1ecb Cay N\u1ed3ng S&amp;B 300g \u2013 Assorted Chili Pepper S&amp;B 300g"},"content":{"rendered":"<blockquote>\n<h2><em><strong>TH\u00d4NG TIN CHUNG<\/strong><\/em><\/h2>\n<\/blockquote>\n<table style=\"width: 55.7269%;height: 143px\">\n<tbody>\n<tr style=\"height: 24px\">\n<td style=\"width: 21.0412%;height: 24px\">Th\u01b0\u01a1ng hi\u1ec7u<\/td>\n<td style=\"width: 141.077%;height: 24px\">S&amp;B<\/td>\n<\/tr>\n<tr style=\"height: 24px\">\n<td style=\"width: 21.0412%;height: 24px\">Xu\u1ea5t x\u1ee9<\/td>\n<td style=\"width: 141.077%;height: 24px\">Nh\u1eadt B\u1ea3n<\/td>\n<\/tr>\n<tr style=\"height: 24px\">\n<td style=\"width: 21.0412%;height: 24px\">Th\u00e0nh ph\u1ea7n<\/td>\n<td style=\"width: 141.077%;height: 24px\">Xem tr\u00ean bao b\u00ec<\/td>\n<\/tr>\n<tr style=\"height: 24px\">\n<td style=\"width: 21.0412%;height: 24px\">H\u1ea1n s\u1eed d\u1ee5ng<\/td>\n<td style=\"width: 141.077%;height: 24px\">Xem tren bao b\u00ec<\/td>\n<\/tr>\n<tr style=\"height: 24px\">\n<td style=\"width: 21.0412%;height: 24px\">B\u1ea3o qu\u1ea3n<\/td>\n<td style=\"width: 141.077%;height: 24px\">N\u01a1i kh\u00f4 r\u00e1o, tho\u00e1ng m\u00e1t, tr\u00e1nh \u00e1nh n\u1eafng tr\u1ef1c ti\u1ebfp<\/td>\n<\/tr>\n<tr style=\"height: 23px\">\n<td style=\"width: 21.0412%;height: 23px\">Kh\u1ed1i l\u01b0\u1ee3ng<\/td>\n<td style=\"width: 141.077%;height: 23px\">G\u00f3i 300g<\/td>\n<\/tr>\n<\/tbody>\n<\/table>\n<p data-start=\"726\" data-end=\"1162\">Gia v\u1ecb cay lu\u00f4n \u0111\u00f3ng m\u1ed9t vai tr\u00f2 quan tr\u1ecdng trong ngh\u1ec7 thu\u1eadt \u1ea9m th\u1ef1c, kh\u00f4ng ch\u1ec9 l\u00e0m t\u0103ng h\u01b0\u01a1ng v\u1ecb m\u00e0 c\u00f2n gi\u00fap k\u00edch th\u00edch v\u1ecb gi\u00e1c, n\u00e2ng t\u1ea7m tr\u1ea3i nghi\u1ec7m b\u1eefa \u0103n. Trong v\u00f4 v\u00e0n l\u1ef1a ch\u1ecdn t\u1eeb c\u00e1c n\u1ec1n v\u0103n h\u00f3a \u1ea9m th\u1ef1c kh\u00e1c nhau, lo\u1ea1i gia v\u1ecb ph\u1ed1i tr\u1ed9n nhi\u1ec1u lo\u1ea1i nguy\u00ean li\u1ec7u thi\u00ean nhi\u00ean cay n\u1ed3ng nh\u01b0ng tinh t\u1ebf v\u1eabn gi\u1eef \u0111\u01b0\u1ee3c v\u1ecb tr\u00ed \u0111\u1eb7c bi\u1ec7t. \u0110\u00f3 kh\u00f4ng ch\u1ec9 l\u00e0 th\u1ee9 ph\u1ee5 tr\u1ee3 trong c\u0103n b\u1ebfp, m\u00e0 c\u00f2n th\u1ec3 hi\u1ec7n s\u1ef1 phong ph\u00fa v\u00e0 chi\u1ec1u s\u00e2u c\u1ee7a v\u0103n h\u00f3a n\u1ea5u n\u01b0\u1edbng.<\/p>\n<p data-start=\"726\" data-end=\"1162\"><img fetchpriority=\"high\" decoding=\"async\" class=\"aligncenter\" src=\"https:\/\/havamall.com\/wp-content\/uploads\/2025\/07\/japanese-curry-shichimi-togarashi-with-yuzu.webp\" alt=\"Japanese Curry Shichimi Togarashi with Yuzu | Japan | Purchase, Uses,  Recipes\" width=\"800\" height=\"800\" \/><\/p>\n<p data-start=\"1164\" data-end=\"1589\">Nh\u1eadt B\u1ea3n n\u1ed5i ti\u1ebfng v\u1edbi s\u1ef1 tinh t\u1ebf trong t\u1eebng chi ti\u1ebft, t\u1eeb c\u00e1ch ch\u1ebf bi\u1ebfn \u0111\u1ebfn l\u1ef1a ch\u1ecdn gia v\u1ecb. Trong kho t\u00e0ng nguy\u00ean li\u1ec7u truy\u1ec1n th\u1ed1ng, h\u1ed7n h\u1ee3p 7 v\u1ecb cay &#8220;shichimi togarashi&#8221; l\u00e0 m\u1ed9t bi\u1ec3u t\u01b0\u1ee3ng ti\u00eau bi\u1ec3u. S\u1ea3n ph\u1ea9m \u0111\u01b0\u1ee3c ch\u1ecdn l\u1ecdc v\u00e0 k\u1ebft h\u1ee3p theo t\u1ec9 l\u1ec7 c\u00e2n \u0111\u1ed1i gi\u1eefa c\u00e1c th\u00e0nh ph\u1ea7n t\u1ef1 nhi\u00ean nh\u01b0 \u1edbt \u0111\u1ecf, ti\u00eau \u0111en, v\u1ecf qu\u00fdt, m\u00e8, g\u1eebng, t\u1ea3o bi\u1ec3n v\u00e0 hoa h\u1ed3i \u2013 t\u1ea1o n\u00ean h\u01b0\u01a1ng v\u1ecb \u0111\u1eadm \u0111\u00e0, cay n\u1ed3ng nh\u01b0ng v\u1eabn gi\u1eef \u0111\u01b0\u1ee3c h\u1eadu v\u1ecb th\u01a1m thanh, d\u1ec5 ch\u1ecbu.<\/p>\n<p data-start=\"1164\" data-end=\"1589\"><img decoding=\"async\" class=\"aligncenter\" src=\"https:\/\/havamall.com\/wp-content\/uploads\/2025\/07\/IMG_3925-shichimi-togarashi_RECIPE_VOG.jpg\" alt=\"Shichimi Togarashi Recipe | Epicurious\" width=\"800\" height=\"800\" \/><\/p>\n<p data-start=\"1591\" data-end=\"2113\"><strong><em>B\u1ed9t \u1edat H\u1ed7n H\u1ee3p S&amp;B<\/em> <\/strong>l\u00e0 minh ch\u1ee9ng r\u00f5 n\u00e9t cho tri\u1ebft l\u00fd \u1ea9m th\u1ef1c Nh\u1eadt B\u1ea3n: s\u1ef1 h\u00e0i h\u00f2a gi\u1eefa v\u1ecb cay, chua, th\u01a1m v\u00e0 thanh. Khi s\u1eed d\u1ee5ng lo\u1ea1i b\u1ed9t n\u00e0y trong c\u00e1c m\u00f3n \u0103n, l\u1edbp h\u01b0\u01a1ng v\u1ecb \u0111\u01b0\u1ee3c m\u1edf r\u1ed9ng t\u1eeb \u0111\u01a1n \u0111i\u1ec7u th\u00e0nh \u0111a chi\u1ec1u \u2013 kh\u00f4ng ch\u1ec9 c\u00f3 \u0111\u1ed9 cay n\u1ed3ng n\u01a1i \u0111\u1ea7u l\u01b0\u1ee1i, m\u00e0 c\u00f2n l\u00e0 c\u1ea3m gi\u00e1c \u1ea5m n\u00f3ng lan t\u1ecfa v\u00e0 h\u01b0\u01a1ng th\u01a1m l\u01b0u l\u1ea1i nh\u1eb9 nh\u00e0ng. B\u1ed9t \u1edbt ph\u00f9 h\u1ee3p cho nhi\u1ec1u phong c\u00e1ch \u1ea9m th\u1ef1c: t\u1eeb c\u00e1c m\u00f3n Nh\u1eadt nh\u01b0 m\u00ec udon, ramen, c\u01a1m donburi \u0111\u1ebfn c\u00e1c m\u00f3n Vi\u1ec7t nh\u01b0 ph\u1edf, h\u1ee7 ti\u1ebfu, ch\u00e1o, ho\u1eb7c \u0111\u01a1n gi\u1ea3n ch\u1ec9 l\u00e0 r\u1eafc l\u00ean tr\u1ee9ng chi\u00ean, khoai t\u00e2y chi\u00ean, salad&#8230;<\/p>\n<p data-start=\"1591\" data-end=\"2113\"><img decoding=\"async\" class=\"aligncenter\" src=\"https:\/\/havamall.com\/wp-content\/uploads\/2025\/07\/Shichimi-Togarashi-4.jpg\" alt=\"Shichimi Togarashi Recipe (Japanese Seven Spice)\" width=\"800\" height=\"1200\" \/><\/p>\n<p data-start=\"2115\" data-end=\"2522\">V\u1edbi h\u00e0m l\u01b0\u1ee3ng gia v\u1ecb t\u1ef1 nhi\u00ean cao v\u00e0 kh\u00f4ng ch\u1ea5t b\u1ea3o qu\u1ea3n, lo\u1ea1i b\u1ed9t n\u00e0y kh\u00f4ng ch\u1ec9 an to\u00e0n m\u00e0 c\u00f2n d\u1ec5 b\u1ea3o qu\u1ea3n v\u00e0 s\u1eed d\u1ee5ng l\u00e2u d\u00e0i. Thi\u1ebft k\u1ebf t\u00fai g\u00f3i l\u1edbn ph\u00f9 h\u1ee3p v\u1edbi qu\u00e1n \u0103n, nh\u00e0 h\u00e0ng, ho\u1eb7c nh\u1eefng ng\u01b0\u1eddi y\u00eau th\u00edch n\u1ea5u n\u01b0\u1edbng th\u01b0\u1eddng xuy\u00ean t\u1ea1i nh\u00e0. \u0110\u1eb7c bi\u1ec7t, s\u1ef1 ph\u1ed1i tr\u1ed9n kh\u00e9o l\u00e9o t\u1eeb v\u1ecf qu\u00fdt kh\u00f4 v\u00e0 g\u1eebng gi\u00fap m\u00f3n \u0103n gi\u1eef \u0111\u01b0\u1ee3c h\u01b0\u01a1ng v\u1ecb t\u01b0\u01a1i m\u1edbi v\u00e0 h\u1ed7 tr\u1ee3 ti\u00eau h\u00f3a \u2013 \u0111i\u1ec1u hi\u1ebfm th\u1ea5y \u1edf nhi\u1ec1u lo\u1ea1i gia v\u1ecb th\u00f4ng th\u01b0\u1eddng kh\u00e1c.<\/p>\n<p data-start=\"2115\" data-end=\"2522\"><img loading=\"lazy\" decoding=\"async\" class=\"aligncenter\" src=\"https:\/\/havamall.com\/wp-content\/uploads\/2025\/07\/shichimi.jpg\" alt=\"Shichimi: what it is, how to use it and where to buy it - Oriental Market\" width=\"800\" height=\"535\" \/><\/p>\n<p data-start=\"2524\" data-end=\"2808\">D\u00f9 \u0111\u01b0\u1ee3c s\u1eed d\u1ee5ng v\u1edbi li\u1ec1u l\u01b0\u1ee3ng r\u1ea5t nh\u1ecf, ch\u1ec9 m\u1ed9t nh\u00fam c\u0169ng \u0111\u1ee7 \u0111\u1ec3 l\u00e0m b\u1eebng s\u00e1ng h\u01b0\u01a1ng v\u1ecb m\u00f3n \u0103n, t\u1ea1o \u0111i\u1ec3m nh\u1ea5n r\u00f5 n\u00e9t m\u00e0 kh\u00f4ng l\u1ea5n \u00e1t m\u00f9i nguy\u00ean li\u1ec7u ch\u00ednh. \u0110i\u1ec1u n\u00e0y \u0111\u1eb7c bi\u1ec7t l\u00fd t\u01b0\u1edfng v\u1edbi c\u00e1c m\u00f3n c\u1ea7n gi\u1eef s\u1ef1 c\u00e2n b\u1eb1ng nh\u01b0 s\u00fap miso, \u0111\u1eadu h\u0169 non s\u1ed1t, hay th\u1eadm ch\u00ed l\u00e0 m\u00f3n canh chua ki\u1ec3u Vi\u1ec7t.<\/p>\n<p data-start=\"2524\" data-end=\"2808\"><img loading=\"lazy\" decoding=\"async\" class=\"aligncenter\" src=\"https:\/\/havamall.com\/wp-content\/uploads\/2025\/07\/3BJ2T6H6UZFHBKXPED5O4AQL7U.png\" alt=\"Recipe: After you roast crispy Thanksgiving potatoes, brighten them with Japanese  togarashi spice - The Boston Globe\" width=\"800\" height=\"559\" \/><\/p>\n<p data-start=\"2810\" data-end=\"3103\">Kh\u00f4ng d\u1eebng l\u1ea1i \u1edf \u1ea9m th\u1ef1c truy\u1ec1n th\u1ed1ng, lo\u1ea1i b\u1ed9t \u1edbt n\u00e0y c\u00f2n c\u00f3 th\u1ec3 bi\u1ebfn t\u1ea5u linh ho\u1ea1t: d\u00f9ng \u0111\u1ec3 \u01b0\u1edbp \u0111\u1ed3 n\u01b0\u1edbng, l\u00e0m n\u01b0\u1edbc s\u1ed1t cay ki\u1ec3u Nh\u1eadt, ho\u1eb7c r\u1eafc l\u00ean c\u01a1m tr\u1ed9n, m\u00ec l\u1ea1nh. S\u1ef1 ti\u1ec7n l\u1ee3i n\u00e0y khi\u1ebfn s\u1ea3n ph\u1ea9m tr\u1edf th\u00e0nh l\u1ef1a ch\u1ecdn \u0111\u00e1ng tin c\u1eady cho c\u00e1c \u0111\u1ea7u b\u1ebfp chuy\u00ean nghi\u1ec7p c\u0169ng nh\u01b0 ng\u01b0\u1eddi n\u1ed9i tr\u1ee3 hi\u1ec7n \u0111\u1ea1i.<\/p>\n<p data-start=\"3105\" data-end=\"3347\">Hi\u1ec7n\u00a0<strong data-start=\"3110\" data-end=\"3177\">B\u1ed9t \u1edat H\u1ed7n H\u1ee3p \u0110\u1eadm V\u1ecb Cay N\u1ed3ng \u2013 Assorted Chili Pepper S&amp;B 300g<\/strong>\u00a0\u0111ang \u0111\u01b0\u1ee3c ph\u00e2n ph\u1ed1i t\u1ea1i\u00a0<strong data-start=\"3202\" data-end=\"3214\">Havamall<\/strong>, n\u01a1i quy t\u1ee5 c\u00e1c s\u1ea3n ph\u1ea9m ch\u1ea5t l\u01b0\u1ee3ng cao nh\u1eadp kh\u1ea9u t\u1eeb Nh\u1eadt B\u1ea3n v\u00e0 c\u00e1c n\u01b0\u1edbc kh\u00e1c, v\u1edbi m\u1ee9c gi\u00e1 h\u1ee3p l\u00fd v\u00e0 d\u1ecbch v\u1ee5 giao h\u00e0ng nhanh ch\u00f3ng.<\/p>","protected":false},"excerpt":{"rendered":"<p>TH\u00d4NG TIN CHUNG Th\u01b0\u01a1ng hi\u1ec7u S&amp;B Xu\u1ea5t x\u1ee9 Nh\u1eadt B\u1ea3n Th\u00e0nh ph\u1ea7n Xem tr\u00ean bao b\u00ec H\u1ea1n s\u1eed d\u1ee5ng Xem<\/p>","protected":false},"featured_media":41481,"comment_status":"open","ping_status":"closed","template":"","meta":[],"product_brand":[],"product_cat":[154,722],"product_tag":[],"class_list":{"0":"post-41480","1":"product","2":"type-product","3":"status-publish","4":"has-post-thumbnail","6":"product_cat-gia-vi","7":"product_cat-nhap-khau-nhat-ban","9":"first","10":"instock","11":"sale","12":"shipping-taxable","13":"purchasable","14":"product-type-simple"},"_links":{"self":[{"href":"https:\/\/havamall.com\/en\/wp-json\/wp\/v2\/product\/41480","targetHints":{"allow":["GET"]}}],"collection":[{"href":"https:\/\/havamall.com\/en\/wp-json\/wp\/v2\/product"}],"about":[{"href":"https:\/\/havamall.com\/en\/wp-json\/wp\/v2\/types\/product"}],"replies":[{"embeddable":true,"href":"https:\/\/havamall.com\/en\/wp-json\/wp\/v2\/comments?post=41480"}],"version-history":[{"count":0,"href":"https:\/\/havamall.com\/en\/wp-json\/wp\/v2\/product\/41480\/revisions"}],"wp:featuredmedia":[{"embeddable":true,"href":"https:\/\/havamall.com\/en\/wp-json\/wp\/v2\/media\/41481"}],"wp:attachment":[{"href":"https:\/\/havamall.com\/en\/wp-json\/wp\/v2\/media?parent=41480"}],"wp:term":[{"taxonomy":"product_brand","embeddable":true,"href":"https:\/\/havamall.com\/en\/wp-json\/wp\/v2\/product_brand?post=41480"},{"taxonomy":"product_cat","embeddable":true,"href":"https:\/\/havamall.com\/en\/wp-json\/wp\/v2\/product_cat?post=41480"},{"taxonomy":"product_tag","embeddable":true,"href":"https:\/\/havamall.com\/en\/wp-json\/wp\/v2\/product_tag?post=41480"}],"curies":[{"name":"wp","href":"https:\/\/api.w.org\/{rel}","templated":true}]}}