{"id":41562,"date":"2025-08-03T16:51:06","date_gmt":"2025-08-03T09:51:06","guid":{"rendered":"https:\/\/havamall.com\/?post_type=product&#038;p=41562"},"modified":"2026-02-24T15:43:42","modified_gmt":"2026-02-24T08:43:42","slug":"muoi-bien-bac-lieu-xay-san-85g-sea-salted-grinder-bac-lieu-85g","status":"publish","type":"product","link":"https:\/\/havamall.com\/en\/shop\/muoi-bien-bac-lieu-xay-san-85g-sea-salted-grinder-bac-lieu-85g\/","title":{"rendered":"Mu\u1ed1i Bi\u1ec3n B\u1ea1c Li\u00eau Xay S\u1eb5n 85g \u2013 Sea Salted Grinder B\u1ea1c Li\u00eau 85g"},"content":{"rendered":"<blockquote>\n<h2><em><strong>TH\u00d4NG TIN CHUNG<\/strong><\/em><\/h2>\n<\/blockquote>\n<table style=\"width: 67.105%;height: 144px\">\n<tbody>\n<tr style=\"height: 24px\">\n<td style=\"height: 24px;width: 11.7008%\">Th\u01b0\u01a1ng hi\u1ec7u<\/td>\n<td style=\"height: 24px;width: 97.2256%\">Sel De Bac Lieu<\/td>\n<\/tr>\n<tr style=\"height: 24px\">\n<td style=\"height: 24px;width: 11.7008%\">Xu\u1ea5t x\u1ee9<\/td>\n<td style=\"height: 24px;width: 97.2256%\">Vi\u1ec7t Nam<\/td>\n<\/tr>\n<tr style=\"height: 24px\">\n<td style=\"height: 24px;width: 11.7008%\">Th\u00e0nh ph\u1ea7n<\/td>\n<td style=\"height: 24px;width: 97.2256%\">100% mu\u1ed1i bi\u1ec3n ch\u1ee9a kho\u00e1ng ch\u1ea5t v\u00e0 vi l\u01b0\u1ee3ng t\u1ef1 nhi\u00ean, \u0111\u01b0\u1ee3c thu ho\u1ea1ch t\u1eeb c\u00e1c ru\u1ed9ng mu\u1ed1i B\u1ea1c Li\u00eau<\/td>\n<\/tr>\n<tr style=\"height: 24px\">\n<td style=\"height: 24px;width: 11.7008%\">H\u1ea1n s\u1eed d\u1ee5ng<\/td>\n<td style=\"height: 24px;width: 97.2256%\">24 th\u00e1ng k\u1ec3 t\u1eeb ng\u00e0y s\u1ea3n xu\u1ea5t.<\/td>\n<\/tr>\n<tr style=\"height: 24px\">\n<td style=\"height: 24px;width: 11.7008%\">B\u1ea3o qu\u1ea3n<\/td>\n<td style=\"height: 24px;width: 97.2256%\">N\u01a1i kh\u00f4 r\u00e1o, tho\u00e1ng m\u00e1t, \u0111\u1ea3m b\u1ea3o v\u1ec7 sinh an to\u00e0n th\u1ef1c ph\u1ea9m, tr\u00e1nh \u00e1nh s\u00e1ng m\u1eb7t tr\u1eddi chi\u1ebfu tr\u1ef1c ti\u1ebfp<\/td>\n<\/tr>\n<tr style=\"height: 24px\">\n<td style=\"height: 24px;width: 11.7008%\">\u00a0Kh\u1ed1i l\u01b0\u1ee3ng<\/td>\n<td style=\"height: 24px;width: 97.2256%\">85g<\/td>\n<\/tr>\n<\/tbody>\n<\/table>\n<p data-start=\"434\" data-end=\"849\">Trong m\u1ed7i b\u1eefa \u0103n Vi\u1ec7t, d\u00f9 \u0111\u01a1n gi\u1ea3n hay c\u1ea7u k\u1ef3, m\u1ed9t nguy\u00ean li\u1ec7u t\u01b0\u1edfng nh\u01b0 th\u1ea7m l\u1eb7ng v\u1eabn lu\u00f4n gi\u1eef vai tr\u00f2 ch\u00ednh y\u1ebfu: mu\u1ed1i. Kh\u00f4ng ph\u1ea3i lo\u1ea1i n\u00e0o c\u0169ng gi\u1ed1ng nhau, v\u00e0 kh\u00f4ng ph\u1ea3i v\u00f9ng bi\u1ec3n n\u00e0o c\u0169ng cho ra v\u1ecb mu\u1ed1i m\u1eb7n m\u00f2i v\u1eeba v\u1eb7n \u0111\u1ebfn v\u1eady. T\u1eeb v\u00f9ng \u0111\u1ea5t \u0111\u1ea7y n\u1eafng v\u00e0 gi\u00f3 mi\u1ec1n T\u00e2y Nam B\u1ed9, n\u01a1i ngh\u1ec1 l\u00e0m mu\u1ed1i \u0111\u00e3 t\u1ed3n t\u1ea1i h\u00e0ng tr\u0103m n\u0103m, mu\u1ed1i bi\u1ec3n B\u1ea1c Li\u00eau kh\u00f4ng ch\u1ec9 l\u00e0 gia v\u1ecb \u2013 \u0111\u00f3 l\u00e0 tinh hoa t\u1eeb thi\u00ean nhi\u00ean l\u1eafng \u0111\u1ecdng qua th\u1eddi gian.<\/p>\n<p data-start=\"434\" data-end=\"849\"><img fetchpriority=\"high\" decoding=\"async\" class=\"aligncenter wp-image-41564\" src=\"https:\/\/havamall.com\/wp-content\/uploads\/2025\/08\/SeaSaltPowder.webp\" alt=\"\" width=\"800\" height=\"800\" srcset=\"https:\/\/havamall.com\/wp-content\/uploads\/2025\/08\/SeaSaltPowder.webp 2000w, https:\/\/havamall.com\/wp-content\/uploads\/2025\/08\/SeaSaltPowder-300x300.webp 300w, https:\/\/havamall.com\/wp-content\/uploads\/2025\/08\/SeaSaltPowder-1024x1024.webp 1024w, https:\/\/havamall.com\/wp-content\/uploads\/2025\/08\/SeaSaltPowder-150x150.webp 150w, https:\/\/havamall.com\/wp-content\/uploads\/2025\/08\/SeaSaltPowder-12x12.webp 12w, https:\/\/havamall.com\/wp-content\/uploads\/2025\/08\/SeaSaltPowder-600x600.webp 600w, https:\/\/havamall.com\/wp-content\/uploads\/2025\/08\/SeaSaltPowder-1200x1200.webp 1200w\" sizes=\"(max-width: 800px) 100vw, 800px\" \/><\/p>\n<p data-start=\"908\" data-end=\"1227\"><em><strong>Mu\u1ed1i bi\u1ec3n B\u1ea1c Li\u00eau<\/strong><\/em> n\u1ed5i b\u1eadt v\u1edbi h\u1ea1t mu\u1ed1i to \u0111\u1ec1u, kh\u00f4 r\u00e1o, m\u00e0u tr\u1eafng trong t\u1ef1 nhi\u00ean nh\u1edd quy tr\u00ecnh k\u1ebft tinh d\u01b0\u1edbi n\u1eafng truy\u1ec1n th\u1ed1ng m\u00e0 kh\u00f4ng qua tinh luy\u1ec7n c\u00f4ng nghi\u1ec7p. Kh\u00f4ng pha tr\u1ed9n t\u1ea1p ch\u1ea5t, kh\u00f4ng ph\u1ee5 gia, gi\u1eef tr\u1ecdn v\u1ecb m\u1eb7n tinh khi\u1ebft, h\u01b0\u01a1ng mu\u1ed1i thoang tho\u1ea3ng m\u00f9i n\u1eafng v\u00e0 bi\u1ec3n, r\u1ea5t kh\u00e1c bi\u1ec7t v\u1edbi mu\u1ed1i tinh ch\u1ebf th\u01b0\u1eddng g\u1eb7p.<\/p>\n<p data-start=\"1229\" data-end=\"1566\">\u0110i\u1ec3m ti\u1ec7n l\u1ee3i v\u01b0\u1ee3t tr\u1ed9i \u0111\u1ebfn t\u1eeb thi\u1ebft k\u1ebf n\u1eafp xoay c\u00f3 ch\u1ee9c n\u0103ng xay. Nh\u1edd \u0111\u00f3, ng\u01b0\u1eddi d\u00f9ng c\u00f3 th\u1ec3 d\u1ec5 d\u00e0ng \u0111i\u1ec1u ch\u1ec9nh \u0111\u1ed9 m\u1ecbn ngay khi s\u1eed d\u1ee5ng, gi\u00fap mu\u1ed1i lu\u00f4n t\u01b0\u01a1i m\u1edbi, gi\u1eef nguy\u00ean \u0111\u1ed9 gi\u00f2n v\u00e0 \u0111\u1ed9 \u1ea9m t\u1ef1 nhi\u00ean. C\u01a1 ch\u1ebf xay c\u0169ng t\u1ea1o n\u00ean tr\u1ea3i nghi\u1ec7m th\u00fa v\u1ecb: khi mu\u1ed1i v\u1eeba \u0111\u01b0\u1ee3c nghi\u1ec1n, m\u00f9i th\u01a1m b\u1ed7ng r\u00f5 r\u1ec7t h\u01a1n, nh\u01b0 v\u1eeba m\u1edf ra \u201cv\u1ecb bi\u1ec3n\u201d ngay tr\u00ean \u0111\u0129a \u0103n.<\/p>\n<p data-start=\"1229\" data-end=\"1566\"><img decoding=\"async\" class=\"aligncenter\" src=\"https:\/\/scontent.fsgn19-1.fna.fbcdn.net\/v\/t1.6435-9\/143529540_249038740183078_1171171785835611545_n.jpg?_nc_cat=103&amp;ccb=1-7&amp;_nc_sid=3a1ebe&amp;_nc_ohc=WyhEv1oPe5YQ7kNvwH5y12a&amp;_nc_oc=Admp01OLv_g47Bskme0Bb4S9WPJPdMg5ct1Lzw-8ukepYBw0rhQ6b6RdwJm1kkxX9lJNzi-_uFCQGS4-kzV6Oh6g&amp;_nc_zt=23&amp;_nc_ht=scontent.fsgn19-1.fna&amp;_nc_gid=tCR_sKHXk64A0yk9QDr6VA&amp;oh=00_AfTvJdYk6NdCmyefLBASP_tjnqk0kkg6m75y2iSCN6xY4g&amp;oe=68B6B9AF\" alt=\"Kh\u00f4ng c\u00f3 m\u00f4 t\u1ea3 \u1ea3nh.\" width=\"800\" height=\"800\" \/><\/p>\n<p data-start=\"1568\" data-end=\"1608\"><strong data-start=\"1568\" data-end=\"1608\">Mu\u1ed1i bi\u1ec3n xay \u2013 kh\u00f4ng ch\u1ec9 \u0111\u1ec3 n\u00eam n\u1ebfm<\/strong><\/p>\n<p data-start=\"1610\" data-end=\"2001\">\u2013 D\u00f9ng tr\u1ef1c ti\u1ebfp tr\u00ean m\u00f3n b\u00edt t\u1ebft, c\u00e1 n\u01b0\u1edbng ho\u1eb7c rau c\u1ee7 \u00e1p ch\u1ea3o \u0111\u1ec3 t\u0103ng \u0111\u1ed9 gi\u00f2n v\u00e0 h\u01b0\u01a1ng v\u1ecb<br data-start=\"1701\" data-end=\"1704\" \/>\u2013 R\u1eafc nh\u1eb9 l\u00ean b\u01a1 l\u1ea1t, caramel, chocolate \u0111en \u0111\u1ec3 t\u1ea1o t\u01b0\u01a1ng ph\u1ea3n m\u1eb7n \u2013 ng\u1ecdt \u0111\u1ea7y cu\u1ed1n h\u00fat<br data-start=\"1790\" data-end=\"1793\" \/>\u2013 L\u00e0m gia v\u1ecb \u01b0\u1edbp th\u1ecbt c\u00e1, h\u1ea3i s\u1ea3n ho\u1eb7c rau c\u1ee7 tr\u01b0\u1edbc khi n\u01b0\u1edbng<br data-start=\"1854\" data-end=\"1857\" \/>\u2013 Ph\u1ed1i h\u1ee3p v\u1edbi chanh, \u1edbt l\u00e0m mu\u1ed1i ch\u1ea5m tr\u00e1i c\u00e2y ho\u1eb7c h\u1ea3i s\u1ea3n t\u01b0\u01a1i<br data-start=\"1922\" data-end=\"1925\" \/>\u2013 D\u00f9ng trong c\u00e1c m\u00f3n \u0103n fusion \u0111\u1ec3 t\u1ea1o \u0111i\u1ec3m nh\u1ea5n v\u1ecb \u0111\u1eadm r\u00f5 r\u00e0ng h\u01a1n mu\u1ed1i tinh<\/p>\n<p data-start=\"2003\" data-end=\"2204\">Mu\u1ed1i xay tr\u1ef1c ti\u1ebfp t\u1ea1i b\u00e0n c\u00f2n mang \u0111\u1ebfn c\u1ea3m gi\u00e1c tinh t\u1ebf, hi\u1ec7n \u0111\u1ea1i cho phong c\u00e1ch b\u00e0y bi\u1ec7n \u2013 ph\u00f9 h\u1ee3p v\u1edbi c\u00e1c b\u1eefa \u0103n ki\u1ec3u \u00c2u, nh\u00e0 h\u00e0ng ho\u1eb7c khi mu\u1ed1n th\u00eam ch\u00fat kh\u00e1c bi\u1ec7t cho b\u1eefa c\u01a1m gia \u0111\u00ecnh th\u01b0\u1eddng nh\u1eadt.<\/p>\n<p data-start=\"2003\" data-end=\"2204\"><img decoding=\"async\" class=\"aligncenter wp-image-41565\" src=\"https:\/\/havamall.com\/wp-content\/uploads\/2025\/08\/SeaBassBakedinseasaltcrustRecipe11.webp\" alt=\"\" width=\"800\" height=\"600\" srcset=\"https:\/\/havamall.com\/wp-content\/uploads\/2025\/08\/SeaBassBakedinseasaltcrustRecipe11.webp 2016w, https:\/\/havamall.com\/wp-content\/uploads\/2025\/08\/SeaBassBakedinseasaltcrustRecipe11-300x225.webp 300w, https:\/\/havamall.com\/wp-content\/uploads\/2025\/08\/SeaBassBakedinseasaltcrustRecipe11-1024x768.webp 1024w, https:\/\/havamall.com\/wp-content\/uploads\/2025\/08\/SeaBassBakedinseasaltcrustRecipe11-16x12.webp 16w, https:\/\/havamall.com\/wp-content\/uploads\/2025\/08\/SeaBassBakedinseasaltcrustRecipe11-600x450.webp 600w, https:\/\/havamall.com\/wp-content\/uploads\/2025\/08\/SeaBassBakedinseasaltcrustRecipe11-1200x900.webp 1200w, https:\/\/havamall.com\/wp-content\/uploads\/2025\/08\/SeaBassBakedinseasaltcrustRecipe11-150x113.webp 150w\" sizes=\"(max-width: 800px) 100vw, 800px\" \/><\/p>\n<p data-start=\"2206\" data-end=\"2272\"><strong data-start=\"2206\" data-end=\"2272\">Ch\u1ea5t l\u01b0\u1ee3ng t\u1eeb v\u00f9ng bi\u1ec3n B\u1ea1c Li\u00eau \u2013 T\u1ef1 nhi\u00ean, an to\u00e0n, ti\u1ec7n l\u1ee3i<\/strong><\/p>\n<p data-start=\"2274\" data-end=\"2580\">V\u00f9ng mu\u1ed1i B\u1ea1c Li\u00eau kh\u00f4ng ch\u1ec9 n\u1ed5i danh nh\u1edd th\u1ed5 nh\u01b0\u1ee1ng ph\u00f9 h\u1ee3p m\u00e0 c\u00f2n v\u00ec ng\u01b0\u1eddi l\u00e0m mu\u1ed1i n\u01a1i \u0111\u00e2y v\u1eabn gi\u1eef c\u00e1ch thu ho\u1ea1ch truy\u1ec1n th\u1ed1ng \u2013 ho\u00e0n to\u00e0n th\u1ee7 c\u00f4ng, \u0111\u1ec3 mu\u1ed1i k\u1ebft tinh t\u1ef1 nhi\u00ean m\u00e0 kh\u00f4ng c\u1ea7n can thi\u1ec7p k\u1ef9 thu\u1eadt. Nh\u1edd v\u1eady, t\u1eebng h\u1ea1t mu\u1ed1i gi\u1eef nguy\u00ean t\u00ednh ch\u1ea5t th\u00f4 m\u1ed9c, kh\u00f4ng qua t\u1ea9y tr\u1eafng hay ch\u1ed1ng \u1ea9m nh\u00e2n t\u1ea1o.<\/p>\n<p data-start=\"2274\" data-end=\"2580\"><img loading=\"lazy\" decoding=\"async\" class=\"aligncenter\" src=\"https:\/\/scontent.fsgn19-1.fna.fbcdn.net\/v\/t1.6435-9\/144295677_249680986785520_5343368653048740635_n.jpg?_nc_cat=102&amp;ccb=1-7&amp;_nc_sid=3a1ebe&amp;_nc_ohc=TRZCi65U9HIQ7kNvwGgJXAn&amp;_nc_oc=AdkfoTzp9oviJdHB1dxPgYGXSMzya1uRoCZkGUJTZ1aXtObIe4exD3Y_2oRHW7GbnHYH5DGlKjwPolko9fr1-L-s&amp;_nc_zt=23&amp;_nc_ht=scontent.fsgn19-1.fna&amp;_nc_gid=jqYjdFgSo0Xt2wFTv6DXuA&amp;oh=00_AfR1r7R5F6ei0jxeayJebCUfiuTZoFIIj9-4mY9UsoqSlA&amp;oe=68B6841D\" alt=\"Kh\u00f4ng c\u00f3 m\u00f4 t\u1ea3 \u1ea3nh.\" width=\"800\" height=\"800\" \/><\/p>\n<p data-start=\"2582\" data-end=\"2849\">H\u0169 mu\u1ed1i bi\u1ec3n B\u1ea1c Li\u00eau xay s\u1eb5n 85g mang l\u1ea1i s\u1ef1 g\u1ecdn g\u00e0ng, s\u1ea1ch s\u1ebd, d\u1ec5 b\u1ea3o qu\u1ea3n v\u00e0 mang theo trong nh\u1eefng chuy\u1ebfn d\u00e3 ngo\u1ea1i, picnic hay l\u00e0m b\u1ebfp t\u1ea1i gia. \u0110\u1eb7c bi\u1ec7t, thi\u1ebft k\u1ebf nh\u1ecf g\u1ecdn, trong su\u1ed1t gi\u00fap d\u1ec5 d\u00e0ng quan s\u00e1t l\u01b0\u1ee3ng mu\u1ed1i b\u00ean trong, ti\u1ec7n l\u1ee3i c\u1ea3 v\u1ec1 th\u1ea9m m\u1ef9 l\u1eabn c\u00f4ng n\u0103ng. Hi\u1ec7n mu\u1ed1i bi\u1ec3n B\u1ea1c Li\u00eau Sea Salted Grinder 85g \u0111ang c\u00f3 m\u1eb7t t\u1ea1i\u00a0<strong data-start=\"2914\" data-end=\"2926\">Havamall<\/strong>, s\u1eb5n s\u00e0ng tr\u1edf th\u00e0nh \u0111i\u1ec3m nh\u1ea5n v\u1ecb gi\u00e1c \u0111\u00e1ng tin c\u1eady trong c\u0103n b\u1ebfp c\u1ee7a b\u1ea1n.<\/p>","protected":false},"excerpt":{"rendered":"<p>TH\u00d4NG TIN CHUNG Th\u01b0\u01a1ng hi\u1ec7u Sel De Bac Lieu Xu\u1ea5t x\u1ee9 Vi\u1ec7t Nam Th\u00e0nh ph\u1ea7n 100% mu\u1ed1i bi\u1ec3n ch\u1ee9a kho\u00e1ng<\/p>","protected":false},"featured_media":41563,"comment_status":"open","ping_status":"closed","template":"","meta":[],"product_brand":[],"product_cat":[730,154,595],"product_tag":[],"class_list":{"0":"post-41562","1":"product","2":"type-product","3":"status-publish","4":"has-post-thumbnail","6":"product_cat-cac-nuoc-khac","7":"product_cat-gia-vi","8":"product_cat-gia-vi-va-che-bien","9":"pa_brand-seldebaclieu-com","11":"first","12":"instock","13":"sale","14":"shipping-taxable","15":"purchasable","16":"product-type-simple"},"_links":{"self":[{"href":"https:\/\/havamall.com\/en\/wp-json\/wp\/v2\/product\/41562","targetHints":{"allow":["GET"]}}],"collection":[{"href":"https:\/\/havamall.com\/en\/wp-json\/wp\/v2\/product"}],"about":[{"href":"https:\/\/havamall.com\/en\/wp-json\/wp\/v2\/types\/product"}],"replies":[{"embeddable":true,"href":"https:\/\/havamall.com\/en\/wp-json\/wp\/v2\/comments?post=41562"}],"version-history":[{"count":0,"href":"https:\/\/havamall.com\/en\/wp-json\/wp\/v2\/product\/41562\/revisions"}],"wp:featuredmedia":[{"embeddable":true,"href":"https:\/\/havamall.com\/en\/wp-json\/wp\/v2\/media\/41563"}],"wp:attachment":[{"href":"https:\/\/havamall.com\/en\/wp-json\/wp\/v2\/media?parent=41562"}],"wp:term":[{"taxonomy":"product_brand","embeddable":true,"href":"https:\/\/havamall.com\/en\/wp-json\/wp\/v2\/product_brand?post=41562"},{"taxonomy":"product_cat","embeddable":true,"href":"https:\/\/havamall.com\/en\/wp-json\/wp\/v2\/product_cat?post=41562"},{"taxonomy":"product_tag","embeddable":true,"href":"https:\/\/havamall.com\/en\/wp-json\/wp\/v2\/product_tag?post=41562"}],"curies":[{"name":"wp","href":"https:\/\/api.w.org\/{rel}","templated":true}]}}