{"id":41613,"date":"2025-08-11T10:29:14","date_gmt":"2025-08-11T03:29:14","guid":{"rendered":"https:\/\/havamall.com\/?post_type=product&#038;p=41613"},"modified":"2026-04-14T10:03:54","modified_gmt":"2026-04-14T03:03:54","slug":"mi-soi-rau-cu-huu-co-cho-be-tu-7-thang-mennosato-240g-mennosato-organic-baby-noodles-multi-vege","status":"publish","type":"product","link":"https:\/\/havamall.com\/en\/shop\/mi-soi-rau-cu-huu-co-cho-be-tu-7-thang-mennosato-240g-mennosato-organic-baby-noodles-multi-vege\/","title":{"rendered":"M\u00ec S\u1ee3i Rau C\u1ee7 H\u1eefu C\u01a1 Cho B\u00e9 T\u1eeb 7 Th\u00e1ng Mennosato 240g \u2013 Mennosato Organic Baby Noodles Multi Vege"},"content":{"rendered":"<p><body><\/p>\n<blockquote>\n<h2><em><strong>TH\u00d4NG TIN CHUNG<\/strong><\/em><\/h2>\n<\/blockquote>\n<table style=\"width: 72.6542%;height: 205px\">\n<tbody>\n<tr>\n<td>Th\u01b0\u01a1ng hi\u1ec7u<\/td>\n<td>MenNoSato<\/td>\n<\/tr>\n<tr>\n<td>Xu\u1ea5t x\u1ee9<\/td>\n<td>Malaysia<\/td>\n<\/tr>\n<tr>\n<td>Th\u00e0nh ph\u1ea7n<\/td>\n<td>Xem tr\u00ean bao b\u00ec<\/td>\n<\/tr>\n<tr>\n<td>H\u1ea1n s\u1eed d\u1ee5ng<\/td>\n<td>24 th\u00e1ng k\u1ec3 t\u1eeb ng\u00e0y s\u1ea3n xu\u1ea5t.<\/td>\n<\/tr>\n<tr>\n<td>B\u1ea3o qu\u1ea3n<\/td>\n<td>N\u01a1i kh\u00f4 r\u00e1o, tho\u00e1ng m\u00e1t, \u0111\u1ea3m b\u1ea3o v\u1ec7 sinh an to\u00e0n th\u1ef1c ph\u1ea9m, tr\u00e1nh \u00e1nh s\u00e1ng m\u1eb7t tr\u1eddi chi\u1ebfu tr\u1ef1c ti\u1ebfp<\/td>\n<\/tr>\n<tr>\n<td>\u00a0Kh\u1ed1i l\u01b0\u1ee3ng<\/td>\n<td>240g ( g\u1ed3m 6 b\u00f3 m\u00ec)<\/td>\n<\/tr>\n<\/tbody>\n<\/table>\n<p data-start=\"632\" data-end=\"1126\">T\u1eeb l\u00e2u, ng\u01b0\u1eddi Nh\u1eadt \u0111\u00e3 n\u1ed5i ti\u1ebfng v\u1edbi ngh\u1ec7 thu\u1eadt \u1ea9m th\u1ef1c tinh t\u1ebf, ch\u00fa tr\u1ecdng s\u1ef1 c\u00e2n b\u1eb1ng gi\u1eefa h\u01b0\u01a1ng v\u1ecb, dinh d\u01b0\u1ee1ng v\u00e0 t\u00ednh an to\u00e0n. V\u1edbi tr\u1ebb nh\u1ecf, t\u1eebng b\u1eefa \u0103n c\u00e0ng \u0111\u00f2i h\u1ecfi s\u1ef1 ch\u1ecdn l\u1ecdc k\u1ef9 l\u01b0\u1ee1ng \u0111\u1ec3 v\u1eeba \u0111\u00e1p \u1ee9ng nhu c\u1ea7u ph\u00e1t tri\u1ec3n, v\u1eeba \u0111\u1ea3m b\u1ea3o h\u1ec7 ti\u00eau h\u00f3a non n\u1edbt c\u1ee7a b\u00e9 kh\u00f4ng b\u1ecb qu\u00e1 t\u1ea3i. L\u1ea5y c\u1ea3m h\u1ee9ng t\u1eeb m\u00f3n m\u00ec somen truy\u1ec1n th\u1ed1ng, th\u01b0\u01a1ng hi\u1ec7u <strong>Mennosato<\/strong> \u0111\u00e3 s\u00e1ng t\u1ea1o n\u00ean <strong data-start=\"993\" data-end=\"1024\">m\u00ec s\u1ee3i rau c\u1ee7 h\u1eefu c\u01a1 cho b\u00e9<\/strong>, mang t\u00ean ti\u1ebfng Nh\u1eadt \u201c\u30d9\u30d3\u30fc\u305d\u3046\u3081\u3093\u201d (Beb\u012b s\u014dmen) \u2013 l\u1ef1a ch\u1ecdn ho\u00e0n h\u1ea3o cho giai \u0111o\u1ea1n \u0103n d\u1eb7m v\u00e0 t\u1eadp \u0103n th\u00f4.<\/p>\n<p data-start=\"632\" data-end=\"1126\"><img decoding=\"async\" src=\"https:\/\/havamall.com\/wp-content\/uploads\/2025\/08\/20240321_182427.jpg\" alt=\"M\u00ec S\u1ee3i Rau C\u1ee7 H\u1eefu C\u01a1 Cho B\u00e9 T\u1eeb 7 Th\u00e1ng Mennosato 240g \u2013 Mennosato Organic Baby Noodles Multi Vege\"><\/p>\n<blockquote>\n<p data-start=\"1128\" data-end=\"1640\"><span style=\"font-size: 18pt\"><em><strong data-start=\"1128\" data-end=\"1180\">S\u1ee3i m\u00ec t\u1eeb rau c\u1ee7 h\u1eefu c\u01a1 \u2013 M\u1ec1m m\u1ea1i v\u00e0 thu\u1ea7n khi\u1ebft<\/strong><\/em><\/span><\/p>\n<\/blockquote>\n<p data-start=\"1128\" data-end=\"1640\">M\u00ec \u0111\u01b0\u1ee3c l\u00e0m t\u1eeb b\u1ed9t m\u00ec h\u1eefu c\u01a1 k\u1ebft h\u1ee3p v\u1edbi c\u00e1c lo\u1ea1i rau c\u1ee7 t\u1ef1 nhi\u00ean nh\u01b0 c\u00e0 r\u1ed1t, c\u1ee7 c\u1ea3i, b\u00ed \u0111\u1ecf v\u00e0 b\u00f4ng c\u1ea3i xanh. T\u1eebng nguy\u00ean li\u1ec7u \u0111\u01b0\u1ee3c l\u1ef1a ch\u1ecdn t\u1eeb ngu\u1ed3n canh t\u00e1c s\u1ea1ch, \u0111\u1ea1t ch\u1ee9ng nh\u1eadn h\u1eefu c\u01a1 qu\u1ed1c t\u1ebf (Certified Organic), kh\u00f4ng thu\u1ed1c tr\u1eeb s\u00e2u, kh\u00f4ng ph\u00e2n b\u00f3n h\u00f3a h\u1ecdc. Nh\u1edd v\u1eady, m\u00e0u s\u1eafc v\u00e0 h\u01b0\u01a1ng v\u1ecb c\u1ee7a s\u1ee3i m\u00ec ho\u00e0n to\u00e0n t\u1ef1 nhi\u00ean, kh\u00f4ng qua nhu\u1ed9m ph\u1ea9m m\u00e0u hay th\u00eam h\u01b0\u01a1ng li\u1ec7u. Khi n\u1ea5u ch\u00edn, s\u1ee3i m\u00ec c\u00f3 \u0111\u1ed9 m\u1ec1m m\u01b0\u1ee3t v\u1eeba ph\u1ea3i, d\u1ec5 nhai, gi\u00fap b\u00e9 \u0103n ngon m\u00e0 kh\u00f4ng b\u1ecb ng\u00e1n.<\/p>\n<p data-start=\"1128\" data-end=\"1640\"><img decoding=\"async\" src=\"https:\/\/havamall.com\/wp-content\/uploads\/2025\/08\/476632592_18289692715244457_8089060467756938312_n.webp\" alt=\"M\u00ec S\u1ee3i Rau C\u1ee7 H\u1eefu C\u01a1 Cho B\u00e9 T\u1eeb 7 Th\u00e1ng Mennosato 240g \u2013 Mennosato Organic Baby Noodles Multi Vege\"><\/p>\n<blockquote>\n<p data-start=\"1642\" data-end=\"1984\"><span style=\"font-size: 18pt\"><em><strong data-start=\"1642\" data-end=\"1687\">An to\u00e0n tuy\u1ec7t \u0111\u1ed1i cho h\u1ec7 ti\u00eau h\u00f3a non n\u1edbt<\/strong><\/em><\/span><\/p>\n<\/blockquote>\n<p data-start=\"1642\" data-end=\"1984\">\u0110i\u1ec3m \u0111\u1eb7c bi\u1ec7t c\u1ee7a m\u00ec Mennosato ch\u00ednh l\u00e0 <strong data-start=\"1730\" data-end=\"1758\">kh\u00f4ng th\u00eam \u0111\u01b0\u1eddng v\u00e0 mu\u1ed1i<\/strong>, gi\u00fap v\u1ecb gi\u00e1c c\u1ee7a b\u00e9 ph\u00e1t tri\u1ec3n t\u1ef1 nhi\u00ean, tr\u00e1nh g\u00e1nh n\u1eb7ng cho th\u1eadn v\u00e0 h\u1ec7 ti\u00eau h\u00f3a. C\u00f4ng th\u1ee9c \u0111\u01b0\u1ee3c thi\u1ebft k\u1ebf ph\u00f9 h\u1ee3p cho tr\u1ebb t\u1eeb 7 th\u00e1ng tu\u1ed5i tr\u1edf l\u00ean, \u0111\u00e1p \u1ee9ng nhu c\u1ea7u dinh d\u01b0\u1ee1ng \u1edf giai \u0111o\u1ea1n t\u1eadp l\u00e0m quen v\u1edbi th\u1ef1c ph\u1ea9m d\u1ea1ng s\u1ee3i.<\/p>\n<p data-start=\"1642\" data-end=\"1984\"><img decoding=\"async\" src=\"https:\/\/havamall.com\/wp-content\/uploads\/2025\/08\/476466041_18289692826244457_1332329568891932147_n.jpg\" alt=\"M\u00ec S\u1ee3i Rau C\u1ee7 H\u1eefu C\u01a1 Cho B\u00e9 T\u1eeb 7 Th\u00e1ng Mennosato 240g \u2013 Mennosato Organic Baby Noodles Multi Vege\"><\/p>\n<blockquote>\n<p data-start=\"1986\" data-end=\"2364\"><span style=\"font-size: 18pt\"><em><strong data-start=\"1986\" data-end=\"2028\">Quy tr\u00ecnh s\u1ea3n xu\u1ea5t gi\u1eef tr\u1ecdn d\u01b0\u1ee1ng ch\u1ea5t<\/strong><\/em><\/span><\/p>\n<\/blockquote>\n<p data-start=\"1986\" data-end=\"2364\">Quy tr\u00ecnh l\u00e0m m\u00ec \u0111\u01b0\u1ee3c th\u1ef1c hi\u1ec7n t\u1ec9 m\u1ec9, t\u1eeb nh\u00e0o b\u1ed9t, c\u00e1n m\u1ecfng \u0111\u1ebfn c\u1eaft s\u1ee3i, t\u1ea5t c\u1ea3 \u0111\u1ec1u tu\u00e2n th\u1ee7 ti\u00eau chu\u1ea9n v\u1ec7 sinh nghi\u00eam ng\u1eb7t. M\u00ec \u0111\u01b0\u1ee3c s\u1ea5y kh\u00f4 \u1edf nhi\u1ec7t \u0111\u1ed9 th\u1ea5p, gi\u00fap gi\u1eef nguy\u00ean m\u00e0u s\u1eafc v\u00e0 gi\u00e1 tr\u1ecb dinh d\u01b0\u1ee1ng t\u1eeb rau c\u1ee7. M\u1ed7i g\u00f3i g\u1ed3m 6 kh\u1ea9u ph\u1ea7n, ti\u1ec7n l\u1ee3i cho ph\u1ee5 huynh khi mu\u1ed1n \u0111i\u1ec1u ch\u1ec9nh l\u01b0\u1ee3ng \u0103n theo t\u1eebng giai \u0111o\u1ea1n ph\u00e1t tri\u1ec3n c\u1ee7a b\u00e9.<\/p>\n<blockquote>\n<p data-start=\"2366\" data-end=\"2781\"><span style=\"font-size: 18pt\"><em><strong data-start=\"2366\" data-end=\"2394\">G\u1ee3i \u00fd ch\u1ebf bi\u1ebfn phong ph\u00fa<\/strong><\/em><\/span><\/p>\n<\/blockquote>\n<p data-start=\"2366\" data-end=\"2781\">\u2013 N\u1ea5u m\u00ec v\u1edbi n\u01b0\u1edbc d\u00f9ng rau c\u1ee7 ho\u1eb7c n\u01b0\u1edbc h\u1ea7m x\u01b0\u01a1ng, k\u1ebft h\u1ee3p th\u00eam th\u1ecbt b\u1eb1m ho\u1eb7c c\u00e1 nghi\u1ec1n cho b\u00e9 \u0103n d\u1eb7m.<br data-start=\"2499\" data-end=\"2502\">\u2013 Lu\u1ed9c m\u00ec, c\u1eaft ng\u1eafn r\u1ed3i tr\u1ed9n c\u00f9ng rau c\u1ee7 lu\u1ed9c m\u1ec1m, nghi\u1ec1n nhuy\u1ec5n \u0111\u1ec3 b\u00e9 d\u1ec5 \u0103n.<br data-start=\"2579\" data-end=\"2582\">\u2013 Ch\u1ebf bi\u1ebfn m\u00ec l\u1ea1nh v\u00e0o nh\u1eefng ng\u00e0y h\u00e8, k\u1ebft h\u1ee3p c\u00f9ng rau c\u1ee7 t\u01b0\u01a1i th\u00e1i nh\u1ecf \u0111\u1ec3 t\u0103ng tr\u1ea3i nghi\u1ec7m \u0103n th\u00f4.<br data-start=\"2681\" data-end=\"2684\">\u2013 K\u1ebft h\u1ee3p m\u00ec v\u1edbi s\u1ed1t t\u1ef1 l\u00e0m t\u1eeb b\u00ed \u0111\u1ecf ho\u1eb7c khoai lang \u0111\u1ec3 b\u1ed5 sung n\u0103ng l\u01b0\u1ee3ng v\u00e0 v\u1ecb ng\u1ecdt t\u1ef1 nhi\u00ean.<\/p>\n<p data-start=\"2366\" data-end=\"2781\"><img decoding=\"async\" src=\"https:\/\/havamall.com\/wp-content\/uploads\/2025\/08\/476416562_18289692736244457_5649846780719802789_n.webp\" alt=\"M\u00ec S\u1ee3i Rau C\u1ee7 H\u1eefu C\u01a1 Cho B\u00e9 T\u1eeb 7 Th\u00e1ng Mennosato 240g \u2013 Mennosato Organic Baby Noodles Multi Vege\"><\/p>\n<blockquote>\n<p data-start=\"2783\" data-end=\"3121\"><span style=\"font-size: 18pt\"><em><strong data-start=\"2783\" data-end=\"2815\">Gi\u00e1 tr\u1ecb dinh d\u01b0\u1ee1ng v\u01b0\u1ee3t tr\u1ed9i<\/strong><\/em><\/span><\/p>\n<\/blockquote>\n<p data-start=\"2783\" data-end=\"3121\">\u2013 Cung c\u1ea5p carbohydrate l\u00e0nh m\u1ea1nh t\u1eeb b\u1ed9t m\u00ec h\u1eefu c\u01a1, h\u1ed7 tr\u1ee3 ho\u1ea1t \u0111\u1ed9ng h\u1eb1ng ng\u00e0y c\u1ee7a b\u00e9.<br data-start=\"2904\" data-end=\"2907\">\u2013 B\u1ed5 sung vitamin A, C, K c\u00f9ng kho\u00e1ng ch\u1ea5t nh\u01b0 s\u1eaft, canxi v\u00e0 kali t\u1eeb rau c\u1ee7.<br data-start=\"2983\" data-end=\"2986\">\u2013 Gi\u00e0u ch\u1ea5t x\u01a1, gi\u00fap c\u1ea3i thi\u1ec7n h\u1ec7 ti\u00eau h\u00f3a v\u00e0 ph\u00f2ng ng\u1eeba t\u00e1o b\u00f3n.<br data-start=\"3051\" data-end=\"3054\">\u2013 Ho\u00e0n to\u00e0n kh\u00f4ng ch\u1ee9a ph\u1ee5 gia, ph\u1ea9m m\u00e0u hay h\u01b0\u01a1ng li\u1ec7u t\u1ed5ng h\u1ee3p.<\/p>\n<p data-start=\"2783\" data-end=\"3121\"><img decoding=\"async\" src=\"https:\/\/havamall.com\/wp-content\/uploads\/2025\/08\/476373169_18289692706244457_3295571828705945192_n.jpg\" alt=\"M\u00ec S\u1ee3i Rau C\u1ee7 H\u1eefu C\u01a1 Cho B\u00e9 T\u1eeb 7 Th\u00e1ng Mennosato 240g \u2013 Mennosato Organic Baby Noodles Multi Vege\">M\u00ec s\u1ee3i rau c\u1ee7 h\u1eefu c\u01a1 cho b\u00e9 <strong><em>Mennosato<\/em> <\/strong>kh\u00f4ng ch\u1ec9 l\u00e0 th\u1ef1c ph\u1ea9m \u0103n d\u1eb7m, m\u00e0 c\u00f2n l\u00e0 n\u1ec1n t\u1ea3ng cho m\u1ed9t ch\u1ebf \u0111\u1ed9 \u0103n l\u00e0nh m\u1ea1nh t\u1eeb nh\u1eefng n\u0103m th\u00e1ng \u0111\u1ea7u \u0111\u1eddi. S\u1ef1 k\u1ebft h\u1ee3p gi\u1eefa nguy\u00ean li\u1ec7u s\u1ea1ch, c\u00f4ng th\u1ee9c ph\u00f9 h\u1ee3p v\u00e0 h\u01b0\u01a1ng v\u1ecb nh\u1eb9 nh\u00e0ng s\u1ebd gi\u00fap b\u00e9 l\u00e0m quen v\u1edbi th\u1ebf gi\u1edbi \u1ea9m th\u1ef1c m\u1ed9t c\u00e1ch t\u1ef1 nhi\u00ean v\u00e0 an to\u00e0n. M\u00f3n \u0103n n\u00e0y hi\u1ec7n \u0111ang \u0111\u01b0\u1ee3c b\u00e1n t\u1ea1i <strong><em>Havamall<\/em><\/strong>.<\/p>\n<p><\/body><\/p>","protected":false},"excerpt":{"rendered":"<p>TH\u00d4NG TIN CHUNG Th\u01b0\u01a1ng hi\u1ec7u MenNoSato Xu\u1ea5t x\u1ee9 Malaysia Th\u00e0nh ph\u1ea7n Xem tr\u00ean bao b\u00ec H\u1ea1n s\u1eed d\u1ee5ng 24 th\u00e1ng<\/p>","protected":false},"featured_media":41614,"comment_status":"open","ping_status":"closed","template":"","meta":[],"product_brand":[],"product_cat":[730,130,722,707,256],"product_tag":[],"class_list":{"0":"post-41613","1":"product","2":"type-product","3":"status-publish","4":"has-post-thumbnail","6":"product_cat-cac-nuoc-khac","7":"product_cat-khuyen-mai","8":"product_cat-nhap-khau-nhat-ban","9":"product_cat-nui-mi-y-pasta","10":"product_cat-thuc-pham-huu-co","12":"first","13":"instock","14":"sale","15":"shipping-taxable","16":"purchasable","17":"product-type-simple"},"_links":{"self":[{"href":"https:\/\/havamall.com\/en\/wp-json\/wp\/v2\/product\/41613","targetHints":{"allow":["GET"]}}],"collection":[{"href":"https:\/\/havamall.com\/en\/wp-json\/wp\/v2\/product"}],"about":[{"href":"https:\/\/havamall.com\/en\/wp-json\/wp\/v2\/types\/product"}],"replies":[{"embeddable":true,"href":"https:\/\/havamall.com\/en\/wp-json\/wp\/v2\/comments?post=41613"}],"version-history":[{"count":1,"href":"https:\/\/havamall.com\/en\/wp-json\/wp\/v2\/product\/41613\/revisions"}],"predecessor-version":[{"id":45836,"href":"https:\/\/havamall.com\/en\/wp-json\/wp\/v2\/product\/41613\/revisions\/45836"}],"wp:featuredmedia":[{"embeddable":true,"href":"https:\/\/havamall.com\/en\/wp-json\/wp\/v2\/media\/41614"}],"wp:attachment":[{"href":"https:\/\/havamall.com\/en\/wp-json\/wp\/v2\/media?parent=41613"}],"wp:term":[{"taxonomy":"product_brand","embeddable":true,"href":"https:\/\/havamall.com\/en\/wp-json\/wp\/v2\/product_brand?post=41613"},{"taxonomy":"product_cat","embeddable":true,"href":"https:\/\/havamall.com\/en\/wp-json\/wp\/v2\/product_cat?post=41613"},{"taxonomy":"product_tag","embeddable":true,"href":"https:\/\/havamall.com\/en\/wp-json\/wp\/v2\/product_tag?post=41613"}],"curies":[{"name":"wp","href":"https:\/\/api.w.org\/{rel}","templated":true}]}}