{"id":41623,"date":"2025-08-11T11:52:06","date_gmt":"2025-08-11T04:52:06","guid":{"rendered":"https:\/\/havamall.com\/?post_type=product&#038;p=41623"},"modified":"2025-08-11T14:45:26","modified_gmt":"2025-08-11T07:45:26","slug":"giam-tao-detox-huu-co-vi-gung-nghe-milan-500ml-milan-organic-apple-cider-vinegar-ginger-turmeric","status":"publish","type":"product","link":"https:\/\/havamall.com\/en\/shop\/giam-tao-detox-huu-co-vi-gung-nghe-milan-500ml-milan-organic-apple-cider-vinegar-ginger-turmeric\/","title":{"rendered":"Gi\u1ea5m T\u00e1o Detox H\u1eefu C\u01a1 V\u1ecb G\u1eebng Ngh\u1ec7 Andrea Milano 500ml \u2013 Andrea Milano Organic Apple Cider Vinegar Ginger Turmeric"},"content":{"rendered":"<blockquote>\n<h2><em><strong>TH\u00d4NG TIN CHUNG<\/strong><\/em><\/h2>\n<\/blockquote>\n<table class=\"w-fit min-w-(--thread-content-width)\" style=\"width: 73.733%;height: 200px\" data-start=\"178\" data-end=\"636\">\n<tbody data-start=\"214\" data-end=\"636\">\n<tr style=\"height: 25px\" data-start=\"214\" data-end=\"241\">\n<td style=\"height: 25px\" data-start=\"214\" data-end=\"232\" data-col-size=\"sm\"><strong data-start=\"216\" data-end=\"231\">Th\u01b0\u01a1ng hi\u1ec7u<\/strong><\/td>\n<td style=\"height: 25px\" data-col-size=\"md\" data-start=\"232\" data-end=\"241\">Andrea Milano<\/td>\n<\/tr>\n<tr style=\"height: 25px\" data-start=\"242\" data-end=\"277\">\n<td style=\"height: 25px\" data-start=\"242\" data-end=\"256\" data-col-size=\"sm\"><strong data-start=\"244\" data-end=\"255\">Xu\u1ea5t x\u1ee9<\/strong><\/td>\n<td style=\"height: 25px\" data-col-size=\"md\" data-start=\"256\" data-end=\"277\">\u00dd<\/td>\n<\/tr>\n<tr style=\"height: 25px\" data-start=\"278\" data-end=\"372\">\n<td style=\"height: 25px\" data-start=\"278\" data-end=\"295\" data-col-size=\"sm\"><strong data-start=\"280\" data-end=\"294\">Th\u00e0nh ph\u1ea7n<\/strong><\/td>\n<td style=\"height: 25px\" data-col-size=\"md\" data-start=\"295\" data-end=\"372\">Gi\u1ea5m t\u00e1o h\u1eefu c\u01a1, ngh\u1ec7 (1%), g\u1eebng (2%), h\u01b0\u01a1ng v\u1ecb \u1edbt cay t\u1ef1 nhi\u00ean, n\u01b0\u1edbc l\u1ecdc<\/td>\n<\/tr>\n<tr style=\"height: 25px\" data-start=\"373\" data-end=\"395\">\n<td style=\"height: 25px\" data-start=\"373\" data-end=\"387\" data-col-size=\"sm\"><strong data-start=\"375\" data-end=\"386\">\u0110\u1ed9 axit<\/strong><\/td>\n<td style=\"height: 25px\" data-col-size=\"md\" data-start=\"387\" data-end=\"395\">1,5%<\/td>\n<\/tr>\n<tr style=\"height: 25px\" data-start=\"396\" data-end=\"450\">\n<td style=\"height: 25px\" data-start=\"396\" data-end=\"413\" data-col-size=\"sm\"><strong data-start=\"398\" data-end=\"412\">Ch\u1ee9ng nh\u1eadn<\/strong><\/td>\n<td style=\"height: 25px\" data-col-size=\"md\" data-start=\"413\" data-end=\"450\">Chu\u1ea9n h\u1eefu c\u01a1 Ch\u00e2u \u00c2u (EU Organic)<\/td>\n<\/tr>\n<tr style=\"height: 25px\" data-start=\"451\" data-end=\"501\">\n<td style=\"height: 25px\" data-start=\"451\" data-end=\"469\" data-col-size=\"sm\"><strong data-start=\"453\" data-end=\"468\">H\u1ea1n s\u1eed d\u1ee5ng<\/strong><\/td>\n<td style=\"height: 25px\" data-col-size=\"md\" data-start=\"469\" data-end=\"501\">24 th\u00e1ng k\u1ec3 t\u1eeb ng\u00e0y s\u1ea3n xu\u1ea5t<\/td>\n<\/tr>\n<tr style=\"height: 25px\" data-start=\"502\" data-end=\"609\">\n<td style=\"height: 25px\" data-start=\"502\" data-end=\"517\" data-col-size=\"sm\"><strong data-start=\"504\" data-end=\"516\">B\u1ea3o qu\u1ea3n<\/strong><\/td>\n<td style=\"height: 25px\" data-col-size=\"md\" data-start=\"517\" data-end=\"609\">N\u01a1i kh\u00f4 r\u00e1o, tho\u00e1ng m\u00e1t, tr\u00e1nh \u00e1nh s\u00e1ng tr\u1ef1c ti\u1ebfp, b\u1ea3o qu\u1ea3n trong t\u1ee7 l\u1ea1nh sau khi m\u1edf n\u1eafp<\/td>\n<\/tr>\n<tr style=\"height: 25px\" data-start=\"610\" data-end=\"636\">\n<td style=\"height: 25px\" data-start=\"610\" data-end=\"627\" data-col-size=\"sm\"><strong data-start=\"612\" data-end=\"626\">Kh\u1ed1i l\u01b0\u1ee3ng<\/strong><\/td>\n<td style=\"height: 25px\" data-col-size=\"md\" data-start=\"627\" data-end=\"636\">500ml<\/td>\n<\/tr>\n<\/tbody>\n<\/table>\n<p data-start=\"749\" data-end=\"1138\">Gi\u1ea5m t\u00e1o t\u1eeb l\u00e2u \u0111\u01b0\u1ee3c bi\u1ebft \u0111\u1ebfn nh\u01b0 m\u1ed9t \u201cth\u1ea7n d\u01b0\u1ee3c\u201d thi\u00ean nhi\u00ean trong ch\u0103m s\u00f3c s\u1ee9c kh\u1ecfe v\u00e0 s\u1eafc \u0111\u1eb9p. Andrea Milano mang \u0111\u1ebfn phi\u00ean b\u1ea3n gi\u1ea5m t\u00e1o detox h\u1eefu c\u01a1 v\u1ecb g\u1eebng ngh\u1ec7, k\u1ebft h\u1ee3p tinh t\u00fay gi\u1eefa truy\u1ec1n th\u1ed1ng th\u1ee7 c\u00f4ng v\u00e0 c\u00f4ng ngh\u1ec7 hi\u1ec7n \u0111\u1ea1i \u0111\u1ec3 t\u1ea1o ra s\u1ea3n ph\u1ea9m ch\u1ea5t l\u01b0\u1ee3ng th\u01b0\u1ee3ng h\u1ea1ng. S\u1ea3n ph\u1ea9m kh\u00f4ng ch\u1ec9 l\u00e0 gia v\u1ecb \u0111a n\u0103ng m\u00e0 c\u00f2n l\u00e0 th\u1ee9c u\u1ed1ng t\u1ed1t cho s\u1ee9c kh\u1ecfe, gi\u00fap thanh l\u1ecdc c\u01a1 th\u1ec3 v\u00e0 d\u01b0\u1ee1ng s\u1eafc t\u1ef1 nhi\u00ean.<\/p>\n<p data-start=\"749\" data-end=\"1138\"><img fetchpriority=\"high\" decoding=\"async\" class=\"aligncenter wp-image-41626\" src=\"https:\/\/havamall.com\/wp-content\/uploads\/2025\/08\/deto_zenzero_curcuma_7.jpg\" alt=\"\" width=\"802\" height=\"729\" srcset=\"https:\/\/havamall.com\/wp-content\/uploads\/2025\/08\/deto_zenzero_curcuma_7.jpg 1200w, https:\/\/havamall.com\/wp-content\/uploads\/2025\/08\/deto_zenzero_curcuma_7-300x273.jpg 300w, https:\/\/havamall.com\/wp-content\/uploads\/2025\/08\/deto_zenzero_curcuma_7-1024x931.jpg 1024w, https:\/\/havamall.com\/wp-content\/uploads\/2025\/08\/deto_zenzero_curcuma_7-13x12.jpg 13w, https:\/\/havamall.com\/wp-content\/uploads\/2025\/08\/deto_zenzero_curcuma_7-600x546.jpg 600w, https:\/\/havamall.com\/wp-content\/uploads\/2025\/08\/deto_zenzero_curcuma_7-150x136.jpg 150w\" sizes=\"(max-width: 802px) 100vw, 802px\" \/><\/p>\n<blockquote>\n<h3 data-start=\"1140\" data-end=\"1205\"><strong><em><span style=\"font-size: 18pt\">Quy tr\u00ecnh s\u1ea3n xu\u1ea5t gi\u1ea5m t\u00e1o Detox h\u1eefu c\u01a1 v\u1ecb g\u1eebng ngh\u1ec7 Milan<\/span><\/em><\/strong><\/h3>\n<\/blockquote>\n<p data-start=\"1206\" data-end=\"1557\">Nguy\u00ean li\u1ec7u gi\u1ea5m t\u00e1o, g\u1eebng v\u00e0 ngh\u1ec7 \u0111\u01b0\u1ee3c tuy\u1ec3n ch\u1ecdn t\u1eeb nh\u1eefng v\u01b0\u1eddn canh t\u00e1c h\u1eefu c\u01a1 t\u1ea1i \u00dd, \u0111\u1ea3m b\u1ea3o kh\u00f4ng s\u1eed d\u1ee5ng h\u00f3a ch\u1ea5t, thu\u1ed1c tr\u1eeb s\u00e2u, ph\u00e2n b\u00f3n h\u00f3a h\u1ecdc hay gi\u1ed1ng bi\u1ebfn \u0111\u1ed5i gen. Qu\u00e1 tr\u00ecnh l\u00ean men ho\u00e0n to\u00e0n t\u1ef1 nhi\u00ean, kh\u00f4ng l\u1ecdc, kh\u00f4ng ti\u1ec7t tr\u00f9ng, gi\u1eef nguy\u00ean gi\u1ea5m m\u1eb9 \u2013 \u201ckho t\u00e0ng\u201d dinh d\u01b0\u1ee1ng ch\u1ee9a h\u00e0ng ch\u1ee5c ch\u1ee7ng l\u1ee3i khu\u1ea9n c\u00f9ng enzyme c\u00f3 l\u1ee3i cho s\u1ee9c kh\u1ecfe.<\/p>\n<p data-start=\"1559\" data-end=\"1756\">Vi\u1ec7c gi\u1eef l\u1ea1i gi\u1ea5m c\u00e1i gi\u00fap b\u1ea3o to\u00e0n gi\u00e1 tr\u1ecb dinh d\u01b0\u1ee1ng v\u00e0 h\u01b0\u01a1ng v\u1ecb t\u1ef1 nhi\u00ean, t\u1ea1o n\u00ean s\u1ea3n ph\u1ea9m v\u1edbi l\u1ee3i \u00edch ch\u0103m s\u00f3c s\u1ee9c kh\u1ecfe to\u00e0n di\u1ec7n m\u00e0 c\u00e1c s\u1ea3n ph\u1ea9m c\u00f4ng nghi\u1ec7p th\u00f4ng th\u01b0\u1eddng kh\u00f4ng th\u1ec3 s\u00e1nh b\u1eb1ng.<\/p>\n<p data-start=\"1559\" data-end=\"1756\"><img decoding=\"async\" class=\"aligncenter wp-image-41628\" src=\"https:\/\/havamall.com\/wp-content\/uploads\/2025\/08\/deto_zenzero_curcuma_4.webp\" alt=\"\" width=\"800\" height=\"800\" srcset=\"https:\/\/havamall.com\/wp-content\/uploads\/2025\/08\/deto_zenzero_curcuma_4.webp 1200w, https:\/\/havamall.com\/wp-content\/uploads\/2025\/08\/deto_zenzero_curcuma_4-300x300.webp 300w, https:\/\/havamall.com\/wp-content\/uploads\/2025\/08\/deto_zenzero_curcuma_4-1024x1024.webp 1024w, https:\/\/havamall.com\/wp-content\/uploads\/2025\/08\/deto_zenzero_curcuma_4-150x150.webp 150w, https:\/\/havamall.com\/wp-content\/uploads\/2025\/08\/deto_zenzero_curcuma_4-12x12.webp 12w, https:\/\/havamall.com\/wp-content\/uploads\/2025\/08\/deto_zenzero_curcuma_4-600x600.webp 600w\" sizes=\"(max-width: 800px) 100vw, 800px\" \/><\/p>\n<blockquote>\n<h3 data-start=\"1758\" data-end=\"1807\"><span style=\"font-size: 18pt\"><em><strong>C\u00f4ng d\u1ee5ng tuy\u1ec7t v\u1eddi cho s\u1ee9c kh\u1ecfe v\u00e0 s\u1eafc \u0111\u1eb9p<\/strong><\/em><\/span><\/h3>\n<\/blockquote>\n<p data-start=\"1808\" data-end=\"2048\"><strong data-start=\"1808\" data-end=\"1837\">\u2013\u00a0H\u1ec7 ti\u00eau h\u00f3a v\u00e0 mi\u1ec5n d\u1ecbch:<\/strong>\u00a0Gi\u1ea5m m\u1eb9 ch\u1ee9a nhi\u1ec1u l\u1ee3i khu\u1ea9n gi\u00fap c\u00e2n b\u1eb1ng h\u1ec7 vi sinh \u0111\u01b0\u1eddng ru\u1ed9t, h\u1ed7 tr\u1ee3 ti\u00eau h\u00f3a, t\u0103ng c\u01b0\u1eddng h\u1ec7 mi\u1ec5n d\u1ecbch t\u1ef1 nhi\u00ean. C\u00e1c enzyme trong gi\u1ea5m c\u0169ng g\u00f3p ph\u1ea7n th\u00fac \u0111\u1ea9y qu\u00e1 tr\u00ecnh trao \u0111\u1ed5i ch\u1ea5t v\u00e0 h\u1ea5p thu d\u01b0\u1ee1ng ch\u1ea5t.<\/p>\n<p data-start=\"2050\" data-end=\"2213\"><strong data-start=\"2050\" data-end=\"2082\">\u2013\u00a0Ki\u1ec3m so\u00e1t l\u01b0\u1ee3ng \u0111\u01b0\u1eddng huy\u1ebft:<\/strong>\u00a0C\u00e1c h\u1ee3p ch\u1ea5t t\u1ef1 nhi\u00ean trong gi\u1ea5m gi\u00fap \u0111i\u1ec1u ch\u1ec9nh l\u01b0\u1ee3ng \u0111\u01b0\u1eddng trong m\u00e1u, c\u1ea3i thi\u1ec7n \u0111\u1ed9 nh\u1ea1y insulin, h\u1ed7 tr\u1ee3 ph\u00f2ng ng\u1eeba ti\u1ec3u \u0111\u01b0\u1eddng.<\/p>\n<p data-start=\"2215\" data-end=\"2332\"><strong data-start=\"2215\" data-end=\"2233\">\u2013\u00a0Thanh l\u1ecdc gan:<\/strong>\u00a0S\u1ea3n ph\u1ea9m h\u1ed7 tr\u1ee3 qu\u00e1 tr\u00ecnh th\u1ea3i \u0111\u1ed9c gan, lo\u1ea1i b\u1ecf \u0111\u1ed9c t\u1ed1 t\u00edch t\u1ee5, gi\u00fap gan ho\u1ea1t \u0111\u1ed9ng hi\u1ec7u qu\u1ea3 h\u01a1n.<\/p>\n<p data-start=\"2334\" data-end=\"2489\"><strong data-start=\"2334\" data-end=\"2370\">\u2013\u00a0Ch\u1ed1ng oxy h\u00f3a, l\u00e0m ch\u1eadm l\u00e3o h\u00f3a:<\/strong>\u00a0Gi\u1ea5m ch\u1ee9a ch\u1ea5t ch\u1ed1ng oxy h\u00f3a gi\u00fap b\u1ea3o v\u1ec7 t\u1ebf b\u00e0o kh\u1ecfi g\u1ed1c t\u1ef1 do, h\u1ed7 tr\u1ee3 duy tr\u00ec s\u1ef1 tr\u1ebb trung v\u00e0 kh\u1ecfe m\u1ea1nh c\u1ee7a c\u01a1 th\u1ec3.<\/p>\n<p data-start=\"2491\" data-end=\"2712\"><strong data-start=\"2491\" data-end=\"2511\">\u2013\u00a0H\u1ed7 tr\u1ee3 gi\u1ea3m c\u00e2n:<\/strong>\u00a0Axit axetic trong gi\u1ea5m gi\u00fap h\u1ea1n ch\u1ebf t\u00edch t\u1ee5 m\u1ee1, ki\u1ec3m so\u00e1t c\u1ea3m gi\u00e1c th\u00e8m \u0103n, th\u00fac \u0111\u1ea9y trao \u0111\u1ed5i ch\u1ea5t v\u00e0 gi\u1ea3m gi\u1eef n\u01b0\u1edbc. K\u1ebft h\u1ee3p v\u1edbi ch\u1ebf \u0111\u1ed9 \u0103n l\u00e0nh m\u1ea1nh v\u00e0 t\u1eadp luy\u1ec7n th\u1ec3 d\u1ee5c gi\u00fap t\u0103ng hi\u1ec7u qu\u1ea3 gi\u1ea3m c\u00e2n.<\/p>\n<p data-start=\"2714\" data-end=\"2956\"><strong data-start=\"2714\" data-end=\"2736\">\u2013\u00a0L\u00e0m \u0111\u1eb9p da v\u00e0 t\u00f3c:<\/strong>\u00a0Gi\u1ea5m c\u00f3 t\u00ednh axit nh\u1eb9 gi\u00fap c\u00e2n b\u1eb1ng \u0111\u1ed9 pH cho da, l\u00e0m s\u1ea1ch b\u1ee5i b\u1ea9n, b\u00e3 nh\u1eddn, t\u1ebf b\u00e0o ch\u1ebft; kh\u00e1ng khu\u1ea9n, ch\u1ed1ng vi\u00eam gi\u00fap gi\u1ea3m m\u1ee5n tr\u1ee9ng c\u00e1 v\u00e0 l\u00e0m d\u1ecbu da. \u0110\u1ed3ng th\u1eddi h\u1ed7 tr\u1ee3 c\u00e2n b\u1eb1ng da \u0111\u1ea7u, gi\u1ea3m g\u00e0u v\u00e0 k\u00edch th\u00edch m\u1ecdc t\u00f3c.<\/p>\n<p data-start=\"2714\" data-end=\"2956\"><img decoding=\"async\" class=\"aligncenter wp-image-41627\" src=\"https:\/\/havamall.com\/wp-content\/uploads\/2025\/08\/deto_zenzero_curcuma_2.webp\" alt=\"\" width=\"801\" height=\"801\" srcset=\"https:\/\/havamall.com\/wp-content\/uploads\/2025\/08\/deto_zenzero_curcuma_2.webp 1200w, https:\/\/havamall.com\/wp-content\/uploads\/2025\/08\/deto_zenzero_curcuma_2-300x300.webp 300w, https:\/\/havamall.com\/wp-content\/uploads\/2025\/08\/deto_zenzero_curcuma_2-1024x1024.webp 1024w, https:\/\/havamall.com\/wp-content\/uploads\/2025\/08\/deto_zenzero_curcuma_2-150x150.webp 150w, https:\/\/havamall.com\/wp-content\/uploads\/2025\/08\/deto_zenzero_curcuma_2-12x12.webp 12w, https:\/\/havamall.com\/wp-content\/uploads\/2025\/08\/deto_zenzero_curcuma_2-600x600.webp 600w\" sizes=\"(max-width: 801px) 100vw, 801px\" \/><\/p>\n<blockquote>\n<h3 data-start=\"2958\" data-end=\"2985\"><span style=\"font-size: 18pt\"><strong><em>C\u00e1ch d\u00f9ng v\u00e0 b\u1ea3o qu\u1ea3n<\/em><\/strong><\/span><\/h3>\n<\/blockquote>\n<p data-start=\"2986\" data-end=\"3307\">\u2013\u00a0<strong data-start=\"2988\" data-end=\"3007\">U\u1ed1ng tr\u1ef1c ti\u1ebfp:<\/strong>\u00a0Pha 1 mu\u1ed7ng gi\u1ea5m v\u00e0o ly n\u01b0\u1edbc ho\u1eb7c \u0111\u00e1 l\u1ea1nh, d\u00f9ng sau v\u1eadn \u0111\u1ed9ng \u0111\u1ec3 thanh l\u1ecdc, l\u1ee3i ti\u1ec3u v\u00e0 h\u1ed7 tr\u1ee3 ti\u00eau h\u00f3a.<br data-start=\"3111\" data-end=\"3114\" \/>\u2013\u00a0<strong data-start=\"3116\" data-end=\"3138\">Pha ch\u1ebf th\u1ee9c u\u1ed1ng:<\/strong>\u00a0Th\u00eam gi\u1ea5m v\u00e0o sinh t\u1ed1, n\u01b0\u1edbc tr\u00e1i c\u00e2y ho\u1eb7c n\u01b0\u1edbc detox \u0111\u1ec3 t\u0103ng h\u01b0\u01a1ng v\u1ecb v\u00e0 l\u1ee3i \u00edch s\u1ee9c kh\u1ecfe.<br data-start=\"3229\" data-end=\"3232\" \/>\u2013\u00a0<strong data-start=\"3234\" data-end=\"3245\">Gia v\u1ecb:<\/strong>\u00a0S\u1eed d\u1ee5ng l\u00e0m n\u01b0\u1edbc s\u1ed1t tr\u1ed9n salad ho\u1eb7c gia v\u1ecb cho c\u00e1c m\u00f3n \u0103n.<\/p>\n<p data-start=\"3309\" data-end=\"3415\"><strong><em>L\u1eafc \u0111\u1ec1u tr\u01b0\u1edbc khi d\u00f9ng v\u00e0 b\u1ea3o qu\u1ea3n trong t\u1ee7 l\u1ea1nh sau khi m\u1edf \u0111\u1ec3 gi\u1eef \u0111\u01b0\u1ee3c h\u01b0\u01a1ng v\u1ecb v\u00e0 ch\u1ea5t l\u01b0\u1ee3ng t\u1ed1t nh\u1ea5t.<\/em><\/strong><\/p>\n<p data-start=\"3309\" data-end=\"3415\"><img loading=\"lazy\" decoding=\"async\" class=\"aligncenter wp-image-41629\" src=\"https:\/\/havamall.com\/wp-content\/uploads\/2025\/08\/deto_zenzero_curcuma_8.webp\" alt=\"\" width=\"802\" height=\"802\" srcset=\"https:\/\/havamall.com\/wp-content\/uploads\/2025\/08\/deto_zenzero_curcuma_8.webp 1200w, https:\/\/havamall.com\/wp-content\/uploads\/2025\/08\/deto_zenzero_curcuma_8-300x300.webp 300w, https:\/\/havamall.com\/wp-content\/uploads\/2025\/08\/deto_zenzero_curcuma_8-1024x1024.webp 1024w, https:\/\/havamall.com\/wp-content\/uploads\/2025\/08\/deto_zenzero_curcuma_8-150x150.webp 150w, https:\/\/havamall.com\/wp-content\/uploads\/2025\/08\/deto_zenzero_curcuma_8-12x12.webp 12w, https:\/\/havamall.com\/wp-content\/uploads\/2025\/08\/deto_zenzero_curcuma_8-600x600.webp 600w\" sizes=\"(max-width: 802px) 100vw, 802px\" \/><\/p>\n<p data-start=\"3422\" data-end=\"3745\"><strong>Gi\u1ea5m T\u00e1o Detox H\u1eefu C\u01a1 V\u1ecb G\u1eebng Ngh\u1ec7 Andrea Milano <\/strong>l\u00e0 s\u1ef1 k\u1ebft tinh c\u1ee7a nh\u1eefng nguy\u00ean li\u1ec7u th\u01b0\u1ee3ng h\u1ea1ng v\u00e0 quy tr\u00ecnh l\u00ean men truy\u1ec1n th\u1ed1ng c\u00f9ng c\u00f4ng ngh\u1ec7 hi\u1ec7n \u0111\u1ea1i, mang \u0111\u1ebfn s\u1ea3n ph\u1ea9m an to\u00e0n, hi\u1ec7u qu\u1ea3, h\u1ed7 tr\u1ee3 ch\u0103m s\u00f3c s\u1ee9c kh\u1ecfe to\u00e0n di\u1ec7n v\u00e0 l\u00e0m \u0111\u1eb9p t\u1ef1 nhi\u00ean. \u0110\u00e2y l\u00e0 l\u1ef1a ch\u1ecdn l\u00fd t\u01b0\u1edfng cho nh\u1eefng ai h\u01b0\u1edbng \u0111\u1ebfn l\u1ed1i s\u1ed1ng l\u00e0nh m\u1ea1nh v\u00e0 b\u1ec1n v\u1eefng. S\u1ea3n ph\u1ea9m hi\u1ec7n \u0111ang \u0111\u01b0\u1ee3c b\u00e1n t\u1ea1i <strong><em>Havamall<\/em><\/strong>.<\/p>","protected":false},"excerpt":{"rendered":"<p>TH\u00d4NG TIN CHUNG Th\u01b0\u01a1ng hi\u1ec7u Andrea Milano Xu\u1ea5t x\u1ee9 \u00dd Th\u00e0nh ph\u1ea7n Gi\u1ea5m t\u00e1o h\u1eefu c\u01a1, ngh\u1ec7 (1%), g\u1eebng (2%),<\/p>","protected":false},"featured_media":41624,"comment_status":"open","ping_status":"closed","template":"","meta":[],"product_brand":[],"product_cat":[724,256],"product_tag":[],"class_list":{"0":"post-41623","1":"product","2":"type-product","3":"status-publish","4":"has-post-thumbnail","6":"product_cat-nhap-khau-y","7":"product_cat-thuc-pham-huu-co","9":"first","10":"instock","11":"sale","12":"shipping-taxable","13":"purchasable","14":"product-type-simple"},"_links":{"self":[{"href":"https:\/\/havamall.com\/en\/wp-json\/wp\/v2\/product\/41623","targetHints":{"allow":["GET"]}}],"collection":[{"href":"https:\/\/havamall.com\/en\/wp-json\/wp\/v2\/product"}],"about":[{"href":"https:\/\/havamall.com\/en\/wp-json\/wp\/v2\/types\/product"}],"replies":[{"embeddable":true,"href":"https:\/\/havamall.com\/en\/wp-json\/wp\/v2\/comments?post=41623"}],"version-history":[{"count":0,"href":"https:\/\/havamall.com\/en\/wp-json\/wp\/v2\/product\/41623\/revisions"}],"wp:featuredmedia":[{"embeddable":true,"href":"https:\/\/havamall.com\/en\/wp-json\/wp\/v2\/media\/41624"}],"wp:attachment":[{"href":"https:\/\/havamall.com\/en\/wp-json\/wp\/v2\/media?parent=41623"}],"wp:term":[{"taxonomy":"product_brand","embeddable":true,"href":"https:\/\/havamall.com\/en\/wp-json\/wp\/v2\/product_brand?post=41623"},{"taxonomy":"product_cat","embeddable":true,"href":"https:\/\/havamall.com\/en\/wp-json\/wp\/v2\/product_cat?post=41623"},{"taxonomy":"product_tag","embeddable":true,"href":"https:\/\/havamall.com\/en\/wp-json\/wp\/v2\/product_tag?post=41623"}],"curies":[{"name":"wp","href":"https:\/\/api.w.org\/{rel}","templated":true}]}}