{"id":41633,"date":"2025-08-12T16:38:48","date_gmt":"2025-08-12T09:38:48","guid":{"rendered":"https:\/\/havamall.com\/?post_type=product&#038;p=41633"},"modified":"2025-08-12T16:38:49","modified_gmt":"2025-08-12T09:38:49","slug":"giam-tao-huu-co-ket-hop-mat-ong-andrea-milano-500ml-organic-apple-cider-vinegar-with-honey","status":"publish","type":"product","link":"https:\/\/havamall.com\/en\/shop\/giam-tao-huu-co-ket-hop-mat-ong-andrea-milano-500ml-organic-apple-cider-vinegar-with-honey\/","title":{"rendered":"Gi\u1ea5m T\u00e1o H\u1eefu C\u01a1 K\u1ebft H\u1ee3p M\u1eadt Ong Andrea Milano 500ml &#8211; Organic Apple Cider Vinegar with Honey"},"content":{"rendered":"<h2><strong>TH\u00d4NG TIN CHUNG<\/strong><\/h2>\n<table style=\"width: 66.7894%;height: 221px\">\n<tbody>\n<tr>\n<td style=\"width: 23.9617%\">Th\u01b0\u01a1ng hi\u1ec7u<\/td>\n<td style=\"width: 74.7604%\" data-col-size=\"md\" data-start=\"790\" data-end=\"865\">Andrea Milano<\/td>\n<\/tr>\n<tr>\n<td style=\"width: 23.9617%\">Xu\u1ea5t x\u1ee9<\/td>\n<td style=\"width: 74.7604%\" data-start=\"866\" data-end=\"883\" data-col-size=\"sm\">\u00a0\u00dd<\/td>\n<\/tr>\n<tr>\n<td style=\"width: 23.9617%\">Th\u00e0nh ph\u1ea7n<\/td>\n<td style=\"width: 74.7604%\">Gi\u1ea5m t\u00e1o h\u1eefu c\u01a1, 10 % c\u00f4 \u0111\u1eb7c n\u01b0\u1edbc \u00e9p t\u00e1o h\u1eefu c\u01a1, 2 % m\u1eadt ong h\u1eefu c\u01a1<\/td>\n<\/tr>\n<tr>\n<td style=\"width: 23.9617%\">H\u1ea1n s\u1eed d\u1ee5ng<\/td>\n<td style=\"width: 74.7604%\">Xem tr\u00ean Bao b\u00ec<\/td>\n<\/tr>\n<tr>\n<td style=\"width: 23.9617%\">B\u1ea3o qu\u1ea3n<\/td>\n<td style=\"width: 74.7604%\">\n<p class=\"\" data-start=\"162\" data-end=\"205\">Sau khi m\u1edf, b\u1ea3o qu\u1ea3n \u1edf t\u1ee7 l\u1ea1nh<\/p>\n<\/td>\n<\/tr>\n<tr>\n<td style=\"width: 23.9617%\">\u00a0Kh\u1ed1i l\u01b0\u1ee3ng<\/td>\n<td style=\"width: 74.7604%\">500ml<\/td>\n<\/tr>\n<\/tbody>\n<\/table>\n<p>Th\u01b0\u01a1ng hi\u1ec7u <strong><em>Andrea Milano<\/em><\/strong>, m\u1ed9t trong nh\u1eefng t\u00ean tu\u1ed5i l\u00e2u \u0111\u1eddi v\u00e0 uy t\u00edn nh\u1ea5t c\u1ee7a ng\u00e0nh s\u1ea3n xu\u1ea5t gi\u1ea5m \u00dd, \u0111\u00e3 cho ra \u0111\u1eddi d\u00f2ng s\u1ea3n ph\u1ea9m n\u01b0\u1edbc c\u1ed1t gi\u1ea5m t\u00e1o h\u1eefu c\u01a1 DETO. V\u1edbi s\u1ef1 k\u1ebft h\u1ee3p \u0111\u1ed9c \u0111\u00e1o gi\u1eefa gi\u1ea5m t\u00e1o v\u00e0 m\u1eadt ong, s\u1ea3n ph\u1ea9m mang \u0111\u1ebfn m\u1ed9t tr\u1ea3i nghi\u1ec7m \u1ea9m th\u1ef1c tinh t\u1ebf, \u0111\u1ed3ng th\u1eddi \u1ea9n ch\u1ee9a nhi\u1ec1u gi\u00e1 tr\u1ecb dinh d\u01b0\u1ee1ng v\u01b0\u1ee3t tr\u1ed9i. N\u01b0\u1edbc c\u1ed1t gi\u1ea5m t\u00e1o h\u1eefu c\u01a1 DETO l\u00e0 s\u1ef1 l\u1ef1a ch\u1ecdn ho\u00e0n h\u1ea3o cho nh\u1eefng ai t\u00ecm ki\u1ebfm m\u1ed9t l\u1ed1i s\u1ed1ng l\u00e0nh m\u1ea1nh, c\u00e2n b\u1eb1ng v\u00e0 tr\u00e0n \u0111\u1ea7y n\u0103ng l\u01b0\u1ee3ng.<\/p>\n<p><img fetchpriority=\"high\" decoding=\"async\" class=\"aligncenter size-full wp-image-41641\" src=\"https:\/\/havamall.com\/wp-content\/uploads\/2025\/08\/moi.png\" alt=\"\" width=\"800\" height=\"800\" srcset=\"https:\/\/havamall.com\/wp-content\/uploads\/2025\/08\/moi.png 800w, https:\/\/havamall.com\/wp-content\/uploads\/2025\/08\/moi-300x300.png 300w, https:\/\/havamall.com\/wp-content\/uploads\/2025\/08\/moi-150x150.png 150w, https:\/\/havamall.com\/wp-content\/uploads\/2025\/08\/moi-12x12.png 12w, https:\/\/havamall.com\/wp-content\/uploads\/2025\/08\/moi-600x600.png 600w\" sizes=\"(max-width: 800px) 100vw, 800px\" \/><\/p>\n<p>N\u1ed5i b\u1eadt v\u1edbi quy tr\u00ecnh s\u1ea3n xu\u1ea5t truy\u1ec1n th\u1ed1ng v\u00e0 t\u1ec9 m\u1ec9, n\u01b0\u1edbc c\u1ed1t gi\u1ea5m t\u00e1o DETO \u0111\u01b0\u1ee3c t\u1ea1o ra t\u1eeb nh\u1eefng tr\u00e1i t\u00e1o t\u01b0\u01a1i ngon, \u0111\u1ea1t chu\u1ea9n h\u1eefu c\u01a1 nghi\u00eam ng\u1eb7t. T\u00e1o \u0111\u01b0\u1ee3c \u00e9p l\u1ea5y n\u01b0\u1edbc, sau \u0111\u00f3 tr\u1ea3i qua qu\u00e1 tr\u00ecnh l\u00ean men t\u1ef1 nhi\u00ean k\u00e9o d\u00e0i, chuy\u1ec3n h\u00f3a \u0111\u01b0\u1eddng th\u00e0nh c\u1ed3n v\u00e0 ti\u1ebfp \u0111\u1ebfn l\u00e0 gi\u1ea5m. \u0110i\u1ec3m \u0111\u1eb7c bi\u1ec7t c\u1ee7a quy tr\u00ecnh n\u00e0y l\u00e0 vi\u1ec7c gi\u1eef l\u1ea1i <strong><em>&#8220;con gi\u1ea5m&#8221; (mother of vinegar)<\/em><\/strong>, m\u1ed9t m\u1ea1ng l\u01b0\u1edbi vi khu\u1ea9n v\u00e0 enzyme c\u00f3 l\u1ee3i, gi\u00fap gi\u1ea5m gi\u1eef \u0111\u01b0\u1ee3c tr\u1ecdn v\u1eb9n h\u01b0\u01a1ng v\u1ecb v\u00e0 gi\u00e1 tr\u1ecb dinh d\u01b0\u1ee1ng. S\u1ef1 k\u1ebft h\u1ee3p tinh t\u1ebf v\u1edbi m\u1eadt ong h\u1eefu c\u01a1 c\u00e0ng l\u00e0m t\u0103ng th\u00eam v\u1ecb ng\u1ecdt d\u1ecbu nh\u1eb9, c\u00e2n b\u1eb1ng v\u1ecb chua g\u1eaft v\u1ed1n c\u00f3 c\u1ee7a gi\u1ea5m, t\u1ea1o n\u00ean m\u1ed9t h\u01b0\u01a1ng v\u1ecb h\u00e0i h\u00f2a, d\u1ec5 u\u1ed1ng.<\/p>\n<p><img decoding=\"async\" class=\"aligncenter size-full wp-image-41642\" src=\"https:\/\/havamall.com\/wp-content\/uploads\/2025\/08\/Andrea-Milano-DETO-miele-7.jpg\" alt=\"\" width=\"800\" height=\"800\" srcset=\"https:\/\/havamall.com\/wp-content\/uploads\/2025\/08\/Andrea-Milano-DETO-miele-7.jpg 800w, https:\/\/havamall.com\/wp-content\/uploads\/2025\/08\/Andrea-Milano-DETO-miele-7-300x300.jpg 300w, https:\/\/havamall.com\/wp-content\/uploads\/2025\/08\/Andrea-Milano-DETO-miele-7-150x150.jpg 150w, https:\/\/havamall.com\/wp-content\/uploads\/2025\/08\/Andrea-Milano-DETO-miele-7-12x12.jpg 12w, https:\/\/havamall.com\/wp-content\/uploads\/2025\/08\/Andrea-Milano-DETO-miele-7-600x600.jpg 600w\" sizes=\"(max-width: 800px) 100vw, 800px\" \/><\/p>\n<p>N\u01b0\u1edbc c\u1ed1t gi\u1ea5m t\u00e1o h\u1eefu c\u01a1 <em><strong>Andrea Milano DETO<\/strong> <\/em>kh\u00f4ng ch\u1ec9 l\u00e0 m\u1ed9t gia v\u1ecb th\u00f4ng th\u01b0\u1eddng m\u00e0 c\u00f2n l\u00e0 m\u1ed9t th\u00e0nh ph\u1ea7n \u0111a n\u0103ng trong \u1ea9m th\u1ef1c. Gi\u1ed1ng nh\u01b0 c\u00e1c lo\u1ea1i gi\u1ea5m t\u00e1o ch\u1ea5t l\u01b0\u1ee3ng cao kh\u00e1c, DETO mang \u0111\u1ebfn h\u01b0\u01a1ng v\u1ecb thanh m\u00e1t, \u0111\u1eb7c tr\u01b0ng, gi\u00fap t\u0103ng c\u01b0\u1eddng \u0111\u1ed9 \u0111\u1eadm \u0111\u00e0 cho nhi\u1ec1u m\u00f3n \u0103n.<\/p>\n<p>\u2013 \u0110\u1ed1i v\u1edbi c\u00e1c m\u00f3n salad: Gi\u1ea5m t\u00e1o k\u1ebft h\u1ee3p v\u1edbi d\u1ea7u \u00f4 liu v\u00e0 c\u00e1c lo\u1ea1i gia v\u1ecb kh\u00e1c t\u1ea1o n\u00ean n\u01b0\u1edbc s\u1ed1t dressing h\u1ea5p d\u1eabn, l\u00e0m t\u00f4n l\u00ean v\u1ecb t\u01b0\u01a1i ngon c\u1ee7a rau c\u1ee7.<\/p>\n<p>\u2013 \u0110\u1ed1i v\u1edbi c\u00e1c m\u00f3n th\u1ecbt: Gi\u1ea5m t\u00e1o c\u00f3 th\u1ec3 d\u00f9ng \u0111\u1ec3 t\u1ea9m \u01b0\u1edbp, gi\u00fap th\u1ecbt m\u1ec1m h\u01a1n, d\u1ec5 ng\u1ea5m gia v\u1ecb v\u00e0 d\u1eady m\u00f9i th\u01a1m h\u01a1n khi ch\u1ebf bi\u1ebfn.<\/p>\n<p>\u2013 Gi\u00fap c\u1ea3i thi\u1ec7n h\u01b0\u01a1ng v\u1ecb c\u00e1c lo\u1ea1i n\u01b0\u1edbc ch\u1ea5m v\u00e0 c\u00e1c lo\u1ea1i s\u1ed1t \u0103n k\u00e8m.<\/p>\n<p>\u2013 Pha ch\u1ebf \u0111\u1ed3 u\u1ed1ng: Pha lo\u00e3ng gi\u1ea5m v\u1edbi n\u01b0\u1edbc \u1ea5m, th\u00eam m\u1ed9t ch\u00fat m\u1eadt ong ho\u1eb7c chanh, c\u00f3 th\u1ec3 d\u00f9ng nh\u01b0 m\u1ed9t th\u1ee9c u\u1ed1ng gi\u1ea3i kh\u00e1t, t\u1ed1t cho s\u1ee9c kh\u1ecfe.<\/p>\n<p>Gi\u00e1 tr\u1ecb dinh d\u01b0\u1ee1ng c\u1ee7a n\u01b0\u1edbc c\u1ed1t gi\u1ea5m t\u00e1o h\u1eefu c\u01a1 DETO \u0111\u1ebfn t\u1eeb ch\u00ednh th\u00e0nh ph\u1ea7n t\u1ef1 nhi\u00ean c\u1ee7a n\u00f3. Th\u00e0nh ph\u1ea7n ch\u00ednh c\u1ee7a gi\u1ea5m t\u00e1o l\u00e0 axit axetic, m\u1ed9t h\u1ee3p ch\u1ea5t \u0111\u00e3 \u0111\u01b0\u1ee3c nghi\u00ean c\u1ee9u r\u1ed9ng r\u00e3i v\u1ec1 t\u00e1c d\u1ee5ng \u0111\u1ed1i v\u1edbi s\u1ee9c kh\u1ecfe. Ngo\u00e0i ra, s\u1ea3n ph\u1ea9m c\u00f2n ch\u1ee9a c\u00e1c ch\u1ea5t ch\u1ed1ng oxy h\u00f3a, enzyme v\u00e0 kho\u00e1ng ch\u1ea5t c\u00f3 l\u1ee3i. Vi\u1ec7c k\u1ebft h\u1ee3p v\u1edbi m\u1eadt ong h\u1eefu c\u01a1 kh\u00f4ng ch\u1ec9 l\u00e0m t\u0103ng h\u01b0\u01a1ng v\u1ecb m\u00e0 c\u00f2n b\u1ed5 sung th\u00eam c\u00e1c vitamin v\u00e0 kho\u00e1ng ch\u1ea5t t\u1ef1 nhi\u00ean, g\u00f3p ph\u1ea7n t\u1ea1o n\u00ean m\u1ed9t th\u1ee9c u\u1ed1ng b\u1ed5 d\u01b0\u1ee1ng, h\u1ed7 tr\u1ee3 ti\u00eau h\u00f3a v\u00e0 t\u0103ng c\u01b0\u1eddng \u0111\u1ec1 kh\u00e1ng.<\/p>\n<p><img decoding=\"async\" class=\"aligncenter size-full wp-image-41643\" src=\"https:\/\/havamall.com\/wp-content\/uploads\/2025\/08\/Andrea-Milano-DETO-miele-9.jpg\" alt=\"\" width=\"800\" height=\"800\" srcset=\"https:\/\/havamall.com\/wp-content\/uploads\/2025\/08\/Andrea-Milano-DETO-miele-9.jpg 800w, https:\/\/havamall.com\/wp-content\/uploads\/2025\/08\/Andrea-Milano-DETO-miele-9-300x300.jpg 300w, https:\/\/havamall.com\/wp-content\/uploads\/2025\/08\/Andrea-Milano-DETO-miele-9-150x150.jpg 150w, https:\/\/havamall.com\/wp-content\/uploads\/2025\/08\/Andrea-Milano-DETO-miele-9-12x12.jpg 12w, https:\/\/havamall.com\/wp-content\/uploads\/2025\/08\/Andrea-Milano-DETO-miele-9-600x600.jpg 600w\" sizes=\"(max-width: 800px) 100vw, 800px\" \/><\/p>\n<p>N\u01b0\u1edbc c\u1ed1t gi\u1ea5m t\u00e1o h\u1eefu c\u01a1 Andrea Milano DETO l\u00e0 l\u1ef1a ch\u1ecdn l\u00fd t\u01b0\u1edfng \u0111\u1ec3 n\u00e2ng t\u1ea7m h\u01b0\u01a1ng v\u1ecb m\u00f3n \u0103n v\u00e0 ch\u0103m s\u00f3c s\u1ee9c kh\u1ecfe. S\u1ef1 k\u1ebft h\u1ee3p gi\u1eefa truy\u1ec1n th\u1ed1ng l\u00e2u \u0111\u1eddi c\u1ee7a th\u01b0\u01a1ng hi\u1ec7u Andrea Milano v\u00e0 nh\u1eefng th\u00e0nh ph\u1ea7n h\u1eefu c\u01a1 ch\u1ea5t l\u01b0\u1ee3ng cao \u0111\u00e3 t\u1ea1o n\u00ean m\u1ed9t s\u1ea3n ph\u1ea9m tinh t\u00fay, x\u1ee9ng \u0111\u00e1ng c\u00f3 m\u1eb7t trong gian b\u1ebfp c\u1ee7a m\u1ecdi gia \u0111\u00ecnh. S\u1ea3n ph\u1ea9m hi\u1ec7n \u0111ang \u0111\u01b0\u1ee3c b\u00e1n t\u1ea1i <strong>Havamall<\/strong>.<\/p>","protected":false},"excerpt":{"rendered":"<p>TH\u00d4NG TIN CHUNG Th\u01b0\u01a1ng hi\u1ec7u Andrea Milano Xu\u1ea5t x\u1ee9 \u00a0\u00dd Th\u00e0nh ph\u1ea7n Gi\u1ea5m t\u00e1o h\u1eefu c\u01a1, 10 % c\u00f4 \u0111\u1eb7c<\/p>","protected":false},"featured_media":41640,"comment_status":"open","ping_status":"closed","template":"","meta":[],"product_brand":[],"product_cat":[724,256],"product_tag":[],"class_list":{"0":"post-41633","1":"product","2":"type-product","3":"status-publish","4":"has-post-thumbnail","6":"product_cat-nhap-khau-y","7":"product_cat-thuc-pham-huu-co","9":"first","10":"instock","11":"sale","12":"shipping-taxable","13":"purchasable","14":"product-type-simple"},"_links":{"self":[{"href":"https:\/\/havamall.com\/en\/wp-json\/wp\/v2\/product\/41633","targetHints":{"allow":["GET"]}}],"collection":[{"href":"https:\/\/havamall.com\/en\/wp-json\/wp\/v2\/product"}],"about":[{"href":"https:\/\/havamall.com\/en\/wp-json\/wp\/v2\/types\/product"}],"replies":[{"embeddable":true,"href":"https:\/\/havamall.com\/en\/wp-json\/wp\/v2\/comments?post=41633"}],"version-history":[{"count":0,"href":"https:\/\/havamall.com\/en\/wp-json\/wp\/v2\/product\/41633\/revisions"}],"wp:featuredmedia":[{"embeddable":true,"href":"https:\/\/havamall.com\/en\/wp-json\/wp\/v2\/media\/41640"}],"wp:attachment":[{"href":"https:\/\/havamall.com\/en\/wp-json\/wp\/v2\/media?parent=41633"}],"wp:term":[{"taxonomy":"product_brand","embeddable":true,"href":"https:\/\/havamall.com\/en\/wp-json\/wp\/v2\/product_brand?post=41633"},{"taxonomy":"product_cat","embeddable":true,"href":"https:\/\/havamall.com\/en\/wp-json\/wp\/v2\/product_cat?post=41633"},{"taxonomy":"product_tag","embeddable":true,"href":"https:\/\/havamall.com\/en\/wp-json\/wp\/v2\/product_tag?post=41633"}],"curies":[{"name":"wp","href":"https:\/\/api.w.org\/{rel}","templated":true}]}}