{"id":41645,"date":"2025-08-13T11:14:03","date_gmt":"2025-08-13T04:14:03","guid":{"rendered":"https:\/\/havamall.com\/?post_type=product&#038;p=41645"},"modified":"2025-08-13T14:14:00","modified_gmt":"2025-08-13T07:14:00","slug":"hac-ky-tu-hoang-da-organic-life-90g-30g-x-3-goi-wild-black-goji-berries","status":"publish","type":"product","link":"https:\/\/havamall.com\/en\/shop\/hac-ky-tu-hoang-da-organic-life-90g-30g-x-3-goi-wild-black-goji-berries\/","title":{"rendered":"H\u1eafc K\u1ef7 T\u1eed Hoang D\u00e3 Organic Life 90g (30g x 3 g\u00f3i) \u2013 Wild Black Goji-Berries."},"content":{"rendered":"<blockquote>\n<h2><em><strong>TH\u00d4NG TIN CHUNG<\/strong><\/em><\/h2>\n<\/blockquote>\n<table style=\"width: 70.8394%;height: 184px\">\n<tbody>\n<tr>\n<td><b>Th\u01b0\u01a1ng hi\u1ec7u<\/b><\/td>\n<td>Organic Life<\/td>\n<\/tr>\n<tr>\n<td><b>Xu\u1ea5t x\u1ee9<\/b><\/td>\n<td>Trung Qu\u1ed1c<\/td>\n<\/tr>\n<tr>\n<td><b>Th\u00e0nh ph\u1ea7n<\/b><\/td>\n<td>100% H\u1eafc k\u1ef7 t\u1eed hoang d\u00e3<\/td>\n<\/tr>\n<tr>\n<td><b>H\u1ea1n s\u1eed d\u1ee5ng<\/b><\/td>\n<td>Xem tr\u00ean bao b\u00ec<\/td>\n<\/tr>\n<tr>\n<td><b>B\u1ea3o qu\u1ea3n<\/b><\/td>\n<td>N\u01a1i kh\u00f4 r\u00e1o, tho\u00e1ng m\u00e1t, tr\u00e1nh \u00e1nh n\u1eafng tr\u1ef1c ti\u1ebfp<\/td>\n<\/tr>\n<tr>\n<td><b>Kh\u1ed1i l\u01b0\u1ee3ng<\/b><\/td>\n<td>90g<\/td>\n<\/tr>\n<\/tbody>\n<\/table>\n<p>Gi\u1eefa nh\u1eefng v\u00f9ng cao nguy\u00ean r\u1ed9ng l\u1edbn v\u00e0 kh\u1eafc nghi\u1ec7t, n\u01a1i thi\u00ean nhi\u00ean c\u00f2n gi\u1eef nguy\u00ean v\u1ebb hoang s\u01a1, m\u1ed9t lo\u1ea1i si\u00eau th\u1ef1c ph\u1ea9m qu\u00fd gi\u00e1 \u0111\u00e3 n\u1ea3y m\u1ea7m v\u00e0 sinh tr\u01b0\u1edfng: H\u1eafc k\u1ef7 t\u1eed hoang d\u00e3. \u0110\u01b0\u1ee3c thu ho\u1ea1ch t\u1eeb nh\u1eefng c\u00e2y m\u1ecdc t\u1ef1 nhi\u00ean \u1edf v\u00f9ng \u0111\u1ea5t T\u00e2y T\u1ea1ng b\u0103ng gi\u00e1, H\u1eafc k\u1ef7 t\u1eed hoang d\u00e3 Organic Life kh\u00f4ng ch\u1ec9 l\u00e0 m\u1ed9t m\u00f3n \u0103n, m\u1ed9t v\u1ecb thu\u1ed1c, m\u00e0 c\u00f2n l\u00e0 k\u1ebft tinh c\u1ee7a s\u1ef1 tinh khi\u1ebft v\u00e0 s\u1ee9c s\u1ed1ng m\u00e3nh li\u1ec7t. V\u1edbi ngu\u1ed3n g\u1ed1c t\u1ef1 nhi\u00ean v\u00e0 gi\u00e1 tr\u1ecb dinh d\u01b0\u1ee1ng v\u01b0\u1ee3t tr\u1ed9i, h\u1eafc k\u1ef7 t\u1eed mang \u0111\u1ebfn m\u1ed9t gi\u1ea3i ph\u00e1p ch\u0103m s\u00f3c s\u1ee9c kh\u1ecfe to\u00e0n di\u1ec7n v\u00e0 l\u00e0nh m\u1ea1nh.<\/p>\n<p><img fetchpriority=\"high\" decoding=\"async\" class=\"aligncenter wp-image-41647\" src=\"https:\/\/havamall.com\/wp-content\/uploads\/2025\/08\/vn-11134208-7r98o-ly7wrt9twx8td4.jpg\" alt=\"\" width=\"800\" height=\"600\" srcset=\"https:\/\/havamall.com\/wp-content\/uploads\/2025\/08\/vn-11134208-7r98o-ly7wrt9twx8td4.jpg 1200w, https:\/\/havamall.com\/wp-content\/uploads\/2025\/08\/vn-11134208-7r98o-ly7wrt9twx8td4-300x225.jpg 300w, https:\/\/havamall.com\/wp-content\/uploads\/2025\/08\/vn-11134208-7r98o-ly7wrt9twx8td4-1024x768.jpg 1024w, https:\/\/havamall.com\/wp-content\/uploads\/2025\/08\/vn-11134208-7r98o-ly7wrt9twx8td4-16x12.jpg 16w, https:\/\/havamall.com\/wp-content\/uploads\/2025\/08\/vn-11134208-7r98o-ly7wrt9twx8td4-600x450.jpg 600w, https:\/\/havamall.com\/wp-content\/uploads\/2025\/08\/vn-11134208-7r98o-ly7wrt9twx8td4-150x113.jpg 150w\" sizes=\"(max-width: 800px) 100vw, 800px\" \/><\/p>\n<p><em><strong>H\u1eafc k\u1ef7 t\u1eed hoang d\u00e3 Organic Life<\/strong><\/em> \u0111\u01b0\u1ee3c sinh tr\u01b0\u1edfng trong \u0111i\u1ec1u ki\u1ec7n v\u00f4 c\u00f9ng \u0111\u1eb7c bi\u1ec7t. V\u00f9ng cao nguy\u00ean T\u00e2y T\u1ea1ng c\u00f3 \u0111\u1ed9 cao l\u1edbn, kh\u00ed h\u1eadu kh\u1eafc nghi\u1ec7t, nhi\u1ec7t \u0111\u1ed9 ch\u00eanh l\u1ec7ch gi\u1eefa ng\u00e0y v\u00e0 \u0111\u00eam l\u1edbn, v\u00e0 l\u01b0\u1ee3ng tia c\u1ef1c t\u00edm cao. Ch\u00ednh nh\u1eefng y\u1ebfu t\u1ed1 n\u00e0y \u0111\u00e3 t\u00f4i luy\u1ec7n n\u00ean nh\u1eefng tr\u00e1i h\u1eafc k\u1ef7 t\u1eed nh\u1ecf b\u00e9 v\u1edbi kh\u1ea3 n\u0103ng ch\u1ed1ng ch\u1ecdi m\u1ea1nh m\u1ebd, t\u1eeb \u0111\u00f3 c\u00f4 \u0111\u1ecdng m\u1ed9t h\u00e0m l\u01b0\u1ee3ng dinh d\u01b0\u1ee1ng v\u00e0 d\u01b0\u1ee3c ch\u1ea5t cao h\u01a1n h\u1eb3n so v\u1edbi nh\u1eefng lo\u1ea1i k\u1ef7 t\u1eed th\u00f4ng th\u01b0\u1eddng. M\u1ed7i h\u1ea1t k\u1ef7 t\u1eed l\u00e0 k\u1ebft qu\u1ea3 c\u1ee7a m\u1ed9t qu\u00e1 tr\u00ecnh ch\u1ecdn l\u1ecdc t\u1ef1 nhi\u00ean nghi\u00eam ng\u1eb7t, \u0111\u1ea3m b\u1ea3o ch\u1ea5t l\u01b0\u1ee3ng v\u00e0 \u0111\u1ed9 tinh khi\u1ebft t\u1ed1i \u01b0u.<\/p>\n<p><img decoding=\"async\" class=\"aligncenter wp-image-41648\" src=\"https:\/\/havamall.com\/wp-content\/uploads\/2025\/08\/1200px-Lycium_ruthenicum_Baikonur_01_1200x1600.webp\" alt=\"\" width=\"800\" height=\"1067\" srcset=\"https:\/\/havamall.com\/wp-content\/uploads\/2025\/08\/1200px-Lycium_ruthenicum_Baikonur_01_1200x1600.webp 1200w, https:\/\/havamall.com\/wp-content\/uploads\/2025\/08\/1200px-Lycium_ruthenicum_Baikonur_01_1200x1600-225x300.webp 225w, https:\/\/havamall.com\/wp-content\/uploads\/2025\/08\/1200px-Lycium_ruthenicum_Baikonur_01_1200x1600-768x1024.webp 768w, https:\/\/havamall.com\/wp-content\/uploads\/2025\/08\/1200px-Lycium_ruthenicum_Baikonur_01_1200x1600-9x12.webp 9w, https:\/\/havamall.com\/wp-content\/uploads\/2025\/08\/1200px-Lycium_ruthenicum_Baikonur_01_1200x1600-600x800.webp 600w, https:\/\/havamall.com\/wp-content\/uploads\/2025\/08\/1200px-Lycium_ruthenicum_Baikonur_01_1200x1600-150x200.webp 150w\" sizes=\"(max-width: 800px) 100vw, 800px\" \/><\/p>\n<p>Quy tr\u00ecnh thu ho\u1ea1ch v\u00e0 s\u1ea3n xu\u1ea5t c\u0169ng \u0111\u01b0\u1ee3c th\u1ef1c hi\u1ec7n m\u1ed9t c\u00e1ch t\u1ec9 m\u1ec9. Thay v\u00ec tr\u1ed3ng tr\u1ecdt \u0111\u1ea1i tr\u00e0, nh\u1eefng qu\u1ea3 k\u1ef7 t\u1eed \u0111\u01b0\u1ee3c ng\u01b0\u1eddi d\u00e2n b\u1ea3n \u0111\u1ecba c\u1ea9n th\u1eadn thu h\u00e1i th\u1ee7 c\u00f4ng, sau \u0111\u00f3 tr\u1ea3i qua quy tr\u00ecnh s\u1ea5y kh\u00f4 t\u1ef1 nhi\u00ean \u0111\u1ec3 gi\u1eef l\u1ea1i tr\u1ecdn v\u1eb9n h\u01b0\u01a1ng v\u1ecb v\u00e0 d\u01b0\u1ee1ng ch\u1ea5t. S\u1ef1 kh\u00e1c bi\u1ec7t c\u1ee7a h\u1eafc k\u1ef7 t\u1eed ch\u00ednh l\u00e0<em><strong> l\u1edbp v\u1ecf m\u00e0u \u0111en t\u00edm \u0111\u1eb7c tr\u01b0ng<\/strong><\/em>, m\u1ed9t d\u1ea5u hi\u1ec7u nh\u1eadn bi\u1ebft c\u1ee7a h\u00e0m l\u01b0\u1ee3ng <em><strong>anthocyanin<\/strong> <\/em>phong ph\u00fa \u2013 m\u1ed9t ch\u1ea5t ch\u1ed1ng oxy h\u00f3a m\u1ea1nh m\u1ebd. Khi h\u00f2a tan v\u00e0o n\u01b0\u1edbc, nh\u1eefng s\u1eafc t\u1ed1 n\u00e0y s\u1ebd t\u1ea1o n\u00ean <strong><em>m\u1ed9t m\u00e0u t\u00edm \u0111\u1eb9p m\u1eaft<\/em><\/strong>, c\u00e0ng kh\u1eb3ng \u0111\u1ecbnh gi\u00e1 tr\u1ecb c\u1ee7a lo\u1ea1i qu\u1ea3 n\u00e0y.<\/p>\n<p><img decoding=\"async\" class=\"aligncenter\" src=\"https:\/\/havamall.com\/wp-content\/uploads\/2025\/08\/ImageForNews_760329_16959749236593378.jpg\" width=\"802\" height=\"534\" \/><\/p>\n<p><em><strong>H\u1eafc k\u1ef7 t\u1eed hoang d\u00e3 Organic Life<\/strong><\/em> c\u00f3 th\u1ec3 \u0111\u01b0\u1ee3c \u1ee9ng d\u1ee5ng m\u1ed9t c\u00e1ch linh ho\u1ea1t trong \u1ea9m th\u1ef1c. V\u1ecb ng\u1ecdt d\u1ecbu, thanh m\u00e1t t\u1ef1 nhi\u00ean v\u00e0 ch\u00fat ch\u00e1t nh\u1eb9 khi\u1ebfn ch\u00fang tr\u1edf th\u00e0nh m\u1ed9t nguy\u00ean li\u1ec7u tuy\u1ec7t v\u1eddi \u0111\u1ec3 k\u1ebft h\u1ee3p v\u00e0o nhi\u1ec1u m\u00f3n \u0103n v\u00e0 th\u1ee9c u\u1ed1ng.<\/p>\n<p>\u2013 Pha tr\u00e0: H\u00e3m m\u1ed9t l\u01b0\u1ee3ng nh\u1ecf h\u1eafc k\u1ef7 t\u1eed v\u1edbi n\u01b0\u1edbc \u1ea5m, th\u01b0\u1edfng th\u1ee9c h\u01b0\u01a1ng th\u01a1m nh\u1eb9 nh\u00e0ng v\u00e0 ng\u1eafm nh\u00ecn m\u00e0u t\u00edm chuy\u1ec3n s\u1eafc th\u00fa v\u1ecb.<\/p>\n<p>\u2013 Th\u00eam v\u00e0o \u0111\u1ed3 u\u1ed1ng: C\u00f3 th\u1ec3 cho v\u00e0o sinh t\u1ed1, s\u1eefa chua, ho\u1eb7c c\u00e1c lo\u1ea1i n\u01b0\u1edbc \u00e9p \u0111\u1ec3 t\u0103ng th\u00eam gi\u00e1 tr\u1ecb dinh d\u01b0\u1ee1ng.<\/p>\n<p>\u2013 N\u1ea5u \u0103n: Th\u00eam v\u00e0o c\u00e1c m\u00f3n ch\u00e8, s\u00fap, ho\u1eb7c c\u00e1c m\u00f3n h\u1ea7m \u0111\u1ec3 l\u00e0m phong ph\u00fa h\u01b0\u01a1ng v\u1ecb v\u00e0 m\u00e0u s\u1eafc.<\/p>\n<p>\u2013 \u0102n tr\u1ef1c ti\u1ebfp: D\u00f9ng nh\u01b0 m\u1ed9t m\u00f3n \u0103n v\u1eb7t l\u00e0nh m\u1ea1nh \u0111\u1ec3 b\u1ed5 sung n\u0103ng l\u01b0\u1ee3ng v\u00e0 d\u01b0\u1ee1ng ch\u1ea5t h\u00e0ng ng\u00e0y.<\/p>\n<p><img loading=\"lazy\" decoding=\"async\" class=\"aligncenter\" src=\"https:\/\/scontent.fsgn19-1.fna.fbcdn.net\/v\/t1.6435-9\/87301014_10157985385021163_3114817962184278016_n.jpg?_nc_cat=110&amp;ccb=1-7&amp;_nc_sid=127cfc&amp;_nc_ohc=at45gcsnlDYQ7kNvwHYRvIc&amp;_nc_oc=AdlcR-7dPpkse2stiOX9dfrdVsoWjw2ObjFR3qrezDmCQggqx_tQ9B3RJGdNB2chvU97FupGR-_DbxMXxGQd8J09&amp;_nc_zt=23&amp;_nc_ht=scontent.fsgn19-1.fna&amp;_nc_gid=Nut4uTvSTGeI6JD_TQhQQA&amp;oh=00_AfXb0kn6eJ_VG4a0976sotFKeneL8czRC6sHYCdFZNvGAQ&amp;oe=68C395F1\" alt=\"Kh\u00f4ng c\u00f3 m\u00f4 t\u1ea3 \u1ea3nh.\" width=\"800\" height=\"800\" \/><\/p>\n<p>Gi\u00e1 tr\u1ecb dinh d\u01b0\u1ee1ng c\u1ee7a h\u1eafc k\u1ef7 t\u1eed \u0111\u00e3 \u0111\u01b0\u1ee3c khoa h\u1ecdc ch\u1ee9ng minh. S\u1ea3n ph\u1ea9m ch\u1ee9a h\u00e0m l\u01b0\u1ee3ng cao c\u00e1c ch\u1ea5t ch\u1ed1ng oxy h\u00f3a, \u0111\u1eb7c bi\u1ec7t l\u00e0 <em><strong>anthocyanin<\/strong><\/em>, gi\u00fap<em><strong> b\u1ea3o v\u1ec7 t\u1ebf b\u00e0o kh\u1ecfi t\u1ed5n th\u01b0\u01a1ng c\u1ee7a c\u00e1c g\u1ed1c t\u1ef1 do, h\u1ed7 tr\u1ee3 l\u00e0m ch\u1eadm qu\u00e1 tr\u00ecnh l\u00e3o h\u00f3a v\u00e0 t\u0103ng c\u01b0\u1eddng s\u1ee9c \u0111\u1ec1 kh\u00e1ng.<\/strong><\/em> Ngo\u00e0i ra, h\u1eafc k\u1ef7 t\u1eed c\u00f2n l\u00e0 ngu\u1ed3n <em><strong>cung c\u1ea5p<\/strong><\/em> d\u1ed3i d\u00e0o c\u00e1c lo\u1ea1i <strong><em>axit amin thi\u1ebft y\u1ebfu, vitamin A v\u00e0 E \u2013 nh\u1eefng d\u01b0\u1ee1ng ch\u1ea5t quan tr\u1ecdng cho th\u1ecb l\u1ef1c v\u00e0 l\u00e0n da<\/em><\/strong>. H\u00e0m l\u01b0\u1ee3ng ch\u1ea5t x\u01a1 trong h\u1eafc k\u1ef7 t\u1eed c\u0169ng h\u1ed7 tr\u1ee3 h\u1ec7 ti\u00eau h\u00f3a ho\u1ea1t \u0111\u1ed9ng hi\u1ec7u qu\u1ea3 h\u01a1n. V\u1edbi s\u1ef1 k\u1ebft h\u1ee3p c\u1ee7a c\u00e1c d\u01b0\u1ee1ng ch\u1ea5t n\u00e0y, h\u1eafc k\u1ef7 t\u1eed hoang d\u00e3 tr\u1edf th\u00e0nh m\u1ed9t ngu\u1ed3n n\u0103ng l\u01b0\u1ee3ng t\u1ef1 nhi\u00ean, gi\u00fap c\u01a1 th\u1ec3 kh\u1ecfe m\u1ea1nh v\u00e0 tr\u00e0n \u0111\u1ea7y s\u1ee9c s\u1ed1ng.<\/p>\n<p><img loading=\"lazy\" decoding=\"async\" class=\"aligncenter\" src=\"https:\/\/havamall.com\/wp-content\/uploads\/2025\/08\/black_goji_berry_pic2.jpg\" alt=\"Black Goji Berries \u2013 Superfood Packed with Antioxidants | Black Wolfbe \u2013 Bush Doctor\" width=\"800\" height=\"835\" \/><\/p>\n<p>H\u1eafc k\u1ef7 t\u1eed hoang d\u00e3 Organic Life l\u00e0 l\u1ef1a ch\u1ecdn ho\u00e0n h\u1ea3o cho nh\u1eefng ai mong mu\u1ed1n m\u1ed9t l\u1ed1i s\u1ed1ng l\u00e0nh m\u1ea1nh, g\u1ea7n g\u0169i v\u1edbi thi\u00ean nhi\u00ean. T\u1eeb ngu\u1ed3n g\u1ed1c hoang d\u00e3, tinh khi\u1ebft \u0111\u1ebfn quy tr\u00ecnh s\u1ea3n xu\u1ea5t t\u1ec9 m\u1ec9, m\u1ed7i h\u1ea1t h\u1eafc k\u1ef7 t\u1eed \u0111\u1ec1u mang trong m\u00ecnh nh\u1eefng gi\u00e1 tr\u1ecb qu\u00fd gi\u00e1. S\u1ea3n ph\u1ea9m hi\u1ec7n \u0111ang \u0111\u01b0\u1ee3c b\u00e1n t\u1ea1i <strong><em>Havamall<\/em><\/strong>.<\/p>","protected":false},"excerpt":{"rendered":"<p>TH\u00d4NG TIN CHUNG Th\u01b0\u01a1ng hi\u1ec7u Organic Life Xu\u1ea5t x\u1ee9 Trung Qu\u1ed1c Th\u00e0nh ph\u1ea7n 100% H\u1eafc k\u1ef7 t\u1eed hoang d\u00e3 H\u1ea1n<\/p>","protected":false},"featured_media":41646,"comment_status":"open","ping_status":"closed","template":"","meta":[],"product_brand":[],"product_cat":[594,725],"product_tag":[],"class_list":{"0":"post-41645","1":"product","2":"type-product","3":"status-publish","4":"has-post-thumbnail","6":"product_cat-dau-cu-qua-kho","7":"product_cat-nhap-khau-trung-quoc","9":"first","10":"instock","11":"sale","12":"shipping-taxable","13":"purchasable","14":"product-type-simple"},"_links":{"self":[{"href":"https:\/\/havamall.com\/en\/wp-json\/wp\/v2\/product\/41645","targetHints":{"allow":["GET"]}}],"collection":[{"href":"https:\/\/havamall.com\/en\/wp-json\/wp\/v2\/product"}],"about":[{"href":"https:\/\/havamall.com\/en\/wp-json\/wp\/v2\/types\/product"}],"replies":[{"embeddable":true,"href":"https:\/\/havamall.com\/en\/wp-json\/wp\/v2\/comments?post=41645"}],"version-history":[{"count":0,"href":"https:\/\/havamall.com\/en\/wp-json\/wp\/v2\/product\/41645\/revisions"}],"wp:featuredmedia":[{"embeddable":true,"href":"https:\/\/havamall.com\/en\/wp-json\/wp\/v2\/media\/41646"}],"wp:attachment":[{"href":"https:\/\/havamall.com\/en\/wp-json\/wp\/v2\/media?parent=41645"}],"wp:term":[{"taxonomy":"product_brand","embeddable":true,"href":"https:\/\/havamall.com\/en\/wp-json\/wp\/v2\/product_brand?post=41645"},{"taxonomy":"product_cat","embeddable":true,"href":"https:\/\/havamall.com\/en\/wp-json\/wp\/v2\/product_cat?post=41645"},{"taxonomy":"product_tag","embeddable":true,"href":"https:\/\/havamall.com\/en\/wp-json\/wp\/v2\/product_tag?post=41645"}],"curies":[{"name":"wp","href":"https:\/\/api.w.org\/{rel}","templated":true}]}}