{"id":41863,"date":"2025-09-07T10:42:19","date_gmt":"2025-09-07T03:42:19","guid":{"rendered":"https:\/\/havamall.com\/?post_type=product&#038;p=41863"},"modified":"2026-03-14T15:17:19","modified_gmt":"2026-03-14T08:17:19","slug":"mi-to-pasta-semola-nhap-khau-y-pasta-dei-prai-500g-semolina-nest-pasta-dei-prai","status":"publish","type":"product","link":"https:\/\/havamall.com\/en\/shop\/mi-to-pasta-semola-nhap-khau-y-pasta-dei-prai-500g-semolina-nest-pasta-dei-prai\/","title":{"rendered":"M\u00ec Pasta S\u1ee3i D\u1eb9t D\u1ea1ng T\u1ed5 Semola Nh\u1eadp Kh\u1ea9u \u00dd Pasta dei Prai 500g \u2013 Semolina Nest Pasta dei Prai"},"content":{"rendered":"<h2><em><strong>TH\u00d4NG TIN CHUNG<\/strong><\/em><\/h2>\n<table style=\"width: 46.8889%;height: 135px\">\n<tbody>\n<tr style=\"height: 25px\">\n<td style=\"height: 25px\">Th\u01b0\u01a1ng hi\u1ec7u<\/td>\n<td style=\"height: 25px\">Pasta dei Prai<\/td>\n<\/tr>\n<tr style=\"height: 25px\">\n<td style=\"height: 25px\">Xu\u1ea5t x\u1ee9<\/td>\n<td style=\"height: 25px\">\u00dd<\/td>\n<\/tr>\n<tr style=\"height: 25px\">\n<td style=\"height: 25px\">Th\u00e0nh ph\u1ea7n<\/td>\n<td style=\"height: 25px\">Xem tr\u00ean bao b\u00ec<\/td>\n<\/tr>\n<tr style=\"height: 25px\">\n<td style=\"height: 25px\">H\u1ea1n s\u1eed d\u1ee5ng<\/td>\n<td style=\"height: 25px\">Xem tr\u00ean Bao b\u00ec<\/td>\n<\/tr>\n<tr style=\"height: 10px\">\n<td style=\"height: 10px\">B\u1ea3o qu\u1ea3n<\/td>\n<td style=\"height: 10px\">\n<p class=\"\" data-start=\"162\" data-end=\"205\">N\u01a1i kh\u00f4 r\u00e1o, tho\u00e1ng m\u00e1t, tr\u00e1nh \u00e1nh n\u1eafng tr\u1ef1c ti\u1ebfp<\/p>\n<\/td>\n<\/tr>\n<tr style=\"height: 25px\">\n<td style=\"height: 25px\">\u00a0Kh\u1ed1i l\u01b0\u1ee3ng<\/td>\n<td style=\"height: 25px\">500g<\/td>\n<\/tr>\n<\/tbody>\n<\/table>\n<p data-start=\"366\" data-end=\"980\">Pasta t\u1eeb l\u00e2u \u0111\u00e3 tr\u1edf th\u00e0nh linh h\u1ed3n c\u1ee7a \u1ea9m th\u1ef1c \u00dd, m\u1ed9t m\u00f3n \u0103n gi\u1ea3n d\u1ecb nh\u01b0ng l\u1ea1i mang trong m\u00ecnh c\u1ea3 l\u1ecbch s\u1eed v\u00e0 v\u0103n h\u00f3a c\u1ee7a \u0111\u1ea5t n\u01b0\u1edbc h\u00ecnh chi\u1ebfc \u1ee7ng. Ng\u01b0\u1eddi ta cho r\u1eb1ng pasta \u0111\u00e3 xu\u1ea5t hi\u1ec7n t\u1eeb h\u00e0ng ngh\u00ecn n\u0103m tr\u01b0\u1edbc, c\u00f3 th\u1ec3 t\u1eeb th\u1eddi La M\u00e3 c\u1ed5 \u0111\u1ea1i, khi nh\u1eefng s\u1ee3i b\u1ed9t nh\u00e0o \u0111\u1ea7u ti\u00ean \u0111\u01b0\u1ee3c ph\u01a1i kh\u00f4 d\u01b0\u1edbi n\u1eafng \u0110\u1ecba Trung H\u1ea3i. Qua th\u1eddi gian, pasta kh\u00f4ng ch\u1ec9 l\u00e0 m\u1ed9t th\u1ef1c ph\u1ea9m thi\u1ebft y\u1ebfu m\u00e0 c\u00f2n l\u00e0 bi\u1ec3u t\u01b0\u1ee3ng g\u1eafn li\u1ec1n v\u1edbi s\u1ef1 s\u00e1ng t\u1ea1o v\u00e0 ngh\u1ec7 thu\u1eadt n\u1ea5u n\u01b0\u1edbng c\u1ee7a ng\u01b0\u1eddi \u00dd. T\u1eeb nh\u1eefng l\u00e0ng qu\u00ea y\u00ean b\u00ecnh \u0111\u1ebfn c\u00e1c th\u00e0nh ph\u1ed1 l\u1edbn, t\u1eeb b\u1eefa c\u01a1m gia \u0111\u00ecnh \u1ea5m c\u00fang \u0111\u1ebfn b\u00e0n ti\u1ec7c sang tr\u1ecdng, pasta v\u1eabn lu\u00f4n gi\u1eef vai tr\u00f2 trung t\u00e2m trong \u0111\u1eddi s\u1ed1ng \u1ea9m th\u1ef1c.<\/p>\n<p data-start=\"366\" data-end=\"980\"><img fetchpriority=\"high\" decoding=\"async\" class=\"aligncenter\" src=\"https:\/\/upload.wikimedia.org\/wikipedia\/commons\/3\/3f\/%28Pasta%29_by_David_Adam_Kess_%28pic.2%29.jpg\" alt=\"Pasta - Wikipedia\" width=\"800\" height=\"600\" \/><\/p>\n<p data-start=\"982\" data-end=\"1606\">Trong d\u00f2ng ch\u1ea3y v\u0103n h\u00f3a \u1ea5y, Pasta dei Prai l\u00e0 m\u1ed9t th\u01b0\u01a1ng hi\u1ec7u gia \u0111\u00ecnh ra \u0111\u1eddi t\u1eeb n\u0103m 1984 t\u1ea1i v\u00f9ng Veneto, \u00dd. Gi\u1eef v\u1eefng truy\u1ec1n th\u1ed1ng ch\u1ebf bi\u1ebfn pasta b\u1eb1ng ph\u01b0\u01a1ng ph\u00e1p c\u1ed5 \u0111i\u1ec3n, th\u01b0\u01a1ng hi\u1ec7u n\u00e0y s\u1eed d\u1ee5ng 100% semolina l\u00faa m\u00ec c\u1ee9ng \u00dd \u0111\u1ec3 t\u1ea1o n\u00ean nh\u1eefng s\u1ee3i m\u00ec v\u00e0ng \u00f3ng, ch\u1eafc kh\u1ecfe.<\/p>\n<p data-start=\"982\" data-end=\"1606\"><img decoding=\"async\" class=\"aligncenter\" src=\"https:\/\/havamall.com\/wp-content\/uploads\/2025\/09\/6638e260bf2b74194047ad70_Neom_Psta_Dei_Prai_06.jpg\" alt=\"PASTIFICIO DEI PRAI - Neom\" width=\"800\" height=\"450\" \/><\/p>\n<p data-start=\"982\" data-end=\"1606\">Kh\u00f4ng ch\u1ea1y theo s\u1ea3n xu\u1ea5t c\u00f4ng nghi\u1ec7p nhanh, Pasta dei Prai l\u1ef1a ch\u1ecdn ph\u01b0\u01a1ng ph\u00e1p s\u1ea5y ch\u1eadm \u1edf nhi\u1ec7t \u0111\u1ed9 th\u1ea5p nh\u1eb1m l\u01b0u gi\u1eef h\u01b0\u01a1ng v\u1ecb t\u1ef1 nhi\u00ean c\u1ee7a l\u00faa m\u00ec v\u00e0 t\u1ea1o n\u00ean k\u1ebft c\u1ea5u ho\u00e0n h\u1ea3o. \u0110\u1eb7c bi\u1ec7t, k\u1ef9 thu\u1eadt \u00e9p khu\u00f4n \u0111\u1ed3ng (bronze-cut) \u0111\u01b0\u1ee3c \u00e1p d\u1ee5ng cho m\u1ecdi d\u00f2ng s\u1ea3n ph\u1ea9m, gi\u00fap b\u1ec1 m\u1eb7t m\u00ec c\u00f3 \u0111\u1ed9 nh\u00e1m nh\u1eb9, nh\u1edd \u0111\u00f3 s\u1ed1t b\u00e1m ch\u1eb7t h\u01a1n v\u00e0 h\u01b0\u01a1ng v\u1ecb \u0111\u1eadm \u0111\u00e0 h\u01a1n khi th\u01b0\u1edfng th\u1ee9c.<\/p>\n<p data-start=\"982\" data-end=\"1606\"><img decoding=\"async\" class=\"aligncenter\" src=\"https:\/\/havamall.com\/wp-content\/uploads\/2025\/09\/Neom_Psta_Dei_Prai_07.jpg\" alt=\"Pasta Dei Prai \u2013 Packaging Of The World\" width=\"802\" height=\"451\" \/><\/p>\n<p data-start=\"1608\" data-end=\"2274\">M\u1ed7i \u201ct\u1ed5 m\u00ec\u201d Pasta dei Prai \u0111\u01b0\u1ee3c t\u1ea1o h\u00ecnh g\u1ecdn g\u00e0ng, \u0111\u1eb9p m\u1eaft, mang \u0111\u1ebfn c\u1ea3m gi\u00e1c v\u1eeba m\u1ed9c m\u1ea1c, v\u1eeba tinh t\u1ebf. Khi n\u1ea5u ch\u00edn, s\u1ee3i m\u00ec kh\u00f4ng b\u1ecb b\u1edf n\u00e1t m\u00e0 gi\u1eef \u0111\u01b0\u1ee3c \u0111\u1ed9 dai d\u1ebbo \u0111\u1eb7c tr\u01b0ng, t\u1ea1o n\u00ean kh\u1ea9u c\u1ea3m \u201cal dente\u201d chu\u1ea9n \u00dd. Nh\u1edd s\u1ef1 linh ho\u1ea1t n\u00e0y, Pasta dei Prai c\u00f3 th\u1ec3 \u0111\u1ed3ng h\u00e0nh trong v\u00f4 v\u00e0n c\u00f4ng th\u1ee9c: t\u1eeb Tagliatelle alla Bolognese v\u1edbi s\u1ed1t th\u1ecbt b\u00f2 \u0111\u1eadm \u0111\u00e0, Fettuccine Alfredo b\u00e9o ng\u1eady v\u1edbi kem v\u00e0 ph\u00f4 mai Parmesan, \u0111\u1ebfn nh\u1eefng bi\u1ebfn t\u1ea5u thanh \u0111\u1ea1m nh\u01b0 Tagliatelle ai Funghi v\u1edbi n\u1ea5m r\u1eebng, d\u1ea7u olive v\u00e0 t\u1ecfi th\u01a1m l\u1eebng. Kh\u00f4ng ch\u1ec9 d\u1eebng l\u1ea1i \u1edf \u1ea9m th\u1ef1c \u00dd truy\u1ec1n th\u1ed1ng, lo\u1ea1i m\u00ec n\u00e0y c\u00f2n c\u00f3 th\u1ec3 k\u1ebft h\u1ee3p c\u00f9ng h\u1ea3i s\u1ea3n, rau c\u1ee7 hay th\u1eadm ch\u00ed l\u00e0 nh\u1eefng s\u00e1ng t\u1ea1o \u00c1 \u2013 \u00c2u \u0111\u1ec3 mang \u0111\u1ebfn tr\u1ea3i nghi\u1ec7m m\u1edbi m\u1ebb.<\/p>\n<p data-start=\"1608\" data-end=\"2274\"><img loading=\"lazy\" decoding=\"async\" class=\"aligncenter wp-image-41865\" src=\"https:\/\/havamall.com\/wp-content\/uploads\/2025\/09\/image-1714112250610.jpg\" alt=\"\" width=\"800\" height=\"533\" srcset=\"https:\/\/havamall.com\/wp-content\/uploads\/2025\/09\/image-1714112250610.jpg 2000w, https:\/\/havamall.com\/wp-content\/uploads\/2025\/09\/image-1714112250610-300x200.jpg 300w, https:\/\/havamall.com\/wp-content\/uploads\/2025\/09\/image-1714112250610-18x12.jpg 18w, https:\/\/havamall.com\/wp-content\/uploads\/2025\/09\/image-1714112250610-600x400.jpg 600w, https:\/\/havamall.com\/wp-content\/uploads\/2025\/09\/image-1714112250610-1200x800.jpg 1200w, https:\/\/havamall.com\/wp-content\/uploads\/2025\/09\/image-1714112250610-150x100.jpg 150w\" sizes=\"(max-width: 800px) 100vw, 800px\" \/><\/p>\n<p data-start=\"2276\" data-end=\"2706\">Ngo\u00e0i h\u01b0\u01a1ng v\u1ecb tuy\u1ec7t h\u1ea3o, pasta t\u1eeb semolina l\u00faa m\u00ec c\u1ee9ng c\u00f2n mang l\u1ea1i nhi\u1ec1u l\u1ee3i \u00edch s\u1ee9c kh\u1ecfe. \u0110\u00e2y l\u00e0 ngu\u1ed3n cung c\u1ea5p carbohydrate ph\u1ee9c t\u1ea1p gi\u00fap gi\u1ea3i ph\u00f3ng n\u0103ng l\u01b0\u1ee3ng \u1ed5n \u0111\u1ecbnh, gi\u00e0u protein th\u1ef1c v\u1eadt h\u1ed7 tr\u1ee3 c\u01a1 b\u1eafp, \u0111\u1ed3ng th\u1eddi cung c\u1ea5p ch\u1ea5t x\u01a1, vitamin nh\u00f3m B v\u00e0 kho\u00e1ng ch\u1ea5t c\u1ea7n thi\u1ebft cho c\u01a1 th\u1ec3. Ch\u00ednh s\u1ef1 c\u00e2n b\u1eb1ng gi\u1eefa ngon mi\u1ec7ng v\u00e0 b\u1ed5 d\u01b0\u1ee1ng \u0111\u00e3 khi\u1ebfn Pasta dei Prai tr\u1edf th\u00e0nh l\u1ef1a ch\u1ecdn y\u00eau th\u00edch c\u1ee7a nhi\u1ec1u gia \u0111\u00ecnh ch\u00e2u \u00c2u v\u00e0 th\u1ebf gi\u1edbi.<\/p>\n<p data-start=\"2276\" data-end=\"2706\"><img loading=\"lazy\" decoding=\"async\" class=\"aligncenter wp-image-41866\" src=\"https:\/\/havamall.com\/wp-content\/uploads\/2025\/09\/image-1711289999869.jpg\" alt=\"\" width=\"803\" height=\"452\" srcset=\"https:\/\/havamall.com\/wp-content\/uploads\/2025\/09\/image-1711289999869.jpg 2000w, https:\/\/havamall.com\/wp-content\/uploads\/2025\/09\/image-1711289999869-300x169.jpg 300w, https:\/\/havamall.com\/wp-content\/uploads\/2025\/09\/image-1711289999869-18x10.jpg 18w, https:\/\/havamall.com\/wp-content\/uploads\/2025\/09\/image-1711289999869-600x338.jpg 600w, https:\/\/havamall.com\/wp-content\/uploads\/2025\/09\/image-1711289999869-1200x676.jpg 1200w, https:\/\/havamall.com\/wp-content\/uploads\/2025\/09\/image-1711289999869-150x84.jpg 150w\" sizes=\"(max-width: 803px) 100vw, 803px\" \/><\/p>\n<p data-start=\"2966\" data-end=\"3370\">Ng\u00e0y nay, Pasta dei Prai \u0111\u00e3 tr\u1edf th\u00e0nh l\u1ef1a ch\u1ecdn quen thu\u1ed9c kh\u00f4ng ch\u1ec9 t\u1ea1i \u00dd m\u00e0 c\u00f2n t\u1ea1i nhi\u1ec1u qu\u1ed1c gia tr\u00ean th\u1ebf gi\u1edbi. Th\u01b0\u01a1ng hi\u1ec7u kh\u00f4ng ng\u1eebng \u0111\u1ea7u t\u01b0 v\u00e0o c\u00f4ng ngh\u1ec7 xanh, s\u1eed d\u1ee5ng n\u0103ng l\u01b0\u1ee3ng s\u1ea1ch \u0111\u1ec3 s\u1ea3n xu\u1ea5t nh\u1eb1m b\u1ea3o v\u1ec7 m\u00f4i tr\u01b0\u1eddng, \u0111\u1ed3ng th\u1eddi v\u1eabn gi\u1eef v\u1eefng tinh th\u1ea7n th\u1ee7 c\u00f4ng truy\u1ec1n th\u1ed1ng. Ch\u00ednh s\u1ef1 k\u1ebft h\u1ee3p h\u00e0i h\u00f2a gi\u1eefa hi\u1ec7n \u0111\u1ea1i v\u00e0 c\u1ed5 \u0111i\u1ec3n \u1ea5y \u0111\u00e3 gi\u00fap Pasta dei Prai kh\u1eb3ng \u0111\u1ecbnh v\u1ecb th\u1ebf trong ng\u00e0nh pasta cao c\u1ea5p.<\/p>\n<p data-start=\"3679\" data-end=\"3827\"><strong data-start=\"3679\" data-end=\"3825\">\u0110\u1eb7t ngay M\u00ec T\u1ed5 Pasta Semola Nh\u1eadp Kh\u1ea9u \u00dd Pasta dei Prai 500g t\u1ea1i <a href=\"https:\/\/havamall.com\/\">Havamall<\/a> \u0111\u1ec3 tr\u1ea3i nghi\u1ec7m s\u1ef1 tinh t\u00fay c\u1ee7a \u1ea9m th\u1ef1c \u00dd ngay h\u00f4m nay!<\/strong><\/p>","protected":false},"excerpt":{"rendered":"<p>TH\u00d4NG TIN CHUNG Th\u01b0\u01a1ng hi\u1ec7u Pasta dei Prai Xu\u1ea5t x\u1ee9 \u00dd Th\u00e0nh ph\u1ea7n Xem tr\u00ean bao b\u00ec H\u1ea1n s\u1eed d\u1ee5ng<\/p>","protected":false},"featured_media":41867,"comment_status":"open","ping_status":"closed","template":"","meta":[],"product_brand":[],"product_cat":[724,707],"product_tag":[],"class_list":{"0":"post-41863","1":"product","2":"type-product","3":"status-publish","4":"has-post-thumbnail","6":"product_cat-nhap-khau-y","7":"product_cat-nui-mi-y-pasta","9":"first","10":"instock","11":"sale","12":"shipping-taxable","13":"purchasable","14":"product-type-simple"},"_links":{"self":[{"href":"https:\/\/havamall.com\/en\/wp-json\/wp\/v2\/product\/41863","targetHints":{"allow":["GET"]}}],"collection":[{"href":"https:\/\/havamall.com\/en\/wp-json\/wp\/v2\/product"}],"about":[{"href":"https:\/\/havamall.com\/en\/wp-json\/wp\/v2\/types\/product"}],"replies":[{"embeddable":true,"href":"https:\/\/havamall.com\/en\/wp-json\/wp\/v2\/comments?post=41863"}],"version-history":[{"count":0,"href":"https:\/\/havamall.com\/en\/wp-json\/wp\/v2\/product\/41863\/revisions"}],"wp:featuredmedia":[{"embeddable":true,"href":"https:\/\/havamall.com\/en\/wp-json\/wp\/v2\/media\/41867"}],"wp:attachment":[{"href":"https:\/\/havamall.com\/en\/wp-json\/wp\/v2\/media?parent=41863"}],"wp:term":[{"taxonomy":"product_brand","embeddable":true,"href":"https:\/\/havamall.com\/en\/wp-json\/wp\/v2\/product_brand?post=41863"},{"taxonomy":"product_cat","embeddable":true,"href":"https:\/\/havamall.com\/en\/wp-json\/wp\/v2\/product_cat?post=41863"},{"taxonomy":"product_tag","embeddable":true,"href":"https:\/\/havamall.com\/en\/wp-json\/wp\/v2\/product_tag?post=41863"}],"curies":[{"name":"wp","href":"https:\/\/api.w.org\/{rel}","templated":true}]}}