{"id":41880,"date":"2025-09-07T14:23:10","date_gmt":"2025-09-07T07:23:10","guid":{"rendered":"https:\/\/havamall.com\/?post_type=product&#038;p=41880"},"modified":"2026-02-25T09:29:36","modified_gmt":"2026-02-25T02:29:36","slug":"ca-moi-ngam-dau-sardines-nhap-khau-nhat-ban-100g-japanese-oil-sardines-100-g","status":"publish","type":"product","link":"https:\/\/havamall.com\/en\/shop\/ca-moi-ngam-dau-sardines-nhap-khau-nhat-ban-100g-japanese-oil-sardines-100-g\/","title":{"rendered":"C\u00e1 M\u00f2i Ng\u00e2m D\u1ea7u Sardines Nh\u1eadp Kh\u1ea9u Nh\u1eadt B\u1ea3n 100g \u2013 Japanese Oil Sardines 100 g"},"content":{"rendered":"<blockquote>\n<h3><span style=\"font-size: 18pt\"><em><strong>TH\u00d4NG TIN S\u1ea2N PH\u1ea8M<\/strong><\/em><\/span><\/h3>\n<\/blockquote>\n<table style=\"width: 65.5745%;height: 256px\">\n<tbody>\n<tr style=\"height: 24px\">\n<td style=\"height: 24px;width: 12.5964%\">Th\u01b0\u01a1ng hi\u1ec7u<\/td>\n<td style=\"height: 24px;width: 91.5167%\">Nh\u00e0 nh\u1eadp kh\u1ea9u: Kobe Bussan<\/td>\n<\/tr>\n<tr style=\"height: 24px\">\n<td style=\"height: 24px;width: 12.5964%\">Xu\u1ea5t x\u1ee9<\/td>\n<td style=\"height: 24px;width: 91.5167%\">Nh\u1eadt B\u1ea3n<\/td>\n<\/tr>\n<tr style=\"height: 24px\">\n<td style=\"height: 24px;width: 12.5964%\">Th\u00e0nh ph\u1ea7n<\/td>\n<td style=\"height: 24px;width: 91.5167%\">C\u00e1 m\u00f2i (\u3044\u308f\u3057) \u2013 n\u01b0\u1edbc \/ d\u1ea7u \u0103n (d\u1ea7u th\u1ef1c v\u1eadt ho\u1eb7c d\u1ea7u \u00f4 liu t\u00f9y phi\u00ean b\u1ea3n) \u2013 mu\u1ed1i<\/td>\n<\/tr>\n<tr style=\"height: 24px\">\n<td style=\"height: 24px;width: 12.5964%\">H\u1ea1n s\u1eed d\u1ee5ng<\/td>\n<td style=\"height: 24px;width: 91.5167%\">Xem tr\u00ean bao b\u00ec<\/td>\n<\/tr>\n<tr style=\"height: 24px\">\n<td style=\"height: 24px;width: 12.5964%\">B\u1ea3o qu\u1ea3n<\/td>\n<td style=\"height: 24px;width: 91.5167%\">N\u01a1i kh\u00f4 r\u00e1o, tho\u00e1ng; sau khi m\u1edf b\u1ea3o qu\u1ea3n l\u1ea1nh v\u00e0 d\u00f9ng trong v\u00e0i ng\u00e0y.<\/td>\n<\/tr>\n<tr style=\"height: 24px\">\n<td style=\"height: 24px;width: 12.5964%\">Kh\u1ed1i l\u01b0\u1ee3ng<\/td>\n<td style=\"height: 24px;width: 91.5167%\">T\u1ed5ng 100 g (kh\u1ed1i l\u01b0\u1ee3ng r\u1eafn ~70 g)<\/td>\n<\/tr>\n<\/tbody>\n<\/table>\n<p data-start=\"274\" data-end=\"893\">Trong v\u0103n h\u00f3a \u1ea9m th\u1ef1c Nh\u1eadt B\u1ea3n, c\u00e1 m\u00f2i (iwashi) t\u1eeb l\u00e2u \u0111\u00e3 l\u00e0 ngu\u1ed3n th\u1ef1c ph\u1ea9m quen thu\u1ed9c, gi\u00e0u dinh d\u01b0\u1ee1ng v\u00e0 g\u1eafn li\u1ec1n v\u1edbi b\u1eefa c\u01a1m gia \u0111\u00ecnh. Khi \u0111\u01b0\u1ee3c \u0111\u01b0a v\u00e0o quy tr\u00ecnh ch\u1ebf bi\u1ebfn hi\u1ec7n \u0111\u1ea1i, c\u00e1 m\u00f2i ng\u00e2m d\u1ea7u \u0111\u00e3 tr\u1edf th\u00e0nh m\u1ed9t s\u1ea3n ph\u1ea9m ti\u1ec7n l\u1ee3i, v\u1eeba gi\u1eef tr\u1ecdn gi\u00e1 tr\u1ecb truy\u1ec1n th\u1ed1ng, v\u1eeba \u0111\u00e1p \u1ee9ng nhu c\u1ea7u nhanh g\u1ecdn c\u1ee7a cu\u1ed9c s\u1ed1ng b\u1eadn r\u1ed9n ng\u00e0y nay. \u0110i\u1ec3m \u0111\u1eb7c bi\u1ec7t c\u1ee7a lo\u1ea1i c\u00e1 h\u1ed9p n\u00e0y l\u00e0 c\u00e1ch ng\u01b0\u1eddi Nh\u1eadt ch\u00fa tr\u1ecdng v\u00e0o s\u1ef1 tinh khi\u1ebft v\u00e0 c\u00e2n b\u1eb1ng: t\u1eeb kh\u00e2u ch\u1ecdn c\u00e1 t\u01b0\u01a1i, x\u1eed l\u00fd nhi\u1ec7t \u0111\u1ed9 th\u00edch h\u1ee3p \u0111\u1ec3 gi\u1eef nguy\u00ean h\u01b0\u01a1ng v\u1ecb, cho \u0111\u1ebfn vi\u1ec7c ng\u00e2m trong d\u1ea7u th\u1ef1c v\u1eadt ho\u1eb7c d\u1ea7u \u00f4 liu nh\u1eb1m l\u00e0m n\u1ed5i b\u1eadt v\u1ecb b\u00e9o t\u1ef1 nhi\u00ean v\u00e0 m\u00f9i th\u01a1m d\u1ecbu d\u00e0ng c\u1ee7a th\u1ecbt c\u00e1.<\/p>\n<p data-start=\"274\" data-end=\"893\"><img fetchpriority=\"high\" decoding=\"async\" class=\"aligncenter size-full wp-image-41882\" src=\"https:\/\/havamall.com\/wp-content\/uploads\/2025\/09\/800-487752-sieuthisakura.jpg\" alt=\"\" width=\"800\" height=\"600\" srcset=\"https:\/\/havamall.com\/wp-content\/uploads\/2025\/09\/800-487752-sieuthisakura.jpg 800w, https:\/\/havamall.com\/wp-content\/uploads\/2025\/09\/800-487752-sieuthisakura-300x225.jpg 300w, https:\/\/havamall.com\/wp-content\/uploads\/2025\/09\/800-487752-sieuthisakura-16x12.jpg 16w, https:\/\/havamall.com\/wp-content\/uploads\/2025\/09\/800-487752-sieuthisakura-600x450.jpg 600w, https:\/\/havamall.com\/wp-content\/uploads\/2025\/09\/800-487752-sieuthisakura-150x113.jpg 150w\" sizes=\"(max-width: 800px) 100vw, 800px\" \/><\/p>\n<p data-start=\"895\" data-end=\"1333\">Quy tr\u00ecnh s\u1ea3n xu\u1ea5t kh\u00e9p k\u00edn, \u0111\u01b0\u1ee3c ki\u1ec3m so\u00e1t nghi\u00eam ng\u1eb7t, gi\u00fap c\u00e1 v\u1eabn gi\u1eef \u0111\u1ed9 s\u0103n ch\u1eafc, ph\u1ea7n th\u1ecbt m\u1ec1m m\u1ea1i nh\u01b0ng kh\u00f4ng n\u00e1t, \u0111\u1ed3ng th\u1eddi m\u00e0u s\u1eafc s\u00e1ng \u0111\u1eb9p m\u1eaft. B\u00ean c\u1ea1nh \u0111\u00f3, d\u1ea7u ng\u00e2m \u0111\u00f3ng vai tr\u00f2 nh\u01b0 m\u1ed9t l\u1edbp \u00e1o b\u1ea3o v\u1ec7, v\u1eeba t\u1ea1o \u0111\u1ed9 b\u00f3ng m\u1ecbn, v\u1eeba gi\u00fap s\u1ea3n ph\u1ea9m l\u01b0u gi\u1eef h\u01b0\u01a1ng v\u1ecb l\u00e2u d\u00e0i m\u00e0 kh\u00f4ng c\u1ea7n nhi\u1ec1u ch\u1ea5t b\u1ea3o qu\u1ea3n. \u0110\u00e2y ch\u00ednh l\u00e0 l\u00fd do c\u00e1 m\u00f2i ng\u00e2m d\u1ea7u Nh\u1eadt B\u1ea3n kh\u00f4ng ch\u1ec9 l\u00e0 m\u1ed9t m\u00f3n \u0103n nhanh, m\u00e0 c\u00f2n l\u00e0 l\u1ef1a ch\u1ecdn an to\u00e0n, ch\u1ea5t l\u01b0\u1ee3ng cho s\u1ee9c kh\u1ecfe.<\/p>\n<p data-start=\"895\" data-end=\"1333\"><img decoding=\"async\" class=\"aligncenter wp-image-41883\" src=\"https:\/\/havamall.com\/wp-content\/uploads\/2025\/09\/20250329-jpk7xlcnph-jpeg.jpg\" alt=\"\" width=\"800\" height=\"601\" srcset=\"https:\/\/havamall.com\/wp-content\/uploads\/2025\/09\/20250329-jpk7xlcnph-jpeg.jpg 1080w, https:\/\/havamall.com\/wp-content\/uploads\/2025\/09\/20250329-jpk7xlcnph-jpeg-300x225.jpg 300w, https:\/\/havamall.com\/wp-content\/uploads\/2025\/09\/20250329-jpk7xlcnph-jpeg-16x12.jpg 16w, https:\/\/havamall.com\/wp-content\/uploads\/2025\/09\/20250329-jpk7xlcnph-jpeg-600x451.jpg 600w, https:\/\/havamall.com\/wp-content\/uploads\/2025\/09\/20250329-jpk7xlcnph-jpeg-150x113.jpg 150w\" sizes=\"(max-width: 800px) 100vw, 800px\" \/><\/p>\n<p data-start=\"1335\" data-end=\"1827\">V\u1ec1 h\u01b0\u01a1ng v\u1ecb, c\u00e1 m\u00f2i mang v\u1ecb ng\u1ecdt nh\u1eb9, b\u00e9o b\u00f9i, h\u00f2a quy\u1ec7n c\u00f9ng ch\u00fat m\u1eb7n v\u1eeba ph\u1ea3i v\u00e0 h\u01b0\u01a1ng d\u1ea7u thoang tho\u1ea3ng, t\u1ea1o c\u1ea3m gi\u00e1c tr\u00f2n \u0111\u1ea7y n\u01a1i \u0111\u1ea7u l\u01b0\u1ee1i. Lo\u1ea1i c\u00e1 n\u00e0y ph\u00f9 h\u1ee3p cho nhi\u1ec1u phong c\u00e1ch ch\u1ebf bi\u1ebfn: \u0103n k\u00e8m c\u01a1m n\u00f3ng truy\u1ec1n th\u1ed1ng ki\u1ec3u Nh\u1eadt, tr\u1ed9n salad rau xanh ki\u1ec3u \u00c2u, l\u00e0m topping cho b\u00e1nh m\u00ec n\u01b0\u1edbng, hay k\u1ebft h\u1ee3p c\u00f9ng pasta \u0111\u1ec3 t\u1ea1o n\u00ean m\u00f3n \u0103n \u0111\u1ea7y \u0111\u1ee7 d\u01b0\u1ee1ng ch\u1ea5t. Ch\u1ec9 v\u1edbi m\u1ed9t h\u1ed9p c\u00e1 nh\u1ecf, ng\u01b0\u1eddi n\u1ed9i tr\u1ee3 c\u00f3 th\u1ec3 d\u1ec5 d\u00e0ng bi\u1ebfn h\u00f3a th\u00e0nh nhi\u1ec1u c\u00f4ng th\u1ee9c h\u1ea5p d\u1eabn, t\u1eeb b\u1eefa s\u00e1ng nhanh g\u1ecdn \u0111\u1ebfn b\u1eefa t\u1ed1i \u1ea5m c\u00fang.<\/p>\n<p data-start=\"1335\" data-end=\"1827\"><img decoding=\"async\" class=\"aligncenter wp-image-41884\" src=\"https:\/\/havamall.com\/wp-content\/uploads\/2025\/09\/image-1701756540800.jpg\" alt=\"\" width=\"800\" height=\"800\" srcset=\"https:\/\/havamall.com\/wp-content\/uploads\/2025\/09\/image-1701756540800.jpg 2000w, https:\/\/havamall.com\/wp-content\/uploads\/2025\/09\/image-1701756540800-300x300.jpg 300w, https:\/\/havamall.com\/wp-content\/uploads\/2025\/09\/image-1701756540800-150x150.jpg 150w, https:\/\/havamall.com\/wp-content\/uploads\/2025\/09\/image-1701756540800-12x12.jpg 12w, https:\/\/havamall.com\/wp-content\/uploads\/2025\/09\/image-1701756540800-600x600.jpg 600w, https:\/\/havamall.com\/wp-content\/uploads\/2025\/09\/image-1701756540800-1200x1200.jpg 1200w\" sizes=\"(max-width: 800px) 100vw, 800px\" \/><\/p>\n<p data-start=\"1829\" data-end=\"2340\">Kh\u00f4ng ch\u1ec9 ti\u1ec7n l\u1ee3i, c\u00e1 m\u00f2i c\u00f2n n\u1ed5i b\u1eadt v\u1ec1 gi\u00e1 tr\u1ecb dinh d\u01b0\u1ee1ng. \u0110\u00e2y l\u00e0 ngu\u1ed3n cung c\u1ea5p <strong data-start=\"1913\" data-end=\"1935\">omega-3 (EPA, DHA)<\/strong> d\u1ed3i d\u00e0o \u2013 nh\u1eefng d\u01b0\u1ee1ng ch\u1ea5t v\u00e0ng cho tim m\u1ea1ch v\u00e0 tr\u00ed n\u00e3o. Ngo\u00e0i ra, protein ch\u1ea5t l\u01b0\u1ee3ng cao, vitamin D c\u00f9ng canxi t\u1eeb x\u01b0\u01a1ng c\u00e1 m\u1ec1m gi\u00fap h\u1ed7 tr\u1ee3 x\u01b0\u01a1ng ch\u1eafc kh\u1ecfe v\u00e0 t\u0103ng c\u01b0\u1eddng h\u1ec7 mi\u1ec5n d\u1ecbch. \u0110i\u1ec3m c\u1ed9ng l\u1edbn l\u00e0 c\u00e1 m\u00f2i c\u00f3 h\u00e0m l\u01b0\u1ee3ng th\u1ee7y ng\u00e2n th\u1ea5p h\u01a1n nhi\u1ec1u so v\u1edbi c\u00e1c lo\u00e0i c\u00e1 l\u1edbn, v\u00ec v\u1eady \u0111\u01b0\u1ee3c c\u00e1c chuy\u00ean gia dinh d\u01b0\u1ee1ng khuy\u1ebfn kh\u00edch s\u1eed d\u1ee5ng th\u01b0\u1eddng xuy\u00ean, k\u1ec3 c\u1ea3 trong ch\u1ebf \u0111\u1ed9 \u0103n u\u1ed1ng c\u1ee7a tr\u1ebb em hay ph\u1ee5 n\u1eef mang thai.<\/p>\n<p data-start=\"1829\" data-end=\"2340\"><img loading=\"lazy\" decoding=\"async\" class=\"aligncenter wp-image-41885\" src=\"https:\/\/havamall.com\/wp-content\/uploads\/2025\/09\/GtRgUW1aAAA-fL4.jpg\" alt=\"\" width=\"801\" height=\"1068\" srcset=\"https:\/\/havamall.com\/wp-content\/uploads\/2025\/09\/GtRgUW1aAAA-fL4.jpg 1536w, https:\/\/havamall.com\/wp-content\/uploads\/2025\/09\/GtRgUW1aAAA-fL4-225x300.jpg 225w, https:\/\/havamall.com\/wp-content\/uploads\/2025\/09\/GtRgUW1aAAA-fL4-9x12.jpg 9w, https:\/\/havamall.com\/wp-content\/uploads\/2025\/09\/GtRgUW1aAAA-fL4-600x800.jpg 600w, https:\/\/havamall.com\/wp-content\/uploads\/2025\/09\/GtRgUW1aAAA-fL4-1200x1600.jpg 1200w, https:\/\/havamall.com\/wp-content\/uploads\/2025\/09\/GtRgUW1aAAA-fL4-150x200.jpg 150w\" sizes=\"(max-width: 801px) 100vw, 801px\" \/><\/p>\n<p data-start=\"2342\" data-end=\"2652\">M\u1ed9t h\u1ed9p <strong data-start=\"2350\" data-end=\"2383\">C\u00e1 M\u00f2i Ng\u00e2m D\u1ea7u Nh\u1eadt B\u1ea3n 100g<\/strong> kh\u00f4ng ch\u1ec9 \u0111\u01a1n thu\u1ea7n l\u00e0 th\u1ef1c ph\u1ea9m \u0111\u00f3ng g\u00f3i ti\u1ec7n d\u1ee5ng, m\u00e0 c\u00f2n l\u00e0 s\u1ef1 k\u1ebft tinh gi\u1eefa tinh th\u1ea7n \u1ea9m th\u1ef1c Nh\u1eadt \u2013 coi tr\u1ecdng s\u1ef1 t\u1ef1 nhi\u00ean, tinh t\u1ebf \u2013 v\u1edbi ti\u00eau chu\u1ea9n ch\u1ea5t l\u01b0\u1ee3ng cao. S\u1ea3n ph\u1ea9m mang \u0111\u1ebfn tr\u1ea3i nghi\u1ec7m c\u00e2n b\u1eb1ng: v\u1eeba nhanh g\u1ecdn, v\u1eeba ngon mi\u1ec7ng, v\u1eeba gi\u00e0u l\u1ee3i \u00edch s\u1ee9c kh\u1ecfe. S\u1ea3n ph\u1ea9m hi\u1ec7n \u0111ang \u0111\u01b0\u1ee3c b\u00e1n t\u1ea1i Havamall.<\/p>","protected":false},"excerpt":{"rendered":"<p>TH\u00d4NG TIN S\u1ea2N PH\u1ea8M Th\u01b0\u01a1ng hi\u1ec7u Nh\u00e0 nh\u1eadp kh\u1ea9u: Kobe Bussan Xu\u1ea5t x\u1ee9 Nh\u1eadt B\u1ea3n Th\u00e0nh ph\u1ea7n C\u00e1 m\u00f2i (\u3044\u308f\u3057)<\/p>","protected":false},"featured_media":41881,"comment_status":"open","ping_status":"closed","template":"","meta":[],"product_brand":[],"product_cat":[722,143],"product_tag":[],"class_list":{"0":"post-41880","1":"product","2":"type-product","3":"status-publish","4":"has-post-thumbnail","6":"product_cat-nhap-khau-nhat-ban","7":"product_cat-thuc-pham-dong-hop","9":"first","10":"outofstock","11":"sale","12":"shipping-taxable","13":"purchasable","14":"product-type-simple"},"_links":{"self":[{"href":"https:\/\/havamall.com\/en\/wp-json\/wp\/v2\/product\/41880","targetHints":{"allow":["GET"]}}],"collection":[{"href":"https:\/\/havamall.com\/en\/wp-json\/wp\/v2\/product"}],"about":[{"href":"https:\/\/havamall.com\/en\/wp-json\/wp\/v2\/types\/product"}],"replies":[{"embeddable":true,"href":"https:\/\/havamall.com\/en\/wp-json\/wp\/v2\/comments?post=41880"}],"version-history":[{"count":0,"href":"https:\/\/havamall.com\/en\/wp-json\/wp\/v2\/product\/41880\/revisions"}],"wp:featuredmedia":[{"embeddable":true,"href":"https:\/\/havamall.com\/en\/wp-json\/wp\/v2\/media\/41881"}],"wp:attachment":[{"href":"https:\/\/havamall.com\/en\/wp-json\/wp\/v2\/media?parent=41880"}],"wp:term":[{"taxonomy":"product_brand","embeddable":true,"href":"https:\/\/havamall.com\/en\/wp-json\/wp\/v2\/product_brand?post=41880"},{"taxonomy":"product_cat","embeddable":true,"href":"https:\/\/havamall.com\/en\/wp-json\/wp\/v2\/product_cat?post=41880"},{"taxonomy":"product_tag","embeddable":true,"href":"https:\/\/havamall.com\/en\/wp-json\/wp\/v2\/product_tag?post=41880"}],"curies":[{"name":"wp","href":"https:\/\/api.w.org\/{rel}","templated":true}]}}