{"id":41915,"date":"2025-09-08T12:08:34","date_gmt":"2025-09-08T05:08:34","guid":{"rendered":"https:\/\/havamall.com\/?post_type=product&#038;p=41915"},"modified":"2026-02-25T09:24:36","modified_gmt":"2026-02-25T02:24:36","slug":"dau-nanh-len-men-hat-trung-natto-nhat-ban-120g-40g-x-3-hop-japanese-fermented-soybeans-natto-120g","status":"publish","type":"product","link":"https:\/\/havamall.com\/en\/shop\/dau-nanh-len-men-hat-trung-natto-nhat-ban-120g-40g-x-3-hop-japanese-fermented-soybeans-natto-120g\/","title":{"rendered":"\u0110\u1eadu N\u00e0nh L\u00ean Men H\u1ea1t Trung Natto Nh\u1eadt B\u1ea3n 120g (40g x 3 H\u1ed9p) \u2013 Japanese Fermented Soybeans Natto 120g"},"content":{"rendered":"<blockquote>\n<h3><em><strong>TH\u00d4NG TIN S\u1ea2N PH\u1ea8M<\/strong><\/em><\/h3>\n<\/blockquote>\n<table style=\"width: 76.8889%;height: 176px\">\n<tbody>\n<tr>\n<td>Th\u01b0\u01a1ng hi\u1ec7u<\/td>\n<td>N\u1ed9i \u0110\u1ecba Nh\u1eadt<\/td>\n<\/tr>\n<tr>\n<td>Xu\u1ea5t x\u1ee9<\/td>\n<td>Nh\u1eadt B\u1ea3n<\/td>\n<\/tr>\n<tr>\n<td>Th\u00e0nh ph\u1ea7n<\/td>\n<td>\u0110\u1eadu n\u00e0nh Nh\u1eadt B\u1ea3n, vi khu\u1ea9n Bacillus subtilis, g\u00f3i gia v\u1ecb (n\u01b0\u1edbc t\u01b0\u01a1ng dashi, m\u00f9 t\u1ea1t karashi).<\/td>\n<\/tr>\n<tr>\n<td>H\u1ea1n s\u1eed d\u1ee5ng<\/td>\n<td>In tr\u00ean bao b\u00ec s\u1ea3n ph\u1ea9m.<\/td>\n<\/tr>\n<tr>\n<td>B\u1ea3o qu\u1ea3n<\/td>\n<td>Gi\u1eef l\u1ea1nh 0\u201310\u00b0C, d\u00f9ng ngay sau khi m\u1edf.<\/td>\n<\/tr>\n<tr>\n<td>Kh\u1ed1i l\u01b0\u1ee3ng<\/td>\n<td>T\u1ed5ng 120g (40g x 3 h\u1ed9p)<\/td>\n<\/tr>\n<\/tbody>\n<\/table>\n<p data-start=\"323\" data-end=\"855\">Trong v\u0103n h\u00f3a \u1ea9m th\u1ef1c Nh\u1eadt B\u1ea3n, Natto \u0111\u01b0\u1ee3c xem l\u00e0 m\u00f3n \u0103n truy\u1ec1n th\u1ed1ng \u0111\u1ed9c \u0111\u00e1o v\u00e0 gi\u00e0u dinh d\u01b0\u1ee1ng, g\u00f3p ph\u1ea7n t\u1ea1o n\u00ean b\u00ed quy\u1ebft s\u1ed1ng th\u1ecd c\u1ee7a ng\u01b0\u1eddi d\u00e2n x\u1ee9 hoa anh \u0111\u00e0o. \u0110\u01b0\u1ee3c ch\u1ebf bi\u1ebfn t\u1eeb nh\u1eefng h\u1ea1t \u0111\u1eadu n\u00e0nh ch\u1ecdn l\u1ecdc, tr\u1ea3i qua qu\u00e1 tr\u00ecnh l\u00ean men v\u1edbi vi khu\u1ea9n Bacillus subtilis, Natto c\u00f3 m\u00e0u n\u00e2u nh\u1ea1t, m\u00f9i h\u01b0\u01a1ng m\u1ea1nh, k\u1ebft c\u1ea5u d\u1ebbo qu\u00e1nh c\u00f9ng v\u1ecb b\u00e9o b\u00f9i kh\u00f3 tr\u1ed9n l\u1eabn. M\u1eb7c d\u00f9 v\u1edbi nhi\u1ec1u ng\u01b0\u1eddi m\u1edbi th\u1eed, Natto c\u00f3 th\u1ec3 \u0111em l\u1ea1i c\u1ea3m gi\u00e1c \u201ckh\u00f3 \u0103n\u201d, nh\u01b0ng khi k\u1ebft h\u1ee3p c\u00f9ng c\u01a1m n\u00f3ng, n\u01b0\u1edbc t\u01b0\u01a1ng v\u00e0 m\u00f9 t\u1ea1t karashi, m\u00f3n \u0103n tr\u1edf n\u00ean h\u1ea5p d\u1eabn v\u00e0 d\u1ec5 g\u00e2y nghi\u1ec7n.<\/p>\n<p data-start=\"1291\" data-end=\"1663\"><img fetchpriority=\"high\" decoding=\"async\" class=\"aligncenter\" src=\"https:\/\/bebeloveokazu.com\/wp-content\/uploads\/2011\/06\/img_6378.jpg\" alt=\"Natto (Fermented Soybeans)\" width=\"800\" height=\"600\" \/><\/p>\n<p style=\"text-align: justify\" data-start=\"1665\" data-end=\"2171\">Ngu\u1ed3n g\u1ed1c c\u1ee7a natto g\u1eafn li\u1ec1n v\u1edbi nhi\u1ec1u truy\u1ec1n thuy\u1ebft th\u00fa v\u1ecb. Ng\u01b0\u1eddi ta k\u1ec3 r\u1eb1ng, trong th\u1eddi Heian (th\u1ebf k\u1ef7 XI), binh l\u00ednh c\u1ee7a t\u01b0\u1edbng Minamoto no Yoshiie \u0111\u00e3 gi\u1ea5u \u0111\u1eadu n\u00e0nh lu\u1ed9c trong r\u01a1m \u0111\u1ec3 tr\u00e1nh k\u1ebb \u0111\u1ecbch. Sau v\u00e0i ng\u00e0y, \u0111\u1eadu n\u00e0nh \u0111\u00e3 l\u00ean men, c\u00f3 m\u00f9i n\u1ed3ng nh\u01b0ng h\u01b0\u01a1ng v\u1ecb \u0111\u1eb7c bi\u1ec7t. Khi n\u1ebfm th\u1eed, h\u1ecd b\u1ea5t ng\u1edd nh\u1eadn ra s\u1ef1 ngon mi\u1ec7ng v\u00e0 t\u1eeb \u0111\u00f3 natto d\u1ea7n tr\u1edf th\u00e0nh m\u00f3n \u0103n quen thu\u1ed9c. \u0110\u1ebfn ng\u00e0y nay, c\u00f4ng ngh\u1ec7 hi\u1ec7n \u0111\u1ea1i \u0111\u00e3 gi\u00fap quy tr\u00ecnh s\u1ea3n xu\u1ea5t natto ch\u00ednh x\u00e1c v\u00e0 an to\u00e0n h\u01a1n, nh\u01b0ng gi\u00e1 tr\u1ecb truy\u1ec1n th\u1ed1ng v\u1eabn \u0111\u01b0\u1ee3c gi\u1eef nguy\u00ean.<\/p>\n<p data-start=\"1665\" data-end=\"2171\"><img decoding=\"async\" class=\"aligncenter\" src=\"https:\/\/havamall.com\/wp-content\/uploads\/2025\/09\/iStock-1213917893.jpg\" alt=\"What is Natto: a Japanese Fermented Soybean Superfood\" width=\"801\" height=\"534\" \/><\/p>\n<p style=\"text-align: justify\" data-start=\"1379\" data-end=\"1865\">Quy tr\u00ecnh l\u00e0m Natto kh\u00e1 c\u1ea7u k\u1ef3. \u0110\u1eadu n\u00e0nh nh\u1ecf \u0111\u01b0\u1ee3c ng\u00e2m trong 24 gi\u1edd, sau \u0111\u00f3 h\u1ea5p ch\u00edn v\u00e0 ph\u1ed1i tr\u1ed9n c\u00f9ng men vi sinh. \u0110\u1eadu \u0111\u01b0\u1ee3c \u1ee7 trong m\u00f4i tr\u01b0\u1eddng nhi\u1ec7t \u0111\u1ed9 40\u00b0C kho\u1ea3ng m\u1ed9t ng\u00e0y \u0111\u1ec3 vi khu\u1ea9n ph\u00e1t tri\u1ec3n, t\u1ea1o ra enzyme nattokinase qu\u00fd gi\u00e1. \u0110\u00e2y l\u00e0 h\u1ee3p ch\u1ea5t sinh h\u1ecdc n\u1ed5i ti\u1ebfng v\u1edbi kh\u1ea3 n\u0103ng h\u1ed7 tr\u1ee3 tu\u1ea7n ho\u00e0n m\u00e1u, gi\u1ea3m h\u00ecnh th\u00e0nh c\u1ee5c m\u00e1u \u0111\u00f4ng v\u00e0 t\u1ed1t cho tim m\u1ea1ch. Ngo\u00e0i ra, Natto c\u00f2n gi\u00e0u vitamin K2 gi\u00fap t\u0103ng c\u01b0\u1eddng s\u1ee9c kh\u1ecfe x\u01b0\u01a1ng kh\u1edbp, protein th\u1ef1c v\u1eadt, ch\u1ea5t x\u01a1, c\u00f9ng l\u1ee3i khu\u1ea9n h\u1ed7 tr\u1ee3 ti\u00eau h\u00f3a.<\/p>\n<p data-start=\"1379\" data-end=\"1865\"><img decoding=\"async\" class=\"aligncenter\" src=\"https:\/\/havamall.com\/wp-content\/uploads\/2026\/02\/img_1945.jpg\" alt=\"Natto (Fermented Soybeans)\" width=\"800\" height=\"600\" \/><\/p>\n<p style=\"text-align: justify\" data-start=\"1379\" data-end=\"1865\">Natto h\u1ea1t trung c\u00f3 h\u01b0\u01a1ng v\u1ecb \u0111\u1eadm \u0111\u00e0 nh\u01b0ng kh\u00f4ng qu\u00e1 g\u1eaft, \u0111\u1ed9 d\u1ebbo v\u1eeba ph\u1ea3i, d\u1ec5 h\u00f2a quy\u1ec7n v\u1edbi c\u00e1c m\u00f3n \u0103n kh\u00e1c. Nh\u1edd k\u1ebft c\u1ea5u c\u00e2n b\u1eb1ng, lo\u1ea1i natto n\u00e0y ph\u00f9 h\u1ee3p cho c\u1ea3 ng\u01b0\u1eddi m\u1edbi b\u1eaft \u0111\u1ea7u v\u00e0 nh\u1eefng ai \u0111\u00e3 y\u00eau th\u00edch m\u00f3n \u0103n n\u00e0y t\u1eeb l\u00e2u.<\/p>\n<p data-start=\"1379\" data-end=\"1865\"><img loading=\"lazy\" decoding=\"async\" class=\"aligncenter\" src=\"https:\/\/havamall.com\/wp-content\/uploads\/2025\/09\/natto-kimchi-001.jpg\" alt=\"Natto Kimchi\" width=\"801\" height=\"534\" \/><\/p>\n<blockquote>\n<h3 data-start=\"2404\" data-end=\"2434\"><span style=\"font-size: 18pt\"><em><strong data-start=\"2408\" data-end=\"2432\">C\u00e1ch \u0103n Natto Mizkan<\/strong><\/em><\/span><\/h3>\n<\/blockquote>\n<p data-start=\"2435\" data-end=\"2818\">\u2013 R\u00e3 \u0111\u00f4ng t\u1ef1 nhi\u00ean, tr\u1ed9n c\u00f9ng g\u00f3i n\u01b0\u1edbc s\u1ed1t dashi v\u00e0 m\u00f9 t\u1ea1t karashi c\u00f3 s\u1eb5n, khu\u1ea5y \u0111\u1ec1u 3\u20135 ph\u00fat r\u1ed3i \u0103n tr\u1ef1c ti\u1ebfp v\u1edbi c\u01a1m tr\u1eafng.<br data-start=\"2560\" data-end=\"2563\" \/>\u2013 D\u00f9ng l\u00e0m topping cho sushi cu\u1ed9n, m\u00ec soba, udon ho\u1eb7c c\u01a1m tr\u1ed9n.<br data-start=\"2626\" data-end=\"2629\" \/>\u2013 K\u1ebft h\u1ee3p v\u1edbi tr\u1ee9ng g\u00e0 s\u1ed1ng, h\u00e0nh l\u00e1, miso ho\u1eb7c c\u00e1 b\u00e0o \u0111\u1ec3 t\u0103ng h\u01b0\u01a1ng v\u1ecb.<br data-start=\"2701\" data-end=\"2704\" \/>\u2013 K\u1eb9p trong sandwich ho\u1eb7c tr\u1ed9n c\u00f9ng salad.<br data-start=\"2746\" data-end=\"2749\" \/>\u2013 Nghi\u1ec1n nhuy\u1ec5n \u0111\u1ec3 tr\u1ed9n ch\u00e1o cho b\u00e9, t\u1ea1o th\u00e0nh m\u00f3n \u0103n d\u1eb7m b\u1ed5 d\u01b0\u1ee1ng.<\/p>\n<p data-start=\"2435\" data-end=\"2818\"><img loading=\"lazy\" decoding=\"async\" class=\"aligncenter\" src=\"https:\/\/havamall.com\/wp-content\/uploads\/2025\/11\/E5908DE7A7B0E69CAAE8A8ADE5AE9AE381AEE38386E38299E382B5E38299E382A4E383B3.jpg\" alt=\"2024\u5e74\u304a\u3059\u3059\u3081\u306e\u3010\u7d0d\u8c46\u306e\u304a\u3044\u3057\u3044\u98df\u3079\u65b9\u3068\u30ec\u30b7\u30d4\u3092\u7d39\u4ecb\u3011\u7d0d\u8c46\u9905\u3084\u7d0d\u8c46\u30c1\u30e7\u30b3\u30ec\u30fc\u30c8\u3092\u582a\u80fd\u3057\u3088\u3046\uff01\" width=\"802\" height=\"506\" \/><\/p>\n<blockquote>\n<h3 data-start=\"2820\" data-end=\"2868\"><em><span style=\"font-size: 18pt\"><strong data-start=\"2824\" data-end=\"2866\">Gi\u00e1 tr\u1ecb dinh d\u01b0\u1ee1ng v\u00e0 l\u1ee3i \u00edch s\u1ee9c kh\u1ecfe<\/strong><\/span><\/em><\/h3>\n<\/blockquote>\n<p data-start=\"2869\" data-end=\"3323\">Natto l\u00e0 m\u1ed9t trong nh\u1eefng \u201csi\u00eau th\u1ef1c ph\u1ea9m\u201d c\u1ee7a Nh\u1eadt B\u1ea3n nh\u1edd ch\u1ee9a enzyme\u00a0<strong data-start=\"2940\" data-end=\"2955\">nattokinase<\/strong>, n\u1ed5i ti\u1ebfng v\u1edbi kh\u1ea3 n\u0103ng l\u00e0m tan c\u1ee5c m\u00e1u \u0111\u00f4ng, h\u1ed7 tr\u1ee3 tu\u1ea7n ho\u00e0n v\u00e0 gi\u1ea3m nguy c\u01a1 \u0111\u1ed9t qu\u1ef5. Ngo\u00e0i ra, natto c\u00f2n gi\u00e0u\u00a0<strong data-start=\"3069\" data-end=\"3083\">vitamin K2<\/strong>\u00a0gi\u00fap x\u01b0\u01a1ng ch\u1eafc kh\u1ecfe,\u00a0<strong data-start=\"3106\" data-end=\"3126\">protein th\u1ef1c v\u1eadt<\/strong>\u00a0h\u1ed7 tr\u1ee3 c\u01a1 b\u1eafp,\u00a0<strong data-start=\"3142\" data-end=\"3166\">ch\u1ea5t x\u01a1 v\u00e0 l\u1ee3i khu\u1ea9n<\/strong>\u00a0t\u1ed1t cho h\u1ec7 ti\u00eau h\u00f3a. S\u1ef1 k\u1ebft h\u1ee3p h\u00e0i h\u00f2a c\u1ee7a c\u00e1c d\u01b0\u1ee1ng ch\u1ea5t n\u00e0y kh\u00f4ng ch\u1ec9 t\u0103ng s\u1ee9c \u0111\u1ec1 kh\u00e1ng m\u00e0 c\u00f2n g\u00f3p ph\u1ea7n duy tr\u00ec s\u1ee9c kh\u1ecfe to\u00e0n di\u1ec7n v\u00e0 tu\u1ed5i th\u1ecd b\u1ec1n l\u00e2u. D\u00f9 c\u00f3 m\u00f9i v\u1ecb \u0111\u1eb7c bi\u1ec7t, m\u1ed9t khi \u0111\u00e3 l\u00e0m quen, Natto Mizkan h\u1ea1t trung d\u1ec5 d\u00e0ng tr\u1edf th\u00e0nh m\u00f3n \u0103n g\u00e2y nghi\u1ec7n b\u1edfi s\u1ef1 k\u1ebft h\u1ee3p ho\u00e0n h\u1ea3o gi\u1eefa h\u01b0\u01a1ng v\u1ecb, gi\u00e1 tr\u1ecb dinh d\u01b0\u1ee1ng v\u00e0 l\u1ee3i \u00edch cho s\u1ee9c kh\u1ecfe. S\u1ea3n ph\u1ea9m hi\u1ec7n \u0111ang \u0111\u01b0\u1ee3c b\u00e1n t\u1ea1i\u00a0<strong><em>Havamall.com<\/em><\/strong>\u00a0!<\/p>\n<p data-start=\"2869\" data-end=\"3323\"><img loading=\"lazy\" decoding=\"async\" class=\"aligncenter\" src=\"https:\/\/havamall.com\/wp-content\/uploads\/2025\/09\/2_14.jpg\" alt=\"Natto: Japanese Fermented Soybeans &amp; Superfood\" width=\"802\" height=\"501\" \/><\/p>","protected":false},"excerpt":{"rendered":"<p>TH\u00d4NG TIN S\u1ea2N PH\u1ea8M Th\u01b0\u01a1ng hi\u1ec7u N\u1ed9i \u0110\u1ecba Nh\u1eadt Xu\u1ea5t x\u1ee9 Nh\u1eadt B\u1ea3n Th\u00e0nh ph\u1ea7n \u0110\u1eadu n\u00e0nh Nh\u1eadt B\u1ea3n, vi<\/p>","protected":false},"featured_media":41916,"comment_status":"open","ping_status":"closed","template":"","meta":[],"product_brand":[],"product_cat":[722],"product_tag":[],"class_list":{"0":"post-41915","1":"product","2":"type-product","3":"status-publish","4":"has-post-thumbnail","6":"product_cat-nhap-khau-nhat-ban","8":"first","9":"outofstock","10":"sale","11":"shipping-taxable","12":"purchasable","13":"product-type-simple"},"_links":{"self":[{"href":"https:\/\/havamall.com\/en\/wp-json\/wp\/v2\/product\/41915","targetHints":{"allow":["GET"]}}],"collection":[{"href":"https:\/\/havamall.com\/en\/wp-json\/wp\/v2\/product"}],"about":[{"href":"https:\/\/havamall.com\/en\/wp-json\/wp\/v2\/types\/product"}],"replies":[{"embeddable":true,"href":"https:\/\/havamall.com\/en\/wp-json\/wp\/v2\/comments?post=41915"}],"version-history":[{"count":0,"href":"https:\/\/havamall.com\/en\/wp-json\/wp\/v2\/product\/41915\/revisions"}],"wp:featuredmedia":[{"embeddable":true,"href":"https:\/\/havamall.com\/en\/wp-json\/wp\/v2\/media\/41916"}],"wp:attachment":[{"href":"https:\/\/havamall.com\/en\/wp-json\/wp\/v2\/media?parent=41915"}],"wp:term":[{"taxonomy":"product_brand","embeddable":true,"href":"https:\/\/havamall.com\/en\/wp-json\/wp\/v2\/product_brand?post=41915"},{"taxonomy":"product_cat","embeddable":true,"href":"https:\/\/havamall.com\/en\/wp-json\/wp\/v2\/product_cat?post=41915"},{"taxonomy":"product_tag","embeddable":true,"href":"https:\/\/havamall.com\/en\/wp-json\/wp\/v2\/product_tag?post=41915"}],"curies":[{"name":"wp","href":"https:\/\/api.w.org\/{rel}","templated":true}]}}