{"id":41935,"date":"2025-09-08T16:23:35","date_gmt":"2025-09-08T09:23:35","guid":{"rendered":"https:\/\/havamall.com\/?post_type=product&#038;p=41935"},"modified":"2025-09-08T16:59:43","modified_gmt":"2025-09-08T09:59:43","slug":"ruou-nau-an-nhat-ban-ryorishu-500ml-japanese-cooking-sake-ryorishu-500ml","status":"publish","type":"product","link":"https:\/\/havamall.com\/en\/shop\/ruou-nau-an-nhat-ban-ryorishu-500ml-japanese-cooking-sake-ryorishu-500ml\/","title":{"rendered":"R\u01b0\u1ee3u N\u1ea5u \u0102n Nh\u1eadt B\u1ea3n \u00cdt Ng\u1ecdt Ryorishu 500ml \u2013 Japanese Cooking Sake Ryorishu 500ml"},"content":{"rendered":"<blockquote>\n<h3><em><strong>TH\u00d4NG TIN S\u1ea2N PH\u1ea8M<\/strong><\/em><\/h3>\n<\/blockquote>\n<table style=\"width: 75.2593%;height: 173px\">\n<tbody>\n<tr>\n<td>Th\u01b0\u01a1ng hi\u1ec7u<\/td>\n<td>Nichi Ban Shokuhin<\/td>\n<\/tr>\n<tr>\n<td>Xu\u1ea5t x\u1ee9<\/td>\n<td>Nh\u1eadt B\u1ea3n<\/td>\n<\/tr>\n<tr>\n<td>Th\u00e0nh ph\u1ea7n<\/td>\n<td>Xem tr\u00ean bao b\u00ec<\/td>\n<\/tr>\n<tr>\n<td>H\u1ea1n s\u1eed d\u1ee5ng<\/td>\n<td>Xem tr\u00ean bao b\u00ec<\/td>\n<\/tr>\n<tr>\n<td>\u0110\u1eb7c \u0111i\u1ec3m n\u1ed5i b\u1eadt<\/td>\n<td>Kh\u1eed m\u00f9i tanh, l\u00e0m m\u1ec1m nguy\u00ean li\u1ec7u, t\u0103ng v\u1ecb umami t\u1ef1 nhi\u00ean cho m\u00f3n \u0103n<\/td>\n<\/tr>\n<tr>\n<td>Kh\u1ed1i l\u01b0\u1ee3ng<\/td>\n<td>500ml<\/td>\n<\/tr>\n<\/tbody>\n<\/table>\n<p data-start=\"434\" data-end=\"777\">\u1ea8m th\u1ef1c Nh\u1eadt B\u1ea3n t\u1eeb l\u00e2u n\u1ed5i ti\u1ebfng b\u1edfi s\u1ef1 tinh t\u1ebf trong t\u1eebng chi ti\u1ebft, t\u1eeb c\u00e1ch ch\u1ecdn nguy\u00ean li\u1ec7u, c\u00e1ch n\u00eam n\u1ebfm \u0111\u1ebfn ngh\u1ec7 thu\u1eadt tr\u00ecnh b\u00e0y. B\u00ean c\u1ea1nh c\u00e1c gia v\u1ecb quen thu\u1ed9c nh\u01b0 n\u01b0\u1edbc t\u01b0\u01a1ng, miso hay mirin, th\u00ec <strong data-start=\"636\" data-end=\"654\">Ryorishu (\u6599\u7406\u9152)<\/strong>\u00a0\u2013 r\u01b0\u1ee3u sake d\u00f9ng ri\u00eang cho n\u1ea5u \u0103n \u2013 l\u00e0 b\u00ed quy\u1ebft th\u1ea7m l\u1eb7ng gi\u00fap m\u00f3n Nh\u1eadt gi\u1eef \u0111\u01b0\u1ee3c s\u1ef1 thanh tao nh\u01b0ng v\u1eabn \u0111\u1eadm \u0111\u00e0, tr\u00f2n v\u1ecb.<\/p>\n<p data-start=\"434\" data-end=\"777\"><img fetchpriority=\"high\" decoding=\"async\" class=\"aligncenter wp-image-41937\" src=\"https:\/\/havamall.com\/wp-content\/uploads\/2025\/09\/af46d945-2956-410d-9464-240fede8ff5b.jpg\" alt=\"\" width=\"802\" height=\"531\" srcset=\"https:\/\/havamall.com\/wp-content\/uploads\/2025\/09\/af46d945-2956-410d-9464-240fede8ff5b.jpg 1280w, https:\/\/havamall.com\/wp-content\/uploads\/2025\/09\/af46d945-2956-410d-9464-240fede8ff5b-300x199.jpg 300w, https:\/\/havamall.com\/wp-content\/uploads\/2025\/09\/af46d945-2956-410d-9464-240fede8ff5b-18x12.jpg 18w, https:\/\/havamall.com\/wp-content\/uploads\/2025\/09\/af46d945-2956-410d-9464-240fede8ff5b-600x397.jpg 600w, https:\/\/havamall.com\/wp-content\/uploads\/2025\/09\/af46d945-2956-410d-9464-240fede8ff5b-1200x794.jpg 1200w, https:\/\/havamall.com\/wp-content\/uploads\/2025\/09\/af46d945-2956-410d-9464-240fede8ff5b-150x99.jpg 150w\" sizes=\"(max-width: 802px) 100vw, 802px\" \/><\/p>\n<p data-start=\"779\" data-end=\"1194\">Kh\u00e1c v\u1edbi sake d\u00f9ng \u0111\u1ec3 u\u1ed1ng, Ryorishu \u0111\u01b0\u1ee3c \u0111i\u1ec1u ch\u1ec9nh n\u1ed3ng \u0111\u1ed9 c\u1ed3n v\u1eeba ph\u1ea3i v\u00e0 b\u1ed5 sung ch\u00fat mu\u1ed1i nh\u1eb1m t\u1ea1o ra s\u1ef1 c\u00e2n b\u1eb1ng ho\u00e0n h\u1ea3o cho c\u00e1c m\u00f3n \u0103n. N\u1ebfu sake mang \u0111\u1ebfn h\u01b0\u01a1ng men n\u1ed3ng n\u00e0n th\u00ec Ryorishu l\u1ea1i t\u1eadp trung v\u00e0o vi\u1ec7c\u00a0<strong data-start=\"996\" data-end=\"1063\">kh\u1eed m\u00f9i tanh, l\u00e0m m\u1ec1m nguy\u00ean li\u1ec7u v\u00e0 kh\u01a1i d\u1eady h\u01b0\u01a1ng v\u1ecb t\u1ef1 nhi\u00ean<\/strong>. \u0110\u00e2y ch\u00ednh l\u00e0 l\u00fd do m\u00e0 t\u1eeb c\u00e1c c\u0103n b\u1ebfp gia \u0111\u00ecnh Nh\u1eadt \u0111\u1ebfn nh\u00e0 h\u00e0ng cao c\u1ea5p, Ryorishu lu\u00f4n hi\u1ec7n di\u1ec7n nh\u01b0 m\u1ed9t lo\u1ea1i gia v\u1ecb thi\u1ebft y\u1ebfu.<\/p>\n<p data-start=\"779\" data-end=\"1194\"><img decoding=\"async\" class=\"aligncenter\" src=\"https:\/\/havamall.com\/wp-content\/uploads\/2025\/09\/Sakamushi_3.jpg\" width=\"803\" height=\"533\" \/><\/p>\n<p data-start=\"1196\" data-end=\"1666\">Qu\u00e1 tr\u00ecnh s\u1ea3n xu\u1ea5t Ryorishu \u0111\u01b0\u1ee3c g\u00ecn gi\u1eef qua nhi\u1ec1u th\u1ebf h\u1ec7, b\u1eaft ngu\u1ed3n t\u1eeb ph\u01b0\u01a1ng ph\u00e1p l\u00ean men truy\u1ec1n th\u1ed1ng c\u1ee7a ng\u01b0\u1eddi Nh\u1eadt. G\u1ea1o ch\u1ecdn l\u1ecdc, n\u01b0\u1edbc trong tinh khi\u1ebft c\u00f9ng men koji (Aspergillus oryzae) tr\u1ea3i qua qu\u00e1 tr\u00ecnh l\u00ean men ch\u1eadm r\u00e3i, sau \u0111\u00f3 \u0111\u01b0\u1ee3c \u1ee7 v\u00e0 \u0111i\u1ec1u ch\u1ec9nh th\u00e0nh ph\u1ea7n \u0111\u1ec3 cho ra lo\u1ea1i r\u01b0\u1ee3u trong v\u1eaft, th\u01a1m d\u1ecbu v\u00e0 h\u00e0i h\u00f2a. \u0110\u00e2y kh\u00f4ng \u0111\u01a1n thu\u1ea7n l\u00e0 m\u1ed9t lo\u1ea1i r\u01b0\u1ee3u pha mu\u1ed1i, m\u00e0 l\u00e0 k\u1ebft tinh c\u1ee7a\u00a0<strong data-start=\"1582\" data-end=\"1663\">ngh\u1ec7 thu\u1eadt ch\u1ebf bi\u1ebfn d\u1ef1a tr\u00ean tri\u1ebft l\u00fd \u201ct\u00f4n tr\u1ecdng v\u1ecb nguy\u00ean b\u1ea3n c\u1ee7a th\u1ef1c ph\u1ea9m\u201d<\/strong>.<\/p>\n<p data-start=\"1196\" data-end=\"1666\"><img decoding=\"async\" class=\"aligncenter\" src=\"https:\/\/asianinspirations.com.au\/wp-content\/uploads\/2025\/06\/Koji-The-Secret-Ingredient-of-Japanese-Fermented-Foods_03-Koji-in-making-Miso.jpg\" alt=\"Koji: The Secret Ingredient of Japanese Fermented Foods | Asian Inspirations\" width=\"800\" height=\"480\" \/><\/p>\n<p data-start=\"1668\" data-end=\"2189\">V\u1ec1 h\u01b0\u01a1ng v\u1ecb, Ryorishu mang v\u1ecb ng\u1ecdt d\u1ecbu xen ch\u00fat m\u1eb7n nh\u1eb9, tho\u1ea3ng h\u01b0\u01a1ng g\u1ea1o l\u00ean men. Khi \u0111\u01b0a v\u00e0o n\u1ea5u \u0103n, ph\u1ea7n c\u1ed3n nhanh ch\u00f3ng bay h\u01a1i, ch\u1ec9 \u0111\u1ec3 l\u1ea1i \u0111\u1ed9 \u0111\u1eadm \u0111\u00e0 v\u00e0 v\u1ecb umami t\u1ef1 nhi\u00ean. M\u1ed9t th\u00eca canh Ryorishu c\u00f3 th\u1ec3 bi\u1ebfn m\u00f3n c\u00e1 kho tr\u1edf n\u00ean b\u00f3ng b\u1ea9y, m\u00f3n th\u1ecbt h\u1ea7m th\u00eam m\u1ec1m, hay ch\u00e9n n\u01b0\u1edbc l\u1ea9u d\u1eady h\u01b0\u01a1ng tinh t\u1ebf. Ch\u00ednh s\u1ef1 khi\u00eam nh\u01b0\u1eddng n\u00e0y \u2013 kh\u00f4ng l\u1ea5n \u00e1t m\u00e0 l\u00e0m n\u1ed5i b\u1eadt nguy\u00ean li\u1ec7u \u2013 \u0111\u00e3 khi\u1ebfn Ryorishu tr\u1edf th\u00e0nh gia v\u1ecb \u0111\u01b0\u1ee3c y\u00eau th\u00edch trong v\u00f4 s\u1ed1 c\u00f4ng th\u1ee9c: t\u1eeb\u00a0<strong data-start=\"2114\" data-end=\"2186\">teriyaki, nimono, s\u00fap miso bi\u1ebfn t\u1ea5u, \u0111\u1ebfn c\u00e1c m\u00f3n kho c\u00e1 truy\u1ec1n th\u1ed1ng<\/strong>.<\/p>\n<p data-start=\"1668\" data-end=\"2189\"><img loading=\"lazy\" decoding=\"async\" class=\"aligncenter\" src=\"https:\/\/havamall.com\/wp-content\/uploads\/2025\/09\/cooking-with-sake-1.webp\" alt=\"Cooking With Sake \u2014 OISHI SO JAPAN\" width=\"802\" height=\"635\" \/><\/p>\n<p data-start=\"2191\" data-end=\"2502\">Kh\u00f4ng ch\u1ec9 l\u00e0 m\u1ed9t ch\u1ea5t x\u00fac t\u00e1c h\u01b0\u01a1ng v\u1ecb, Ryorishu c\u00f2n mang l\u1ea1i l\u1ee3i \u00edch s\u1ee9c kh\u1ecfe. Qu\u00e1 tr\u00ecnh l\u00ean men t\u1ea1o ra nhi\u1ec1u acid amin v\u00e0 peptide c\u00f3 l\u1ee3i cho ti\u00eau h\u00f3a, \u0111\u1ed3ng th\u1eddi gi\u00fap c\u01a1 th\u1ec3 h\u1ea5p thu dinh d\u01b0\u1ee1ng t\u1ed1t h\u01a1n. Do ph\u1ea7n c\u1ed3n h\u1ea7u nh\u01b0 bay h\u01a1i khi n\u1ea5u, c\u00e1c m\u00f3n \u0103n d\u00f9ng Ryorishu th\u01b0\u1eddng an to\u00e0n cho c\u1ea3 tr\u1ebb nh\u1ecf l\u1eabn ng\u01b0\u1eddi l\u1edbn.<\/p>\n<p data-start=\"2504\" data-end=\"2899\">S\u1edf h\u1eefu\u00a0<strong data-start=\"2511\" data-end=\"2550\">R\u01b0\u1ee3u N\u1ea5u \u0102n Nh\u1eadt B\u1ea3n Ryorishu 500ml<\/strong> ngh\u0129a l\u00e0 b\u1ea1n \u0111ang \u0111\u01b0a v\u00e0o gian b\u1ebfp m\u1ed9t ph\u1ea7n tinh hoa v\u0103n h\u00f3a \u1ea9m th\u1ef1c Nh\u1eadt. Ch\u1ec9 c\u1ea7n v\u00e0i gi\u1ecdt, b\u1ea1n s\u1ebd c\u1ea3m nh\u1eadn ngay s\u1ef1 kh\u00e1c bi\u1ec7t: m\u00f3n \u0103n tr\u1edf n\u00ean thanh tho\u00e1t nh\u01b0ng v\u1eabn gi\u00e0u h\u01b0\u01a1ng v\u1ecb, gi\u1eef \u0111\u01b0\u1ee3c s\u1ef1 c\u00e2n b\u1eb1ng \u0111\u1eb7c tr\u01b0ng c\u1ee7a \u1ea9m th\u1ef1c x\u1ee9 hoa anh \u0111\u00e0o. S\u1ea3n ph\u1ea9m hi\u1ec7n \u0111ang \u0111\u01b0\u1ee3c b\u00e1n tr\u1ef1c ti\u1ebfp t\u1ea1i c\u1eeda h\u00e0ng v\u00e0 c\u00e1c k\u00eanh online c\u1ee7a Havamall.<\/p>","protected":false},"excerpt":{"rendered":"<p>TH\u00d4NG TIN S\u1ea2N PH\u1ea8M Th\u01b0\u01a1ng hi\u1ec7u Nichi Ban Shokuhin Xu\u1ea5t x\u1ee9 Nh\u1eadt B\u1ea3n Th\u00e0nh ph\u1ea7n Xem tr\u00ean bao b\u00ec H\u1ea1n<\/p>","protected":false},"featured_media":41936,"comment_status":"open","ping_status":"closed","template":"","meta":[],"product_brand":[],"product_cat":[154,595,722],"product_tag":[],"class_list":{"0":"post-41935","1":"product","2":"type-product","3":"status-publish","4":"has-post-thumbnail","6":"product_cat-gia-vi","7":"product_cat-gia-vi-va-che-bien","8":"product_cat-nhap-khau-nhat-ban","10":"first","11":"instock","12":"sale","13":"shipping-taxable","14":"purchasable","15":"product-type-simple"},"_links":{"self":[{"href":"https:\/\/havamall.com\/en\/wp-json\/wp\/v2\/product\/41935","targetHints":{"allow":["GET"]}}],"collection":[{"href":"https:\/\/havamall.com\/en\/wp-json\/wp\/v2\/product"}],"about":[{"href":"https:\/\/havamall.com\/en\/wp-json\/wp\/v2\/types\/product"}],"replies":[{"embeddable":true,"href":"https:\/\/havamall.com\/en\/wp-json\/wp\/v2\/comments?post=41935"}],"version-history":[{"count":0,"href":"https:\/\/havamall.com\/en\/wp-json\/wp\/v2\/product\/41935\/revisions"}],"wp:featuredmedia":[{"embeddable":true,"href":"https:\/\/havamall.com\/en\/wp-json\/wp\/v2\/media\/41936"}],"wp:attachment":[{"href":"https:\/\/havamall.com\/en\/wp-json\/wp\/v2\/media?parent=41935"}],"wp:term":[{"taxonomy":"product_brand","embeddable":true,"href":"https:\/\/havamall.com\/en\/wp-json\/wp\/v2\/product_brand?post=41935"},{"taxonomy":"product_cat","embeddable":true,"href":"https:\/\/havamall.com\/en\/wp-json\/wp\/v2\/product_cat?post=41935"},{"taxonomy":"product_tag","embeddable":true,"href":"https:\/\/havamall.com\/en\/wp-json\/wp\/v2\/product_tag?post=41935"}],"curies":[{"name":"wp","href":"https:\/\/api.w.org\/{rel}","templated":true}]}}