{"id":41956,"date":"2025-09-09T16:10:23","date_gmt":"2025-09-09T09:10:23","guid":{"rendered":"https:\/\/havamall.com\/?post_type=product&#038;p=41956"},"modified":"2025-09-09T16:10:25","modified_gmt":"2025-09-09T09:10:25","slug":"tra-sua-hong-tra-hoa-tan-agf-blendy-stick-hop-27-goi-agf-blendy-stick-royal-milk-tea-27-sticks","status":"publish","type":"product","link":"https:\/\/havamall.com\/en\/shop\/tra-sua-hong-tra-hoa-tan-agf-blendy-stick-hop-27-goi-agf-blendy-stick-royal-milk-tea-27-sticks\/","title":{"rendered":"Tr\u00e0 S\u1eefa H\u1ed3ng Tr\u00e0 H\u00f2a Tan AGF Blendy Stick H\u1ed9p 27 G\u00f3i \u2013 AGF Blendy Stick Royal Milk Tea 27 Sticks"},"content":{"rendered":"<blockquote>\n<h3><em><strong>TH\u00d4NG TIN S\u1ea2N PH\u1ea8M<\/strong><\/em><\/h3>\n<\/blockquote>\n<table style=\"width: 70.0771%;height: 141px\">\n<tbody>\n<tr style=\"height: 24px\">\n<td style=\"height: 24px\">Th\u01b0\u01a1ng hi\u1ec7u<\/td>\n<td style=\"height: 24px\">AGF (Ajinomoto General Foods)<\/td>\n<\/tr>\n<tr style=\"height: 24px\">\n<td style=\"height: 24px\">Xu\u1ea5t x\u1ee9<\/td>\n<td style=\"height: 24px\">Nh\u1eadt B\u1ea3n<\/td>\n<\/tr>\n<tr style=\"height: 24px\">\n<td style=\"height: 24px\">Th\u00e0nh ph\u1ea7n<\/td>\n<td style=\"height: 24px\">Xem tr\u00ean bao b\u00ec<\/td>\n<\/tr>\n<tr style=\"height: 24px\">\n<td style=\"height: 24px\">H\u1ea1n s\u1eed d\u1ee5ng<\/td>\n<td style=\"height: 24px\">Xem tr\u00ean bao b\u00ec<\/td>\n<\/tr>\n<tr style=\"height: 21px\">\n<td style=\"height: 21px\">\u0110\u1eb7c \u0111i\u1ec3m n\u1ed5i b\u1eadt<\/td>\n<td style=\"height: 21px\">H\u00f2a tan nhanh, h\u01b0\u01a1ng v\u1ecb chu\u1ea9n Royal Milk Tea Nh\u1eadt B\u1ea3n, nh\u1ecf g\u1ecdn ti\u1ec7n l\u1ee3i mang theo<\/td>\n<\/tr>\n<tr style=\"height: 24px\">\n<td style=\"height: 24px\">Kh\u1ed1i l\u01b0\u1ee3ng<\/td>\n<td style=\"height: 24px\">H\u1ed9p 27 g\u00f3i<\/td>\n<\/tr>\n<\/tbody>\n<\/table>\n<p data-start=\"1117\" data-end=\"1630\">Trong v\u0103n h\u00f3a Nh\u1eadt B\u1ea3n, tr\u00e0 kh\u00f4ng ch\u1ec9 l\u00e0 m\u1ed9t lo\u1ea1i th\u1ee9c u\u1ed1ng, m\u00e0 c\u00f2n l\u00e0 bi\u1ec3u t\u01b0\u1ee3ng c\u1ee7a s\u1ef1 tinh t\u1ebf v\u00e0 ngh\u1ec7 thu\u1eadt th\u01b0\u1edfng th\u1ee9c. M\u1ed9t trong nh\u1eefng bi\u1ebfn t\u1ea5u \u0111\u01b0\u1ee3c y\u00eau th\u00edch nh\u1ea5t ch\u00ednh l\u00e0\u00a0<strong data-start=\"1295\" data-end=\"1313\">Royal Milk Tea<\/strong>, xu\u1ea5t hi\u1ec7n t\u1eeb nh\u1eefng n\u0103m 1960, khi ng\u01b0\u1eddi Nh\u1eadt mong mu\u1ed1n s\u00e1ng t\u1ea1o m\u1ed9t phong c\u00e1ch tr\u00e0 s\u1eefa ri\u00eang bi\u1ec7t: \u0111\u1eadm \u0111\u00e0 h\u01b0\u01a1ng tr\u00e0 \u0111en nh\u01b0ng l\u1ea1i thanh nh\u00e3 v\u00e0 nh\u1eb9 nh\u00e0ng, ph\u00f9 h\u1ee3p v\u1edbi kh\u1ea9u v\u1ecb \u00c1 \u0110\u00f4ng. T\u1eeb \u0111\u00f3, Royal Milk Tea nhanh ch\u00f3ng tr\u1edf th\u00e0nh th\u1ee9c u\u1ed1ng quen thu\u1ed9c, c\u00f3 m\u1eb7t t\u1eeb qu\u00e1n c\u00e0 ph\u00ea, nh\u00e0 h\u00e0ng cho \u0111\u1ebfn gian b\u1ebfp c\u1ee7a m\u1ed7i gia \u0111\u00ecnh.<\/p>\n<p data-start=\"1117\" data-end=\"1630\"><img fetchpriority=\"high\" decoding=\"async\" class=\"aligncenter\" src=\"https:\/\/havamall.com\/wp-content\/uploads\/2025\/09\/Royal-Milk-Tea-3.jpg\" alt=\"Royal Milk Tea \/ \u30ed\u30a4\u30e4\u30eb\u30df\u30eb\u30af\u30c6\u30a3\u30fc\" width=\"800\" height=\"600\" \/><\/p>\n<p data-start=\"1632\" data-end=\"2011\">Th\u01b0\u01a1ng hi\u1ec7u\u00a0<strong data-start=\"1644\" data-end=\"1677\">AGF (Ajinomoto General Foods)<\/strong>\u00a0l\u00e0 m\u1ed9t trong nh\u1eefng \u0111\u01a1n v\u1ecb ti\u00ean phong trong vi\u1ec7c \u0111\u01b0a Royal Milk Tea v\u00e0o d\u1ea1ng h\u00f2a tan ti\u1ec7n l\u1ee3i. V\u1edbi tri\u1ebft l\u00fd \u201ch\u01b0\u01a1ng v\u1ecb Nh\u1eadt \u2013 ch\u1ea5t l\u01b0\u1ee3ng Nh\u1eadt\u201d, AGF lu\u00f4n ch\u00fa tr\u1ecdng \u0111\u1ebfn vi\u1ec7c l\u1ef1a ch\u1ecdn nguy\u00ean li\u1ec7u v\u00e0 c\u00f4ng ngh\u1ec7 s\u1ea3n xu\u1ea5t hi\u1ec7n \u0111\u1ea1i, \u0111\u1ec3 m\u1ed7i g\u00f3i\u00a0<strong data-start=\"1912\" data-end=\"1928\">Blendy Stick<\/strong>\u00a0khi pha \u0111\u1ec1u gi\u1eef \u0111\u01b0\u1ee3c tr\u1ecdn v\u1eb9n h\u01b0\u01a1ng v\u1ecb v\u00e0 tinh th\u1ea7n c\u1ee7a ly tr\u00e0 s\u1eefa truy\u1ec1n th\u1ed1ng.<\/p>\n<p data-start=\"1632\" data-end=\"2011\"><img decoding=\"async\" class=\"aligncenter  wp-image-41958\" src=\"https:\/\/havamall.com\/wp-content\/uploads\/2025\/09\/480331935_122206538978195278_7255529532126688666_n.jpg\" alt=\"\" width=\"801\" height=\"788\" srcset=\"https:\/\/havamall.com\/wp-content\/uploads\/2025\/09\/480331935_122206538978195278_7255529532126688666_n.jpg 1078w, https:\/\/havamall.com\/wp-content\/uploads\/2025\/09\/480331935_122206538978195278_7255529532126688666_n-300x295.jpg 300w, https:\/\/havamall.com\/wp-content\/uploads\/2025\/09\/480331935_122206538978195278_7255529532126688666_n-12x12.jpg 12w, https:\/\/havamall.com\/wp-content\/uploads\/2025\/09\/480331935_122206538978195278_7255529532126688666_n-600x591.jpg 600w, https:\/\/havamall.com\/wp-content\/uploads\/2025\/09\/480331935_122206538978195278_7255529532126688666_n-150x148.jpg 150w\" sizes=\"(max-width: 801px) 100vw, 801px\" \/><\/p>\n<p data-start=\"2013\" data-end=\"2413\">\u0110i\u1ec3m n\u1ed5i b\u1eadt c\u1ee7a s\u1ea3n ph\u1ea9m n\u1eb1m \u1edf s\u1ef1 c\u00e2n b\u1eb1ng: tr\u00e0 \u0111en \u0111\u01b0\u1ee3c tuy\u1ec3n ch\u1ecdn k\u1ef9 l\u01b0\u1ee1ng t\u1eeb nh\u1eefng v\u00f9ng tr\u1ed3ng tr\u00e0 uy t\u00edn, k\u1ebft h\u1ee3p v\u1edbi s\u1eefa b\u1ed9t b\u00e9o m\u1ecbn, \u0111\u01b0\u1eddng v\u00e0 kem th\u1ef1c v\u1eadt. T\u1ef7 l\u1ec7 h\u00f2a quy\u1ec7n \u0111\u01b0\u1ee3c nghi\u00ean c\u1ee9u k\u1ef9, t\u1ea1o n\u00ean h\u01b0\u01a1ng v\u1ecb ng\u1ecdt d\u1ecbu, b\u00e9o ng\u1eady nh\u01b0ng kh\u00f4ng ng\u1ea5y, c\u00f9ng h\u1eadu v\u1ecb tr\u00e0 \u0111en thanh tho\u00e1t. \u0110\u00e2y c\u0169ng ch\u00ednh l\u00e0 l\u00fd do v\u00ec sao\u00a0<strong data-start=\"2329\" data-end=\"2360\">Blendy Stick Royal Milk Tea<\/strong>\u00a0lu\u00f4n n\u1eb1m trong top s\u1ea3n ph\u1ea9m b\u00e1n ch\u1ea1y t\u1ea1i Nh\u1eadt B\u1ea3n.<\/p>\n<p data-start=\"2013\" data-end=\"2413\"><img decoding=\"async\" class=\"aligncenter size-full wp-image-41960\" src=\"https:\/\/havamall.com\/wp-content\/uploads\/2025\/09\/sdfghjjh.png\" alt=\"\" width=\"800\" height=\"800\" srcset=\"https:\/\/havamall.com\/wp-content\/uploads\/2025\/09\/sdfghjjh.png 800w, https:\/\/havamall.com\/wp-content\/uploads\/2025\/09\/sdfghjjh-300x300.png 300w, https:\/\/havamall.com\/wp-content\/uploads\/2025\/09\/sdfghjjh-150x150.png 150w, https:\/\/havamall.com\/wp-content\/uploads\/2025\/09\/sdfghjjh-12x12.png 12w, https:\/\/havamall.com\/wp-content\/uploads\/2025\/09\/sdfghjjh-600x600.png 600w\" sizes=\"(max-width: 800px) 100vw, 800px\" \/><\/p>\n<p data-start=\"2415\" data-end=\"2701\">Quy tr\u00ecnh s\u1ea3n xu\u1ea5t \u0111\u01b0\u1ee3c th\u1ef1c hi\u1ec7n b\u1eb1ng c\u00f4ng ngh\u1ec7 s\u1ea5y phun, gi\u00fap b\u1ed9t tan nhanh trong n\u01b0\u1edbc n\u00f3ng, kh\u00f4ng v\u00f3n c\u1ee5c, t\u1ea1o n\u00ean l\u1edbp b\u1ecdt s\u1eefa nh\u1eb9 nh\u00e0ng v\u00e0 k\u1ebft c\u1ea5u m\u1ecbn m\u00e0ng. Ng\u01b0\u1eddi d\u00f9ng ch\u1ec9 c\u1ea7n v\u00e0i thao t\u00e1c \u0111\u01a1n gi\u1ea3n l\u00e0 c\u00f3 ngay m\u1ed9t ly tr\u00e0 s\u1eefa chu\u1ea9n v\u1ecb, mang \u0111\u1ebfn s\u1ef1 ti\u1ec7n l\u1ee3i trong cu\u1ed9c s\u1ed1ng hi\u1ec7n \u0111\u1ea1i.<\/p>\n<p data-start=\"2415\" data-end=\"2701\"><img loading=\"lazy\" decoding=\"async\" class=\"aligncenter  wp-image-41961\" src=\"https:\/\/havamall.com\/wp-content\/uploads\/2025\/09\/Royal-Milk-Tea-7647.jpg\" alt=\"\" width=\"800\" height=\"800\" srcset=\"https:\/\/havamall.com\/wp-content\/uploads\/2025\/09\/Royal-Milk-Tea-7647.jpg 1200w, https:\/\/havamall.com\/wp-content\/uploads\/2025\/09\/Royal-Milk-Tea-7647-300x300.jpg 300w, https:\/\/havamall.com\/wp-content\/uploads\/2025\/09\/Royal-Milk-Tea-7647-150x150.jpg 150w, https:\/\/havamall.com\/wp-content\/uploads\/2025\/09\/Royal-Milk-Tea-7647-12x12.jpg 12w, https:\/\/havamall.com\/wp-content\/uploads\/2025\/09\/Royal-Milk-Tea-7647-600x600.jpg 600w\" sizes=\"(max-width: 800px) 100vw, 800px\" \/><\/p>\n<p data-start=\"2703\" data-end=\"3093\">V\u1ec1\u00a0<strong data-start=\"2706\" data-end=\"2726\">c\u00e1ch th\u01b0\u1edfng th\u1ee9c<\/strong>, s\u1ea3n ph\u1ea9m c\u00f3 th\u1ec3 \u0111\u01b0\u1ee3c pha n\u00f3ng \u0111\u1ec3 t\u1eadn h\u01b0\u1edfng h\u01b0\u01a1ng tr\u00e0 \u1ea5m \u00e1p v\u00e0o bu\u1ed5i s\u00e1ng ho\u1eb7c chi\u1ec1u mu\u1ed9n. Ngo\u00e0i ra, c\u00f3 th\u1ec3 pha l\u1ea1nh c\u00f9ng \u0111\u00e1 cho nh\u1eefng ng\u00e0y h\u00e8 oi b\u1ee9c, ho\u1eb7c k\u1ebft h\u1ee3p v\u1edbi b\u00e1nh ng\u1ecdt, b\u00e1nh quy \u0111\u1ec3 t\u1ea1o th\u00e0nh m\u1ed9t \u201ctea time\u201d \u0111\u00fang phong c\u00e1ch Nh\u1eadt. V\u1edbi d\u1ea1ng stick nh\u1ecf g\u1ecdn, ng\u01b0\u1eddi d\u00f9ng c\u0169ng c\u00f3 th\u1ec3 mang theo \u0111\u1ebfn v\u0103n ph\u00f2ng, \u0111i d\u00e3 ngo\u1ea1i hay du l\u1ecbch, d\u1ec5 d\u00e0ng pha ch\u1ebf \u1edf b\u1ea5t c\u1ee9 \u0111\u00e2u.<\/p>\n<p data-start=\"2703\" data-end=\"3093\"><img loading=\"lazy\" decoding=\"async\" class=\"aligncenter  wp-image-41962\" src=\"https:\/\/havamall.com\/wp-content\/uploads\/2025\/09\/japanese-royal-milk-tea-vs-milk-tea-a-unique-guide-featured-1200.jpg\" alt=\"\" width=\"800\" height=\"800\" srcset=\"https:\/\/havamall.com\/wp-content\/uploads\/2025\/09\/japanese-royal-milk-tea-vs-milk-tea-a-unique-guide-featured-1200.jpg 1200w, https:\/\/havamall.com\/wp-content\/uploads\/2025\/09\/japanese-royal-milk-tea-vs-milk-tea-a-unique-guide-featured-1200-300x300.jpg 300w, https:\/\/havamall.com\/wp-content\/uploads\/2025\/09\/japanese-royal-milk-tea-vs-milk-tea-a-unique-guide-featured-1200-150x150.jpg 150w, https:\/\/havamall.com\/wp-content\/uploads\/2025\/09\/japanese-royal-milk-tea-vs-milk-tea-a-unique-guide-featured-1200-12x12.jpg 12w, https:\/\/havamall.com\/wp-content\/uploads\/2025\/09\/japanese-royal-milk-tea-vs-milk-tea-a-unique-guide-featured-1200-600x600.jpg 600w\" sizes=\"(max-width: 800px) 100vw, 800px\" \/><\/p>\n<p data-start=\"3095\" data-end=\"3350\">Kh\u00f4ng ch\u1ec9 l\u00e0 m\u1ed9t th\u1ee9c u\u1ed1ng gi\u1ea3i kh\u00e1t,\u00a0<strong data-start=\"3133\" data-end=\"3151\">Royal Milk Tea<\/strong> c\u00f2n \u0111\u01b0\u1ee3c xem l\u00e0 th\u1ee9c u\u1ed1ng mang l\u1ea1i s\u1ef1 th\u01b0 gi\u00e3n tinh th\u1ea7n. H\u01b0\u01a1ng tr\u00e0 gi\u00fap xua tan m\u1ec7t m\u1ecfi, trong khi s\u1eefa b\u1ed5 sung n\u0103ng l\u01b0\u1ee3ng cho c\u01a1 th\u1ec3, th\u00edch h\u1ee3p \u0111\u1ec3 b\u1eaft \u0111\u1ea7u m\u1ed9t ng\u00e0y m\u1edbi ho\u1eb7c th\u01b0 gi\u00e3n v\u00e0o bu\u1ed5i t\u1ed1i. S\u1ea3n ph\u1ea9m hi\u1ec7n \u0111ang \u0111\u01b0\u1ee3c b\u00e1n tr\u1ef1c ti\u1ebfp t\u1ea1i c\u1eeda h\u00e0ng, cung nh\u01b0 tr\u00ean c\u00e1c k\u00eanh online c\u1ee7a Havamall.<\/p>","protected":false},"excerpt":{"rendered":"<p>TH\u00d4NG TIN S\u1ea2N PH\u1ea8M Th\u01b0\u01a1ng hi\u1ec7u AGF (Ajinomoto General Foods) Xu\u1ea5t x\u1ee9 Nh\u1eadt B\u1ea3n Th\u00e0nh ph\u1ea7n Xem tr\u00ean bao b\u00ec<\/p>","protected":false},"featured_media":41957,"comment_status":"open","ping_status":"closed","template":"","meta":[],"product_brand":[],"product_cat":[131,722,135],"product_tag":[],"class_list":{"0":"post-41956","1":"product","2":"type-product","3":"status-publish","4":"has-post-thumbnail","6":"product_cat-nguyen-lieu-lam-bep","7":"product_cat-nhap-khau-nhat-ban","8":"product_cat-sua-do-uong","10":"first","11":"instock","12":"sale","13":"shipping-taxable","14":"purchasable","15":"product-type-simple"},"_links":{"self":[{"href":"https:\/\/havamall.com\/en\/wp-json\/wp\/v2\/product\/41956","targetHints":{"allow":["GET"]}}],"collection":[{"href":"https:\/\/havamall.com\/en\/wp-json\/wp\/v2\/product"}],"about":[{"href":"https:\/\/havamall.com\/en\/wp-json\/wp\/v2\/types\/product"}],"replies":[{"embeddable":true,"href":"https:\/\/havamall.com\/en\/wp-json\/wp\/v2\/comments?post=41956"}],"version-history":[{"count":0,"href":"https:\/\/havamall.com\/en\/wp-json\/wp\/v2\/product\/41956\/revisions"}],"wp:featuredmedia":[{"embeddable":true,"href":"https:\/\/havamall.com\/en\/wp-json\/wp\/v2\/media\/41957"}],"wp:attachment":[{"href":"https:\/\/havamall.com\/en\/wp-json\/wp\/v2\/media?parent=41956"}],"wp:term":[{"taxonomy":"product_brand","embeddable":true,"href":"https:\/\/havamall.com\/en\/wp-json\/wp\/v2\/product_brand?post=41956"},{"taxonomy":"product_cat","embeddable":true,"href":"https:\/\/havamall.com\/en\/wp-json\/wp\/v2\/product_cat?post=41956"},{"taxonomy":"product_tag","embeddable":true,"href":"https:\/\/havamall.com\/en\/wp-json\/wp\/v2\/product_tag?post=41956"}],"curies":[{"name":"wp","href":"https:\/\/api.w.org\/{rel}","templated":true}]}}