{"id":41997,"date":"2025-09-11T17:16:47","date_gmt":"2025-09-11T10:16:47","guid":{"rendered":"https:\/\/havamall.com\/?post_type=product&#038;p=41997"},"modified":"2025-09-11T17:16:47","modified_gmt":"2025-09-11T10:16:47","slug":"keo-thao-moc-khong-duong-ricola-vi-bac-ha-alpin-fresh-40g-ricola-sugar-free-alpin-fresh-swiss-herb-candy-40g","status":"publish","type":"product","link":"https:\/\/havamall.com\/en\/shop\/keo-thao-moc-khong-duong-ricola-vi-bac-ha-alpin-fresh-40g-ricola-sugar-free-alpin-fresh-swiss-herb-candy-40g\/","title":{"rendered":"K\u1eb9o Th\u1ea3o M\u1ed9c Kh\u00f4ng \u0110\u01b0\u1eddng Ricola V\u1ecb B\u1ea1c H\u00e0 Alpin Fresh 40g \u2013 Ricola Sugar Free Alpin Fresh Swiss Herb Candy 40g"},"content":{"rendered":"<blockquote>\n<h3><em><strong>TH\u00d4NG TIN S\u1ea2N PH\u1ea8M<\/strong><\/em><\/h3>\n<\/blockquote>\n<table style=\"width: 88.2355%\">\n<tbody>\n<tr>\n<td style=\"width: 16.4154%\">Th\u01b0\u01a1ng hi\u1ec7u<\/td>\n<td style=\"width: 82.9146%\">Ricola<\/td>\n<\/tr>\n<tr>\n<td style=\"width: 16.4154%\">Xu\u1ea5t x\u1ee9<\/td>\n<td style=\"width: 82.9146%\">Th\u1ee5y S\u0129<\/td>\n<\/tr>\n<tr>\n<td style=\"width: 16.4154%\">Th\u00e0nh ph\u1ea7n<\/td>\n<td style=\"width: 82.9146%\">Chi\u1ebft xu\u1ea5t 13 lo\u1ea1i th\u1ea3o m\u1ed9c v\u00f9ng Alps (b\u1ea1c h\u00e0, x\u00f4 th\u01a1m, m\u00e3 \u0111\u1ec1, c\u01a1m ch\u00e1y, mallow, marshmallow, t\u00eda t\u00f4 \u0111\u1ea5t\u2026), ch\u1ea5t t\u1ea1o ng\u1ecdt t\u1ef1 nhi\u00ean, h\u01b0\u01a1ng b\u1ea1c h\u00e0.<\/td>\n<\/tr>\n<tr>\n<td style=\"width: 16.4154%\">H\u1ea1n s\u1eed d\u1ee5ng<\/td>\n<td style=\"width: 82.9146%\">Xem tr\u00ean bao b\u00ec<\/td>\n<\/tr>\n<tr>\n<td style=\"width: 16.4154%\">\u0110\u1eb7c \u0111i\u1ec3m n\u1ed5i b\u1eadt<\/td>\n<td style=\"width: 82.9146%\">Kh\u00f4ng \u0111\u01b0\u1eddng \u2013 H\u01a1i th\u1edf th\u01a1m m\u00e1t \u2013 L\u00e0m d\u1ecbu c\u1ed5 h\u1ecdng.<\/td>\n<\/tr>\n<tr>\n<td style=\"width: 16.4154%\">Kh\u1ed1i l\u01b0\u1ee3ng<\/td>\n<td style=\"width: 82.9146%\">H\u1ed9p 40g<\/td>\n<\/tr>\n<\/tbody>\n<\/table>\n<p data-start=\"339\" data-end=\"769\">Khi nh\u1eafc \u0111\u1ebfn <em><strong>Ricola<\/strong><\/em>, ng\u01b0\u1eddi ta nh\u1edb ngay \u0111\u1ebfn m\u1ed9t th\u01b0\u01a1ng hi\u1ec7u k\u1eb9o th\u1ea3o m\u1ed9c l\u00e2u \u0111\u1eddi \u0111\u1ebfn t\u1eeb Th\u1ee5y S\u0129, n\u1ed5i ti\u1ebfng v\u1edbi c\u00f4ng th\u1ee9c k\u1ebft h\u1ee3p 13 lo\u1ea1i th\u1ea3o m\u1ed9c v\u00f9ng Alps. T\u1eeb n\u0103m 1930 \u0111\u1ebfn nay, Ricola v\u1eabn duy tr\u00ec tri\u1ebft l\u00fd g\u1eafn b\u00f3 v\u1edbi thi\u00ean nhi\u00ean, mang \u0111\u1ebfn s\u1ea3n ph\u1ea9m v\u1eeba th\u01a1m ngon v\u1eeba t\u1ed1t cho s\u1ee9c kh\u1ecfe. D\u00f2ng\u00a0<strong data-start=\"627\" data-end=\"642\">Alpin Fresh<\/strong>\u00a0l\u00e0 m\u1ed9t trong nh\u1eefng phi\u00ean b\u1ea3n \u0111\u01b0\u1ee3c y\u00eau th\u00edch nh\u1edd s\u1ef1 t\u01b0\u01a1i m\u00e1t \u0111\u1eb7c tr\u01b0ng, mang l\u1ea1i c\u1ea3m gi\u00e1c s\u1ea3ng kho\u00e1i ngay khi ng\u1eadm v\u00e0o mi\u1ec7ng.<\/p>\n<p data-start=\"771\" data-end=\"1233\">\u0110i\u1ec3m kh\u00e1c bi\u1ec7t c\u1ee7a\u00a0<strong data-start=\"790\" data-end=\"812\">Ricola Alpin Fresh<\/strong>\u00a0n\u1eb1m \u1edf s\u1ef1 k\u1ebft h\u1ee3p h\u00e0i h\u00f2a gi\u1eefa<strong><em> th\u1ea3o m\u1ed9c truy\u1ec1n th\u1ed1ng v\u00e0 h\u01b0\u01a1ng b\u1ea1c h\u00e0 m\u00e1t l\u1ea1nh<\/em><\/strong>. Ngay khi vi\u00ean k\u1eb9o ch\u1ea1m v\u00e0o \u0111\u1ea7u l\u01b0\u1ee1i, v\u1ecb m\u00e1t lan t\u1ecfa nhanh ch\u00f3ng, gi\u00fap khoang mi\u1ec7ng tr\u1edf n\u00ean trong l\u00e0nh, h\u01a1i th\u1edf th\u01a1m tho v\u00e0 d\u1ec5 ch\u1ecbu. V\u1ecb <strong><em>ng\u1ecdt thanh v\u1eeba \u0111\u1ee7, kh\u00f4ng g\u00e2y g\u1eaft c\u1ed5 hay d\u01b0 v\u1ecb ng\u1ea5y<\/em><\/strong> nh\u01b0 k\u1eb9o ng\u1ecdt th\u00f4ng th\u01b0\u1eddng; \u0111\u1eb7c bi\u1ec7t, s\u1ea3n ph\u1ea9m ho\u00e0n to\u00e0n <em><strong data-start=\"1133\" data-end=\"1153\">kh\u00f4ng ch\u1ee9a \u0111\u01b0\u1eddng<\/strong><\/em>, th\u00edch h\u1ee3p cho ng\u01b0\u1eddi \u0103n ki\u00eang ho\u1eb7c nh\u1eefng ai quan t\u00e2m \u0111\u1ebfn s\u1ee9c kh\u1ecfe r\u0103ng mi\u1ec7ng.<\/p>\n<p data-start=\"771\" data-end=\"1233\"><img fetchpriority=\"high\" decoding=\"async\" class=\"aligncenter  wp-image-41999\" src=\"https:\/\/havamall.com\/wp-content\/uploads\/2025\/09\/jhgcx.jpg\" alt=\"\" width=\"800\" height=\"800\" srcset=\"https:\/\/havamall.com\/wp-content\/uploads\/2025\/09\/jhgcx.jpg 1440w, https:\/\/havamall.com\/wp-content\/uploads\/2025\/09\/jhgcx-300x300.jpg 300w, https:\/\/havamall.com\/wp-content\/uploads\/2025\/09\/jhgcx-150x150.jpg 150w, https:\/\/havamall.com\/wp-content\/uploads\/2025\/09\/jhgcx-12x12.jpg 12w, https:\/\/havamall.com\/wp-content\/uploads\/2025\/09\/jhgcx-600x600.jpg 600w, https:\/\/havamall.com\/wp-content\/uploads\/2025\/09\/jhgcx-1200x1200.jpg 1200w\" sizes=\"(max-width: 800px) 100vw, 800px\" \/><\/p>\n<p data-start=\"1235\" data-end=\"1709\">C\u00f4ng th\u1ee9c th\u1ea3o m\u1ed9c c\u1ee7a Ricola v\u1eabn gi\u1eef nguy\u00ean t\u1eeb th\u1ebf h\u1ec7 n\u00e0y sang th\u1ebf h\u1ec7 kh\u00e1c, c\u00e1c lo\u1ea1i c\u00e2y nh\u01b0 <strong><em>b\u1ea1c h\u00e0, x\u00f4 th\u01a1m, m\u00e3 \u0111\u1ec1, c\u00fac d\u1ea1i, c\u01a1m ch\u00e1y, mallow, marshmallow, v\u00e0 nhi\u1ec1u lo\u1ea1i th\u1ea3o m\u1ed9c kh\u00e1c<\/em><\/strong> \u0111\u01b0\u1ee3c gieo tr\u1ed3ng \u1edf v\u00f9ng n\u00fai cao, kh\u00ed h\u1eadu trong l\u00e0nh v\u00e0 \u0111\u1ea5t \u0111ai gi\u00e0u dinh d\u01b0\u1ee1ng, t\u1ea5t c\u1ea3 \u0111\u1ec1u \u0111\u01b0\u1ee3c ch\u0103m s\u00f3c b\u1eb1ng ph\u01b0\u01a1ng ph\u00e1p canh t\u00e1c t\u1ef1 nhi\u00ean, kh\u00f4ng thu\u1ed1c tr\u1eeb s\u00e2u, kh\u00f4ng ph\u00e2n h\u00f3a h\u1ecdc. \u0110i\u1ec1u n\u00e0y kh\u00f4ng ch\u1ec9 gi\u1eef nguy\u00ean h\u01b0\u01a1ng v\u1ecb thu\u1ea7n khi\u1ebft m\u00e0 c\u00f2n \u0111\u1ea3m b\u1ea3o ngu\u1ed3n nguy\u00ean li\u1ec7u an to\u00e0n cho s\u1ee9c kh\u1ecfe.<\/p>\n<p data-start=\"1235\" data-end=\"1709\"><img decoding=\"async\" class=\"aligncenter  wp-image-42002\" src=\"https:\/\/havamall.com\/wp-content\/uploads\/2025\/09\/b.jpg\" alt=\"\" width=\"801\" height=\"604\" srcset=\"https:\/\/havamall.com\/wp-content\/uploads\/2025\/09\/b.jpg 1265w, https:\/\/havamall.com\/wp-content\/uploads\/2025\/09\/b-300x226.jpg 300w, https:\/\/havamall.com\/wp-content\/uploads\/2025\/09\/b-16x12.jpg 16w, https:\/\/havamall.com\/wp-content\/uploads\/2025\/09\/b-600x452.jpg 600w, https:\/\/havamall.com\/wp-content\/uploads\/2025\/09\/b-1200x905.jpg 1200w, https:\/\/havamall.com\/wp-content\/uploads\/2025\/09\/b-150x113.jpg 150w\" sizes=\"(max-width: 801px) 100vw, 801px\" \/><\/p>\n<p data-start=\"1711\" data-end=\"2131\">Quy tr\u00ecnh s\u1ea3n xu\u1ea5t Ricola tu\u00e2n th\u1ee7 ti\u00eau chu\u1ea9n kh\u1eaft khe c\u1ee7a Th\u1ee5y S\u0129. T\u1eeb kh\u00e2u thu ho\u1ea1ch th\u1ea3o m\u1ed9c \u0111\u1ebfn chi\u1ebft xu\u1ea5t, ph\u1ed1i tr\u1ed9n v\u00e0 n\u1ea5u k\u1eb9o \u0111\u1ec1u \u0111\u01b0\u1ee3c ki\u1ec3m so\u00e1t ch\u1eb7t ch\u1ebd. C\u00f4ng th\u1ee9c \u0111\u01b0\u1ee3c gia \u0111\u00ecnh s\u00e1ng l\u1eadp Richterich ph\u00e1t tri\u1ec3n t\u1eeb n\u0103m 1940, \u0111\u1ebfn nay v\u1eabn l\u00e0 b\u00ed quy\u1ebft ri\u00eang m\u00e0 \u00edt th\u01b0\u01a1ng hi\u1ec7u n\u00e0o c\u00f3 th\u1ec3 sao ch\u00e9p. Nh\u1edd \u0111\u00f3, m\u1ed7i vi\u00ean k\u1eb9o Ricola Alpin Fresh \u0111\u1ec1u mang h\u01b0\u01a1ng v\u1ecb \u1ed5n \u0111\u1ecbnh, c\u00e2n b\u1eb1ng gi\u1eefa t\u00ednh th\u1ea3o m\u1ed9c v\u00e0 s\u1ef1 t\u01b0\u01a1i m\u00e1t \u0111\u1eb7c tr\u01b0ng.<\/p>\n<p data-start=\"1711\" data-end=\"2131\"><img decoding=\"async\" class=\"aligncenter size-full wp-image-42000\" src=\"https:\/\/havamall.com\/wp-content\/uploads\/2025\/09\/alll.png\" alt=\"\" width=\"800\" height=\"800\" srcset=\"https:\/\/havamall.com\/wp-content\/uploads\/2025\/09\/alll.png 800w, https:\/\/havamall.com\/wp-content\/uploads\/2025\/09\/alll-300x300.png 300w, https:\/\/havamall.com\/wp-content\/uploads\/2025\/09\/alll-150x150.png 150w, https:\/\/havamall.com\/wp-content\/uploads\/2025\/09\/alll-12x12.png 12w, https:\/\/havamall.com\/wp-content\/uploads\/2025\/09\/alll-600x600.png 600w\" sizes=\"(max-width: 800px) 100vw, 800px\" \/><\/p>\n<p data-start=\"2133\" data-end=\"2565\">V\u1ec1 tr\u1ea3i nghi\u1ec7m h\u01b0\u01a1ng v\u1ecb, d\u00f2ng\u00a0<strong data-start=\"2163\" data-end=\"2178\">Alpin Fresh<\/strong>\u00a0t\u1ea1o c\u1ea3m gi\u00e1c d\u1ec5 ch\u1ecbu h\u01a1n so v\u1edbi b\u1ea3n Original truy\u1ec1n th\u1ed1ng. N\u1ebfu Original mang n\u00e9t \u1ea5m \u00e1p, nh\u1eb9 nh\u00e0ng c\u1ee7a th\u1ea3o d\u01b0\u1ee3c c\u1ed5 \u0111i\u1ec3n, th\u00ec Alpin Fresh thi\u00ean v\u1ec1 s\u1ef1 m\u00e1t l\u1ea1nh, s\u1ea3ng kho\u00e1i, \u0111\u1eb7c bi\u1ec7t ph\u00f9 h\u1ee3p cho nh\u1eefng ng\u00e0y oi b\u1ee9c ho\u1eb7c khi c\u1ea7n l\u00e0m m\u1edbi h\u01a1i th\u1edf tr\u01b0\u1edbc khi g\u1eb7p g\u1ee1, giao ti\u1ebfp. Nhi\u1ec1u ng\u01b0\u1eddi y\u00eau th\u00edch d\u00f2ng n\u00e0y b\u1edfi c\u1ea3m gi\u00e1c \u201cfresh\u201d r\u00f5 r\u1ec7t, d\u1ec5 \u0103n h\u01a1n, k\u1ec3 c\u1ea3 v\u1edbi ng\u01b0\u1eddi m\u1edbi th\u1eed k\u1eb9o th\u1ea3o m\u1ed9c l\u1ea7n \u0111\u1ea7u.<\/p>\n<p data-start=\"2133\" data-end=\"2565\"><img loading=\"lazy\" decoding=\"async\" class=\"aligncenter size-full wp-image-42001\" src=\"https:\/\/havamall.com\/wp-content\/uploads\/2025\/09\/keo-thao-moc-ricola-alphin-fresh-40g-4.jpg\" alt=\"\" width=\"1080\" height=\"600\" srcset=\"https:\/\/havamall.com\/wp-content\/uploads\/2025\/09\/keo-thao-moc-ricola-alphin-fresh-40g-4.jpg 1080w, https:\/\/havamall.com\/wp-content\/uploads\/2025\/09\/keo-thao-moc-ricola-alphin-fresh-40g-4-300x167.jpg 300w, https:\/\/havamall.com\/wp-content\/uploads\/2025\/09\/keo-thao-moc-ricola-alphin-fresh-40g-4-18x10.jpg 18w, https:\/\/havamall.com\/wp-content\/uploads\/2025\/09\/keo-thao-moc-ricola-alphin-fresh-40g-4-600x333.jpg 600w, https:\/\/havamall.com\/wp-content\/uploads\/2025\/09\/keo-thao-moc-ricola-alphin-fresh-40g-4-150x83.jpg 150w\" sizes=\"(max-width: 1080px) 100vw, 1080px\" \/><\/p>\n<blockquote>\n<p data-start=\"2567\" data-end=\"2670\"><strong><em>Kh\u00f4ng ch\u1ec9 \u0111\u01a1n thu\u1ea7n l\u00e0 m\u1ed9t vi\u00ean k\u1eb9o ng\u1eadm, Ricola Alpin Fresh c\u00f2n mang l\u1ea1i nhi\u1ec1u l\u1ee3i \u00edch cho s\u1ee9c kh\u1ecfe:<\/em><\/strong><\/p>\n<\/blockquote>\n<p data-start=\"2673\" data-end=\"2750\"><strong data-start=\"2673\" data-end=\"2693\">\u2013 L\u00e0m d\u1ecbu c\u1ed5 h\u1ecdng:<\/strong>\u00a0H\u1ed7n h\u1ee3p th\u1ea3o m\u1ed9c gi\u00fap gi\u1ea3m c\u1ea3m gi\u00e1c kh\u00f4 r\u00e1t, kh\u00f3 ch\u1ecbu.<\/p>\n<p data-start=\"2753\" data-end=\"2832\"><strong data-start=\"2753\" data-end=\"2773\">\u2013 L\u00e0m m\u00e1t h\u01a1i th\u1edf:<\/strong>\u00a0V\u1ecb b\u1ea1c h\u00e0 k\u1ebft h\u1ee3p th\u1ea3o m\u1ed9c gi\u1eef h\u01a1i th\u1edf th\u01a1m m\u00e1t l\u00e2u h\u01a1n.<\/p>\n<p data-start=\"2835\" data-end=\"2923\"><strong data-start=\"2835\" data-end=\"2857\">\u2013 Th\u01b0 gi\u00e3n t\u1ef1 nhi\u00ean:<\/strong>\u00a0C\u1ea3m gi\u00e1c m\u00e1t l\u1ea1nh v\u00e0 m\u00f9i th\u01a1m th\u1ea3o m\u1ed9c gi\u00fap tinh th\u1ea7n t\u1ec9nh t\u00e1o.<\/p>\n<p data-start=\"2926\" data-end=\"3058\"><strong data-start=\"2926\" data-end=\"2959\">\u2013 Th\u00edch h\u1ee3p cho ng\u01b0\u1eddi \u0103n ki\u00eang:<\/strong>\u00a0Kh\u00f4ng \u0111\u01b0\u1eddng, d\u00f9ng ch\u1ea5t t\u1ea1o ng\u1ecdt t\u1ef1 nhi\u00ean, kh\u00f4ng lo \u1ea3nh h\u01b0\u1edfng \u0111\u1ebfn r\u0103ng hay l\u01b0\u1ee3ng \u0111\u01b0\u1eddng trong m\u00e1u.<\/p>\n<p data-start=\"3410\" data-end=\"3784\">C\u00f3 th\u1ec3 n\u00f3i, Ricola Alpin Fresh l\u00e0 m\u1ed9t s\u1ef1 k\u1ebft h\u1ee3p c\u00e2n b\u1eb1ng gi\u1eefa h\u01b0\u01a1ng v\u1ecb v\u00e0 c\u00f4ng d\u1ee5ng. N\u00f3 kh\u00f4ng qu\u00e1 m\u1ea1nh m\u1ebd nh\u01b0 k\u1eb9o b\u1ea1c h\u00e0 cay, nh\u01b0ng c\u0169ng kh\u00f4ng qu\u00e1 nh\u1eb9 nh\u00e0ng nh\u01b0 k\u1eb9o ng\u1ecdt th\u00f4ng th\u01b0\u1eddng. Thay v\u00e0o \u0111\u00f3, s\u1ea3n ph\u1ea9m t\u1ea1o n\u00ean s\u1ef1 d\u1ec5 ch\u1ecbu v\u1eeba \u0111\u1ee7, ph\u00f9 h\u1ee3p v\u1edbi nhi\u1ec1u \u0111\u1ed1i t\u01b0\u1ee3ng ng\u01b0\u1eddi d\u00f9ng, t\u1eeb gi\u1edbi v\u0103n ph\u00f2ng, gi\u00e1o vi\u00ean, ca s\u0129, cho \u0111\u1ebfn nh\u1eefng ai ch\u1ec9 \u0111\u01a1n gi\u1ea3n mu\u1ed1n c\u00f3 m\u1ed9t h\u01a1i th\u1edf trong l\u00e0nh. S\u1ea3n ph\u1ea9m hi\u1ec7n \u0111ang \u0111\u01b0\u1ee3c b\u00e1n tr\u1ef1c ti\u1ebfp t\u1ea1i c\u1eeda h\u00e0ng, cung nh\u01b0 tr\u00ean c\u00e1c k\u00eanh online c\u1ee7a Havamall.<\/p>","protected":false},"excerpt":{"rendered":"<p>TH\u00d4NG TIN S\u1ea2N PH\u1ea8M Th\u01b0\u01a1ng hi\u1ec7u Ricola Xu\u1ea5t x\u1ee9 Th\u1ee5y S\u0129 Th\u00e0nh ph\u1ea7n Chi\u1ebft xu\u1ea5t 13 lo\u1ea1i th\u1ea3o m\u1ed9c v\u00f9ng<\/p>","protected":false},"featured_media":41998,"comment_status":"open","ping_status":"closed","template":"","meta":[],"product_brand":[],"product_cat":[133,730],"product_tag":[],"class_list":{"0":"post-41997","1":"product","2":"type-product","3":"status-publish","4":"has-post-thumbnail","6":"product_cat-banh-keo-chocolate","7":"product_cat-cac-nuoc-khac","9":"first","10":"instock","11":"sale","12":"shipping-taxable","13":"purchasable","14":"product-type-simple"},"_links":{"self":[{"href":"https:\/\/havamall.com\/en\/wp-json\/wp\/v2\/product\/41997","targetHints":{"allow":["GET"]}}],"collection":[{"href":"https:\/\/havamall.com\/en\/wp-json\/wp\/v2\/product"}],"about":[{"href":"https:\/\/havamall.com\/en\/wp-json\/wp\/v2\/types\/product"}],"replies":[{"embeddable":true,"href":"https:\/\/havamall.com\/en\/wp-json\/wp\/v2\/comments?post=41997"}],"version-history":[{"count":0,"href":"https:\/\/havamall.com\/en\/wp-json\/wp\/v2\/product\/41997\/revisions"}],"wp:featuredmedia":[{"embeddable":true,"href":"https:\/\/havamall.com\/en\/wp-json\/wp\/v2\/media\/41998"}],"wp:attachment":[{"href":"https:\/\/havamall.com\/en\/wp-json\/wp\/v2\/media?parent=41997"}],"wp:term":[{"taxonomy":"product_brand","embeddable":true,"href":"https:\/\/havamall.com\/en\/wp-json\/wp\/v2\/product_brand?post=41997"},{"taxonomy":"product_cat","embeddable":true,"href":"https:\/\/havamall.com\/en\/wp-json\/wp\/v2\/product_cat?post=41997"},{"taxonomy":"product_tag","embeddable":true,"href":"https:\/\/havamall.com\/en\/wp-json\/wp\/v2\/product_tag?post=41997"}],"curies":[{"name":"wp","href":"https:\/\/api.w.org\/{rel}","templated":true}]}}