{"id":42015,"date":"2025-09-12T15:05:54","date_gmt":"2025-09-12T08:05:54","guid":{"rendered":"https:\/\/havamall.com\/?post_type=product&#038;p=42015"},"modified":"2025-09-12T15:05:54","modified_gmt":"2025-09-12T08:05:54","slug":"keo-thao-moc-khong-duong-ricola-vi-chanh-bac-ha-40g-ricola-lemonmint-swiss-herb-candy-sugar-free-40g","status":"publish","type":"product","link":"https:\/\/havamall.com\/en\/shop\/keo-thao-moc-khong-duong-ricola-vi-chanh-bac-ha-40g-ricola-lemonmint-swiss-herb-candy-sugar-free-40g\/","title":{"rendered":"K\u1eb9o Th\u1ea3o M\u1ed9c Kh\u00f4ng \u0110\u01b0\u1eddng Ricola V\u1ecb Chanh B\u1ea1c H\u00e0 40g \u2013 Ricola LemonMint Swiss Herb Candy Sugar Free 40g"},"content":{"rendered":"<blockquote>\n<h3><em><strong>TH\u00d4NG TIN S\u1ea2N PH\u1ea8M<\/strong><\/em><\/h3>\n<\/blockquote>\n<table>\n<tbody>\n<tr>\n<td>Th\u01b0\u01a1ng hi\u1ec7u<\/td>\n<td>Ricola<\/td>\n<\/tr>\n<tr>\n<td>Xu\u1ea5t x\u1ee9<\/td>\n<td>Th\u1ee5y S\u0129<\/td>\n<\/tr>\n<tr>\n<td>Th\u00e0nh ph\u1ea7n<\/td>\n<td>Chi\u1ebft xu\u1ea5t 13 lo\u1ea1i th\u1ea3o m\u1ed9c v\u00f9ng Alps (b\u1ea1c h\u00e0, x\u00f4 th\u01a1m, c\u00fac, c\u00e2y c\u01a1m ch\u00e1y, m\u00e3 \u0111\u1ec1, t\u00eda t\u00f4 \u0111\u1ea5t, c\u1ecf thi, c\u00e2y mallow\u2026), ch\u1ea5t t\u1ea1o ng\u1ecdt t\u1ef1 nhi\u00ean, h\u01b0\u01a1ng li\u1ec7u t\u1ef1 nhi\u00ean.<\/td>\n<\/tr>\n<tr>\n<td>H\u1ea1n s\u1eed d\u1ee5ng<\/td>\n<td>Xem tr\u00ean bao b\u00ec<\/td>\n<\/tr>\n<tr>\n<td>\u0110\u1eb7c \u0111i\u1ec3m n\u1ed5i b\u1eadt<\/td>\n<td>Kh\u00f4ng \u0111\u01b0\u1eddng \u2013 h\u01b0\u01a1ng v\u1ecb thanh m\u00e1t \u2013 t\u1ed1t cho gi\u1ecdng v\u00e0 h\u01a1i th\u1edf.<\/td>\n<\/tr>\n<tr>\n<td>Kh\u1ed1i l\u01b0\u1ee3ng<\/td>\n<td>H\u1ed9p 40g<\/td>\n<\/tr>\n<\/tbody>\n<\/table>\n<p data-start=\"174\" data-end=\"788\"><em><strong>Ricola<\/strong> <\/em>\u2013 th\u01b0\u01a1ng hi\u1ec7u k\u1eb9o th\u1ea3o m\u1ed9c \u0111\u1ebfn t\u1eeb Th\u1ee5y S\u0129 \u2013 t\u1eeb l\u00e2u \u0111\u00e3 n\u1ed5i ti\u1ebfng tr\u00ean to\u00e0n c\u1ea7u nh\u1edd s\u1ef1 k\u1ebft h\u1ee3p \u0111\u1ed9c \u0111\u00e1o gi\u1eefa thi\u00ean nhi\u00ean v\u00f9ng n\u00fai Alps v\u00e0 c\u00f4ng ngh\u1ec7 s\u1ea3n xu\u1ea5t hi\u1ec7n \u0111\u1ea1i. M\u1ed7i s\u1ea3n ph\u1ea9m c\u1ee7a Ricola kh\u00f4ng ch\u1ec9 \u0111\u01a1n thu\u1ea7n l\u00e0 m\u1ed9t vi\u00ean k\u1eb9o ng\u1eadm m\u00e0 c\u00f2n mang trong m\u00ecnh tinh hoa t\u1eeb c\u00e1c lo\u1ea1i th\u1ea3o m\u1ed9c qu\u00fd, \u0111\u01b0\u1ee3c tr\u1ed3ng v\u00e0 thu ho\u1ea1ch theo quy chu\u1ea9n kh\u1eaft khe nh\u1eb1m gi\u1eef tr\u1ecdn v\u1eb9n h\u01b0\u01a1ng v\u1ecb t\u1ef1 nhi\u00ean c\u0169ng nh\u01b0 c\u00f4ng d\u1ee5ng ch\u0103m s\u00f3c s\u1ee9c kh\u1ecfe. Trong s\u1ed1 nhi\u1ec1u l\u1ef1a ch\u1ecdn,\u00a0<strong data-start=\"615\" data-end=\"635\">Ricola LemonMint<\/strong>\u00a0(chanh b\u1ea1c h\u00e0) l\u00e0 m\u1ed9t trong nh\u1eefng v\u1ecb \u0111\u01b0\u1ee3c \u01b0a chu\u1ed9ng nh\u1ea5t, b\u1edfi s\u1ef1 c\u00e2n b\u1eb1ng tinh t\u1ebf gi\u1eefa v\u1ecb chua nh\u1eb9 t\u01b0\u01a1i m\u00e1t c\u1ee7a chanh v\u00e0 s\u1ef1 the m\u00e1t \u0111\u1eb7c tr\u01b0ng t\u1eeb b\u1ea1c h\u00e0.<\/p>\n<p data-start=\"174\" data-end=\"788\"><img fetchpriority=\"high\" decoding=\"async\" class=\"aligncenter  wp-image-42016\" src=\"https:\/\/havamall.com\/wp-content\/uploads\/2025\/09\/487779718_18497068474003676_6649646923223549363_n.jpg\" alt=\"\" width=\"800\" height=\"800\" srcset=\"https:\/\/havamall.com\/wp-content\/uploads\/2025\/09\/487779718_18497068474003676_6649646923223549363_n.jpg 1080w, https:\/\/havamall.com\/wp-content\/uploads\/2025\/09\/487779718_18497068474003676_6649646923223549363_n-300x300.jpg 300w, https:\/\/havamall.com\/wp-content\/uploads\/2025\/09\/487779718_18497068474003676_6649646923223549363_n-150x150.jpg 150w, https:\/\/havamall.com\/wp-content\/uploads\/2025\/09\/487779718_18497068474003676_6649646923223549363_n-12x12.jpg 12w, https:\/\/havamall.com\/wp-content\/uploads\/2025\/09\/487779718_18497068474003676_6649646923223549363_n-600x600.jpg 600w\" sizes=\"(max-width: 800px) 100vw, 800px\" \/><\/p>\n<p data-start=\"790\" data-end=\"1325\">\u0110i\u1ec3m \u0111\u1eb7c bi\u1ec7t l\u00e0m n\u00ean s\u1ef1 kh\u00e1c bi\u1ec7t c\u1ee7a Ricola LemonMint ch\u00ednh l\u00e0 c\u00f4ng th\u1ee9c pha tr\u1ed9n \u0111\u1ed9c quy\u1ec1n. Ngo\u00e0i tinh ch\u1ea5t chanh v\u00e0 b\u1ea1c h\u00e0, vi\u00ean k\u1eb9o c\u00f2n \u0111\u01b0\u1ee3c b\u1ed5 sung s\u1ef1 h\u00f2a quy\u1ec7n t\u1eeb\u00a0<strong data-start=\"960\" data-end=\"990\">13 lo\u1ea1i th\u1ea3o m\u1ed9c v\u00f9ng Alps<\/strong>\u00a0nh\u01b0 x\u00f4 th\u01a1m, c\u00fac d\u1ea1i, marshmallow, mallow hay yarrow. T\u1ea5t c\u1ea3 t\u1ea1o n\u00ean n\u1ec1n h\u01b0\u01a1ng v\u1ecb h\u00e0i h\u00f2a, kh\u00f4ng qu\u00e1 g\u1eaft, kh\u00f4ng qu\u00e1 ng\u1ecdt, m\u00e0 v\u1eeba \u0111\u1ee7 d\u1ec5 ch\u1ecbu \u0111\u1ec3 th\u01b0\u1edfng th\u1ee9c m\u1ed7i ng\u00e0y. C\u00e1i hay c\u1ee7a v\u1ecb chanh b\u1ea1c h\u00e0 l\u00e0 mang l\u1ea1i c\u1ea3m gi\u00e1c s\u1ea3ng kho\u00e1i t\u1ee9c th\u00ec, gi\u00fap l\u00e0m d\u1ecbu c\u1ed5 h\u1ecdng kh\u00f4 r\u00e1t v\u00e0 kh\u01a1i d\u1eady s\u1ef1 t\u1ec9nh t\u00e1o sau nh\u1eefng gi\u1edd l\u00e0m vi\u1ec7c ho\u1eb7c h\u1ecdc t\u1eadp c\u0103ng th\u1eb3ng.<\/p>\n<p data-start=\"790\" data-end=\"1325\"><img decoding=\"async\" class=\"aligncenter  wp-image-42017\" src=\"https:\/\/havamall.com\/wp-content\/uploads\/2025\/09\/z6999527738105_e024f5972557965dfc0b3e74520b1f1a.jpg\" alt=\"\" width=\"800\" height=\"668\" srcset=\"https:\/\/havamall.com\/wp-content\/uploads\/2025\/09\/z6999527738105_e024f5972557965dfc0b3e74520b1f1a.jpg 1141w, https:\/\/havamall.com\/wp-content\/uploads\/2025\/09\/z6999527738105_e024f5972557965dfc0b3e74520b1f1a-300x251.jpg 300w, https:\/\/havamall.com\/wp-content\/uploads\/2025\/09\/z6999527738105_e024f5972557965dfc0b3e74520b1f1a-14x12.jpg 14w, https:\/\/havamall.com\/wp-content\/uploads\/2025\/09\/z6999527738105_e024f5972557965dfc0b3e74520b1f1a-600x501.jpg 600w, https:\/\/havamall.com\/wp-content\/uploads\/2025\/09\/z6999527738105_e024f5972557965dfc0b3e74520b1f1a-150x125.jpg 150w\" sizes=\"(max-width: 800px) 100vw, 800px\" \/><\/p>\n<p data-start=\"1327\" data-end=\"1863\">N\u1ebfu nh\u01b0 m\u1ed9t s\u1ed1 lo\u1ea1i k\u1eb9o ng\u1eadm kh\u00e1c c\u00f3 th\u1ec3 g\u00e2y ng\u1ecdt g\u1eaft ho\u1eb7c \u0111\u1ec3 l\u1ea1i d\u01b0 v\u1ecb kh\u00f3 ch\u1ecbu, th\u00ec Ricola LemonMint l\u1ea1i \u0111em \u0111\u1ebfn tr\u1ea3i nghi\u1ec7m ng\u01b0\u1ee3c l\u1ea1i: ng\u1ecdt thanh nh\u1edd th\u00e0nh ph\u1ea7n\u00a0<strong data-start=\"1491\" data-end=\"1506\">kh\u00f4ng \u0111\u01b0\u1eddng<\/strong>, d\u1ec5 tan trong mi\u1ec7ng v\u00e0 c\u00f3 h\u1eadu v\u1ecb d\u1ecbu m\u00e1t t\u1ef1 nhi\u00ean. Ch\u00ednh v\u00ec v\u1eady, s\u1ea3n ph\u1ea9m kh\u00f4ng ch\u1ec9 ph\u00f9 h\u1ee3p v\u1edbi ng\u01b0\u1eddi l\u1edbn m\u00e0 c\u00f2n an to\u00e0n cho tr\u1ebb em (tr\u00ean 6 tu\u1ed5i), ng\u01b0\u1eddi \u0103n ki\u00eang ho\u1eb7c nh\u1eefng ai \u0111ang quan t\u00e2m \u0111\u1ebfn s\u1ee9c kh\u1ecfe r\u0103ng mi\u1ec7ng. Ngo\u00e0i ra, vi\u1ec7c lo\u1ea1i b\u1ecf \u0111\u01b0\u1eddng trong c\u00f4ng th\u1ee9c c\u00f2n gi\u00fap h\u1ea1n ch\u1ebf nguy c\u01a1 s\u00e2u r\u0103ng v\u00e0 mang l\u1ea1i s\u1ef1 an t\u00e2m cho ng\u01b0\u1eddi d\u00f9ng khi s\u1eed d\u1ee5ng th\u01b0\u1eddng xuy\u00ean.<\/p>\n<p data-start=\"1327\" data-end=\"1863\"><img decoding=\"async\" class=\"aligncenter\" src=\"https:\/\/scontent.fsgn19-1.fna.fbcdn.net\/v\/t39.30808-6\/493954185_1156641486504125_322494782655242751_n.jpg?_nc_cat=103&amp;ccb=1-7&amp;_nc_sid=127cfc&amp;_nc_ohc=ZEDBZZnxw8oQ7kNvwHF7i7W&amp;_nc_oc=Adm0LJk96nzJs5Pb08OrKGTdgxBWu-7YhHwsLsJ7Macmqsvj1R6VRi5YD4Mc30Ndj9zMJEngp0GolgylsRXzjwah&amp;_nc_zt=23&amp;_nc_ht=scontent.fsgn19-1.fna&amp;_nc_gid=_lvavMYHj0HW0PRMp8Ly5A&amp;oh=00_AfbQzHR9ECFQ9oflnuCcBNIIY7iIUnBsYREVGkMh8fJYWA&amp;oe=68C9B2A4\" width=\"800\" height=\"800\" \/><\/p>\n<p data-start=\"1865\" data-end=\"2452\">Kh\u00f4ng ch\u1ec9 d\u1eebng l\u1ea1i \u1edf h\u01b0\u01a1ng v\u1ecb d\u1ec5 ch\u1ecbu, Ricola LemonMint c\u00f2n c\u00f3 nhi\u1ec1u c\u00f4ng d\u1ee5ng thi\u1ebft th\u1ef1c. Tr\u01b0\u1edbc h\u1ebft, vi\u00ean k\u1eb9o h\u1ed7 tr\u1ee3 l\u00e0m d\u1ecbu c\u01a1n ho nh\u1eb9, gi\u1ea3m c\u1ea3m gi\u00e1c ng\u1ee9a r\u00e1t c\u1ed5 h\u1ecdng nh\u1edd s\u1ef1 k\u1ebft h\u1ee3p c\u1ee7a b\u1ea1c h\u00e0 m\u00e1t l\u1ea1nh v\u00e0 c\u00e1c lo\u1ea1i th\u1ea3o m\u1ed9c kh\u00e1ng khu\u1ea9n t\u1ef1 nhi\u00ean. \u0110\u1ed3ng th\u1eddi, tinh ch\u1ea5t chanh v\u1edbi l\u01b0\u1ee3ng vitamin C t\u1ef1 nhi\u00ean c\u0169ng g\u00f3p ph\u1ea7n t\u0103ng c\u01b0\u1eddng s\u1ee9c \u0111\u1ec1 kh\u00e1ng, \u0111\u1eb7c bi\u1ec7t h\u1eefu \u00edch trong nh\u1eefng th\u1eddi \u0111i\u1ec3m giao m\u00f9a ho\u1eb7c khi th\u1eddi ti\u1ebft thay \u0111\u1ed5i. V\u1edbi nh\u1eefng ai th\u01b0\u1eddng xuy\u00ean ph\u1ea3i n\u00f3i nhi\u1ec1u, l\u00e0m vi\u1ec7c trong m\u00f4i tr\u01b0\u1eddng \u0111i\u1ec1u h\u00f2a ho\u1eb7c kh\u00f4ng kh\u00ed kh\u00f4, vi\u00ean k\u1eb9o c\u00f2n gi\u00fap gi\u1eef \u1ea9m ni\u00eam m\u1ea1c c\u1ed5 h\u1ecdng, mang l\u1ea1i s\u1ef1 d\u1ec5 ch\u1ecbu k\u00e9o d\u00e0i.<\/p>\n<p data-start=\"1865\" data-end=\"2452\"><img loading=\"lazy\" decoding=\"async\" class=\"aligncenter size-full wp-image-42018\" src=\"https:\/\/havamall.com\/wp-content\/uploads\/2025\/09\/leee.png\" alt=\"\" width=\"800\" height=\"800\" srcset=\"https:\/\/havamall.com\/wp-content\/uploads\/2025\/09\/leee.png 800w, https:\/\/havamall.com\/wp-content\/uploads\/2025\/09\/leee-300x300.png 300w, https:\/\/havamall.com\/wp-content\/uploads\/2025\/09\/leee-150x150.png 150w, https:\/\/havamall.com\/wp-content\/uploads\/2025\/09\/leee-12x12.png 12w, https:\/\/havamall.com\/wp-content\/uploads\/2025\/09\/leee-600x600.png 600w\" sizes=\"(max-width: 800px) 100vw, 800px\" \/><\/p>\n<p data-start=\"3403\" data-end=\"3741\"><strong data-start=\"3412\" data-end=\"3432\">Ricola LemonMint<\/strong> kh\u00f4ng ch\u1ec9 l\u00e0 m\u1ed9t vi\u00ean k\u1eb9o ng\u1eadm gi\u00fap l\u00e0m d\u1ecbu c\u1ed5 h\u1ecdng \u0111\u01a1n thu\u1ea7n, m\u00e0 c\u00f2n l\u00e0 s\u1ef1 k\u1ebft h\u1ee3p ho\u00e0n h\u1ea3o gi\u1eefa h\u01b0\u01a1ng v\u1ecb chanh t\u01b0\u01a1i s\u00e1ng, b\u1ea1c h\u00e0 m\u00e1t l\u00e0nh v\u00e0 th\u1ea3o m\u1ed9c truy\u1ec1n th\u1ed1ng c\u1ee7a Th\u1ee5y S\u0129, l\u00e0 l\u1ef1a ch\u1ecdn l\u00fd t\u01b0\u1edfng cho nh\u1eefng ai mu\u1ed1n v\u1eeba ch\u0103m s\u00f3c s\u1ee9c kh\u1ecfe, v\u1eeba th\u01b0\u1edfng th\u1ee9c s\u1ef1 th\u01b0 gi\u00e3n nh\u1eb9 nh\u00e0ng trong cu\u1ed9c s\u1ed1ng h\u00e0ng ng\u00e0y. S\u1ea3n ph\u1ea9m hi\u1ec7n \u0111ang \u0111\u01b0\u1ee3c b\u00e1n tr\u1ef1c ti\u1ebfp t\u1ea1i c\u1eeda h\u00e0ng, cung nh\u01b0 tr\u00ean c\u00e1c k\u00eanh online c\u1ee7a Havamall.<\/p>","protected":false},"excerpt":{"rendered":"<p>TH\u00d4NG TIN S\u1ea2N PH\u1ea8M Th\u01b0\u01a1ng hi\u1ec7u Ricola Xu\u1ea5t x\u1ee9 Th\u1ee5y S\u0129 Th\u00e0nh ph\u1ea7n Chi\u1ebft xu\u1ea5t 13 lo\u1ea1i th\u1ea3o m\u1ed9c v\u00f9ng<\/p>","protected":false},"featured_media":42019,"comment_status":"open","ping_status":"closed","template":"","meta":[],"product_brand":[],"product_cat":[133,730],"product_tag":[],"class_list":{"0":"post-42015","1":"product","2":"type-product","3":"status-publish","4":"has-post-thumbnail","6":"product_cat-banh-keo-chocolate","7":"product_cat-cac-nuoc-khac","9":"first","10":"instock","11":"sale","12":"shipping-taxable","13":"purchasable","14":"product-type-simple"},"_links":{"self":[{"href":"https:\/\/havamall.com\/en\/wp-json\/wp\/v2\/product\/42015","targetHints":{"allow":["GET"]}}],"collection":[{"href":"https:\/\/havamall.com\/en\/wp-json\/wp\/v2\/product"}],"about":[{"href":"https:\/\/havamall.com\/en\/wp-json\/wp\/v2\/types\/product"}],"replies":[{"embeddable":true,"href":"https:\/\/havamall.com\/en\/wp-json\/wp\/v2\/comments?post=42015"}],"version-history":[{"count":0,"href":"https:\/\/havamall.com\/en\/wp-json\/wp\/v2\/product\/42015\/revisions"}],"wp:featuredmedia":[{"embeddable":true,"href":"https:\/\/havamall.com\/en\/wp-json\/wp\/v2\/media\/42019"}],"wp:attachment":[{"href":"https:\/\/havamall.com\/en\/wp-json\/wp\/v2\/media?parent=42015"}],"wp:term":[{"taxonomy":"product_brand","embeddable":true,"href":"https:\/\/havamall.com\/en\/wp-json\/wp\/v2\/product_brand?post=42015"},{"taxonomy":"product_cat","embeddable":true,"href":"https:\/\/havamall.com\/en\/wp-json\/wp\/v2\/product_cat?post=42015"},{"taxonomy":"product_tag","embeddable":true,"href":"https:\/\/havamall.com\/en\/wp-json\/wp\/v2\/product_tag?post=42015"}],"curies":[{"name":"wp","href":"https:\/\/api.w.org\/{rel}","templated":true}]}}