{"id":42098,"date":"2025-09-18T15:49:11","date_gmt":"2025-09-18T08:49:11","guid":{"rendered":"https:\/\/havamall.com\/?post_type=product&#038;p=42098"},"modified":"2025-09-18T15:49:11","modified_gmt":"2025-09-18T08:49:11","slug":"vien-giat-quan-ao-nhat-ban-bold-premium-blossom-tui-31-vien-bold-gel-ball-premium-blossom-laundry-capsules","status":"publish","type":"product","link":"https:\/\/havamall.com\/en\/shop\/vien-giat-quan-ao-nhat-ban-bold-premium-blossom-tui-31-vien-bold-gel-ball-premium-blossom-laundry-capsules\/","title":{"rendered":"Vi\u00ean Gi\u1eb7t Qu\u1ea7n \u00c1o Nh\u1eadt B\u1ea3n Bold Premium Blossom (T\u00fai 31 Vi\u00ean) \u2013 Bold Gel Ball Premium Blossom Laundry Capsules"},"content":{"rendered":"<blockquote>\n<h2><em><strong>TH\u00d4NG TIN CHUNG<\/strong><\/em><\/h2>\n<\/blockquote>\n<table width=\"1130\">\n<tbody>\n<tr>\n<td>Th\u01b0\u01a1ng hi\u1ec7u<\/td>\n<td>P&amp;G<\/td>\n<\/tr>\n<tr>\n<td>Xu\u1ea5t x\u1ee9<\/td>\n<td>Nh\u1eadt B\u1ea3n<\/td>\n<\/tr>\n<tr>\n<td>Th\u00e0nh ph\u1ea7n<\/td>\n<td>Xem tr\u00ean bao b\u00ec<\/td>\n<\/tr>\n<tr>\n<td>H\u1ea1n s\u1eed d\u1ee5ng<\/td>\n<td>Xem tr\u00ean bao b\u00ec<\/td>\n<\/tr>\n<tr>\n<td>B\u1ea3o qu\u1ea3n<\/td>\n<td>B\u1ea3o qu\u1ea3n n\u01a1i kh\u00f4 r\u00e1o, tho\u00e1ng m\u00e1t<\/td>\n<\/tr>\n<tr>\n<td>Th\u1ec3 t\u00edch<\/td>\n<td>T\u00fai 31 vi\u00ean<\/td>\n<\/tr>\n<\/tbody>\n<\/table>\n<p data-start=\"263\" data-end=\"724\">Trong cu\u1ed9c s\u1ed1ng hi\u1ec7n \u0111\u1ea1i, khi qu\u1ef9 th\u1eddi gian d\u00e0nh cho vi\u1ec7c gi\u1eb7t gi\u0169 ng\u00e0y c\u00e0ng eo h\u1eb9p, th\u00ec vi\u1ec7c ch\u1ecdn lo\u1ea1i n\u01b0\u1edbc gi\u1eb7t\/vi\u00ean gi\u1eb7t v\u1eeba m\u1ea1nh m\u1ebd v\u1eeba ti\u1ec7n d\u1ee5ng tr\u1edf n\u00ean r\u1ea5t quan tr\u1ecdng. Kh\u00f4ng ch\u1ec9 \u0111\u1ec3 qu\u1ea7n \u00e1o s\u1ea1ch, m\u00e0 c\u00f2n \u0111\u1ec3 gi\u1eef cho v\u1ea3i m\u1ec1m m\u1ea1i, th\u01a1m nh\u1eb9, gi\u1eef m\u00e0u t\u1ed1t qua nhi\u1ec1u l\u1ea7n gi\u1eb7t. Bold Gel Ball Premium Blossom t\u1eeb Nh\u1eadt mang \u0111\u1ebfn gi\u1ea3i ph\u00e1p \u201c4 trong 1\u201d ho\u00e0n ch\u1ec9nh, gi\u00fap qu\u1ea7n \u00e1o \u0111\u01b0\u1ee3c l\u00e0m s\u1ea1ch s\u00e2u, kh\u1eed m\u00f9i, gi\u1eef h\u01b0\u01a1ng th\u01a1m v\u00e0 m\u1ec1m m\u1ea1i, l\u00e0m cho b\u01b0\u1edbc gi\u1eb7t kh\u00f4ng c\u00f2n l\u00e0 n\u1ed7i lo.<\/p>\n<p data-start=\"263\" data-end=\"724\"><img fetchpriority=\"high\" decoding=\"async\" class=\"aligncenter  wp-image-42100\" src=\"https:\/\/havamall.com\/wp-content\/uploads\/2025\/09\/a6fb184eb45a49b9b92c6d468d499c9c_b67615567bcc4f4b99764be38645c751.jpg\" alt=\"\" width=\"800\" height=\"800\" srcset=\"https:\/\/havamall.com\/wp-content\/uploads\/2025\/09\/a6fb184eb45a49b9b92c6d468d499c9c_b67615567bcc4f4b99764be38645c751.jpg 600w, https:\/\/havamall.com\/wp-content\/uploads\/2025\/09\/a6fb184eb45a49b9b92c6d468d499c9c_b67615567bcc4f4b99764be38645c751-300x300.jpg 300w, https:\/\/havamall.com\/wp-content\/uploads\/2025\/09\/a6fb184eb45a49b9b92c6d468d499c9c_b67615567bcc4f4b99764be38645c751-150x150.jpg 150w, https:\/\/havamall.com\/wp-content\/uploads\/2025\/09\/a6fb184eb45a49b9b92c6d468d499c9c_b67615567bcc4f4b99764be38645c751-12x12.jpg 12w\" sizes=\"(max-width: 800px) 100vw, 800px\" \/><\/p>\n<p data-start=\"263\" data-end=\"724\"><strong><em>Th\u01b0\u01a1ng hi\u1ec7u Bold<\/em><\/strong> c\u1ee7a Nh\u1eadt B\u1ea3n v\u1ed1n n\u1ed5i ti\u1ebfng trong l\u0129nh v\u1ef1c ch\u0103m s\u00f3c qu\u1ea7n \u00e1o, \u0111\u01b0\u1ee3c nhi\u1ec1u gia \u0111\u00ecnh tin d\u00f9ng qua nhi\u1ec1u n\u0103m. V\u1edbi ph\u01b0\u01a1ng ch\u00e2m mang l\u1ea1i s\u1ef1 ti\u1ec7n l\u1ee3i t\u1ed1i \u0111a cho ng\u01b0\u1eddi s\u1eed d\u1ee5ng, Bold kh\u00f4ng ng\u1eebng c\u1ea3i ti\u1ebfn c\u00f4ng th\u1ee9c, \u0111\u01b0a ra nh\u1eefng d\u00f2ng vi\u00ean gi\u1eb7t hi\u1ec7n \u0111\u1ea1i \u0111\u00e1p \u1ee9ng \u0111\u01b0\u1ee3c nhu c\u1ea7u ng\u00e0y c\u00e0ng cao. Premium Blossom l\u00e0 minh ch\u1ee9ng r\u00f5 r\u1ec7t cho tinh th\u1ea7n \u1ea5y: v\u1eeba k\u1ebf th\u1eeba ch\u1ea5t l\u01b0\u1ee3ng chu\u1ea9n m\u1ef1c, v\u1eeba b\u1ed5 sung h\u01b0\u01a1ng hoa sang tr\u1ecdng c\u00f9ng t\u00ednh n\u0103ng gi\u1eb7t x\u1ea3 \u0111a n\u0103ng.<\/p>\n<p data-start=\"263\" data-end=\"724\"><img decoding=\"async\" class=\"aligncenter  wp-image-42101\" src=\"https:\/\/havamall.com\/wp-content\/uploads\/2025\/09\/hong1.webp\" alt=\"\" width=\"800\" height=\"800\" srcset=\"https:\/\/havamall.com\/wp-content\/uploads\/2025\/09\/hong1.webp 1500w, https:\/\/havamall.com\/wp-content\/uploads\/2025\/09\/hong1-300x300.webp 300w, https:\/\/havamall.com\/wp-content\/uploads\/2025\/09\/hong1-150x150.webp 150w, https:\/\/havamall.com\/wp-content\/uploads\/2025\/09\/hong1-12x12.webp 12w, https:\/\/havamall.com\/wp-content\/uploads\/2025\/09\/hong1-600x600.webp 600w, https:\/\/havamall.com\/wp-content\/uploads\/2025\/09\/hong1-1200x1200.webp 1200w\" sizes=\"(max-width: 800px) 100vw, 800px\" \/><\/p>\n<p data-start=\"263\" data-end=\"724\"><strong><em>Vi\u00ean gi\u1eb7t Bold Premium Blossom<\/em><\/strong> n\u1eb1m \u1edf thi\u1ebft k\u1ebf nh\u1ecf g\u1ecdn nh\u01b0ng ch\u1ee9a \u0111\u1ef1ng c\u00f4ng ngh\u1ec7 gi\u1eb7t gi\u0169 4 trong 1, ch\u1ec9 m\u1ed9t vi\u00ean duy nh\u1ea5t \u0111\u00e3 mang l\u1ea1i hi\u1ec7u qu\u1ea3 l\u00e0m s\u1ea1ch m\u1ea1nh m\u1ebd, kh\u1eed m\u00f9i, l\u01b0u h\u01b0\u01a1ng v\u00e0 l\u00e0m m\u1ec1m v\u1ea3i, nh\u1edd c\u00f4ng th\u1ee9c c\u00f4 \u0111\u1eb7c, s\u1ee9c m\u1ea1nh l\u00e0m s\u1ea1ch \u0111\u01b0\u1ee3c duy tr\u00ec \u1ed5n \u0111\u1ecbnh, gi\u00fap \u0111\u00e1nh bay v\u1ebft b\u1ea9n c\u1ee9ng \u0111\u1ea7u m\u00e0 kh\u00f4ng c\u1ea7n th\u00eam nhi\u1ec1u b\u01b0\u1edbc ph\u1ee5 tr\u1ee3. H\u01b0\u01a1ng hoa l\u00e0 linh h\u1ed3n c\u1ee7a Bold Premium Blossom, l\u1ea5y c\u1ea3m h\u1ee9ng t\u1eeb nh\u1eefng c\u00e1nh hoa n\u1edf r\u1ed9 trong m\u00f9a xu\u00e2n Nh\u1eadt B\u1ea3n, vi\u00ean gi\u1eb7t mang \u0111\u1ebfn m\u00f9i h\u01b0\u01a1ng t\u01b0\u01a1i m\u1edbi, ng\u1ecdt ng\u00e0o nh\u01b0ng kh\u00f4ng g\u1eaft, t\u1ea1o c\u1ea3m gi\u00e1c th\u01b0 gi\u00e3n m\u1ed7i khi kho\u00e1c l\u00ean trang ph\u1ee5c,\u0111\u1eb7c bi\u1ec7t, sau nhi\u1ec1u l\u1ea7n gi\u1eb7t, qu\u1ea7n \u00e1o v\u1eabn duy tr\u00ec \u0111\u01b0\u1ee3c \u0111\u1ed9 m\u1ec1m m\u1ea1i v\u00e0 h\u01b0\u01a1ng hoa d\u1ec5 ch\u1ecbu, nh\u01b0 v\u1eeba \u0111\u01b0\u1ee3c ch\u0103m s\u00f3c b\u1eb1ng n\u01b0\u1edbc x\u1ea3 chuy\u00ean bi\u1ec7t.<\/p>\n<p data-start=\"263\" data-end=\"724\"><img decoding=\"async\" class=\"aligncenter size-full wp-image-42103\" src=\"https:\/\/havamall.com\/wp-content\/uploads\/2025\/09\/vien-giat-xa-bold-gel-ball-4d-pg-huong-hoa-ngot-ngao-tui-refill-85-vien-2-d336bf69-7e08-4a88-ba31-ea4ae17985a9.webp\" alt=\"\" width=\"800\" height=\"800\" srcset=\"https:\/\/havamall.com\/wp-content\/uploads\/2025\/09\/vien-giat-xa-bold-gel-ball-4d-pg-huong-hoa-ngot-ngao-tui-refill-85-vien-2-d336bf69-7e08-4a88-ba31-ea4ae17985a9.webp 800w, https:\/\/havamall.com\/wp-content\/uploads\/2025\/09\/vien-giat-xa-bold-gel-ball-4d-pg-huong-hoa-ngot-ngao-tui-refill-85-vien-2-d336bf69-7e08-4a88-ba31-ea4ae17985a9-300x300.webp 300w, https:\/\/havamall.com\/wp-content\/uploads\/2025\/09\/vien-giat-xa-bold-gel-ball-4d-pg-huong-hoa-ngot-ngao-tui-refill-85-vien-2-d336bf69-7e08-4a88-ba31-ea4ae17985a9-150x150.webp 150w, https:\/\/havamall.com\/wp-content\/uploads\/2025\/09\/vien-giat-xa-bold-gel-ball-4d-pg-huong-hoa-ngot-ngao-tui-refill-85-vien-2-d336bf69-7e08-4a88-ba31-ea4ae17985a9-12x12.webp 12w, https:\/\/havamall.com\/wp-content\/uploads\/2025\/09\/vien-giat-xa-bold-gel-ball-4d-pg-huong-hoa-ngot-ngao-tui-refill-85-vien-2-d336bf69-7e08-4a88-ba31-ea4ae17985a9-600x600.webp 600w\" sizes=\"(max-width: 800px) 100vw, 800px\" \/><\/p>\n<blockquote>\n<p data-start=\"2034\" data-end=\"2084\"><span style=\"font-size: 18pt\"><strong><em>\u0110\u1eb6C \u0110I\u1ec2M N\u1ed4I B\u1eacT:<\/em><\/strong><\/span><\/p>\n<\/blockquote>\n<p data-start=\"2086\" data-end=\"2444\">\u2013 Kh\u00f4ng c\u1ea7n \u0111ong \u0111\u1ebfm l\u01b0\u1ee3ng n\u01b0\u1edbc gi\u1eb7t hay n\u01b0\u1edbc x\u1ea3, ch\u1ec9 c\u1ea7n th\u1ea3 m\u1ed9t vi\u00ean v\u00e0o l\u1ed3ng gi\u1eb7t.<br data-start=\"2171\" data-end=\"2174\" \/>\u2013 Vi\u00ean gi\u1eb7t tan nhanh trong n\u01b0\u1edbc, k\u1ec3 c\u1ea3 \u1edf nhi\u1ec7t \u0111\u1ed9 th\u1ea5p, \u0111\u1ea3m b\u1ea3o kh\u00f4ng \u0111\u1ec3 l\u1ea1i c\u1eb7n tr\u00ean v\u1ea3i.<br data-start=\"2265\" data-end=\"2268\" \/>\u2013 C\u00f4ng th\u1ee9c an to\u00e0n, gi\u1ea3m thi\u1ec3u t\u00ecnh tr\u1ea1ng s\u1eddn v\u1ea3i hay phai m\u00e0u, ph\u00f9 h\u1ee3p v\u1edbi nhi\u1ec1u ch\u1ea5t li\u1ec7u qu\u1ea7n \u00e1o.<br data-start=\"2369\" data-end=\"2372\" \/>\u2013 Ti\u1ebft ki\u1ec7m th\u1eddi gian, gi\u1ea3m thao t\u00e1c nh\u01b0ng v\u1eabn gi\u1eef hi\u1ec7u qu\u1ea3 to\u00e0n di\u1ec7n.<\/p>\n<p data-start=\"2086\" data-end=\"2444\"><img loading=\"lazy\" decoding=\"async\" class=\"aligncenter size-full wp-image-42105\" src=\"https:\/\/havamall.com\/wp-content\/uploads\/2025\/09\/4987176264756-3.jpg\" alt=\"\" width=\"800\" height=\"800\" srcset=\"https:\/\/havamall.com\/wp-content\/uploads\/2025\/09\/4987176264756-3.jpg 800w, https:\/\/havamall.com\/wp-content\/uploads\/2025\/09\/4987176264756-3-300x300.jpg 300w, https:\/\/havamall.com\/wp-content\/uploads\/2025\/09\/4987176264756-3-150x150.jpg 150w, https:\/\/havamall.com\/wp-content\/uploads\/2025\/09\/4987176264756-3-12x12.jpg 12w, https:\/\/havamall.com\/wp-content\/uploads\/2025\/09\/4987176264756-3-600x600.jpg 600w\" sizes=\"(max-width: 800px) 100vw, 800px\" \/><\/p>\n<p data-start=\"2845\" data-end=\"3258\">Vi\u00ean gi\u1eb7t Bold Premium Blossom c\u0169ng ph\u1ea3n \u00e1nh s\u1ef1 g\u1eafn k\u1ebft gi\u1eefa c\u00f4ng ngh\u1ec7 hi\u1ec7n \u0111\u1ea1i v\u00e0 phong c\u00e1ch s\u1ed1ng Nh\u1eadt B\u1ea3n. Nh\u1eadt B\u1ea3n v\u1ed1n \u0111\u01b0\u1ee3c bi\u1ebft \u0111\u1ebfn v\u1edbi tinh th\u1ea7n coi tr\u1ecdng s\u1ef1 ti\u1ec7n l\u1ee3i nh\u01b0ng v\u1eabn g\u00ecn gi\u1eef n\u00e9t \u0111\u1eb9p tinh t\u1ebf trong t\u1eebng s\u1ea3n ph\u1ea9m ti\u00eau d\u00f9ng. Ch\u00ednh v\u00ec th\u1ebf, m\u1ed7i vi\u00ean gi\u1eb7t Bold kh\u00f4ng ch\u1ec9 l\u00e0 gi\u1ea3i ph\u00e1p cho nhu c\u1ea7u gi\u1eb7t s\u1ea1ch m\u00e0 c\u00f2n l\u00e0 bi\u1ec3u t\u01b0\u1ee3ng cho phong c\u00e1ch s\u1ed1ng ch\u00fa tr\u1ecdng \u0111\u1ebfn s\u1ef1 c\u00e2n b\u1eb1ng v\u00e0 c\u1ea3m x\u00fac c\u1ee7a ng\u01b0\u1eddi s\u1eed d\u1ee5ng.<\/p>\n<p data-start=\"2845\" data-end=\"3258\"><img loading=\"lazy\" decoding=\"async\" class=\"aligncenter  wp-image-42106\" src=\"https:\/\/havamall.com\/wp-content\/uploads\/2025\/09\/H6Ke9R2HRiPj97yVkmtBHK.jpg\" alt=\"\" width=\"800\" height=\"800\" srcset=\"https:\/\/havamall.com\/wp-content\/uploads\/2025\/09\/H6Ke9R2HRiPj97yVkmtBHK.jpg 1500w, https:\/\/havamall.com\/wp-content\/uploads\/2025\/09\/H6Ke9R2HRiPj97yVkmtBHK-300x300.jpg 300w, https:\/\/havamall.com\/wp-content\/uploads\/2025\/09\/H6Ke9R2HRiPj97yVkmtBHK-150x150.jpg 150w, https:\/\/havamall.com\/wp-content\/uploads\/2025\/09\/H6Ke9R2HRiPj97yVkmtBHK-12x12.jpg 12w, https:\/\/havamall.com\/wp-content\/uploads\/2025\/09\/H6Ke9R2HRiPj97yVkmtBHK-600x600.jpg 600w, https:\/\/havamall.com\/wp-content\/uploads\/2025\/09\/H6Ke9R2HRiPj97yVkmtBHK-1200x1200.jpg 1200w\" sizes=\"(max-width: 800px) 100vw, 800px\" \/><\/p>\n<p data-start=\"3260\" data-end=\"3696\">S\u1eed d\u1ee5ng vi\u00ean gi\u1eb7t x\u1ea3 n\u00e0y kh\u00f4ng ch\u1ec9 \u0111\u01a1n gi\u1ea3n h\u00f3a c\u00f4ng vi\u1ec7c h\u1eb1ng ng\u00e0y m\u00e0 c\u00f2n mang l\u1ea1i c\u1ea3m gi\u00e1c h\u00e0i l\u00f2ng trong vi\u1ec7c ch\u0103m s\u00f3c gia \u0111\u00ecnh. B\u1eb1ng c\u00e1ch t\u1ea1o ra s\u1ef1 kh\u00e1c bi\u1ec7t t\u1eeb h\u01b0\u01a1ng th\u01a1m \u0111\u1ebfn s\u1ef1 m\u1ec1m m\u1ea1i c\u1ee7a v\u1ea3i, Bold Premium Blossom kh\u1eb3ng \u0111\u1ecbnh v\u1ecb th\u1ebf c\u1ee7a m\u00ecnh nh\u01b0 m\u1ed9t l\u1ef1a ch\u1ecdn kh\u00f4ng th\u1ec3 thi\u1ebfu trong nh\u1eefng gia \u0111\u00ecnh hi\u1ec7n \u0111\u1ea1i. Qu\u1ea7n \u00e1o sau khi gi\u1eb7t kh\u00f4ng ch\u1ec9 s\u1ea1ch s\u1ebd, th\u01a1m m\u00e1t m\u00e0 c\u00f2n to\u00e1t l\u00ean s\u1ef1 sang tr\u1ecdng, nh\u01b0 v\u1eeba \u0111\u01b0\u1ee3c n\u00e2ng niu b\u1edfi \u0111\u00f4i tay t\u1eadn t\u00e2m. Vi\u00ean Gi\u1eb7t Qu\u1ea7n \u00c1o Nh\u1eadt B\u1ea3n Bold Premium Blossom \u2013 Bold Gel Ball Premium Blossom Laundry Capsules hi\u1ec7n \u0111ang \u0111\u01b0\u1ee3c b\u00e1n t\u1ea1i Havamall.<\/p>","protected":false},"excerpt":{"rendered":"<p>TH\u00d4NG TIN CHUNG Th\u01b0\u01a1ng hi\u1ec7u P&amp;G Xu\u1ea5t x\u1ee9 Nh\u1eadt B\u1ea3n Th\u00e0nh ph\u1ea7n Xem tr\u00ean bao b\u00ec H\u1ea1n s\u1eed d\u1ee5ng Xem<\/p>","protected":false},"featured_media":42099,"comment_status":"open","ping_status":"closed","template":"","meta":[],"product_brand":[],"product_cat":[35,722,396],"product_tag":[],"class_list":{"0":"post-42098","1":"product","2":"type-product","3":"status-publish","4":"has-post-thumbnail","6":"product_cat-nha-cua-doi-song","7":"product_cat-nhap-khau-nhat-ban","8":"product_cat-suc-khoe-lam-dep","10":"first","11":"instock","12":"sale","13":"shipping-taxable","14":"purchasable","15":"product-type-simple"},"_links":{"self":[{"href":"https:\/\/havamall.com\/en\/wp-json\/wp\/v2\/product\/42098","targetHints":{"allow":["GET"]}}],"collection":[{"href":"https:\/\/havamall.com\/en\/wp-json\/wp\/v2\/product"}],"about":[{"href":"https:\/\/havamall.com\/en\/wp-json\/wp\/v2\/types\/product"}],"replies":[{"embeddable":true,"href":"https:\/\/havamall.com\/en\/wp-json\/wp\/v2\/comments?post=42098"}],"version-history":[{"count":0,"href":"https:\/\/havamall.com\/en\/wp-json\/wp\/v2\/product\/42098\/revisions"}],"wp:featuredmedia":[{"embeddable":true,"href":"https:\/\/havamall.com\/en\/wp-json\/wp\/v2\/media\/42099"}],"wp:attachment":[{"href":"https:\/\/havamall.com\/en\/wp-json\/wp\/v2\/media?parent=42098"}],"wp:term":[{"taxonomy":"product_brand","embeddable":true,"href":"https:\/\/havamall.com\/en\/wp-json\/wp\/v2\/product_brand?post=42098"},{"taxonomy":"product_cat","embeddable":true,"href":"https:\/\/havamall.com\/en\/wp-json\/wp\/v2\/product_cat?post=42098"},{"taxonomy":"product_tag","embeddable":true,"href":"https:\/\/havamall.com\/en\/wp-json\/wp\/v2\/product_tag?post=42098"}],"curies":[{"name":"wp","href":"https:\/\/api.w.org\/{rel}","templated":true}]}}