{"id":42143,"date":"2025-09-20T14:12:46","date_gmt":"2025-09-20T07:12:46","guid":{"rendered":"https:\/\/havamall.com\/?post_type=product&#038;p=42143"},"modified":"2025-10-18T08:28:50","modified_gmt":"2025-10-18T01:28:50","slug":"dau-tay-dong-lanh-aro-1kg-aro-frozen-strawberry","status":"publish","type":"product","link":"https:\/\/havamall.com\/en\/shop\/dau-tay-dong-lanh-aro-1kg-aro-frozen-strawberry\/","title":{"rendered":"D\u00e2u T\u00e2y \u0110\u00f4ng L\u1ea1nh ARO 1kg \u2013 Aro Frozen Strawberry"},"content":{"rendered":"<h2><strong>TH\u00d4NG TIN CHUNG<\/strong><\/h2>\n<table style=\"width: 65.9247%;height: 230px\">\n<tbody>\n<tr>\n<td>Th\u01b0\u01a1ng hi\u1ec7u<\/td>\n<td>ARO<\/td>\n<\/tr>\n<tr>\n<td>Xu\u1ea5t x\u1ee9<\/td>\n<td>Trung Qu\u1ed1c<\/td>\n<\/tr>\n<tr>\n<td>Th\u00e0nh ph\u1ea7n<\/td>\n<td>100% D\u00e2u t\u01b0\u01a1i<\/td>\n<\/tr>\n<tr>\n<td>H\u1ea1n s\u1eed d\u1ee5ng<\/td>\n<td>Xem tr\u1ef1c ti\u1ebfp tr\u00ean bao b\u00ec<\/td>\n<\/tr>\n<tr>\n<td>B\u1ea3o qu\u1ea3n<\/td>\n<td>B\u1ea3o qu\u1ea3n \u0111\u00f4ng l\u1ea1nh<\/td>\n<\/tr>\n<tr>\n<td>Kh\u1ed1i l\u01b0\u1ee3ng<\/td>\n<td>1kg<\/td>\n<\/tr>\n<\/tbody>\n<\/table>\n<p data-start=\"53\" data-end=\"567\">Trong th\u1ebf gi\u1edbi tr\u00e1i c\u00e2y phong ph\u00fa, d\u00e2u t\u00e2y lu\u00f4n gi\u1eef m\u1ed9t v\u1ecb tr\u00ed \u0111\u1eb7c bi\u1ec7t nh\u1edd m\u00e0u \u0111\u1ecf r\u1ef1c r\u1ee1, h\u00ecnh d\u00e1ng nh\u1ecf nh\u1eafn v\u00e0 h\u01b0\u01a1ng v\u1ecb ng\u1ecdt ng\u00e0o pha ch\u00fat chua thanh m\u00e1t. Kh\u00f4ng ch\u1ec9 l\u00e0 bi\u1ec3u t\u01b0\u1ee3ng c\u1ee7a s\u1ef1 t\u01b0\u01a1i m\u1edbi, d\u00e2u t\u00e2y c\u00f2n \u0111\u01b0\u1ee3c xem l\u00e0 lo\u1ea1i qu\u1ea3 g\u1eafn li\u1ec1n v\u1edbi nh\u1eefng b\u1eefa ti\u1ec7c ng\u1ecdt ng\u00e0o, nh\u1eefng chi\u1ebfc b\u00e1nh tinh t\u1ebf v\u00e0 c\u1ea3 nh\u1eefng ly sinh t\u1ed1 \u0111\u1ea7y h\u1ea5p d\u1eabn. V\u1edbi c\u00f4ng ngh\u1ec7 hi\u1ec7n \u0111\u1ea1i, d\u00e2u t\u00e2y \u0111\u00f4ng l\u1ea1nh Aro \u0111\u00e3 tr\u1edf th\u00e0nh l\u1ef1a ch\u1ecdn l\u00fd t\u01b0\u1edfng cho nh\u1eefng ai mu\u1ed1n t\u1eadn h\u01b0\u1edfng h\u01b0\u01a1ng v\u1ecb chu\u1ea9n ch\u00e2u \u00c2u m\u1ed9t c\u00e1ch nhanh ch\u00f3ng v\u00e0 ti\u1ec7n l\u1ee3i ngay trong gian b\u1ebfp.<\/p>\n<p data-start=\"53\" data-end=\"567\"><img fetchpriority=\"high\" decoding=\"async\" class=\"aligncenter\" src=\"https:\/\/havamall.com\/wp-content\/uploads\/2025\/09\/frozen-strawberry-slices.jpg\" alt=\"IQF Frozen Strawberry Slice, Packaging Type: Packet at \u20b9 155\/kg in Pune\" width=\"800\" height=\"533\" \/><\/p>\n<p data-start=\"610\" data-end=\"1039\">D\u00e2u t\u00e2y \u0111\u01b0\u1ee3c tr\u1ed3ng r\u1ed9ng r\u00e3i t\u1ea1i ch\u00e2u \u00c2u t\u1eeb th\u1ebf k\u1ef7 18 v\u00e0 nhanh ch\u00f3ng tr\u1edf th\u00e0nh lo\u1ea1i qu\u1ea3 \u0111\u01b0\u1ee3c y\u00eau th\u00edch to\u00e0n c\u1ea7u, s\u1ef1 k\u1ebft h\u1ee3p \u0111\u1ed9c \u0111\u00e1o gi\u1eefa s\u1eafc \u0111\u1ecf n\u1ed5i b\u1eadt v\u00e0 v\u1ecb ng\u1ecdt xen l\u1eabn ch\u00fat chua nh\u1eb9 nh\u00e0ng khi\u1ebfn d\u00e2u t\u00e2y tr\u1edf th\u00e0nh ngu\u1ed3n c\u1ea3m h\u1ee9ng trong \u1ea9m th\u1ef1c, ngh\u1ec7 thu\u1eadt v\u00e0 c\u1ea3 \u0111\u1eddi s\u1ed1ng th\u01b0\u1eddng ng\u00e0y. Kh\u00f4ng ch\u1ec9 xu\u1ea5t hi\u1ec7n trong c\u00e1c m\u00f3n tr\u00e1ng mi\u1ec7ng tinh t\u1ebf, d\u00e2u t\u00e2y c\u00f2n hi\u1ec7n di\u1ec7n trong nh\u1eefng th\u1ee9c u\u1ed1ng m\u00e1t l\u1ea1nh, t\u1ea1o n\u00ean n\u00e9t \u0111\u1eb7c tr\u01b0ng kh\u00f3 thay th\u1ebf.<\/p>\n<p data-start=\"610\" data-end=\"1039\"><img decoding=\"async\" class=\"aligncenter wp-image-42145\" src=\"https:\/\/havamall.com\/wp-content\/uploads\/2025\/09\/GettyImages-1135357175-4e8698810c034b8e8361227df9084ad7-scaled.webp\" alt=\"\" width=\"801\" height=\"534\" srcset=\"https:\/\/havamall.com\/wp-content\/uploads\/2025\/09\/GettyImages-1135357175-4e8698810c034b8e8361227df9084ad7-scaled.webp 2560w, https:\/\/havamall.com\/wp-content\/uploads\/2025\/09\/GettyImages-1135357175-4e8698810c034b8e8361227df9084ad7-300x200.webp 300w, https:\/\/havamall.com\/wp-content\/uploads\/2025\/09\/GettyImages-1135357175-4e8698810c034b8e8361227df9084ad7-18x12.webp 18w, https:\/\/havamall.com\/wp-content\/uploads\/2025\/09\/GettyImages-1135357175-4e8698810c034b8e8361227df9084ad7-600x400.webp 600w, https:\/\/havamall.com\/wp-content\/uploads\/2025\/09\/GettyImages-1135357175-4e8698810c034b8e8361227df9084ad7-1200x800.webp 1200w, https:\/\/havamall.com\/wp-content\/uploads\/2025\/09\/GettyImages-1135357175-4e8698810c034b8e8361227df9084ad7-150x100.webp 150w\" sizes=\"(max-width: 801px) 100vw, 801px\" \/><\/p>\n<p data-start=\"1098\" data-end=\"1542\">\u0110i\u1ec3m kh\u00e1c bi\u1ec7t c\u1ee7a d\u00e2u t\u00e2y Aro n\u1eb1m \u1edf c\u00f4ng ngh\u1ec7 c\u1ea5p \u0111\u00f4ng ti\u00ean ti\u1ebfn. Ngay sau khi thu ho\u1ea1ch, qu\u1ea3 \u0111\u01b0\u1ee3c ch\u1ecdn l\u1ecdc k\u1ef9 l\u01b0\u1ee1ng v\u00e0 nhanh ch\u00f3ng \u0111\u01b0a v\u00e0o quy tr\u00ecnh \u0111\u00f4ng l\u1ea1nh. Nh\u1edd v\u1eady, m\u00e0u s\u1eafc t\u01b0\u01a1i s\u00e1ng, h\u01b0\u01a1ng v\u1ecb t\u1ef1 nhi\u00ean c\u00f9ng gi\u00e1 tr\u1ecb dinh d\u01b0\u1ee1ng \u0111\u01b0\u1ee3c b\u1ea3o to\u00e0n g\u1ea7n nh\u01b0 nguy\u00ean v\u1eb9n. D\u00f9 \u0111\u01b0\u1ee3c b\u1ea3o qu\u1ea3n l\u00e2u d\u00e0i, d\u00e2u t\u00e2y Aro v\u1eabn gi\u1eef \u0111\u01b0\u1ee3c s\u1ef1 c\u0103ng m\u1ecdng, v\u1ecb chua ng\u1ecdt c\u00e2n b\u1eb1ng v\u00e0 h\u01b0\u01a1ng th\u01a1m \u0111\u1eb7c tr\u01b0ng, mang \u0111\u1ebfn tr\u1ea3i nghi\u1ec7m th\u01b0\u1edfng th\u1ee9c kh\u00f4ng kh\u00e1c g\u00ec d\u00e2u t\u01b0\u01a1i v\u1eeba h\u00e1i.<\/p>\n<p data-start=\"1098\" data-end=\"1542\"><img decoding=\"async\" class=\"aligncenter\" src=\"https:\/\/www.projuice.co.uk\/app\/uploads\/2020\/04\/Website-Image-3.png\" alt=\"Frozen Strawberries (10kg) - Projuice Offer a Wide Range of Frozen Fruit\" width=\"800\" height=\"800\" \/><\/p>\n<p data-start=\"1599\" data-end=\"1879\">D\u00e2u t\u00e2y chinh ph\u1ee5c th\u1ef1c kh\u00e1ch b\u1eb1ng h\u01b0\u01a1ng v\u1ecb d\u1ec5 ch\u1ecbu, v\u1eeba ng\u1ecdt ng\u00e0o v\u1eeba thanh m\u00e1t. Khi k\u1ebft h\u1ee3p v\u1edbi c\u00e1c nguy\u00ean li\u1ec7u kh\u00e1c, qu\u1ea3 d\u00e2u t\u00e2y c\u00f3 kh\u1ea3 n\u0103ng l\u00e0m n\u1ed5i b\u1eadt h\u01b0\u01a1ng v\u1ecb t\u1ed5ng th\u1ec3 m\u00e0 v\u1eabn gi\u1eef \u0111\u01b0\u1ee3c b\u1ea3n s\u1eafc ri\u00eang. Ch\u00ednh nh\u1edd \u01b0u \u0111i\u1ec3m n\u00e0y, d\u00e2u t\u00e2y \u0111\u00f4ng l\u1ea1nh Aro c\u00f3 th\u1ec3 \u0111\u01b0\u1ee3c s\u1eed d\u1ee5ng \u0111a d\u1ea1ng:<\/p>\n<p data-start=\"1881\" data-end=\"2192\">\u2013 Ch\u1ebf bi\u1ebfn sinh t\u1ed1, n\u01b0\u1edbc \u00e9p ho\u1eb7c smoothie bowl b\u1ed5 d\u01b0\u1ee1ng.<br data-start=\"1937\" data-end=\"1940\" \/>\u2013 \u0102n k\u00e8m s\u1eefa chua, m\u1eadt ong hay ng\u0169 c\u1ed1c cho b\u1eefa s\u00e1ng nhanh g\u1ecdn.<br data-start=\"2002\" data-end=\"2005\" \/>\u2013 L\u00e0m topping cho b\u00e1nh ng\u1ecdt, pancake, ho\u1eb7c kem.<br data-start=\"2052\" data-end=\"2055\" \/>\u2013 N\u1ea5u siro, m\u1ee9t hay s\u1ed1t tr\u00e1i c\u00e2y \u0111\u1ec3 d\u00f9ng v\u1edbi b\u00e1nh m\u00ec ho\u1eb7c th\u1ecbt n\u01b0\u1edbng.<br data-start=\"2124\" data-end=\"2127\" \/>\u2013 S\u00e1ng t\u1ea1o cocktail, mocktail v\u00e0 c\u00e1c lo\u1ea1i tr\u00e0 tr\u00e1i c\u00e2y \u0111\u1ed9c \u0111\u00e1o.<\/p>\n<p data-start=\"1881\" data-end=\"2192\"><img loading=\"lazy\" decoding=\"async\" class=\"aligncenter\" src=\"https:\/\/havamall.com\/wp-content\/uploads\/2025\/09\/strawberrybars_vertical1.jpg\" alt=\"Frozen Strawberry Shortcake Squares\" width=\"800\" height=\"1200\" \/><\/p>\n<blockquote>\n<h4 data-start=\"2194\" data-end=\"2231\"><strong><em><span style=\"font-size: 18pt\">Gi\u00e1 tr\u1ecb dinh d\u01b0\u1ee1ng c\u1ee7a d\u00e2u t\u00e2y<\/span><\/em><\/strong><\/h4>\n<\/blockquote>\n<p data-start=\"2329\" data-end=\"2635\">\u2013 Gi\u00e0u vitamin C, gi\u00fap t\u0103ng s\u1ee9c \u0111\u1ec1 kh\u00e1ng v\u00e0 l\u00e0m ch\u1eadm qu\u00e1 tr\u00ecnh l\u00e3o h\u00f3a.<br data-start=\"2400\" data-end=\"2403\" \/>\u2013 Ch\u1ee9a nhi\u1ec1u anthocyanin v\u00e0 flavonoid, h\u1ed7 tr\u1ee3 b\u1ea3o v\u1ec7 tim m\u1ea1ch v\u00e0 ch\u1ed1ng oxy h\u00f3a.<br data-start=\"2482\" data-end=\"2485\" \/>\u2013 Cung c\u1ea5p mangan, folate v\u00e0 ch\u1ea5t x\u01a1, t\u1ed1t cho h\u1ec7 th\u1ea7n kinh, m\u00e1u v\u00e0 ti\u00eau h\u00f3a.<br data-start=\"2561\" data-end=\"2564\" \/>\u2013 \u00cdt calo, th\u00edch h\u1ee3p cho ch\u1ebf \u0111\u1ed9 \u0103n ki\u00eang v\u00e0 duy tr\u00ec v\u00f3c d\u00e1ng c\u00e2n \u0111\u1ed1i.<\/p>\n<p data-start=\"2799\" data-end=\"3193\">Trong cu\u1ed9c s\u1ed1ng b\u1eadn r\u1ed9n ng\u00e0y nay, vi\u1ec7c t\u00ecm ki\u1ebfm ngu\u1ed3n nguy\u00ean li\u1ec7u v\u1eeba ti\u1ec7n l\u1ee3i v\u1eeba \u0111\u1ea3m b\u1ea3o ch\u1ea5t l\u01b0\u1ee3ng l\u00e0 \u01b0u ti\u00ean h\u00e0ng \u0111\u1ea7u. D\u00e2u t\u00e2y \u0111\u00f4ng l\u1ea1nh Aro mang \u0111\u1ebfn gi\u1ea3i ph\u00e1p t\u1ed1i \u01b0u: d\u1ec5 b\u1ea3o qu\u1ea3n, d\u1ec5 ch\u1ebf bi\u1ebfn v\u00e0 linh ho\u1ea1t trong nhi\u1ec1u c\u00f4ng th\u1ee9c n\u1ea5u \u0103n. D\u00e2u t\u00e2y \u0111\u00f4ng l\u1ea1nh Aro kh\u00f4ng ch\u1ec9 l\u00e0 lo\u1ea1i tr\u00e1i c\u00e2y ti\u1ec7n l\u1ee3i m\u00e0 c\u00f2n l\u00e0 s\u1ef1 giao thoa ho\u00e0n h\u1ea3o gi\u1eefa thi\u00ean nhi\u00ean v\u00e0 c\u00f4ng ngh\u1ec7. H\u01b0\u01a1ng v\u1ecb ng\u1ecdt ng\u00e0o, gi\u00e1 tr\u1ecb dinh d\u01b0\u1ee1ng d\u1ed3i d\u00e0o c\u00f9ng kh\u1ea3 n\u0103ng \u1ee9ng d\u1ee5ng \u0111a d\u1ea1ng khi\u1ebfn d\u00e2u t\u00e2y tr\u1edf th\u00e0nh \u0111i\u1ec3m nh\u1ea5n kh\u00f4ng th\u1ec3 thi\u1ebfu trong th\u1ef1c \u0111\u01a1n h\u1eb1ng ng\u00e0y,\u00a0hi\u1ec7n \u0111ang \u0111\u01b0\u1ee3c b\u00e1n t\u1ea1i Havamall.<\/p>","protected":false},"excerpt":{"rendered":"<p><b>L\u01afU \u00dd QUAN TR\u1eccNG: <span style=\"font-size: 18pt\">\u0110\u00c2Y L\u00c0 S\u1ea2N PH\u1ea8M \u0110\u00d4NG L\u1ea0NH<\/span><\/b><\/p>\n<ul>\n<li>\u0110\u1ec3 \u0111\u1ea3m b\u1ea3o ch\u1ea5t l\u01b0\u1ee3ng, c\u00e1c s\u1ea3n ph\u1ea9m tr\u00e1i c\u00e2y \u0111\u00f4ng l\u1ea1nh\u00a0<b>ch\u1ec9 \u0111\u01b0\u1ee3c giao h\u1ecfa t\u1ed1c<\/b>\u00a0trong khu v\u1ef1c\u00a0<strong>TP.HCM<\/strong>.<\/li>\n<li><b>Ph\u00ed ship:<\/b>\n<ul>\n<li>D\u01b0\u1edbi 5km: 30.000\u20ab<\/li>\n<li>Tr\u00ean 5km: Ph\u00ed giao h\u00e0ng s\u1ebd t\u00ednh theo gi\u00e1 c\u1ee7a \u1ee9ng d\u1ee5ng d\u1ecbch v\u1ee5 v\u1eadn chuy\u1ec3n.<\/li>\n<\/ul>\n<\/li>\n<li><b>\u0110\u1ecba ch\u1ec9 c\u1eeda h\u00e0ng:<\/b>\u00a0H\u1ebbm 112, s\u1ed1 114A B\u1ea1ch \u0110\u1eb1ng, Ph\u01b0\u1eddng 2, Qu\u1eadn T\u00e2n B\u00ecnh. B\u1ea1n c\u00f3 th\u1ec3 ki\u1ec3m tra kho\u1ea3ng c\u00e1ch tr\u01b0\u1edbc khi \u0111\u1eb7t h\u00e0ng.<\/li>\n<li><b>Mi\u1ec5n ph\u00ed ship<\/b>\u00a0cho \u0111\u01a1n t\u1eeb 4kg ho\u1eb7c 1.500.000\u20ab.\u00a0<strong><em>RI\u00caNG:<\/em><\/strong>\u00a0H\u1ed7 tr\u1ee3\u00a0<strong><em>t\u1ed1i \u0111a<\/em><\/strong>\u00a0<b>30.000\u20ab<\/b>\u00a0ph\u00ed ship cho \u0111\u01a1n \u0111i c\u00e1c\u00a0<em><strong>khu v\u1ef1c xa nh\u01b0 H\u00f3c M\u00f4n, C\u1ee7 Chi, Qu\u1eadn 9<\/strong><\/em>. Qu\u00fd kh\u00e1ch\u00a0<strong>vui l\u00f2ng chuy\u1ec3n kho\u1ea3n tr\u01b0\u1edbc ti\u1ec1n ship ho\u1eb7c ti\u1ec1n h\u00e0ng.<\/strong><\/li>\n<\/ul>","protected":false},"featured_media":42144,"comment_status":"open","ping_status":"closed","template":"","meta":[],"product_brand":[],"product_cat":[725,684],"product_tag":[],"class_list":{"0":"post-42143","1":"product","2":"type-product","3":"status-publish","4":"has-post-thumbnail","6":"product_cat-nhap-khau-trung-quoc","7":"product_cat-trai-cay-dong-lanh","8":"pa_brand-aro","10":"first","11":"instock","12":"sale","13":"shipping-taxable","14":"purchasable","15":"product-type-simple"},"_links":{"self":[{"href":"https:\/\/havamall.com\/en\/wp-json\/wp\/v2\/product\/42143","targetHints":{"allow":["GET"]}}],"collection":[{"href":"https:\/\/havamall.com\/en\/wp-json\/wp\/v2\/product"}],"about":[{"href":"https:\/\/havamall.com\/en\/wp-json\/wp\/v2\/types\/product"}],"replies":[{"embeddable":true,"href":"https:\/\/havamall.com\/en\/wp-json\/wp\/v2\/comments?post=42143"}],"version-history":[{"count":0,"href":"https:\/\/havamall.com\/en\/wp-json\/wp\/v2\/product\/42143\/revisions"}],"wp:featuredmedia":[{"embeddable":true,"href":"https:\/\/havamall.com\/en\/wp-json\/wp\/v2\/media\/42144"}],"wp:attachment":[{"href":"https:\/\/havamall.com\/en\/wp-json\/wp\/v2\/media?parent=42143"}],"wp:term":[{"taxonomy":"product_brand","embeddable":true,"href":"https:\/\/havamall.com\/en\/wp-json\/wp\/v2\/product_brand?post=42143"},{"taxonomy":"product_cat","embeddable":true,"href":"https:\/\/havamall.com\/en\/wp-json\/wp\/v2\/product_cat?post=42143"},{"taxonomy":"product_tag","embeddable":true,"href":"https:\/\/havamall.com\/en\/wp-json\/wp\/v2\/product_tag?post=42143"}],"curies":[{"name":"wp","href":"https:\/\/api.w.org\/{rel}","templated":true}]}}