{"id":42157,"date":"2025-09-20T16:17:15","date_gmt":"2025-09-20T09:17:15","guid":{"rendered":"https:\/\/havamall.com\/?post_type=product&#038;p=42157"},"modified":"2025-10-18T08:27:12","modified_gmt":"2025-10-18T01:27:12","slug":"nam-viet-quat-dong-lanh-aro-1kg-aro-frozen-cranberry","status":"publish","type":"product","link":"https:\/\/havamall.com\/en\/shop\/nam-viet-quat-dong-lanh-aro-1kg-aro-frozen-cranberry\/","title":{"rendered":"Nam Vi\u1ec7t Qu\u1ea5t \u0110\u00f4ng L\u1ea1nh ARO 1kg \u2013 Aro Frozen Cranberry"},"content":{"rendered":"<h2><strong>TH\u00d4NG TIN CHUNG<\/strong><\/h2>\n<table style=\"width: 63.5137%;height: 131px\">\n<tbody>\n<tr>\n<td>Th\u01b0\u01a1ng hi\u1ec7u<\/td>\n<td>ARO<\/td>\n<\/tr>\n<tr>\n<td>Xu\u1ea5t x\u1ee9<\/td>\n<td>Trung Qu\u1ed1c<\/td>\n<\/tr>\n<tr>\n<td>Th\u00e0nh ph\u1ea7n<\/td>\n<td>Nam Vi\u1ec7t Qu\u1ea5t<\/td>\n<\/tr>\n<tr>\n<td>H\u1ea1n s\u1eed d\u1ee5ng<\/td>\n<td>Xem tr\u1ef1c ti\u1ebfp tr\u00ean bao b\u00ec<\/td>\n<\/tr>\n<tr>\n<td>B\u1ea3o qu\u1ea3n<\/td>\n<td>B\u1ea3o qu\u1ea3n \u0111\u00f4ng l\u1ea1nh<\/td>\n<\/tr>\n<tr>\n<td>Kh\u1ed1i l\u01b0\u1ee3ng<\/td>\n<td>1kg<\/td>\n<\/tr>\n<\/tbody>\n<\/table>\n<p data-start=\"268\" data-end=\"892\">Trong s\u1ed1 c\u00e1c lo\u1ea1i qu\u1ea3 m\u1ecdng \u0111\u01b0\u1ee3c \u01b0a chu\u1ed9ng tr\u00ean th\u1ebf gi\u1edbi, nam vi\u1ec7t qu\u1ea5t lu\u00f4n n\u1ed5i b\u1eadt nh\u1edd s\u1eafc \u0111\u1ecf t\u01b0\u01a1i quy\u1ebfn r\u0169 v\u00e0 h\u01b0\u01a1ng v\u1ecb chua thanh \u0111\u1eb7c tr\u01b0ng. T\u1eeb nh\u1eefng v\u00f9ng \u0111\u1ea5t ph\u01b0\u01a1ng B\u1eafc l\u1ea1nh gi\u00e1, n\u01a1i c\u00e2y nam vi\u1ec7t qu\u1ea5t ph\u00e1t tri\u1ec3n m\u1ea1nh m\u1ebd, nh\u1eefng qu\u1ea3 m\u1ecdng c\u0103ng tr\u00f2n \u0111\u00e3 tr\u1edf th\u00e0nh ngu\u1ed3n c\u1ea3m h\u1ee9ng b\u1ea5t t\u1eadn trong \u1ea9m th\u1ef1c v\u00e0 ch\u0103m s\u00f3c s\u1ee9c kh\u1ecfe. Tuy nhi\u00ean, qu\u1ea3 t\u01b0\u01a1i v\u1ed1n kh\u00f3 b\u1ea3o qu\u1ea3n v\u00e0 ch\u1ec9 c\u00f3 theo m\u00f9a, v\u00ec v\u1eady vi\u1ec7c gi\u1eef nguy\u00ean tr\u1ecdn v\u1eb9n h\u01b0\u01a1ng v\u1ecb c\u00f9ng d\u01b0\u1ee1ng ch\u1ea5t c\u1ee7a lo\u1ea1i qu\u1ea3 n\u00e0y quanh n\u0103m lu\u00f4n l\u00e0 mong mu\u1ed1n c\u1ee7a nhi\u1ec1u ng\u01b0\u1eddi. Nam Vi\u1ec7t Qu\u1ea5t \u0110\u00f4ng L\u1ea1nh Aro \u2013 Aro Frozen Cranberry ch\u00ednh l\u00e0 gi\u1ea3i ph\u00e1p ho\u00e0n h\u1ea3o, mang \u0111\u1ebfn s\u1ef1 ti\u1ec7n l\u1ee3i v\u00e0 ch\u1ea5t l\u01b0\u1ee3ng \u0111\u1ed3ng th\u1eddi.<\/p>\n<p data-start=\"268\" data-end=\"892\"><img fetchpriority=\"high\" decoding=\"async\" class=\"aligncenter\" src=\"https:\/\/www.oceanspray.com\/ctf\/img\/fk5croonv4b3\/2g1KMLB10rK1dugku77kj6\/eb350e197fe4df552ee2dcf12cf17dd4\/Frozen_Whole_White__92001_rt01.jpg?fm=webp&amp;q=75&amp;w=3840\" alt=\"Ocean Spray\u00ae Quality Frozen Cranberries - Cranberry Products &amp; Recipes\" width=\"801\" height=\"534\" \/><\/p>\n<p data-start=\"894\" data-end=\"1399\">\u0110i\u1ec3m n\u1ed5i b\u1eadt c\u1ee7a cranberry ch\u00ednh l\u00e0 v\u1ebb ngo\u00e0i tr\u00f2n nh\u1ecf, \u0111\u1ecf m\u1ecdng v\u00e0 r\u1ef1c r\u1ee1 nh\u01b0 nh\u1eefng vi\u00ean ng\u1ecdc t\u1ef1 nhi\u00ean. Nh\u1edd c\u00f4ng ngh\u1ec7 c\u1ea5p \u0111\u00f4ng hi\u1ec7n \u0111\u1ea1i, t\u1eebng qu\u1ea3 nam vi\u1ec7t qu\u1ea5t \u0111\u01b0\u1ee3c gi\u1eef nguy\u00ean h\u00ecnh d\u1ea1ng, m\u00e0u s\u1eafc, k\u1ebft c\u1ea5u gi\u00f2n ch\u1eafc v\u00e0 h\u01b0\u01a1ng v\u1ecb nguy\u00ean b\u1ea3n. Ngay c\u1ea3 khi \u0111\u01b0\u1ee3c b\u1ea3o qu\u1ea3n trong th\u1eddi gian d\u00e0i, cranberry \u0111\u00f4ng l\u1ea1nh v\u1eabn mang \u0111\u1ebfn c\u1ea3m gi\u00e1c t\u01b0\u01a1i m\u1edbi nh\u01b0 v\u1eeba \u0111\u01b0\u1ee3c h\u00e1i tr\u1ef1c ti\u1ebfp t\u1eeb nh\u1eefng \u0111\u1ea7m l\u1ea7y tr\u00e0n ng\u1eadp \u00e1nh n\u1eafng \u1edf x\u1ee9 l\u1ea1nh. Khi th\u01b0\u1edfng th\u1ee9c, v\u1ecb chua thanh \u0111\u1eb7c tr\u01b0ng lan t\u1ecfa nhanh ch\u00f3ng, mang l\u1ea1i s\u1ef1 s\u1ea3ng kho\u00e1i kh\u00f3 qu\u00ean.<\/p>\n<p data-start=\"894\" data-end=\"1399\"><img decoding=\"async\" class=\"aligncenter\" src=\"https:\/\/havamall.com\/wp-content\/uploads\/2025\/09\/frozen-cranberries-1.png\" alt=\"13 Tasty Tart Recipes That Use Frozen Cranberries\" width=\"800\" height=\"533\" \/><\/p>\n<p data-start=\"1401\" data-end=\"1925\">Kh\u00f4ng ch\u1ec9 h\u1ea5p d\u1eabn b\u1edfi h\u01b0\u01a1ng v\u1ecb, nam vi\u1ec7t qu\u1ea5t c\u00f2n ch\u1ee9a nhi\u1ec1u d\u01b0\u1ee1ng ch\u1ea5t c\u00f3 l\u1ee3i cho s\u1ee9c kh\u1ecfe m\u00e0 \u0111\u00e2y c\u00f2n l\u00e0 ngu\u1ed3n vitamin C d\u1ed3i d\u00e0o, \u0111\u1ed3ng th\u1eddi gi\u00e0u ch\u1ea5t x\u01a1 v\u00e0 c\u00e1c h\u1ee3p ch\u1ea5t ch\u1ed1ng oxy h\u00f3a m\u1ea1nh m\u1ebd, ch\u1ee9a nh\u00f3m ho\u1ea1t ch\u1ea5t proanthocyanidin, n\u1ed5i ti\u1ebfng v\u1edbi kh\u1ea3 n\u0103ng h\u1ed7 tr\u1ee3 b\u1ea3o v\u1ec7 \u0111\u01b0\u1eddng ti\u1ebft ni\u1ec7u, \u0111\u1ed3ng th\u1eddi gi\u00fap t\u0103ng c\u01b0\u1eddng s\u1ee9c kh\u1ecfe tim m\u1ea1ch v\u00e0 c\u1ea3i thi\u1ec7n \u0111\u1ed9 \u0111\u00e0n h\u1ed3i cho l\u00e0n da.<\/p>\n<p data-start=\"1401\" data-end=\"1925\"><img decoding=\"async\" class=\"aligncenter\" src=\"https:\/\/havamall.com\/wp-content\/uploads\/2025\/09\/Shrub-with-clusters-of-red-berries-on-green-foliage.jpg\" alt=\"How to Plant, Grow, and Care for Cranberry Plants\" width=\"800\" height=\"450\" \/><\/p>\n<p data-start=\"1927\" data-end=\"2560\">V\u1edbi d\u1ea1ng \u0111\u00f4ng l\u1ea1nh, cranberry c\u00f3 th\u1ec3 \u0111\u01b0\u1ee3c b\u1ea3o qu\u1ea3n l\u00e2u d\u00e0i m\u00e0 v\u1eabn gi\u1eef nguy\u00ean h\u01b0\u01a1ng v\u1ecb v\u00e0 d\u01b0\u1ee1ng ch\u1ea5t, ch\u1ec9 c\u1ea7n m\u1edf t\u1ee7 l\u1ea1nh, ng\u01b0\u1eddi d\u00f9ng \u0111\u00e3 c\u00f3 ngay nguy\u00ean li\u1ec7u phong ph\u00fa \u0111\u1ec3 s\u00e1ng t\u1ea1o ra v\u00f4 s\u1ed1 m\u00f3n \u0103n: th\u00eam v\u00e0o b\u00e1t ng\u0169 c\u1ed1c bu\u1ed5i s\u00e1ng \u0111\u1ec3 kh\u1edfi \u0111\u1ea7u ng\u00e0y m\u1edbi \u0111\u1ea7y n\u0103ng l\u01b0\u1ee3ng, tr\u1ed9n c\u00f9ng s\u1eefa chua v\u00e0 c\u00e1c lo\u1ea1i h\u1ea1t \u0111\u1ec3 c\u00f3 m\u00f3n \u0103n v\u1eb7t b\u1ed5 d\u01b0\u1ee1ng, hay ch\u1ebf bi\u1ebfn th\u00e0nh s\u1ed1t cranberry d\u00f9ng k\u00e8m th\u1ecbt n\u01b0\u1edbng v\u00e0 ph\u00f4 mai, ngo\u00e0i ra nam vi\u1ec7t qu\u1ea5t \u0111\u00f4ng l\u1ea1nh c\u0169ng l\u00e0 nguy\u00ean li\u1ec7u tuy\u1ec7t v\u1eddi cho c\u00e1c lo\u1ea1i b\u00e1nh ng\u1ecdt, smoothie hay cocktail, mang l\u1ea1i s\u1ef1 c\u00e2n b\u1eb1ng h\u01b0\u01a1ng v\u1ecb gi\u1eefa chua, ng\u1ecdt v\u00e0 b\u00e9o ng\u1eady.<\/p>\n<p data-start=\"1927\" data-end=\"2560\"><img loading=\"lazy\" decoding=\"async\" class=\"aligncenter\" src=\"https:\/\/www.honeyandbirch.com\/wp-content\/uploads\/2023\/11\/baked-goat-cheese-roasted-cranberry-appetizer-2.jpg.webp\" alt=\"Baked Goat Cheese Roasted Cranberry Appetizer\" width=\"801\" height=\"1202\" \/><\/p>\n<p data-start=\"2919\" data-end=\"3483\">Nam Vi\u1ec7t Qu\u1ea5t \u0110\u00f4ng L\u1ea1nh Aro kh\u00f4ng ch\u1ec9 l\u00e0 nguy\u00ean li\u1ec7u ti\u1ec7n l\u1ee3i m\u00e0 c\u00f2n l\u00e0 ng\u01b0\u1eddi b\u1ea1n \u0111\u1ed3ng h\u00e0nh trong h\u00e0nh tr\u00ecnh h\u01b0\u1edbng \u0111\u1ebfn l\u1ed1i s\u1ed1ng c\u00e2n b\u1eb1ng v\u00e0 l\u00e0nh m\u1ea1nh. M\u1ed7i qu\u1ea3 nam vi\u1ec7t qu\u1ea5t nh\u1ecf b\u00e9 nh\u01b0 ch\u1ee9a \u0111\u1ef1ng c\u1ea3 m\u1ed9t kho n\u0103ng l\u01b0\u1ee3ng v\u00e0 dinh d\u01b0\u1ee1ng, gi\u00fap n\u00e2ng t\u1ea7m tr\u1ea3i nghi\u1ec7m \u1ea9m th\u1ef1c h\u1eb1ng ng\u00e0y. T\u1eeb gian b\u1ebfp gia \u0111\u00ecnh \u0111\u1ebfn nh\u1eefng nh\u00e0 h\u00e0ng chuy\u00ean nghi\u1ec7p, cranberry \u0111\u00f4ng l\u1ea1nh lu\u00f4n \u0111\u01b0\u1ee3c tin t\u01b0\u1edfng \u0111\u1ec3 mang \u0111\u1ebfn s\u1ef1 kh\u00e1c bi\u1ec7t cho m\u00f3n \u0103n. V\u00e0 h\u01a1n h\u1ebft, s\u1ef1 an t\u00e2m v\u1ec1 ch\u1ea5t l\u01b0\u1ee3ng c\u00f9ng t\u00ednh ti\u1ec7n l\u1ee3i khi s\u1eed d\u1ee5ng \u0111\u00e3 khi\u1ebfn cho Nam Vi\u1ec7t Qu\u1ea5t \u0110\u00f4ng L\u1ea1nh Aro tr\u1edf th\u00e0nh l\u1ef1a ch\u1ecdn \u0111\u00e1ng gi\u00e1 trong m\u1ecdi c\u0103n b\u1ebfp, hi\u1ec7n \u0111ang \u0111\u01b0\u1ee3c b\u00e1n t\u1ea1i Havamall.<\/p>","protected":false},"excerpt":{"rendered":"<p><b>L\u01afU \u00dd QUAN TR\u1eccNG: <span style=\"font-size: 18pt\">\u0110\u00c2Y L\u00c0 S\u1ea2N PH\u1ea8M \u0110\u00d4NG L\u1ea0NH<\/span><\/b><\/p>\n<ul>\n<li>\u0110\u1ec3 \u0111\u1ea3m b\u1ea3o ch\u1ea5t l\u01b0\u1ee3ng, c\u00e1c s\u1ea3n ph\u1ea9m tr\u00e1i c\u00e2y \u0111\u00f4ng l\u1ea1nh\u00a0<b>ch\u1ec9 \u0111\u01b0\u1ee3c giao h\u1ecfa t\u1ed1c<\/b>\u00a0trong khu v\u1ef1c\u00a0<strong>TP.HCM<\/strong>.<\/li>\n<li><b>Ph\u00ed ship:<\/b>\n<ul>\n<li>D\u01b0\u1edbi 5km: 30.000\u20ab<\/li>\n<li>Tr\u00ean 5km: Ph\u00ed giao h\u00e0ng s\u1ebd t\u00ednh theo gi\u00e1 c\u1ee7a \u1ee9ng d\u1ee5ng d\u1ecbch v\u1ee5 v\u1eadn chuy\u1ec3n.<\/li>\n<\/ul>\n<\/li>\n<li><b>\u0110\u1ecba ch\u1ec9 c\u1eeda h\u00e0ng:<\/b>\u00a0H\u1ebbm 112, s\u1ed1 114A B\u1ea1ch \u0110\u1eb1ng, Ph\u01b0\u1eddng 2, Qu\u1eadn T\u00e2n B\u00ecnh. B\u1ea1n c\u00f3 th\u1ec3 ki\u1ec3m tra kho\u1ea3ng c\u00e1ch tr\u01b0\u1edbc khi \u0111\u1eb7t h\u00e0ng.<\/li>\n<li><b>Mi\u1ec5n ph\u00ed ship<\/b>\u00a0cho \u0111\u01a1n t\u1eeb 4kg ho\u1eb7c 1.500.000\u20ab.\u00a0<strong><em>RI\u00caNG:<\/em><\/strong>\u00a0H\u1ed7 tr\u1ee3\u00a0<strong><em>t\u1ed1i \u0111a<\/em><\/strong>\u00a0<b>30.000\u20ab<\/b>\u00a0ph\u00ed ship cho \u0111\u01a1n \u0111i c\u00e1c\u00a0<em><strong>khu v\u1ef1c xa nh\u01b0 H\u00f3c M\u00f4n, C\u1ee7 Chi, Qu\u1eadn 9<\/strong><\/em>. Qu\u00fd kh\u00e1ch\u00a0<strong>vui l\u00f2ng chuy\u1ec3n kho\u1ea3n tr\u01b0\u1edbc ti\u1ec1n ship ho\u1eb7c ti\u1ec1n h\u00e0ng.<\/strong><\/li>\n<\/ul>","protected":false},"featured_media":42158,"comment_status":"open","ping_status":"closed","template":"","meta":[],"product_brand":[],"product_cat":[725,684],"product_tag":[],"class_list":{"0":"post-42157","1":"product","2":"type-product","3":"status-publish","4":"has-post-thumbnail","6":"product_cat-nhap-khau-trung-quoc","7":"product_cat-trai-cay-dong-lanh","8":"pa_brand-aro","10":"first","11":"instock","12":"sale","13":"shipping-taxable","14":"purchasable","15":"product-type-simple"},"_links":{"self":[{"href":"https:\/\/havamall.com\/en\/wp-json\/wp\/v2\/product\/42157","targetHints":{"allow":["GET"]}}],"collection":[{"href":"https:\/\/havamall.com\/en\/wp-json\/wp\/v2\/product"}],"about":[{"href":"https:\/\/havamall.com\/en\/wp-json\/wp\/v2\/types\/product"}],"replies":[{"embeddable":true,"href":"https:\/\/havamall.com\/en\/wp-json\/wp\/v2\/comments?post=42157"}],"version-history":[{"count":0,"href":"https:\/\/havamall.com\/en\/wp-json\/wp\/v2\/product\/42157\/revisions"}],"wp:featuredmedia":[{"embeddable":true,"href":"https:\/\/havamall.com\/en\/wp-json\/wp\/v2\/media\/42158"}],"wp:attachment":[{"href":"https:\/\/havamall.com\/en\/wp-json\/wp\/v2\/media?parent=42157"}],"wp:term":[{"taxonomy":"product_brand","embeddable":true,"href":"https:\/\/havamall.com\/en\/wp-json\/wp\/v2\/product_brand?post=42157"},{"taxonomy":"product_cat","embeddable":true,"href":"https:\/\/havamall.com\/en\/wp-json\/wp\/v2\/product_cat?post=42157"},{"taxonomy":"product_tag","embeddable":true,"href":"https:\/\/havamall.com\/en\/wp-json\/wp\/v2\/product_tag?post=42157"}],"curies":[{"name":"wp","href":"https:\/\/api.w.org\/{rel}","templated":true}]}}