{"id":42182,"date":"2025-09-21T14:00:44","date_gmt":"2025-09-21T07:00:44","guid":{"rendered":"https:\/\/havamall.com\/?post_type=product&#038;p=42182"},"modified":"2025-09-21T14:00:44","modified_gmt":"2025-09-21T07:00:44","slug":"keo-caramel-muoi-morinaga-83g-morinaga-salted-caramel","status":"publish","type":"product","link":"https:\/\/havamall.com\/en\/shop\/keo-caramel-muoi-morinaga-83g-morinaga-salted-caramel\/","title":{"rendered":"K\u1eb9o Caramel Mu\u1ed1i Morinaga 83g \u2013 Morinaga Salted Caramel"},"content":{"rendered":"<blockquote>\n<h2><em><strong>TH\u00d4NG TIN CHUNG<\/strong><\/em><\/h2>\n<\/blockquote>\n<table style=\"width: 68.0397%;height: 300px\">\n<tbody>\n<tr>\n<td><b>Th\u01b0\u01a1ng hi\u1ec7u<\/b><\/td>\n<td>Morinaga<\/td>\n<\/tr>\n<tr>\n<td><b>Xu\u1ea5t x\u1ee9<\/b><\/td>\n<td>Nh\u1eadt B\u1ea3n<\/td>\n<\/tr>\n<tr>\n<td><b>Th\u00e0nh ph\u1ea7n<\/b><\/td>\n<td>K\u1eb9o caramen (\u0111\u01b0\u1ee3c l\u00e0m t\u1eeb s\u1eefa), mu\u1ed1i \u0111\u00e1 Ph\u00e1p<\/td>\n<\/tr>\n<tr>\n<td><b>H\u1ea1n s\u1eed d\u1ee5ng<\/b><\/td>\n<td>Xem tr\u1ef1c ti\u1ebfp tr\u00ean bao b\u00ec<\/td>\n<\/tr>\n<tr>\n<td><b>B\u1ea3o qu\u1ea3n<\/b><\/td>\n<td>B\u1ea3o qu\u1ea3n n\u01a1i kh\u00f4 r\u00e1o, tho\u00e1ng m\u00e1t<\/td>\n<\/tr>\n<tr>\n<td><b>Kh\u1ed1i l\u01b0\u1ee3ng<\/b><\/td>\n<td>83g<\/td>\n<\/tr>\n<\/tbody>\n<\/table>\n<p>Trong th\u1ebf gi\u1edbi b\u00e1nh k\u1eb9o Nh\u1eadt B\u1ea3n, n\u01a1i m\u00e0 s\u1ef1 tinh t\u1ebf trong h\u01b0\u01a1ng v\u1ecb lu\u00f4n \u0111\u01b0\u1ee3c \u0111\u1eb7t l\u00ean h\u00e0ng \u0111\u1ea7u, k\u1eb9o caramel mu\u1ed1i Morinaga l\u00e0 m\u1ed9t \u0111i\u1ec3m nh\u1ea5n kh\u00f3 qu\u00ean. Ngay t\u1eeb bao b\u00ec, s\u1eafc xanh ch\u1ee7 \u0111\u1ea1o k\u1ebft h\u1ee3p v\u1edbi \u0111\u1ecf tr\u1eafng g\u1ee3i nh\u1edb \u0111\u1ebfn phong c\u00e1ch ch\u00e2u \u00c2u, nh\u01b0 m\u1ed9t l\u1eddi g\u1ee3i m\u1edf v\u1ec1 h\u01b0\u01a1ng v\u1ecb caramel truy\u1ec1n th\u1ed1ng k\u1ebft h\u1ee3p c\u00f9ng mu\u1ed1i kho\u00e1ng \u0111\u1eb7c bi\u1ec7t t\u1eeb v\u00f9ng Lorraine c\u1ee7a Ph\u00e1p. Ch\u1ec9 c\u1ea7n nh\u00ecn h\u00ecnh \u1ea3nh tr\u00ean g\u00f3i, n\u01a1i t\u1eebng vi\u00ean caramel vu\u00f4ng v\u1ee9c \u00f3ng \u00e1nh m\u00e0u n\u00e2u v\u00e0ng \u0111ang \u0111\u01b0\u1ee3c ph\u1ee7 th\u00eam l\u1edbp mu\u1ed1i tinh th\u1ec3 tr\u1eafng nh\u1ecf xinh, \u0111\u00e3 \u0111\u1ee7 g\u1ee3i c\u1ea3m gi\u00e1c mu\u1ed1n th\u01b0\u1edfng th\u1ee9c ngay l\u1eadp t\u1ee9c.<\/p>\n<p><img fetchpriority=\"high\" decoding=\"async\" class=\"aligncenter  wp-image-42184\" src=\"https:\/\/havamall.com\/wp-content\/uploads\/2025\/09\/26993db94635b9c47bd56fffe66ddb3c-scaled.jpg\" alt=\"\" width=\"800\" height=\"800\" srcset=\"https:\/\/havamall.com\/wp-content\/uploads\/2025\/09\/26993db94635b9c47bd56fffe66ddb3c-scaled.jpg 2560w, https:\/\/havamall.com\/wp-content\/uploads\/2025\/09\/26993db94635b9c47bd56fffe66ddb3c-300x300.jpg 300w, https:\/\/havamall.com\/wp-content\/uploads\/2025\/09\/26993db94635b9c47bd56fffe66ddb3c-150x150.jpg 150w, https:\/\/havamall.com\/wp-content\/uploads\/2025\/09\/26993db94635b9c47bd56fffe66ddb3c-12x12.jpg 12w, https:\/\/havamall.com\/wp-content\/uploads\/2025\/09\/26993db94635b9c47bd56fffe66ddb3c-600x600.jpg 600w, https:\/\/havamall.com\/wp-content\/uploads\/2025\/09\/26993db94635b9c47bd56fffe66ddb3c-1200x1200.jpg 1200w\" sizes=\"(max-width: 800px) 100vw, 800px\" \/><\/p>\n<p>M\u1ed7i vi\u00ean caramel mang h\u00ecnh kh\u1ed1i vu\u00f4ng nh\u1ecf g\u1ecdn, b\u1ec1 m\u1eb7t l\u00e1ng m\u1ecbn, c\u00f3 \u0111\u1ed9 m\u1ec1m d\u1ebbo v\u1eeba ph\u1ea3i nh\u01b0ng kh\u00f4ng d\u00ednh tay, khi c\u1eafn nh\u1eb9 s\u1ebd t\u1eeb t\u1eeb tan ra trong mi\u1ec7ng. V\u1ecb ng\u1ecdt ng\u00e0o b\u00e9o ng\u1eady t\u1eeb s\u1eefa v\u00e0 \u0111\u01b0\u1eddng \u0111\u01b0\u1ee3c n\u1ea5u ch\u1ea3y \u0111\u1ebfn \u0111\u1ed9 ho\u00e0n h\u1ea3o h\u00f2a quy\u1ec7n c\u00f9ng ch\u00fat m\u1eb1n m\u1eb7n t\u1eeb mu\u1ed1i kho\u00e1ng, t\u1ea1o n\u00ean s\u1ef1 c\u00e2n b\u1eb1ng tinh t\u1ebf. Kh\u00f4ng ph\u1ea3i l\u00e0 v\u1ecb caramel ng\u1ecdt g\u1eaft th\u01b0\u1eddng th\u1ea5y, Morinaga \u0111\u00e3 kh\u00e9o l\u00e9o ti\u1ebft ch\u1ebf \u0111\u1ed9 ng\u1ecdt \u0111\u1ec3 mu\u1ed1i n\u1ed5i b\u1eadt l\u00ean nh\u01b0 m\u1ed9t n\u1ed1t nh\u1ea5n, khi\u1ebfn t\u1ed5ng th\u1ec3 h\u01b0\u01a1ng v\u1ecb v\u1eeba \u0111\u1eadm \u0111\u00e0, v\u1eeba tinh t\u1ebf, v\u1eeba g\u1ee3i c\u1ea3m gi\u00e1c thanh tho\u00e1t \u1edf h\u1eadu v\u1ecb.<\/p>\n<p><img decoding=\"async\" class=\"aligncenter size-full wp-image-42185\" src=\"https:\/\/havamall.com\/wp-content\/uploads\/2025\/09\/5acdb6663ae5abbf25efa5212a64235a.jpg\" alt=\"\" width=\"800\" height=\"800\" srcset=\"https:\/\/havamall.com\/wp-content\/uploads\/2025\/09\/5acdb6663ae5abbf25efa5212a64235a.jpg 800w, https:\/\/havamall.com\/wp-content\/uploads\/2025\/09\/5acdb6663ae5abbf25efa5212a64235a-300x300.jpg 300w, https:\/\/havamall.com\/wp-content\/uploads\/2025\/09\/5acdb6663ae5abbf25efa5212a64235a-150x150.jpg 150w, https:\/\/havamall.com\/wp-content\/uploads\/2025\/09\/5acdb6663ae5abbf25efa5212a64235a-12x12.jpg 12w, https:\/\/havamall.com\/wp-content\/uploads\/2025\/09\/5acdb6663ae5abbf25efa5212a64235a-600x600.jpg 600w\" sizes=\"(max-width: 800px) 100vw, 800px\" \/><\/p>\n<p>Morinaga l\u1ef1a ch\u1ecdn mu\u1ed1i kho\u00e1ng t\u1eeb Lorraine \u2013 m\u1ed9t v\u00f9ng n\u1ed5i ti\u1ebfng \u1edf Ph\u00e1p v\u1edbi lo\u1ea1i mu\u1ed1i gi\u00e0u kho\u00e1ng ch\u1ea5t t\u1ef1 nhi\u00ean nh\u01b0 magie, canxi v\u00e0 kali. Ch\u00ednh y\u1ebfu t\u1ed1 n\u00e0y gi\u00fap v\u1ecb m\u1eb7n kh\u00f4ng ch\u1ec9 \u0111\u01a1n thu\u1ea7n l\u00e0 \u0111i\u1ec3m nh\u1ea5n trong h\u01b0\u01a1ng v\u1ecb, m\u00e0 c\u00f2n g\u00f3p ph\u1ea7n mang l\u1ea1i l\u1ee3i \u00edch cho s\u1ee9c kh\u1ecfe khi d\u00f9ng \u1edf m\u1ee9c v\u1eeba ph\u1ea3i. S\u1ef1 k\u1ebft h\u1ee3p gi\u1eefa caramel ng\u1ecdt d\u1ecbu v\u00e0 mu\u1ed1i kho\u00e1ng m\u1eb7n m\u00e0 khi\u1ebfn m\u1ed7i vi\u00ean k\u1eb9o tr\u1edf th\u00e0nh m\u1ed9t tr\u1ea3i nghi\u1ec7m tr\u1ecdn v\u1eb9n, khi\u1ebfn ng\u01b0\u1eddi \u0103n kh\u00f3 l\u00f2ng d\u1eebng l\u1ea1i \u1edf m\u1ed9t vi\u00ean duy nh\u1ea5t.<\/p>\n<p><img decoding=\"async\" class=\"aligncenter  wp-image-42186\" src=\"https:\/\/havamall.com\/wp-content\/uploads\/2025\/09\/trans.jpg\" alt=\"\" width=\"800\" height=\"800\" srcset=\"https:\/\/havamall.com\/wp-content\/uploads\/2025\/09\/trans.jpg 830w, https:\/\/havamall.com\/wp-content\/uploads\/2025\/09\/trans-300x300.jpg 300w, https:\/\/havamall.com\/wp-content\/uploads\/2025\/09\/trans-150x150.jpg 150w, https:\/\/havamall.com\/wp-content\/uploads\/2025\/09\/trans-12x12.jpg 12w, https:\/\/havamall.com\/wp-content\/uploads\/2025\/09\/trans-600x600.jpg 600w\" sizes=\"(max-width: 800px) 100vw, 800px\" \/><\/p>\n<p>\u0110\u1ed9 c\u00e2n b\u1eb1ng trong k\u1ebft c\u1ea5u c\u1ee7a vi\u00ean k\u1eb9o kh\u00f4ng qu\u00e1 c\u1ee9ng khi\u1ebfn ph\u1ea3i nhai m\u1ea1nh, c\u0169ng kh\u00f4ng qu\u00e1 m\u1ec1m \u0111\u1ec3 tan ch\u1ea3y ngay, vi\u00ean caramel gi\u1eef \u0111\u01b0\u1ee3c \u0111\u1ed9 d\u1ebbo dai v\u1eeba v\u1eb7n, cho ph\u00e9p ng\u01b0\u1eddi \u0103n t\u1eeb t\u1eeb th\u01b0\u1edfng th\u1ee9c v\u00e0 c\u1ea3m nh\u1eadn r\u00f5 r\u1ec7t t\u1eebng l\u1edbp h\u01b0\u01a1ng v\u1ecb, khi l\u1edbp ng\u1ecdt d\u1ecbu d\u1ea7n m\u1edf ra, mu\u1ed1i kho\u00e1ng b\u1eaft \u0111\u1ea7u n\u1ed5i l\u00ean, r\u1ed3i hai h\u01b0\u01a1ng v\u1ecb h\u00f2a quy\u1ec7n, t\u1ea1o n\u00ean s\u1ef1 \u0111\u1ed1i l\u1eadp th\u00fa v\u1ecb nh\u01b0ng \u0111\u1ed3ng th\u1eddi th\u1ed1ng nh\u1ea5t ho\u00e0n h\u1ea3o.<\/p>\n<p><img loading=\"lazy\" decoding=\"async\" class=\"aligncenter size-full wp-image-42187\" src=\"https:\/\/havamall.com\/wp-content\/uploads\/2025\/09\/616e5fb1a78d3ca74dd5314c9bada531.jpg\" alt=\"\" width=\"800\" height=\"800\" srcset=\"https:\/\/havamall.com\/wp-content\/uploads\/2025\/09\/616e5fb1a78d3ca74dd5314c9bada531.jpg 800w, https:\/\/havamall.com\/wp-content\/uploads\/2025\/09\/616e5fb1a78d3ca74dd5314c9bada531-300x300.jpg 300w, https:\/\/havamall.com\/wp-content\/uploads\/2025\/09\/616e5fb1a78d3ca74dd5314c9bada531-150x150.jpg 150w, https:\/\/havamall.com\/wp-content\/uploads\/2025\/09\/616e5fb1a78d3ca74dd5314c9bada531-12x12.jpg 12w, https:\/\/havamall.com\/wp-content\/uploads\/2025\/09\/616e5fb1a78d3ca74dd5314c9bada531-600x600.jpg 600w\" sizes=\"(max-width: 800px) 100vw, 800px\" \/><\/p>\n<p>T\u1eeb h\u00ecnh d\u00e1ng vu\u00f4ng v\u1eafn m\u1ec1m m\u1ecbn, m\u00e0u caramel \u00f3ng \u00e1nh, h\u01b0\u01a1ng v\u1ecb ng\u1ecdt m\u1eb7n c\u00e2n b\u1eb1ng, cho \u0111\u1ebfn s\u1ef1 ti\u1ec7n d\u1ee5ng trong t\u1eebng g\u00f3i nh\u1ecf, k\u1eb9o caramel mu\u1ed1i Morinaga h\u1ed9i t\u1ee5 \u0111\u1ea7y \u0111\u1ee7 nh\u1eefng y\u1ebfu t\u1ed1 \u0111\u1ec3 tr\u1edf th\u00e0nh m\u00f3n \u0103n v\u1eb7t v\u1eeba ngon mi\u1ec7ng, v\u1eeba tinh t\u1ebf, v\u1eeba \u00fd ngh\u0129a. Hi\u1ec7n \u0111ang \u0111\u01b0\u1ee3c b\u00e1n t\u1ea1i Havamall.<\/p>","protected":false},"excerpt":{"rendered":"<h3>\u0110\u1eccC K\u1ef8 ~ Ch\u00ednh s\u00e1ch giao h\u00e0ng t\u1ea1i Havamall<\/h3>\n<h4><b>1. Giao h\u00e0ng t\u1ea1i TP.HCM<\/b><\/h4>\n<ul>\n<li><b>\u0110\u1ed3 \u0111\u00f4ng l\u1ea1nh v\u00e0 tr\u00e1i c\u00e2y (B\u1eaft Bu\u1ed9c H\u1ecfa t\u1ed1c):<\/b>\n<ul>\n<li>Ph\u00ed\u00a0<strong><em>ship d\u01b0\u1edbi 5km<\/em><\/strong>\u00a0l\u00e0\u00a0<b>30.000\u20ab<\/b>.\u00a0<strong><em>Tr\u00ean 5km<\/em><\/strong>, ph\u00ed ship\u00a0<strong><em>t\u00ednh theo app.\u00a0<\/em><\/strong>C\u1eeda h\u00e0ng:\u00a0<strong><em>H\u1ebbm 112, s\u1ed1 114A B\u1ea1ch \u0110\u1eb1ng, P.2, Q. T\u00e2n B\u00ecnh.\u00a0<\/em><\/strong><em>Kh\u00e1ch h\u00e0ng c\u00f3 th\u1ec3 t\u1ef1 ki\u1ec3m tra kho\u1ea3ng c\u00e1ch tr\u01b0\u1edbc khi \u0111\u1eb7t.<\/em><\/li>\n<li><b>Mi\u1ec5n ph\u00ed ship<\/b>\u00a0cho \u0111\u01a1n t\u1eeb 4kg ho\u1eb7c 1.500.000\u20ab.\u00a0<strong><em>RI\u00caNG:<\/em><\/strong>\u00a0H\u1ed7 tr\u1ee3\u00a0<strong><em>t\u1ed1i \u0111a<\/em><\/strong>\u00a0<b>30.000\u20ab<\/b>\u00a0ph\u00ed ship cho \u0111\u01a1n \u0111i c\u00e1c\u00a0<em><strong>khu v\u1ef1c xa nh\u01b0 H\u00f3c M\u00f4n, C\u1ee7 Chi, Qu\u1eadn 9<\/strong><\/em>. Qu\u00fd kh\u00e1ch\u00a0<strong>vui l\u00f2ng chuy\u1ec3n kho\u1ea3n tr\u01b0\u1edbc ti\u1ec1n ship ho\u1eb7c ti\u1ec1n h\u00e0ng.<\/strong><\/li>\n<\/ul>\n<\/li>\n<li><b>\u0110\u1ed3 kh\u00f4 (Giao trong 1-2 ng\u00e0y sau khi \u0111\u01b0\u1ee3c g\u1ecdi x\u00e1c nh\u1eadn \u0111\u01a1n):<\/b>\n<ul>\n<li><b>Mi\u1ec5n ph\u00ed ship<\/b>\u00a0v\u1edbi \u0111\u01a1n\u00a0<em><strong>tr\u00ean 500.000\u20ab.\u00a0<\/strong>C<\/em>\u00e1c \u0111\u01a1n\u00a0<strong><em>d\u01b0\u1edbi 500.000\u20ab<\/em><\/strong>, ph\u00ed ship l\u00e0\u00a0<b>30.000\u20ab<\/b>.\u00a0<strong>Kh\u00f4ng \u00e1p d\u1ee5ng cho \u0111\u01a1n s\u1ec9, \u0111\u01a1n h\u00e0ng tr\u00ean 10kg, \u0111\u1ed3 \u0111\u00f4ng l\u1ea1nh ho\u1eb7c tr\u00e1i c\u00e2y.<\/strong><\/li>\n<\/ul>\n<\/li>\n<\/ul>\n<h4><b>2. Giao h\u00e0ng to\u00e0n qu\u1ed1c ( Ch\u1ec9\u00a0<\/b><b>\u0110\u1ed3 kh\u00f4: nh\u1eadn h\u00e0ng sau 3 \u2013 5 ng\u00e0y)<\/b><\/h4>\n<ul>\n<li><em>*Kh\u00f4ng \u00e1p d\u1ee5ng cho \u0111\u01a1n s\u1ec9, \u0111\u01a1n h\u00e0ng tr\u00ean 10kg*:\u00a0<\/em>Ph\u00ed ship m\u1eb7c \u0111\u1ecbnh\u00a0<b>30.000\u20ab.\u00a0<\/b>\u0110\u01a1n h\u00e0ng\u00a0<strong><em>tr\u00ean 2.000.000\u20ab ch\u1ec9 ch\u1ea5p nh\u1eadn thanh to\u00e1n chuy\u1ec3n kho\u1ea3n.<\/em><\/strong><\/li>\n<\/ul>\n<h4><b>3. L\u01b0u \u00fd chung<\/b><\/h4>\n<ul>\n<li>C\u00e1c m\u1eb7t h\u00e0ng c\u1ed3ng k\u1ec1nh, n\u1eb7ng tr\u00ean 5kg c\u00f3 th\u1ec3 ph\u00e1t sinh ph\u1ee5 ph\u00ed.<\/li>\n<li>M\u1ecdi th\u1eafc m\u1eafc kh\u00e1c vui l\u00f2ng li\u00ean h\u1ec7\u00a0<b>Hotline: 0946229642<\/b>\u00a0\u0111\u1ec3 \u0111\u01b0\u1ee3c h\u1ed7 tr\u1ee3.<\/li>\n<\/ul>","protected":false},"featured_media":42183,"comment_status":"open","ping_status":"closed","template":"","meta":[],"product_brand":[],"product_cat":[133,722],"product_tag":[],"class_list":{"0":"post-42182","1":"product","2":"type-product","3":"status-publish","4":"has-post-thumbnail","6":"product_cat-banh-keo-chocolate","7":"product_cat-nhap-khau-nhat-ban","9":"first","10":"instock","11":"sale","12":"shipping-taxable","13":"purchasable","14":"product-type-simple"},"_links":{"self":[{"href":"https:\/\/havamall.com\/en\/wp-json\/wp\/v2\/product\/42182","targetHints":{"allow":["GET"]}}],"collection":[{"href":"https:\/\/havamall.com\/en\/wp-json\/wp\/v2\/product"}],"about":[{"href":"https:\/\/havamall.com\/en\/wp-json\/wp\/v2\/types\/product"}],"replies":[{"embeddable":true,"href":"https:\/\/havamall.com\/en\/wp-json\/wp\/v2\/comments?post=42182"}],"version-history":[{"count":0,"href":"https:\/\/havamall.com\/en\/wp-json\/wp\/v2\/product\/42182\/revisions"}],"wp:featuredmedia":[{"embeddable":true,"href":"https:\/\/havamall.com\/en\/wp-json\/wp\/v2\/media\/42183"}],"wp:attachment":[{"href":"https:\/\/havamall.com\/en\/wp-json\/wp\/v2\/media?parent=42182"}],"wp:term":[{"taxonomy":"product_brand","embeddable":true,"href":"https:\/\/havamall.com\/en\/wp-json\/wp\/v2\/product_brand?post=42182"},{"taxonomy":"product_cat","embeddable":true,"href":"https:\/\/havamall.com\/en\/wp-json\/wp\/v2\/product_cat?post=42182"},{"taxonomy":"product_tag","embeddable":true,"href":"https:\/\/havamall.com\/en\/wp-json\/wp\/v2\/product_tag?post=42182"}],"curies":[{"name":"wp","href":"https:\/\/api.w.org\/{rel}","templated":true}]}}